{"id":12054,"date":"2021-09-23T06:12:44","date_gmt":"2021-09-23T04:12:44","guid":{"rendered":"https:\/\/www.agilelabs.co.za\/?page_id=12054"},"modified":"2025-02-02T11:18:47","modified_gmt":"2025-02-02T09:18:47","slug":"feature-benefits-for-the-pipeline-transportation-industry","status":"publish","type":"page","link":"https:\/\/www.agilelabs.co.za\/tr\/feature-benefits-for-the-pipeline-transportation-industry\/","title":{"rendered":"Boru Hatt\u0131 Ta\u015f\u0131mac\u0131l\u0131\u011f\u0131 sekt\u00f6r\u00fc"},"content":{"rendered":"<p><\/p>\n\n\n\n<ul class=\"wp-block-list\">\n<li>ProCalV5, \u015firketlerin kalibrasyon uygulamalar\u0131n\u0131 otomatikle\u015ftirmesine ve standart hale getirmesine yard\u0131mc\u0131 olur. Ka\u011f\u0131ttan ka\u011f\u0131ts\u0131za ge\u00e7i\u015f, \u00fcretkenli\u011fi art\u0131racak ve i\u015fletme maliyetlerini d\u00fc\u015f\u00fcrecektir.<\/li>\n\n\n\n<li>\u0130ste\u011fe ba\u011fl\u0131 Mobil \u0130\u015f \u0130stasyonu lisanslar\u0131, tabletler ve Fluke belgeleme kalibrat\u00f6rleri ile saha kullan\u0131m\u0131 i\u00e7in tam program aray\u00fcz\u00fcne \u00e7evrimd\u0131\u015f\u0131 eri\u015fim sa\u011flar.<\/li>\n\n\n\n<li>Program bir veya daha fazla bireysel hesab\u0131 destekleyebilir. T\u00fcm hesaplar ayn\u0131 \u015fekilde yap\u0131land\u0131r\u0131labilir veya yerel gereksinimlere g\u00f6re baz\u0131lar\u0131 de\u011fi\u015ftirilebilir. Copy Company mod\u00fcl\u00fc, yeni site hesaplar\u0131n\u0131n eklenmesini ve yap\u0131land\u0131r\u0131lmas\u0131n\u0131 kolayla\u015ft\u0131rmaya yard\u0131mc\u0131 olmak i\u00e7in \u015fablon tabanl\u0131 g\u00fc\u00e7l\u00fc bir ara\u00e7 sa\u011flar.<\/li>\n\n\n\n<li>Daha fazla sistem kullan\u0131c\u0131s\u0131 eklemenin ek maliyeti yoktur.<\/li>\n\n\n\n<li>\u00c7o\u011fu program alan\u0131 etiketi, istenen terminolojiye uyacak \u015fekilde de\u011fi\u015ftirilebilir. M\u00fc\u015fteriye \u00f6zel bilgi ve i\u015f ak\u0131\u015f\u0131n\u0131 bar\u0131nd\u0131rmak i\u00e7in s\u0131n\u0131rs\u0131z say\u0131da kullan\u0131c\u0131 tan\u0131ml\u0131, karakterize edilmi\u015f alan eklenebilir.<\/li>\n\n\n\n<li>\u015eu anda ProCalV5 alt\u0131 dili desteklemektedir; gelmek i\u00e7in daha fazla. Dil se\u00e7imi varsay\u0131lan olarak t\u00fcm i\u015fletme, hesap veya bireysel kullan\u0131c\u0131 d\u00fczeyinde olabilir. Dilleri de\u011fi\u015ftirmek, a\u00e7\u0131l\u0131r listeden se\u00e7im yapmak kadar basittir.<\/li>\n\n\n\n<li>\u0130ste\u011fe ba\u011fl\u0131 Hassas Test Paketlerinden olu\u015fan geni\u015f bir kitapl\u0131k sunuyoruz. Bunlar, \u00e7e\u015fitli enstr\u00fcman, ekipman ve sistem t\u00fcrlerine \u00f6zel \u00f6zelle\u015ftirilmi\u015f bir kullan\u0131c\u0131 arabirimi sa\u011flayan c\u0131vatal\u0131 mod\u00fcllerdir. Liste buraya t\u0131klayarak g\u00f6r\u00fcnt\u00fclenebilir.<\/li>\n\n\n\n<li>ProCal Explorer, varl\u0131klar\u0131n\u0131z\u0131 g\u00f6r\u00fcnt\u00fclemek i\u00e7in geni\u015fletilebilir\/daralt\u0131labilir hiyerar\u015fik a\u011fa\u00e7 bi\u00e7iminde kolay ve do\u011frudan bir yol sa\u011flar. G\u00f6rsel istemler, hemen ilgilenilmesi gerekenleri ve planlanan etkinliklerinin vadesi ge\u00e7mi\u015f olanlar\u0131 a\u00e7\u0131k\u00e7a g\u00f6sterir. Varl\u0131k bilgileri S\u0131n\u0131fland\u0131rma, Departman, S\u0131kl\u0131k, Kalem Tipi, Yer, \u00dcretici, Sorumlu Teknisyen, \u00c7izelge, Departmana G\u00f6re \u0130\u015f Vadesi veya Yere G\u00f6re \u0130\u015f Vadesi ile sunulur.<\/li>\n\n\n\n<li>Geri \u00e7a\u011f\u0131rma, vadesi gelen olaylar ve di\u011fer bir\u00e7ok rapor, t\u00fcm kurulu\u015f genelinde veya tek veya birden fazla hesaba \u00f6zel olarak ba\u015flat\u0131labilir.<\/li>\n\n\n\n<li>Sistemler, d\u00f6ng\u00fcler, ekipman ve ara\u00e7lar i\u00e7in her hesapta hiyerar\u015fik ili\u015fkiler olu\u015fturulabilir.<\/li>\n\n\n\n<li>Ana kay\u0131tlar, tek bir varl\u0131k i\u00e7in birden \u00e7ok test grubunu destekleyebilir. Test gruplar\u0131, Hassas Test Paketlerinin kullan\u0131m\u0131n\u0131 da birle\u015ftirebilir.<\/li>\n\n\n\n<li>Programlar, takvime veya kullan\u0131m say\u0131s\u0131na dayal\u0131 olabilir.<\/li>\n\n\n\n<li>\u015eablonlar olu\u015fturulabilir, kay\u0131tlar kopyalanabilir, global de\u011fi\u015fiklik \u00f6zellikleri ayn\u0131 anda kay\u0131t gruplar\u0131n\u0131n de\u011fi\u015ftirilmesine izin verir.<\/li>\n\n\n\n<li>ProCalV5, ana kay\u0131tlar\u0131 olu\u015ftururken t\u00fcm matematik i\u015flevlerini yerine getirir. Hesaplamalar, de\u011fi\u015fen sinyal ili\u015fkilendirmelerini, do\u011fruluk ifadelerini, \u00e7\u00f6z\u00fcn\u00fcrl\u00fckleri ve kombinasyonlar\u0131 (giri\u015f ve \u00e7\u0131k\u0131\u015f, % okuma, aral\u0131k, +\/-, manuel, do\u011frusal\/ karek\u00f6k, tablolar vb.) bar\u0131nd\u0131rabilir.<\/li>\n\n\n\n<li>\u0130nsan hatas\u0131 yok. Program, bulundu\u011fu anda, sol veri giri\u015fi s\u0131ras\u0131ndaki tolerans ko\u015fullar\u0131n\u0131n i\u00e7inde veya d\u0131\u015f\u0131nda, g\u00f6rsel komutlar arac\u0131l\u0131\u011f\u0131yla do\u011frular.<\/li>\n\n\n\n<li>Kalibrasyonlar yap\u0131l\u0131rken optimum test noktas\u0131 de\u011ferleri d\u00fczenlenebilir. Program, yeni sinyal korelasyonlar\u0131n\u0131 ve kabul edilebilir tolerans s\u0131n\u0131rlar\u0131n\u0131 otomatik olarak hesaplayacakt\u0131r.<\/li>\n\n\n\n<li>\u00d6nleyici Bak\u0131m\/\u0130\u015f Emri\/Par\u00e7a Envanteri i\u015flevi iste\u011fe ba\u011fl\u0131d\u0131r.<\/li>\n\n\n\n<li>ProCalV5, 90&#039;\u0131n \u00fczerinde standart rapora sahiptir. Bunlar de\u011fi\u015ftirilebilir ve tam spesifikasyonlar\u0131n\u0131za kolayca daha fazlas\u0131 eklenebilir.<\/li>\n\n\n\n<li>Geli\u015fmi\u015f sorgular olu\u015fturulabilir, adland\u0131r\u0131labilir ve gelecekte y\u00fcr\u00fct\u00fclmek \u00fczere kaydedilebilir. Sonu\u00e7lar kolayca di\u011fer dosya bi\u00e7imlerine aktar\u0131labilir.<\/li>\n\n\n\n<li>Sistem, kalibrasyon sertifikalar\u0131 \u00fcretebilir ve kalibrasyon etiketlerini otomatik olarak yazd\u0131rabilir.<\/li>\n\n\n\n<li>Birden fazla varl\u0131k kalibre edilebilir ve ayn\u0131 anda bireysel kay\u0131tlara eri\u015filebilir.<\/li>\n\n\n\n<li>Devam eden \u00e7al\u0131\u015fma tamamlanmam\u0131\u015f olarak kaydedilebilir.<\/li>\n\n\n\n<li>ProCalV5, Fluke belgeleme kalibrat\u00f6rleriyle benzersiz uyumluluk sunar.<\/li>\n\n\n\n<li>MS Word belgelerini veya PDF&#039;leri kaydetmeye gerek yok \u2013 Raporlar istendi\u011fi gibi ge\u00e7ici olarak olu\u015fturulur.<\/li>\n\n\n\n<li>eView, uzak web ba\u011flant\u0131s\u0131n\u0131n istenen raporlar\u0131 ba\u015flatmas\u0131na veya e-posta yoluyla planlanm\u0131\u015f bir takvim temelinde raporlar\u0131 otomatik olarak g\u00f6ndermesine izin verir.<\/li>\n\n\n\n<li>ProCal Direct, ProCalV5&#039;in bulut SaaS s\u00fcr\u00fcm\u00fcd\u00fcr. Yukar\u0131da listelenen t\u00fcm \u00f6zellikleri sunar ve ayr\u0131ca Mobil \u0130\u015f \u0130stasyonlar\u0131n\u0131n ve Fluke kalibrat\u00f6rlerinin kullan\u0131m\u0131n\u0131 destekler.<\/li>\n\n\n\n<li>SAP ve di\u011fer uygulamalarla veri payla\u015f\u0131m\u0131 i\u00e7in entegrasyon se\u00e7enekleri mevcuttur.<\/li>\n<\/ul>","protected":false},"excerpt":{"rendered":"","protected":false},"author":1,"featured_media":0,"parent":0,"menu_order":0,"comment_status":"closed","ping_status":"closed","template":"","meta":{"_acf_changed":false,"_monsterinsights_skip_tracking":false,"_monsterinsights_sitenote_active":false,"_monsterinsights_sitenote_note":"","_monsterinsights_sitenote_category":0,"footnotes":""},"categories":[],"tags":[],"class_list":["post-12054","page","type-page","status-publish","hentry"],"acf":[],"aioseo_notices":[],"aioseo_head":"\n\t\t<!-- All in One SEO Pro 4.7.0 - aioseo.com -->\n\t\t<meta name=\"description\" content=\"ProCalV5 helps companies to automate &amp; standardize calibration practices. Migration from paper to paperless will improve productivity and lower operational costs. Optional Mobile Workstation licenses enable off-line access to the full program interface for field use with tablets and Fluke documenting calibrators. The program can support one or many individual accounts. All accounts may be\" \/>\n\t\t<meta name=\"robots\" content=\"max-image-preview:large\" \/>\n\t\t<meta name=\"google-site-verification\" content=\"Nku-_1g-wtMYqihMzrUWbm5pdgO5gPY2D7l1ya5YPAU\" \/>\n\t\t<meta name=\"msvalidate.01\" content=\"9fc30828a433413eb7b3b5d32174774f\" \/>\n\t\t<meta name=\"yandex-verification\" content=\"c2122235dabe51e3\" \/>\n\t\t<link rel=\"canonical\" href=\"https:\/\/www.agilelabs.co.za\/tr\/feature-benefits-for-the-pipeline-transportation-industry\/\" \/>\n\t\t<meta name=\"generator\" content=\"All in One SEO Pro (AIOSEO) 4.7.0\" \/>\n\t\t<meta property=\"og:locale\" content=\"tr_TR\" \/>\n\t\t<meta property=\"og:site_name\" content=\"Agile Labs - Industry and laboratory software solutions\" \/>\n\t\t<meta property=\"og:type\" content=\"article\" \/>\n\t\t<meta property=\"og:title\" content=\"Pipeline Transportation industry - Agile Labs\" \/>\n\t\t<meta property=\"og:description\" content=\"ProCalV5 helps companies to automate &amp; standardize calibration practices. Migration from paper to paperless will improve productivity and lower operational costs. Optional Mobile Workstation licenses enable off-line access to the full program interface for field use with tablets and Fluke documenting calibrators. The program can support one or many individual accounts. All accounts may be\" \/>\n\t\t<meta property=\"og:url\" content=\"https:\/\/www.agilelabs.co.za\/tr\/feature-benefits-for-the-pipeline-transportation-industry\/\" \/>\n\t\t<meta property=\"og:image\" content=\"https:\/\/www.agilelabs.co.za\/wp-content\/uploads\/2021\/08\/TwitterLogo.png?wsr\" \/>\n\t\t<meta property=\"og:image:secure_url\" content=\"https:\/\/www.agilelabs.co.za\/wp-content\/uploads\/2021\/08\/TwitterLogo.png?wsr\" \/>\n\t\t<meta property=\"og:image:width\" content=\"189\" \/>\n\t\t<meta property=\"og:image:height\" content=\"168\" \/>\n\t\t<meta property=\"article:published_time\" content=\"2021-09-23T04:12:44+00:00\" \/>\n\t\t<meta property=\"article:modified_time\" content=\"2025-02-02T09:18:47+00:00\" \/>\n\t\t<meta property=\"article:publisher\" content=\"https:\/\/www.facebook.com\/AgileLabsTeam\" \/>\n\t\t<meta property=\"article:author\" content=\"https:\/\/www.facebook.com\/AgileLabsTeam\" \/>\n\t\t<meta name=\"twitter:card\" content=\"summary\" \/>\n\t\t<meta name=\"twitter:site\" content=\"@InfoAgileLabs\" \/>\n\t\t<meta name=\"twitter:title\" content=\"Pipeline Transportation industry - Agile Labs\" \/>\n\t\t<meta name=\"twitter:description\" content=\"ProCalV5 helps companies to automate &amp; standardize calibration practices. Migration from paper to paperless will improve productivity and lower operational costs. Optional Mobile Workstation licenses enable off-line access to the full program interface for field use with tablets and Fluke documenting calibrators. The program can support one or many individual accounts. All accounts may be\" \/>\n\t\t<meta name=\"twitter:creator\" content=\"@InfoAgileLabs\" \/>\n\t\t<meta name=\"twitter:image\" content=\"https:\/\/www.agilelabs.co.za\/wp-content\/uploads\/2021\/08\/TwitterLogo.png?wsr\" \/>\n\t\t<script type=\"application\/ld+json\" class=\"aioseo-schema\">\n\t\t\t{\"@context\":\"https:\\\/\\\/schema.org\",\"@graph\":[{\"@type\":\"BreadcrumbList\",\"@id\":\"https:\\\/\\\/www.agilelabs.co.za\\\/tr\\\/feature-benefits-for-the-pipeline-transportation-industry\\\/#breadcrumblist\",\"itemListElement\":[{\"@type\":\"ListItem\",\"@id\":\"https:\\\/\\\/www.agilelabs.co.za\\\/tr\\\/#listItem\",\"position\":1,\"name\":\"Home\",\"item\":\"https:\\\/\\\/www.agilelabs.co.za\\\/tr\\\/\",\"nextItem\":\"https:\\\/\\\/www.agilelabs.co.za\\\/tr\\\/feature-benefits-for-the-pipeline-transportation-industry\\\/#listItem\"},{\"@type\":\"ListItem\",\"@id\":\"https:\\\/\\\/www.agilelabs.co.za\\\/tr\\\/feature-benefits-for-the-pipeline-transportation-industry\\\/#listItem\",\"position\":2,\"name\":\"Pipeline Transportation industry\",\"previousItem\":\"https:\\\/\\\/www.agilelabs.co.za\\\/tr\\\/#listItem\"}]},{\"@type\":\"Organization\",\"@id\":\"https:\\\/\\\/www.agilelabs.co.za\\\/tr\\\/#organization\",\"name\":\"Agile Labs\",\"url\":\"https:\\\/\\\/www.agilelabs.co.za\\\/tr\\\/\",\"logo\":{\"@type\":\"ImageObject\",\"url\":\"https:\\\/\\\/www.agilelabs.co.za\\\/wp-content\\\/uploads\\\/2021\\\/08\\\/LogoTransparant.gif?wsr\",\"@id\":\"https:\\\/\\\/www.agilelabs.co.za\\\/tr\\\/feature-benefits-for-the-pipeline-transportation-industry\\\/#organizationLogo\",\"width\":125,\"height\":113},\"image\":{\"@id\":\"https:\\\/\\\/www.agilelabs.co.za\\\/tr\\\/feature-benefits-for-the-pipeline-transportation-industry\\\/#organizationLogo\"},\"sameAs\":[\"https:\\\/\\\/www.facebook.com\\\/AgileLabsTeam\",\"https:\\\/\\\/twitter.com\\\/InfoAgileLabs\"]},{\"@type\":\"WebPage\",\"@id\":\"https:\\\/\\\/www.agilelabs.co.za\\\/tr\\\/feature-benefits-for-the-pipeline-transportation-industry\\\/#webpage\",\"url\":\"https:\\\/\\\/www.agilelabs.co.za\\\/tr\\\/feature-benefits-for-the-pipeline-transportation-industry\\\/\",\"name\":\"Pipeline Transportation industry - Agile Labs\",\"description\":\"ProCalV5 helps companies to automate & standardize calibration practices. Migration from paper to paperless will improve productivity and lower operational costs. Optional Mobile Workstation licenses enable off-line access to the full program interface for field use with tablets and Fluke documenting calibrators. The program can support one or many individual accounts. All accounts may be\",\"inLanguage\":\"tr-TR\",\"isPartOf\":{\"@id\":\"https:\\\/\\\/www.agilelabs.co.za\\\/tr\\\/#website\"},\"breadcrumb\":{\"@id\":\"https:\\\/\\\/www.agilelabs.co.za\\\/tr\\\/feature-benefits-for-the-pipeline-transportation-industry\\\/#breadcrumblist\"},\"datePublished\":\"2021-09-23T06:12:44+02:00\",\"dateModified\":\"2025-02-02T11:18:47+02:00\"},{\"@type\":\"WebSite\",\"@id\":\"https:\\\/\\\/www.agilelabs.co.za\\\/tr\\\/#website\",\"url\":\"https:\\\/\\\/www.agilelabs.co.za\\\/tr\\\/\",\"name\":\"Agile Labs\",\"description\":\"Industry and laboratory software solutions\",\"inLanguage\":\"tr-TR\",\"publisher\":{\"@id\":\"https:\\\/\\\/www.agilelabs.co.za\\\/tr\\\/#organization\"}}]}\n\t\t<\/script>\n\t\t<script type=\"text\/javascript\">\n\t\t\t(function(c,l,a,r,i,t,y){\n\t\t\tc[a]=c[a]||function(){(c[a].q=c[a].q||[]).push(arguments)};t=l.createElement(r);t.async=1;\n\t\t\tt.src=\"https:\/\/www.clarity.ms\/tag\/\"+i+\"?ref=aioseo\";y=l.getElementsByTagName(r)[0];y.parentNode.insertBefore(t,y);\n\t\t})(window, document, \"clarity\", \"script\", \"b88vlc75di\");\n\t\t<\/script>\n\t\t<!-- All in One SEO Pro -->\r\n\t\t<title>Pipeline Transportation industry - Agile Labs<\/title>\n\n","aioseo_head_json":{"title":"Pipeline Transportation industry - Agile Labs","description":"ProCalV5 helps companies to automate & standardize calibration practices. Migration from paper to paperless will improve productivity and lower operational costs. Optional Mobile Workstation licenses enable off-line access to the full program interface for field use with tablets and Fluke documenting calibrators. The program can support one or many individual accounts. All accounts may be","canonical_url":"https:\/\/www.agilelabs.co.za\/tr\/feature-benefits-for-the-pipeline-transportation-industry\/","robots":"max-image-preview:large","keywords":"","webmasterTools":{"google-site-verification":"Nku-_1g-wtMYqihMzrUWbm5pdgO5gPY2D7l1ya5YPAU","msvalidate.01":"9fc30828a433413eb7b3b5d32174774f","yandex-verification":"c2122235dabe51e3","miscellaneous":""},"og:locale":"tr_TR","og:site_name":"Agile Labs - Industry and laboratory software solutions","og:type":"article","og:title":"Pipeline Transportation industry - Agile Labs","og:description":"ProCalV5 helps companies to automate &amp; standardize calibration practices. Migration from paper to paperless will improve productivity and lower operational costs. Optional Mobile Workstation licenses enable off-line access to the full program interface for field use with tablets and Fluke documenting calibrators. The program can support one or many individual accounts. All accounts may be","og:url":"https:\/\/www.agilelabs.co.za\/tr\/feature-benefits-for-the-pipeline-transportation-industry\/","og:image":"https:\/\/www.agilelabs.co.za\/wp-content\/uploads\/2021\/08\/TwitterLogo.png?wsr","og:image:secure_url":"https:\/\/www.agilelabs.co.za\/wp-content\/uploads\/2021\/08\/TwitterLogo.png?wsr","og:image:width":189,"og:image:height":168,"article:published_time":"2021-09-23T04:12:44+00:00","article:modified_time":"2025-02-02T09:18:47+00:00","article:publisher":"https:\/\/www.facebook.com\/AgileLabsTeam","article:author":"https:\/\/www.facebook.com\/AgileLabsTeam","twitter:card":"summary","twitter:site":"@InfoAgileLabs","twitter:title":"Pipeline Transportation industry - Agile Labs","twitter:description":"ProCalV5 helps companies to automate &amp; standardize calibration practices. Migration from paper to paperless will improve productivity and lower operational costs. Optional Mobile Workstation licenses enable off-line access to the full program interface for field use with tablets and Fluke documenting calibrators. The program can support one or many individual accounts. All accounts may be","twitter:creator":"@InfoAgileLabs","twitter:image":"https:\/\/www.agilelabs.co.za\/wp-content\/uploads\/2021\/08\/TwitterLogo.png?wsr","schema":{"@context":"https:\/\/schema.org","@graph":[{"@type":"BreadcrumbList","@id":"https:\/\/www.agilelabs.co.za\/tr\/feature-benefits-for-the-pipeline-transportation-industry\/#breadcrumblist","itemListElement":[{"@type":"ListItem","@id":"https:\/\/www.agilelabs.co.za\/tr\/#listItem","position":1,"name":"Home","item":"https:\/\/www.agilelabs.co.za\/tr\/","nextItem":"https:\/\/www.agilelabs.co.za\/tr\/feature-benefits-for-the-pipeline-transportation-industry\/#listItem"},{"@type":"ListItem","@id":"https:\/\/www.agilelabs.co.za\/tr\/feature-benefits-for-the-pipeline-transportation-industry\/#listItem","position":2,"name":"Pipeline Transportation industry","previousItem":"https:\/\/www.agilelabs.co.za\/tr\/#listItem"}]},{"@type":"Organization","@id":"https:\/\/www.agilelabs.co.za\/tr\/#organization","name":"Agile Labs","url":"https:\/\/www.agilelabs.co.za\/tr\/","logo":{"@type":"ImageObject","url":"https:\/\/www.agilelabs.co.za\/wp-content\/uploads\/2021\/08\/LogoTransparant.gif?wsr","@id":"https:\/\/www.agilelabs.co.za\/tr\/feature-benefits-for-the-pipeline-transportation-industry\/#organizationLogo","width":125,"height":113},"image":{"@id":"https:\/\/www.agilelabs.co.za\/tr\/feature-benefits-for-the-pipeline-transportation-industry\/#organizationLogo"},"sameAs":["https:\/\/www.facebook.com\/AgileLabsTeam","https:\/\/twitter.com\/InfoAgileLabs"]},{"@type":"WebPage","@id":"https:\/\/www.agilelabs.co.za\/tr\/feature-benefits-for-the-pipeline-transportation-industry\/#webpage","url":"https:\/\/www.agilelabs.co.za\/tr\/feature-benefits-for-the-pipeline-transportation-industry\/","name":"Pipeline Transportation industry - Agile Labs","description":"ProCalV5 helps companies to automate & standardize calibration practices. Migration from paper to paperless will improve productivity and lower operational costs. Optional Mobile Workstation licenses enable off-line access to the full program interface for field use with tablets and Fluke documenting calibrators. The program can support one or many individual accounts. All accounts may be","inLanguage":"tr-TR","isPartOf":{"@id":"https:\/\/www.agilelabs.co.za\/tr\/#website"},"breadcrumb":{"@id":"https:\/\/www.agilelabs.co.za\/tr\/feature-benefits-for-the-pipeline-transportation-industry\/#breadcrumblist"},"datePublished":"2021-09-23T06:12:44+02:00","dateModified":"2025-02-02T11:18:47+02:00"},{"@type":"WebSite","@id":"https:\/\/www.agilelabs.co.za\/tr\/#website","url":"https:\/\/www.agilelabs.co.za\/tr\/","name":"Agile Labs","description":"Industry and laboratory software solutions","inLanguage":"tr-TR","publisher":{"@id":"https:\/\/www.agilelabs.co.za\/tr\/#organization"}}]}},"aioseo_meta_data":{"post_id":"12054","title":null,"description":null,"keywords":"[]","keyphrases":"{\"focus\":{\"keyphrase\":\"\",\"score\":0,\"analysis\":{\"keyphraseInTitle\":{\"score\":0,\"maxScore\":9,\"error\":1}}},\"additional\":[]}","primary_term":null,"canonical_url":null,"og_title":null,"og_description":null,"og_object_type":"default","og_image_type":"default","og_image_url":null,"og_image_width":null,"og_image_height":null,"og_image_custom_url":null,"og_image_custom_fields":null,"og_video":"","og_custom_url":null,"og_article_section":null,"og_article_tags":"[]","twitter_use_og":false,"twitter_card":"default","twitter_image_type":"default","twitter_image_url":null,"twitter_image_custom_url":null,"twitter_image_custom_fields":null,"twitter_title":null,"twitter_description":null,"schema":{"blockGraphs":[],"customGraphs":[],"default":{"data":{"Article":[],"Course":[],"Dataset":[],"FAQPage":[],"Movie":[],"Person":[],"Product":[],"Recipe":[],"Service":[],"SoftwareApplication":[],"WebPage":[]},"graphName":"WebPage","isEnabled":true},"graphs":[]},"schema_type":"default","schema_type_options":null,"pillar_content":false,"robots_default":true,"robots_noindex":false,"robots_noarchive":false,"robots_nosnippet":false,"robots_nofollow":false,"robots_noimageindex":false,"robots_noodp":false,"robots_notranslate":false,"robots_max_snippet":"-1","robots_max_videopreview":"-1","robots_max_imagepreview":"large","priority":null,"frequency":"default","local_seo":null,"limit_modified_date":false,"open_ai":{"title":{"suggestions":[],"usage":0},"description":{"suggestions":[],"usage":0}},"created":"2022-02-09 02:39:01","updated":"2025-02-02 09:30:15"},"_links":{"self":[{"href":"https:\/\/www.agilelabs.co.za\/tr\/wp-json\/wp\/v2\/pages\/12054","targetHints":{"allow":["GET"]}}],"collection":[{"href":"https:\/\/www.agilelabs.co.za\/tr\/wp-json\/wp\/v2\/pages"}],"about":[{"href":"https:\/\/www.agilelabs.co.za\/tr\/wp-json\/wp\/v2\/types\/page"}],"author":[{"embeddable":true,"href":"https:\/\/www.agilelabs.co.za\/tr\/wp-json\/wp\/v2\/users\/1"}],"replies":[{"embeddable":true,"href":"https:\/\/www.agilelabs.co.za\/tr\/wp-json\/wp\/v2\/comments?post=12054"}],"version-history":[{"count":0,"href":"https:\/\/www.agilelabs.co.za\/tr\/wp-json\/wp\/v2\/pages\/12054\/revisions"}],"wp:attachment":[{"href":"https:\/\/www.agilelabs.co.za\/tr\/wp-json\/wp\/v2\/media?parent=12054"}],"wp:term":[{"taxonomy":"category","embeddable":true,"href":"https:\/\/www.agilelabs.co.za\/tr\/wp-json\/wp\/v2\/categories?post=12054"},{"taxonomy":"post_tag","embeddable":true,"href":"https:\/\/www.agilelabs.co.za\/tr\/wp-json\/wp\/v2\/tags?post=12054"}],"curies":[{"name":"wp","href":"https:\/\/api.w.org\/{rel}","templated":true}]}}