{"id":12044,"date":"2021-09-23T05:41:34","date_gmt":"2021-09-23T03:41:34","guid":{"rendered":"https:\/\/www.agilelabs.co.za\/?page_id=12044"},"modified":"2021-09-23T15:23:50","modified_gmt":"2021-09-23T13:23:50","slug":"feature-benefits-for-food-and-beverage-companies","status":"publish","type":"page","link":"https:\/\/www.agilelabs.co.za\/tr\/feature-benefits-for-food-and-beverage-companies\/","title":{"rendered":"Yiyecek ve \u0130\u00e7ecek \u015firketleri"},"content":{"rendered":"<div class=\"wp-block-image\"><figure class=\"aligncenter size-full is-resized\"><img decoding=\"async\" src=\"https:\/\/www.agilelabs.co.za\/wp-content\/uploads\/2021\/09\/FoodandBeverage.png\" alt=\"\" class=\"wp-image-12045\" width=\"598\" height=\"383\"\/><\/figure><\/div>\n\n\n\n<ul class=\"wp-block-list\"><li>ProCalV5, g\u0131da ve i\u00e7ecek i\u015fleme tesisleri i\u00e7in mevzuata uygunlu\u011fu sa\u011flamak ve i\u015fletme maliyetlerini azaltmak i\u00e7in tasarlanm\u0131\u015f eksiksiz, ka\u011f\u0131ts\u0131z bir kalibrasyon ve bak\u0131m varl\u0131k y\u00f6netim sistemidir.<\/li><li>ProCalV5, b\u00fcy\u00fck proses kontrol \u015firketleri taraf\u0131ndan rutin olarak denetlenen ve onaylanan kat\u0131 kalite uygulamalar\u0131 alt\u0131nda geli\u015ftirilmi\u015ftir.<\/li><li>Tek siteniz, \u00e7oklu siteniz veya kurumsal da\u011f\u0131t\u0131m\u0131n\u0131za yard\u0131mc\u0131 olmak i\u00e7in ihtiya\u00e7 duyulabilecek proje planlar\u0131 ve gerekli t\u00fcm belgeleri ve hizmetleri sa\u011flayabiliriz.<\/li><li>ProCalV5, sekt\u00f6rde bir ilk, 21 CFR B\u00f6l\u00fcm 11 uyumlu, kalibrasyon y\u00f6netimi yaz\u0131l\u0131m\u0131yd\u0131.<\/li><li>Mobil \u0130\u015f \u0130stasyonu teknolojimiz (web veya wi-fi ba\u011flant\u0131s\u0131na ihtiya\u00e7 duymaz), \u00e7evrimd\u0131\u015f\u0131 diz\u00fcst\u00fc bilgisayarlar\u0131n veya tabletlerin kullan\u0131m\u0131n\u0131 sa\u011flar. Kullan\u0131c\u0131lar, tam program i\u015flevselli\u011fine eri\u015febilir (SOP&#039;leri indirme, alana yeni kay\u0131tlar ekleme, kabul edilebilir bulundu\u011funda\/sol olarak kalibrasyon verilerini g\u00fcnl\u00fc\u011fe kaydetme ve otomatik do\u011frulama, test standartlar\u0131 atama, sertifikalar\u0131 yazd\u0131rma, kalibrasyon etiketlerini yazd\u0131rma, Fluke kalibrat\u00f6rleriyle ileti\u015fim kurma, vesaire.).<\/li><li>Site konumlar\u0131 ekledik\u00e7e s\u0131n\u0131rs\u0131z say\u0131da ba\u011f\u0131ms\u0131z hesap ba\u015flat\u0131labilir.<\/li><li>T\u00fcm hesaplar ayn\u0131 \u015fekilde yap\u0131land\u0131r\u0131labilir veya yerel gereksinimlere g\u00f6re baz\u0131lar\u0131 de\u011fi\u015ftirilebilir. De\u011fi\u015fiklikler basit de\u011fi\u015fiklikler i\u00e7in olabilir veya hesap yap\u0131land\u0131rmalar\u0131 tamamen benzersiz olabilir. Copy Company mod\u00fcl\u00fc, yeni site hesaplar\u0131n\u0131n eklenmesini ve yap\u0131land\u0131r\u0131lmas\u0131n\u0131 kolayla\u015ft\u0131rmaya yard\u0131mc\u0131 olmak i\u00e7in \u015fablon tabanl\u0131 g\u00fc\u00e7l\u00fc bir ara\u00e7 sa\u011flar.<\/li><li>Hesap, kullan\u0131c\u0131 grubu, kullan\u0131c\u0131 veya varl\u0131k eklemenin ek maliyeti yoktur.<\/li><li>\u00c7o\u011fu program alan\u0131 etiketi, istenen terminolojiye uyacak \u015fekilde de\u011fi\u015ftirilebilir.<\/li><li>M\u00fc\u015fteriye \u00f6zel bilgi ve i\u015f ak\u0131\u015f\u0131n\u0131 bar\u0131nd\u0131rmak i\u00e7in s\u0131n\u0131rs\u0131z say\u0131da kullan\u0131c\u0131 tan\u0131ml\u0131, karakterize edilmi\u015f alan eklenebilir.<\/li><li>\u015eu anda ProCalV5 alt\u0131 dili desteklemektedir; gelmek i\u00e7in daha fazla. Dil se\u00e7imi varsay\u0131lan olarak t\u00fcm i\u015fletme, hesap veya bireysel kullan\u0131c\u0131 d\u00fczeyinde olabilir. Dilleri de\u011fi\u015ftirmek, a\u00e7\u0131l\u0131r listeden se\u00e7im yapmak kadar basittir.<\/li><li>Geni\u015f bir Hassas Test Paketleri kitapl\u0131\u011f\u0131 sunuyoruz. Proses kontrol tesislerinde yayg\u0131n olarak bulunan \u00e7e\u015fitli varl\u0131k, sistem ve ekipman t\u00fcrlerine \u00f6zg\u00fc algoritmalar\u0131, raporlar\u0131 vb. dahil etmek i\u00e7in \u00f6zelle\u015ftirilmi\u015f bir kullan\u0131c\u0131 arabirimi sa\u011flayan c\u0131vatal\u0131 mod\u00fcllerdir.<\/li><li>ProCal Explorer, varl\u0131klar\u0131n\u0131z\u0131 g\u00f6r\u00fcnt\u00fclemek i\u00e7in geni\u015fletilebilir\/daralt\u0131labilir hiyerar\u015fik a\u011fa\u00e7 bi\u00e7iminde kolay ve do\u011frudan bir yol sa\u011flar. G\u00f6rsel istemler, hemen ilgilenilmesi gerekenleri ve planlanan etkinliklerinin vadesi ge\u00e7mi\u015f olanlar\u0131 a\u00e7\u0131k\u00e7a g\u00f6sterir. G\u00f6r\u00fcn\u00fcmden, do\u011frudan duran varl\u0131k ana kay\u0131tlar\u0131na ba\u015flayabilirsiniz. Varl\u0131k bilgileriniz an\u0131nda, S\u0131n\u0131fland\u0131rma, Departman, S\u0131kl\u0131k, \u00d6\u011fe T\u00fcr\u00fc, Lokasyon, \u00dcretici, Sorumlu Teknisyen, Program, Departmana G\u00f6re \u0130\u015f Vadesi veya Lokasyona G\u00f6re Vadeli \u0130\u015fe g\u00f6re s\u0131ralanabilir ve sunulabilir.<\/li><li>Geri \u00e7a\u011f\u0131rma, vadesi gelen olaylar ve di\u011fer bir\u00e7ok rapor, t\u00fcm kurulu\u015f genelinde veya tek veya birden fazla hesaba \u00f6zel olarak ba\u015flat\u0131labilir.<\/li><li>Sistemler, d\u00f6ng\u00fcler, ekipman ve ara\u00e7lar i\u00e7in her hesapta hiyerar\u015fik ili\u015fkiler olu\u015fturulabilir.<\/li><li>Her hesab\u0131n test standartlar\u0131 i\u00e7in ayr\u0131 kay\u0131tlar olu\u015fturulabilir. \u00c7e\u015fitli yetkili servis sat\u0131c\u0131n\u0131z\u0131n test standartlar\u0131, benzersiz bireysel hesaplara kullan\u0131m i\u00e7in ve\/veya t\u00fcm hesaplarda kullan\u0131lacak genel se\u00e7im i\u00e7in atanabilir.<\/li><li>Test standartlar\u0131, yaln\u0131zca belirli cihaz t\u00fcrleri i\u00e7in kullan\u0131m i\u00e7in kontrol edilebilir. Ters izlenebilirlik raporlamas\u0131n\u0131n t\u00fcm m\u00fc\u015fteri hesaplar\u0131nda ba\u015flat\u0131lmas\u0131 kolayd\u0131r.<\/li><li>Ana cihaz varl\u0131k kay\u0131tlar\u0131, tek bir varl\u0131k i\u00e7in birden fazla test grubunu destekleyebilir (\u00f6rnek: k\u00fctle ak\u0131\u015f\u0131 \u2013 frekans, s\u0131cakl\u0131k ve bas\u0131n\u00e7 i\u00e7in). Test gruplar\u0131, Hassas Test Paketlerinin kullan\u0131m\u0131n\u0131 da birle\u015ftirebilir.<\/li><li>Programlar, takvime veya kullan\u0131m say\u0131s\u0131na dayal\u0131 olabilir.<\/li><li>ProCalV5, ana kay\u0131tlar\u0131 olu\u015ftururken t\u00fcm matematik i\u015flevlerini yerine getirir. Hesaplamalar, de\u011fi\u015fen sinyal ili\u015fkilendirmelerini, do\u011fruluk ifadelerini, \u00e7\u00f6z\u00fcn\u00fcrl\u00fckleri ve kombinasyonlar\u0131 (giri\u015f ve \u00e7\u0131k\u0131\u015f, % okuma, aral\u0131k, +\/-, manuel, do\u011frusal\/ karek\u00f6k, tablolar vb.) bar\u0131nd\u0131rabilir.<\/li><li>\u015eablonlar olu\u015fturulabilir, kay\u0131tlar kopyalanabilir, global de\u011fi\u015fiklik \u00f6zellikleri ayn\u0131 anda kay\u0131t gruplar\u0131n\u0131n de\u011fi\u015ftirilmesine izin verir.<\/li><li>\u0130nsan hatas\u0131 yok. Program, bulundu\u011fu anda, sol veri giri\u015fi s\u0131ras\u0131ndaki tolerans ko\u015fullar\u0131n\u0131n i\u00e7inde veya d\u0131\u015f\u0131nda, g\u00f6rsel komutlar arac\u0131l\u0131\u011f\u0131yla do\u011frular. Kalibrasyonlar s\u0131ras\u0131nda optimal test noktalar\u0131 de\u011ferleri d\u00fczenlendi\u011finde, program otomatik olarak yeni sinyal korelasyonlar\u0131n\u0131 ve kabul edilebilir tolerans limitlerini hesaplar.<\/li><li>Sistem, uyumsuzluk olaylar\u0131 i\u00e7in otomatik bildirime izin verecek \u015fekilde yap\u0131land\u0131r\u0131labilir.<\/li><li>Hat\u0131rlat\u0131c\u0131lar, uyar\u0131lar ve uyar\u0131lar belirlenen al\u0131c\u0131lara e-posta yoluyla g\u00f6nderilebilir.<\/li><li>Sistem, \u00d6nleyici Bak\u0131m\/\u0130\u015f Emri\/Par\u00e7a Envanteri i\u015flevselli\u011fi sa\u011flar.<\/li><li>Sistem elektronik de\u011fi\u015fiklik kontrol\u00fcn\u00fc y\u00f6netebilir.<\/li><li>\u0130stenen i\u015f ak\u0131\u015f\u0131na uyacak \u015fekilde paralel veya zorunlu y\u00f6nlendirmeler i\u00e7in e-imzalar atanabilir.<\/li><li>Olu\u015fturulabilecek, kaydedilebilecek ve belge ve etkinliklere eklenebilecek farkl\u0131 t\u00fcrde e-imza politikalar\u0131n\u0131n say\u0131s\u0131nda bir s\u0131n\u0131rlama yoktur.<\/li><li>ProCalV5, 90&#039;\u0131n \u00fczerinde standart rapora sahiptir. Bu raporlar \u00f6zelle\u015ftirilebilir ve daha fazlas\u0131, tam spesifikasyonlar\u0131n\u0131za kolayca eklenebilir.<\/li><li>Geli\u015fmi\u015f sorgular olu\u015fturulabilir, adland\u0131r\u0131labilir ve gelecekte y\u00fcr\u00fct\u00fclmek \u00fczere kaydedilebilir. Sonu\u00e7lar kolayca di\u011fer dosya bi\u00e7imlerine aktar\u0131labilir.<\/li><li>Sistem, kalibrasyon sertifikalar\u0131 \u00fcretebilir ve kalibrasyon etiketlerini otomatik olarak yazd\u0131rabilir. Birden fazla varl\u0131k kalibre edilebilir ve ayn\u0131 anda bireysel kay\u0131tlara eri\u015filebilir.<\/li><li>Devam eden \u00e7al\u0131\u015fma tamamlanmam\u0131\u015f olarak kaydedilebilir.<\/li><li>ProCalV5, Fluke belgeleme kalibrat\u00f6rleriyle benzersiz uyumluluk sunar.<\/li><li>MS Word belgelerini veya PDF&#039;leri kaydetmeye gerek yok \u2013 Raporlar istendi\u011fi gibi ge\u00e7ici olarak olu\u015fturulur.<\/li><li>ProCal eView, uzak web ba\u011flant\u0131s\u0131n\u0131n istenen raporlar\u0131 ba\u015flatmas\u0131na veya normal sistem kullan\u0131c\u0131lar\u0131ndan ba\u011f\u0131ms\u0131z olabilecek al\u0131c\u0131lara e-posta yoluyla planlanm\u0131\u015f bir takvim temelinde raporlar\u0131 otomatik olarak g\u00f6ndermesine izin verir.<\/li><li>ProCal Direct, ProCalV5&#039;in bulut SaaS s\u00fcr\u00fcm\u00fcd\u00fcr. Yukar\u0131da listelenen t\u00fcm \u00f6zellikleri sunar ve ayr\u0131ca Mobil \u0130\u015f \u0130stasyonlar\u0131n\u0131n ve Fluke kalibrat\u00f6rlerinin kullan\u0131m\u0131n\u0131 destekler.<\/li><li>SAP, Oracle, JD Edwards, Maximo, INFOR ve di\u011fer uygulamalarla veri payla\u015f\u0131m\u0131 i\u00e7in entegrasyon se\u00e7enekleri mevcuttur.<\/li><\/ul>","protected":false},"excerpt":{"rendered":"<p>ProCalV5 is a complete, paperless calibration &amp; maintenance asset management system designed to ensure regulatory compliance and reduce operational costs for food and beverage processing facilities. ProCalV5 is developed under strict quality practices that are routinely audited and approved by major process control companies. We can provide project plans and all necessary documentation and services<\/p>\n<p class=\"more-link\"><a href=\"https:\/\/www.agilelabs.co.za\/tr\/feature-benefits-for-food-and-beverage-companies\/\" class=\"themebutton\">Devam\u0131n\u0131 oku<\/a><\/p>","protected":false},"author":1,"featured_media":0,"parent":0,"menu_order":0,"comment_status":"closed","ping_status":"closed","template":"","meta":{"_acf_changed":false,"_monsterinsights_skip_tracking":false,"_monsterinsights_sitenote_active":false,"_monsterinsights_sitenote_note":"","_monsterinsights_sitenote_category":0,"footnotes":""},"categories":[],"tags":[],"class_list":["post-12044","page","type-page","status-publish","hentry"],"acf":[],"aioseo_notices":[],"aioseo_head":"\n\t\t<!-- All in One SEO Pro 4.7.0 - aioseo.com -->\n\t\t<meta name=\"description\" content=\"ProCalV5 is a complete, paperless calibration &amp; maintenance asset management system designed to ensure regulatory compliance and reduce operational costs for food and beverage processing facilities. ProCalV5 is developed under strict quality practices that are routinely audited and approved by major process control companies. We can provide project plans and all necessary documentation and services\" \/>\n\t\t<meta name=\"robots\" content=\"max-image-preview:large\" \/>\n\t\t<meta name=\"google-site-verification\" content=\"Nku-_1g-wtMYqihMzrUWbm5pdgO5gPY2D7l1ya5YPAU\" \/>\n\t\t<meta name=\"msvalidate.01\" content=\"9fc30828a433413eb7b3b5d32174774f\" \/>\n\t\t<meta name=\"yandex-verification\" content=\"c2122235dabe51e3\" \/>\n\t\t<link rel=\"canonical\" href=\"https:\/\/www.agilelabs.co.za\/tr\/feature-benefits-for-food-and-beverage-companies\/\" \/>\n\t\t<meta name=\"generator\" content=\"All in One SEO Pro (AIOSEO) 4.7.0\" \/>\n\t\t<meta property=\"og:locale\" content=\"tr_TR\" \/>\n\t\t<meta property=\"og:site_name\" content=\"Agile Labs - Industry and laboratory software solutions\" \/>\n\t\t<meta property=\"og:type\" content=\"article\" \/>\n\t\t<meta property=\"og:title\" content=\"Food and Beverage companies - Agile Labs\" \/>\n\t\t<meta property=\"og:description\" content=\"ProCalV5 is a complete, paperless calibration &amp; maintenance asset management system designed to ensure regulatory compliance and reduce operational costs for food and beverage processing facilities. ProCalV5 is developed under strict quality practices that are routinely audited and approved by major process control companies. We can provide project plans and all necessary documentation and services\" \/>\n\t\t<meta property=\"og:url\" content=\"https:\/\/www.agilelabs.co.za\/tr\/feature-benefits-for-food-and-beverage-companies\/\" \/>\n\t\t<meta property=\"og:image\" content=\"https:\/\/www.agilelabs.co.za\/wp-content\/uploads\/2021\/08\/TwitterLogo.png?wsr\" \/>\n\t\t<meta property=\"og:image:secure_url\" content=\"https:\/\/www.agilelabs.co.za\/wp-content\/uploads\/2021\/08\/TwitterLogo.png?wsr\" \/>\n\t\t<meta property=\"og:image:width\" content=\"189\" \/>\n\t\t<meta property=\"og:image:height\" content=\"168\" \/>\n\t\t<meta property=\"article:published_time\" content=\"2021-09-23T03:41:34+00:00\" \/>\n\t\t<meta property=\"article:modified_time\" content=\"2021-09-23T13:23:50+00:00\" \/>\n\t\t<meta property=\"article:publisher\" content=\"https:\/\/www.facebook.com\/AgileLabsTeam\" \/>\n\t\t<meta property=\"article:author\" content=\"https:\/\/www.facebook.com\/AgileLabsTeam\" \/>\n\t\t<meta name=\"twitter:card\" content=\"summary\" \/>\n\t\t<meta name=\"twitter:site\" content=\"@InfoAgileLabs\" \/>\n\t\t<meta name=\"twitter:title\" content=\"Food and Beverage companies - Agile Labs\" \/>\n\t\t<meta name=\"twitter:description\" content=\"ProCalV5 is a complete, paperless calibration &amp; maintenance asset management system designed to ensure regulatory compliance and reduce operational costs for food and beverage processing facilities. ProCalV5 is developed under strict quality practices that are routinely audited and approved by major process control companies. We can provide project plans and all necessary documentation and services\" \/>\n\t\t<meta name=\"twitter:creator\" content=\"@InfoAgileLabs\" \/>\n\t\t<meta name=\"twitter:image\" content=\"https:\/\/www.agilelabs.co.za\/wp-content\/uploads\/2021\/08\/TwitterLogo.png?wsr\" \/>\n\t\t<script type=\"application\/ld+json\" class=\"aioseo-schema\">\n\t\t\t{\"@context\":\"https:\\\/\\\/schema.org\",\"@graph\":[{\"@type\":\"BreadcrumbList\",\"@id\":\"https:\\\/\\\/www.agilelabs.co.za\\\/tr\\\/feature-benefits-for-food-and-beverage-companies\\\/#breadcrumblist\",\"itemListElement\":[{\"@type\":\"ListItem\",\"@id\":\"https:\\\/\\\/www.agilelabs.co.za\\\/tr\\\/#listItem\",\"position\":1,\"name\":\"Home\",\"item\":\"https:\\\/\\\/www.agilelabs.co.za\\\/tr\\\/\",\"nextItem\":\"https:\\\/\\\/www.agilelabs.co.za\\\/tr\\\/feature-benefits-for-food-and-beverage-companies\\\/#listItem\"},{\"@type\":\"ListItem\",\"@id\":\"https:\\\/\\\/www.agilelabs.co.za\\\/tr\\\/feature-benefits-for-food-and-beverage-companies\\\/#listItem\",\"position\":2,\"name\":\"Food and Beverage companies\",\"previousItem\":\"https:\\\/\\\/www.agilelabs.co.za\\\/tr\\\/#listItem\"}]},{\"@type\":\"Organization\",\"@id\":\"https:\\\/\\\/www.agilelabs.co.za\\\/tr\\\/#organization\",\"name\":\"Agile Labs\",\"url\":\"https:\\\/\\\/www.agilelabs.co.za\\\/tr\\\/\",\"logo\":{\"@type\":\"ImageObject\",\"url\":\"https:\\\/\\\/www.agilelabs.co.za\\\/wp-content\\\/uploads\\\/2021\\\/08\\\/LogoTransparant.gif?wsr\",\"@id\":\"https:\\\/\\\/www.agilelabs.co.za\\\/tr\\\/feature-benefits-for-food-and-beverage-companies\\\/#organizationLogo\",\"width\":125,\"height\":113},\"image\":{\"@id\":\"https:\\\/\\\/www.agilelabs.co.za\\\/tr\\\/feature-benefits-for-food-and-beverage-companies\\\/#organizationLogo\"},\"sameAs\":[\"https:\\\/\\\/www.facebook.com\\\/AgileLabsTeam\",\"https:\\\/\\\/twitter.com\\\/InfoAgileLabs\"]},{\"@type\":\"WebPage\",\"@id\":\"https:\\\/\\\/www.agilelabs.co.za\\\/tr\\\/feature-benefits-for-food-and-beverage-companies\\\/#webpage\",\"url\":\"https:\\\/\\\/www.agilelabs.co.za\\\/tr\\\/feature-benefits-for-food-and-beverage-companies\\\/\",\"name\":\"Food and Beverage companies - Agile Labs\",\"description\":\"ProCalV5 is a complete, paperless calibration & maintenance asset management system designed to ensure regulatory compliance and reduce operational costs for food and beverage processing facilities. ProCalV5 is developed under strict quality practices that are routinely audited and approved by major process control companies. We can provide project plans and all necessary documentation and services\",\"inLanguage\":\"tr-TR\",\"isPartOf\":{\"@id\":\"https:\\\/\\\/www.agilelabs.co.za\\\/tr\\\/#website\"},\"breadcrumb\":{\"@id\":\"https:\\\/\\\/www.agilelabs.co.za\\\/tr\\\/feature-benefits-for-food-and-beverage-companies\\\/#breadcrumblist\"},\"datePublished\":\"2021-09-23T05:41:34+02:00\",\"dateModified\":\"2021-09-23T15:23:50+02:00\"},{\"@type\":\"WebSite\",\"@id\":\"https:\\\/\\\/www.agilelabs.co.za\\\/tr\\\/#website\",\"url\":\"https:\\\/\\\/www.agilelabs.co.za\\\/tr\\\/\",\"name\":\"Agile Labs\",\"description\":\"Industry and laboratory software solutions\",\"inLanguage\":\"tr-TR\",\"publisher\":{\"@id\":\"https:\\\/\\\/www.agilelabs.co.za\\\/tr\\\/#organization\"}}]}\n\t\t<\/script>\n\t\t<script type=\"text\/javascript\">\n\t\t\t(function(c,l,a,r,i,t,y){\n\t\t\tc[a]=c[a]||function(){(c[a].q=c[a].q||[]).push(arguments)};t=l.createElement(r);t.async=1;\n\t\t\tt.src=\"https:\/\/www.clarity.ms\/tag\/\"+i+\"?ref=aioseo\";y=l.getElementsByTagName(r)[0];y.parentNode.insertBefore(t,y);\n\t\t})(window, document, \"clarity\", \"script\", \"b88vlc75di\");\n\t\t<\/script>\n\t\t<!-- All in One SEO Pro -->\r\n\t\t<title>Food and Beverage companies - Agile Labs<\/title>\n\n","aioseo_head_json":{"title":"Food and Beverage companies - Agile Labs","description":"ProCalV5 is a complete, paperless calibration & maintenance asset management system designed to ensure regulatory compliance and reduce operational costs for food and beverage processing facilities. ProCalV5 is developed under strict quality practices that are routinely audited and approved by major process control companies. We can provide project plans and all necessary documentation and services","canonical_url":"https:\/\/www.agilelabs.co.za\/tr\/feature-benefits-for-food-and-beverage-companies\/","robots":"max-image-preview:large","keywords":"","webmasterTools":{"google-site-verification":"Nku-_1g-wtMYqihMzrUWbm5pdgO5gPY2D7l1ya5YPAU","msvalidate.01":"9fc30828a433413eb7b3b5d32174774f","yandex-verification":"c2122235dabe51e3","miscellaneous":""},"og:locale":"tr_TR","og:site_name":"Agile Labs - Industry and laboratory software solutions","og:type":"article","og:title":"Food and Beverage companies - Agile Labs","og:description":"ProCalV5 is a complete, paperless calibration &amp; maintenance asset management system designed to ensure regulatory compliance and reduce operational costs for food and beverage processing facilities. ProCalV5 is developed under strict quality practices that are routinely audited and approved by major process control companies. We can provide project plans and all necessary documentation and services","og:url":"https:\/\/www.agilelabs.co.za\/tr\/feature-benefits-for-food-and-beverage-companies\/","og:image":"https:\/\/www.agilelabs.co.za\/wp-content\/uploads\/2021\/08\/TwitterLogo.png?wsr","og:image:secure_url":"https:\/\/www.agilelabs.co.za\/wp-content\/uploads\/2021\/08\/TwitterLogo.png?wsr","og:image:width":189,"og:image:height":168,"article:published_time":"2021-09-23T03:41:34+00:00","article:modified_time":"2021-09-23T13:23:50+00:00","article:publisher":"https:\/\/www.facebook.com\/AgileLabsTeam","article:author":"https:\/\/www.facebook.com\/AgileLabsTeam","twitter:card":"summary","twitter:site":"@InfoAgileLabs","twitter:title":"Food and Beverage companies - Agile Labs","twitter:description":"ProCalV5 is a complete, paperless calibration &amp; maintenance asset management system designed to ensure regulatory compliance and reduce operational costs for food and beverage processing facilities. ProCalV5 is developed under strict quality practices that are routinely audited and approved by major process control companies. We can provide project plans and all necessary documentation and services","twitter:creator":"@InfoAgileLabs","twitter:image":"https:\/\/www.agilelabs.co.za\/wp-content\/uploads\/2021\/08\/TwitterLogo.png?wsr","schema":{"@context":"https:\/\/schema.org","@graph":[{"@type":"BreadcrumbList","@id":"https:\/\/www.agilelabs.co.za\/tr\/feature-benefits-for-food-and-beverage-companies\/#breadcrumblist","itemListElement":[{"@type":"ListItem","@id":"https:\/\/www.agilelabs.co.za\/tr\/#listItem","position":1,"name":"Home","item":"https:\/\/www.agilelabs.co.za\/tr\/","nextItem":"https:\/\/www.agilelabs.co.za\/tr\/feature-benefits-for-food-and-beverage-companies\/#listItem"},{"@type":"ListItem","@id":"https:\/\/www.agilelabs.co.za\/tr\/feature-benefits-for-food-and-beverage-companies\/#listItem","position":2,"name":"Food and Beverage companies","previousItem":"https:\/\/www.agilelabs.co.za\/tr\/#listItem"}]},{"@type":"Organization","@id":"https:\/\/www.agilelabs.co.za\/tr\/#organization","name":"Agile Labs","url":"https:\/\/www.agilelabs.co.za\/tr\/","logo":{"@type":"ImageObject","url":"https:\/\/www.agilelabs.co.za\/wp-content\/uploads\/2021\/08\/LogoTransparant.gif?wsr","@id":"https:\/\/www.agilelabs.co.za\/tr\/feature-benefits-for-food-and-beverage-companies\/#organizationLogo","width":125,"height":113},"image":{"@id":"https:\/\/www.agilelabs.co.za\/tr\/feature-benefits-for-food-and-beverage-companies\/#organizationLogo"},"sameAs":["https:\/\/www.facebook.com\/AgileLabsTeam","https:\/\/twitter.com\/InfoAgileLabs"]},{"@type":"WebPage","@id":"https:\/\/www.agilelabs.co.za\/tr\/feature-benefits-for-food-and-beverage-companies\/#webpage","url":"https:\/\/www.agilelabs.co.za\/tr\/feature-benefits-for-food-and-beverage-companies\/","name":"Food and Beverage companies - Agile Labs","description":"ProCalV5 is a complete, paperless calibration & maintenance asset management system designed to ensure regulatory compliance and reduce operational costs for food and beverage processing facilities. ProCalV5 is developed under strict quality practices that are routinely audited and approved by major process control companies. We can provide project plans and all necessary documentation and services","inLanguage":"tr-TR","isPartOf":{"@id":"https:\/\/www.agilelabs.co.za\/tr\/#website"},"breadcrumb":{"@id":"https:\/\/www.agilelabs.co.za\/tr\/feature-benefits-for-food-and-beverage-companies\/#breadcrumblist"},"datePublished":"2021-09-23T05:41:34+02:00","dateModified":"2021-09-23T15:23:50+02:00"},{"@type":"WebSite","@id":"https:\/\/www.agilelabs.co.za\/tr\/#website","url":"https:\/\/www.agilelabs.co.za\/tr\/","name":"Agile Labs","description":"Industry and laboratory software solutions","inLanguage":"tr-TR","publisher":{"@id":"https:\/\/www.agilelabs.co.za\/tr\/#organization"}}]}},"aioseo_meta_data":{"post_id":"12044","title":null,"description":null,"keywords":null,"keyphrases":null,"primary_term":null,"canonical_url":null,"og_title":null,"og_description":null,"og_object_type":"default","og_image_type":"default","og_image_url":null,"og_image_width":null,"og_image_height":null,"og_image_custom_url":null,"og_image_custom_fields":null,"og_video":null,"og_custom_url":null,"og_article_section":null,"og_article_tags":null,"twitter_use_og":false,"twitter_card":"default","twitter_image_type":"default","twitter_image_url":null,"twitter_image_custom_url":null,"twitter_image_custom_fields":null,"twitter_title":null,"twitter_description":null,"schema":{"blockGraphs":[],"customGraphs":[],"default":{"data":{"Article":[],"Course":[],"Dataset":[],"FAQPage":[],"Movie":[],"Person":[],"Product":[],"Recipe":[],"Service":[],"SoftwareApplication":[],"WebPage":[]},"graphName":"","isEnabled":true},"graphs":[]},"schema_type":"default","schema_type_options":null,"pillar_content":false,"robots_default":true,"robots_noindex":false,"robots_noarchive":false,"robots_nosnippet":false,"robots_nofollow":false,"robots_noimageindex":false,"robots_noodp":false,"robots_notranslate":false,"robots_max_snippet":null,"robots_max_videopreview":null,"robots_max_imagepreview":"large","priority":null,"frequency":null,"local_seo":null,"limit_modified_date":false,"open_ai":null,"created":"2022-02-09 02:39:01","updated":"2022-09-13 21:09:04"},"_links":{"self":[{"href":"https:\/\/www.agilelabs.co.za\/tr\/wp-json\/wp\/v2\/pages\/12044","targetHints":{"allow":["GET"]}}],"collection":[{"href":"https:\/\/www.agilelabs.co.za\/tr\/wp-json\/wp\/v2\/pages"}],"about":[{"href":"https:\/\/www.agilelabs.co.za\/tr\/wp-json\/wp\/v2\/types\/page"}],"author":[{"embeddable":true,"href":"https:\/\/www.agilelabs.co.za\/tr\/wp-json\/wp\/v2\/users\/1"}],"replies":[{"embeddable":true,"href":"https:\/\/www.agilelabs.co.za\/tr\/wp-json\/wp\/v2\/comments?post=12044"}],"version-history":[{"count":0,"href":"https:\/\/www.agilelabs.co.za\/tr\/wp-json\/wp\/v2\/pages\/12044\/revisions"}],"wp:attachment":[{"href":"https:\/\/www.agilelabs.co.za\/tr\/wp-json\/wp\/v2\/media?parent=12044"}],"wp:term":[{"taxonomy":"category","embeddable":true,"href":"https:\/\/www.agilelabs.co.za\/tr\/wp-json\/wp\/v2\/categories?post=12044"},{"taxonomy":"post_tag","embeddable":true,"href":"https:\/\/www.agilelabs.co.za\/tr\/wp-json\/wp\/v2\/tags?post=12044"}],"curies":[{"name":"wp","href":"https:\/\/api.w.org\/{rel}","templated":true}]}}