{"id":11599,"date":"2021-08-20T04:08:20","date_gmt":"2021-08-20T02:08:20","guid":{"rendered":"https:\/\/www.agilelabs.co.za\/?page_id=11493"},"modified":"2021-08-20T04:08:20","modified_gmt":"2021-08-20T02:08:20","slug":"field-calibrator-utility","status":"publish","type":"page","link":"https:\/\/www.agilelabs.co.za\/tr\/field-calibrator-utility\/","title":{"rendered":"Alan Kalibrat\u00f6r\u00fc Yard\u0131mc\u0131 Program\u0131"},"content":{"rendered":"<p><strong>Saha Kalibrat\u00f6r\u00fc Yard\u0131mc\u0131 Program\u0131 ve Kalibrat\u00f6rleri Belgeleme<\/strong><\/p>\n\n\n\n<p><\/p>\n\n\n\n<p>Tamamen Ka\u011f\u0131ts\u0131z Kalibrasyonlarla \u00dcretkenli\u011fi Art\u0131r\u0131n<\/p>\n\n\n\n<p><\/p>\n\n\n\n<p>Fluke Belgeleme Prosesi Kalibrat\u00f6rlerine sahip ProCalV5 yaz\u0131l\u0131m\u0131, eskimi\u015f ka\u011f\u0131t yo\u011fun uygulamalara g\u00f6re \u00fcretkenli\u011fi 50% veya daha fazla art\u0131racak tam otomatik, maliyet a\u00e7\u0131s\u0131ndan rekabet\u00e7i, ka\u011f\u0131ts\u0131z kalibrasyon \u00e7\u00f6z\u00fcm\u00fcn\u00fc &quot;\u0130rk\u0131n En \u0130yisi&quot; sunar. Tek kullan\u0131c\u0131l\u0131 teknisyenden kurumsal d\u00fczeydeki y\u00f6neticilere kadar bu kapsaml\u0131 sistem, hem sahada hem de sonraki kalite incelemesi s\u0131ras\u0131nda insan hatalar\u0131n\u0131 ortadan kald\u0131r\u0131r.<\/p>\n\n\n\n<p>Fluke 754 gibi bir Belgeleme Alan\u0131 Kalibrat\u00f6r\u00fc kullanarak, kalibrasyon sonu\u00e7lar\u0131n\u0131n kalitesini ve sonu\u00e7lar\u0131n el yaz\u0131s\u0131ndan kaynaklanan hatalar\u0131n olmad\u0131\u011f\u0131n\u0131 garanti edersiniz. Bu sonu\u00e7lar\u0131n ana veritaban\u0131na ta\u015f\u0131nmas\u0131n\u0131 sa\u011flamak i\u00e7in, Saha Kalibrat\u00f6r\u00fc Yard\u0131mc\u0131 Program\u0131, sahip oldu\u011funuz kalibrasyon prosed\u00fcrlerini tek tip bir \u015fekilde tamamlamak i\u00e7in gerekli t\u00fcm verileri otomatik olarak y\u00fckler ve indirir.<\/p>\n\n\n\n<p><strong>Field Calibrator Utility ve ProCalV5 kullanman\u0131n faydalar\u0131<\/strong><\/p>\n\n\n\n<figure class=\"wp-block-table alignleft\"><table><tbody><tr><td class=\"has-text-align-left\" data-align=\"left\"><strong>ProCalV5 ile Fluke<\/strong><\/td><td class=\"has-text-align-left\" data-align=\"left\"><strong>Di\u011fer \u00c7o\u011fu DPC Uyumlu Yaz\u0131l\u0131m<\/strong><\/td><\/tr><tr><td class=\"has-text-align-left\" data-align=\"left\">&quot;Bulundu&quot; yaz\u0131l\u0131m tu\u015fundan kaydedilen ge\u00e7ici sonu\u00e7lar\u0131 sistemdeki herhangi bir etikete y\u00fckleme yetene\u011fi.<\/td><td class=\"has-text-align-left\" data-align=\"left\">Kullan\u0131c\u0131lar, ge\u00e7ici sonu\u00e7lardan \u00f6nce g\u00f6revleri indirmelidir.<\/td><\/tr><tr><td class=\"has-text-align-left\" data-align=\"left\">G\u00f6revleri indirirken kullan\u0131c\u0131, Adam Saat, Kalibrasyon T\u00fcr\u00fc, Ar\u0131za Nedeni, S\u0131cakl\u0131k ve Nem gibi alanlar i\u00e7in kalibrat\u00f6r \u00fczerinde belirli istemler tan\u0131mlayabilir. Veriler y\u00fckleme s\u0131ras\u0131nda otomatik olarak kaydedilir.<\/td><td class=\"has-text-align-left\" data-align=\"left\">Kullan\u0131c\u0131, y\u00fcklemeden sonra her zaman sisteme ekstra veri girmelidir.<\/td><\/tr><tr><td class=\"has-text-align-left\" data-align=\"left\">Kay\u0131tl\u0131 verileri y\u00fckleme yetene\u011fi.<\/td><td class=\"has-text-align-left\" data-align=\"left\">M\u00fcsait de\u011fil.<\/td><\/tr><tr><td class=\"has-text-align-left\" data-align=\"left\">Alanda ba\u015far\u0131l\u0131\/kald\u0131 durumunun girilmesi i\u00e7in kalibrat\u00f6re Manuel Ba\u015far\u0131l\u0131\/Ba\u015far\u0131s\u0131z kalibrasyonlar\u0131n\u0131 indirme yetene\u011fi.<\/td><td class=\"has-text-align-left\" data-align=\"left\">Yaln\u0131zca anahtarlama ve analog\/oransal testler mevcuttur.<\/td><\/tr><tr><td class=\"has-text-align-left\" data-align=\"left\">Farkl\u0131 bir birimi g\u00f6r\u00fcnt\u00fclemek i\u00e7in bir temel birim ve aral\u0131k kullanarak \u00f6zel birimleri yap\u0131land\u0131rma yetene\u011fi.<\/td><td class=\"has-text-align-left\" data-align=\"left\">M\u00fcsait de\u011fil.<\/td><\/tr><tr><td class=\"has-text-align-left\" data-align=\"left\">\u0130ndirme g\u00f6revlerinde \u00f6l\u00e7\u00fcm ve\/veya kaynak i\u00e7in % \u00d6l\u00e7ek g\u00f6r\u00fcnt\u00fcleme t\u00fcr\u00fcn\u00fc kullanma yetene\u011fi<\/td><td class=\"has-text-align-left\" data-align=\"left\">M\u00fcsait de\u011fil.<\/td><\/tr><tr><td class=\"has-text-align-left\" data-align=\"left\">\u0130li\u015fkili SOP Prosed\u00fcr\u00fc metninin \u00e7ok sayfal\u0131 bir kurulum veya \u00f6zet mesaj\u0131 olarak g\u00f6r\u00fcnt\u00fclenmesine izin verir.<\/td><td class=\"has-text-align-left\" data-align=\"left\">Yan yana SOP belge g\u00f6r\u00fcn\u00fcm\u00fc yok, \u0130stemler bir seferde bir ekranla s\u0131n\u0131rl\u0131d\u0131r.<\/td><\/tr><tr><td class=\"has-text-align-left\" data-align=\"left\">HART Vericiler i\u00e7in bir Dijital PV modu sunar<\/td><td class=\"has-text-align-left\" data-align=\"left\">M\u00fcsait de\u011fil.<\/td><\/tr><tr><td class=\"has-text-align-left\" data-align=\"left\">Kullan\u0131c\u0131n\u0131n indirilecek herhangi bir cihaz etiketinde Ak\u0131m\u0131 (\u201cSource mA\u201d) ve Current Sink (\u201cSimulate Transmitter\u201d) aras\u0131nda kolayca se\u00e7im yapmas\u0131na izin verir.<\/td><td class=\"has-text-align-left\" data-align=\"left\">Vericiyi Sim\u00fcle Et modunun kullan\u0131lmas\u0131 \u00e7o\u011fu durumda bir yap\u0131land\u0131rma ge\u00e7ici \u00e7\u00f6z\u00fcm\u00fc gerektirir.<\/td><\/tr><\/tbody><\/table><\/figure>\n\n\n\n<div class=\"wp-block-image\"><figure class=\"aligncenter size-full\"><img decoding=\"async\" src=\"https:\/\/www.agilelabs.co.za\/wp-content\/uploads\/2021\/08\/MonitorsAndFlukeReportsandMasterRecord.jpg\" alt=\"\" class=\"wp-image-11429\"\/><\/figure><\/div>","protected":false},"excerpt":{"rendered":"<p>Field Calibrator Utility &amp; Documenting Calibrators Boost Productivity with Fully Paperless Calibrations ProCalV5 software with Fluke Documenting Process Calibrators offers the \u201cBest of Breed\u201d fully-automated, cost competitive, paperless calibration solution that will improve productivity by 50% or more over antiquated paper intensive practices. For the single-user technician up to enterprise level managers, this comprehensive system<\/p>\n<p class=\"more-link\"><a href=\"https:\/\/www.agilelabs.co.za\/tr\/field-calibrator-utility\/\" class=\"themebutton\">Devam\u0131n\u0131 oku<\/a><\/p>","protected":false},"author":1,"featured_media":0,"parent":0,"menu_order":0,"comment_status":"closed","ping_status":"closed","template":"","meta":{"_acf_changed":false,"_monsterinsights_skip_tracking":false,"_monsterinsights_sitenote_active":false,"_monsterinsights_sitenote_note":"","_monsterinsights_sitenote_category":0,"footnotes":""},"categories":[],"tags":[],"class_list":["post-11599","page","type-page","status-publish","hentry"],"acf":[],"aioseo_notices":[],"aioseo_head":"\n\t\t<!-- All in One SEO Pro 4.7.0 - aioseo.com -->\n\t\t<meta name=\"description\" content=\"Field Calibrator Utility &amp; Documenting Calibrators Boost Productivity with Fully Paperless Calibrations ProCalV5 software with Fluke Documenting Process Calibrators offers the \u201cBest of Breed\u201d fully-automated, cost competitive, paperless calibration solution that will improve productivity by 50% or more over antiquated paper intensive practices. For the single-user technician up to enterprise level managers, this comprehensive system\" \/>\n\t\t<meta name=\"robots\" content=\"max-image-preview:large\" \/>\n\t\t<meta name=\"google-site-verification\" content=\"Nku-_1g-wtMYqihMzrUWbm5pdgO5gPY2D7l1ya5YPAU\" \/>\n\t\t<meta name=\"msvalidate.01\" content=\"9fc30828a433413eb7b3b5d32174774f\" \/>\n\t\t<meta name=\"yandex-verification\" content=\"c2122235dabe51e3\" \/>\n\t\t<link rel=\"canonical\" href=\"https:\/\/www.agilelabs.co.za\/tr\/field-calibrator-utility\/\" \/>\n\t\t<meta name=\"generator\" content=\"All in One SEO Pro (AIOSEO) 4.7.0\" \/>\n\t\t<meta property=\"og:locale\" content=\"tr_TR\" \/>\n\t\t<meta property=\"og:site_name\" content=\"Agile Labs - Industry and laboratory software solutions\" \/>\n\t\t<meta property=\"og:type\" content=\"article\" \/>\n\t\t<meta property=\"og:title\" content=\"Field Calibrator Utility - Agile Labs\" \/>\n\t\t<meta property=\"og:description\" content=\"Field Calibrator Utility &amp; Documenting Calibrators Boost Productivity with Fully Paperless Calibrations ProCalV5 software with Fluke Documenting Process Calibrators offers the \u201cBest of Breed\u201d fully-automated, cost competitive, paperless calibration solution that will improve productivity by 50% or more over antiquated paper intensive practices. For the single-user technician up to enterprise level managers, this comprehensive system\" \/>\n\t\t<meta property=\"og:url\" content=\"https:\/\/www.agilelabs.co.za\/tr\/field-calibrator-utility\/\" \/>\n\t\t<meta property=\"og:image\" content=\"https:\/\/www.agilelabs.co.za\/wp-content\/uploads\/2021\/08\/TwitterLogo.png?wsr\" \/>\n\t\t<meta property=\"og:image:secure_url\" content=\"https:\/\/www.agilelabs.co.za\/wp-content\/uploads\/2021\/08\/TwitterLogo.png?wsr\" \/>\n\t\t<meta property=\"og:image:width\" content=\"189\" \/>\n\t\t<meta property=\"og:image:height\" content=\"168\" \/>\n\t\t<meta property=\"article:published_time\" content=\"2021-08-20T02:08:20+00:00\" \/>\n\t\t<meta property=\"article:modified_time\" content=\"2021-08-20T02:08:20+00:00\" \/>\n\t\t<meta property=\"article:publisher\" content=\"https:\/\/www.facebook.com\/AgileLabsTeam\" \/>\n\t\t<meta property=\"article:author\" content=\"https:\/\/www.facebook.com\/AgileLabsTeam\" \/>\n\t\t<meta name=\"twitter:card\" content=\"summary\" \/>\n\t\t<meta name=\"twitter:site\" content=\"@InfoAgileLabs\" \/>\n\t\t<meta name=\"twitter:title\" content=\"Field Calibrator Utility - Agile Labs\" \/>\n\t\t<meta name=\"twitter:description\" content=\"Field Calibrator Utility &amp; Documenting Calibrators Boost Productivity with Fully Paperless Calibrations ProCalV5 software with Fluke Documenting Process Calibrators offers the \u201cBest of Breed\u201d fully-automated, cost competitive, paperless calibration solution that will improve productivity by 50% or more over antiquated paper intensive practices. For the single-user technician up to enterprise level managers, this comprehensive system\" \/>\n\t\t<meta name=\"twitter:creator\" content=\"@InfoAgileLabs\" \/>\n\t\t<meta name=\"twitter:image\" content=\"https:\/\/www.agilelabs.co.za\/wp-content\/uploads\/2021\/08\/TwitterLogo.png?wsr\" \/>\n\t\t<script type=\"application\/ld+json\" class=\"aioseo-schema\">\n\t\t\t{\"@context\":\"https:\\\/\\\/schema.org\",\"@graph\":[{\"@type\":\"BreadcrumbList\",\"@id\":\"https:\\\/\\\/www.agilelabs.co.za\\\/tr\\\/field-calibrator-utility\\\/#breadcrumblist\",\"itemListElement\":[{\"@type\":\"ListItem\",\"@id\":\"https:\\\/\\\/www.agilelabs.co.za\\\/tr\\\/#listItem\",\"position\":1,\"name\":\"Home\",\"item\":\"https:\\\/\\\/www.agilelabs.co.za\\\/tr\\\/\",\"nextItem\":\"https:\\\/\\\/www.agilelabs.co.za\\\/tr\\\/field-calibrator-utility\\\/#listItem\"},{\"@type\":\"ListItem\",\"@id\":\"https:\\\/\\\/www.agilelabs.co.za\\\/tr\\\/field-calibrator-utility\\\/#listItem\",\"position\":2,\"name\":\"Field Calibrator Utility\",\"previousItem\":\"https:\\\/\\\/www.agilelabs.co.za\\\/tr\\\/#listItem\"}]},{\"@type\":\"Organization\",\"@id\":\"https:\\\/\\\/www.agilelabs.co.za\\\/tr\\\/#organization\",\"name\":\"Agile Labs\",\"url\":\"https:\\\/\\\/www.agilelabs.co.za\\\/tr\\\/\",\"logo\":{\"@type\":\"ImageObject\",\"url\":\"https:\\\/\\\/www.agilelabs.co.za\\\/wp-content\\\/uploads\\\/2021\\\/08\\\/LogoTransparant.gif?wsr\",\"@id\":\"https:\\\/\\\/www.agilelabs.co.za\\\/tr\\\/field-calibrator-utility\\\/#organizationLogo\",\"width\":125,\"height\":113},\"image\":{\"@id\":\"https:\\\/\\\/www.agilelabs.co.za\\\/tr\\\/field-calibrator-utility\\\/#organizationLogo\"},\"sameAs\":[\"https:\\\/\\\/www.facebook.com\\\/AgileLabsTeam\",\"https:\\\/\\\/twitter.com\\\/InfoAgileLabs\"]},{\"@type\":\"WebPage\",\"@id\":\"https:\\\/\\\/www.agilelabs.co.za\\\/tr\\\/field-calibrator-utility\\\/#webpage\",\"url\":\"https:\\\/\\\/www.agilelabs.co.za\\\/tr\\\/field-calibrator-utility\\\/\",\"name\":\"Field Calibrator Utility - Agile Labs\",\"description\":\"Field Calibrator Utility & Documenting Calibrators Boost Productivity with Fully Paperless Calibrations ProCalV5 software with Fluke Documenting Process Calibrators offers the \\u201cBest of Breed\\u201d fully-automated, cost competitive, paperless calibration solution that will improve productivity by 50% or more over antiquated paper intensive practices. For the single-user technician up to enterprise level managers, this comprehensive system\",\"inLanguage\":\"tr-TR\",\"isPartOf\":{\"@id\":\"https:\\\/\\\/www.agilelabs.co.za\\\/tr\\\/#website\"},\"breadcrumb\":{\"@id\":\"https:\\\/\\\/www.agilelabs.co.za\\\/tr\\\/field-calibrator-utility\\\/#breadcrumblist\"},\"datePublished\":\"2021-08-20T04:08:20+02:00\",\"dateModified\":\"2021-08-20T04:08:20+02:00\"},{\"@type\":\"WebSite\",\"@id\":\"https:\\\/\\\/www.agilelabs.co.za\\\/tr\\\/#website\",\"url\":\"https:\\\/\\\/www.agilelabs.co.za\\\/tr\\\/\",\"name\":\"Agile Labs\",\"description\":\"Industry and laboratory software solutions\",\"inLanguage\":\"tr-TR\",\"publisher\":{\"@id\":\"https:\\\/\\\/www.agilelabs.co.za\\\/tr\\\/#organization\"}}]}\n\t\t<\/script>\n\t\t<script type=\"text\/javascript\">\n\t\t\t(function(c,l,a,r,i,t,y){\n\t\t\tc[a]=c[a]||function(){(c[a].q=c[a].q||[]).push(arguments)};t=l.createElement(r);t.async=1;\n\t\t\tt.src=\"https:\/\/www.clarity.ms\/tag\/\"+i+\"?ref=aioseo\";y=l.getElementsByTagName(r)[0];y.parentNode.insertBefore(t,y);\n\t\t})(window, document, \"clarity\", \"script\", \"b88vlc75di\");\n\t\t<\/script>\n\t\t<!-- All in One SEO Pro -->\r\n\t\t<title>Field Calibrator Utility - Agile Labs<\/title>\n\n","aioseo_head_json":{"title":"Field Calibrator Utility - Agile Labs","description":"Field Calibrator Utility & Documenting Calibrators Boost Productivity with Fully Paperless Calibrations ProCalV5 software with Fluke Documenting Process Calibrators offers the \u201cBest of Breed\u201d fully-automated, cost competitive, paperless calibration solution that will improve productivity by 50% or more over antiquated paper intensive practices. For the single-user technician up to enterprise level managers, this comprehensive system","canonical_url":"https:\/\/www.agilelabs.co.za\/tr\/field-calibrator-utility\/","robots":"max-image-preview:large","keywords":"","webmasterTools":{"google-site-verification":"Nku-_1g-wtMYqihMzrUWbm5pdgO5gPY2D7l1ya5YPAU","msvalidate.01":"9fc30828a433413eb7b3b5d32174774f","yandex-verification":"c2122235dabe51e3","miscellaneous":""},"og:locale":"tr_TR","og:site_name":"Agile Labs - Industry and laboratory software solutions","og:type":"article","og:title":"Field Calibrator Utility - Agile Labs","og:description":"Field Calibrator Utility &amp; Documenting Calibrators Boost Productivity with Fully Paperless Calibrations ProCalV5 software with Fluke Documenting Process Calibrators offers the \u201cBest of Breed\u201d fully-automated, cost competitive, paperless calibration solution that will improve productivity by 50% or more over antiquated paper intensive practices. For the single-user technician up to enterprise level managers, this comprehensive system","og:url":"https:\/\/www.agilelabs.co.za\/tr\/field-calibrator-utility\/","og:image":"https:\/\/www.agilelabs.co.za\/wp-content\/uploads\/2021\/08\/TwitterLogo.png?wsr","og:image:secure_url":"https:\/\/www.agilelabs.co.za\/wp-content\/uploads\/2021\/08\/TwitterLogo.png?wsr","og:image:width":189,"og:image:height":168,"article:published_time":"2021-08-20T02:08:20+00:00","article:modified_time":"2021-08-20T02:08:20+00:00","article:publisher":"https:\/\/www.facebook.com\/AgileLabsTeam","article:author":"https:\/\/www.facebook.com\/AgileLabsTeam","twitter:card":"summary","twitter:site":"@InfoAgileLabs","twitter:title":"Field Calibrator Utility - Agile Labs","twitter:description":"Field Calibrator Utility &amp; Documenting Calibrators Boost Productivity with Fully Paperless Calibrations ProCalV5 software with Fluke Documenting Process Calibrators offers the \u201cBest of Breed\u201d fully-automated, cost competitive, paperless calibration solution that will improve productivity by 50% or more over antiquated paper intensive practices. For the single-user technician up to enterprise level managers, this comprehensive system","twitter:creator":"@InfoAgileLabs","twitter:image":"https:\/\/www.agilelabs.co.za\/wp-content\/uploads\/2021\/08\/TwitterLogo.png?wsr","schema":{"@context":"https:\/\/schema.org","@graph":[{"@type":"BreadcrumbList","@id":"https:\/\/www.agilelabs.co.za\/tr\/field-calibrator-utility\/#breadcrumblist","itemListElement":[{"@type":"ListItem","@id":"https:\/\/www.agilelabs.co.za\/tr\/#listItem","position":1,"name":"Home","item":"https:\/\/www.agilelabs.co.za\/tr\/","nextItem":"https:\/\/www.agilelabs.co.za\/tr\/field-calibrator-utility\/#listItem"},{"@type":"ListItem","@id":"https:\/\/www.agilelabs.co.za\/tr\/field-calibrator-utility\/#listItem","position":2,"name":"Field Calibrator Utility","previousItem":"https:\/\/www.agilelabs.co.za\/tr\/#listItem"}]},{"@type":"Organization","@id":"https:\/\/www.agilelabs.co.za\/tr\/#organization","name":"Agile Labs","url":"https:\/\/www.agilelabs.co.za\/tr\/","logo":{"@type":"ImageObject","url":"https:\/\/www.agilelabs.co.za\/wp-content\/uploads\/2021\/08\/LogoTransparant.gif?wsr","@id":"https:\/\/www.agilelabs.co.za\/tr\/field-calibrator-utility\/#organizationLogo","width":125,"height":113},"image":{"@id":"https:\/\/www.agilelabs.co.za\/tr\/field-calibrator-utility\/#organizationLogo"},"sameAs":["https:\/\/www.facebook.com\/AgileLabsTeam","https:\/\/twitter.com\/InfoAgileLabs"]},{"@type":"WebPage","@id":"https:\/\/www.agilelabs.co.za\/tr\/field-calibrator-utility\/#webpage","url":"https:\/\/www.agilelabs.co.za\/tr\/field-calibrator-utility\/","name":"Field Calibrator Utility - Agile Labs","description":"Field Calibrator Utility & Documenting Calibrators Boost Productivity with Fully Paperless Calibrations ProCalV5 software with Fluke Documenting Process Calibrators offers the \u201cBest of Breed\u201d fully-automated, cost competitive, paperless calibration solution that will improve productivity by 50% or more over antiquated paper intensive practices. For the single-user technician up to enterprise level managers, this comprehensive system","inLanguage":"tr-TR","isPartOf":{"@id":"https:\/\/www.agilelabs.co.za\/tr\/#website"},"breadcrumb":{"@id":"https:\/\/www.agilelabs.co.za\/tr\/field-calibrator-utility\/#breadcrumblist"},"datePublished":"2021-08-20T04:08:20+02:00","dateModified":"2021-08-20T04:08:20+02:00"},{"@type":"WebSite","@id":"https:\/\/www.agilelabs.co.za\/tr\/#website","url":"https:\/\/www.agilelabs.co.za\/tr\/","name":"Agile Labs","description":"Industry and laboratory software solutions","inLanguage":"tr-TR","publisher":{"@id":"https:\/\/www.agilelabs.co.za\/tr\/#organization"}}]}},"aioseo_meta_data":{"post_id":"11599","title":null,"description":null,"keywords":null,"keyphrases":null,"primary_term":null,"canonical_url":null,"og_title":null,"og_description":null,"og_object_type":"default","og_image_type":"default","og_image_url":null,"og_image_width":null,"og_image_height":null,"og_image_custom_url":null,"og_image_custom_fields":null,"og_video":null,"og_custom_url":null,"og_article_section":null,"og_article_tags":null,"twitter_use_og":false,"twitter_card":"default","twitter_image_type":"default","twitter_image_url":null,"twitter_image_custom_url":null,"twitter_image_custom_fields":null,"twitter_title":null,"twitter_description":null,"schema":{"blockGraphs":[],"customGraphs":[],"default":{"data":{"Article":[],"Course":[],"Dataset":[],"FAQPage":[],"Movie":[],"Person":[],"Product":[],"Recipe":[],"Service":[],"SoftwareApplication":[],"WebPage":[]},"graphName":"","isEnabled":true},"graphs":[]},"schema_type":"default","schema_type_options":null,"pillar_content":false,"robots_default":true,"robots_noindex":false,"robots_noarchive":false,"robots_nosnippet":false,"robots_nofollow":false,"robots_noimageindex":false,"robots_noodp":false,"robots_notranslate":false,"robots_max_snippet":null,"robots_max_videopreview":null,"robots_max_imagepreview":"large","priority":null,"frequency":null,"local_seo":null,"limit_modified_date":false,"open_ai":null,"created":"2022-02-09 02:39:01","updated":"2022-09-13 21:16:28"},"_links":{"self":[{"href":"https:\/\/www.agilelabs.co.za\/tr\/wp-json\/wp\/v2\/pages\/11599","targetHints":{"allow":["GET"]}}],"collection":[{"href":"https:\/\/www.agilelabs.co.za\/tr\/wp-json\/wp\/v2\/pages"}],"about":[{"href":"https:\/\/www.agilelabs.co.za\/tr\/wp-json\/wp\/v2\/types\/page"}],"author":[{"embeddable":true,"href":"https:\/\/www.agilelabs.co.za\/tr\/wp-json\/wp\/v2\/users\/1"}],"replies":[{"embeddable":true,"href":"https:\/\/www.agilelabs.co.za\/tr\/wp-json\/wp\/v2\/comments?post=11599"}],"version-history":[{"count":0,"href":"https:\/\/www.agilelabs.co.za\/tr\/wp-json\/wp\/v2\/pages\/11599\/revisions"}],"wp:attachment":[{"href":"https:\/\/www.agilelabs.co.za\/tr\/wp-json\/wp\/v2\/media?parent=11599"}],"wp:term":[{"taxonomy":"category","embeddable":true,"href":"https:\/\/www.agilelabs.co.za\/tr\/wp-json\/wp\/v2\/categories?post=11599"},{"taxonomy":"post_tag","embeddable":true,"href":"https:\/\/www.agilelabs.co.za\/tr\/wp-json\/wp\/v2\/tags?post=11599"}],"curies":[{"name":"wp","href":"https:\/\/api.w.org\/{rel}","templated":true}]}}