{"id":11598,"date":"2021-08-20T04:04:06","date_gmt":"2021-08-20T02:04:06","guid":{"rendered":"https:\/\/www.agilelabs.co.za\/?page_id=11489"},"modified":"2021-09-02T09:11:21","modified_gmt":"2021-09-02T07:11:21","slug":"fluke","status":"publish","type":"page","link":"https:\/\/www.agilelabs.co.za\/tr\/fluke\/","title":{"rendered":"\u015eans"},"content":{"rendered":"<p><strong>Kalibrat\u00f6rlerin Belgelenmesi<\/strong><\/p>\n\n\n\n<p>Ka\u011f\u0131ts\u0131z i\u015flevsellik, \u00fcretkenli\u011fi art\u0131rman\u0131n, i\u015fletim maliyetlerini d\u00fc\u015f\u00fcrmenin ve mevzuata uygunlu\u011fu sa\u011flaman\u0131n en iyi yoludur. ProCalV5, Fluke 740\/750 Belgeleme Prosesi Kalibrat\u00f6rleri ile kullan\u0131m i\u00e7in en g\u00fc\u00e7l\u00fc programd\u0131r. Benzersiz sistem \u00f6zellikleri, i\u015f atamalar\u0131n\u0131n bir PC\/sunucu ba\u011flant\u0131s\u0131ndan veya bir ProCalV5 Mobil \u0130\u015f \u0130stasyonundan uzaktan kalibrat\u00f6re y\u00fcklenmesini\/indirilmesini sa\u011flar. Saha operasyonlar\u0131n\u0131z i\u00e7in geli\u015fmi\u015f denetim kontrol\u00fc sa\u011flan\u0131r!<\/p>\n\n\n\n<p><strong>\u00c7ok fonksiyonlu.<\/strong><\/p>\n\n\n\n<p>S\u0131cakl\u0131k, bas\u0131n\u00e7, voltaj, ak\u0131m, diren\u00e7 ve frekans\u0131 kalibre edin. Hem \u00f6l\u00e7t\u00fc\u011f\u00fc hem de kaynak sa\u011flad\u0131\u011f\u0131 i\u00e7in, hepsini tek bir sa\u011flam ara\u00e7la giderebilir ve kalibre edebilirsiniz.<\/p>\n\n\n\n<p><strong>G\u00fc\u00e7l\u00fc, ancak kullan\u0131m\u0131 kolay.<\/strong><\/p>\n\n\n\n<p>Takip etmesi kolay, men\u00fcyle y\u00f6nlendirilen ekran, herhangi bir g\u00f6revde size rehberlik eder. Programlanabilir kalibrasyon rutinleri, h\u0131zl\u0131, tutarl\u0131 kalibrasyonlar sa\u011flamak i\u00e7in otomatik bulunan\/oldu\u011fu gibi prosed\u00fcrleri olu\u015fturman\u0131za ve \u00e7al\u0131\u015ft\u0131rman\u0131za olanak tan\u0131r.<\/p>\n\n\n\n<p><strong>Sonu\u00e7lar\u0131 kaydeder ve belgeler.<\/strong><\/p>\n\n\n\n<p>ISO-9000 veya d\u00fczenleyici standartlar\u0131n\u0131z\u0131 desteklemek i\u00e7in Fluke 753\/754, kalibrasyon sonu\u00e7lar\u0131n\u0131z\u0131 yakalayarak sahada bir kalem ve ped aras\u0131nda gezinme ihtiyac\u0131n\u0131 ortadan kald\u0131r\u0131r. Fluke 753 ve 754&#039;teki USB arabirimi, sonu\u00e7lar\u0131 bir PC&#039;ye aktarman\u0131za olanak tan\u0131r, b\u00f6ylece ma\u011fazaya d\u00f6nd\u00fc\u011f\u00fcn\u00fczde bunlar\u0131 manuel olarak kopyalamak zorunda kalma zaman\u0131ndan tasarruf sa\u011flar.<\/p>\n\n\n\n<p><strong>Ger\u00e7ekten elle tutulur.<\/strong><\/p>\n\n\n\n<p>Alet \u00e7antas\u0131na kolayca s\u0131\u011facak ve dar alanlarda kullan\u0131lacak kadar k\u00fc\u00e7\u00fck. \u015earj edilebilir bir Li-ion pil paketinde t\u00fcm vardiyay\u0131 \u00e7al\u0131\u015ft\u0131r\u0131r.<\/p>\n\n\n\n<p><strong>Sa\u011flam ve g\u00fcvenilir.<\/strong><\/p>\n\n\n\n<p>A\u015f\u0131r\u0131 kal\u0131planm\u0131\u015f \u00fcretan kasa, end\u00fcstriyel ortamlarda zorlu kullan\u0131mlara dayan\u0131r. Kalibrat\u00f6rler bir veya iki y\u0131ll\u0131k kalibrasyon d\u00f6ng\u00fcleri ve \u00fc\u00e7 y\u0131ll\u0131k garanti sunar.<\/p>\n\n\n\n<p><strong>Parlak beyaz ekran.<\/strong><\/p>\n\n\n\n<p>Sonu\u00e7lar\u0131n\u0131z\u0131 her t\u00fcrl\u00fc \u0131\u015f\u0131kta okuman\u0131z\u0131 sa\u011flar. Arka \u0131\u015f\u0131\u011f\u0131n \u00fc\u00e7 (3) ayar\u0131 vard\u0131r.<\/p>\n\n\n\n<p><strong>\u00c7ok dilli aray\u00fcz.<\/strong><\/p>\n\n\n\n<p>Talimatlar\u0131 \u0130ngilizce, Frans\u0131zca, Almanca, \u0130spanyolca ve \u0130talyanca olarak g\u00f6r\u00fcnt\u00fcler.<\/p>\n\n\n\n<p><strong>Otomatik Ad\u0131m.<\/strong><\/p>\n\n\n\n<p>Teknisyenlerin kalibrat\u00f6r\u00fc gecikmeli bir ba\u015flatma ve belirli bir ad\u0131m dizisi i\u00e7in ayarlamas\u0131na olanak tan\u0131r, b\u00f6ylece s\u00fcrekli de\u011fi\u015fen bir test kayna\u011f\u0131 olarak g\u00f6zetimsiz olarak \u00e7al\u0131\u015fabilir.<\/p>\n\n\n\n<p><strong>Dahili cebirsel hesap makinesi.<\/strong><\/p>\n\n\n\n<p>D\u00f6rt i\u015flevle \u2014 art\u0131 karek\u00f6k \u2014 sahada enstr\u00fcmanlar\u0131 kurmak veya verileri de\u011ferlendirmek i\u00e7in gereken hesaplamalar\u0131 depolar, geri \u00e7a\u011f\u0131r\u0131r ve ger\u00e7ekle\u015ftirir. Kaynak i\u015flevini hesaplanm\u0131\u015f bir de\u011fere ayarlamak i\u00e7in kullan\u0131n. Bir kalem ve ka\u011f\u0131t veya ayr\u0131 bir hesap makinesi ta\u015f\u0131man\u0131za gerek yoktur.<\/p>\n\n\n\n<div class=\"wp-block-image\"><figure class=\"aligncenter size-full\"><img decoding=\"async\" width=\"323\" height=\"400\" src=\"https:\/\/www.agilelabs.co.za\/wp-content\/uploads\/2021\/08\/Documenting_Calibrators.png\" alt=\"\" class=\"wp-image-11510\" srcset=\"https:\/\/www.agilelabs.co.za\/wp-content\/uploads\/2021\/08\/Documenting_Calibrators.png 323w, https:\/\/www.agilelabs.co.za\/wp-content\/uploads\/2021\/08\/Documenting_Calibrators-300x372.png 300w, https:\/\/www.agilelabs.co.za\/wp-content\/uploads\/2021\/08\/Documenting_Calibrators-242x300.png 242w\" sizes=\"(max-width: 323px) 100vw, 323px\" \/><\/figure><\/div>","protected":false},"excerpt":{"rendered":"<p>Documenting Calibrators Paperless functionality is the best way to improve productivity, reduce operational costs and ensure regulatory compliance. ProCalV5 is the most powerful program for use with Fluke 740\/750 Documenting Process Calibrators. Unique system features enable work assignments to upload\/download to the calibrator from either a PC\/server connection or remotely from a ProCalV5 Mobile Workstation.<\/p>\n<p class=\"more-link\"><a href=\"https:\/\/www.agilelabs.co.za\/tr\/fluke\/\" class=\"themebutton\">Devam\u0131n\u0131 oku<\/a><\/p>","protected":false},"author":1,"featured_media":0,"parent":0,"menu_order":0,"comment_status":"closed","ping_status":"closed","template":"","meta":{"_acf_changed":false,"_monsterinsights_skip_tracking":false,"_monsterinsights_sitenote_active":false,"_monsterinsights_sitenote_note":"","_monsterinsights_sitenote_category":0,"footnotes":""},"categories":[],"tags":[],"class_list":["post-11598","page","type-page","status-publish","hentry"],"acf":[],"aioseo_notices":[],"aioseo_head":"\n\t\t<!-- All in One SEO Pro 4.7.0 - aioseo.com -->\n\t\t<meta name=\"description\" content=\"Documenting Calibrators Paperless functionality is the best way to improve productivity, reduce operational costs and ensure regulatory compliance. ProCalV5 is the most powerful program for use with Fluke 740\/750 Documenting Process Calibrators. Unique system features enable work assignments to upload\/download to the calibrator from either a PC\/server connection or remotely from a ProCalV5 Mobile Workstation.\" \/>\n\t\t<meta name=\"robots\" content=\"max-image-preview:large\" \/>\n\t\t<meta name=\"google-site-verification\" content=\"Nku-_1g-wtMYqihMzrUWbm5pdgO5gPY2D7l1ya5YPAU\" \/>\n\t\t<meta name=\"msvalidate.01\" content=\"9fc30828a433413eb7b3b5d32174774f\" \/>\n\t\t<meta name=\"yandex-verification\" content=\"c2122235dabe51e3\" \/>\n\t\t<link rel=\"canonical\" href=\"https:\/\/www.agilelabs.co.za\/tr\/fluke\/\" \/>\n\t\t<meta name=\"generator\" content=\"All in One SEO Pro (AIOSEO) 4.7.0\" \/>\n\t\t<meta property=\"og:locale\" content=\"tr_TR\" \/>\n\t\t<meta property=\"og:site_name\" content=\"Agile Labs - Industry and laboratory software solutions\" \/>\n\t\t<meta property=\"og:type\" content=\"article\" \/>\n\t\t<meta property=\"og:title\" content=\"Fluke - Agile Labs\" \/>\n\t\t<meta property=\"og:description\" content=\"Documenting Calibrators Paperless functionality is the best way to improve productivity, reduce operational costs and ensure regulatory compliance. ProCalV5 is the most powerful program for use with Fluke 740\/750 Documenting Process Calibrators. Unique system features enable work assignments to upload\/download to the calibrator from either a PC\/server connection or remotely from a ProCalV5 Mobile Workstation.\" \/>\n\t\t<meta property=\"og:url\" content=\"https:\/\/www.agilelabs.co.za\/tr\/fluke\/\" \/>\n\t\t<meta property=\"og:image\" content=\"https:\/\/www.agilelabs.co.za\/wp-content\/uploads\/2021\/08\/TwitterLogo.png?wsr\" \/>\n\t\t<meta property=\"og:image:secure_url\" content=\"https:\/\/www.agilelabs.co.za\/wp-content\/uploads\/2021\/08\/TwitterLogo.png?wsr\" \/>\n\t\t<meta property=\"og:image:width\" content=\"189\" \/>\n\t\t<meta property=\"og:image:height\" content=\"168\" \/>\n\t\t<meta property=\"article:published_time\" content=\"2021-08-20T02:04:06+00:00\" \/>\n\t\t<meta property=\"article:modified_time\" content=\"2021-09-02T07:11:21+00:00\" \/>\n\t\t<meta property=\"article:publisher\" content=\"https:\/\/www.facebook.com\/AgileLabsTeam\" \/>\n\t\t<meta property=\"article:author\" content=\"https:\/\/www.facebook.com\/AgileLabsTeam\" \/>\n\t\t<meta name=\"twitter:card\" content=\"summary\" \/>\n\t\t<meta name=\"twitter:site\" content=\"@InfoAgileLabs\" \/>\n\t\t<meta name=\"twitter:title\" content=\"Fluke - Agile Labs\" \/>\n\t\t<meta name=\"twitter:description\" content=\"Documenting Calibrators Paperless functionality is the best way to improve productivity, reduce operational costs and ensure regulatory compliance. ProCalV5 is the most powerful program for use with Fluke 740\/750 Documenting Process Calibrators. Unique system features enable work assignments to upload\/download to the calibrator from either a PC\/server connection or remotely from a ProCalV5 Mobile Workstation.\" \/>\n\t\t<meta name=\"twitter:creator\" content=\"@InfoAgileLabs\" \/>\n\t\t<meta name=\"twitter:image\" content=\"https:\/\/www.agilelabs.co.za\/wp-content\/uploads\/2021\/08\/TwitterLogo.png?wsr\" \/>\n\t\t<script type=\"application\/ld+json\" class=\"aioseo-schema\">\n\t\t\t{\"@context\":\"https:\\\/\\\/schema.org\",\"@graph\":[{\"@type\":\"BreadcrumbList\",\"@id\":\"https:\\\/\\\/www.agilelabs.co.za\\\/tr\\\/fluke\\\/#breadcrumblist\",\"itemListElement\":[{\"@type\":\"ListItem\",\"@id\":\"https:\\\/\\\/www.agilelabs.co.za\\\/tr\\\/#listItem\",\"position\":1,\"name\":\"Home\",\"item\":\"https:\\\/\\\/www.agilelabs.co.za\\\/tr\\\/\",\"nextItem\":\"https:\\\/\\\/www.agilelabs.co.za\\\/tr\\\/fluke\\\/#listItem\"},{\"@type\":\"ListItem\",\"@id\":\"https:\\\/\\\/www.agilelabs.co.za\\\/tr\\\/fluke\\\/#listItem\",\"position\":2,\"name\":\"Fluke\",\"previousItem\":\"https:\\\/\\\/www.agilelabs.co.za\\\/tr\\\/#listItem\"}]},{\"@type\":\"Organization\",\"@id\":\"https:\\\/\\\/www.agilelabs.co.za\\\/tr\\\/#organization\",\"name\":\"Agile Labs\",\"url\":\"https:\\\/\\\/www.agilelabs.co.za\\\/tr\\\/\",\"logo\":{\"@type\":\"ImageObject\",\"url\":\"https:\\\/\\\/www.agilelabs.co.za\\\/wp-content\\\/uploads\\\/2021\\\/08\\\/LogoTransparant.gif?wsr\",\"@id\":\"https:\\\/\\\/www.agilelabs.co.za\\\/tr\\\/fluke\\\/#organizationLogo\",\"width\":125,\"height\":113},\"image\":{\"@id\":\"https:\\\/\\\/www.agilelabs.co.za\\\/tr\\\/fluke\\\/#organizationLogo\"},\"sameAs\":[\"https:\\\/\\\/www.facebook.com\\\/AgileLabsTeam\",\"https:\\\/\\\/twitter.com\\\/InfoAgileLabs\"]},{\"@type\":\"WebPage\",\"@id\":\"https:\\\/\\\/www.agilelabs.co.za\\\/tr\\\/fluke\\\/#webpage\",\"url\":\"https:\\\/\\\/www.agilelabs.co.za\\\/tr\\\/fluke\\\/\",\"name\":\"Fluke - Agile Labs\",\"description\":\"Documenting Calibrators Paperless functionality is the best way to improve productivity, reduce operational costs and ensure regulatory compliance. ProCalV5 is the most powerful program for use with Fluke 740\\\/750 Documenting Process Calibrators. Unique system features enable work assignments to upload\\\/download to the calibrator from either a PC\\\/server connection or remotely from a ProCalV5 Mobile Workstation.\",\"inLanguage\":\"tr-TR\",\"isPartOf\":{\"@id\":\"https:\\\/\\\/www.agilelabs.co.za\\\/tr\\\/#website\"},\"breadcrumb\":{\"@id\":\"https:\\\/\\\/www.agilelabs.co.za\\\/tr\\\/fluke\\\/#breadcrumblist\"},\"datePublished\":\"2021-08-20T04:04:06+02:00\",\"dateModified\":\"2021-09-02T09:11:21+02:00\"},{\"@type\":\"WebSite\",\"@id\":\"https:\\\/\\\/www.agilelabs.co.za\\\/tr\\\/#website\",\"url\":\"https:\\\/\\\/www.agilelabs.co.za\\\/tr\\\/\",\"name\":\"Agile Labs\",\"description\":\"Industry and laboratory software solutions\",\"inLanguage\":\"tr-TR\",\"publisher\":{\"@id\":\"https:\\\/\\\/www.agilelabs.co.za\\\/tr\\\/#organization\"}}]}\n\t\t<\/script>\n\t\t<script type=\"text\/javascript\">\n\t\t\t(function(c,l,a,r,i,t,y){\n\t\t\tc[a]=c[a]||function(){(c[a].q=c[a].q||[]).push(arguments)};t=l.createElement(r);t.async=1;\n\t\t\tt.src=\"https:\/\/www.clarity.ms\/tag\/\"+i+\"?ref=aioseo\";y=l.getElementsByTagName(r)[0];y.parentNode.insertBefore(t,y);\n\t\t})(window, document, \"clarity\", \"script\", \"b88vlc75di\");\n\t\t<\/script>\n\t\t<!-- All in One SEO Pro -->\r\n\t\t<title>Fluke - Agile Labs<\/title>\n\n","aioseo_head_json":{"title":"Fluke - Agile Labs","description":"Documenting Calibrators Paperless functionality is the best way to improve productivity, reduce operational costs and ensure regulatory compliance. ProCalV5 is the most powerful program for use with Fluke 740\/750 Documenting Process Calibrators. Unique system features enable work assignments to upload\/download to the calibrator from either a PC\/server connection or remotely from a ProCalV5 Mobile Workstation.","canonical_url":"https:\/\/www.agilelabs.co.za\/tr\/fluke\/","robots":"max-image-preview:large","keywords":"","webmasterTools":{"google-site-verification":"Nku-_1g-wtMYqihMzrUWbm5pdgO5gPY2D7l1ya5YPAU","msvalidate.01":"9fc30828a433413eb7b3b5d32174774f","yandex-verification":"c2122235dabe51e3","miscellaneous":""},"og:locale":"tr_TR","og:site_name":"Agile Labs - Industry and laboratory software solutions","og:type":"article","og:title":"Fluke - Agile Labs","og:description":"Documenting Calibrators Paperless functionality is the best way to improve productivity, reduce operational costs and ensure regulatory compliance. ProCalV5 is the most powerful program for use with Fluke 740\/750 Documenting Process Calibrators. Unique system features enable work assignments to upload\/download to the calibrator from either a PC\/server connection or remotely from a ProCalV5 Mobile Workstation.","og:url":"https:\/\/www.agilelabs.co.za\/tr\/fluke\/","og:image":"https:\/\/www.agilelabs.co.za\/wp-content\/uploads\/2021\/08\/TwitterLogo.png?wsr","og:image:secure_url":"https:\/\/www.agilelabs.co.za\/wp-content\/uploads\/2021\/08\/TwitterLogo.png?wsr","og:image:width":189,"og:image:height":168,"article:published_time":"2021-08-20T02:04:06+00:00","article:modified_time":"2021-09-02T07:11:21+00:00","article:publisher":"https:\/\/www.facebook.com\/AgileLabsTeam","article:author":"https:\/\/www.facebook.com\/AgileLabsTeam","twitter:card":"summary","twitter:site":"@InfoAgileLabs","twitter:title":"Fluke - Agile Labs","twitter:description":"Documenting Calibrators Paperless functionality is the best way to improve productivity, reduce operational costs and ensure regulatory compliance. ProCalV5 is the most powerful program for use with Fluke 740\/750 Documenting Process Calibrators. Unique system features enable work assignments to upload\/download to the calibrator from either a PC\/server connection or remotely from a ProCalV5 Mobile Workstation.","twitter:creator":"@InfoAgileLabs","twitter:image":"https:\/\/www.agilelabs.co.za\/wp-content\/uploads\/2021\/08\/TwitterLogo.png?wsr","schema":{"@context":"https:\/\/schema.org","@graph":[{"@type":"BreadcrumbList","@id":"https:\/\/www.agilelabs.co.za\/tr\/fluke\/#breadcrumblist","itemListElement":[{"@type":"ListItem","@id":"https:\/\/www.agilelabs.co.za\/tr\/#listItem","position":1,"name":"Home","item":"https:\/\/www.agilelabs.co.za\/tr\/","nextItem":"https:\/\/www.agilelabs.co.za\/tr\/fluke\/#listItem"},{"@type":"ListItem","@id":"https:\/\/www.agilelabs.co.za\/tr\/fluke\/#listItem","position":2,"name":"Fluke","previousItem":"https:\/\/www.agilelabs.co.za\/tr\/#listItem"}]},{"@type":"Organization","@id":"https:\/\/www.agilelabs.co.za\/tr\/#organization","name":"Agile Labs","url":"https:\/\/www.agilelabs.co.za\/tr\/","logo":{"@type":"ImageObject","url":"https:\/\/www.agilelabs.co.za\/wp-content\/uploads\/2021\/08\/LogoTransparant.gif?wsr","@id":"https:\/\/www.agilelabs.co.za\/tr\/fluke\/#organizationLogo","width":125,"height":113},"image":{"@id":"https:\/\/www.agilelabs.co.za\/tr\/fluke\/#organizationLogo"},"sameAs":["https:\/\/www.facebook.com\/AgileLabsTeam","https:\/\/twitter.com\/InfoAgileLabs"]},{"@type":"WebPage","@id":"https:\/\/www.agilelabs.co.za\/tr\/fluke\/#webpage","url":"https:\/\/www.agilelabs.co.za\/tr\/fluke\/","name":"Fluke - Agile Labs","description":"Documenting Calibrators Paperless functionality is the best way to improve productivity, reduce operational costs and ensure regulatory compliance. ProCalV5 is the most powerful program for use with Fluke 740\/750 Documenting Process Calibrators. Unique system features enable work assignments to upload\/download to the calibrator from either a PC\/server connection or remotely from a ProCalV5 Mobile Workstation.","inLanguage":"tr-TR","isPartOf":{"@id":"https:\/\/www.agilelabs.co.za\/tr\/#website"},"breadcrumb":{"@id":"https:\/\/www.agilelabs.co.za\/tr\/fluke\/#breadcrumblist"},"datePublished":"2021-08-20T04:04:06+02:00","dateModified":"2021-09-02T09:11:21+02:00"},{"@type":"WebSite","@id":"https:\/\/www.agilelabs.co.za\/tr\/#website","url":"https:\/\/www.agilelabs.co.za\/tr\/","name":"Agile Labs","description":"Industry and laboratory software solutions","inLanguage":"tr-TR","publisher":{"@id":"https:\/\/www.agilelabs.co.za\/tr\/#organization"}}]}},"aioseo_meta_data":{"post_id":"11598","title":null,"description":null,"keywords":null,"keyphrases":null,"primary_term":null,"canonical_url":null,"og_title":null,"og_description":null,"og_object_type":"default","og_image_type":"default","og_image_url":null,"og_image_width":null,"og_image_height":null,"og_image_custom_url":null,"og_image_custom_fields":null,"og_video":null,"og_custom_url":null,"og_article_section":null,"og_article_tags":null,"twitter_use_og":false,"twitter_card":"default","twitter_image_type":"default","twitter_image_url":null,"twitter_image_custom_url":null,"twitter_image_custom_fields":null,"twitter_title":null,"twitter_description":null,"schema":{"blockGraphs":[],"customGraphs":[],"default":{"data":{"Article":[],"Course":[],"Dataset":[],"FAQPage":[],"Movie":[],"Person":[],"Product":[],"Recipe":[],"Service":[],"SoftwareApplication":[],"WebPage":[]},"graphName":"","isEnabled":true},"graphs":[]},"schema_type":"default","schema_type_options":null,"pillar_content":false,"robots_default":true,"robots_noindex":false,"robots_noarchive":false,"robots_nosnippet":false,"robots_nofollow":false,"robots_noimageindex":false,"robots_noodp":false,"robots_notranslate":false,"robots_max_snippet":null,"robots_max_videopreview":null,"robots_max_imagepreview":"large","priority":null,"frequency":null,"local_seo":null,"limit_modified_date":false,"open_ai":null,"created":"2022-02-09 02:39:01","updated":"2022-09-13 21:12:53"},"_links":{"self":[{"href":"https:\/\/www.agilelabs.co.za\/tr\/wp-json\/wp\/v2\/pages\/11598","targetHints":{"allow":["GET"]}}],"collection":[{"href":"https:\/\/www.agilelabs.co.za\/tr\/wp-json\/wp\/v2\/pages"}],"about":[{"href":"https:\/\/www.agilelabs.co.za\/tr\/wp-json\/wp\/v2\/types\/page"}],"author":[{"embeddable":true,"href":"https:\/\/www.agilelabs.co.za\/tr\/wp-json\/wp\/v2\/users\/1"}],"replies":[{"embeddable":true,"href":"https:\/\/www.agilelabs.co.za\/tr\/wp-json\/wp\/v2\/comments?post=11598"}],"version-history":[{"count":0,"href":"https:\/\/www.agilelabs.co.za\/tr\/wp-json\/wp\/v2\/pages\/11598\/revisions"}],"wp:attachment":[{"href":"https:\/\/www.agilelabs.co.za\/tr\/wp-json\/wp\/v2\/media?parent=11598"}],"wp:term":[{"taxonomy":"category","embeddable":true,"href":"https:\/\/www.agilelabs.co.za\/tr\/wp-json\/wp\/v2\/categories?post=11598"},{"taxonomy":"post_tag","embeddable":true,"href":"https:\/\/www.agilelabs.co.za\/tr\/wp-json\/wp\/v2\/tags?post=11598"}],"curies":[{"name":"wp","href":"https:\/\/api.w.org\/{rel}","templated":true}]}}