{"id":11597,"date":"2021-08-20T03:41:10","date_gmt":"2021-08-20T01:41:10","guid":{"rendered":"https:\/\/www.agilelabs.co.za\/?page_id=11481"},"modified":"2021-11-23T20:26:17","modified_gmt":"2021-11-23T18:26:17","slug":"mobile-workstations","status":"publish","type":"page","link":"https:\/\/www.agilelabs.co.za\/tr\/mobile-workstations\/","title":{"rendered":"Mobil \u0130\u015f \u0130stasyonlar\u0131"},"content":{"rendered":"<p><strong>\u00c7evrimd\u0131\u015f\u0131, 21 CFR B\u00f6l\u00fcm 11 Uyumlu, Tam Program \u0130\u015flevselli\u011fi<\/strong><\/p>\n\n\n\n<p><\/p>\n\n\n\n<p>Ka\u011f\u0131t tabanl\u0131 kalibrasyon uygulamalar\u0131 maliyetli ve zaman al\u0131c\u0131d\u0131r ve insan hatas\u0131 ve uyumsuzluk riskini art\u0131r\u0131r. ProCalV5 \u00e7evrimd\u0131\u015f\u0131 Mobil \u0130\u015f \u0130stasyonlar\u0131, tam program aray\u00fcz\u00fcn\u00fc kullan\u0131r ve 21 CFR B\u00f6l\u00fcm 11 uyumlu kontrollerin t\u00fcm\u00fcn\u00fc i\u00e7erir. Geli\u015fmi\u015f i\u00e7e\/d\u0131\u015fa aktarma \u00f6zellikleri, veri b\u00fct\u00fcnl\u00fc\u011f\u00fcn\u00fc sa\u011flar.<\/p>\n\n\n\n<p><strong>ProCalV5 Ka\u011f\u0131ts\u0131z Kalibrasyonun \u00d6nemli Noktalar\u0131<\/strong><\/p>\n\n\n\n<ul class=\"wp-block-list\"><li>Eksiksiz sistem i\u015flevselli\u011fine sahip \u00e7evrimd\u0131\u015f\u0131 tam kullan\u0131c\u0131 aray\u00fcz\u00fc<\/li><li>Onayl\u0131 test standartlar\u0131n\u0131 ve SOP&#039;leri indirin<\/li><li>T\u00fcm otomatik matematik i\u015flevlerini ger\u00e7ekle\u015ftirir<\/li><li>S\u0131k\u0131 kullan\u0131c\u0131 eri\u015fim kontrolleri<\/li><li>Eksiksiz veri tolerans\u0131 do\u011frulamas\u0131 ve b\u00fct\u00fcnl\u00fck kontrolleri<\/li><li>E-imza y\u00f6nlendirmesi i\u00e7in tamamlanan i\u015fi d\u0131\u015fa aktar\u0131n<\/li><li>\u0130\u015f atamalar\u0131n\u0131 uzaktan ekleyin veya de\u011fi\u015ftirin<\/li><li>Profesyonel belgeler ve kalibrasyon etiketleri olu\u015fturun veya yazd\u0131r\u0131n<\/li><li>Kalibrat\u00f6rleri belgelemek i\u00e7in uzaktan aray\u00fcz<\/li><\/ul>\n\n\n\n<figure class=\"wp-block-image size-large\"><img decoding=\"async\" src=\"https:\/\/www.agilelabs.co.za\/wp-content\/uploads\/2021\/08\/Technician-at-Computer-768x1024.jpg\" alt=\"\" class=\"wp-image-11482\"\/><\/figure>\n\n\n\n<p><strong>Ka\u011f\u0131ts\u0131z Gitmek \u0130\u00e7in En \u00d6nemli 5 Neden<\/strong><\/p>\n\n\n\n<ul class=\"wp-block-list\"><li>Teknisyen \u00fcretkenli\u011fini \u00f6nemli \u00f6l\u00e7\u00fcde art\u0131r\u0131r<\/li><li>\u0130nsan hatalar\u0131n\u0131 ortadan kald\u0131r\u0131n<\/li><li>Kalite g\u00f6zetimini iyile\u015ftirin<\/li><li>Ka\u011f\u0131t i\u015fi kar\u0131\u015ft\u0131rma i\u015flemini sonland\u0131r\u0131n<\/li><li>Devam eden i\u015fe ve yap\u0131lan i\u015f verilerine an\u0131nda eri\u015fim<\/li><\/ul>\n\n\n\n<p><strong>Ka\u011f\u0131ts\u0131zl\u0131\u011fa Do\u011fru Kan\u0131tlanm\u0131\u015f Yol<\/strong><\/p>\n\n\n\n<figure class=\"wp-block-image size-full\"><img decoding=\"async\" src=\"https:\/\/www.agilelabs.co.za\/wp-content\/uploads\/2021\/08\/PaperlessCalibrationsL-768x624-1.jpg\" alt=\"\" class=\"wp-image-11483\"\/><\/figure>\n\n\n\n<p>Daha Fazla Bilgi \u0130\u00e7in A\u015fa\u011f\u0131daki Mobil \u0130\u015f \u0130stasyonuna Genel Bak\u0131\u015f Videosunu \u0130zleyin<\/p>\n\n\n\n<p><\/p>\n\n\n\n<p><\/p>","protected":false},"excerpt":{"rendered":"<p>Off-Line, 21 CFR Part 11 Compliant, Full Program Functionality Paper-based calibration practices are costly and time consuming and they increase the risk of human error and non-compliance. ProCalV5 off-line Mobile Workstations utilize the full program interface and incorporate all 21 CFR Part 11 compliant controls. Sophisticated import\/export features ensure data integrity. ProCalV5 Paperless Calibration Highlights<\/p>\n<p class=\"more-link\"><a href=\"https:\/\/www.agilelabs.co.za\/tr\/mobile-workstations\/\" class=\"themebutton\">Devam\u0131n\u0131 oku<\/a><\/p>","protected":false},"author":1,"featured_media":0,"parent":0,"menu_order":0,"comment_status":"closed","ping_status":"closed","template":"","meta":{"_acf_changed":false,"_monsterinsights_skip_tracking":false,"_monsterinsights_sitenote_active":false,"_monsterinsights_sitenote_note":"","_monsterinsights_sitenote_category":0,"footnotes":""},"categories":[],"tags":[],"class_list":["post-11597","page","type-page","status-publish","hentry"],"acf":[],"aioseo_notices":[],"aioseo_head":"\n\t\t<!-- All in One SEO Pro 4.7.0 - aioseo.com -->\n\t\t<meta name=\"description\" content=\"Off-Line, 21 CFR Part 11 Compliant, Full Program Functionality Paper-based calibration practices are costly and time consuming and they increase the risk of human error and non-compliance. ProCalV5 off-line Mobile Workstations utilize the full program interface and incorporate all 21 CFR Part 11 compliant controls. Sophisticated import\/export features ensure data integrity. ProCalV5 Paperless Calibration Highlights\" \/>\n\t\t<meta name=\"robots\" content=\"max-image-preview:large\" \/>\n\t\t<meta name=\"google-site-verification\" content=\"Nku-_1g-wtMYqihMzrUWbm5pdgO5gPY2D7l1ya5YPAU\" \/>\n\t\t<meta name=\"msvalidate.01\" content=\"9fc30828a433413eb7b3b5d32174774f\" \/>\n\t\t<meta name=\"yandex-verification\" content=\"c2122235dabe51e3\" \/>\n\t\t<link rel=\"canonical\" href=\"https:\/\/www.agilelabs.co.za\/tr\/mobile-workstations\/\" \/>\n\t\t<meta name=\"generator\" content=\"All in One SEO Pro (AIOSEO) 4.7.0\" \/>\n\t\t<meta property=\"og:locale\" content=\"tr_TR\" \/>\n\t\t<meta property=\"og:site_name\" content=\"Agile Labs - Industry and laboratory software solutions\" \/>\n\t\t<meta property=\"og:type\" content=\"article\" \/>\n\t\t<meta property=\"og:title\" content=\"Mobile Workstations - Agile Labs\" \/>\n\t\t<meta property=\"og:description\" content=\"Off-Line, 21 CFR Part 11 Compliant, Full Program Functionality Paper-based calibration practices are costly and time consuming and they increase the risk of human error and non-compliance. ProCalV5 off-line Mobile Workstations utilize the full program interface and incorporate all 21 CFR Part 11 compliant controls. Sophisticated import\/export features ensure data integrity. ProCalV5 Paperless Calibration Highlights\" \/>\n\t\t<meta property=\"og:url\" content=\"https:\/\/www.agilelabs.co.za\/tr\/mobile-workstations\/\" \/>\n\t\t<meta property=\"og:image\" content=\"https:\/\/www.agilelabs.co.za\/wp-content\/uploads\/2021\/08\/TwitterLogo.png?wsr\" \/>\n\t\t<meta property=\"og:image:secure_url\" content=\"https:\/\/www.agilelabs.co.za\/wp-content\/uploads\/2021\/08\/TwitterLogo.png?wsr\" \/>\n\t\t<meta property=\"og:image:width\" content=\"189\" \/>\n\t\t<meta property=\"og:image:height\" content=\"168\" \/>\n\t\t<meta property=\"article:published_time\" content=\"2021-08-20T01:41:10+00:00\" \/>\n\t\t<meta property=\"article:modified_time\" content=\"2021-11-23T18:26:17+00:00\" \/>\n\t\t<meta property=\"article:publisher\" content=\"https:\/\/www.facebook.com\/AgileLabsTeam\" \/>\n\t\t<meta property=\"article:author\" content=\"https:\/\/www.facebook.com\/AgileLabsTeam\" \/>\n\t\t<meta name=\"twitter:card\" content=\"summary\" \/>\n\t\t<meta name=\"twitter:site\" content=\"@InfoAgileLabs\" \/>\n\t\t<meta name=\"twitter:title\" content=\"Mobile Workstations - Agile Labs\" \/>\n\t\t<meta name=\"twitter:description\" content=\"Off-Line, 21 CFR Part 11 Compliant, Full Program Functionality Paper-based calibration practices are costly and time consuming and they increase the risk of human error and non-compliance. ProCalV5 off-line Mobile Workstations utilize the full program interface and incorporate all 21 CFR Part 11 compliant controls. Sophisticated import\/export features ensure data integrity. ProCalV5 Paperless Calibration Highlights\" \/>\n\t\t<meta name=\"twitter:creator\" content=\"@InfoAgileLabs\" \/>\n\t\t<meta name=\"twitter:image\" content=\"https:\/\/www.agilelabs.co.za\/wp-content\/uploads\/2021\/08\/TwitterLogo.png?wsr\" \/>\n\t\t<script type=\"application\/ld+json\" class=\"aioseo-schema\">\n\t\t\t{\"@context\":\"https:\\\/\\\/schema.org\",\"@graph\":[{\"@type\":\"BreadcrumbList\",\"@id\":\"https:\\\/\\\/www.agilelabs.co.za\\\/tr\\\/mobile-workstations\\\/#breadcrumblist\",\"itemListElement\":[{\"@type\":\"ListItem\",\"@id\":\"https:\\\/\\\/www.agilelabs.co.za\\\/tr\\\/#listItem\",\"position\":1,\"name\":\"Home\",\"item\":\"https:\\\/\\\/www.agilelabs.co.za\\\/tr\\\/\",\"nextItem\":\"https:\\\/\\\/www.agilelabs.co.za\\\/tr\\\/mobile-workstations\\\/#listItem\"},{\"@type\":\"ListItem\",\"@id\":\"https:\\\/\\\/www.agilelabs.co.za\\\/tr\\\/mobile-workstations\\\/#listItem\",\"position\":2,\"name\":\"Mobile Workstations\",\"previousItem\":\"https:\\\/\\\/www.agilelabs.co.za\\\/tr\\\/#listItem\"}]},{\"@type\":\"Organization\",\"@id\":\"https:\\\/\\\/www.agilelabs.co.za\\\/tr\\\/#organization\",\"name\":\"Agile Labs\",\"url\":\"https:\\\/\\\/www.agilelabs.co.za\\\/tr\\\/\",\"logo\":{\"@type\":\"ImageObject\",\"url\":\"https:\\\/\\\/www.agilelabs.co.za\\\/wp-content\\\/uploads\\\/2021\\\/08\\\/LogoTransparant.gif?wsr\",\"@id\":\"https:\\\/\\\/www.agilelabs.co.za\\\/tr\\\/mobile-workstations\\\/#organizationLogo\",\"width\":125,\"height\":113},\"image\":{\"@id\":\"https:\\\/\\\/www.agilelabs.co.za\\\/tr\\\/mobile-workstations\\\/#organizationLogo\"},\"sameAs\":[\"https:\\\/\\\/www.facebook.com\\\/AgileLabsTeam\",\"https:\\\/\\\/twitter.com\\\/InfoAgileLabs\"]},{\"@type\":\"WebPage\",\"@id\":\"https:\\\/\\\/www.agilelabs.co.za\\\/tr\\\/mobile-workstations\\\/#webpage\",\"url\":\"https:\\\/\\\/www.agilelabs.co.za\\\/tr\\\/mobile-workstations\\\/\",\"name\":\"Mobile Workstations - Agile Labs\",\"description\":\"Off-Line, 21 CFR Part 11 Compliant, Full Program Functionality Paper-based calibration practices are costly and time consuming and they increase the risk of human error and non-compliance. ProCalV5 off-line Mobile Workstations utilize the full program interface and incorporate all 21 CFR Part 11 compliant controls. Sophisticated import\\\/export features ensure data integrity. ProCalV5 Paperless Calibration Highlights\",\"inLanguage\":\"tr-TR\",\"isPartOf\":{\"@id\":\"https:\\\/\\\/www.agilelabs.co.za\\\/tr\\\/#website\"},\"breadcrumb\":{\"@id\":\"https:\\\/\\\/www.agilelabs.co.za\\\/tr\\\/mobile-workstations\\\/#breadcrumblist\"},\"datePublished\":\"2021-08-20T03:41:10+02:00\",\"dateModified\":\"2021-11-23T20:26:17+02:00\"},{\"@type\":\"WebSite\",\"@id\":\"https:\\\/\\\/www.agilelabs.co.za\\\/tr\\\/#website\",\"url\":\"https:\\\/\\\/www.agilelabs.co.za\\\/tr\\\/\",\"name\":\"Agile Labs\",\"description\":\"Industry and laboratory software solutions\",\"inLanguage\":\"tr-TR\",\"publisher\":{\"@id\":\"https:\\\/\\\/www.agilelabs.co.za\\\/tr\\\/#organization\"}}]}\n\t\t<\/script>\n\t\t<script type=\"text\/javascript\">\n\t\t\t(function(c,l,a,r,i,t,y){\n\t\t\tc[a]=c[a]||function(){(c[a].q=c[a].q||[]).push(arguments)};t=l.createElement(r);t.async=1;\n\t\t\tt.src=\"https:\/\/www.clarity.ms\/tag\/\"+i+\"?ref=aioseo\";y=l.getElementsByTagName(r)[0];y.parentNode.insertBefore(t,y);\n\t\t})(window, document, \"clarity\", \"script\", \"b88vlc75di\");\n\t\t<\/script>\n\t\t<!-- All in One SEO Pro -->\r\n\t\t<title>Mobile Workstations - Agile Labs<\/title>\n\n","aioseo_head_json":{"title":"Mobile Workstations - Agile Labs","description":"Off-Line, 21 CFR Part 11 Compliant, Full Program Functionality Paper-based calibration practices are costly and time consuming and they increase the risk of human error and non-compliance. ProCalV5 off-line Mobile Workstations utilize the full program interface and incorporate all 21 CFR Part 11 compliant controls. Sophisticated import\/export features ensure data integrity. ProCalV5 Paperless Calibration Highlights","canonical_url":"https:\/\/www.agilelabs.co.za\/tr\/mobile-workstations\/","robots":"max-image-preview:large","keywords":"","webmasterTools":{"google-site-verification":"Nku-_1g-wtMYqihMzrUWbm5pdgO5gPY2D7l1ya5YPAU","msvalidate.01":"9fc30828a433413eb7b3b5d32174774f","yandex-verification":"c2122235dabe51e3","miscellaneous":""},"og:locale":"tr_TR","og:site_name":"Agile Labs - Industry and laboratory software solutions","og:type":"article","og:title":"Mobile Workstations - Agile Labs","og:description":"Off-Line, 21 CFR Part 11 Compliant, Full Program Functionality Paper-based calibration practices are costly and time consuming and they increase the risk of human error and non-compliance. ProCalV5 off-line Mobile Workstations utilize the full program interface and incorporate all 21 CFR Part 11 compliant controls. Sophisticated import\/export features ensure data integrity. ProCalV5 Paperless Calibration Highlights","og:url":"https:\/\/www.agilelabs.co.za\/tr\/mobile-workstations\/","og:image":"https:\/\/www.agilelabs.co.za\/wp-content\/uploads\/2021\/08\/TwitterLogo.png?wsr","og:image:secure_url":"https:\/\/www.agilelabs.co.za\/wp-content\/uploads\/2021\/08\/TwitterLogo.png?wsr","og:image:width":189,"og:image:height":168,"article:published_time":"2021-08-20T01:41:10+00:00","article:modified_time":"2021-11-23T18:26:17+00:00","article:publisher":"https:\/\/www.facebook.com\/AgileLabsTeam","article:author":"https:\/\/www.facebook.com\/AgileLabsTeam","twitter:card":"summary","twitter:site":"@InfoAgileLabs","twitter:title":"Mobile Workstations - Agile Labs","twitter:description":"Off-Line, 21 CFR Part 11 Compliant, Full Program Functionality Paper-based calibration practices are costly and time consuming and they increase the risk of human error and non-compliance. ProCalV5 off-line Mobile Workstations utilize the full program interface and incorporate all 21 CFR Part 11 compliant controls. Sophisticated import\/export features ensure data integrity. ProCalV5 Paperless Calibration Highlights","twitter:creator":"@InfoAgileLabs","twitter:image":"https:\/\/www.agilelabs.co.za\/wp-content\/uploads\/2021\/08\/TwitterLogo.png?wsr","schema":{"@context":"https:\/\/schema.org","@graph":[{"@type":"BreadcrumbList","@id":"https:\/\/www.agilelabs.co.za\/tr\/mobile-workstations\/#breadcrumblist","itemListElement":[{"@type":"ListItem","@id":"https:\/\/www.agilelabs.co.za\/tr\/#listItem","position":1,"name":"Home","item":"https:\/\/www.agilelabs.co.za\/tr\/","nextItem":"https:\/\/www.agilelabs.co.za\/tr\/mobile-workstations\/#listItem"},{"@type":"ListItem","@id":"https:\/\/www.agilelabs.co.za\/tr\/mobile-workstations\/#listItem","position":2,"name":"Mobile Workstations","previousItem":"https:\/\/www.agilelabs.co.za\/tr\/#listItem"}]},{"@type":"Organization","@id":"https:\/\/www.agilelabs.co.za\/tr\/#organization","name":"Agile Labs","url":"https:\/\/www.agilelabs.co.za\/tr\/","logo":{"@type":"ImageObject","url":"https:\/\/www.agilelabs.co.za\/wp-content\/uploads\/2021\/08\/LogoTransparant.gif?wsr","@id":"https:\/\/www.agilelabs.co.za\/tr\/mobile-workstations\/#organizationLogo","width":125,"height":113},"image":{"@id":"https:\/\/www.agilelabs.co.za\/tr\/mobile-workstations\/#organizationLogo"},"sameAs":["https:\/\/www.facebook.com\/AgileLabsTeam","https:\/\/twitter.com\/InfoAgileLabs"]},{"@type":"WebPage","@id":"https:\/\/www.agilelabs.co.za\/tr\/mobile-workstations\/#webpage","url":"https:\/\/www.agilelabs.co.za\/tr\/mobile-workstations\/","name":"Mobile Workstations - Agile Labs","description":"Off-Line, 21 CFR Part 11 Compliant, Full Program Functionality Paper-based calibration practices are costly and time consuming and they increase the risk of human error and non-compliance. ProCalV5 off-line Mobile Workstations utilize the full program interface and incorporate all 21 CFR Part 11 compliant controls. Sophisticated import\/export features ensure data integrity. ProCalV5 Paperless Calibration Highlights","inLanguage":"tr-TR","isPartOf":{"@id":"https:\/\/www.agilelabs.co.za\/tr\/#website"},"breadcrumb":{"@id":"https:\/\/www.agilelabs.co.za\/tr\/mobile-workstations\/#breadcrumblist"},"datePublished":"2021-08-20T03:41:10+02:00","dateModified":"2021-11-23T20:26:17+02:00"},{"@type":"WebSite","@id":"https:\/\/www.agilelabs.co.za\/tr\/#website","url":"https:\/\/www.agilelabs.co.za\/tr\/","name":"Agile Labs","description":"Industry and laboratory software solutions","inLanguage":"tr-TR","publisher":{"@id":"https:\/\/www.agilelabs.co.za\/tr\/#organization"}}]}},"aioseo_meta_data":{"post_id":"11597","title":null,"description":null,"keywords":null,"keyphrases":null,"primary_term":null,"canonical_url":null,"og_title":null,"og_description":null,"og_object_type":"default","og_image_type":"default","og_image_url":null,"og_image_width":null,"og_image_height":null,"og_image_custom_url":null,"og_image_custom_fields":null,"og_video":null,"og_custom_url":null,"og_article_section":null,"og_article_tags":null,"twitter_use_og":false,"twitter_card":"default","twitter_image_type":"default","twitter_image_url":null,"twitter_image_custom_url":null,"twitter_image_custom_fields":null,"twitter_title":null,"twitter_description":null,"schema":{"blockGraphs":[],"customGraphs":[],"default":{"data":{"Article":[],"Course":[],"Dataset":[],"FAQPage":[],"Movie":[],"Person":[],"Product":[],"Recipe":[],"Service":[],"SoftwareApplication":[],"WebPage":[]},"graphName":"","isEnabled":true},"graphs":[]},"schema_type":"default","schema_type_options":null,"pillar_content":false,"robots_default":true,"robots_noindex":false,"robots_noarchive":false,"robots_nosnippet":false,"robots_nofollow":false,"robots_noimageindex":false,"robots_noodp":false,"robots_notranslate":false,"robots_max_snippet":null,"robots_max_videopreview":null,"robots_max_imagepreview":"large","priority":null,"frequency":null,"local_seo":null,"limit_modified_date":false,"open_ai":null,"created":"2022-02-09 02:39:01","updated":"2022-09-13 21:15:52"},"_links":{"self":[{"href":"https:\/\/www.agilelabs.co.za\/tr\/wp-json\/wp\/v2\/pages\/11597","targetHints":{"allow":["GET"]}}],"collection":[{"href":"https:\/\/www.agilelabs.co.za\/tr\/wp-json\/wp\/v2\/pages"}],"about":[{"href":"https:\/\/www.agilelabs.co.za\/tr\/wp-json\/wp\/v2\/types\/page"}],"author":[{"embeddable":true,"href":"https:\/\/www.agilelabs.co.za\/tr\/wp-json\/wp\/v2\/users\/1"}],"replies":[{"embeddable":true,"href":"https:\/\/www.agilelabs.co.za\/tr\/wp-json\/wp\/v2\/comments?post=11597"}],"version-history":[{"count":0,"href":"https:\/\/www.agilelabs.co.za\/tr\/wp-json\/wp\/v2\/pages\/11597\/revisions"}],"wp:attachment":[{"href":"https:\/\/www.agilelabs.co.za\/tr\/wp-json\/wp\/v2\/media?parent=11597"}],"wp:term":[{"taxonomy":"category","embeddable":true,"href":"https:\/\/www.agilelabs.co.za\/tr\/wp-json\/wp\/v2\/categories?post=11597"},{"taxonomy":"post_tag","embeddable":true,"href":"https:\/\/www.agilelabs.co.za\/tr\/wp-json\/wp\/v2\/tags?post=11597"}],"curies":[{"name":"wp","href":"https:\/\/api.w.org\/{rel}","templated":true}]}}