{"id":11592,"date":"2021-08-20T02:44:41","date_gmt":"2021-08-20T00:44:41","guid":{"rendered":"https:\/\/www.agilelabs.co.za\/?page_id=11447"},"modified":"2021-11-23T20:27:26","modified_gmt":"2021-11-23T18:27:26","slug":"overview","status":"publish","type":"page","link":"https:\/\/www.agilelabs.co.za\/tr\/overview\/","title":{"rendered":"genel bak\u0131\u015f"},"content":{"rendered":"<blockquote class=\"wp-block-quote is-layout-flow wp-block-quote-is-layout-flow\"><p>Kalibrasyon Y\u00f6netim Yaz\u0131l\u0131m\u0131 \u2013 CMS<\/p><\/blockquote>\n\n\n\n<p>Prime Technologies, Kalibrasyon, Bak\u0131m ve Do\u011frulama varl\u0131klar\u0131n\u0131 y\u00f6netmek i\u00e7in kan\u0131tlanm\u0131\u015f kalibrasyon y\u00f6netimi yaz\u0131l\u0131m\u0131 (CMS) \u00e7\u00f6z\u00fcmleri sunar. ProCal sistemi, mevzuata uygunluk, iyile\u015ftirilmi\u015f uygulamalar sa\u011flar, zamandan tasarruf sa\u011flar, \u00fcretkenli\u011fi art\u0131r\u0131r ve i\u015fletim maliyetlerini azalt\u0131r. Hem ProCalV5 hem de ProCal Direct aray\u00fcz\u00fc ile <a href=\"https:\/\/www.agilelabs.co.za\/tr\/sap-enterprise\/\" data-type=\"URL\" data-id=\"https:\/\/www.agilelabs.co.za\/sap-enterprise\/\">SAP Kurumsal<\/a>.<\/p>\n\n\n\n<p><\/p>\n\n\n\n<figure class=\"wp-block-image size-full\"><img decoding=\"async\" src=\"https:\/\/www.agilelabs.co.za\/wp-content\/uploads\/2021\/08\/PrimeTechnologiesLogo3.png\" alt=\"\" class=\"wp-image-11625\"\/><\/figure>\n\n\n\n<p><\/p>\n\n\n\n<p><strong>D\u00fcnya \u00c7ap\u0131nda B\u00fcy\u00fck ve K\u00fc\u00e7\u00fck \u015eirketler \u0130\u00e7in \u0130ki Da\u011f\u0131t\u0131m Se\u00e7ene\u011fi<\/strong><\/p>\n\n\n\n<p><\/p>\n\n\n\n<p><strong>P<\/strong>r<strong>oKal Do\u011frudan<\/strong><\/p>\n\n\n\n<ul class=\"wp-block-list\"><li>ProCalV5 Bulutta!<\/li><li>Web Taray\u0131c\u0131s\u0131 ile Her Yere Ba\u011flan\u0131n<\/li><li>\u00c7evik Laboratuvarlar veya Prime Teknolojileri i\u00e7in T\u00fcm BT Altyap\u0131s\u0131n\u0131 Sa\u011flayacak Se\u00e7enekler<\/li><\/ul>\n\n\n\n<figure class=\"wp-block-image size-full\"><img decoding=\"async\" src=\"https:\/\/www.agilelabs.co.za\/wp-content\/uploads\/2021\/08\/ProCalDirect.jpg\" alt=\"\" class=\"wp-image-11460\"\/><\/figure>\n\n\n\n<p><strong>ProCalV5<\/strong><\/p>\n\n\n\n<ul class=\"wp-block-list\"><li>Yerinde Kalibrasyon Y\u00f6netim Yaz\u0131l\u0131m\u0131<\/li><li>Sekt\u00f6r\u00fcn \u0130lk 21 CFR B\u00f6l\u00fcm 11 Uyumlu Ka\u011f\u0131ts\u0131z Kalibrasyon \u00c7\u00f6z\u00fcm\u00fc<\/li><li>ProCal Kalibrasyon Uygulamalar\u0131 D\u00fcnya \u00c7ap\u0131nda Binlerce \u015eirket Taraf\u0131ndan Kullan\u0131lmaktad\u0131r<\/li><\/ul>\n\n\n\n<figure class=\"wp-block-image size-full\"><img decoding=\"async\" src=\"https:\/\/www.agilelabs.co.za\/wp-content\/uploads\/2021\/08\/ProCalV5.jpg\" alt=\"\" class=\"wp-image-11461\"\/><\/figure>\n\n\n\n<p><strong><a href=\"https:\/\/www.primetechpa.com\/procal-software\/procalv5-features-benefits\/\">H\u0131zl\u0131 \u00d6zellikler ve Faydalar Listesi<\/a><\/strong><\/p>\n\n\n\n<ul class=\"wp-block-list\"><li>S\u0131n\u0131rs\u0131z Bireysel Hesap, Kullan\u0131c\u0131, Kullan\u0131c\u0131 Grubu veya Varl\u0131k ile Tek Kullan\u0131c\u0131dan Kurumsala \u00d6l\u00e7eklenebilir<\/li><li>Birden Fazla Siteyi\/B\u00f6l\u00fcm\u00fc Destekler<\/li><li>\u0130\u015f Tasarrufu, Ger\u00e7ek Zamanl\u0131 Ka\u011f\u0131ts\u0131z \u0130\u015flevsellik<\/li><li>G\u00f6revleri teknisyenlere h\u0131zla atay\u0131n ve i\u015f emirleri olu\u015fturun<\/li><li>Kalibrasyon planlamas\u0131, Ana Cihaz Kayd\u0131 \u00fczerinde kolayca tamamlan\u0131r ve kalibrasyon sistemi otomatik olarak bir sonraki son tarihi planlar ve zaman\u0131 geldi\u011finde sizi uyar\u0131r.<\/li><li>Do\u011frulanm\u0131\u015f\/21 CFR B\u00f6l\u00fcm 11, FDA ve GxP Uyumlu<\/li><li>Bak\u0131m Y\u00f6netimi ve Par\u00e7a Envanteri<\/li><li>\u00c7evrimd\u0131\u015f\u0131na \u0130\u00e7e\/D\u0131\u015fa Aktar <a href=\"https:\/\/www.primetechpa.com\/procal-software\/mobile-workstation\/\">Mobil \u0130\u015f \u0130stasyonlar\u0131<\/a><\/li><li>Y\u00fckle\/\u0130ndir <a href=\"https:\/\/www.primetechpa.com\/documenting-calibrators\/\">Proses Kalibrat\u00f6rlerini Belgeleme<\/a><\/li><li>Kalibrasyon sertifikalar\u0131 \u00fcretir ve otomatik olarak cal \u00e7\u0131kartmalar\u0131 yazd\u0131rabilir<\/li><li>Alt\u0131 farkl\u0131 dil deste\u011fi ile \u00e7oklu dil<\/li><li>80+ Standart Rapor<\/li><li>Ve daha fazlas\u0131!<\/li><\/ul>\n\n\n\n<blockquote class=\"wp-block-quote is-layout-flow wp-block-quote-is-layout-flow\"><p>\u201cS\u0131n\u0131f\u0131nda Bir \u0130lk\u201d Kalibrasyon ve Bak\u0131m Varl\u0131k Y\u00f6netimi<\/p><\/blockquote>\n\n\n\n<p>ProCalV5 \u00fcr\u00fcnleri y\u00fcksek d\u00fczeyde yap\u0131land\u0131r\u0131labilir ve a\u015fa\u011f\u0131dakiler dahil olmak \u00fczere kurumsal hedeflerinizi kar\u015f\u0131layacak \u015fekilde kolayca uyarlanabilir:<\/p>\n\n\n\n<ul class=\"wp-block-list\"><li><strong>Ka\u011f\u0131ts\u0131z Ger\u00e7ek Zamanl\u0131 \u00c7\u00f6z\u00fcmler:<\/strong> ProCalV5, yaln\u0131zca ger\u00e7ekten tam i\u015flevli ka\u011f\u0131ts\u0131z bir \u00e7\u00f6z\u00fcmle sa\u011flanan y\u00f6netim avantajlar\u0131, performans avantajlar\u0131 ve raporlama verimlilikleri sunar. End\u00fcstride kan\u0131tlanm\u0131\u015f, sa\u011flam program\u0131m\u0131z, yaln\u0131zca en iyi yaz\u0131l\u0131m sistemleriyle deneyimlenen g\u00fcvenilirlikle \u00e7al\u0131\u015facakt\u0131r.<\/li><li><strong>Uyma:<\/strong> ProCalV5, en kat\u0131 mevzuat uyumlulu\u011fu veri yakalama ve raporlama ihtiya\u00e7lar\u0131n\u0131 kar\u015f\u0131lamak i\u00e7in gerekli \u00f6zellikleri sa\u011flamak \u00fczere \u00f6zel olarak tasarlanm\u0131\u015ft\u0131r. Bu sekt\u00f6rdeki ilk 21 CFR B\u00f6l\u00fcm 11 uyumlu \u00e7\u00f6z\u00fcm, ISO 9000-2001, QS 9000, ISO 17025, ANSI 254, AS9100 ve di\u011fer kalite, \u00e7evre ve g\u00fcvenlik gereksinimlerini de destekler.<\/li><li><strong>Hibrit \u00c7\u00f6z\u00fcmler:<\/strong> Ka\u011f\u0131ts\u0131z bir ortama ge\u00e7meye haz\u0131r de\u011fil misiniz? ProCalV5 ile bas\u0131l\u0131 kopya \u00e7al\u0131\u015fma sayfalar\u0131n\u0131, formlar\u0131 ve raporlar\u0131 kullanmaya devam etme kapsam\u0131n\u0131za siz karar verirsiniz. olarak ProCalV5&#039;i se\u00e7ti\u011finizde <a href=\"https:\/\/www.primetechpa.com\/procal-software\/procalv5\/\">Kalibrasyon Y\u00f6netim Yaz\u0131l\u0131m\u0131<\/a>, operasyonlar\u0131n\u0131z\u0131 nas\u0131l y\u00fcr\u00fctece\u011finize ve program\u0131 uygulamalar\u0131n\u0131za uyacak \u015fekilde nas\u0131l yap\u0131land\u0131raca\u011f\u0131n\u0131za siz karar verirsiniz, tersi de\u011fil.<\/li><li><strong>Ba\u011f\u0131ms\u0131z \u00c7\u00f6z\u00fcmler:<\/strong> Kapsaml\u0131 bir y\u00f6netim sistemi mi ar\u0131yorsunuz; ancak ba\u015flang\u0131\u00e7ta yaln\u0131zca bireysel site ihtiya\u00e7lar\u0131n\u0131z\u0131 kar\u015f\u0131layan bir tane mi? Sorun de\u011fil! ProCalV5 ba\u011f\u0131ms\u0131z bir uygulama olarak kolayca kullan\u0131labilir ve gelecekte ek \u00f6zerk hesaplar eklemek isterseniz kolayca \u00f6l\u00e7eklenebilir.<\/li><li><strong>\u00c7oklu Site \u00c7\u00f6z\u00fcmleri:<\/strong> \u015eirketler ve kurulu\u015flar genellikle tek, merkezi olarak da\u011f\u0131t\u0131lan, ancak bir\u00e7ok b\u00f6l\u00fcm\u00fc ve siteyi destekleyebilen bir uygulamaya ihtiya\u00e7 duyar. ProCalV5, benzersiz hesap ay\u0131rma i\u015flevi sunar, ancak kurulu\u015f genelinde standartla\u015ft\u0131r\u0131lm\u0131\u015f uygulamalar i\u00e7in kolay yap\u0131land\u0131rmay\u0131 te\u015fvik eden ve etkinle\u015ftiren \u00f6zelliklere sahiptir.<\/li><li><strong>ProCalV5 e\u015fsiz i\u015flevsellik sunar.<\/strong> Ka\u011f\u0131t veya ka\u011f\u0131ts\u0131z, kapsaml\u0131 liste <a href=\"https:\/\/www.primetechpa.com\/procal-software\/procalv5-features-benefits\/\">program \u00f6zellikleri ve geli\u015fmi\u015f i\u015flevsellik<\/a> operasyonel maliyetlerinizi azaltacak, insan hatalar\u0131n\u0131 ortadan kald\u0131racak ve mevzuata uygunlu\u011fu sa\u011flayacakt\u0131r.<\/li><\/ul>\n\n\n\n<p><\/p>\n\n\n\n<div class=\"wp-block-image\"><figure class=\"aligncenter size-full is-resized\"><img decoding=\"async\" src=\"https:\/\/www.agilelabs.co.za\/wp-content\/uploads\/2021\/08\/ProCalV5-With-SAP-1.jpg\" alt=\"\" class=\"wp-image-11462\" width=\"326\" height=\"100\"\/><\/figure><\/div>\n\n\n\n<div class=\"wp-block-image\"><figure class=\"aligncenter size-full\"><img decoding=\"async\" src=\"https:\/\/www.agilelabs.co.za\/wp-content\/uploads\/2021\/08\/ProCalV5-With-Fluke.jpg\" alt=\"\" class=\"wp-image-11463\"\/><\/figure><\/div>\n\n\n\n<div class=\"wp-block-image\"><figure class=\"aligncenter size-full\"><img decoding=\"async\" src=\"https:\/\/www.agilelabs.co.za\/wp-content\/uploads\/2021\/08\/Upgrade-DPCTrack2-Honeywell-Documint.jpg\" alt=\"\" class=\"wp-image-11464\"\/><\/figure><\/div>\n\n\n\n<div class=\"wp-block-image\"><figure class=\"aligncenter size-full\"><img decoding=\"async\" src=\"https:\/\/www.agilelabs.co.za\/wp-content\/uploads\/2021\/08\/Encompass_Product_Partner_Americas_Web2.jpg\" alt=\"\" class=\"wp-image-11466\"\/><\/figure><\/div>","protected":false},"excerpt":{"rendered":"<p>Calibration Management Software &#8211; CMS Prime Technologies offers proven calibration management software (CMS) solutions to manage assets for Calibration, Maintenance and Validation. A ProCal system ensures regulatory compliance, improved practices, saves time, increases productivity and reduces operational costs. Both ProCalV5 and ProCal Direct interface with SAP Enterprise. Two Deployment Options For Large And Small Companies<\/p>\n<p class=\"more-link\"><a href=\"https:\/\/www.agilelabs.co.za\/tr\/overview\/\" class=\"themebutton\">Devam\u0131n\u0131 oku<\/a><\/p>","protected":false},"author":1,"featured_media":0,"parent":0,"menu_order":0,"comment_status":"closed","ping_status":"closed","template":"","meta":{"_acf_changed":false,"_monsterinsights_skip_tracking":false,"_monsterinsights_sitenote_active":false,"_monsterinsights_sitenote_note":"","_monsterinsights_sitenote_category":0,"footnotes":""},"categories":[],"tags":[],"class_list":["post-11592","page","type-page","status-publish","hentry"],"acf":[],"aioseo_notices":[],"aioseo_head":"\n\t\t<!-- All in One SEO Pro 4.7.0 - aioseo.com -->\n\t\t<meta name=\"description\" content=\"Calibration Management Software - CMS Prime Technologies offers proven calibration management software (CMS) solutions to manage assets for Calibration, Maintenance and Validation. A ProCal system ensures regulatory compliance, improved practices, saves time, increases productivity and reduces operational costs. Both ProCalV5 and ProCal Direct interface with SAP Enterprise. Two Deployment Options For Large And Small Companies\" \/>\n\t\t<meta name=\"robots\" content=\"max-image-preview:large\" \/>\n\t\t<meta name=\"google-site-verification\" content=\"Nku-_1g-wtMYqihMzrUWbm5pdgO5gPY2D7l1ya5YPAU\" \/>\n\t\t<meta name=\"msvalidate.01\" content=\"9fc30828a433413eb7b3b5d32174774f\" \/>\n\t\t<meta name=\"yandex-verification\" content=\"c2122235dabe51e3\" \/>\n\t\t<link rel=\"canonical\" href=\"https:\/\/www.agilelabs.co.za\/tr\/overview\/\" \/>\n\t\t<meta name=\"generator\" content=\"All in One SEO Pro (AIOSEO) 4.7.0\" \/>\n\t\t<meta property=\"og:locale\" content=\"tr_TR\" \/>\n\t\t<meta property=\"og:site_name\" content=\"Agile Labs - Industry and laboratory software solutions\" \/>\n\t\t<meta property=\"og:type\" content=\"article\" \/>\n\t\t<meta property=\"og:title\" content=\"Overview - Agile Labs\" \/>\n\t\t<meta property=\"og:description\" content=\"Calibration Management Software - CMS Prime Technologies offers proven calibration management software (CMS) solutions to manage assets for Calibration, Maintenance and Validation. A ProCal system ensures regulatory compliance, improved practices, saves time, increases productivity and reduces operational costs. Both ProCalV5 and ProCal Direct interface with SAP Enterprise. Two Deployment Options For Large And Small Companies\" \/>\n\t\t<meta property=\"og:url\" content=\"https:\/\/www.agilelabs.co.za\/tr\/overview\/\" \/>\n\t\t<meta property=\"og:image\" content=\"https:\/\/www.agilelabs.co.za\/wp-content\/uploads\/2021\/08\/TwitterLogo.png?wsr\" \/>\n\t\t<meta property=\"og:image:secure_url\" content=\"https:\/\/www.agilelabs.co.za\/wp-content\/uploads\/2021\/08\/TwitterLogo.png?wsr\" \/>\n\t\t<meta property=\"og:image:width\" content=\"189\" \/>\n\t\t<meta property=\"og:image:height\" content=\"168\" \/>\n\t\t<meta property=\"article:published_time\" content=\"2021-08-20T00:44:41+00:00\" \/>\n\t\t<meta property=\"article:modified_time\" content=\"2021-11-23T18:27:26+00:00\" \/>\n\t\t<meta property=\"article:publisher\" content=\"https:\/\/www.facebook.com\/AgileLabsTeam\" \/>\n\t\t<meta property=\"article:author\" content=\"https:\/\/www.facebook.com\/AgileLabsTeam\" \/>\n\t\t<meta name=\"twitter:card\" content=\"summary\" \/>\n\t\t<meta name=\"twitter:site\" content=\"@InfoAgileLabs\" \/>\n\t\t<meta name=\"twitter:title\" content=\"Overview - Agile Labs\" \/>\n\t\t<meta name=\"twitter:description\" content=\"Calibration Management Software - CMS Prime Technologies offers proven calibration management software (CMS) solutions to manage assets for Calibration, Maintenance and Validation. A ProCal system ensures regulatory compliance, improved practices, saves time, increases productivity and reduces operational costs. Both ProCalV5 and ProCal Direct interface with SAP Enterprise. Two Deployment Options For Large And Small Companies\" \/>\n\t\t<meta name=\"twitter:creator\" content=\"@InfoAgileLabs\" \/>\n\t\t<meta name=\"twitter:image\" content=\"https:\/\/www.agilelabs.co.za\/wp-content\/uploads\/2021\/08\/TwitterLogo.png?wsr\" \/>\n\t\t<script type=\"application\/ld+json\" class=\"aioseo-schema\">\n\t\t\t{\"@context\":\"https:\\\/\\\/schema.org\",\"@graph\":[{\"@type\":\"BreadcrumbList\",\"@id\":\"https:\\\/\\\/www.agilelabs.co.za\\\/tr\\\/overview\\\/#breadcrumblist\",\"itemListElement\":[{\"@type\":\"ListItem\",\"@id\":\"https:\\\/\\\/www.agilelabs.co.za\\\/tr\\\/#listItem\",\"position\":1,\"name\":\"Home\",\"item\":\"https:\\\/\\\/www.agilelabs.co.za\\\/tr\\\/\",\"nextItem\":\"https:\\\/\\\/www.agilelabs.co.za\\\/tr\\\/overview\\\/#listItem\"},{\"@type\":\"ListItem\",\"@id\":\"https:\\\/\\\/www.agilelabs.co.za\\\/tr\\\/overview\\\/#listItem\",\"position\":2,\"name\":\"Overview\",\"previousItem\":\"https:\\\/\\\/www.agilelabs.co.za\\\/tr\\\/#listItem\"}]},{\"@type\":\"Organization\",\"@id\":\"https:\\\/\\\/www.agilelabs.co.za\\\/tr\\\/#organization\",\"name\":\"Agile Labs\",\"url\":\"https:\\\/\\\/www.agilelabs.co.za\\\/tr\\\/\",\"logo\":{\"@type\":\"ImageObject\",\"url\":\"https:\\\/\\\/www.agilelabs.co.za\\\/wp-content\\\/uploads\\\/2021\\\/08\\\/LogoTransparant.gif?wsr\",\"@id\":\"https:\\\/\\\/www.agilelabs.co.za\\\/tr\\\/overview\\\/#organizationLogo\",\"width\":125,\"height\":113},\"image\":{\"@id\":\"https:\\\/\\\/www.agilelabs.co.za\\\/tr\\\/overview\\\/#organizationLogo\"},\"sameAs\":[\"https:\\\/\\\/www.facebook.com\\\/AgileLabsTeam\",\"https:\\\/\\\/twitter.com\\\/InfoAgileLabs\"]},{\"@type\":\"WebPage\",\"@id\":\"https:\\\/\\\/www.agilelabs.co.za\\\/tr\\\/overview\\\/#webpage\",\"url\":\"https:\\\/\\\/www.agilelabs.co.za\\\/tr\\\/overview\\\/\",\"name\":\"Overview - Agile Labs\",\"description\":\"Calibration Management Software - CMS Prime Technologies offers proven calibration management software (CMS) solutions to manage assets for Calibration, Maintenance and Validation. A ProCal system ensures regulatory compliance, improved practices, saves time, increases productivity and reduces operational costs. Both ProCalV5 and ProCal Direct interface with SAP Enterprise. Two Deployment Options For Large And Small Companies\",\"inLanguage\":\"tr-TR\",\"isPartOf\":{\"@id\":\"https:\\\/\\\/www.agilelabs.co.za\\\/tr\\\/#website\"},\"breadcrumb\":{\"@id\":\"https:\\\/\\\/www.agilelabs.co.za\\\/tr\\\/overview\\\/#breadcrumblist\"},\"datePublished\":\"2021-08-20T02:44:41+02:00\",\"dateModified\":\"2021-11-23T20:27:26+02:00\"},{\"@type\":\"WebSite\",\"@id\":\"https:\\\/\\\/www.agilelabs.co.za\\\/tr\\\/#website\",\"url\":\"https:\\\/\\\/www.agilelabs.co.za\\\/tr\\\/\",\"name\":\"Agile Labs\",\"description\":\"Industry and laboratory software solutions\",\"inLanguage\":\"tr-TR\",\"publisher\":{\"@id\":\"https:\\\/\\\/www.agilelabs.co.za\\\/tr\\\/#organization\"}}]}\n\t\t<\/script>\n\t\t<script type=\"text\/javascript\">\n\t\t\t(function(c,l,a,r,i,t,y){\n\t\t\tc[a]=c[a]||function(){(c[a].q=c[a].q||[]).push(arguments)};t=l.createElement(r);t.async=1;\n\t\t\tt.src=\"https:\/\/www.clarity.ms\/tag\/\"+i+\"?ref=aioseo\";y=l.getElementsByTagName(r)[0];y.parentNode.insertBefore(t,y);\n\t\t})(window, document, \"clarity\", \"script\", \"b88vlc75di\");\n\t\t<\/script>\n\t\t<!-- All in One SEO Pro -->\r\n\t\t<title>Overview - Agile Labs<\/title>\n\n","aioseo_head_json":{"title":"Overview - Agile Labs","description":"Calibration Management Software - CMS Prime Technologies offers proven calibration management software (CMS) solutions to manage assets for Calibration, Maintenance and Validation. A ProCal system ensures regulatory compliance, improved practices, saves time, increases productivity and reduces operational costs. Both ProCalV5 and ProCal Direct interface with SAP Enterprise. Two Deployment Options For Large And Small Companies","canonical_url":"https:\/\/www.agilelabs.co.za\/tr\/overview\/","robots":"max-image-preview:large","keywords":"","webmasterTools":{"google-site-verification":"Nku-_1g-wtMYqihMzrUWbm5pdgO5gPY2D7l1ya5YPAU","msvalidate.01":"9fc30828a433413eb7b3b5d32174774f","yandex-verification":"c2122235dabe51e3","miscellaneous":""},"og:locale":"tr_TR","og:site_name":"Agile Labs - Industry and laboratory software solutions","og:type":"article","og:title":"Overview - Agile Labs","og:description":"Calibration Management Software - CMS Prime Technologies offers proven calibration management software (CMS) solutions to manage assets for Calibration, Maintenance and Validation. A ProCal system ensures regulatory compliance, improved practices, saves time, increases productivity and reduces operational costs. Both ProCalV5 and ProCal Direct interface with SAP Enterprise. Two Deployment Options For Large And Small Companies","og:url":"https:\/\/www.agilelabs.co.za\/tr\/overview\/","og:image":"https:\/\/www.agilelabs.co.za\/wp-content\/uploads\/2021\/08\/TwitterLogo.png?wsr","og:image:secure_url":"https:\/\/www.agilelabs.co.za\/wp-content\/uploads\/2021\/08\/TwitterLogo.png?wsr","og:image:width":189,"og:image:height":168,"article:published_time":"2021-08-20T00:44:41+00:00","article:modified_time":"2021-11-23T18:27:26+00:00","article:publisher":"https:\/\/www.facebook.com\/AgileLabsTeam","article:author":"https:\/\/www.facebook.com\/AgileLabsTeam","twitter:card":"summary","twitter:site":"@InfoAgileLabs","twitter:title":"Overview - Agile Labs","twitter:description":"Calibration Management Software - CMS Prime Technologies offers proven calibration management software (CMS) solutions to manage assets for Calibration, Maintenance and Validation. A ProCal system ensures regulatory compliance, improved practices, saves time, increases productivity and reduces operational costs. Both ProCalV5 and ProCal Direct interface with SAP Enterprise. Two Deployment Options For Large And Small Companies","twitter:creator":"@InfoAgileLabs","twitter:image":"https:\/\/www.agilelabs.co.za\/wp-content\/uploads\/2021\/08\/TwitterLogo.png?wsr","schema":{"@context":"https:\/\/schema.org","@graph":[{"@type":"BreadcrumbList","@id":"https:\/\/www.agilelabs.co.za\/tr\/overview\/#breadcrumblist","itemListElement":[{"@type":"ListItem","@id":"https:\/\/www.agilelabs.co.za\/tr\/#listItem","position":1,"name":"Home","item":"https:\/\/www.agilelabs.co.za\/tr\/","nextItem":"https:\/\/www.agilelabs.co.za\/tr\/overview\/#listItem"},{"@type":"ListItem","@id":"https:\/\/www.agilelabs.co.za\/tr\/overview\/#listItem","position":2,"name":"Overview","previousItem":"https:\/\/www.agilelabs.co.za\/tr\/#listItem"}]},{"@type":"Organization","@id":"https:\/\/www.agilelabs.co.za\/tr\/#organization","name":"Agile Labs","url":"https:\/\/www.agilelabs.co.za\/tr\/","logo":{"@type":"ImageObject","url":"https:\/\/www.agilelabs.co.za\/wp-content\/uploads\/2021\/08\/LogoTransparant.gif?wsr","@id":"https:\/\/www.agilelabs.co.za\/tr\/overview\/#organizationLogo","width":125,"height":113},"image":{"@id":"https:\/\/www.agilelabs.co.za\/tr\/overview\/#organizationLogo"},"sameAs":["https:\/\/www.facebook.com\/AgileLabsTeam","https:\/\/twitter.com\/InfoAgileLabs"]},{"@type":"WebPage","@id":"https:\/\/www.agilelabs.co.za\/tr\/overview\/#webpage","url":"https:\/\/www.agilelabs.co.za\/tr\/overview\/","name":"Overview - Agile Labs","description":"Calibration Management Software - CMS Prime Technologies offers proven calibration management software (CMS) solutions to manage assets for Calibration, Maintenance and Validation. A ProCal system ensures regulatory compliance, improved practices, saves time, increases productivity and reduces operational costs. Both ProCalV5 and ProCal Direct interface with SAP Enterprise. Two Deployment Options For Large And Small Companies","inLanguage":"tr-TR","isPartOf":{"@id":"https:\/\/www.agilelabs.co.za\/tr\/#website"},"breadcrumb":{"@id":"https:\/\/www.agilelabs.co.za\/tr\/overview\/#breadcrumblist"},"datePublished":"2021-08-20T02:44:41+02:00","dateModified":"2021-11-23T20:27:26+02:00"},{"@type":"WebSite","@id":"https:\/\/www.agilelabs.co.za\/tr\/#website","url":"https:\/\/www.agilelabs.co.za\/tr\/","name":"Agile Labs","description":"Industry and laboratory software solutions","inLanguage":"tr-TR","publisher":{"@id":"https:\/\/www.agilelabs.co.za\/tr\/#organization"}}]}},"aioseo_meta_data":{"post_id":"11592","title":null,"description":null,"keywords":null,"keyphrases":null,"primary_term":null,"canonical_url":null,"og_title":null,"og_description":null,"og_object_type":"default","og_image_type":"default","og_image_url":null,"og_image_width":null,"og_image_height":null,"og_image_custom_url":null,"og_image_custom_fields":null,"og_video":null,"og_custom_url":null,"og_article_section":null,"og_article_tags":null,"twitter_use_og":false,"twitter_card":"default","twitter_image_type":"default","twitter_image_url":null,"twitter_image_custom_url":null,"twitter_image_custom_fields":null,"twitter_title":null,"twitter_description":null,"schema":{"blockGraphs":[],"customGraphs":[],"default":{"data":{"Article":[],"Course":[],"Dataset":[],"FAQPage":[],"Movie":[],"Person":[],"Product":[],"Recipe":[],"Service":[],"SoftwareApplication":[],"WebPage":[]},"graphName":"","isEnabled":true},"graphs":[]},"schema_type":"default","schema_type_options":null,"pillar_content":false,"robots_default":true,"robots_noindex":false,"robots_noarchive":false,"robots_nosnippet":false,"robots_nofollow":false,"robots_noimageindex":false,"robots_noodp":false,"robots_notranslate":false,"robots_max_snippet":null,"robots_max_videopreview":null,"robots_max_imagepreview":"large","priority":null,"frequency":null,"local_seo":null,"limit_modified_date":false,"open_ai":null,"created":"2022-02-09 02:39:01","updated":"2022-09-13 21:12:00"},"_links":{"self":[{"href":"https:\/\/www.agilelabs.co.za\/tr\/wp-json\/wp\/v2\/pages\/11592","targetHints":{"allow":["GET"]}}],"collection":[{"href":"https:\/\/www.agilelabs.co.za\/tr\/wp-json\/wp\/v2\/pages"}],"about":[{"href":"https:\/\/www.agilelabs.co.za\/tr\/wp-json\/wp\/v2\/types\/page"}],"author":[{"embeddable":true,"href":"https:\/\/www.agilelabs.co.za\/tr\/wp-json\/wp\/v2\/users\/1"}],"replies":[{"embeddable":true,"href":"https:\/\/www.agilelabs.co.za\/tr\/wp-json\/wp\/v2\/comments?post=11592"}],"version-history":[{"count":0,"href":"https:\/\/www.agilelabs.co.za\/tr\/wp-json\/wp\/v2\/pages\/11592\/revisions"}],"wp:attachment":[{"href":"https:\/\/www.agilelabs.co.za\/tr\/wp-json\/wp\/v2\/media?parent=11592"}],"wp:term":[{"taxonomy":"category","embeddable":true,"href":"https:\/\/www.agilelabs.co.za\/tr\/wp-json\/wp\/v2\/categories?post=11592"},{"taxonomy":"post_tag","embeddable":true,"href":"https:\/\/www.agilelabs.co.za\/tr\/wp-json\/wp\/v2\/tags?post=11592"}],"curies":[{"name":"wp","href":"https:\/\/api.w.org\/{rel}","templated":true}]}}