{"id":3,"date":"2021-08-27T10:41:31","date_gmt":"2021-08-27T10:41:31","guid":{"rendered":"https:\/\/www.agilelabs.co.za\/?page_id=3"},"modified":"2021-09-12T12:41:42","modified_gmt":"2021-09-12T10:41:42","slug":"privacy-policy-2","status":"publish","type":"page","link":"https:\/\/www.agilelabs.co.za\/sv\/privacy-policy-2\/","title":{"rendered":"Integritetspolicy"},"content":{"rendered":"<h2 class=\"wp-block-heading\">Vilka vi \u00e4r<\/h2>\n\n\n\n<p>V\u00e5r webbplatsadress \u00e4r: https:\/\/www.agilelabs.co.za.<\/p>\n\n\n\n<h2 class=\"wp-block-heading\">Kommentarer<\/h2>\n\n\n\n<p>N\u00e4r bes\u00f6kare l\u00e4mnar kommentarer p\u00e5 webbplatsen samlar vi in data som visas i kommentarsformul\u00e4ret, och \u00e4ven bes\u00f6karens IP -adress och webbl\u00e4sarens anv\u00e4ndaragentstr\u00e4ng f\u00f6r att hj\u00e4lpa till att uppt\u00e4cka skr\u00e4ppost.<\/p>\n\n\n\n<p>En anonymiserad str\u00e4ng skapad fr\u00e5n din e -postadress (\u00e4ven kallad hash) kan tillhandah\u00e5llas till Gravatar -tj\u00e4nsten f\u00f6r att se om du anv\u00e4nder den. Sekretesspolicyn f\u00f6r Gravatar -tj\u00e4nsten finns h\u00e4r: https:\/\/automattic.com\/privacy\/. Efter godk\u00e4nnande av din kommentar \u00e4r din profilbild synlig f\u00f6r allm\u00e4nheten i sammanhanget med din kommentar.<\/p>\n\n\n\n<h2 class=\"wp-block-heading\">Media<\/h2>\n\n\n\n<p>Om du laddar upp bilder till webbplatsen b\u00f6r du undvika att ladda upp bilder med inb\u00e4ddad platsinformation (EXIF GPS). Bes\u00f6kare p\u00e5 webbplatsen kan ladda ner och extrahera alla platsdata fr\u00e5n bilder p\u00e5 webbplatsen.<\/p>\n\n\n\n<h2 class=\"wp-block-heading\">Sm\u00e5kakor<\/h2>\n\n\n\n<p>Om du l\u00e4mnar en kommentar p\u00e5 v\u00e5r webbplats kan du v\u00e4lja att spara ditt namn, e-postadress och webbplats i cookies. Dessa \u00e4r f\u00f6r din bekv\u00e4mlighet s\u00e5 att du inte beh\u00f6ver fylla i dina uppgifter igen n\u00e4r du l\u00e4mnar en annan kommentar. Dessa kakor h\u00e5ller i ett \u00e5r.<\/p>\n\n\n\n<p>Om du bes\u00f6ker v\u00e5r inloggningssida kommer vi att st\u00e4lla in en tillf\u00e4llig cookie f\u00f6r att avg\u00f6ra om din webbl\u00e4sare accepterar cookies. Denna cookie inneh\u00e5ller inga personuppgifter och kasseras n\u00e4r du st\u00e4nger din webbl\u00e4sare.<\/p>\n\n\n\n<p>N\u00e4r du loggar in kommer vi ocks\u00e5 att st\u00e4lla in flera kakor f\u00f6r att spara din inloggningsinformation och dina sk\u00e4rmval. Inloggningskakor h\u00e5ller i tv\u00e5 dagar och sk\u00e4rmalternativkakor h\u00e5ller i ett \u00e5r. Om du v\u00e4ljer &quot;Kom ih\u00e5g mig&quot;, forts\u00e4tter din inloggning i tv\u00e5 veckor. Om du loggar ut fr\u00e5n ditt konto kommer inloggningskakorna att tas bort.<\/p>\n\n\n\n<p>Om du redigerar eller publicerar en artikel sparas ytterligare en cookie i din webbl\u00e4sare. Denna cookie inneh\u00e5ller inga personuppgifter och anger helt enkelt post -ID f\u00f6r artikeln du just redigerade. Den l\u00f6per ut efter 1 dag.<\/p>\n\n\n\n<h2 class=\"wp-block-heading\">Inb\u00e4ddat inneh\u00e5ll fr\u00e5n andra webbplatser<\/h2>\n\n\n\n<p>Artiklar p\u00e5 denna webbplats kan inneh\u00e5lla inb\u00e4ddat inneh\u00e5ll (t.ex. videor, bilder, artiklar, etc.). Inb\u00e4ddat inneh\u00e5ll fr\u00e5n andra webbplatser beter sig p\u00e5 exakt samma s\u00e4tt som om bes\u00f6karen har bes\u00f6kt den andra webbplatsen.<\/p>\n\n\n\n<p>Dessa webbplatser kan samla in data om dig, anv\u00e4nda cookies, b\u00e4dda in ytterligare tredjepartssp\u00e5rning och \u00f6vervaka din interaktion med det inb\u00e4ddade inneh\u00e5llet, inklusive sp\u00e5ra din interaktion med det inb\u00e4ddade inneh\u00e5llet om du har ett konto och \u00e4r inloggad p\u00e5 den webbplatsen.<\/p>\n\n\n\n<h2 class=\"wp-block-heading\">Vem vi delar dina uppgifter med<\/h2>\n\n\n\n<p>Om du beg\u00e4r \u00e5terst\u00e4llning av l\u00f6senord kommer din IP -adress att inkluderas i \u00e5terst\u00e4llningsmeddelandet.<\/p>\n\n\n\n<h2 class=\"wp-block-heading\">Hur l\u00e4nge vi beh\u00e5ller dina uppgifter<\/h2>\n\n\n\n<p>Om du l\u00e4mnar en kommentar beh\u00e5lls kommentaren och dess metadata p\u00e5 obest\u00e4md tid. Detta \u00e4r s\u00e5 att vi kan k\u00e4nna igen och godk\u00e4nna eventuella uppf\u00f6ljande kommentarer automatiskt ist\u00e4llet f\u00f6r att h\u00e5lla dem i en modereringsk\u00f6.<\/p>\n\n\n\n<p>F\u00f6r anv\u00e4ndare som registrerar sig p\u00e5 v\u00e5r webbplats (om s\u00e5dana finns), lagrar vi ocks\u00e5 den personliga information som de tillhandah\u00e5ller i sin anv\u00e4ndarprofil. Alla anv\u00e4ndare kan n\u00e4r som helst se, redigera eller radera sin personliga information (f\u00f6rutom att de inte kan \u00e4ndra sitt anv\u00e4ndarnamn). Webbplatsadministrat\u00f6rer kan ocks\u00e5 se och redigera den informationen.<\/p>\n\n\n\n<h2 class=\"wp-block-heading\">Vilka r\u00e4ttigheter har du \u00f6ver dina uppgifter<\/h2>\n\n\n\n<p>Om du har ett konto p\u00e5 den h\u00e4r webbplatsen eller har l\u00e4mnat kommentarer kan du beg\u00e4ra att f\u00e5 en exporterad fil med de personuppgifter vi har om dig, inklusive all information du har l\u00e4mnat till oss. Du kan ocks\u00e5 beg\u00e4ra att vi raderar alla personuppgifter vi har om dig. Detta inkluderar inga uppgifter som vi \u00e4r skyldiga att beh\u00e5lla f\u00f6r administrativa, juridiska eller s\u00e4kerhets\u00e4ndam\u00e5l.<\/p>\n\n\n\n<h2 class=\"wp-block-heading\">Var vi skickar dina uppgifter<\/h2>\n\n\n\n<p>Bes\u00f6kares kommentarer kan kontrolleras via en automatisk skr\u00e4pposttj\u00e4nst.<\/p>","protected":false},"excerpt":{"rendered":"<p>Who we are Our website address is: https:\/\/www.agilelabs.co.za. Comments When visitors leave comments on the site we collect the data shown in the comments form, and also the visitor\u2019s IP address and browser user agent string to help spam detection. An anonymized string created from your email address (also called a hash) may be provided<\/p>\n<p class=\"more-link\"><a href=\"https:\/\/www.agilelabs.co.za\/sv\/privacy-policy-2\/\" class=\"themebutton\">L\u00e4s mer<\/a><\/p>","protected":false},"author":1,"featured_media":20,"parent":0,"menu_order":0,"comment_status":"closed","ping_status":"open","template":"","meta":{"_acf_changed":false,"_monsterinsights_skip_tracking":false,"_monsterinsights_sitenote_active":false,"_monsterinsights_sitenote_note":"","_monsterinsights_sitenote_category":0,"footnotes":""},"categories":[],"tags":[],"class_list":["post-3","page","type-page","status-publish","has-post-thumbnail","hentry"],"acf":[],"aioseo_notices":[],"aioseo_head":"\n\t\t<!-- All in One SEO Pro 4.7.0 - aioseo.com -->\n\t\t<meta name=\"description\" content=\"Who we are Our website address is: https:\/\/www.agilelabs.co.za. Comments When visitors leave comments on the site we collect the data shown in the comments form, and also the visitor\u2019s IP address and browser user agent string to help spam detection. An anonymized string created from your email address (also called a hash) may be provided\" \/>\n\t\t<meta name=\"robots\" content=\"max-image-preview:large\" \/>\n\t\t<meta name=\"google-site-verification\" content=\"Nku-_1g-wtMYqihMzrUWbm5pdgO5gPY2D7l1ya5YPAU\" \/>\n\t\t<meta name=\"msvalidate.01\" content=\"9fc30828a433413eb7b3b5d32174774f\" \/>\n\t\t<meta name=\"yandex-verification\" content=\"c2122235dabe51e3\" \/>\n\t\t<link rel=\"canonical\" href=\"https:\/\/www.agilelabs.co.za\/sv\/privacy-policy-2\/\" \/>\n\t\t<meta name=\"generator\" content=\"All in One SEO Pro (AIOSEO) 4.7.0\" \/>\n\t\t<meta property=\"og:locale\" content=\"sv_SE\" \/>\n\t\t<meta property=\"og:site_name\" content=\"Agile Labs - Industry and laboratory software solutions\" \/>\n\t\t<meta property=\"og:type\" content=\"article\" \/>\n\t\t<meta property=\"og:title\" content=\"Privacy Policy - Agile Labs\" \/>\n\t\t<meta property=\"og:description\" content=\"Who we are Our website address is: https:\/\/www.agilelabs.co.za. Comments When visitors leave comments on the site we collect the data shown in the comments form, and also the visitor\u2019s IP address and browser user agent string to help spam detection. An anonymized string created from your email address (also called a hash) may be provided\" \/>\n\t\t<meta property=\"og:url\" content=\"https:\/\/www.agilelabs.co.za\/sv\/privacy-policy-2\/\" \/>\n\t\t<meta property=\"og:image\" content=\"https:\/\/www.agilelabs.co.za\/wp-content\/uploads\/2021\/08\/TwitterLogo.png?wsr\" \/>\n\t\t<meta property=\"og:image:secure_url\" content=\"https:\/\/www.agilelabs.co.za\/wp-content\/uploads\/2021\/08\/TwitterLogo.png?wsr\" \/>\n\t\t<meta property=\"og:image:width\" content=\"189\" \/>\n\t\t<meta property=\"og:image:height\" content=\"168\" \/>\n\t\t<meta property=\"article:published_time\" content=\"2021-08-27T10:41:31+00:00\" \/>\n\t\t<meta property=\"article:modified_time\" content=\"2021-09-12T10:41:42+00:00\" \/>\n\t\t<meta property=\"article:publisher\" content=\"https:\/\/www.facebook.com\/AgileLabsTeam\" \/>\n\t\t<meta property=\"article:author\" content=\"https:\/\/www.facebook.com\/AgileLabsTeam\" \/>\n\t\t<meta name=\"twitter:card\" content=\"summary\" \/>\n\t\t<meta name=\"twitter:site\" content=\"@InfoAgileLabs\" \/>\n\t\t<meta name=\"twitter:title\" content=\"Privacy Policy - Agile Labs\" \/>\n\t\t<meta name=\"twitter:description\" content=\"Who we are Our website address is: https:\/\/www.agilelabs.co.za. Comments When visitors leave comments on the site we collect the data shown in the comments form, and also the visitor\u2019s IP address and browser user agent string to help spam detection. An anonymized string created from your email address (also called a hash) may be provided\" \/>\n\t\t<meta name=\"twitter:creator\" content=\"@InfoAgileLabs\" \/>\n\t\t<meta name=\"twitter:image\" content=\"https:\/\/www.agilelabs.co.za\/wp-content\/uploads\/2021\/08\/TwitterLogo.png?wsr\" \/>\n\t\t<script type=\"application\/ld+json\" class=\"aioseo-schema\">\n\t\t\t{\"@context\":\"https:\\\/\\\/schema.org\",\"@graph\":[{\"@type\":\"BreadcrumbList\",\"@id\":\"https:\\\/\\\/www.agilelabs.co.za\\\/sv\\\/privacy-policy-2\\\/#breadcrumblist\",\"itemListElement\":[{\"@type\":\"ListItem\",\"@id\":\"https:\\\/\\\/www.agilelabs.co.za\\\/sv\\\/#listItem\",\"position\":1,\"name\":\"Home\",\"item\":\"https:\\\/\\\/www.agilelabs.co.za\\\/sv\\\/\",\"nextItem\":\"https:\\\/\\\/www.agilelabs.co.za\\\/sv\\\/privacy-policy-2\\\/#listItem\"},{\"@type\":\"ListItem\",\"@id\":\"https:\\\/\\\/www.agilelabs.co.za\\\/sv\\\/privacy-policy-2\\\/#listItem\",\"position\":2,\"name\":\"Privacy Policy\",\"previousItem\":\"https:\\\/\\\/www.agilelabs.co.za\\\/sv\\\/#listItem\"}]},{\"@type\":\"Organization\",\"@id\":\"https:\\\/\\\/www.agilelabs.co.za\\\/sv\\\/#organization\",\"name\":\"Agile Labs\",\"url\":\"https:\\\/\\\/www.agilelabs.co.za\\\/sv\\\/\",\"logo\":{\"@type\":\"ImageObject\",\"url\":\"https:\\\/\\\/www.agilelabs.co.za\\\/wp-content\\\/uploads\\\/2021\\\/08\\\/LogoTransparant.gif?wsr\",\"@id\":\"https:\\\/\\\/www.agilelabs.co.za\\\/sv\\\/privacy-policy-2\\\/#organizationLogo\",\"width\":125,\"height\":113},\"image\":{\"@id\":\"https:\\\/\\\/www.agilelabs.co.za\\\/sv\\\/privacy-policy-2\\\/#organizationLogo\"},\"sameAs\":[\"https:\\\/\\\/www.facebook.com\\\/AgileLabsTeam\",\"https:\\\/\\\/twitter.com\\\/InfoAgileLabs\"]},{\"@type\":\"WebPage\",\"@id\":\"https:\\\/\\\/www.agilelabs.co.za\\\/sv\\\/privacy-policy-2\\\/#webpage\",\"url\":\"https:\\\/\\\/www.agilelabs.co.za\\\/sv\\\/privacy-policy-2\\\/\",\"name\":\"Privacy Policy - Agile Labs\",\"description\":\"Who we are Our website address is: https:\\\/\\\/www.agilelabs.co.za. Comments When visitors leave comments on the site we collect the data shown in the comments form, and also the visitor\\u2019s IP address and browser user agent string to help spam detection. An anonymized string created from your email address (also called a hash) may be provided\",\"inLanguage\":\"sv-SE\",\"isPartOf\":{\"@id\":\"https:\\\/\\\/www.agilelabs.co.za\\\/sv\\\/#website\"},\"breadcrumb\":{\"@id\":\"https:\\\/\\\/www.agilelabs.co.za\\\/sv\\\/privacy-policy-2\\\/#breadcrumblist\"},\"image\":{\"@type\":\"ImageObject\",\"url\":\"https:\\\/\\\/www.agilelabs.co.za\\\/wp-content\\\/uploads\\\/2021\\\/08\\\/dummy.jpg?wsr\",\"@id\":\"https:\\\/\\\/www.agilelabs.co.za\\\/sv\\\/privacy-policy-2\\\/#mainImage\",\"width\":1600,\"height\":1300},\"primaryImageOfPage\":{\"@id\":\"https:\\\/\\\/www.agilelabs.co.za\\\/sv\\\/privacy-policy-2\\\/#mainImage\"},\"datePublished\":\"2021-08-27T10:41:31+02:00\",\"dateModified\":\"2021-09-12T12:41:42+02:00\"},{\"@type\":\"WebSite\",\"@id\":\"https:\\\/\\\/www.agilelabs.co.za\\\/sv\\\/#website\",\"url\":\"https:\\\/\\\/www.agilelabs.co.za\\\/sv\\\/\",\"name\":\"Agile Labs\",\"description\":\"Industry and laboratory software solutions\",\"inLanguage\":\"sv-SE\",\"publisher\":{\"@id\":\"https:\\\/\\\/www.agilelabs.co.za\\\/sv\\\/#organization\"}}]}\n\t\t<\/script>\n\t\t<script type=\"text\/javascript\">\n\t\t\t(function(c,l,a,r,i,t,y){\n\t\t\tc[a]=c[a]||function(){(c[a].q=c[a].q||[]).push(arguments)};t=l.createElement(r);t.async=1;\n\t\t\tt.src=\"https:\/\/www.clarity.ms\/tag\/\"+i+\"?ref=aioseo\";y=l.getElementsByTagName(r)[0];y.parentNode.insertBefore(t,y);\n\t\t})(window, document, \"clarity\", \"script\", \"b88vlc75di\");\n\t\t<\/script>\n\t\t<!-- All in One SEO Pro -->\r\n\t\t<title>Privacy Policy - Agile Labs<\/title>\n\n","aioseo_head_json":{"title":"Privacy Policy - Agile Labs","description":"Who we are Our website address is: https:\/\/www.agilelabs.co.za. Comments When visitors leave comments on the site we collect the data shown in the comments form, and also the visitor\u2019s IP address and browser user agent string to help spam detection. An anonymized string created from your email address (also called a hash) may be provided","canonical_url":"https:\/\/www.agilelabs.co.za\/sv\/privacy-policy-2\/","robots":"max-image-preview:large","keywords":"","webmasterTools":{"google-site-verification":"Nku-_1g-wtMYqihMzrUWbm5pdgO5gPY2D7l1ya5YPAU","msvalidate.01":"9fc30828a433413eb7b3b5d32174774f","yandex-verification":"c2122235dabe51e3","miscellaneous":""},"og:locale":"sv_SE","og:site_name":"Agile Labs - Industry and laboratory software solutions","og:type":"article","og:title":"Privacy Policy - Agile Labs","og:description":"Who we are Our website address is: https:\/\/www.agilelabs.co.za. Comments When visitors leave comments on the site we collect the data shown in the comments form, and also the visitor\u2019s IP address and browser user agent string to help spam detection. An anonymized string created from your email address (also called a hash) may be provided","og:url":"https:\/\/www.agilelabs.co.za\/sv\/privacy-policy-2\/","og:image":"https:\/\/www.agilelabs.co.za\/wp-content\/uploads\/2021\/08\/TwitterLogo.png?wsr","og:image:secure_url":"https:\/\/www.agilelabs.co.za\/wp-content\/uploads\/2021\/08\/TwitterLogo.png?wsr","og:image:width":189,"og:image:height":168,"article:published_time":"2021-08-27T10:41:31+00:00","article:modified_time":"2021-09-12T10:41:42+00:00","article:publisher":"https:\/\/www.facebook.com\/AgileLabsTeam","article:author":"https:\/\/www.facebook.com\/AgileLabsTeam","twitter:card":"summary","twitter:site":"@InfoAgileLabs","twitter:title":"Privacy Policy - Agile Labs","twitter:description":"Who we are Our website address is: https:\/\/www.agilelabs.co.za. Comments When visitors leave comments on the site we collect the data shown in the comments form, and also the visitor\u2019s IP address and browser user agent string to help spam detection. An anonymized string created from your email address (also called a hash) may be provided","twitter:creator":"@InfoAgileLabs","twitter:image":"https:\/\/www.agilelabs.co.za\/wp-content\/uploads\/2021\/08\/TwitterLogo.png?wsr","schema":{"@context":"https:\/\/schema.org","@graph":[{"@type":"BreadcrumbList","@id":"https:\/\/www.agilelabs.co.za\/sv\/privacy-policy-2\/#breadcrumblist","itemListElement":[{"@type":"ListItem","@id":"https:\/\/www.agilelabs.co.za\/sv\/#listItem","position":1,"name":"Home","item":"https:\/\/www.agilelabs.co.za\/sv\/","nextItem":"https:\/\/www.agilelabs.co.za\/sv\/privacy-policy-2\/#listItem"},{"@type":"ListItem","@id":"https:\/\/www.agilelabs.co.za\/sv\/privacy-policy-2\/#listItem","position":2,"name":"Privacy Policy","previousItem":"https:\/\/www.agilelabs.co.za\/sv\/#listItem"}]},{"@type":"Organization","@id":"https:\/\/www.agilelabs.co.za\/sv\/#organization","name":"Agile Labs","url":"https:\/\/www.agilelabs.co.za\/sv\/","logo":{"@type":"ImageObject","url":"https:\/\/www.agilelabs.co.za\/wp-content\/uploads\/2021\/08\/LogoTransparant.gif?wsr","@id":"https:\/\/www.agilelabs.co.za\/sv\/privacy-policy-2\/#organizationLogo","width":125,"height":113},"image":{"@id":"https:\/\/www.agilelabs.co.za\/sv\/privacy-policy-2\/#organizationLogo"},"sameAs":["https:\/\/www.facebook.com\/AgileLabsTeam","https:\/\/twitter.com\/InfoAgileLabs"]},{"@type":"WebPage","@id":"https:\/\/www.agilelabs.co.za\/sv\/privacy-policy-2\/#webpage","url":"https:\/\/www.agilelabs.co.za\/sv\/privacy-policy-2\/","name":"Privacy Policy - Agile Labs","description":"Who we are Our website address is: https:\/\/www.agilelabs.co.za. Comments When visitors leave comments on the site we collect the data shown in the comments form, and also the visitor\u2019s IP address and browser user agent string to help spam detection. An anonymized string created from your email address (also called a hash) may be provided","inLanguage":"sv-SE","isPartOf":{"@id":"https:\/\/www.agilelabs.co.za\/sv\/#website"},"breadcrumb":{"@id":"https:\/\/www.agilelabs.co.za\/sv\/privacy-policy-2\/#breadcrumblist"},"image":{"@type":"ImageObject","url":"https:\/\/www.agilelabs.co.za\/wp-content\/uploads\/2021\/08\/dummy.jpg?wsr","@id":"https:\/\/www.agilelabs.co.za\/sv\/privacy-policy-2\/#mainImage","width":1600,"height":1300},"primaryImageOfPage":{"@id":"https:\/\/www.agilelabs.co.za\/sv\/privacy-policy-2\/#mainImage"},"datePublished":"2021-08-27T10:41:31+02:00","dateModified":"2021-09-12T12:41:42+02:00"},{"@type":"WebSite","@id":"https:\/\/www.agilelabs.co.za\/sv\/#website","url":"https:\/\/www.agilelabs.co.za\/sv\/","name":"Agile Labs","description":"Industry and laboratory software solutions","inLanguage":"sv-SE","publisher":{"@id":"https:\/\/www.agilelabs.co.za\/sv\/#organization"}}]}},"aioseo_meta_data":{"post_id":"3","title":null,"description":null,"keywords":null,"keyphrases":null,"primary_term":null,"canonical_url":null,"og_title":null,"og_description":null,"og_object_type":"default","og_image_type":"default","og_image_url":null,"og_image_width":null,"og_image_height":null,"og_image_custom_url":null,"og_image_custom_fields":null,"og_video":null,"og_custom_url":null,"og_article_section":null,"og_article_tags":null,"twitter_use_og":false,"twitter_card":"default","twitter_image_type":"default","twitter_image_url":null,"twitter_image_custom_url":null,"twitter_image_custom_fields":null,"twitter_title":null,"twitter_description":null,"schema":{"blockGraphs":[],"customGraphs":[],"default":{"data":{"Article":[],"Course":[],"Dataset":[],"FAQPage":[],"Movie":[],"Person":[],"Product":[],"Recipe":[],"Service":[],"SoftwareApplication":[],"WebPage":[]},"graphName":"","isEnabled":true},"graphs":[],"defaultGraph":"","defaultPostTypeGraph":""},"schema_type":"default","schema_type_options":null,"pillar_content":false,"robots_default":true,"robots_noindex":false,"robots_noarchive":false,"robots_nosnippet":false,"robots_nofollow":false,"robots_noimageindex":false,"robots_noodp":false,"robots_notranslate":false,"robots_max_snippet":null,"robots_max_videopreview":null,"robots_max_imagepreview":"large","priority":null,"frequency":null,"local_seo":null,"limit_modified_date":false,"open_ai":null,"created":"2022-02-09 02:39:01","updated":"2022-09-13 21:52:48"},"_links":{"self":[{"href":"https:\/\/www.agilelabs.co.za\/sv\/wp-json\/wp\/v2\/pages\/3","targetHints":{"allow":["GET"]}}],"collection":[{"href":"https:\/\/www.agilelabs.co.za\/sv\/wp-json\/wp\/v2\/pages"}],"about":[{"href":"https:\/\/www.agilelabs.co.za\/sv\/wp-json\/wp\/v2\/types\/page"}],"author":[{"embeddable":true,"href":"https:\/\/www.agilelabs.co.za\/sv\/wp-json\/wp\/v2\/users\/1"}],"replies":[{"embeddable":true,"href":"https:\/\/www.agilelabs.co.za\/sv\/wp-json\/wp\/v2\/comments?post=3"}],"version-history":[{"count":0,"href":"https:\/\/www.agilelabs.co.za\/sv\/wp-json\/wp\/v2\/pages\/3\/revisions"}],"wp:featuredmedia":[{"embeddable":true,"href":"https:\/\/www.agilelabs.co.za\/sv\/wp-json\/wp\/v2\/media\/20"}],"wp:attachment":[{"href":"https:\/\/www.agilelabs.co.za\/sv\/wp-json\/wp\/v2\/media?parent=3"}],"wp:term":[{"taxonomy":"category","embeddable":true,"href":"https:\/\/www.agilelabs.co.za\/sv\/wp-json\/wp\/v2\/categories?post=3"},{"taxonomy":"post_tag","embeddable":true,"href":"https:\/\/www.agilelabs.co.za\/sv\/wp-json\/wp\/v2\/tags?post=3"}],"curies":[{"name":"wp","href":"https:\/\/api.w.org\/{rel}","templated":true}]}}