{"id":12663,"date":"2021-11-04T07:53:42","date_gmt":"2021-11-04T05:53:42","guid":{"rendered":"https:\/\/www.agilelabs.co.za\/newsletter-signup\/"},"modified":"2021-11-04T08:40:31","modified_gmt":"2021-11-04T06:40:31","slug":"newsletter-signup","status":"publish","type":"page","link":"https:\/\/www.agilelabs.co.za\/sv\/newsletter-signup\/","title":{"rendered":"Nyhetsbrev"},"content":{"rendered":"<p>Tack s\u00e5 mycket f\u00f6r att du anm\u00e4ler dig till v\u00e5rt nyhetsbrev.<\/p>\n<p><style id='mailster-form-default' type='text\/css'>.mailster-embeded-form body{background:0;padding:0;margin:0}.mailster-embeded-form .mailster-form-body{padding:5px !important;margin:auto !important}.mailster-form-wrap{max-width:100%;max-height:95%;min-width:100px;-webkit-overflow-scrolling:touch}.mailster-form{margin-bottom:20px;position:relative}.mailster-form:before{content:'';position:absolute;display:block;height:100%;width:100%;z-index:1;background-repeat:no-repeat;background-position:center center;background-size:20px 20px;background-image:url('https:\/\/www.agilelabs.co.za\/wp-content\/plugins\/mailster\/assets\/css\/..\/img\/loading.gif');visibility:hidden;opacity:0;transition:opacity .15s ease-in-out}.mailster-form.loading:before{opacity:1;visibility:visible}@media only screen and (-webkit-min-device-pixel-ratio:2),only screen and (min-resolution:192dpi){.mailster-form:before{background-image:url('https:\/\/www.agilelabs.co.za\/wp-content\/plugins\/mailster\/assets\/css\/..\/img\/loading_2x.gif')}}.mailster-form:after,.mailster-form-fields:after{content:'.';visibility:hidden;display:block;height:0;clear:both}.mailster-form .mailster-form-fields{transition:all .15s ease-in-out}.mailster-form.completed .mailster-form-fields{height:0;min-height:0;opacity:0;overflow:hidden}.mailster-form,.mailster-form .input,.mailster-form .mailster-form-info{width:100%;box-sizing:border-box}.mailster-embeded-form .mailster-form{margin-bottom:3px}.mailster-form .mailster-wrapper{position:relative;margin-bottom:2px;transition:opacity .15s ease-in-out}.mailster-form.loading .mailster-wrapper{opacity:.2}.mailster-form textarea.input{resize:vertical;height:150px}.mailster-form li{list-style:none !important;margin-left:0;padding-left:0}span.mailster-required{font-size:120%;font-weight:700;color:#bf4d4d}.mailster-lists-wrapper ul{list-style:none;margin-left:0;padding-left:0}.mailster-lists-wrapper ul li{margin-left:0}.mailster-list-description{color:inherit;display:block;margin-left:25px;font-size:.8em}.mailster-form-info{height:0;border-radius:2px;padding:5px;margin-bottom:4px;color:#fff;padding:9px 16px;transition:all .2s;-webkit-transform:scale(0);-moz-transform:scale(0);-ms-transform:scale(0);transform:scale(0)}.mailster-form.loading .mailster-form-info{opacity:0}.mailster-form-info a{color:#fff}.mailster-form-info.success,.mailster-form-info.error{display:block;height:100%;-webkit-transform:scale(1);-moz-transform:scale(1);-ms-transform:scale(1);transform:scale(1)}.mailster-form .error input,.mailster-form .error select,.mailster-form .error textarea{outline:2px solid #bf4d4d;outline-offset:0}.mailster-form-info.error{background:#bf4d4d}.mailster-form-info.success{background-color:#6fbf4d;text-align:center}.mailster-form-info ul,.mailster-form .mailster-form-info p{margin:0;padding:0;max-width:initial}.mailster-form-info ul li{color:inherit;margin-left:0}.mailster-submit-wrapper{margin-top:6px}.mailster-form .submit-button{cursor:pointer}.mailster-form .submit-button:focus{outline:0}<\/style><style type=\"text\/css\" media=\"screen\" class=\"mailster-custom-form-css\">\n.mailster-form-2 .mailster-email-wrapper{margin-top: 10px;}\n.mailster-form-2 .mailster-firstname-wrapper{margin-top: 10px;}\n.mailster-form-2 .mailster-lastname-wrapper{margin-top: 10px;margin-bottom: 20px;}\n.mailster-form-2 .mailster-submit-wrapper .submit-button{margin-top: 10px;}\n<\/style>\n<form action=\"https:\/\/www.agilelabs.co.za\/sv\/mailster\/subscribe\/\" method=\"post\" class=\"mailster-form mailster-form-submit mailster-ajax-form mailster-form-2\" novalidate data-trp-original-action=\"https:\/\/www.agilelabs.co.za\/sv\/mailster\/subscribe\"><input name=\"_action\" type=\"hidden\" value=\"subscribe\">\n<input name=\"_timestamp\" type=\"hidden\" value=\"1777996482\">\n<input name=\"_referer\" type=\"hidden\" value=\"https:\/\/www.agilelabs.co.za\/sv\/sv\/wp-json\/wp\/v2\/pages\/12663\">\n<input name=\"_nonce\" type=\"hidden\" value=\"50307fc29b\">\n<input name=\"formid\" type=\"hidden\" value=\"2\">\n<div class=\"mailster-form-fields\">\n<div class=\"mailster-wrapper mailster-email-wrapper\"><label for=\"mailster-email-2\">Email <span class=\"mailster-required\">*<\/span><\/label><input id=\"mailster-email-2\" name=\"email\" type=\"email\" value=\"\" class=\"input mailster-email mailster-required\" aria-required=\"true\" aria-label=\"Email\" spellcheck=\"false\"><\/div>\n<div class=\"mailster-wrapper mailster-firstname-wrapper\"><label for=\"mailster-firstname-2\">First Name<\/label><input id=\"mailster-firstname-2\" name=\"firstname\" type=\"text\" value=\"\" class=\"input mailster-firstname\" aria-required=\"false\" aria-label=\"First Name\"><\/div>\n<div class=\"mailster-wrapper mailster-lastname-wrapper\"><label for=\"mailster-lastname-2\">Last Name<\/label><input id=\"mailster-lastname-2\" name=\"lastname\" type=\"text\" value=\"\" class=\"input mailster-lastname\" aria-required=\"false\" aria-label=\"Last Name\"><\/div>\n<div class=\"mailster-wrapper mailster-lists-wrapper\"><label>Lists<\/label><ul class=\"mailster-list\"><li><label title=\"\"><input type=\"hidden\" name=\"lists[0]\" value=\"\"><input class=\"mailster-list mailster-list-default-list\" type=\"checkbox\" name=\"lists[0]\" value=\"1\"  checked='checked' aria-label=\"News and product information\"> News and product information<\/label><\/li><\/ul><\/div>\n<div class=\"mailster-wrapper mailster-_gdpr-wrapper\"><label for=\"mailster-_gdpr-2\"><input type=\"hidden\" name=\"_gdpr\" value=\"0\"><input id=\"mailster-_gdpr-2\" name=\"_gdpr\" type=\"checkbox\" value=\"1\" class=\"mailster-_gdpr mailster-required\" aria-required=\"true\" aria-label=\"I agree to the privacy policy and terms.\"> Jag godk\u00e4nner integritetspolicyn och villkoren. (<a href=\"https:\/\/www.agilelabs.co.za\/sv\/privacy-policy-2\/\" target=\"_top\">Link<\/a>)<\/label><\/div>\n<div class=\"mailster-wrapper mailster-submit-wrapper form-submit\"><input name=\"submit\" type=\"submit\" value=\"Subscribe\" class=\"submit-button button\" aria-label=\"Subscribe\"><\/div>\n<\/div>\n<input type=\"hidden\" name=\"trp-form-language\" value=\"sv\"\/><\/form>\n<\/p>\n\n<p>Vi respekterar din integritet och kommer aldrig att skicka o\u00f6nskade e-postmeddelanden till dig.<\/p>\n\n\n\n\n\n\n\n\n\n<p><\/p>","protected":false},"excerpt":{"rendered":"","protected":false},"author":1,"featured_media":0,"parent":0,"menu_order":0,"comment_status":"closed","ping_status":"closed","template":"","meta":{"_acf_changed":false,"_monsterinsights_skip_tracking":false,"_monsterinsights_sitenote_active":false,"_monsterinsights_sitenote_note":"","_monsterinsights_sitenote_category":0,"footnotes":""},"categories":[],"tags":[],"class_list":["post-12663","page","type-page","status-publish","hentry"],"acf":[],"aioseo_notices":[],"aioseo_head":"\n\t\t<!-- All in One SEO Pro 4.7.0 - aioseo.com -->\n\t\t<meta name=\"description\" content=\"Thank you very much for signing up to our newsletter. Email * First Name Last Name Lists News and product information I agree to the privacy policy and terms. (Link) We respect your privacy, and will never send you unwanted emails.\" \/>\n\t\t<meta name=\"robots\" content=\"max-image-preview:large\" \/>\n\t\t<meta name=\"google-site-verification\" content=\"Nku-_1g-wtMYqihMzrUWbm5pdgO5gPY2D7l1ya5YPAU\" \/>\n\t\t<meta name=\"msvalidate.01\" content=\"9fc30828a433413eb7b3b5d32174774f\" \/>\n\t\t<meta name=\"yandex-verification\" content=\"c2122235dabe51e3\" \/>\n\t\t<link rel=\"canonical\" href=\"https:\/\/www.agilelabs.co.za\/sv\/newsletter-signup\/\" \/>\n\t\t<meta name=\"generator\" content=\"All in One SEO Pro (AIOSEO) 4.7.0\" \/>\n\t\t<meta property=\"og:locale\" content=\"sv_SE\" \/>\n\t\t<meta property=\"og:site_name\" content=\"Agile Labs - Industry and laboratory software solutions\" \/>\n\t\t<meta property=\"og:type\" content=\"article\" \/>\n\t\t<meta property=\"og:title\" content=\"Newsletter - Agile Labs\" \/>\n\t\t<meta property=\"og:description\" content=\"Thank you very much for signing up to our newsletter. Email * First Name Last Name Lists News and product information I agree to the privacy policy and terms. (Link) We respect your privacy, and will never send you unwanted emails.\" \/>\n\t\t<meta property=\"og:url\" content=\"https:\/\/www.agilelabs.co.za\/sv\/newsletter-signup\/\" \/>\n\t\t<meta property=\"og:image\" content=\"https:\/\/www.agilelabs.co.za\/wp-content\/uploads\/2021\/08\/TwitterLogo.png?wsr\" \/>\n\t\t<meta property=\"og:image:secure_url\" content=\"https:\/\/www.agilelabs.co.za\/wp-content\/uploads\/2021\/08\/TwitterLogo.png?wsr\" \/>\n\t\t<meta property=\"og:image:width\" content=\"189\" \/>\n\t\t<meta property=\"og:image:height\" content=\"168\" \/>\n\t\t<meta property=\"article:published_time\" content=\"2021-11-04T05:53:42+00:00\" \/>\n\t\t<meta property=\"article:modified_time\" content=\"2021-11-04T06:40:31+00:00\" \/>\n\t\t<meta property=\"article:publisher\" content=\"https:\/\/www.facebook.com\/AgileLabsTeam\" \/>\n\t\t<meta property=\"article:author\" content=\"https:\/\/www.facebook.com\/AgileLabsTeam\" \/>\n\t\t<meta name=\"twitter:card\" content=\"summary\" \/>\n\t\t<meta name=\"twitter:site\" content=\"@InfoAgileLabs\" \/>\n\t\t<meta name=\"twitter:title\" content=\"Newsletter - Agile Labs\" \/>\n\t\t<meta name=\"twitter:description\" content=\"Thank you very much for signing up to our newsletter. Email * First Name Last Name Lists News and product information I agree to the privacy policy and terms. (Link) We respect your privacy, and will never send you unwanted emails.\" \/>\n\t\t<meta name=\"twitter:creator\" content=\"@InfoAgileLabs\" \/>\n\t\t<meta name=\"twitter:image\" content=\"https:\/\/www.agilelabs.co.za\/wp-content\/uploads\/2021\/08\/TwitterLogo.png?wsr\" \/>\n\t\t<script type=\"application\/ld+json\" class=\"aioseo-schema\">\n\t\t\t{\"@context\":\"https:\\\/\\\/schema.org\",\"@graph\":[{\"@type\":\"BreadcrumbList\",\"@id\":\"https:\\\/\\\/www.agilelabs.co.za\\\/sv\\\/newsletter-signup\\\/#breadcrumblist\",\"itemListElement\":[{\"@type\":\"ListItem\",\"@id\":\"https:\\\/\\\/www.agilelabs.co.za\\\/sv\\\/#listItem\",\"position\":1,\"name\":\"Home\",\"item\":\"https:\\\/\\\/www.agilelabs.co.za\\\/sv\\\/\",\"nextItem\":\"https:\\\/\\\/www.agilelabs.co.za\\\/sv\\\/newsletter-signup\\\/#listItem\"},{\"@type\":\"ListItem\",\"@id\":\"https:\\\/\\\/www.agilelabs.co.za\\\/sv\\\/newsletter-signup\\\/#listItem\",\"position\":2,\"name\":\"Newsletter\",\"previousItem\":\"https:\\\/\\\/www.agilelabs.co.za\\\/sv\\\/#listItem\"}]},{\"@type\":\"Organization\",\"@id\":\"https:\\\/\\\/www.agilelabs.co.za\\\/sv\\\/#organization\",\"name\":\"Agile Labs\",\"url\":\"https:\\\/\\\/www.agilelabs.co.za\\\/sv\\\/\",\"logo\":{\"@type\":\"ImageObject\",\"url\":\"https:\\\/\\\/www.agilelabs.co.za\\\/wp-content\\\/uploads\\\/2021\\\/08\\\/LogoTransparant.gif?wsr\",\"@id\":\"https:\\\/\\\/www.agilelabs.co.za\\\/sv\\\/newsletter-signup\\\/#organizationLogo\",\"width\":125,\"height\":113},\"image\":{\"@id\":\"https:\\\/\\\/www.agilelabs.co.za\\\/sv\\\/newsletter-signup\\\/#organizationLogo\"},\"sameAs\":[\"https:\\\/\\\/www.facebook.com\\\/AgileLabsTeam\",\"https:\\\/\\\/twitter.com\\\/InfoAgileLabs\"]},{\"@type\":\"WebPage\",\"@id\":\"https:\\\/\\\/www.agilelabs.co.za\\\/sv\\\/newsletter-signup\\\/#webpage\",\"url\":\"https:\\\/\\\/www.agilelabs.co.za\\\/sv\\\/newsletter-signup\\\/\",\"name\":\"Newsletter - Agile Labs\",\"description\":\"Thank you very much for signing up to our newsletter. Email * First Name Last Name Lists News and product information I agree to the privacy policy and terms. (Link) We respect your privacy, and will never send you unwanted emails.\",\"inLanguage\":\"sv-SE\",\"isPartOf\":{\"@id\":\"https:\\\/\\\/www.agilelabs.co.za\\\/sv\\\/#website\"},\"breadcrumb\":{\"@id\":\"https:\\\/\\\/www.agilelabs.co.za\\\/sv\\\/newsletter-signup\\\/#breadcrumblist\"},\"datePublished\":\"2021-11-04T07:53:42+02:00\",\"dateModified\":\"2021-11-04T08:40:31+02:00\"},{\"@type\":\"WebSite\",\"@id\":\"https:\\\/\\\/www.agilelabs.co.za\\\/sv\\\/#website\",\"url\":\"https:\\\/\\\/www.agilelabs.co.za\\\/sv\\\/\",\"name\":\"Agile Labs\",\"description\":\"Industry and laboratory software solutions\",\"inLanguage\":\"sv-SE\",\"publisher\":{\"@id\":\"https:\\\/\\\/www.agilelabs.co.za\\\/sv\\\/#organization\"}}]}\n\t\t<\/script>\n\t\t<script type=\"text\/javascript\">\n\t\t\t(function(c,l,a,r,i,t,y){\n\t\t\tc[a]=c[a]||function(){(c[a].q=c[a].q||[]).push(arguments)};t=l.createElement(r);t.async=1;\n\t\t\tt.src=\"https:\/\/www.clarity.ms\/tag\/\"+i+\"?ref=aioseo\";y=l.getElementsByTagName(r)[0];y.parentNode.insertBefore(t,y);\n\t\t})(window, document, \"clarity\", \"script\", \"b88vlc75di\");\n\t\t<\/script>\n\t\t<!-- All in One SEO Pro -->\r\n\t\t<title>Newsletter - Agile Labs<\/title>\n\n","aioseo_head_json":{"title":"Newsletter - Agile Labs","description":"Thank you very much for signing up to our newsletter. Email * First Name Last Name Lists News and product information I agree to the privacy policy and terms. (Link) We respect your privacy, and will never send you unwanted emails.","canonical_url":"https:\/\/www.agilelabs.co.za\/sv\/newsletter-signup\/","robots":"max-image-preview:large","keywords":"","webmasterTools":{"google-site-verification":"Nku-_1g-wtMYqihMzrUWbm5pdgO5gPY2D7l1ya5YPAU","msvalidate.01":"9fc30828a433413eb7b3b5d32174774f","yandex-verification":"c2122235dabe51e3","miscellaneous":""},"og:locale":"sv_SE","og:site_name":"Agile Labs - Industry and laboratory software solutions","og:type":"article","og:title":"Newsletter - Agile Labs","og:description":"Thank you very much for signing up to our newsletter. Email * First Name Last Name Lists News and product information I agree to the privacy policy and terms. (Link) We respect your privacy, and will never send you unwanted emails.","og:url":"https:\/\/www.agilelabs.co.za\/sv\/newsletter-signup\/","og:image":"https:\/\/www.agilelabs.co.za\/wp-content\/uploads\/2021\/08\/TwitterLogo.png?wsr","og:image:secure_url":"https:\/\/www.agilelabs.co.za\/wp-content\/uploads\/2021\/08\/TwitterLogo.png?wsr","og:image:width":189,"og:image:height":168,"article:published_time":"2021-11-04T05:53:42+00:00","article:modified_time":"2021-11-04T06:40:31+00:00","article:publisher":"https:\/\/www.facebook.com\/AgileLabsTeam","article:author":"https:\/\/www.facebook.com\/AgileLabsTeam","twitter:card":"summary","twitter:site":"@InfoAgileLabs","twitter:title":"Newsletter - Agile Labs","twitter:description":"Thank you very much for signing up to our newsletter. Email * First Name Last Name Lists News and product information I agree to the privacy policy and terms. (Link) We respect your privacy, and will never send you unwanted emails.","twitter:creator":"@InfoAgileLabs","twitter:image":"https:\/\/www.agilelabs.co.za\/wp-content\/uploads\/2021\/08\/TwitterLogo.png?wsr","schema":{"@context":"https:\/\/schema.org","@graph":[{"@type":"BreadcrumbList","@id":"https:\/\/www.agilelabs.co.za\/sv\/newsletter-signup\/#breadcrumblist","itemListElement":[{"@type":"ListItem","@id":"https:\/\/www.agilelabs.co.za\/sv\/#listItem","position":1,"name":"Home","item":"https:\/\/www.agilelabs.co.za\/sv\/","nextItem":"https:\/\/www.agilelabs.co.za\/sv\/newsletter-signup\/#listItem"},{"@type":"ListItem","@id":"https:\/\/www.agilelabs.co.za\/sv\/newsletter-signup\/#listItem","position":2,"name":"Newsletter","previousItem":"https:\/\/www.agilelabs.co.za\/sv\/#listItem"}]},{"@type":"Organization","@id":"https:\/\/www.agilelabs.co.za\/sv\/#organization","name":"Agile Labs","url":"https:\/\/www.agilelabs.co.za\/sv\/","logo":{"@type":"ImageObject","url":"https:\/\/www.agilelabs.co.za\/wp-content\/uploads\/2021\/08\/LogoTransparant.gif?wsr","@id":"https:\/\/www.agilelabs.co.za\/sv\/newsletter-signup\/#organizationLogo","width":125,"height":113},"image":{"@id":"https:\/\/www.agilelabs.co.za\/sv\/newsletter-signup\/#organizationLogo"},"sameAs":["https:\/\/www.facebook.com\/AgileLabsTeam","https:\/\/twitter.com\/InfoAgileLabs"]},{"@type":"WebPage","@id":"https:\/\/www.agilelabs.co.za\/sv\/newsletter-signup\/#webpage","url":"https:\/\/www.agilelabs.co.za\/sv\/newsletter-signup\/","name":"Newsletter - Agile Labs","description":"Thank you very much for signing up to our newsletter. Email * First Name Last Name Lists News and product information I agree to the privacy policy and terms. (Link) We respect your privacy, and will never send you unwanted emails.","inLanguage":"sv-SE","isPartOf":{"@id":"https:\/\/www.agilelabs.co.za\/sv\/#website"},"breadcrumb":{"@id":"https:\/\/www.agilelabs.co.za\/sv\/newsletter-signup\/#breadcrumblist"},"datePublished":"2021-11-04T07:53:42+02:00","dateModified":"2021-11-04T08:40:31+02:00"},{"@type":"WebSite","@id":"https:\/\/www.agilelabs.co.za\/sv\/#website","url":"https:\/\/www.agilelabs.co.za\/sv\/","name":"Agile Labs","description":"Industry and laboratory software solutions","inLanguage":"sv-SE","publisher":{"@id":"https:\/\/www.agilelabs.co.za\/sv\/#organization"}}]}},"aioseo_meta_data":{"post_id":"12663","title":null,"description":null,"keywords":null,"keyphrases":null,"primary_term":null,"canonical_url":null,"og_title":null,"og_description":null,"og_object_type":"default","og_image_type":"default","og_image_url":null,"og_image_width":null,"og_image_height":null,"og_image_custom_url":null,"og_image_custom_fields":null,"og_video":null,"og_custom_url":null,"og_article_section":null,"og_article_tags":null,"twitter_use_og":false,"twitter_card":"default","twitter_image_type":"default","twitter_image_url":null,"twitter_image_custom_url":null,"twitter_image_custom_fields":null,"twitter_title":null,"twitter_description":null,"schema":{"blockGraphs":[],"customGraphs":[],"default":{"data":{"Article":[],"Course":[],"Dataset":[],"FAQPage":[],"Movie":[],"Person":[],"Product":[],"Recipe":[],"Service":[],"SoftwareApplication":[],"WebPage":[]},"graphName":"","isEnabled":true},"graphs":[],"defaultGraph":"","defaultPostTypeGraph":""},"schema_type":"default","schema_type_options":null,"pillar_content":false,"robots_default":true,"robots_noindex":false,"robots_noarchive":false,"robots_nosnippet":false,"robots_nofollow":false,"robots_noimageindex":false,"robots_noodp":false,"robots_notranslate":false,"robots_max_snippet":null,"robots_max_videopreview":null,"robots_max_imagepreview":"large","priority":null,"frequency":null,"local_seo":null,"limit_modified_date":false,"open_ai":null,"created":"2022-02-09 02:39:01","updated":"2022-09-13 21:52:48"},"_links":{"self":[{"href":"https:\/\/www.agilelabs.co.za\/sv\/wp-json\/wp\/v2\/pages\/12663","targetHints":{"allow":["GET"]}}],"collection":[{"href":"https:\/\/www.agilelabs.co.za\/sv\/wp-json\/wp\/v2\/pages"}],"about":[{"href":"https:\/\/www.agilelabs.co.za\/sv\/wp-json\/wp\/v2\/types\/page"}],"author":[{"embeddable":true,"href":"https:\/\/www.agilelabs.co.za\/sv\/wp-json\/wp\/v2\/users\/1"}],"replies":[{"embeddable":true,"href":"https:\/\/www.agilelabs.co.za\/sv\/wp-json\/wp\/v2\/comments?post=12663"}],"version-history":[{"count":0,"href":"https:\/\/www.agilelabs.co.za\/sv\/wp-json\/wp\/v2\/pages\/12663\/revisions"}],"wp:attachment":[{"href":"https:\/\/www.agilelabs.co.za\/sv\/wp-json\/wp\/v2\/media?parent=12663"}],"wp:term":[{"taxonomy":"category","embeddable":true,"href":"https:\/\/www.agilelabs.co.za\/sv\/wp-json\/wp\/v2\/categories?post=12663"},{"taxonomy":"post_tag","embeddable":true,"href":"https:\/\/www.agilelabs.co.za\/sv\/wp-json\/wp\/v2\/tags?post=12663"}],"curies":[{"name":"wp","href":"https:\/\/api.w.org\/{rel}","templated":true}]}}