{"id":12070,"date":"2021-09-23T07:00:12","date_gmt":"2021-09-23T05:00:12","guid":{"rendered":"https:\/\/www.agilelabs.co.za\/?page_id=12070"},"modified":"2021-09-23T07:00:20","modified_gmt":"2021-09-23T05:00:20","slug":"upgrade-honeywell-documint-to-procal","status":"publish","type":"page","link":"https:\/\/www.agilelabs.co.za\/sv\/upgrade-honeywell-documint-to-procal\/","title":{"rendered":"Uppgradera Honeywell DocuMint till ProCal"},"content":{"rendered":"<div class=\"wp-block-image\"><figure class=\"aligncenter size-large is-resized\"><img decoding=\"async\" src=\"https:\/\/www.agilelabs.co.za\/wp-content\/uploads\/2021\/09\/HoneywellUpgrade-939x1024.png\" alt=\"\" class=\"wp-image-12071\" width=\"526\" height=\"574\"\/><\/figure><\/div>\n\n\n\n<ul class=\"wp-block-list\"><li>Motsvarande funktioner plus m\u00e5nga fler avancerade funktioner.<\/li><li>Icke-propriet\u00e4ra databasalternativ (MS Access, MS SQL Server och Oracle).<\/li><li>Data\u00f6verf\u00f6ring av befintliga poster till ProCalV5.<\/li><li>Forts\u00e4tt anv\u00e4nda Honeywell 2020 och Fluke 74x och 75x kalibratorer.<\/li><li>Integration med SAP, CMMS och andra applikationer.<\/li><li>Komplett installation och support.<\/li><li>Validerad 21 CFR Del 11 pappersl\u00f6s \u00f6verensst\u00e4mmelse.<\/li><\/ul>\n\n\n\n<p><a href=\"https:\/\/www.agilelabs.co.za\/sv\/contact-2\/\" title=\"Kontakt\">Kontakta oss f\u00f6r mer information.<\/a><\/p>","protected":false},"excerpt":{"rendered":"<p>Equivalent functions plus many more advanced features. Non-proprietary database options (MS Access, MS SQL Server and Oracle). Data transfer of existing records to ProCalV5. Continue using Honeywell 2020 and Fluke 74x and 75x calibrators. Integration with SAP, CMMS and other applications. Complete installation and support. Validated 21 CFR Part 11 paperless compliance. Contact us for<\/p>\n<p class=\"more-link\"><a href=\"https:\/\/www.agilelabs.co.za\/sv\/upgrade-honeywell-documint-to-procal\/\" class=\"themebutton\">L\u00e4s mer<\/a><\/p>","protected":false},"author":1,"featured_media":0,"parent":0,"menu_order":0,"comment_status":"closed","ping_status":"closed","template":"","meta":{"_acf_changed":false,"_monsterinsights_skip_tracking":false,"_monsterinsights_sitenote_active":false,"_monsterinsights_sitenote_note":"","_monsterinsights_sitenote_category":0,"footnotes":""},"categories":[],"tags":[],"class_list":["post-12070","page","type-page","status-publish","hentry"],"acf":[],"aioseo_notices":[],"aioseo_head":"\n\t\t<!-- All in One SEO Pro 4.7.0 - aioseo.com -->\n\t\t<meta name=\"description\" content=\"Equivalent functions plus many more advanced features. Non-proprietary database options (MS Access, MS SQL Server and Oracle). Data transfer of existing records to ProCalV5. Continue using Honeywell 2020 and Fluke 74x and 75x calibrators. Integration with SAP, CMMS and other applications. Complete installation and support. Validated 21 CFR Part 11 paperless compliance. Contact us for\" \/>\n\t\t<meta name=\"robots\" content=\"max-image-preview:large\" \/>\n\t\t<meta name=\"google-site-verification\" content=\"Nku-_1g-wtMYqihMzrUWbm5pdgO5gPY2D7l1ya5YPAU\" \/>\n\t\t<meta name=\"msvalidate.01\" content=\"9fc30828a433413eb7b3b5d32174774f\" \/>\n\t\t<meta name=\"yandex-verification\" content=\"c2122235dabe51e3\" \/>\n\t\t<link rel=\"canonical\" href=\"https:\/\/www.agilelabs.co.za\/sv\/upgrade-honeywell-documint-to-procal\/\" \/>\n\t\t<meta name=\"generator\" content=\"All in One SEO Pro (AIOSEO) 4.7.0\" \/>\n\t\t<meta property=\"og:locale\" content=\"sv_SE\" \/>\n\t\t<meta property=\"og:site_name\" content=\"Agile Labs - Industry and laboratory software solutions\" \/>\n\t\t<meta property=\"og:type\" content=\"article\" \/>\n\t\t<meta property=\"og:title\" content=\"Upgrade Honeywell DocuMint to ProCal - Agile Labs\" \/>\n\t\t<meta property=\"og:description\" content=\"Equivalent functions plus many more advanced features. Non-proprietary database options (MS Access, MS SQL Server and Oracle). Data transfer of existing records to ProCalV5. Continue using Honeywell 2020 and Fluke 74x and 75x calibrators. Integration with SAP, CMMS and other applications. Complete installation and support. Validated 21 CFR Part 11 paperless compliance. Contact us for\" \/>\n\t\t<meta property=\"og:url\" content=\"https:\/\/www.agilelabs.co.za\/sv\/upgrade-honeywell-documint-to-procal\/\" \/>\n\t\t<meta property=\"og:image\" content=\"https:\/\/www.agilelabs.co.za\/wp-content\/uploads\/2021\/08\/TwitterLogo.png?wsr\" \/>\n\t\t<meta property=\"og:image:secure_url\" content=\"https:\/\/www.agilelabs.co.za\/wp-content\/uploads\/2021\/08\/TwitterLogo.png?wsr\" \/>\n\t\t<meta property=\"og:image:width\" content=\"189\" \/>\n\t\t<meta property=\"og:image:height\" content=\"168\" \/>\n\t\t<meta property=\"article:published_time\" content=\"2021-09-23T05:00:12+00:00\" \/>\n\t\t<meta property=\"article:modified_time\" content=\"2021-09-23T05:00:20+00:00\" \/>\n\t\t<meta property=\"article:publisher\" content=\"https:\/\/www.facebook.com\/AgileLabsTeam\" \/>\n\t\t<meta property=\"article:author\" content=\"https:\/\/www.facebook.com\/AgileLabsTeam\" \/>\n\t\t<meta name=\"twitter:card\" content=\"summary\" \/>\n\t\t<meta name=\"twitter:site\" content=\"@InfoAgileLabs\" \/>\n\t\t<meta name=\"twitter:title\" content=\"Upgrade Honeywell DocuMint to ProCal - Agile Labs\" \/>\n\t\t<meta name=\"twitter:description\" content=\"Equivalent functions plus many more advanced features. Non-proprietary database options (MS Access, MS SQL Server and Oracle). Data transfer of existing records to ProCalV5. Continue using Honeywell 2020 and Fluke 74x and 75x calibrators. Integration with SAP, CMMS and other applications. Complete installation and support. Validated 21 CFR Part 11 paperless compliance. Contact us for\" \/>\n\t\t<meta name=\"twitter:creator\" content=\"@InfoAgileLabs\" \/>\n\t\t<meta name=\"twitter:image\" content=\"https:\/\/www.agilelabs.co.za\/wp-content\/uploads\/2021\/08\/TwitterLogo.png?wsr\" \/>\n\t\t<script type=\"application\/ld+json\" class=\"aioseo-schema\">\n\t\t\t{\"@context\":\"https:\\\/\\\/schema.org\",\"@graph\":[{\"@type\":\"BreadcrumbList\",\"@id\":\"https:\\\/\\\/www.agilelabs.co.za\\\/sv\\\/upgrade-honeywell-documint-to-procal\\\/#breadcrumblist\",\"itemListElement\":[{\"@type\":\"ListItem\",\"@id\":\"https:\\\/\\\/www.agilelabs.co.za\\\/sv\\\/#listItem\",\"position\":1,\"name\":\"Home\",\"item\":\"https:\\\/\\\/www.agilelabs.co.za\\\/sv\\\/\",\"nextItem\":\"https:\\\/\\\/www.agilelabs.co.za\\\/sv\\\/upgrade-honeywell-documint-to-procal\\\/#listItem\"},{\"@type\":\"ListItem\",\"@id\":\"https:\\\/\\\/www.agilelabs.co.za\\\/sv\\\/upgrade-honeywell-documint-to-procal\\\/#listItem\",\"position\":2,\"name\":\"Upgrade Honeywell DocuMint to ProCal\",\"previousItem\":\"https:\\\/\\\/www.agilelabs.co.za\\\/sv\\\/#listItem\"}]},{\"@type\":\"Organization\",\"@id\":\"https:\\\/\\\/www.agilelabs.co.za\\\/sv\\\/#organization\",\"name\":\"Agile Labs\",\"url\":\"https:\\\/\\\/www.agilelabs.co.za\\\/sv\\\/\",\"logo\":{\"@type\":\"ImageObject\",\"url\":\"https:\\\/\\\/www.agilelabs.co.za\\\/wp-content\\\/uploads\\\/2021\\\/08\\\/LogoTransparant.gif?wsr\",\"@id\":\"https:\\\/\\\/www.agilelabs.co.za\\\/sv\\\/upgrade-honeywell-documint-to-procal\\\/#organizationLogo\",\"width\":125,\"height\":113},\"image\":{\"@id\":\"https:\\\/\\\/www.agilelabs.co.za\\\/sv\\\/upgrade-honeywell-documint-to-procal\\\/#organizationLogo\"},\"sameAs\":[\"https:\\\/\\\/www.facebook.com\\\/AgileLabsTeam\",\"https:\\\/\\\/twitter.com\\\/InfoAgileLabs\"]},{\"@type\":\"WebPage\",\"@id\":\"https:\\\/\\\/www.agilelabs.co.za\\\/sv\\\/upgrade-honeywell-documint-to-procal\\\/#webpage\",\"url\":\"https:\\\/\\\/www.agilelabs.co.za\\\/sv\\\/upgrade-honeywell-documint-to-procal\\\/\",\"name\":\"Upgrade Honeywell DocuMint to ProCal - Agile Labs\",\"description\":\"Equivalent functions plus many more advanced features. Non-proprietary database options (MS Access, MS SQL Server and Oracle). Data transfer of existing records to ProCalV5. Continue using Honeywell 2020 and Fluke 74x and 75x calibrators. Integration with SAP, CMMS and other applications. Complete installation and support. Validated 21 CFR Part 11 paperless compliance. Contact us for\",\"inLanguage\":\"sv-SE\",\"isPartOf\":{\"@id\":\"https:\\\/\\\/www.agilelabs.co.za\\\/sv\\\/#website\"},\"breadcrumb\":{\"@id\":\"https:\\\/\\\/www.agilelabs.co.za\\\/sv\\\/upgrade-honeywell-documint-to-procal\\\/#breadcrumblist\"},\"datePublished\":\"2021-09-23T07:00:12+02:00\",\"dateModified\":\"2021-09-23T07:00:20+02:00\"},{\"@type\":\"WebSite\",\"@id\":\"https:\\\/\\\/www.agilelabs.co.za\\\/sv\\\/#website\",\"url\":\"https:\\\/\\\/www.agilelabs.co.za\\\/sv\\\/\",\"name\":\"Agile Labs\",\"description\":\"Industry and laboratory software solutions\",\"inLanguage\":\"sv-SE\",\"publisher\":{\"@id\":\"https:\\\/\\\/www.agilelabs.co.za\\\/sv\\\/#organization\"}}]}\n\t\t<\/script>\n\t\t<script type=\"text\/javascript\">\n\t\t\t(function(c,l,a,r,i,t,y){\n\t\t\tc[a]=c[a]||function(){(c[a].q=c[a].q||[]).push(arguments)};t=l.createElement(r);t.async=1;\n\t\t\tt.src=\"https:\/\/www.clarity.ms\/tag\/\"+i+\"?ref=aioseo\";y=l.getElementsByTagName(r)[0];y.parentNode.insertBefore(t,y);\n\t\t})(window, document, \"clarity\", \"script\", \"b88vlc75di\");\n\t\t<\/script>\n\t\t<!-- All in One SEO Pro -->\r\n\t\t<title>Upgrade Honeywell DocuMint to ProCal - Agile Labs<\/title>\n\n","aioseo_head_json":{"title":"Upgrade Honeywell DocuMint to ProCal - Agile Labs","description":"Equivalent functions plus many more advanced features. Non-proprietary database options (MS Access, MS SQL Server and Oracle). Data transfer of existing records to ProCalV5. Continue using Honeywell 2020 and Fluke 74x and 75x calibrators. Integration with SAP, CMMS and other applications. Complete installation and support. Validated 21 CFR Part 11 paperless compliance. Contact us for","canonical_url":"https:\/\/www.agilelabs.co.za\/sv\/upgrade-honeywell-documint-to-procal\/","robots":"max-image-preview:large","keywords":"","webmasterTools":{"google-site-verification":"Nku-_1g-wtMYqihMzrUWbm5pdgO5gPY2D7l1ya5YPAU","msvalidate.01":"9fc30828a433413eb7b3b5d32174774f","yandex-verification":"c2122235dabe51e3","miscellaneous":""},"og:locale":"sv_SE","og:site_name":"Agile Labs - Industry and laboratory software solutions","og:type":"article","og:title":"Upgrade Honeywell DocuMint to ProCal - Agile Labs","og:description":"Equivalent functions plus many more advanced features. Non-proprietary database options (MS Access, MS SQL Server and Oracle). Data transfer of existing records to ProCalV5. Continue using Honeywell 2020 and Fluke 74x and 75x calibrators. Integration with SAP, CMMS and other applications. Complete installation and support. Validated 21 CFR Part 11 paperless compliance. Contact us for","og:url":"https:\/\/www.agilelabs.co.za\/sv\/upgrade-honeywell-documint-to-procal\/","og:image":"https:\/\/www.agilelabs.co.za\/wp-content\/uploads\/2021\/08\/TwitterLogo.png?wsr","og:image:secure_url":"https:\/\/www.agilelabs.co.za\/wp-content\/uploads\/2021\/08\/TwitterLogo.png?wsr","og:image:width":189,"og:image:height":168,"article:published_time":"2021-09-23T05:00:12+00:00","article:modified_time":"2021-09-23T05:00:20+00:00","article:publisher":"https:\/\/www.facebook.com\/AgileLabsTeam","article:author":"https:\/\/www.facebook.com\/AgileLabsTeam","twitter:card":"summary","twitter:site":"@InfoAgileLabs","twitter:title":"Upgrade Honeywell DocuMint to ProCal - Agile Labs","twitter:description":"Equivalent functions plus many more advanced features. Non-proprietary database options (MS Access, MS SQL Server and Oracle). Data transfer of existing records to ProCalV5. Continue using Honeywell 2020 and Fluke 74x and 75x calibrators. Integration with SAP, CMMS and other applications. Complete installation and support. Validated 21 CFR Part 11 paperless compliance. Contact us for","twitter:creator":"@InfoAgileLabs","twitter:image":"https:\/\/www.agilelabs.co.za\/wp-content\/uploads\/2021\/08\/TwitterLogo.png?wsr","schema":{"@context":"https:\/\/schema.org","@graph":[{"@type":"BreadcrumbList","@id":"https:\/\/www.agilelabs.co.za\/sv\/upgrade-honeywell-documint-to-procal\/#breadcrumblist","itemListElement":[{"@type":"ListItem","@id":"https:\/\/www.agilelabs.co.za\/sv\/#listItem","position":1,"name":"Home","item":"https:\/\/www.agilelabs.co.za\/sv\/","nextItem":"https:\/\/www.agilelabs.co.za\/sv\/upgrade-honeywell-documint-to-procal\/#listItem"},{"@type":"ListItem","@id":"https:\/\/www.agilelabs.co.za\/sv\/upgrade-honeywell-documint-to-procal\/#listItem","position":2,"name":"Upgrade Honeywell DocuMint to ProCal","previousItem":"https:\/\/www.agilelabs.co.za\/sv\/#listItem"}]},{"@type":"Organization","@id":"https:\/\/www.agilelabs.co.za\/sv\/#organization","name":"Agile Labs","url":"https:\/\/www.agilelabs.co.za\/sv\/","logo":{"@type":"ImageObject","url":"https:\/\/www.agilelabs.co.za\/wp-content\/uploads\/2021\/08\/LogoTransparant.gif?wsr","@id":"https:\/\/www.agilelabs.co.za\/sv\/upgrade-honeywell-documint-to-procal\/#organizationLogo","width":125,"height":113},"image":{"@id":"https:\/\/www.agilelabs.co.za\/sv\/upgrade-honeywell-documint-to-procal\/#organizationLogo"},"sameAs":["https:\/\/www.facebook.com\/AgileLabsTeam","https:\/\/twitter.com\/InfoAgileLabs"]},{"@type":"WebPage","@id":"https:\/\/www.agilelabs.co.za\/sv\/upgrade-honeywell-documint-to-procal\/#webpage","url":"https:\/\/www.agilelabs.co.za\/sv\/upgrade-honeywell-documint-to-procal\/","name":"Upgrade Honeywell DocuMint to ProCal - Agile Labs","description":"Equivalent functions plus many more advanced features. Non-proprietary database options (MS Access, MS SQL Server and Oracle). Data transfer of existing records to ProCalV5. Continue using Honeywell 2020 and Fluke 74x and 75x calibrators. Integration with SAP, CMMS and other applications. Complete installation and support. Validated 21 CFR Part 11 paperless compliance. Contact us for","inLanguage":"sv-SE","isPartOf":{"@id":"https:\/\/www.agilelabs.co.za\/sv\/#website"},"breadcrumb":{"@id":"https:\/\/www.agilelabs.co.za\/sv\/upgrade-honeywell-documint-to-procal\/#breadcrumblist"},"datePublished":"2021-09-23T07:00:12+02:00","dateModified":"2021-09-23T07:00:20+02:00"},{"@type":"WebSite","@id":"https:\/\/www.agilelabs.co.za\/sv\/#website","url":"https:\/\/www.agilelabs.co.za\/sv\/","name":"Agile Labs","description":"Industry and laboratory software solutions","inLanguage":"sv-SE","publisher":{"@id":"https:\/\/www.agilelabs.co.za\/sv\/#organization"}}]}},"aioseo_meta_data":{"post_id":"12070","title":null,"description":null,"keywords":null,"keyphrases":null,"primary_term":null,"canonical_url":null,"og_title":null,"og_description":null,"og_object_type":"default","og_image_type":"default","og_image_url":null,"og_image_width":null,"og_image_height":null,"og_image_custom_url":null,"og_image_custom_fields":null,"og_video":null,"og_custom_url":null,"og_article_section":null,"og_article_tags":null,"twitter_use_og":false,"twitter_card":"default","twitter_image_type":"default","twitter_image_url":null,"twitter_image_custom_url":null,"twitter_image_custom_fields":null,"twitter_title":null,"twitter_description":null,"schema":{"blockGraphs":[],"customGraphs":[],"default":{"data":{"Article":[],"Course":[],"Dataset":[],"FAQPage":[],"Movie":[],"Person":[],"Product":[],"Recipe":[],"Service":[],"SoftwareApplication":[],"WebPage":[]},"graphName":"","isEnabled":true},"graphs":[]},"schema_type":"default","schema_type_options":null,"pillar_content":false,"robots_default":true,"robots_noindex":false,"robots_noarchive":false,"robots_nosnippet":false,"robots_nofollow":false,"robots_noimageindex":false,"robots_noodp":false,"robots_notranslate":false,"robots_max_snippet":null,"robots_max_videopreview":null,"robots_max_imagepreview":"large","priority":null,"frequency":null,"local_seo":null,"limit_modified_date":false,"open_ai":null,"created":"2022-02-09 02:39:01","updated":"2022-09-13 21:16:37"},"_links":{"self":[{"href":"https:\/\/www.agilelabs.co.za\/sv\/wp-json\/wp\/v2\/pages\/12070","targetHints":{"allow":["GET"]}}],"collection":[{"href":"https:\/\/www.agilelabs.co.za\/sv\/wp-json\/wp\/v2\/pages"}],"about":[{"href":"https:\/\/www.agilelabs.co.za\/sv\/wp-json\/wp\/v2\/types\/page"}],"author":[{"embeddable":true,"href":"https:\/\/www.agilelabs.co.za\/sv\/wp-json\/wp\/v2\/users\/1"}],"replies":[{"embeddable":true,"href":"https:\/\/www.agilelabs.co.za\/sv\/wp-json\/wp\/v2\/comments?post=12070"}],"version-history":[{"count":0,"href":"https:\/\/www.agilelabs.co.za\/sv\/wp-json\/wp\/v2\/pages\/12070\/revisions"}],"wp:attachment":[{"href":"https:\/\/www.agilelabs.co.za\/sv\/wp-json\/wp\/v2\/media?parent=12070"}],"wp:term":[{"taxonomy":"category","embeddable":true,"href":"https:\/\/www.agilelabs.co.za\/sv\/wp-json\/wp\/v2\/categories?post=12070"},{"taxonomy":"post_tag","embeddable":true,"href":"https:\/\/www.agilelabs.co.za\/sv\/wp-json\/wp\/v2\/tags?post=12070"}],"curies":[{"name":"wp","href":"https:\/\/api.w.org\/{rel}","templated":true}]}}