{"id":12058,"date":"2021-09-23T06:25:07","date_gmt":"2021-09-23T04:25:07","guid":{"rendered":"https:\/\/www.agilelabs.co.za\/?page_id=12058"},"modified":"2021-09-23T15:23:41","modified_gmt":"2021-09-23T13:23:41","slug":"feature-benefits-for-life-sciences","status":"publish","type":"page","link":"https:\/\/www.agilelabs.co.za\/sv\/feature-benefits-for-life-sciences\/","title":{"rendered":"Biovetenskap"},"content":{"rendered":"<div class=\"wp-block-image\"><figure class=\"aligncenter size-full is-resized\"><img decoding=\"async\" src=\"https:\/\/www.agilelabs.co.za\/wp-content\/uploads\/2021\/09\/LifeSciences.png\" alt=\"\" class=\"wp-image-12059\" width=\"692\" height=\"450\"\/><\/figure><\/div>\n\n\n\n<ul class=\"wp-block-list\"><li>ProCalV5 \u00e4r ett komplett, pappersl\u00f6st kalibrerings- och underh\u00e5llshanteringssystem som \u00e4r utformat f\u00f6r att s\u00e4kerst\u00e4lla regelefterlevnad och minska driftskostnader f\u00f6r biovetenskapsf\u00f6retag.<\/li><li>ProCalV5 \u00e4r utvecklat enligt strikta kvalitetsrutiner som rutinm\u00e4ssigt granskas och godk\u00e4nns av stora biovetenskapsf\u00f6retag.<\/li><li>ProCalV5 \u00e4r en GAMP COTS 4 (konfigurerbar) applikation. Varje version \u00e4r f\u00f6rvaliderad innan den sl\u00e4pps. Dessa nyckelfaktorer utg\u00f6r ramen, d\u00e4r v\u00e5ra kunder genom korrekt riskbed\u00f6mning vanligtvis g\u00e5r vidare med en snabbare och mer ekonomisk validering av programmet f\u00f6r deras avsedda anv\u00e4ndning.<\/li><li>Vi kan tillhandah\u00e5lla projektplaner och all n\u00f6dv\u00e4ndig dokumentation och tj\u00e4nster som kan beh\u00f6vas f\u00f6r att hj\u00e4lpa dig med din validering.<\/li><li>ProCalV5 var branschens f\u00f6rsta, 21 CFR Del 11 -kompatibla, kalibreringshanteringsprogram.<\/li><li>V\u00e5r validerade, 21 CFR-del 11-kompatibla, offlinel\u00f6sa mobila arbetsstationsteknik (inget behov av internet eller Wi-Fi-anslutning) \u00e4r unikt i branschen. De ger offline\u00e5tkomst till hela programmets funktionalitet (ladda ner SOP, l\u00e4gg till nya poster i f\u00e4ltet, logga och verifiera automatiskt acceptabla data som hittats\/ som till v\u00e4nster, tilldela teststandarder, skriva ut certifikat, skriva ut cal-klisterm\u00e4rken, kommunicera med Fluke -kalibratorer etc.).<\/li><li>Stora biovetenskapsf\u00f6retag runt om i v\u00e4rlden anv\u00e4nder b\u00e4rbara datorer och surfplattor med Mobile Workstation -licenser f\u00f6r att uppn\u00e5 fullst\u00e4ndig FDA -kompatibel pappersl\u00f6s verksamhet.<\/li><li>Produktiviteten \u00f6kar kraftigt; driftskostnaderna reduceras avsev\u00e4rt och regelefterlevnad s\u00e4kerst\u00e4lls. Anv\u00e4ndningen av dessa licenser minimerar ocks\u00e5 behovet av samtidiga anv\u00e4ndarlicenser vilket resulterar i ytterligare totala systemkostnadsbesparingar.<\/li><li>Ett obegr\u00e4nsat antal autonoma konton kan startas n\u00e4r du l\u00e4gger till platsplatser.<\/li><li>Alla konton kan vara identiskt konfigurerade eller kanske n\u00e5gra modifierade baserat p\u00e5 lokala krav. \u00c4ndringar kan vara f\u00f6r enkla \u00e4ndringar eller kontokonfigurationer kan vara helt unika. Modulen Copy Company tillhandah\u00e5ller ett kraftfullt mallbaserat verktyg f\u00f6r att underl\u00e4tta till\u00e4gg och konfiguration f\u00f6r nya webbplatskonton.<\/li><li>Det finns ingen extra kostnad f\u00f6r att l\u00e4gga till konton, anv\u00e4ndargrupper, anv\u00e4ndare eller tillg\u00e5ngar.<\/li><li>De flesta programf\u00e4ltetiketter kan \u00e4ndras f\u00f6r att matcha \u00f6nskad terminologi.<\/li><li>Ett obegr\u00e4nsat antal anv\u00e4ndardefinierade, karakteriserade f\u00e4lt kan l\u00e4ggas till f\u00f6r att tillgodose klientspecifik information och arbetsfl\u00f6de.<\/li><li>F\u00f6r n\u00e4rvarande st\u00f6der ProCalV5 sex spr\u00e5k; med mer att komma. Spr\u00e5kval kan vara standard f\u00f6r hela f\u00f6retags-, konto- eller individuell anv\u00e4ndarniv\u00e5. Att byta spr\u00e5k \u00e4r lika enkelt som att v\u00e4lja fr\u00e5n en listruta.<\/li><li>Vi erbjuder ett stort bibliotek med precisionstestpaket. Dessa \u00e4r fastmonterade moduler som tillhandah\u00e5ller ett anpassat anv\u00e4ndargr\u00e4nssnitt f\u00f6r att inkludera algoritmer, rapporter etc. som \u00e4r specifika f\u00f6r olika typer av tillg\u00e5ngar, system och utrustning som vanligtvis finns i biovetenskapsanl\u00e4ggningar.<\/li><li>ProCal Explorer ger ett enkelt och direkt s\u00e4tt, i ett utbyggbart\/hopf\u00e4llbart hierarkiskt tr\u00e4dformat, att se dina tillg\u00e5ngar. Visuella uppmaningar visar tydligt de som kr\u00e4ver omedelbar uppm\u00e4rksamhet och de vars schemalagda h\u00e4ndelser \u00e4r f\u00f6rfallna. Fr\u00e5n vyn kan du starta direkt i tillg\u00e5ngens huvudposter. Omedelbart kan din tillg\u00e5ngsinformation sorteras och presenteras efter klassificering, avdelning, frekvens, artikeltyp, plats, tillverkare, ansvarig tekniker, schema, arbete som beror p\u00e5 avdelning eller arbete som beror p\u00e5 plats.<\/li><li>Kom ih\u00e5g, h\u00e4ndelser och m\u00e5nga andra rapporter kan lanseras \u00f6ver hela f\u00f6retaget eller f\u00f6r specifika enskilda eller flera konton.<\/li><li>Hierarkiska associationer kan skapas inom varje konto f\u00f6r system, slingor, utrustning och instrument.<\/li><li>Separata poster kan skapas f\u00f6r varje kontots teststandarder. Dina olika auktoriserade serviceleverant\u00f6rers teststandarder kan tilldelas unika individuella konton och\/eller globala f\u00f6r val f\u00f6r alla konton.<\/li><li>Teststandarder kan kontrolleras f\u00f6r anv\u00e4ndning endast f\u00f6r specifika instrumenttyper. Omv\u00e4nd sp\u00e5rbarhetsrapportering \u00e4r l\u00e4tt att starta p\u00e5 alla kundkonton.<\/li><li>Masterinstrumentets tillg\u00e5ngsposter kan st\u00f6dja flera testgrupper f\u00f6r en enda tillg\u00e5ng (exempel: f\u00f6r massfl\u00f6de - frekvens, temperatur och tryck). Testgrupper kan ocks\u00e5 kombinera anv\u00e4ndningen av precisionstestpaket.<\/li><li>Scheman kan baseras p\u00e5 kalender eller anv\u00e4ndningsantal.<\/li><li>ProCalV5 g\u00f6r alla matematiska funktioner n\u00e4r du skapar masterposter. Ber\u00e4kningar kan ta emot olika signalf\u00f6reningar, noggrannhetsuppgifter, uppl\u00f6sningar och kombinationer (ing\u00e5ng kontra utmatning, % avl\u00e4sning, intervall, +\/-, manuell, linj\u00e4r\/ kvadratrot, tabeller, etc.).<\/li><li>Mallar kan uppr\u00e4ttas, poster kan kopieras, globala \u00e4ndringsfunktioner g\u00f6r att grupper av poster kan modifieras samtidigt.<\/li><li>Inga m\u00e4nskliga misstag. Programmet verifierar, via visuella uppmaningar, in eller ut ur toleransf\u00f6rh\u00e5llanden vid tidpunkten f\u00f6r den hittade, as-left-datainmatningen.<\/li><li>N\u00e4r optimala testpunktsv\u00e4rden redigeras under kalibreringar ber\u00e4knar programmet automatiskt nya signalkorrelationer och acceptabla toleransgr\u00e4nser.<\/li><li>Systemet kan konfigureras f\u00f6r att till\u00e5ta automatisk avisering f\u00f6r h\u00e4ndelser som inte uppfyller kraven.<\/li><li>P\u00e5minnelser, varningar och varningar kan skickas via e -post till angivna mottagare.<\/li><li>Systemet tillhandah\u00e5ller funktioner f\u00f6r f\u00f6rebyggande underh\u00e5ll\/arbetsorder\/reservdelar.<\/li><li>Systemet kan hantera elektronisk f\u00f6r\u00e4ndringskontroll.<\/li><li>E-signaturer kan tilldelas f\u00f6r parallella eller forcerade routningar f\u00f6r att matcha \u00f6nskat arbetsfl\u00f6de. Det finns ingen gr\u00e4ns f\u00f6r hur m\u00e5nga olika typer av e-signaturpolicyer som kan uppr\u00e4ttas, sparas och bifogas dokument och h\u00e4ndelser.<\/li><li>ProCalV5 har \u00f6ver 90 standardrapporter. Dessa kan \u00e4ndras och fler kan enkelt l\u00e4ggas till i dina exakta specifikationer.<\/li><li>Avancerade fr\u00e5gor kan konstrueras, namnges och sparas f\u00f6r framtida k\u00f6rning. Resultaten kan enkelt exporteras till andra filformat.<\/li><li>Systemet kan generera kalibreringscertifikat och kan skriva ut kalibreringsdekaler automatiskt.<\/li><li>Flera tillg\u00e5ngar kan kalibreras och enskilda poster kan n\u00e5s samtidigt.<\/li><li>P\u00e5g\u00e5ende arbeten kan sparas som ofullst\u00e4ndiga.<\/li><li>ProCalV5 erbjuder o\u00f6vertr\u00e4ffad kompatibilitet med Fluke dokumentkalibratorer.<\/li><li>Inget behov av att spara MS Word-dokument eller PDF-filer-Rapporter skapas ad hoc p\u00e5 beg\u00e4ran.<\/li><li>Med ProCal eView kan fj\u00e4rranslutna webbanslutningar starta beg\u00e4rda rapporter eller automatiskt skicka rapporter p\u00e5 schemalagd kalenderbasis via e-post till mottagare som kan vara oberoende av vanliga systemanv\u00e4ndare.<\/li><li>ProCal Direct \u00e4r SaaS -molnversionen av ProCalV5. Den erbjuder alla de funktioner som anges ovan och st\u00f6der anv\u00e4ndningen av mobila arbetsstationer och Fluke -kalibratorer.<\/li><li>Integrationsalternativ \u00e4r tillg\u00e4ngliga f\u00f6r datadelning med SAP och andra applikationer.<\/li><\/ul>","protected":false},"excerpt":{"rendered":"<p>ProCalV5 is a complete, paperless calibration &amp; maintenance asset management system designed to ensure regulatory compliance and reduce operational costs for life sciences companies. ProCalV5 is developed under strict quality practices that are routinely audited and approved by major life sciences companies. ProCalV5 is a GAMP COTS 4 (configurable) application. Each version is pre-validated prior<\/p>\n<p class=\"more-link\"><a href=\"https:\/\/www.agilelabs.co.za\/sv\/feature-benefits-for-life-sciences\/\" class=\"themebutton\">L\u00e4s mer<\/a><\/p>","protected":false},"author":1,"featured_media":0,"parent":0,"menu_order":0,"comment_status":"closed","ping_status":"closed","template":"","meta":{"_acf_changed":false,"_monsterinsights_skip_tracking":false,"_monsterinsights_sitenote_active":false,"_monsterinsights_sitenote_note":"","_monsterinsights_sitenote_category":0,"footnotes":""},"categories":[],"tags":[],"class_list":["post-12058","page","type-page","status-publish","hentry"],"acf":[],"aioseo_notices":[],"aioseo_head":"\n\t\t<!-- All in One SEO Pro 4.7.0 - aioseo.com -->\n\t\t<meta name=\"description\" content=\"ProCalV5 is a complete, paperless calibration &amp; maintenance asset management system designed to ensure regulatory compliance and reduce operational costs for life sciences companies. ProCalV5 is developed under strict quality practices that are routinely audited and approved by major life sciences companies. ProCalV5 is a GAMP COTS 4 (configurable) application. Each version is pre-validated prior\" \/>\n\t\t<meta name=\"robots\" content=\"max-image-preview:large\" \/>\n\t\t<meta name=\"google-site-verification\" content=\"Nku-_1g-wtMYqihMzrUWbm5pdgO5gPY2D7l1ya5YPAU\" \/>\n\t\t<meta name=\"msvalidate.01\" content=\"9fc30828a433413eb7b3b5d32174774f\" \/>\n\t\t<meta name=\"yandex-verification\" content=\"c2122235dabe51e3\" \/>\n\t\t<link rel=\"canonical\" href=\"https:\/\/www.agilelabs.co.za\/sv\/feature-benefits-for-life-sciences\/\" \/>\n\t\t<meta name=\"generator\" content=\"All in One SEO Pro (AIOSEO) 4.7.0\" \/>\n\t\t<meta property=\"og:locale\" content=\"sv_SE\" \/>\n\t\t<meta property=\"og:site_name\" content=\"Agile Labs - Industry and laboratory software solutions\" \/>\n\t\t<meta property=\"og:type\" content=\"article\" \/>\n\t\t<meta property=\"og:title\" content=\"Life Sciences - Agile Labs\" \/>\n\t\t<meta property=\"og:description\" content=\"ProCalV5 is a complete, paperless calibration &amp; maintenance asset management system designed to ensure regulatory compliance and reduce operational costs for life sciences companies. ProCalV5 is developed under strict quality practices that are routinely audited and approved by major life sciences companies. ProCalV5 is a GAMP COTS 4 (configurable) application. Each version is pre-validated prior\" \/>\n\t\t<meta property=\"og:url\" content=\"https:\/\/www.agilelabs.co.za\/sv\/feature-benefits-for-life-sciences\/\" \/>\n\t\t<meta property=\"og:image\" content=\"https:\/\/www.agilelabs.co.za\/wp-content\/uploads\/2021\/08\/TwitterLogo.png?wsr\" \/>\n\t\t<meta property=\"og:image:secure_url\" content=\"https:\/\/www.agilelabs.co.za\/wp-content\/uploads\/2021\/08\/TwitterLogo.png?wsr\" \/>\n\t\t<meta property=\"og:image:width\" content=\"189\" \/>\n\t\t<meta property=\"og:image:height\" content=\"168\" \/>\n\t\t<meta property=\"article:published_time\" content=\"2021-09-23T04:25:07+00:00\" \/>\n\t\t<meta property=\"article:modified_time\" content=\"2021-09-23T13:23:41+00:00\" \/>\n\t\t<meta property=\"article:publisher\" content=\"https:\/\/www.facebook.com\/AgileLabsTeam\" \/>\n\t\t<meta property=\"article:author\" content=\"https:\/\/www.facebook.com\/AgileLabsTeam\" \/>\n\t\t<meta name=\"twitter:card\" content=\"summary\" \/>\n\t\t<meta name=\"twitter:site\" content=\"@InfoAgileLabs\" \/>\n\t\t<meta name=\"twitter:title\" content=\"Life Sciences - Agile Labs\" \/>\n\t\t<meta name=\"twitter:description\" content=\"ProCalV5 is a complete, paperless calibration &amp; maintenance asset management system designed to ensure regulatory compliance and reduce operational costs for life sciences companies. ProCalV5 is developed under strict quality practices that are routinely audited and approved by major life sciences companies. ProCalV5 is a GAMP COTS 4 (configurable) application. Each version is pre-validated prior\" \/>\n\t\t<meta name=\"twitter:creator\" content=\"@InfoAgileLabs\" \/>\n\t\t<meta name=\"twitter:image\" content=\"https:\/\/www.agilelabs.co.za\/wp-content\/uploads\/2021\/08\/TwitterLogo.png?wsr\" \/>\n\t\t<script type=\"application\/ld+json\" class=\"aioseo-schema\">\n\t\t\t{\"@context\":\"https:\\\/\\\/schema.org\",\"@graph\":[{\"@type\":\"BreadcrumbList\",\"@id\":\"https:\\\/\\\/www.agilelabs.co.za\\\/sv\\\/feature-benefits-for-life-sciences\\\/#breadcrumblist\",\"itemListElement\":[{\"@type\":\"ListItem\",\"@id\":\"https:\\\/\\\/www.agilelabs.co.za\\\/sv\\\/#listItem\",\"position\":1,\"name\":\"Home\",\"item\":\"https:\\\/\\\/www.agilelabs.co.za\\\/sv\\\/\",\"nextItem\":\"https:\\\/\\\/www.agilelabs.co.za\\\/sv\\\/feature-benefits-for-life-sciences\\\/#listItem\"},{\"@type\":\"ListItem\",\"@id\":\"https:\\\/\\\/www.agilelabs.co.za\\\/sv\\\/feature-benefits-for-life-sciences\\\/#listItem\",\"position\":2,\"name\":\"Life Sciences\",\"previousItem\":\"https:\\\/\\\/www.agilelabs.co.za\\\/sv\\\/#listItem\"}]},{\"@type\":\"Organization\",\"@id\":\"https:\\\/\\\/www.agilelabs.co.za\\\/sv\\\/#organization\",\"name\":\"Agile Labs\",\"url\":\"https:\\\/\\\/www.agilelabs.co.za\\\/sv\\\/\",\"logo\":{\"@type\":\"ImageObject\",\"url\":\"https:\\\/\\\/www.agilelabs.co.za\\\/wp-content\\\/uploads\\\/2021\\\/08\\\/LogoTransparant.gif?wsr\",\"@id\":\"https:\\\/\\\/www.agilelabs.co.za\\\/sv\\\/feature-benefits-for-life-sciences\\\/#organizationLogo\",\"width\":125,\"height\":113},\"image\":{\"@id\":\"https:\\\/\\\/www.agilelabs.co.za\\\/sv\\\/feature-benefits-for-life-sciences\\\/#organizationLogo\"},\"sameAs\":[\"https:\\\/\\\/www.facebook.com\\\/AgileLabsTeam\",\"https:\\\/\\\/twitter.com\\\/InfoAgileLabs\"]},{\"@type\":\"WebPage\",\"@id\":\"https:\\\/\\\/www.agilelabs.co.za\\\/sv\\\/feature-benefits-for-life-sciences\\\/#webpage\",\"url\":\"https:\\\/\\\/www.agilelabs.co.za\\\/sv\\\/feature-benefits-for-life-sciences\\\/\",\"name\":\"Life Sciences - Agile Labs\",\"description\":\"ProCalV5 is a complete, paperless calibration & maintenance asset management system designed to ensure regulatory compliance and reduce operational costs for life sciences companies. ProCalV5 is developed under strict quality practices that are routinely audited and approved by major life sciences companies. ProCalV5 is a GAMP COTS 4 (configurable) application. Each version is pre-validated prior\",\"inLanguage\":\"sv-SE\",\"isPartOf\":{\"@id\":\"https:\\\/\\\/www.agilelabs.co.za\\\/sv\\\/#website\"},\"breadcrumb\":{\"@id\":\"https:\\\/\\\/www.agilelabs.co.za\\\/sv\\\/feature-benefits-for-life-sciences\\\/#breadcrumblist\"},\"datePublished\":\"2021-09-23T06:25:07+02:00\",\"dateModified\":\"2021-09-23T15:23:41+02:00\"},{\"@type\":\"WebSite\",\"@id\":\"https:\\\/\\\/www.agilelabs.co.za\\\/sv\\\/#website\",\"url\":\"https:\\\/\\\/www.agilelabs.co.za\\\/sv\\\/\",\"name\":\"Agile Labs\",\"description\":\"Industry and laboratory software solutions\",\"inLanguage\":\"sv-SE\",\"publisher\":{\"@id\":\"https:\\\/\\\/www.agilelabs.co.za\\\/sv\\\/#organization\"}}]}\n\t\t<\/script>\n\t\t<script type=\"text\/javascript\">\n\t\t\t(function(c,l,a,r,i,t,y){\n\t\t\tc[a]=c[a]||function(){(c[a].q=c[a].q||[]).push(arguments)};t=l.createElement(r);t.async=1;\n\t\t\tt.src=\"https:\/\/www.clarity.ms\/tag\/\"+i+\"?ref=aioseo\";y=l.getElementsByTagName(r)[0];y.parentNode.insertBefore(t,y);\n\t\t})(window, document, \"clarity\", \"script\", \"b88vlc75di\");\n\t\t<\/script>\n\t\t<!-- All in One SEO Pro -->\r\n\t\t<title>Life Sciences - Agile Labs<\/title>\n\n","aioseo_head_json":{"title":"Life Sciences - Agile Labs","description":"ProCalV5 is a complete, paperless calibration & maintenance asset management system designed to ensure regulatory compliance and reduce operational costs for life sciences companies. ProCalV5 is developed under strict quality practices that are routinely audited and approved by major life sciences companies. ProCalV5 is a GAMP COTS 4 (configurable) application. Each version is pre-validated prior","canonical_url":"https:\/\/www.agilelabs.co.za\/sv\/feature-benefits-for-life-sciences\/","robots":"max-image-preview:large","keywords":"","webmasterTools":{"google-site-verification":"Nku-_1g-wtMYqihMzrUWbm5pdgO5gPY2D7l1ya5YPAU","msvalidate.01":"9fc30828a433413eb7b3b5d32174774f","yandex-verification":"c2122235dabe51e3","miscellaneous":""},"og:locale":"sv_SE","og:site_name":"Agile Labs - Industry and laboratory software solutions","og:type":"article","og:title":"Life Sciences - Agile Labs","og:description":"ProCalV5 is a complete, paperless calibration &amp; maintenance asset management system designed to ensure regulatory compliance and reduce operational costs for life sciences companies. ProCalV5 is developed under strict quality practices that are routinely audited and approved by major life sciences companies. ProCalV5 is a GAMP COTS 4 (configurable) application. Each version is pre-validated prior","og:url":"https:\/\/www.agilelabs.co.za\/sv\/feature-benefits-for-life-sciences\/","og:image":"https:\/\/www.agilelabs.co.za\/wp-content\/uploads\/2021\/08\/TwitterLogo.png?wsr","og:image:secure_url":"https:\/\/www.agilelabs.co.za\/wp-content\/uploads\/2021\/08\/TwitterLogo.png?wsr","og:image:width":189,"og:image:height":168,"article:published_time":"2021-09-23T04:25:07+00:00","article:modified_time":"2021-09-23T13:23:41+00:00","article:publisher":"https:\/\/www.facebook.com\/AgileLabsTeam","article:author":"https:\/\/www.facebook.com\/AgileLabsTeam","twitter:card":"summary","twitter:site":"@InfoAgileLabs","twitter:title":"Life Sciences - Agile Labs","twitter:description":"ProCalV5 is a complete, paperless calibration &amp; maintenance asset management system designed to ensure regulatory compliance and reduce operational costs for life sciences companies. ProCalV5 is developed under strict quality practices that are routinely audited and approved by major life sciences companies. ProCalV5 is a GAMP COTS 4 (configurable) application. Each version is pre-validated prior","twitter:creator":"@InfoAgileLabs","twitter:image":"https:\/\/www.agilelabs.co.za\/wp-content\/uploads\/2021\/08\/TwitterLogo.png?wsr","schema":{"@context":"https:\/\/schema.org","@graph":[{"@type":"BreadcrumbList","@id":"https:\/\/www.agilelabs.co.za\/sv\/feature-benefits-for-life-sciences\/#breadcrumblist","itemListElement":[{"@type":"ListItem","@id":"https:\/\/www.agilelabs.co.za\/sv\/#listItem","position":1,"name":"Home","item":"https:\/\/www.agilelabs.co.za\/sv\/","nextItem":"https:\/\/www.agilelabs.co.za\/sv\/feature-benefits-for-life-sciences\/#listItem"},{"@type":"ListItem","@id":"https:\/\/www.agilelabs.co.za\/sv\/feature-benefits-for-life-sciences\/#listItem","position":2,"name":"Life Sciences","previousItem":"https:\/\/www.agilelabs.co.za\/sv\/#listItem"}]},{"@type":"Organization","@id":"https:\/\/www.agilelabs.co.za\/sv\/#organization","name":"Agile Labs","url":"https:\/\/www.agilelabs.co.za\/sv\/","logo":{"@type":"ImageObject","url":"https:\/\/www.agilelabs.co.za\/wp-content\/uploads\/2021\/08\/LogoTransparant.gif?wsr","@id":"https:\/\/www.agilelabs.co.za\/sv\/feature-benefits-for-life-sciences\/#organizationLogo","width":125,"height":113},"image":{"@id":"https:\/\/www.agilelabs.co.za\/sv\/feature-benefits-for-life-sciences\/#organizationLogo"},"sameAs":["https:\/\/www.facebook.com\/AgileLabsTeam","https:\/\/twitter.com\/InfoAgileLabs"]},{"@type":"WebPage","@id":"https:\/\/www.agilelabs.co.za\/sv\/feature-benefits-for-life-sciences\/#webpage","url":"https:\/\/www.agilelabs.co.za\/sv\/feature-benefits-for-life-sciences\/","name":"Life Sciences - Agile Labs","description":"ProCalV5 is a complete, paperless calibration & maintenance asset management system designed to ensure regulatory compliance and reduce operational costs for life sciences companies. ProCalV5 is developed under strict quality practices that are routinely audited and approved by major life sciences companies. ProCalV5 is a GAMP COTS 4 (configurable) application. Each version is pre-validated prior","inLanguage":"sv-SE","isPartOf":{"@id":"https:\/\/www.agilelabs.co.za\/sv\/#website"},"breadcrumb":{"@id":"https:\/\/www.agilelabs.co.za\/sv\/feature-benefits-for-life-sciences\/#breadcrumblist"},"datePublished":"2021-09-23T06:25:07+02:00","dateModified":"2021-09-23T15:23:41+02:00"},{"@type":"WebSite","@id":"https:\/\/www.agilelabs.co.za\/sv\/#website","url":"https:\/\/www.agilelabs.co.za\/sv\/","name":"Agile Labs","description":"Industry and laboratory software solutions","inLanguage":"sv-SE","publisher":{"@id":"https:\/\/www.agilelabs.co.za\/sv\/#organization"}}]}},"aioseo_meta_data":{"post_id":"12058","title":null,"description":null,"keywords":null,"keyphrases":null,"primary_term":null,"canonical_url":null,"og_title":null,"og_description":null,"og_object_type":"default","og_image_type":"default","og_image_url":null,"og_image_width":null,"og_image_height":null,"og_image_custom_url":null,"og_image_custom_fields":null,"og_video":null,"og_custom_url":null,"og_article_section":null,"og_article_tags":null,"twitter_use_og":false,"twitter_card":"default","twitter_image_type":"default","twitter_image_url":null,"twitter_image_custom_url":null,"twitter_image_custom_fields":null,"twitter_title":null,"twitter_description":null,"schema":{"blockGraphs":[],"customGraphs":[],"default":{"data":{"Article":[],"Course":[],"Dataset":[],"FAQPage":[],"Movie":[],"Person":[],"Product":[],"Recipe":[],"Service":[],"SoftwareApplication":[],"WebPage":[]},"graphName":"","isEnabled":true},"graphs":[],"defaultGraph":"","defaultPostTypeGraph":""},"schema_type":"default","schema_type_options":null,"pillar_content":false,"robots_default":true,"robots_noindex":false,"robots_noarchive":false,"robots_nosnippet":false,"robots_nofollow":false,"robots_noimageindex":false,"robots_noodp":false,"robots_notranslate":false,"robots_max_snippet":null,"robots_max_videopreview":null,"robots_max_imagepreview":"large","priority":null,"frequency":null,"local_seo":null,"limit_modified_date":false,"open_ai":null,"created":"2022-02-09 02:39:01","updated":"2022-09-13 21:52:48"},"_links":{"self":[{"href":"https:\/\/www.agilelabs.co.za\/sv\/wp-json\/wp\/v2\/pages\/12058","targetHints":{"allow":["GET"]}}],"collection":[{"href":"https:\/\/www.agilelabs.co.za\/sv\/wp-json\/wp\/v2\/pages"}],"about":[{"href":"https:\/\/www.agilelabs.co.za\/sv\/wp-json\/wp\/v2\/types\/page"}],"author":[{"embeddable":true,"href":"https:\/\/www.agilelabs.co.za\/sv\/wp-json\/wp\/v2\/users\/1"}],"replies":[{"embeddable":true,"href":"https:\/\/www.agilelabs.co.za\/sv\/wp-json\/wp\/v2\/comments?post=12058"}],"version-history":[{"count":0,"href":"https:\/\/www.agilelabs.co.za\/sv\/wp-json\/wp\/v2\/pages\/12058\/revisions"}],"wp:attachment":[{"href":"https:\/\/www.agilelabs.co.za\/sv\/wp-json\/wp\/v2\/media?parent=12058"}],"wp:term":[{"taxonomy":"category","embeddable":true,"href":"https:\/\/www.agilelabs.co.za\/sv\/wp-json\/wp\/v2\/categories?post=12058"},{"taxonomy":"post_tag","embeddable":true,"href":"https:\/\/www.agilelabs.co.za\/sv\/wp-json\/wp\/v2\/tags?post=12058"}],"curies":[{"name":"wp","href":"https:\/\/api.w.org\/{rel}","templated":true}]}}