{"id":11825,"date":"2021-09-07T08:49:56","date_gmt":"2021-09-07T06:49:56","guid":{"rendered":"https:\/\/www.agilelabs.co.za\/?page_id=11825"},"modified":"2021-09-07T08:50:01","modified_gmt":"2021-09-07T06:50:01","slug":"data-migration-mapping-to-procalv5","status":"publish","type":"page","link":"https:\/\/www.agilelabs.co.za\/sv\/data-migration-mapping-to-procalv5\/","title":{"rendered":"Datamigrering och kartl\u00e4ggning till ProCalV5"},"content":{"rendered":"<p>Kraftfulla mjukvaruverktyg och bepr\u00f6vade testmetoder garanterar framg\u00e5ngsrika resultat<\/p>\n\n\n\n<p><\/p>\n\n\n\n<h4 class=\"wp-block-heading\">Datamigrering och kartl\u00e4ggning<\/h4>\n\n\n\n<p>De flesta organisationer har inte interna resurser med Data Migration -erfarenhet. Ta risken fr\u00e5n en mycket komplex och kritisk implementeringsaktivitet genom att l\u00e5ta Prime Technologies formalisera en datamigrationsplan och utveckla ett konverteringsprogram.<\/p>\n\n\n\n<p><strong>Vissa typiska datamigreringar inkluderar ofta \u00e4ldre data fr\u00e5n f\u00f6ljande k\u00e4llor:<\/strong><\/p>\n\n\n\n<ul class=\"wp-block-list\"><li>\u00c4ldre kalibreringshanteringssystem<\/li><li>Excel -kalkylblad<\/li><li>MS Access -databasfiler<\/li><li>MAC -databasfiler<\/li><\/ul>\n\n\n\n<p><strong>Notera:<\/strong> Datamigreringskraven kan variera beroende p\u00e5 organisation och all data b\u00f6r utv\u00e4rderas av Agile Labs\/Prime Technologies -ingenj\u00f6rer innan en migreringstj\u00e4nst kan f\u00f6resl\u00e5s.<\/p>","protected":false},"excerpt":{"rendered":"<p>Powerful Software Tools and Proven Test Methods Guarantee Successful Results Data Migration &amp; Mapping Most organizations do not have internal resources with Data Migration experience. Take the risk out of a very complex and critical implementation activity by letting Prime Technologies formalize a Data Migration Plan and develop a Conversion Program. Some typical Data Migrations<\/p>\n<p class=\"more-link\"><a href=\"https:\/\/www.agilelabs.co.za\/sv\/data-migration-mapping-to-procalv5\/\" class=\"themebutton\">L\u00e4s mer<\/a><\/p>","protected":false},"author":1,"featured_media":0,"parent":0,"menu_order":0,"comment_status":"closed","ping_status":"closed","template":"","meta":{"_acf_changed":false,"_monsterinsights_skip_tracking":false,"_monsterinsights_sitenote_active":false,"_monsterinsights_sitenote_note":"","_monsterinsights_sitenote_category":0,"footnotes":""},"categories":[],"tags":[],"class_list":["post-11825","page","type-page","status-publish","hentry"],"acf":[],"aioseo_notices":[],"aioseo_head":"\n\t\t<!-- All in One SEO Pro 4.7.0 - aioseo.com -->\n\t\t<meta name=\"description\" content=\"Powerful Software Tools and Proven Test Methods Guarantee Successful Results Data Migration &amp; Mapping Most organizations do not have internal resources with Data Migration experience. Take the risk out of a very complex and critical implementation activity by letting Prime Technologies formalize a Data Migration Plan and develop a Conversion Program. Some typical Data Migrations\" \/>\n\t\t<meta name=\"robots\" content=\"max-image-preview:large\" \/>\n\t\t<meta name=\"google-site-verification\" content=\"Nku-_1g-wtMYqihMzrUWbm5pdgO5gPY2D7l1ya5YPAU\" \/>\n\t\t<meta name=\"msvalidate.01\" content=\"9fc30828a433413eb7b3b5d32174774f\" \/>\n\t\t<meta name=\"yandex-verification\" content=\"c2122235dabe51e3\" \/>\n\t\t<link rel=\"canonical\" href=\"https:\/\/www.agilelabs.co.za\/sv\/data-migration-mapping-to-procalv5\/\" \/>\n\t\t<meta name=\"generator\" content=\"All in One SEO Pro (AIOSEO) 4.7.0\" \/>\n\t\t<meta property=\"og:locale\" content=\"sv_SE\" \/>\n\t\t<meta property=\"og:site_name\" content=\"Agile Labs - Industry and laboratory software solutions\" \/>\n\t\t<meta property=\"og:type\" content=\"article\" \/>\n\t\t<meta property=\"og:title\" content=\"Data Migration &amp; Mapping To ProCalV5 - Agile Labs\" \/>\n\t\t<meta property=\"og:description\" content=\"Powerful Software Tools and Proven Test Methods Guarantee Successful Results Data Migration &amp; Mapping Most organizations do not have internal resources with Data Migration experience. Take the risk out of a very complex and critical implementation activity by letting Prime Technologies formalize a Data Migration Plan and develop a Conversion Program. Some typical Data Migrations\" \/>\n\t\t<meta property=\"og:url\" content=\"https:\/\/www.agilelabs.co.za\/sv\/data-migration-mapping-to-procalv5\/\" \/>\n\t\t<meta property=\"og:image\" content=\"https:\/\/www.agilelabs.co.za\/wp-content\/uploads\/2021\/08\/TwitterLogo.png?wsr\" \/>\n\t\t<meta property=\"og:image:secure_url\" content=\"https:\/\/www.agilelabs.co.za\/wp-content\/uploads\/2021\/08\/TwitterLogo.png?wsr\" \/>\n\t\t<meta property=\"og:image:width\" content=\"189\" \/>\n\t\t<meta property=\"og:image:height\" content=\"168\" \/>\n\t\t<meta property=\"article:published_time\" content=\"2021-09-07T06:49:56+00:00\" \/>\n\t\t<meta property=\"article:modified_time\" content=\"2021-09-07T06:50:01+00:00\" \/>\n\t\t<meta property=\"article:publisher\" content=\"https:\/\/www.facebook.com\/AgileLabsTeam\" \/>\n\t\t<meta property=\"article:author\" content=\"https:\/\/www.facebook.com\/AgileLabsTeam\" \/>\n\t\t<meta name=\"twitter:card\" content=\"summary\" \/>\n\t\t<meta name=\"twitter:site\" content=\"@InfoAgileLabs\" \/>\n\t\t<meta name=\"twitter:title\" content=\"Data Migration &amp; Mapping To ProCalV5 - Agile Labs\" \/>\n\t\t<meta name=\"twitter:description\" content=\"Powerful Software Tools and Proven Test Methods Guarantee Successful Results Data Migration &amp; Mapping Most organizations do not have internal resources with Data Migration experience. Take the risk out of a very complex and critical implementation activity by letting Prime Technologies formalize a Data Migration Plan and develop a Conversion Program. Some typical Data Migrations\" \/>\n\t\t<meta name=\"twitter:creator\" content=\"@InfoAgileLabs\" \/>\n\t\t<meta name=\"twitter:image\" content=\"https:\/\/www.agilelabs.co.za\/wp-content\/uploads\/2021\/08\/TwitterLogo.png?wsr\" \/>\n\t\t<script type=\"application\/ld+json\" class=\"aioseo-schema\">\n\t\t\t{\"@context\":\"https:\\\/\\\/schema.org\",\"@graph\":[{\"@type\":\"BreadcrumbList\",\"@id\":\"https:\\\/\\\/www.agilelabs.co.za\\\/sv\\\/data-migration-mapping-to-procalv5\\\/#breadcrumblist\",\"itemListElement\":[{\"@type\":\"ListItem\",\"@id\":\"https:\\\/\\\/www.agilelabs.co.za\\\/sv\\\/#listItem\",\"position\":1,\"name\":\"Home\",\"item\":\"https:\\\/\\\/www.agilelabs.co.za\\\/sv\\\/\",\"nextItem\":\"https:\\\/\\\/www.agilelabs.co.za\\\/sv\\\/data-migration-mapping-to-procalv5\\\/#listItem\"},{\"@type\":\"ListItem\",\"@id\":\"https:\\\/\\\/www.agilelabs.co.za\\\/sv\\\/data-migration-mapping-to-procalv5\\\/#listItem\",\"position\":2,\"name\":\"Data Migration & Mapping To ProCalV5\",\"previousItem\":\"https:\\\/\\\/www.agilelabs.co.za\\\/sv\\\/#listItem\"}]},{\"@type\":\"Organization\",\"@id\":\"https:\\\/\\\/www.agilelabs.co.za\\\/sv\\\/#organization\",\"name\":\"Agile Labs\",\"url\":\"https:\\\/\\\/www.agilelabs.co.za\\\/sv\\\/\",\"logo\":{\"@type\":\"ImageObject\",\"url\":\"https:\\\/\\\/www.agilelabs.co.za\\\/wp-content\\\/uploads\\\/2021\\\/08\\\/LogoTransparant.gif?wsr\",\"@id\":\"https:\\\/\\\/www.agilelabs.co.za\\\/sv\\\/data-migration-mapping-to-procalv5\\\/#organizationLogo\",\"width\":125,\"height\":113},\"image\":{\"@id\":\"https:\\\/\\\/www.agilelabs.co.za\\\/sv\\\/data-migration-mapping-to-procalv5\\\/#organizationLogo\"},\"sameAs\":[\"https:\\\/\\\/www.facebook.com\\\/AgileLabsTeam\",\"https:\\\/\\\/twitter.com\\\/InfoAgileLabs\"]},{\"@type\":\"WebPage\",\"@id\":\"https:\\\/\\\/www.agilelabs.co.za\\\/sv\\\/data-migration-mapping-to-procalv5\\\/#webpage\",\"url\":\"https:\\\/\\\/www.agilelabs.co.za\\\/sv\\\/data-migration-mapping-to-procalv5\\\/\",\"name\":\"Data Migration & Mapping To ProCalV5 - Agile Labs\",\"description\":\"Powerful Software Tools and Proven Test Methods Guarantee Successful Results Data Migration & Mapping Most organizations do not have internal resources with Data Migration experience. Take the risk out of a very complex and critical implementation activity by letting Prime Technologies formalize a Data Migration Plan and develop a Conversion Program. Some typical Data Migrations\",\"inLanguage\":\"sv-SE\",\"isPartOf\":{\"@id\":\"https:\\\/\\\/www.agilelabs.co.za\\\/sv\\\/#website\"},\"breadcrumb\":{\"@id\":\"https:\\\/\\\/www.agilelabs.co.za\\\/sv\\\/data-migration-mapping-to-procalv5\\\/#breadcrumblist\"},\"datePublished\":\"2021-09-07T08:49:56+02:00\",\"dateModified\":\"2021-09-07T08:50:01+02:00\"},{\"@type\":\"WebSite\",\"@id\":\"https:\\\/\\\/www.agilelabs.co.za\\\/sv\\\/#website\",\"url\":\"https:\\\/\\\/www.agilelabs.co.za\\\/sv\\\/\",\"name\":\"Agile Labs\",\"description\":\"Industry and laboratory software solutions\",\"inLanguage\":\"sv-SE\",\"publisher\":{\"@id\":\"https:\\\/\\\/www.agilelabs.co.za\\\/sv\\\/#organization\"}}]}\n\t\t<\/script>\n\t\t<script type=\"text\/javascript\">\n\t\t\t(function(c,l,a,r,i,t,y){\n\t\t\tc[a]=c[a]||function(){(c[a].q=c[a].q||[]).push(arguments)};t=l.createElement(r);t.async=1;\n\t\t\tt.src=\"https:\/\/www.clarity.ms\/tag\/\"+i+\"?ref=aioseo\";y=l.getElementsByTagName(r)[0];y.parentNode.insertBefore(t,y);\n\t\t})(window, document, \"clarity\", \"script\", \"b88vlc75di\");\n\t\t<\/script>\n\t\t<!-- All in One SEO Pro -->\r\n\t\t<title>Data Migration &amp; Mapping To ProCalV5 - Agile Labs<\/title>\n\n","aioseo_head_json":{"title":"Data Migration & Mapping To ProCalV5 - Agile Labs","description":"Powerful Software Tools and Proven Test Methods Guarantee Successful Results Data Migration & Mapping Most organizations do not have internal resources with Data Migration experience. Take the risk out of a very complex and critical implementation activity by letting Prime Technologies formalize a Data Migration Plan and develop a Conversion Program. Some typical Data Migrations","canonical_url":"https:\/\/www.agilelabs.co.za\/sv\/data-migration-mapping-to-procalv5\/","robots":"max-image-preview:large","keywords":"","webmasterTools":{"google-site-verification":"Nku-_1g-wtMYqihMzrUWbm5pdgO5gPY2D7l1ya5YPAU","msvalidate.01":"9fc30828a433413eb7b3b5d32174774f","yandex-verification":"c2122235dabe51e3","miscellaneous":""},"og:locale":"sv_SE","og:site_name":"Agile Labs - Industry and laboratory software solutions","og:type":"article","og:title":"Data Migration &amp; Mapping To ProCalV5 - Agile Labs","og:description":"Powerful Software Tools and Proven Test Methods Guarantee Successful Results Data Migration &amp; Mapping Most organizations do not have internal resources with Data Migration experience. Take the risk out of a very complex and critical implementation activity by letting Prime Technologies formalize a Data Migration Plan and develop a Conversion Program. Some typical Data Migrations","og:url":"https:\/\/www.agilelabs.co.za\/sv\/data-migration-mapping-to-procalv5\/","og:image":"https:\/\/www.agilelabs.co.za\/wp-content\/uploads\/2021\/08\/TwitterLogo.png?wsr","og:image:secure_url":"https:\/\/www.agilelabs.co.za\/wp-content\/uploads\/2021\/08\/TwitterLogo.png?wsr","og:image:width":189,"og:image:height":168,"article:published_time":"2021-09-07T06:49:56+00:00","article:modified_time":"2021-09-07T06:50:01+00:00","article:publisher":"https:\/\/www.facebook.com\/AgileLabsTeam","article:author":"https:\/\/www.facebook.com\/AgileLabsTeam","twitter:card":"summary","twitter:site":"@InfoAgileLabs","twitter:title":"Data Migration &amp; Mapping To ProCalV5 - Agile Labs","twitter:description":"Powerful Software Tools and Proven Test Methods Guarantee Successful Results Data Migration &amp; Mapping Most organizations do not have internal resources with Data Migration experience. Take the risk out of a very complex and critical implementation activity by letting Prime Technologies formalize a Data Migration Plan and develop a Conversion Program. Some typical Data Migrations","twitter:creator":"@InfoAgileLabs","twitter:image":"https:\/\/www.agilelabs.co.za\/wp-content\/uploads\/2021\/08\/TwitterLogo.png?wsr","schema":{"@context":"https:\/\/schema.org","@graph":[{"@type":"BreadcrumbList","@id":"https:\/\/www.agilelabs.co.za\/sv\/data-migration-mapping-to-procalv5\/#breadcrumblist","itemListElement":[{"@type":"ListItem","@id":"https:\/\/www.agilelabs.co.za\/sv\/#listItem","position":1,"name":"Home","item":"https:\/\/www.agilelabs.co.za\/sv\/","nextItem":"https:\/\/www.agilelabs.co.za\/sv\/data-migration-mapping-to-procalv5\/#listItem"},{"@type":"ListItem","@id":"https:\/\/www.agilelabs.co.za\/sv\/data-migration-mapping-to-procalv5\/#listItem","position":2,"name":"Data Migration & Mapping To ProCalV5","previousItem":"https:\/\/www.agilelabs.co.za\/sv\/#listItem"}]},{"@type":"Organization","@id":"https:\/\/www.agilelabs.co.za\/sv\/#organization","name":"Agile Labs","url":"https:\/\/www.agilelabs.co.za\/sv\/","logo":{"@type":"ImageObject","url":"https:\/\/www.agilelabs.co.za\/wp-content\/uploads\/2021\/08\/LogoTransparant.gif?wsr","@id":"https:\/\/www.agilelabs.co.za\/sv\/data-migration-mapping-to-procalv5\/#organizationLogo","width":125,"height":113},"image":{"@id":"https:\/\/www.agilelabs.co.za\/sv\/data-migration-mapping-to-procalv5\/#organizationLogo"},"sameAs":["https:\/\/www.facebook.com\/AgileLabsTeam","https:\/\/twitter.com\/InfoAgileLabs"]},{"@type":"WebPage","@id":"https:\/\/www.agilelabs.co.za\/sv\/data-migration-mapping-to-procalv5\/#webpage","url":"https:\/\/www.agilelabs.co.za\/sv\/data-migration-mapping-to-procalv5\/","name":"Data Migration & Mapping To ProCalV5 - Agile Labs","description":"Powerful Software Tools and Proven Test Methods Guarantee Successful Results Data Migration & Mapping Most organizations do not have internal resources with Data Migration experience. Take the risk out of a very complex and critical implementation activity by letting Prime Technologies formalize a Data Migration Plan and develop a Conversion Program. Some typical Data Migrations","inLanguage":"sv-SE","isPartOf":{"@id":"https:\/\/www.agilelabs.co.za\/sv\/#website"},"breadcrumb":{"@id":"https:\/\/www.agilelabs.co.za\/sv\/data-migration-mapping-to-procalv5\/#breadcrumblist"},"datePublished":"2021-09-07T08:49:56+02:00","dateModified":"2021-09-07T08:50:01+02:00"},{"@type":"WebSite","@id":"https:\/\/www.agilelabs.co.za\/sv\/#website","url":"https:\/\/www.agilelabs.co.za\/sv\/","name":"Agile Labs","description":"Industry and laboratory software solutions","inLanguage":"sv-SE","publisher":{"@id":"https:\/\/www.agilelabs.co.za\/sv\/#organization"}}]}},"aioseo_meta_data":{"post_id":"11825","title":null,"description":null,"keywords":null,"keyphrases":null,"primary_term":null,"canonical_url":null,"og_title":null,"og_description":null,"og_object_type":"default","og_image_type":"default","og_image_url":null,"og_image_width":null,"og_image_height":null,"og_image_custom_url":null,"og_image_custom_fields":null,"og_video":null,"og_custom_url":null,"og_article_section":null,"og_article_tags":null,"twitter_use_og":false,"twitter_card":"default","twitter_image_type":"default","twitter_image_url":null,"twitter_image_custom_url":null,"twitter_image_custom_fields":null,"twitter_title":null,"twitter_description":null,"schema":{"blockGraphs":[],"customGraphs":[],"default":{"data":{"Article":[],"Course":[],"Dataset":[],"FAQPage":[],"Movie":[],"Person":[],"Product":[],"Recipe":[],"Service":[],"SoftwareApplication":[],"WebPage":[]},"graphName":"","isEnabled":true},"graphs":[]},"schema_type":"default","schema_type_options":null,"pillar_content":false,"robots_default":true,"robots_noindex":false,"robots_noarchive":false,"robots_nosnippet":false,"robots_nofollow":false,"robots_noimageindex":false,"robots_noodp":false,"robots_notranslate":false,"robots_max_snippet":null,"robots_max_videopreview":null,"robots_max_imagepreview":"large","priority":null,"frequency":null,"local_seo":null,"limit_modified_date":false,"open_ai":null,"created":"2022-02-09 02:39:01","updated":"2022-09-13 21:08:59"},"_links":{"self":[{"href":"https:\/\/www.agilelabs.co.za\/sv\/wp-json\/wp\/v2\/pages\/11825","targetHints":{"allow":["GET"]}}],"collection":[{"href":"https:\/\/www.agilelabs.co.za\/sv\/wp-json\/wp\/v2\/pages"}],"about":[{"href":"https:\/\/www.agilelabs.co.za\/sv\/wp-json\/wp\/v2\/types\/page"}],"author":[{"embeddable":true,"href":"https:\/\/www.agilelabs.co.za\/sv\/wp-json\/wp\/v2\/users\/1"}],"replies":[{"embeddable":true,"href":"https:\/\/www.agilelabs.co.za\/sv\/wp-json\/wp\/v2\/comments?post=11825"}],"version-history":[{"count":0,"href":"https:\/\/www.agilelabs.co.za\/sv\/wp-json\/wp\/v2\/pages\/11825\/revisions"}],"wp:attachment":[{"href":"https:\/\/www.agilelabs.co.za\/sv\/wp-json\/wp\/v2\/media?parent=11825"}],"wp:term":[{"taxonomy":"category","embeddable":true,"href":"https:\/\/www.agilelabs.co.za\/sv\/wp-json\/wp\/v2\/categories?post=11825"},{"taxonomy":"post_tag","embeddable":true,"href":"https:\/\/www.agilelabs.co.za\/sv\/wp-json\/wp\/v2\/tags?post=11825"}],"curies":[{"name":"wp","href":"https:\/\/api.w.org\/{rel}","templated":true}]}}