{"id":11613,"date":"2021-08-24T14:28:07","date_gmt":"2021-08-24T12:28:07","guid":{"rendered":"https:\/\/www.agilelabs.co.za\/?page_id=11613"},"modified":"2021-10-20T12:09:19","modified_gmt":"2021-10-20T10:09:19","slug":"go-paperless","status":"publish","type":"page","link":"https:\/\/www.agilelabs.co.za\/sv\/go-paperless\/","title":{"rendered":"G\u00e5 pappersl\u00f6s!"},"content":{"rendered":"<p>G\u00e5 pappersl\u00f6s f\u00f6r maximal effektivitet<\/p>\n\n\n\n<p><\/p>\n\n\n\n<blockquote class=\"wp-block-quote is-layout-flow wp-block-quote-is-layout-flow\"><p>Ingen mer duplicerad dataf\u00e5ngst<\/p><\/blockquote>\n\n\n\n<p>Att s\u00e4kerst\u00e4lla regelefterlevnad och samtidigt minska dina driftskostnader \u00e4r v\u00e5rt nyckelfokus p\u00e5 Prime Technologies. V\u00e4rldsber\u00f6mda, industripr\u00f6vade ProCal Direct -l\u00f6sningar garanterar t\u00e4t kontroll och effektiviserade arbetsfl\u00f6desmetoder f\u00f6r alla instrument- och systemf\u00f6rvaltningsaktiviteter. ProCal Direct \u00e4r nu tillg\u00e4ngligt p\u00e5 flera spr\u00e5k!<\/p>\n\n\n\n<div class=\"wp-block-image\"><figure class=\"aligncenter size-full\"><img decoding=\"async\" width=\"830\" height=\"674\" src=\"https:\/\/www.agilelabs.co.za\/wp-content\/uploads\/2021\/08\/PaperlessCalibrationsL-768x624-1.jpg\" alt=\"\" class=\"wp-image-11518\" srcset=\"https:\/\/www.agilelabs.co.za\/wp-content\/uploads\/2021\/08\/PaperlessCalibrationsL-768x624-1.jpg 830w, https:\/\/www.agilelabs.co.za\/wp-content\/uploads\/2021\/08\/PaperlessCalibrationsL-768x624-1-350x284.jpg 350w, https:\/\/www.agilelabs.co.za\/wp-content\/uploads\/2021\/08\/PaperlessCalibrationsL-768x624-1-680x552.jpg 680w, https:\/\/www.agilelabs.co.za\/wp-content\/uploads\/2021\/08\/PaperlessCalibrationsL-768x624-1-300x244.jpg 300w, https:\/\/www.agilelabs.co.za\/wp-content\/uploads\/2021\/08\/PaperlessCalibrationsL-768x624-1-768x624.jpg 768w\" sizes=\"(max-width: 830px) 100vw, 830px\" \/><\/figure><\/div>\n\n\n\n<figure class=\"wp-block-embed is-type-rich is-provider-embed-handler wp-block-embed-embed-handler wp-embed-aspect-16-9 wp-has-aspect-ratio\"><div class=\"wp-block-embed__wrapper\">\n<iframe title=\"ProCalV5 - G\u00e5 pappersl\u00f6s f\u00f6r maximal effektivitet. Se v\u00e5r video.\" width=\"1170\" height=\"658\" src=\"https:\/\/www.youtube.com\/embed\/4-q-u93iKP0?feature=oembed&enablejsapi=1\" frameborder=\"0\" allow=\"accelerometer; autoplay; clipboard-write; encrypted-media; gyroscope; picture-in-picture\" allowfullscreen><\/iframe>\n<\/div><\/figure>","protected":false},"excerpt":{"rendered":"<p>Go paperless for maximum efficiency No more duplicate data capture Ensuring regulatory compliance while reducing your operational costs is our key focus at Prime Technologies. World renowned, industry proven ProCal Direct solutions guarantee tight control and streamlined work flow practices for all instrument and system asset management activities. ProCal Direct is now available in multiple<\/p>\n<p class=\"more-link\"><a href=\"https:\/\/www.agilelabs.co.za\/sv\/go-paperless\/\" class=\"themebutton\">L\u00e4s mer<\/a><\/p>","protected":false},"author":1,"featured_media":0,"parent":0,"menu_order":0,"comment_status":"closed","ping_status":"closed","template":"","meta":{"_acf_changed":false,"_monsterinsights_skip_tracking":false,"_monsterinsights_sitenote_active":false,"_monsterinsights_sitenote_note":"","_monsterinsights_sitenote_category":0,"footnotes":""},"categories":[],"tags":[],"class_list":["post-11613","page","type-page","status-publish","hentry"],"acf":[],"aioseo_notices":[],"aioseo_head":"\n\t\t<!-- All in One SEO Pro 4.7.0 - aioseo.com -->\n\t\t<meta name=\"description\" content=\"Go paperless for maximum efficiency No more duplicate data capture Ensuring regulatory compliance while reducing your operational costs is our key focus at Prime Technologies. World renowned, industry proven ProCal Direct solutions guarantee tight control and streamlined work flow practices for all instrument and system asset management activities. ProCal Direct is now available in multiple\" \/>\n\t\t<meta name=\"robots\" content=\"max-image-preview:large\" \/>\n\t\t<meta name=\"google-site-verification\" content=\"Nku-_1g-wtMYqihMzrUWbm5pdgO5gPY2D7l1ya5YPAU\" \/>\n\t\t<meta name=\"msvalidate.01\" content=\"9fc30828a433413eb7b3b5d32174774f\" \/>\n\t\t<meta name=\"yandex-verification\" content=\"c2122235dabe51e3\" \/>\n\t\t<link rel=\"canonical\" href=\"https:\/\/www.agilelabs.co.za\/sv\/go-paperless\/\" \/>\n\t\t<meta name=\"generator\" content=\"All in One SEO Pro (AIOSEO) 4.7.0\" \/>\n\t\t<meta property=\"og:locale\" content=\"sv_SE\" \/>\n\t\t<meta property=\"og:site_name\" content=\"Agile Labs - Industry and laboratory software solutions\" \/>\n\t\t<meta property=\"og:type\" content=\"article\" \/>\n\t\t<meta property=\"og:title\" content=\"Go Paperless! - Agile Labs\" \/>\n\t\t<meta property=\"og:description\" content=\"Go paperless for maximum efficiency No more duplicate data capture Ensuring regulatory compliance while reducing your operational costs is our key focus at Prime Technologies. World renowned, industry proven ProCal Direct solutions guarantee tight control and streamlined work flow practices for all instrument and system asset management activities. ProCal Direct is now available in multiple\" \/>\n\t\t<meta property=\"og:url\" content=\"https:\/\/www.agilelabs.co.za\/sv\/go-paperless\/\" \/>\n\t\t<meta property=\"og:image\" content=\"https:\/\/www.agilelabs.co.za\/wp-content\/uploads\/2021\/08\/TwitterLogo.png?wsr\" \/>\n\t\t<meta property=\"og:image:secure_url\" content=\"https:\/\/www.agilelabs.co.za\/wp-content\/uploads\/2021\/08\/TwitterLogo.png?wsr\" \/>\n\t\t<meta property=\"og:image:width\" content=\"189\" \/>\n\t\t<meta property=\"og:image:height\" content=\"168\" \/>\n\t\t<meta property=\"article:published_time\" content=\"2021-08-24T12:28:07+00:00\" \/>\n\t\t<meta property=\"article:modified_time\" content=\"2021-10-20T10:09:19+00:00\" \/>\n\t\t<meta property=\"article:publisher\" content=\"https:\/\/www.facebook.com\/AgileLabsTeam\" \/>\n\t\t<meta property=\"article:author\" content=\"https:\/\/www.facebook.com\/AgileLabsTeam\" \/>\n\t\t<meta name=\"twitter:card\" content=\"summary\" \/>\n\t\t<meta name=\"twitter:site\" content=\"@InfoAgileLabs\" \/>\n\t\t<meta name=\"twitter:title\" content=\"Go Paperless! - Agile Labs\" \/>\n\t\t<meta name=\"twitter:description\" content=\"Go paperless for maximum efficiency No more duplicate data capture Ensuring regulatory compliance while reducing your operational costs is our key focus at Prime Technologies. World renowned, industry proven ProCal Direct solutions guarantee tight control and streamlined work flow practices for all instrument and system asset management activities. ProCal Direct is now available in multiple\" \/>\n\t\t<meta name=\"twitter:creator\" content=\"@InfoAgileLabs\" \/>\n\t\t<meta name=\"twitter:image\" content=\"https:\/\/www.agilelabs.co.za\/wp-content\/uploads\/2021\/08\/TwitterLogo.png?wsr\" \/>\n\t\t<script type=\"application\/ld+json\" class=\"aioseo-schema\">\n\t\t\t{\"@context\":\"https:\\\/\\\/schema.org\",\"@graph\":[{\"@type\":\"BreadcrumbList\",\"@id\":\"https:\\\/\\\/www.agilelabs.co.za\\\/sv\\\/go-paperless\\\/#breadcrumblist\",\"itemListElement\":[{\"@type\":\"ListItem\",\"@id\":\"https:\\\/\\\/www.agilelabs.co.za\\\/sv\\\/#listItem\",\"position\":1,\"name\":\"Home\",\"item\":\"https:\\\/\\\/www.agilelabs.co.za\\\/sv\\\/\",\"nextItem\":\"https:\\\/\\\/www.agilelabs.co.za\\\/sv\\\/go-paperless\\\/#listItem\"},{\"@type\":\"ListItem\",\"@id\":\"https:\\\/\\\/www.agilelabs.co.za\\\/sv\\\/go-paperless\\\/#listItem\",\"position\":2,\"name\":\"Go Paperless!\",\"previousItem\":\"https:\\\/\\\/www.agilelabs.co.za\\\/sv\\\/#listItem\"}]},{\"@type\":\"Organization\",\"@id\":\"https:\\\/\\\/www.agilelabs.co.za\\\/sv\\\/#organization\",\"name\":\"Agile Labs\",\"url\":\"https:\\\/\\\/www.agilelabs.co.za\\\/sv\\\/\",\"logo\":{\"@type\":\"ImageObject\",\"url\":\"https:\\\/\\\/www.agilelabs.co.za\\\/wp-content\\\/uploads\\\/2021\\\/08\\\/LogoTransparant.gif?wsr\",\"@id\":\"https:\\\/\\\/www.agilelabs.co.za\\\/sv\\\/go-paperless\\\/#organizationLogo\",\"width\":125,\"height\":113},\"image\":{\"@id\":\"https:\\\/\\\/www.agilelabs.co.za\\\/sv\\\/go-paperless\\\/#organizationLogo\"},\"sameAs\":[\"https:\\\/\\\/www.facebook.com\\\/AgileLabsTeam\",\"https:\\\/\\\/twitter.com\\\/InfoAgileLabs\"]},{\"@type\":\"WebPage\",\"@id\":\"https:\\\/\\\/www.agilelabs.co.za\\\/sv\\\/go-paperless\\\/#webpage\",\"url\":\"https:\\\/\\\/www.agilelabs.co.za\\\/sv\\\/go-paperless\\\/\",\"name\":\"Go Paperless! - Agile Labs\",\"description\":\"Go paperless for maximum efficiency No more duplicate data capture Ensuring regulatory compliance while reducing your operational costs is our key focus at Prime Technologies. World renowned, industry proven ProCal Direct solutions guarantee tight control and streamlined work flow practices for all instrument and system asset management activities. ProCal Direct is now available in multiple\",\"inLanguage\":\"sv-SE\",\"isPartOf\":{\"@id\":\"https:\\\/\\\/www.agilelabs.co.za\\\/sv\\\/#website\"},\"breadcrumb\":{\"@id\":\"https:\\\/\\\/www.agilelabs.co.za\\\/sv\\\/go-paperless\\\/#breadcrumblist\"},\"datePublished\":\"2021-08-24T14:28:07+02:00\",\"dateModified\":\"2021-10-20T12:09:19+02:00\"},{\"@type\":\"WebSite\",\"@id\":\"https:\\\/\\\/www.agilelabs.co.za\\\/sv\\\/#website\",\"url\":\"https:\\\/\\\/www.agilelabs.co.za\\\/sv\\\/\",\"name\":\"Agile Labs\",\"description\":\"Industry and laboratory software solutions\",\"inLanguage\":\"sv-SE\",\"publisher\":{\"@id\":\"https:\\\/\\\/www.agilelabs.co.za\\\/sv\\\/#organization\"}}]}\n\t\t<\/script>\n\t\t<script type=\"text\/javascript\">\n\t\t\t(function(c,l,a,r,i,t,y){\n\t\t\tc[a]=c[a]||function(){(c[a].q=c[a].q||[]).push(arguments)};t=l.createElement(r);t.async=1;\n\t\t\tt.src=\"https:\/\/www.clarity.ms\/tag\/\"+i+\"?ref=aioseo\";y=l.getElementsByTagName(r)[0];y.parentNode.insertBefore(t,y);\n\t\t})(window, document, \"clarity\", \"script\", \"b88vlc75di\");\n\t\t<\/script>\n\t\t<!-- All in One SEO Pro -->\r\n\t\t<title>Go Paperless! - Agile Labs<\/title>\n\n","aioseo_head_json":{"title":"Go Paperless! - Agile Labs","description":"Go paperless for maximum efficiency No more duplicate data capture Ensuring regulatory compliance while reducing your operational costs is our key focus at Prime Technologies. World renowned, industry proven ProCal Direct solutions guarantee tight control and streamlined work flow practices for all instrument and system asset management activities. ProCal Direct is now available in multiple","canonical_url":"https:\/\/www.agilelabs.co.za\/sv\/go-paperless\/","robots":"max-image-preview:large","keywords":"","webmasterTools":{"google-site-verification":"Nku-_1g-wtMYqihMzrUWbm5pdgO5gPY2D7l1ya5YPAU","msvalidate.01":"9fc30828a433413eb7b3b5d32174774f","yandex-verification":"c2122235dabe51e3","miscellaneous":""},"og:locale":"sv_SE","og:site_name":"Agile Labs - Industry and laboratory software solutions","og:type":"article","og:title":"Go Paperless! - Agile Labs","og:description":"Go paperless for maximum efficiency No more duplicate data capture Ensuring regulatory compliance while reducing your operational costs is our key focus at Prime Technologies. World renowned, industry proven ProCal Direct solutions guarantee tight control and streamlined work flow practices for all instrument and system asset management activities. ProCal Direct is now available in multiple","og:url":"https:\/\/www.agilelabs.co.za\/sv\/go-paperless\/","og:image":"https:\/\/www.agilelabs.co.za\/wp-content\/uploads\/2021\/08\/TwitterLogo.png?wsr","og:image:secure_url":"https:\/\/www.agilelabs.co.za\/wp-content\/uploads\/2021\/08\/TwitterLogo.png?wsr","og:image:width":189,"og:image:height":168,"article:published_time":"2021-08-24T12:28:07+00:00","article:modified_time":"2021-10-20T10:09:19+00:00","article:publisher":"https:\/\/www.facebook.com\/AgileLabsTeam","article:author":"https:\/\/www.facebook.com\/AgileLabsTeam","twitter:card":"summary","twitter:site":"@InfoAgileLabs","twitter:title":"Go Paperless! - Agile Labs","twitter:description":"Go paperless for maximum efficiency No more duplicate data capture Ensuring regulatory compliance while reducing your operational costs is our key focus at Prime Technologies. World renowned, industry proven ProCal Direct solutions guarantee tight control and streamlined work flow practices for all instrument and system asset management activities. ProCal Direct is now available in multiple","twitter:creator":"@InfoAgileLabs","twitter:image":"https:\/\/www.agilelabs.co.za\/wp-content\/uploads\/2021\/08\/TwitterLogo.png?wsr","schema":{"@context":"https:\/\/schema.org","@graph":[{"@type":"BreadcrumbList","@id":"https:\/\/www.agilelabs.co.za\/sv\/go-paperless\/#breadcrumblist","itemListElement":[{"@type":"ListItem","@id":"https:\/\/www.agilelabs.co.za\/sv\/#listItem","position":1,"name":"Home","item":"https:\/\/www.agilelabs.co.za\/sv\/","nextItem":"https:\/\/www.agilelabs.co.za\/sv\/go-paperless\/#listItem"},{"@type":"ListItem","@id":"https:\/\/www.agilelabs.co.za\/sv\/go-paperless\/#listItem","position":2,"name":"Go Paperless!","previousItem":"https:\/\/www.agilelabs.co.za\/sv\/#listItem"}]},{"@type":"Organization","@id":"https:\/\/www.agilelabs.co.za\/sv\/#organization","name":"Agile Labs","url":"https:\/\/www.agilelabs.co.za\/sv\/","logo":{"@type":"ImageObject","url":"https:\/\/www.agilelabs.co.za\/wp-content\/uploads\/2021\/08\/LogoTransparant.gif?wsr","@id":"https:\/\/www.agilelabs.co.za\/sv\/go-paperless\/#organizationLogo","width":125,"height":113},"image":{"@id":"https:\/\/www.agilelabs.co.za\/sv\/go-paperless\/#organizationLogo"},"sameAs":["https:\/\/www.facebook.com\/AgileLabsTeam","https:\/\/twitter.com\/InfoAgileLabs"]},{"@type":"WebPage","@id":"https:\/\/www.agilelabs.co.za\/sv\/go-paperless\/#webpage","url":"https:\/\/www.agilelabs.co.za\/sv\/go-paperless\/","name":"Go Paperless! - Agile Labs","description":"Go paperless for maximum efficiency No more duplicate data capture Ensuring regulatory compliance while reducing your operational costs is our key focus at Prime Technologies. World renowned, industry proven ProCal Direct solutions guarantee tight control and streamlined work flow practices for all instrument and system asset management activities. ProCal Direct is now available in multiple","inLanguage":"sv-SE","isPartOf":{"@id":"https:\/\/www.agilelabs.co.za\/sv\/#website"},"breadcrumb":{"@id":"https:\/\/www.agilelabs.co.za\/sv\/go-paperless\/#breadcrumblist"},"datePublished":"2021-08-24T14:28:07+02:00","dateModified":"2021-10-20T12:09:19+02:00"},{"@type":"WebSite","@id":"https:\/\/www.agilelabs.co.za\/sv\/#website","url":"https:\/\/www.agilelabs.co.za\/sv\/","name":"Agile Labs","description":"Industry and laboratory software solutions","inLanguage":"sv-SE","publisher":{"@id":"https:\/\/www.agilelabs.co.za\/sv\/#organization"}}]}},"aioseo_meta_data":{"post_id":"11613","title":null,"description":null,"keywords":null,"keyphrases":null,"primary_term":null,"canonical_url":null,"og_title":null,"og_description":null,"og_object_type":"default","og_image_type":"default","og_image_url":null,"og_image_width":null,"og_image_height":null,"og_image_custom_url":null,"og_image_custom_fields":null,"og_video":null,"og_custom_url":null,"og_article_section":null,"og_article_tags":null,"twitter_use_og":false,"twitter_card":"default","twitter_image_type":"default","twitter_image_url":null,"twitter_image_custom_url":null,"twitter_image_custom_fields":null,"twitter_title":null,"twitter_description":null,"schema":{"blockGraphs":[],"customGraphs":[],"default":{"data":{"Article":[],"Course":[],"Dataset":[],"FAQPage":[],"Movie":[],"Person":[],"Product":[],"Recipe":[],"Service":[],"SoftwareApplication":[],"WebPage":[]},"graphName":"","isEnabled":true},"graphs":[]},"schema_type":"default","schema_type_options":null,"pillar_content":false,"robots_default":true,"robots_noindex":false,"robots_noarchive":false,"robots_nosnippet":false,"robots_nofollow":false,"robots_noimageindex":false,"robots_noodp":false,"robots_notranslate":false,"robots_max_snippet":null,"robots_max_videopreview":null,"robots_max_imagepreview":"large","priority":null,"frequency":null,"local_seo":null,"limit_modified_date":false,"open_ai":null,"created":"2022-02-09 02:39:01","updated":"2022-09-13 21:10:44"},"_links":{"self":[{"href":"https:\/\/www.agilelabs.co.za\/sv\/wp-json\/wp\/v2\/pages\/11613","targetHints":{"allow":["GET"]}}],"collection":[{"href":"https:\/\/www.agilelabs.co.za\/sv\/wp-json\/wp\/v2\/pages"}],"about":[{"href":"https:\/\/www.agilelabs.co.za\/sv\/wp-json\/wp\/v2\/types\/page"}],"author":[{"embeddable":true,"href":"https:\/\/www.agilelabs.co.za\/sv\/wp-json\/wp\/v2\/users\/1"}],"replies":[{"embeddable":true,"href":"https:\/\/www.agilelabs.co.za\/sv\/wp-json\/wp\/v2\/comments?post=11613"}],"version-history":[{"count":0,"href":"https:\/\/www.agilelabs.co.za\/sv\/wp-json\/wp\/v2\/pages\/11613\/revisions"}],"wp:attachment":[{"href":"https:\/\/www.agilelabs.co.za\/sv\/wp-json\/wp\/v2\/media?parent=11613"}],"wp:term":[{"taxonomy":"category","embeddable":true,"href":"https:\/\/www.agilelabs.co.za\/sv\/wp-json\/wp\/v2\/categories?post=11613"},{"taxonomy":"post_tag","embeddable":true,"href":"https:\/\/www.agilelabs.co.za\/sv\/wp-json\/wp\/v2\/tags?post=11613"}],"curies":[{"name":"wp","href":"https:\/\/api.w.org\/{rel}","templated":true}]}}