{"id":11603,"date":"2021-08-22T12:04:15","date_gmt":"2021-08-22T10:04:15","guid":{"rendered":"https:\/\/www.agilelabs.co.za\/?page_id=11512"},"modified":"2022-06-24T12:46:26","modified_gmt":"2022-06-24T10:46:26","slug":"software-options","status":"publish","type":"page","link":"https:\/\/www.agilelabs.co.za\/sv\/software-options\/","title":{"rendered":"Programvarualternativ"},"content":{"rendered":"<blockquote class=\"wp-block-quote is-layout-flow wp-block-quote-is-layout-flow\"><p>Tillf\u00f6r v\u00e4rde till din kalibreringsprogramvara<\/p><\/blockquote>\n\n\n\n<p><\/p>\n\n\n\n<p>Det finns flera programvarualternativ tillg\u00e4ngliga f\u00f6r att st\u00f6dja de unika kapitalf\u00f6rvaltningskraven f\u00f6r enskilda f\u00f6retags- eller branschbehov. Bland de vanligaste alternativen \u00e4r listan nedan. F\u00f6r att se mer, kontakta oss f\u00f6r en e -bok med funktioner.<\/p>\n\n\n\n<p><strong>F\u00f6rebyggande underh\u00e5ll\/arbetsorder<\/strong><\/p>\n\n\n\n<p>Med ProCalV5 kan du skapa f\u00f6rebyggande underh\u00e5llsposter (PM) som kan tilldelas arbetsorder eller anv\u00e4ndas oberoende av arbetsordersystemet. Det l\u00e5ter dig ocks\u00e5 gruppera arbetsobjekt som fullst\u00e4ndiga kalibreringar, PM -artiklar och underh\u00e5llsf\u00f6rfr\u00e5gningar genom att tilldela dem till arbetsorder. Arbetsorderposter kan sedan sp\u00e5ras i hela systemet n\u00e4r deras uppgifter \u00e4r slutf\u00f6rda.<\/p>\n\n\n\n<figure class=\"wp-block-image size-full\"><img decoding=\"async\" src=\"https:\/\/www.agilelabs.co.za\/wp-content\/uploads\/2021\/08\/WorkOrders.jpg\" alt=\"\" class=\"wp-image-11514\"\/><\/figure>\n\n\n\n<p><strong>Reservdelar<\/strong><\/p>\n\n\n\n<p>Sp\u00e5ra anv\u00e4ndning och reservdelar som anv\u00e4nds f\u00f6r kalibrering. Delposten anv\u00e4nds f\u00f6r att identifiera dessa reservdelar i ett inventeringssystem. Sk\u00e4rmen Inventory Control m\u00f6jligg\u00f6r kontroll av lager genom att se till att f\u00f6retaget har de produkter det beh\u00f6ver till hands. Delar och reservdelar kan sp\u00e5ras och sammanst\u00e4llas i en faktura f\u00f6r att specificera kostnaderna f\u00f6r jobbbudgetar. Det kan ocks\u00e5 hj\u00e4lpa till att centralisera all data till kalibreringscertifikatet genom att logga de delar som anv\u00e4nds f\u00f6r att best\u00e4mma den totala kalibreringskostnaden \u00f6ver tid. Nedan visas en sk\u00e4rm med delar och en lagerstyrning.<\/p>\n\n\n\n<figure class=\"wp-block-image size-full is-resized\"><img decoding=\"async\" src=\"https:\/\/www.agilelabs.co.za\/wp-content\/uploads\/2021\/08\/parts4.jpg\" alt=\"\" class=\"wp-image-11600\" width=\"485\" height=\"404\"\/><\/figure>\n\n\n\n<figure class=\"wp-block-image size-large\"><img decoding=\"async\" src=\"https:\/\/www.agilelabs.co.za\/wp-content\/uploads\/2021\/08\/parts1-1024x440.jpg\" alt=\"\" class=\"wp-image-11602\"\/><\/figure>\n\n\n\n<p><strong>Anpassade rapporter<\/strong><\/p>\n\n\n\n<p>Anpassade rapporter kan skapas f\u00f6r alla \u00e4ndam\u00e5l i ditt kalibreringsrapporteringsarbetsfl\u00f6de, till exempel utskrift av etiketter, rapportering av aff\u00e4rsm\u00e4tningar, till s\u00e4rskilda arbetsuppgiftsfr\u00e5gor. Modifieringar kan vara allt fr\u00e5n att l\u00e4gga till en f\u00f6retagslogotyp, till att l\u00e4gga till ytterligare dataf\u00e4lt, signaturer, ber\u00e4kningar, etc., till en fullst\u00e4ndig omformatering. Om du vill veta mer om standardrapporter och anpassade rapporter, <a href=\"https:\/\/www.agilelabs.co.za\/sv\/powerful-reporting-and-analytics-with-procal-software\/\" data-type=\"page\" data-id=\"11508\">Klicka h\u00e4r<\/a>.<\/p>\n\n\n\n<div class=\"wp-block-columns is-layout-flex wp-container-core-columns-is-layout-9d6595d7 wp-block-columns-is-layout-flex\">\n<div class=\"wp-block-column is-layout-flow wp-block-column-is-layout-flow\">\n<figure class=\"wp-block-image size-full\"><img decoding=\"async\" src=\"https:\/\/www.agilelabs.co.za\/wp-content\/uploads\/2021\/08\/ProCal-Custom-Report-2.png\" alt=\"\" class=\"wp-image-11603\"\/><\/figure>\n<\/div>\n\n\n\n<div class=\"wp-block-column is-layout-flow wp-block-column-is-layout-flow\">\n<figure class=\"wp-block-image size-full\"><img decoding=\"async\" src=\"https:\/\/www.agilelabs.co.za\/wp-content\/uploads\/2021\/08\/ProCal-Custom-Report-1.png\" alt=\"\" class=\"wp-image-11604\"\/><\/figure>\n<\/div>\n<\/div>\n\n\n\n<p><strong>ProCal eView (webbaserad rapportering)<\/strong><\/p>\n\n\n\n<p>Schemal\u00e4gg enkelt ProCal -rapporter som ska k\u00f6ras och mejlas till mottagare! ProCal eView \u00e4r ett webbprogram som till\u00e5ter anv\u00e4ndare att konfigurera och schemal\u00e4gga ProCalV5 -rapporter f\u00f6r automatisk generering och leverans utan \u00e5tkomst till hela ProCalV5 -applikationen. F\u00f6r att l\u00e4ra dig mer om ProCal eView, <a href=\"https:\/\/www.agilelabs.co.za\/sv\/2021\/08\/24\/procal-eview-web-based-reporting\/\" data-type=\"post\" data-id=\"11547\" target=\"_blank\" rel=\"noreferrer noopener\">Klicka h\u00e4r<\/a>.<\/p>\n\n\n\n<figure class=\"wp-block-image size-full\"><img decoding=\"async\" src=\"https:\/\/www.agilelabs.co.za\/wp-content\/uploads\/2021\/08\/ProCaleViewFlow.jpg\" alt=\"\" class=\"wp-image-11605\"\/><\/figure>\n\n\n\n<p><strong>Dokumentera kalibratorverktyget<\/strong><\/p>\n\n\n\n<p>Med ProCalv5 kan tekniker ladda upp\/ladda ner till dokumenterande kalibratorer i f\u00e4ltet offline. Genom att anv\u00e4nda en Documenting Field Calibrator, som en Fluke 754, f\u00f6rs\u00e4krar du kvaliteten p\u00e5 kalibreringsresultaten och att det inte uppst\u00e5r n\u00e5gra misstag som orsakas av handskrift av resultaten.<\/p>\n\n\n\n<p>F\u00f6r n\u00e4rvarande ProCalV5 och ProCal Direct<strong>*<\/strong> st\u00f6der:<\/p>\n\n\n\n<ul class=\"wp-block-list\"><li><strong>Lycktr\u00e4ff<\/strong>- 74X- och 75X -serien, 729<\/li><li><strong>Honeywell<\/strong>- 2020<\/li><li><strong>Martel\/Beta<\/strong>- MasterCAL 990<\/li><\/ul>\n\n\n\n<p><strong>*<\/strong> Vissa modeller kr\u00e4ver <a href=\"https:\/\/www.agilelabs.co.za\/sv\/2021\/08\/24\/devicesync-utility\/\" data-type=\"post\" data-id=\"11583\">DeviceSync<\/a><\/p>\n\n\n\n<figure class=\"wp-block-image size-full\"><img decoding=\"async\" src=\"https:\/\/www.agilelabs.co.za\/wp-content\/uploads\/2021\/08\/Documenting-Calibrator-Utility.jpg\" alt=\"\" class=\"wp-image-11606\"\/><\/figure>\n\n\n\n<p><strong>DeviceSync (Documenting Calibrator Interface)<\/strong><\/p>\n\n\n\n<p>ProCal DeviceSync -systemet m\u00f6jligg\u00f6r snabb och s\u00e4ker data\u00f6verf\u00f6ring av nedladdade taggar och uppladdade resultat till och fr\u00e5n ditt ProCal -system med anv\u00e4ndare \u00f6verallt i v\u00e4rlden. Ett perfekt komplement till en SaaS- eller f\u00f6retags\u00f6vergripande distribution av ProCal, anv\u00e4ndare kan utf\u00f6ra kalibreringar och h\u00e4mta resultat snabbare \u00e4n n\u00e5gonsin tidigare! F\u00f6r att l\u00e4ra dig mer och visa sk\u00e4rmar.<\/p>\n\n\n\n<figure class=\"wp-block-image size-large\"><img decoding=\"async\" src=\"https:\/\/www.agilelabs.co.za\/wp-content\/uploads\/2021\/08\/DeviceSyncTags2-1024x625.jpg\" alt=\"\" class=\"wp-image-11607\"\/><\/figure>\n\n\n\n<p><strong>Mobil arbetsstation (offline -licenser f\u00f6r datorer eller surfplattor)<\/strong><\/p>\n\n\n\n<p>Mobil arbetsstation till\u00e5ter import och export av information mellan din produktionsdatabas och din offlinedatabas. Kalibrerings- och underh\u00e5llsresultat som anges i f\u00e4ltet laddas enkelt upp via batch\u00f6verf\u00f6ringar.<\/p>\n\n\n<div class=\"wp-block-image\">\n<figure class=\"aligncenter size-full is-resized\"><img decoding=\"async\" src=\"https:\/\/www.agilelabs.co.za\/wp-content\/uploads\/2021\/08\/ProCalV5-Desktop-Laptop-Tablet-Software.jpg\" alt=\"\" class=\"wp-image-11608\" width=\"804\" height=\"767\"\/><\/figure><\/div>","protected":false},"excerpt":{"rendered":"<p>Adding Value to your Calibration Software There are multiple software options available to support the unique asset management requirements for individual company or industry needs. Among the most prevalent options are the ones list below. To view more, contact us for a features EBook. Preventive Maintenance\/Work Order ProCalV5 allows you to create Preventive Maintenance (PM)<\/p>\n<p class=\"more-link\"><a href=\"https:\/\/www.agilelabs.co.za\/sv\/software-options\/\" class=\"themebutton\">L\u00e4s mer<\/a><\/p>","protected":false},"author":1,"featured_media":0,"parent":0,"menu_order":0,"comment_status":"closed","ping_status":"closed","template":"","meta":{"_acf_changed":false,"_monsterinsights_skip_tracking":false,"_monsterinsights_sitenote_active":false,"_monsterinsights_sitenote_note":"","_monsterinsights_sitenote_category":0,"footnotes":""},"categories":[],"tags":[],"class_list":["post-11603","page","type-page","status-publish","hentry"],"acf":[],"aioseo_notices":[],"aioseo_head":"\n\t\t<!-- All in One SEO Pro 4.7.0 - aioseo.com -->\n\t\t<meta name=\"description\" content=\"Adding Value to your Calibration Software There are multiple software options available to support the unique asset management requirements for individual company or industry needs. Among the most prevalent options are the ones list below. To view more, contact us for a features EBook. Preventive Maintenance\/Work Order ProCalV5 allows you to create Preventive Maintenance (PM)\" \/>\n\t\t<meta name=\"robots\" content=\"max-image-preview:large\" \/>\n\t\t<meta name=\"google-site-verification\" content=\"Nku-_1g-wtMYqihMzrUWbm5pdgO5gPY2D7l1ya5YPAU\" \/>\n\t\t<meta name=\"msvalidate.01\" content=\"9fc30828a433413eb7b3b5d32174774f\" \/>\n\t\t<meta name=\"yandex-verification\" content=\"c2122235dabe51e3\" \/>\n\t\t<link rel=\"canonical\" href=\"https:\/\/www.agilelabs.co.za\/sv\/software-options\/\" \/>\n\t\t<meta name=\"generator\" content=\"All in One SEO Pro (AIOSEO) 4.7.0\" \/>\n\t\t<meta property=\"og:locale\" content=\"sv_SE\" \/>\n\t\t<meta property=\"og:site_name\" content=\"Agile Labs - Industry and laboratory software solutions\" \/>\n\t\t<meta property=\"og:type\" content=\"article\" \/>\n\t\t<meta property=\"og:title\" content=\"Software Options - Agile Labs\" \/>\n\t\t<meta property=\"og:description\" content=\"Adding Value to your Calibration Software There are multiple software options available to support the unique asset management requirements for individual company or industry needs. Among the most prevalent options are the ones list below. To view more, contact us for a features EBook. Preventive Maintenance\/Work Order ProCalV5 allows you to create Preventive Maintenance (PM)\" \/>\n\t\t<meta property=\"og:url\" content=\"https:\/\/www.agilelabs.co.za\/sv\/software-options\/\" \/>\n\t\t<meta property=\"og:image\" content=\"https:\/\/www.agilelabs.co.za\/wp-content\/uploads\/2021\/08\/TwitterLogo.png?wsr\" \/>\n\t\t<meta property=\"og:image:secure_url\" content=\"https:\/\/www.agilelabs.co.za\/wp-content\/uploads\/2021\/08\/TwitterLogo.png?wsr\" \/>\n\t\t<meta property=\"og:image:width\" content=\"189\" \/>\n\t\t<meta property=\"og:image:height\" content=\"168\" \/>\n\t\t<meta property=\"article:published_time\" content=\"2021-08-22T10:04:15+00:00\" \/>\n\t\t<meta property=\"article:modified_time\" content=\"2022-06-24T10:46:26+00:00\" \/>\n\t\t<meta property=\"article:publisher\" content=\"https:\/\/www.facebook.com\/AgileLabsTeam\" \/>\n\t\t<meta property=\"article:author\" content=\"https:\/\/www.facebook.com\/AgileLabsTeam\" \/>\n\t\t<meta name=\"twitter:card\" content=\"summary\" \/>\n\t\t<meta name=\"twitter:site\" content=\"@InfoAgileLabs\" \/>\n\t\t<meta name=\"twitter:title\" content=\"Software Options - Agile Labs\" \/>\n\t\t<meta name=\"twitter:description\" content=\"Adding Value to your Calibration Software There are multiple software options available to support the unique asset management requirements for individual company or industry needs. Among the most prevalent options are the ones list below. To view more, contact us for a features EBook. Preventive Maintenance\/Work Order ProCalV5 allows you to create Preventive Maintenance (PM)\" \/>\n\t\t<meta name=\"twitter:creator\" content=\"@InfoAgileLabs\" \/>\n\t\t<meta name=\"twitter:image\" content=\"https:\/\/www.agilelabs.co.za\/wp-content\/uploads\/2021\/08\/TwitterLogo.png?wsr\" \/>\n\t\t<script type=\"application\/ld+json\" class=\"aioseo-schema\">\n\t\t\t{\"@context\":\"https:\\\/\\\/schema.org\",\"@graph\":[{\"@type\":\"BreadcrumbList\",\"@id\":\"https:\\\/\\\/www.agilelabs.co.za\\\/sv\\\/software-options\\\/#breadcrumblist\",\"itemListElement\":[{\"@type\":\"ListItem\",\"@id\":\"https:\\\/\\\/www.agilelabs.co.za\\\/sv\\\/#listItem\",\"position\":1,\"name\":\"Home\",\"item\":\"https:\\\/\\\/www.agilelabs.co.za\\\/sv\\\/\",\"nextItem\":\"https:\\\/\\\/www.agilelabs.co.za\\\/sv\\\/software-options\\\/#listItem\"},{\"@type\":\"ListItem\",\"@id\":\"https:\\\/\\\/www.agilelabs.co.za\\\/sv\\\/software-options\\\/#listItem\",\"position\":2,\"name\":\"Software Options\",\"previousItem\":\"https:\\\/\\\/www.agilelabs.co.za\\\/sv\\\/#listItem\"}]},{\"@type\":\"Organization\",\"@id\":\"https:\\\/\\\/www.agilelabs.co.za\\\/sv\\\/#organization\",\"name\":\"Agile Labs\",\"url\":\"https:\\\/\\\/www.agilelabs.co.za\\\/sv\\\/\",\"logo\":{\"@type\":\"ImageObject\",\"url\":\"https:\\\/\\\/www.agilelabs.co.za\\\/wp-content\\\/uploads\\\/2021\\\/08\\\/LogoTransparant.gif?wsr\",\"@id\":\"https:\\\/\\\/www.agilelabs.co.za\\\/sv\\\/software-options\\\/#organizationLogo\",\"width\":125,\"height\":113},\"image\":{\"@id\":\"https:\\\/\\\/www.agilelabs.co.za\\\/sv\\\/software-options\\\/#organizationLogo\"},\"sameAs\":[\"https:\\\/\\\/www.facebook.com\\\/AgileLabsTeam\",\"https:\\\/\\\/twitter.com\\\/InfoAgileLabs\"]},{\"@type\":\"WebPage\",\"@id\":\"https:\\\/\\\/www.agilelabs.co.za\\\/sv\\\/software-options\\\/#webpage\",\"url\":\"https:\\\/\\\/www.agilelabs.co.za\\\/sv\\\/software-options\\\/\",\"name\":\"Software Options - Agile Labs\",\"description\":\"Adding Value to your Calibration Software There are multiple software options available to support the unique asset management requirements for individual company or industry needs. Among the most prevalent options are the ones list below. To view more, contact us for a features EBook. Preventive Maintenance\\\/Work Order ProCalV5 allows you to create Preventive Maintenance (PM)\",\"inLanguage\":\"sv-SE\",\"isPartOf\":{\"@id\":\"https:\\\/\\\/www.agilelabs.co.za\\\/sv\\\/#website\"},\"breadcrumb\":{\"@id\":\"https:\\\/\\\/www.agilelabs.co.za\\\/sv\\\/software-options\\\/#breadcrumblist\"},\"datePublished\":\"2021-08-22T12:04:15+02:00\",\"dateModified\":\"2022-06-24T12:46:26+02:00\"},{\"@type\":\"WebSite\",\"@id\":\"https:\\\/\\\/www.agilelabs.co.za\\\/sv\\\/#website\",\"url\":\"https:\\\/\\\/www.agilelabs.co.za\\\/sv\\\/\",\"name\":\"Agile Labs\",\"description\":\"Industry and laboratory software solutions\",\"inLanguage\":\"sv-SE\",\"publisher\":{\"@id\":\"https:\\\/\\\/www.agilelabs.co.za\\\/sv\\\/#organization\"}}]}\n\t\t<\/script>\n\t\t<script type=\"text\/javascript\">\n\t\t\t(function(c,l,a,r,i,t,y){\n\t\t\tc[a]=c[a]||function(){(c[a].q=c[a].q||[]).push(arguments)};t=l.createElement(r);t.async=1;\n\t\t\tt.src=\"https:\/\/www.clarity.ms\/tag\/\"+i+\"?ref=aioseo\";y=l.getElementsByTagName(r)[0];y.parentNode.insertBefore(t,y);\n\t\t})(window, document, \"clarity\", \"script\", \"b88vlc75di\");\n\t\t<\/script>\n\t\t<!-- All in One SEO Pro -->\r\n\t\t<title>Software Options - Agile Labs<\/title>\n\n","aioseo_head_json":{"title":"Software Options - Agile Labs","description":"Adding Value to your Calibration Software There are multiple software options available to support the unique asset management requirements for individual company or industry needs. Among the most prevalent options are the ones list below. To view more, contact us for a features EBook. Preventive Maintenance\/Work Order ProCalV5 allows you to create Preventive Maintenance (PM)","canonical_url":"https:\/\/www.agilelabs.co.za\/sv\/software-options\/","robots":"max-image-preview:large","keywords":"","webmasterTools":{"google-site-verification":"Nku-_1g-wtMYqihMzrUWbm5pdgO5gPY2D7l1ya5YPAU","msvalidate.01":"9fc30828a433413eb7b3b5d32174774f","yandex-verification":"c2122235dabe51e3","miscellaneous":""},"og:locale":"sv_SE","og:site_name":"Agile Labs - Industry and laboratory software solutions","og:type":"article","og:title":"Software Options - Agile Labs","og:description":"Adding Value to your Calibration Software There are multiple software options available to support the unique asset management requirements for individual company or industry needs. Among the most prevalent options are the ones list below. To view more, contact us for a features EBook. Preventive Maintenance\/Work Order ProCalV5 allows you to create Preventive Maintenance (PM)","og:url":"https:\/\/www.agilelabs.co.za\/sv\/software-options\/","og:image":"https:\/\/www.agilelabs.co.za\/wp-content\/uploads\/2021\/08\/TwitterLogo.png?wsr","og:image:secure_url":"https:\/\/www.agilelabs.co.za\/wp-content\/uploads\/2021\/08\/TwitterLogo.png?wsr","og:image:width":189,"og:image:height":168,"article:published_time":"2021-08-22T10:04:15+00:00","article:modified_time":"2022-06-24T10:46:26+00:00","article:publisher":"https:\/\/www.facebook.com\/AgileLabsTeam","article:author":"https:\/\/www.facebook.com\/AgileLabsTeam","twitter:card":"summary","twitter:site":"@InfoAgileLabs","twitter:title":"Software Options - Agile Labs","twitter:description":"Adding Value to your Calibration Software There are multiple software options available to support the unique asset management requirements for individual company or industry needs. Among the most prevalent options are the ones list below. To view more, contact us for a features EBook. Preventive Maintenance\/Work Order ProCalV5 allows you to create Preventive Maintenance (PM)","twitter:creator":"@InfoAgileLabs","twitter:image":"https:\/\/www.agilelabs.co.za\/wp-content\/uploads\/2021\/08\/TwitterLogo.png?wsr","schema":{"@context":"https:\/\/schema.org","@graph":[{"@type":"BreadcrumbList","@id":"https:\/\/www.agilelabs.co.za\/sv\/software-options\/#breadcrumblist","itemListElement":[{"@type":"ListItem","@id":"https:\/\/www.agilelabs.co.za\/sv\/#listItem","position":1,"name":"Home","item":"https:\/\/www.agilelabs.co.za\/sv\/","nextItem":"https:\/\/www.agilelabs.co.za\/sv\/software-options\/#listItem"},{"@type":"ListItem","@id":"https:\/\/www.agilelabs.co.za\/sv\/software-options\/#listItem","position":2,"name":"Software Options","previousItem":"https:\/\/www.agilelabs.co.za\/sv\/#listItem"}]},{"@type":"Organization","@id":"https:\/\/www.agilelabs.co.za\/sv\/#organization","name":"Agile Labs","url":"https:\/\/www.agilelabs.co.za\/sv\/","logo":{"@type":"ImageObject","url":"https:\/\/www.agilelabs.co.za\/wp-content\/uploads\/2021\/08\/LogoTransparant.gif?wsr","@id":"https:\/\/www.agilelabs.co.za\/sv\/software-options\/#organizationLogo","width":125,"height":113},"image":{"@id":"https:\/\/www.agilelabs.co.za\/sv\/software-options\/#organizationLogo"},"sameAs":["https:\/\/www.facebook.com\/AgileLabsTeam","https:\/\/twitter.com\/InfoAgileLabs"]},{"@type":"WebPage","@id":"https:\/\/www.agilelabs.co.za\/sv\/software-options\/#webpage","url":"https:\/\/www.agilelabs.co.za\/sv\/software-options\/","name":"Software Options - Agile Labs","description":"Adding Value to your Calibration Software There are multiple software options available to support the unique asset management requirements for individual company or industry needs. Among the most prevalent options are the ones list below. To view more, contact us for a features EBook. Preventive Maintenance\/Work Order ProCalV5 allows you to create Preventive Maintenance (PM)","inLanguage":"sv-SE","isPartOf":{"@id":"https:\/\/www.agilelabs.co.za\/sv\/#website"},"breadcrumb":{"@id":"https:\/\/www.agilelabs.co.za\/sv\/software-options\/#breadcrumblist"},"datePublished":"2021-08-22T12:04:15+02:00","dateModified":"2022-06-24T12:46:26+02:00"},{"@type":"WebSite","@id":"https:\/\/www.agilelabs.co.za\/sv\/#website","url":"https:\/\/www.agilelabs.co.za\/sv\/","name":"Agile Labs","description":"Industry and laboratory software solutions","inLanguage":"sv-SE","publisher":{"@id":"https:\/\/www.agilelabs.co.za\/sv\/#organization"}}]}},"aioseo_meta_data":{"post_id":"11603","title":null,"description":null,"keywords":"[]","keyphrases":"{\"focus\":{\"keyphrase\":\"\",\"score\":0,\"analysis\":{\"keyphraseInTitle\":{\"score\":0,\"maxScore\":9,\"error\":1}}},\"additional\":[]}","primary_term":null,"canonical_url":null,"og_title":null,"og_description":null,"og_object_type":"default","og_image_type":"default","og_image_url":null,"og_image_width":null,"og_image_height":null,"og_image_custom_url":null,"og_image_custom_fields":null,"og_video":"","og_custom_url":null,"og_article_section":null,"og_article_tags":"[]","twitter_use_og":false,"twitter_card":"default","twitter_image_type":"default","twitter_image_url":null,"twitter_image_custom_url":null,"twitter_image_custom_fields":null,"twitter_title":null,"twitter_description":null,"schema":{"blockGraphs":[],"customGraphs":[],"default":{"data":{"Article":[],"Course":[],"Dataset":[],"FAQPage":[],"Movie":[],"Person":[],"Product":[],"Recipe":[],"Service":[],"SoftwareApplication":[],"WebPage":[]},"graphName":"","isEnabled":true},"graphs":[]},"schema_type":"default","schema_type_options":"{\"article\":{\"articleType\":\"BlogPosting\"},\"course\":{\"name\":\"\",\"description\":\"\",\"provider\":\"\"},\"faq\":{\"pages\":[]},\"product\":{\"reviews\":[]},\"recipe\":{\"ingredients\":[],\"instructions\":[],\"keywords\":[]},\"software\":{\"reviews\":[],\"operatingSystems\":[]},\"webPage\":{\"webPageType\":\"WebPage\"}}","pillar_content":false,"robots_default":true,"robots_noindex":false,"robots_noarchive":false,"robots_nosnippet":false,"robots_nofollow":false,"robots_noimageindex":false,"robots_noodp":false,"robots_notranslate":false,"robots_max_snippet":"-1","robots_max_videopreview":"-1","robots_max_imagepreview":"large","priority":null,"frequency":"default","local_seo":null,"limit_modified_date":false,"open_ai":null,"created":"2022-02-09 02:39:01","updated":"2022-09-13 21:13:05"},"_links":{"self":[{"href":"https:\/\/www.agilelabs.co.za\/sv\/wp-json\/wp\/v2\/pages\/11603","targetHints":{"allow":["GET"]}}],"collection":[{"href":"https:\/\/www.agilelabs.co.za\/sv\/wp-json\/wp\/v2\/pages"}],"about":[{"href":"https:\/\/www.agilelabs.co.za\/sv\/wp-json\/wp\/v2\/types\/page"}],"author":[{"embeddable":true,"href":"https:\/\/www.agilelabs.co.za\/sv\/wp-json\/wp\/v2\/users\/1"}],"replies":[{"embeddable":true,"href":"https:\/\/www.agilelabs.co.za\/sv\/wp-json\/wp\/v2\/comments?post=11603"}],"version-history":[{"count":0,"href":"https:\/\/www.agilelabs.co.za\/sv\/wp-json\/wp\/v2\/pages\/11603\/revisions"}],"wp:attachment":[{"href":"https:\/\/www.agilelabs.co.za\/sv\/wp-json\/wp\/v2\/media?parent=11603"}],"wp:term":[{"taxonomy":"category","embeddable":true,"href":"https:\/\/www.agilelabs.co.za\/sv\/wp-json\/wp\/v2\/categories?post=11603"},{"taxonomy":"post_tag","embeddable":true,"href":"https:\/\/www.agilelabs.co.za\/sv\/wp-json\/wp\/v2\/tags?post=11603"}],"curies":[{"name":"wp","href":"https:\/\/api.w.org\/{rel}","templated":true}]}}