{"id":11601,"date":"2021-08-20T04:18:02","date_gmt":"2021-08-20T02:18:02","guid":{"rendered":"https:\/\/www.agilelabs.co.za\/?page_id=11501"},"modified":"2021-08-20T04:18:02","modified_gmt":"2021-08-20T02:18:02","slug":"procalv5-system-requirements","status":"publish","type":"page","link":"https:\/\/www.agilelabs.co.za\/sv\/procalv5-system-requirements\/","title":{"rendered":"Systemkrav f\u00f6r ProCalV5"},"content":{"rendered":"<p>Nedan visas kraven f\u00f6r alla versioner av ProCalV5 f\u00f6r att inkludera Mobile Workstation, Oracle\u00ae, Terminal Application Server (om det beh\u00f6vs), MS SQL Server \u2122, DeviceSync och ProCalV5 Reminder Email Utility. Om du beh\u00f6ver mer information eller f\u00f6rklaring, tack\u00a0<strong><a href=\"https:\/\/www.agilelabs.co.za\/sv\/contact-2\/\" data-type=\"page\" data-id=\"11454\">kontakta oss<\/a><\/strong>.<\/p>\n\n\n\n<h4 class=\"wp-block-heading\">ProCal mobil arbetsstation\/ProCal -klient<\/h4>\n\n\n\n<p><strong>SYSTEMKRAV<\/strong><\/p>\n\n\n\n<p>F\u00f6r att anv\u00e4nda ProCal Mobile Workstation -versionen rekommenderas f\u00f6ljande maskinvara och programvara:<\/p>\n\n\n\n<p>Systemminne (RAM):<\/p>\n\n\n\n<ul class=\"wp-block-list\"><li>Minst 1 GB f\u00f6r Windows (2 GB eller mer rekommenderas)<\/li><\/ul>\n\n\n\n<p>Operativsystem: Windows 7 eller senare<\/p>\n\n\n\n<h4 class=\"wp-block-heading\">ProCalV5 Database Server<\/h4>\n\n\n\n<p><strong>SYSTEMKRAV<\/strong><\/p>\n\n\n\n<p><strong>Oracle\u00ae Database Server<\/strong><\/p>\n\n\n\n<ul class=\"wp-block-list\"><li>Oracle 9i sl\u00e4pper 9.2.0.5.0 eller h\u00f6gre<\/li><\/ul>\n\n\n\n<p>OBS: Se Oracle -dokumentation f\u00f6r systemkrav p\u00e5 alternativa plattformar.<\/p>\n\n\n\n<p><strong>MS SQL Server \u2122 Database Server<\/strong><\/p>\n\n\n\n<ul class=\"wp-block-list\"><li>Microsoft SQL Server version 2005 eller senare (inklusive alla versioner, b\u00e5de x86 och x64)<\/li><\/ul>\n\n\n\n<p>OBS! Mer information finns i Microsoft SQL Server -krav<\/p>\n\n\n\n<h4 class=\"wp-block-heading\">Applikationsserver (om det beh\u00f6vs):<\/h4>\n\n\n\n<p>(VMware, Citrix, Terminal Server, etc.)<\/p>\n\n\n\n<p><strong>SYSTEMKRAV<\/strong><\/p>\n\n\n\n<p>Processor: 2 GHz eller h\u00f6gre<\/p>\n\n\n\n<p>Systemminne (RAM):<\/p>\n\n\n\n<ul class=\"wp-block-list\"><li>Minst 16 MB RAM per anv\u00e4ndare (20 MB per anv\u00e4ndare eller mer rekommenderas)<\/li><\/ul>\n\n\n\n<p>OBS! Se serversystemets dokumentation f\u00f6r ytterligare n\u00e4tverk, minne eller tunna krav p\u00e5 klientsidan (t.ex. Citrix Metaframe, Citrix Presentation Server, Citrix XenApp, etc.)<\/p>\n\n\n\n<h4 class=\"wp-block-heading\">E -postverktyg f\u00f6r ProCalV5 -p\u00e5minnelse (alla plattformar och versioner)<\/h4>\n\n\n\n<p><strong>SYSTEMKRAV<\/strong><\/p>\n\n\n\n<p>F\u00f6r att anv\u00e4nda ProCalV5 Reminder Email Utility g\u00e4ller f\u00f6ljande krav:<\/p>\n\n\n\n<p><strong>Klient:<\/strong><\/p>\n\n\n\n<ul class=\"wp-block-list\"><li>Programvara: Microsoft .NET Framework, 2.0 eller h\u00f6gre<\/li><\/ul>\n\n\n\n<p><strong>Server\/tj\u00e4nst:<\/strong><\/p>\n\n\n\n<ul class=\"wp-block-list\"><li>SMTP utg\u00e5ende e -postserver kr\u00e4vs<\/li><\/ul>\n\n\n\n<h4 class=\"wp-block-heading\">DeviceSync<\/h4>\n\n\n\n<p>Windows -applikation f\u00f6r interaktion med Fluke -kalibratorer<\/p>\n\n\n\n<p><strong>Operativ system<\/strong><\/p>\n\n\n\n<ul class=\"wp-block-list\"><li>64-bitars Windows 10, 8, 7<\/li><li>64-bitars Windows 2012<\/li><\/ul>\n\n\n\n<p><strong>N\u00e4tverk<\/strong><\/p>\n\n\n\n<ul class=\"wp-block-list\"><li>Internet\u00e5tkomst kr\u00e4vs<\/li><li>Valfri proxy st\u00f6ds via direkt URL\/portkonfiguration<\/li><\/ul>\n\n\n\n<p><strong>Bagge<\/strong><\/p>\n\n\n\n<ul class=\"wp-block-list\"><li>Minst 2 GB<\/li><\/ul>\n\n\n\n<p><strong>Lagring<\/strong><\/p>\n\n\n\n<ul class=\"wp-block-list\"><li>750 MB gratis<\/li><\/ul>\n\n\n\n<p><strong>H\u00e5rdvarusupport<\/strong><\/p>\n\n\n\n<ul class=\"wp-block-list\"><li>Fluke 754, 753, 744, 743B, 729<\/li><\/ul>\n\n\n\n<p><strong>ProCalOnline.com anv\u00e4ndarkonto kr\u00e4vs f\u00f6r registrering<\/strong><\/p>\n\n\n\n<div class=\"wp-block-image\"><figure class=\"aligncenter size-full\"><img decoding=\"async\" src=\"https:\/\/www.agilelabs.co.za\/wp-content\/uploads\/2021\/08\/MonitorsAndFlukeReportsandMasterRecord-1.jpg\" alt=\"\" class=\"wp-image-11502\"\/><\/figure><\/div>","protected":false},"excerpt":{"rendered":"<p>Shown below are the requirements for all versions of ProCalV5 to include Mobile Workstation, Oracle\u00ae, Terminal Application Server (If Required), MS SQL Server\u2122, DeviceSync and ProCalV5 Reminder Email Utility. If you need further details or explanation, please\u00a0contact us. ProCal Mobile Workstation\/ProCal Client SYSTEM REQUIREMENTS To use the ProCal Mobile Workstation version, the following hardware and<\/p>\n<p class=\"more-link\"><a href=\"https:\/\/www.agilelabs.co.za\/sv\/procalv5-system-requirements\/\" class=\"themebutton\">L\u00e4s mer<\/a><\/p>","protected":false},"author":1,"featured_media":0,"parent":0,"menu_order":0,"comment_status":"closed","ping_status":"closed","template":"","meta":{"_acf_changed":false,"_monsterinsights_skip_tracking":false,"_monsterinsights_sitenote_active":false,"_monsterinsights_sitenote_note":"","_monsterinsights_sitenote_category":0,"footnotes":""},"categories":[],"tags":[],"class_list":["post-11601","page","type-page","status-publish","hentry"],"acf":[],"aioseo_notices":[],"aioseo_head":"\n\t\t<!-- All in One SEO Pro 4.7.0 - aioseo.com -->\n\t\t<meta name=\"description\" content=\"Shown below are the requirements for all versions of ProCalV5 to include Mobile Workstation, Oracle\u00ae, Terminal Application Server (If Required), MS SQL Server\u2122, DeviceSync and ProCalV5 Reminder Email Utility. If you need further details or explanation, please contact us. ProCal Mobile Workstation\/ProCal Client SYSTEM REQUIREMENTS To use the ProCal Mobile Workstation version, the following hardware and\" \/>\n\t\t<meta name=\"robots\" content=\"max-image-preview:large\" \/>\n\t\t<meta name=\"google-site-verification\" content=\"Nku-_1g-wtMYqihMzrUWbm5pdgO5gPY2D7l1ya5YPAU\" \/>\n\t\t<meta name=\"msvalidate.01\" content=\"9fc30828a433413eb7b3b5d32174774f\" \/>\n\t\t<meta name=\"yandex-verification\" content=\"c2122235dabe51e3\" \/>\n\t\t<link rel=\"canonical\" href=\"https:\/\/www.agilelabs.co.za\/sv\/procalv5-system-requirements\/\" \/>\n\t\t<meta name=\"generator\" content=\"All in One SEO Pro (AIOSEO) 4.7.0\" \/>\n\t\t<meta property=\"og:locale\" content=\"sv_SE\" \/>\n\t\t<meta property=\"og:site_name\" content=\"Agile Labs - Industry and laboratory software solutions\" \/>\n\t\t<meta property=\"og:type\" content=\"article\" \/>\n\t\t<meta property=\"og:title\" content=\"ProCalV5 System Requirements - Agile Labs\" \/>\n\t\t<meta property=\"og:description\" content=\"Shown below are the requirements for all versions of ProCalV5 to include Mobile Workstation, Oracle\u00ae, Terminal Application Server (If Required), MS SQL Server\u2122, DeviceSync and ProCalV5 Reminder Email Utility. If you need further details or explanation, please contact us. ProCal Mobile Workstation\/ProCal Client SYSTEM REQUIREMENTS To use the ProCal Mobile Workstation version, the following hardware and\" \/>\n\t\t<meta property=\"og:url\" content=\"https:\/\/www.agilelabs.co.za\/sv\/procalv5-system-requirements\/\" \/>\n\t\t<meta property=\"og:image\" content=\"https:\/\/www.agilelabs.co.za\/wp-content\/uploads\/2021\/08\/TwitterLogo.png?wsr\" \/>\n\t\t<meta property=\"og:image:secure_url\" content=\"https:\/\/www.agilelabs.co.za\/wp-content\/uploads\/2021\/08\/TwitterLogo.png?wsr\" \/>\n\t\t<meta property=\"og:image:width\" content=\"189\" \/>\n\t\t<meta property=\"og:image:height\" content=\"168\" \/>\n\t\t<meta property=\"article:published_time\" content=\"2021-08-20T02:18:02+00:00\" \/>\n\t\t<meta property=\"article:modified_time\" content=\"2021-08-20T02:18:02+00:00\" \/>\n\t\t<meta property=\"article:publisher\" content=\"https:\/\/www.facebook.com\/AgileLabsTeam\" \/>\n\t\t<meta property=\"article:author\" content=\"https:\/\/www.facebook.com\/AgileLabsTeam\" \/>\n\t\t<meta name=\"twitter:card\" content=\"summary\" \/>\n\t\t<meta name=\"twitter:site\" content=\"@InfoAgileLabs\" \/>\n\t\t<meta name=\"twitter:title\" content=\"ProCalV5 System Requirements - Agile Labs\" \/>\n\t\t<meta name=\"twitter:description\" content=\"Shown below are the requirements for all versions of ProCalV5 to include Mobile Workstation, Oracle\u00ae, Terminal Application Server (If Required), MS SQL Server\u2122, DeviceSync and ProCalV5 Reminder Email Utility. If you need further details or explanation, please contact us. ProCal Mobile Workstation\/ProCal Client SYSTEM REQUIREMENTS To use the ProCal Mobile Workstation version, the following hardware and\" \/>\n\t\t<meta name=\"twitter:creator\" content=\"@InfoAgileLabs\" \/>\n\t\t<meta name=\"twitter:image\" content=\"https:\/\/www.agilelabs.co.za\/wp-content\/uploads\/2021\/08\/TwitterLogo.png?wsr\" \/>\n\t\t<script type=\"application\/ld+json\" class=\"aioseo-schema\">\n\t\t\t{\"@context\":\"https:\\\/\\\/schema.org\",\"@graph\":[{\"@type\":\"BreadcrumbList\",\"@id\":\"https:\\\/\\\/www.agilelabs.co.za\\\/sv\\\/procalv5-system-requirements\\\/#breadcrumblist\",\"itemListElement\":[{\"@type\":\"ListItem\",\"@id\":\"https:\\\/\\\/www.agilelabs.co.za\\\/sv\\\/#listItem\",\"position\":1,\"name\":\"Home\",\"item\":\"https:\\\/\\\/www.agilelabs.co.za\\\/sv\\\/\",\"nextItem\":\"https:\\\/\\\/www.agilelabs.co.za\\\/sv\\\/procalv5-system-requirements\\\/#listItem\"},{\"@type\":\"ListItem\",\"@id\":\"https:\\\/\\\/www.agilelabs.co.za\\\/sv\\\/procalv5-system-requirements\\\/#listItem\",\"position\":2,\"name\":\"ProCalV5 System Requirements\",\"previousItem\":\"https:\\\/\\\/www.agilelabs.co.za\\\/sv\\\/#listItem\"}]},{\"@type\":\"Organization\",\"@id\":\"https:\\\/\\\/www.agilelabs.co.za\\\/sv\\\/#organization\",\"name\":\"Agile Labs\",\"url\":\"https:\\\/\\\/www.agilelabs.co.za\\\/sv\\\/\",\"logo\":{\"@type\":\"ImageObject\",\"url\":\"https:\\\/\\\/www.agilelabs.co.za\\\/wp-content\\\/uploads\\\/2021\\\/08\\\/LogoTransparant.gif?wsr\",\"@id\":\"https:\\\/\\\/www.agilelabs.co.za\\\/sv\\\/procalv5-system-requirements\\\/#organizationLogo\",\"width\":125,\"height\":113},\"image\":{\"@id\":\"https:\\\/\\\/www.agilelabs.co.za\\\/sv\\\/procalv5-system-requirements\\\/#organizationLogo\"},\"sameAs\":[\"https:\\\/\\\/www.facebook.com\\\/AgileLabsTeam\",\"https:\\\/\\\/twitter.com\\\/InfoAgileLabs\"]},{\"@type\":\"WebPage\",\"@id\":\"https:\\\/\\\/www.agilelabs.co.za\\\/sv\\\/procalv5-system-requirements\\\/#webpage\",\"url\":\"https:\\\/\\\/www.agilelabs.co.za\\\/sv\\\/procalv5-system-requirements\\\/\",\"name\":\"ProCalV5 System Requirements - Agile Labs\",\"description\":\"Shown below are the requirements for all versions of ProCalV5 to include Mobile Workstation, Oracle\\u00ae, Terminal Application Server (If Required), MS SQL Server\\u2122, DeviceSync and ProCalV5 Reminder Email Utility. If you need further details or explanation, please contact us. ProCal Mobile Workstation\\\/ProCal Client SYSTEM REQUIREMENTS To use the ProCal Mobile Workstation version, the following hardware and\",\"inLanguage\":\"sv-SE\",\"isPartOf\":{\"@id\":\"https:\\\/\\\/www.agilelabs.co.za\\\/sv\\\/#website\"},\"breadcrumb\":{\"@id\":\"https:\\\/\\\/www.agilelabs.co.za\\\/sv\\\/procalv5-system-requirements\\\/#breadcrumblist\"},\"datePublished\":\"2021-08-20T04:18:02+02:00\",\"dateModified\":\"2021-08-20T04:18:02+02:00\"},{\"@type\":\"WebSite\",\"@id\":\"https:\\\/\\\/www.agilelabs.co.za\\\/sv\\\/#website\",\"url\":\"https:\\\/\\\/www.agilelabs.co.za\\\/sv\\\/\",\"name\":\"Agile Labs\",\"description\":\"Industry and laboratory software solutions\",\"inLanguage\":\"sv-SE\",\"publisher\":{\"@id\":\"https:\\\/\\\/www.agilelabs.co.za\\\/sv\\\/#organization\"}}]}\n\t\t<\/script>\n\t\t<script type=\"text\/javascript\">\n\t\t\t(function(c,l,a,r,i,t,y){\n\t\t\tc[a]=c[a]||function(){(c[a].q=c[a].q||[]).push(arguments)};t=l.createElement(r);t.async=1;\n\t\t\tt.src=\"https:\/\/www.clarity.ms\/tag\/\"+i+\"?ref=aioseo\";y=l.getElementsByTagName(r)[0];y.parentNode.insertBefore(t,y);\n\t\t})(window, document, \"clarity\", \"script\", \"b88vlc75di\");\n\t\t<\/script>\n\t\t<!-- All in One SEO Pro -->\r\n\t\t<title>ProCalV5 System Requirements - Agile Labs<\/title>\n\n","aioseo_head_json":{"title":"ProCalV5 System Requirements - Agile Labs","description":"Shown below are the requirements for all versions of ProCalV5 to include Mobile Workstation, Oracle\u00ae, Terminal Application Server (If Required), MS SQL Server\u2122, DeviceSync and ProCalV5 Reminder Email Utility. If you need further details or explanation, please contact us. ProCal Mobile Workstation\/ProCal Client SYSTEM REQUIREMENTS To use the ProCal Mobile Workstation version, the following hardware and","canonical_url":"https:\/\/www.agilelabs.co.za\/sv\/procalv5-system-requirements\/","robots":"max-image-preview:large","keywords":"","webmasterTools":{"google-site-verification":"Nku-_1g-wtMYqihMzrUWbm5pdgO5gPY2D7l1ya5YPAU","msvalidate.01":"9fc30828a433413eb7b3b5d32174774f","yandex-verification":"c2122235dabe51e3","miscellaneous":""},"og:locale":"sv_SE","og:site_name":"Agile Labs - Industry and laboratory software solutions","og:type":"article","og:title":"ProCalV5 System Requirements - Agile Labs","og:description":"Shown below are the requirements for all versions of ProCalV5 to include Mobile Workstation, Oracle\u00ae, Terminal Application Server (If Required), MS SQL Server\u2122, DeviceSync and ProCalV5 Reminder Email Utility. If you need further details or explanation, please contact us. ProCal Mobile Workstation\/ProCal Client SYSTEM REQUIREMENTS To use the ProCal Mobile Workstation version, the following hardware and","og:url":"https:\/\/www.agilelabs.co.za\/sv\/procalv5-system-requirements\/","og:image":"https:\/\/www.agilelabs.co.za\/wp-content\/uploads\/2021\/08\/TwitterLogo.png?wsr","og:image:secure_url":"https:\/\/www.agilelabs.co.za\/wp-content\/uploads\/2021\/08\/TwitterLogo.png?wsr","og:image:width":189,"og:image:height":168,"article:published_time":"2021-08-20T02:18:02+00:00","article:modified_time":"2021-08-20T02:18:02+00:00","article:publisher":"https:\/\/www.facebook.com\/AgileLabsTeam","article:author":"https:\/\/www.facebook.com\/AgileLabsTeam","twitter:card":"summary","twitter:site":"@InfoAgileLabs","twitter:title":"ProCalV5 System Requirements - Agile Labs","twitter:description":"Shown below are the requirements for all versions of ProCalV5 to include Mobile Workstation, Oracle\u00ae, Terminal Application Server (If Required), MS SQL Server\u2122, DeviceSync and ProCalV5 Reminder Email Utility. If you need further details or explanation, please contact us. ProCal Mobile Workstation\/ProCal Client SYSTEM REQUIREMENTS To use the ProCal Mobile Workstation version, the following hardware and","twitter:creator":"@InfoAgileLabs","twitter:image":"https:\/\/www.agilelabs.co.za\/wp-content\/uploads\/2021\/08\/TwitterLogo.png?wsr","schema":{"@context":"https:\/\/schema.org","@graph":[{"@type":"BreadcrumbList","@id":"https:\/\/www.agilelabs.co.za\/sv\/procalv5-system-requirements\/#breadcrumblist","itemListElement":[{"@type":"ListItem","@id":"https:\/\/www.agilelabs.co.za\/sv\/#listItem","position":1,"name":"Home","item":"https:\/\/www.agilelabs.co.za\/sv\/","nextItem":"https:\/\/www.agilelabs.co.za\/sv\/procalv5-system-requirements\/#listItem"},{"@type":"ListItem","@id":"https:\/\/www.agilelabs.co.za\/sv\/procalv5-system-requirements\/#listItem","position":2,"name":"ProCalV5 System Requirements","previousItem":"https:\/\/www.agilelabs.co.za\/sv\/#listItem"}]},{"@type":"Organization","@id":"https:\/\/www.agilelabs.co.za\/sv\/#organization","name":"Agile Labs","url":"https:\/\/www.agilelabs.co.za\/sv\/","logo":{"@type":"ImageObject","url":"https:\/\/www.agilelabs.co.za\/wp-content\/uploads\/2021\/08\/LogoTransparant.gif?wsr","@id":"https:\/\/www.agilelabs.co.za\/sv\/procalv5-system-requirements\/#organizationLogo","width":125,"height":113},"image":{"@id":"https:\/\/www.agilelabs.co.za\/sv\/procalv5-system-requirements\/#organizationLogo"},"sameAs":["https:\/\/www.facebook.com\/AgileLabsTeam","https:\/\/twitter.com\/InfoAgileLabs"]},{"@type":"WebPage","@id":"https:\/\/www.agilelabs.co.za\/sv\/procalv5-system-requirements\/#webpage","url":"https:\/\/www.agilelabs.co.za\/sv\/procalv5-system-requirements\/","name":"ProCalV5 System Requirements - Agile Labs","description":"Shown below are the requirements for all versions of ProCalV5 to include Mobile Workstation, Oracle\u00ae, Terminal Application Server (If Required), MS SQL Server\u2122, DeviceSync and ProCalV5 Reminder Email Utility. If you need further details or explanation, please contact us. ProCal Mobile Workstation\/ProCal Client SYSTEM REQUIREMENTS To use the ProCal Mobile Workstation version, the following hardware and","inLanguage":"sv-SE","isPartOf":{"@id":"https:\/\/www.agilelabs.co.za\/sv\/#website"},"breadcrumb":{"@id":"https:\/\/www.agilelabs.co.za\/sv\/procalv5-system-requirements\/#breadcrumblist"},"datePublished":"2021-08-20T04:18:02+02:00","dateModified":"2021-08-20T04:18:02+02:00"},{"@type":"WebSite","@id":"https:\/\/www.agilelabs.co.za\/sv\/#website","url":"https:\/\/www.agilelabs.co.za\/sv\/","name":"Agile Labs","description":"Industry and laboratory software solutions","inLanguage":"sv-SE","publisher":{"@id":"https:\/\/www.agilelabs.co.za\/sv\/#organization"}}]}},"aioseo_meta_data":{"post_id":"11601","title":null,"description":null,"keywords":null,"keyphrases":null,"primary_term":null,"canonical_url":null,"og_title":null,"og_description":null,"og_object_type":"default","og_image_type":"default","og_image_url":null,"og_image_width":null,"og_image_height":null,"og_image_custom_url":null,"og_image_custom_fields":null,"og_video":null,"og_custom_url":null,"og_article_section":null,"og_article_tags":null,"twitter_use_og":false,"twitter_card":"default","twitter_image_type":"default","twitter_image_url":null,"twitter_image_custom_url":null,"twitter_image_custom_fields":null,"twitter_title":null,"twitter_description":null,"schema":{"blockGraphs":[],"customGraphs":[],"default":{"data":{"Article":[],"Course":[],"Dataset":[],"FAQPage":[],"Movie":[],"Person":[],"Product":[],"Recipe":[],"Service":[],"SoftwareApplication":[],"WebPage":[]},"graphName":"","isEnabled":true},"graphs":[]},"schema_type":"default","schema_type_options":null,"pillar_content":false,"robots_default":true,"robots_noindex":false,"robots_noarchive":false,"robots_nosnippet":false,"robots_nofollow":false,"robots_noimageindex":false,"robots_noodp":false,"robots_notranslate":false,"robots_max_snippet":null,"robots_max_videopreview":null,"robots_max_imagepreview":"large","priority":null,"frequency":null,"local_seo":null,"limit_modified_date":false,"open_ai":null,"created":"2022-02-09 02:39:01","updated":"2022-09-13 21:14:48"},"_links":{"self":[{"href":"https:\/\/www.agilelabs.co.za\/sv\/wp-json\/wp\/v2\/pages\/11601","targetHints":{"allow":["GET"]}}],"collection":[{"href":"https:\/\/www.agilelabs.co.za\/sv\/wp-json\/wp\/v2\/pages"}],"about":[{"href":"https:\/\/www.agilelabs.co.za\/sv\/wp-json\/wp\/v2\/types\/page"}],"author":[{"embeddable":true,"href":"https:\/\/www.agilelabs.co.za\/sv\/wp-json\/wp\/v2\/users\/1"}],"replies":[{"embeddable":true,"href":"https:\/\/www.agilelabs.co.za\/sv\/wp-json\/wp\/v2\/comments?post=11601"}],"version-history":[{"count":0,"href":"https:\/\/www.agilelabs.co.za\/sv\/wp-json\/wp\/v2\/pages\/11601\/revisions"}],"wp:attachment":[{"href":"https:\/\/www.agilelabs.co.za\/sv\/wp-json\/wp\/v2\/media?parent=11601"}],"wp:term":[{"taxonomy":"category","embeddable":true,"href":"https:\/\/www.agilelabs.co.za\/sv\/wp-json\/wp\/v2\/categories?post=11601"},{"taxonomy":"post_tag","embeddable":true,"href":"https:\/\/www.agilelabs.co.za\/sv\/wp-json\/wp\/v2\/tags?post=11601"}],"curies":[{"name":"wp","href":"https:\/\/api.w.org\/{rel}","templated":true}]}}