{"id":11598,"date":"2021-08-20T04:04:06","date_gmt":"2021-08-20T02:04:06","guid":{"rendered":"https:\/\/www.agilelabs.co.za\/?page_id=11489"},"modified":"2021-09-02T09:11:21","modified_gmt":"2021-09-02T07:11:21","slug":"fluke","status":"publish","type":"page","link":"https:\/\/www.agilelabs.co.za\/sv\/fluke\/","title":{"rendered":"Lycktr\u00e4ff"},"content":{"rendered":"<p><strong>Dokumentera kalibratorer<\/strong><\/p>\n\n\n\n<p>Pappersl\u00f6s funktionalitet \u00e4r det b\u00e4sta s\u00e4ttet att f\u00f6rb\u00e4ttra produktiviteten, minska driftskostnaderna och s\u00e4kerst\u00e4lla regelefterlevnad. ProCalV5 \u00e4r det mest kraftfulla programmet f\u00f6r anv\u00e4ndning med Fluke 740\/750 Documenting Process Calibrators. Unika systemfunktioner g\u00f6r det m\u00f6jligt att ladda upp\/ladda ner arbetsuppgifter till kalibratorn fr\u00e5n antingen en PC\/serveranslutning eller p\u00e5 distans fr\u00e5n en ProCalV5 mobil arbetsstation. F\u00f6rb\u00e4ttrad \u00f6vervakningskontroll f\u00f6r din f\u00e4ltverksamhet garanteras!<\/p>\n\n\n\n<p><strong>Multifunktionell.<\/strong><\/p>\n\n\n\n<p>Kalibrera temperatur, tryck, sp\u00e4nning, str\u00f6m, motst\u00e5nd och frekvens. Eftersom det b\u00e5de m\u00e4ter och k\u00e4llor kan du fels\u00f6ka och kalibrera allt med ett robust verktyg.<\/p>\n\n\n\n<p><strong>Kraftfull men \u00e4nd\u00e5 enkel att anv\u00e4nda.<\/strong><\/p>\n\n\n\n<p>Den l\u00e4ttl\u00e4sta, menystyrda displayen guidar dig genom vilken uppgift som helst. Programmerbara kalibreringsrutiner g\u00f6r att du kan skapa och k\u00f6ra automatiserade procedurer som finns\/som till v\u00e4nster f\u00f6r att s\u00e4kerst\u00e4lla snabba, konsekventa kalibreringar.<\/p>\n\n\n\n<p><strong>Registrerar och dokumenterar resultat.<\/strong><\/p>\n\n\n\n<p>F\u00f6r att st\u00f6dja dina ISO-9000 eller lagstadgade standarder f\u00e5ngar Fluke 753\/754 dina kalibreringsresultat, vilket eliminerar behovet av att jonglera med en penna och kudde i f\u00e4ltet. USB -gr\u00e4nssnittet i Fluke 753 och 754 l\u00e5ter dig \u00f6verf\u00f6ra resultaten till en dator, vilket sparar tid f\u00f6r att manuellt m\u00e5ste transkribera dem n\u00e4r du \u00e5terv\u00e4nder till butiken.<\/p>\n\n\n\n<p><strong>Verkligen handh\u00e5llen.<\/strong><\/p>\n\n\n\n<p>Liten nog f\u00f6r att enkelt passa in i en verktygsv\u00e4ska och f\u00f6r anv\u00e4ndning i tr\u00e5nga utrymmen. K\u00f6r ett helt skift p\u00e5 ett laddningsbart litiumjonbatteri.<\/p>\n\n\n\n<p><strong>Robust och p\u00e5litlig.<\/strong><\/p>\n\n\n\n<p>\u00d6vergjutet uretanh\u00f6lje klarar grov hantering i industriella milj\u00f6er. Kalibratorer erbjuder ett eller tv\u00e5 \u00e5rs kalibreringscykler och tre \u00e5rs garanti.<\/p>\n\n\n\n<p><strong>Ljust vit display.<\/strong><\/p>\n\n\n\n<p>L\u00e5ter dig l\u00e4sa dina resultat i alla slags ljus. Bakgrundsbelysningen har tre (3) inst\u00e4llningar.<\/p>\n\n\n\n<p><strong>Flerspr\u00e5kigt gr\u00e4nssnitt.<\/strong><\/p>\n\n\n\n<p>Visar instruktioner p\u00e5 engelska, franska, tyska, spanska och italienska.<\/p>\n\n\n\n<p><strong>AutoStep.<\/strong><\/p>\n\n\n\n<p>Till\u00e5ter tekniker att st\u00e4lla in kalibratorn f\u00f6r en f\u00f6rdr\u00f6jd start och en specifik sekvens av steg, s\u00e5 att den kan k\u00f6ras utan uppsikt som en kontinuerligt varierande testk\u00e4lla.<\/p>\n\n\n\n<p><strong>Inbyggd algebraisk r\u00e4knare.<\/strong><\/p>\n\n\n\n<p>Med fyra funktioner - plus kvadratrot - lagrar, \u00e5terkallar och utf\u00f6r ber\u00e4kningar som kr\u00e4vs f\u00f6r att konfigurera instrument eller utv\u00e4rdera data i f\u00e4ltet. Anv\u00e4nd den f\u00f6r att st\u00e4lla in k\u00e4llfunktionen till ett ber\u00e4knat v\u00e4rde. Det finns ingen anledning att b\u00e4ra en penna och papper eller en separat r\u00e4knare.<\/p>\n\n\n\n<div class=\"wp-block-image\"><figure class=\"aligncenter size-full\"><img decoding=\"async\" width=\"323\" height=\"400\" src=\"https:\/\/www.agilelabs.co.za\/wp-content\/uploads\/2021\/08\/Documenting_Calibrators.png\" alt=\"\" class=\"wp-image-11510\" srcset=\"https:\/\/www.agilelabs.co.za\/wp-content\/uploads\/2021\/08\/Documenting_Calibrators.png 323w, https:\/\/www.agilelabs.co.za\/wp-content\/uploads\/2021\/08\/Documenting_Calibrators-300x372.png 300w, https:\/\/www.agilelabs.co.za\/wp-content\/uploads\/2021\/08\/Documenting_Calibrators-242x300.png 242w\" sizes=\"(max-width: 323px) 100vw, 323px\" \/><\/figure><\/div>","protected":false},"excerpt":{"rendered":"<p>Documenting Calibrators Paperless functionality is the best way to improve productivity, reduce operational costs and ensure regulatory compliance. ProCalV5 is the most powerful program for use with Fluke 740\/750 Documenting Process Calibrators. Unique system features enable work assignments to upload\/download to the calibrator from either a PC\/server connection or remotely from a ProCalV5 Mobile Workstation.<\/p>\n<p class=\"more-link\"><a href=\"https:\/\/www.agilelabs.co.za\/sv\/fluke\/\" class=\"themebutton\">L\u00e4s mer<\/a><\/p>","protected":false},"author":1,"featured_media":0,"parent":0,"menu_order":0,"comment_status":"closed","ping_status":"closed","template":"","meta":{"_acf_changed":false,"_monsterinsights_skip_tracking":false,"_monsterinsights_sitenote_active":false,"_monsterinsights_sitenote_note":"","_monsterinsights_sitenote_category":0,"footnotes":""},"categories":[],"tags":[],"class_list":["post-11598","page","type-page","status-publish","hentry"],"acf":[],"aioseo_notices":[],"aioseo_head":"\n\t\t<!-- All in One SEO Pro 4.7.0 - aioseo.com -->\n\t\t<meta name=\"description\" content=\"Documenting Calibrators Paperless functionality is the best way to improve productivity, reduce operational costs and ensure regulatory compliance. ProCalV5 is the most powerful program for use with Fluke 740\/750 Documenting Process Calibrators. Unique system features enable work assignments to upload\/download to the calibrator from either a PC\/server connection or remotely from a ProCalV5 Mobile Workstation.\" \/>\n\t\t<meta name=\"robots\" content=\"max-image-preview:large\" \/>\n\t\t<meta name=\"google-site-verification\" content=\"Nku-_1g-wtMYqihMzrUWbm5pdgO5gPY2D7l1ya5YPAU\" \/>\n\t\t<meta name=\"msvalidate.01\" content=\"9fc30828a433413eb7b3b5d32174774f\" \/>\n\t\t<meta name=\"yandex-verification\" content=\"c2122235dabe51e3\" \/>\n\t\t<link rel=\"canonical\" href=\"https:\/\/www.agilelabs.co.za\/sv\/fluke\/\" \/>\n\t\t<meta name=\"generator\" content=\"All in One SEO Pro (AIOSEO) 4.7.0\" \/>\n\t\t<meta property=\"og:locale\" content=\"sv_SE\" \/>\n\t\t<meta property=\"og:site_name\" content=\"Agile Labs - Industry and laboratory software solutions\" \/>\n\t\t<meta property=\"og:type\" content=\"article\" \/>\n\t\t<meta property=\"og:title\" content=\"Fluke - Agile Labs\" \/>\n\t\t<meta property=\"og:description\" content=\"Documenting Calibrators Paperless functionality is the best way to improve productivity, reduce operational costs and ensure regulatory compliance. ProCalV5 is the most powerful program for use with Fluke 740\/750 Documenting Process Calibrators. Unique system features enable work assignments to upload\/download to the calibrator from either a PC\/server connection or remotely from a ProCalV5 Mobile Workstation.\" \/>\n\t\t<meta property=\"og:url\" content=\"https:\/\/www.agilelabs.co.za\/sv\/fluke\/\" \/>\n\t\t<meta property=\"og:image\" content=\"https:\/\/www.agilelabs.co.za\/wp-content\/uploads\/2021\/08\/TwitterLogo.png?wsr\" \/>\n\t\t<meta property=\"og:image:secure_url\" content=\"https:\/\/www.agilelabs.co.za\/wp-content\/uploads\/2021\/08\/TwitterLogo.png?wsr\" \/>\n\t\t<meta property=\"og:image:width\" content=\"189\" \/>\n\t\t<meta property=\"og:image:height\" content=\"168\" \/>\n\t\t<meta property=\"article:published_time\" content=\"2021-08-20T02:04:06+00:00\" \/>\n\t\t<meta property=\"article:modified_time\" content=\"2021-09-02T07:11:21+00:00\" \/>\n\t\t<meta property=\"article:publisher\" content=\"https:\/\/www.facebook.com\/AgileLabsTeam\" \/>\n\t\t<meta property=\"article:author\" content=\"https:\/\/www.facebook.com\/AgileLabsTeam\" \/>\n\t\t<meta name=\"twitter:card\" content=\"summary\" \/>\n\t\t<meta name=\"twitter:site\" content=\"@InfoAgileLabs\" \/>\n\t\t<meta name=\"twitter:title\" content=\"Fluke - Agile Labs\" \/>\n\t\t<meta name=\"twitter:description\" content=\"Documenting Calibrators Paperless functionality is the best way to improve productivity, reduce operational costs and ensure regulatory compliance. ProCalV5 is the most powerful program for use with Fluke 740\/750 Documenting Process Calibrators. Unique system features enable work assignments to upload\/download to the calibrator from either a PC\/server connection or remotely from a ProCalV5 Mobile Workstation.\" \/>\n\t\t<meta name=\"twitter:creator\" content=\"@InfoAgileLabs\" \/>\n\t\t<meta name=\"twitter:image\" content=\"https:\/\/www.agilelabs.co.za\/wp-content\/uploads\/2021\/08\/TwitterLogo.png?wsr\" \/>\n\t\t<script type=\"application\/ld+json\" class=\"aioseo-schema\">\n\t\t\t{\"@context\":\"https:\\\/\\\/schema.org\",\"@graph\":[{\"@type\":\"BreadcrumbList\",\"@id\":\"https:\\\/\\\/www.agilelabs.co.za\\\/sv\\\/fluke\\\/#breadcrumblist\",\"itemListElement\":[{\"@type\":\"ListItem\",\"@id\":\"https:\\\/\\\/www.agilelabs.co.za\\\/sv\\\/#listItem\",\"position\":1,\"name\":\"Home\",\"item\":\"https:\\\/\\\/www.agilelabs.co.za\\\/sv\\\/\",\"nextItem\":\"https:\\\/\\\/www.agilelabs.co.za\\\/sv\\\/fluke\\\/#listItem\"},{\"@type\":\"ListItem\",\"@id\":\"https:\\\/\\\/www.agilelabs.co.za\\\/sv\\\/fluke\\\/#listItem\",\"position\":2,\"name\":\"Fluke\",\"previousItem\":\"https:\\\/\\\/www.agilelabs.co.za\\\/sv\\\/#listItem\"}]},{\"@type\":\"Organization\",\"@id\":\"https:\\\/\\\/www.agilelabs.co.za\\\/sv\\\/#organization\",\"name\":\"Agile Labs\",\"url\":\"https:\\\/\\\/www.agilelabs.co.za\\\/sv\\\/\",\"logo\":{\"@type\":\"ImageObject\",\"url\":\"https:\\\/\\\/www.agilelabs.co.za\\\/wp-content\\\/uploads\\\/2021\\\/08\\\/LogoTransparant.gif?wsr\",\"@id\":\"https:\\\/\\\/www.agilelabs.co.za\\\/sv\\\/fluke\\\/#organizationLogo\",\"width\":125,\"height\":113},\"image\":{\"@id\":\"https:\\\/\\\/www.agilelabs.co.za\\\/sv\\\/fluke\\\/#organizationLogo\"},\"sameAs\":[\"https:\\\/\\\/www.facebook.com\\\/AgileLabsTeam\",\"https:\\\/\\\/twitter.com\\\/InfoAgileLabs\"]},{\"@type\":\"WebPage\",\"@id\":\"https:\\\/\\\/www.agilelabs.co.za\\\/sv\\\/fluke\\\/#webpage\",\"url\":\"https:\\\/\\\/www.agilelabs.co.za\\\/sv\\\/fluke\\\/\",\"name\":\"Fluke - Agile Labs\",\"description\":\"Documenting Calibrators Paperless functionality is the best way to improve productivity, reduce operational costs and ensure regulatory compliance. ProCalV5 is the most powerful program for use with Fluke 740\\\/750 Documenting Process Calibrators. Unique system features enable work assignments to upload\\\/download to the calibrator from either a PC\\\/server connection or remotely from a ProCalV5 Mobile Workstation.\",\"inLanguage\":\"sv-SE\",\"isPartOf\":{\"@id\":\"https:\\\/\\\/www.agilelabs.co.za\\\/sv\\\/#website\"},\"breadcrumb\":{\"@id\":\"https:\\\/\\\/www.agilelabs.co.za\\\/sv\\\/fluke\\\/#breadcrumblist\"},\"datePublished\":\"2021-08-20T04:04:06+02:00\",\"dateModified\":\"2021-09-02T09:11:21+02:00\"},{\"@type\":\"WebSite\",\"@id\":\"https:\\\/\\\/www.agilelabs.co.za\\\/sv\\\/#website\",\"url\":\"https:\\\/\\\/www.agilelabs.co.za\\\/sv\\\/\",\"name\":\"Agile Labs\",\"description\":\"Industry and laboratory software solutions\",\"inLanguage\":\"sv-SE\",\"publisher\":{\"@id\":\"https:\\\/\\\/www.agilelabs.co.za\\\/sv\\\/#organization\"}}]}\n\t\t<\/script>\n\t\t<script type=\"text\/javascript\">\n\t\t\t(function(c,l,a,r,i,t,y){\n\t\t\tc[a]=c[a]||function(){(c[a].q=c[a].q||[]).push(arguments)};t=l.createElement(r);t.async=1;\n\t\t\tt.src=\"https:\/\/www.clarity.ms\/tag\/\"+i+\"?ref=aioseo\";y=l.getElementsByTagName(r)[0];y.parentNode.insertBefore(t,y);\n\t\t})(window, document, \"clarity\", \"script\", \"b88vlc75di\");\n\t\t<\/script>\n\t\t<!-- All in One SEO Pro -->\r\n\t\t<title>Fluke - Agile Labs<\/title>\n\n","aioseo_head_json":{"title":"Fluke - Agile Labs","description":"Documenting Calibrators Paperless functionality is the best way to improve productivity, reduce operational costs and ensure regulatory compliance. ProCalV5 is the most powerful program for use with Fluke 740\/750 Documenting Process Calibrators. Unique system features enable work assignments to upload\/download to the calibrator from either a PC\/server connection or remotely from a ProCalV5 Mobile Workstation.","canonical_url":"https:\/\/www.agilelabs.co.za\/sv\/fluke\/","robots":"max-image-preview:large","keywords":"","webmasterTools":{"google-site-verification":"Nku-_1g-wtMYqihMzrUWbm5pdgO5gPY2D7l1ya5YPAU","msvalidate.01":"9fc30828a433413eb7b3b5d32174774f","yandex-verification":"c2122235dabe51e3","miscellaneous":""},"og:locale":"sv_SE","og:site_name":"Agile Labs - Industry and laboratory software solutions","og:type":"article","og:title":"Fluke - Agile Labs","og:description":"Documenting Calibrators Paperless functionality is the best way to improve productivity, reduce operational costs and ensure regulatory compliance. ProCalV5 is the most powerful program for use with Fluke 740\/750 Documenting Process Calibrators. Unique system features enable work assignments to upload\/download to the calibrator from either a PC\/server connection or remotely from a ProCalV5 Mobile Workstation.","og:url":"https:\/\/www.agilelabs.co.za\/sv\/fluke\/","og:image":"https:\/\/www.agilelabs.co.za\/wp-content\/uploads\/2021\/08\/TwitterLogo.png?wsr","og:image:secure_url":"https:\/\/www.agilelabs.co.za\/wp-content\/uploads\/2021\/08\/TwitterLogo.png?wsr","og:image:width":189,"og:image:height":168,"article:published_time":"2021-08-20T02:04:06+00:00","article:modified_time":"2021-09-02T07:11:21+00:00","article:publisher":"https:\/\/www.facebook.com\/AgileLabsTeam","article:author":"https:\/\/www.facebook.com\/AgileLabsTeam","twitter:card":"summary","twitter:site":"@InfoAgileLabs","twitter:title":"Fluke - Agile Labs","twitter:description":"Documenting Calibrators Paperless functionality is the best way to improve productivity, reduce operational costs and ensure regulatory compliance. ProCalV5 is the most powerful program for use with Fluke 740\/750 Documenting Process Calibrators. Unique system features enable work assignments to upload\/download to the calibrator from either a PC\/server connection or remotely from a ProCalV5 Mobile Workstation.","twitter:creator":"@InfoAgileLabs","twitter:image":"https:\/\/www.agilelabs.co.za\/wp-content\/uploads\/2021\/08\/TwitterLogo.png?wsr","schema":{"@context":"https:\/\/schema.org","@graph":[{"@type":"BreadcrumbList","@id":"https:\/\/www.agilelabs.co.za\/sv\/fluke\/#breadcrumblist","itemListElement":[{"@type":"ListItem","@id":"https:\/\/www.agilelabs.co.za\/sv\/#listItem","position":1,"name":"Home","item":"https:\/\/www.agilelabs.co.za\/sv\/","nextItem":"https:\/\/www.agilelabs.co.za\/sv\/fluke\/#listItem"},{"@type":"ListItem","@id":"https:\/\/www.agilelabs.co.za\/sv\/fluke\/#listItem","position":2,"name":"Fluke","previousItem":"https:\/\/www.agilelabs.co.za\/sv\/#listItem"}]},{"@type":"Organization","@id":"https:\/\/www.agilelabs.co.za\/sv\/#organization","name":"Agile Labs","url":"https:\/\/www.agilelabs.co.za\/sv\/","logo":{"@type":"ImageObject","url":"https:\/\/www.agilelabs.co.za\/wp-content\/uploads\/2021\/08\/LogoTransparant.gif?wsr","@id":"https:\/\/www.agilelabs.co.za\/sv\/fluke\/#organizationLogo","width":125,"height":113},"image":{"@id":"https:\/\/www.agilelabs.co.za\/sv\/fluke\/#organizationLogo"},"sameAs":["https:\/\/www.facebook.com\/AgileLabsTeam","https:\/\/twitter.com\/InfoAgileLabs"]},{"@type":"WebPage","@id":"https:\/\/www.agilelabs.co.za\/sv\/fluke\/#webpage","url":"https:\/\/www.agilelabs.co.za\/sv\/fluke\/","name":"Fluke - Agile Labs","description":"Documenting Calibrators Paperless functionality is the best way to improve productivity, reduce operational costs and ensure regulatory compliance. ProCalV5 is the most powerful program for use with Fluke 740\/750 Documenting Process Calibrators. Unique system features enable work assignments to upload\/download to the calibrator from either a PC\/server connection or remotely from a ProCalV5 Mobile Workstation.","inLanguage":"sv-SE","isPartOf":{"@id":"https:\/\/www.agilelabs.co.za\/sv\/#website"},"breadcrumb":{"@id":"https:\/\/www.agilelabs.co.za\/sv\/fluke\/#breadcrumblist"},"datePublished":"2021-08-20T04:04:06+02:00","dateModified":"2021-09-02T09:11:21+02:00"},{"@type":"WebSite","@id":"https:\/\/www.agilelabs.co.za\/sv\/#website","url":"https:\/\/www.agilelabs.co.za\/sv\/","name":"Agile Labs","description":"Industry and laboratory software solutions","inLanguage":"sv-SE","publisher":{"@id":"https:\/\/www.agilelabs.co.za\/sv\/#organization"}}]}},"aioseo_meta_data":{"post_id":"11598","title":null,"description":null,"keywords":null,"keyphrases":null,"primary_term":null,"canonical_url":null,"og_title":null,"og_description":null,"og_object_type":"default","og_image_type":"default","og_image_url":null,"og_image_width":null,"og_image_height":null,"og_image_custom_url":null,"og_image_custom_fields":null,"og_video":null,"og_custom_url":null,"og_article_section":null,"og_article_tags":null,"twitter_use_og":false,"twitter_card":"default","twitter_image_type":"default","twitter_image_url":null,"twitter_image_custom_url":null,"twitter_image_custom_fields":null,"twitter_title":null,"twitter_description":null,"schema":{"blockGraphs":[],"customGraphs":[],"default":{"data":{"Article":[],"Course":[],"Dataset":[],"FAQPage":[],"Movie":[],"Person":[],"Product":[],"Recipe":[],"Service":[],"SoftwareApplication":[],"WebPage":[]},"graphName":"","isEnabled":true},"graphs":[]},"schema_type":"default","schema_type_options":null,"pillar_content":false,"robots_default":true,"robots_noindex":false,"robots_noarchive":false,"robots_nosnippet":false,"robots_nofollow":false,"robots_noimageindex":false,"robots_noodp":false,"robots_notranslate":false,"robots_max_snippet":null,"robots_max_videopreview":null,"robots_max_imagepreview":"large","priority":null,"frequency":null,"local_seo":null,"limit_modified_date":false,"open_ai":null,"created":"2022-02-09 02:39:01","updated":"2022-09-13 21:12:53"},"_links":{"self":[{"href":"https:\/\/www.agilelabs.co.za\/sv\/wp-json\/wp\/v2\/pages\/11598","targetHints":{"allow":["GET"]}}],"collection":[{"href":"https:\/\/www.agilelabs.co.za\/sv\/wp-json\/wp\/v2\/pages"}],"about":[{"href":"https:\/\/www.agilelabs.co.za\/sv\/wp-json\/wp\/v2\/types\/page"}],"author":[{"embeddable":true,"href":"https:\/\/www.agilelabs.co.za\/sv\/wp-json\/wp\/v2\/users\/1"}],"replies":[{"embeddable":true,"href":"https:\/\/www.agilelabs.co.za\/sv\/wp-json\/wp\/v2\/comments?post=11598"}],"version-history":[{"count":0,"href":"https:\/\/www.agilelabs.co.za\/sv\/wp-json\/wp\/v2\/pages\/11598\/revisions"}],"wp:attachment":[{"href":"https:\/\/www.agilelabs.co.za\/sv\/wp-json\/wp\/v2\/media?parent=11598"}],"wp:term":[{"taxonomy":"category","embeddable":true,"href":"https:\/\/www.agilelabs.co.za\/sv\/wp-json\/wp\/v2\/categories?post=11598"},{"taxonomy":"post_tag","embeddable":true,"href":"https:\/\/www.agilelabs.co.za\/sv\/wp-json\/wp\/v2\/tags?post=11598"}],"curies":[{"name":"wp","href":"https:\/\/api.w.org\/{rel}","templated":true}]}}