{"id":11597,"date":"2021-08-20T03:41:10","date_gmt":"2021-08-20T01:41:10","guid":{"rendered":"https:\/\/www.agilelabs.co.za\/?page_id=11481"},"modified":"2021-11-23T20:26:17","modified_gmt":"2021-11-23T18:26:17","slug":"mobile-workstations","status":"publish","type":"page","link":"https:\/\/www.agilelabs.co.za\/sv\/mobile-workstations\/","title":{"rendered":"Mobila arbetsstationer"},"content":{"rendered":"<p><strong>Off-Line, 21 CFR Del 11-kompatibel, fullst\u00e4ndig programfunktionalitet<\/strong><\/p>\n\n\n\n<p><\/p>\n\n\n\n<p>Pappersbaserade kalibreringsmetoder \u00e4r kostsamma och tidskr\u00e4vande och de \u00f6kar risken f\u00f6r m\u00e4nskliga fel och bristande efterlevnad. ProCalV5 mobila arbetsstationer offline anv\u00e4nder hela programmets gr\u00e4nssnitt och inneh\u00e5ller alla 21 CFR-del 11-kompatibla kontroller. Sofistikerade import-\/exportfunktioner s\u00e4kerst\u00e4ller dataintegritet.<\/p>\n\n\n\n<p><strong>ProCalV5 pappersl\u00f6sa kalibreringsh\u00f6jdpunkter<\/strong><\/p>\n\n\n\n<ul class=\"wp-block-list\"><li>Offline-anv\u00e4ndargr\u00e4nssnitt med komplett systemfunktion<\/li><li>Ladda ner godk\u00e4nda teststandarder och SOP: er<\/li><li>Utf\u00f6r alla automatiska matematiska funktioner<\/li><li>Strikta anv\u00e4ndarkontroller<\/li><li>Komplett datatoleransverifiering och integritetskontroller<\/li><li>Exportera slutf\u00f6rt arbete f\u00f6r routning av e-signatur<\/li><li>L\u00e4gg till eller \u00e4ndra arbetsuppgifter p\u00e5 distans<\/li><li>Skapa eller skriv ut professionell dokumentation och kalibreringsklisterm\u00e4rken<\/li><li>Gr\u00e4nssnitt p\u00e5 distans f\u00f6r att dokumentera kalibratorer<\/li><\/ul>\n\n\n\n<figure class=\"wp-block-image size-large\"><img decoding=\"async\" src=\"https:\/\/www.agilelabs.co.za\/wp-content\/uploads\/2021\/08\/Technician-at-Computer-768x1024.jpg\" alt=\"\" class=\"wp-image-11482\"\/><\/figure>\n\n\n\n<p><strong>De fem b\u00e4sta sk\u00e4len att g\u00e5 pappersl\u00f6s<\/strong><\/p>\n\n\n\n<ul class=\"wp-block-list\"><li>\u00d6kar teknikerns produktivitet avsev\u00e4rt<\/li><li>Eliminera m\u00e4nskliga misstag<\/li><li>F\u00f6rb\u00e4ttra kvalitetskontrollen<\/li><li>Avsluta pappersarbeten<\/li><li>Omedelbar \u00e5tkomst till p\u00e5g\u00e5ende arbete och arbetade data<\/li><\/ul>\n\n\n\n<p><strong>Den bepr\u00f6vade v\u00e4gen till pappersl\u00f6s<\/strong><\/p>\n\n\n\n<figure class=\"wp-block-image size-full\"><img decoding=\"async\" src=\"https:\/\/www.agilelabs.co.za\/wp-content\/uploads\/2021\/08\/PaperlessCalibrationsL-768x624-1.jpg\" alt=\"\" class=\"wp-image-11483\"\/><\/figure>\n\n\n\n<p>Se \u00f6verblickvideon f\u00f6r mobil arbetsstation nedan f\u00f6r mer information<\/p>\n\n\n\n<p><\/p>\n\n\n\n<p><\/p>","protected":false},"excerpt":{"rendered":"<p>Off-Line, 21 CFR Part 11 Compliant, Full Program Functionality Paper-based calibration practices are costly and time consuming and they increase the risk of human error and non-compliance. ProCalV5 off-line Mobile Workstations utilize the full program interface and incorporate all 21 CFR Part 11 compliant controls. Sophisticated import\/export features ensure data integrity. ProCalV5 Paperless Calibration Highlights<\/p>\n<p class=\"more-link\"><a href=\"https:\/\/www.agilelabs.co.za\/sv\/mobile-workstations\/\" class=\"themebutton\">L\u00e4s mer<\/a><\/p>","protected":false},"author":1,"featured_media":0,"parent":0,"menu_order":0,"comment_status":"closed","ping_status":"closed","template":"","meta":{"_acf_changed":false,"_monsterinsights_skip_tracking":false,"_monsterinsights_sitenote_active":false,"_monsterinsights_sitenote_note":"","_monsterinsights_sitenote_category":0,"footnotes":""},"categories":[],"tags":[],"class_list":["post-11597","page","type-page","status-publish","hentry"],"acf":[],"aioseo_notices":[],"aioseo_head":"\n\t\t<!-- All in One SEO Pro 4.7.0 - aioseo.com -->\n\t\t<meta name=\"description\" content=\"Off-Line, 21 CFR Part 11 Compliant, Full Program Functionality Paper-based calibration practices are costly and time consuming and they increase the risk of human error and non-compliance. ProCalV5 off-line Mobile Workstations utilize the full program interface and incorporate all 21 CFR Part 11 compliant controls. Sophisticated import\/export features ensure data integrity. ProCalV5 Paperless Calibration Highlights\" \/>\n\t\t<meta name=\"robots\" content=\"max-image-preview:large\" \/>\n\t\t<meta name=\"google-site-verification\" content=\"Nku-_1g-wtMYqihMzrUWbm5pdgO5gPY2D7l1ya5YPAU\" \/>\n\t\t<meta name=\"msvalidate.01\" content=\"9fc30828a433413eb7b3b5d32174774f\" \/>\n\t\t<meta name=\"yandex-verification\" content=\"c2122235dabe51e3\" \/>\n\t\t<link rel=\"canonical\" href=\"https:\/\/www.agilelabs.co.za\/sv\/mobile-workstations\/\" \/>\n\t\t<meta name=\"generator\" content=\"All in One SEO Pro (AIOSEO) 4.7.0\" \/>\n\t\t<meta property=\"og:locale\" content=\"sv_SE\" \/>\n\t\t<meta property=\"og:site_name\" content=\"Agile Labs - Industry and laboratory software solutions\" \/>\n\t\t<meta property=\"og:type\" content=\"article\" \/>\n\t\t<meta property=\"og:title\" content=\"Mobile Workstations - Agile Labs\" \/>\n\t\t<meta property=\"og:description\" content=\"Off-Line, 21 CFR Part 11 Compliant, Full Program Functionality Paper-based calibration practices are costly and time consuming and they increase the risk of human error and non-compliance. ProCalV5 off-line Mobile Workstations utilize the full program interface and incorporate all 21 CFR Part 11 compliant controls. Sophisticated import\/export features ensure data integrity. ProCalV5 Paperless Calibration Highlights\" \/>\n\t\t<meta property=\"og:url\" content=\"https:\/\/www.agilelabs.co.za\/sv\/mobile-workstations\/\" \/>\n\t\t<meta property=\"og:image\" content=\"https:\/\/www.agilelabs.co.za\/wp-content\/uploads\/2021\/08\/TwitterLogo.png?wsr\" \/>\n\t\t<meta property=\"og:image:secure_url\" content=\"https:\/\/www.agilelabs.co.za\/wp-content\/uploads\/2021\/08\/TwitterLogo.png?wsr\" \/>\n\t\t<meta property=\"og:image:width\" content=\"189\" \/>\n\t\t<meta property=\"og:image:height\" content=\"168\" \/>\n\t\t<meta property=\"article:published_time\" content=\"2021-08-20T01:41:10+00:00\" \/>\n\t\t<meta property=\"article:modified_time\" content=\"2021-11-23T18:26:17+00:00\" \/>\n\t\t<meta property=\"article:publisher\" content=\"https:\/\/www.facebook.com\/AgileLabsTeam\" \/>\n\t\t<meta property=\"article:author\" content=\"https:\/\/www.facebook.com\/AgileLabsTeam\" \/>\n\t\t<meta name=\"twitter:card\" content=\"summary\" \/>\n\t\t<meta name=\"twitter:site\" content=\"@InfoAgileLabs\" \/>\n\t\t<meta name=\"twitter:title\" content=\"Mobile Workstations - Agile Labs\" \/>\n\t\t<meta name=\"twitter:description\" content=\"Off-Line, 21 CFR Part 11 Compliant, Full Program Functionality Paper-based calibration practices are costly and time consuming and they increase the risk of human error and non-compliance. ProCalV5 off-line Mobile Workstations utilize the full program interface and incorporate all 21 CFR Part 11 compliant controls. Sophisticated import\/export features ensure data integrity. ProCalV5 Paperless Calibration Highlights\" \/>\n\t\t<meta name=\"twitter:creator\" content=\"@InfoAgileLabs\" \/>\n\t\t<meta name=\"twitter:image\" content=\"https:\/\/www.agilelabs.co.za\/wp-content\/uploads\/2021\/08\/TwitterLogo.png?wsr\" \/>\n\t\t<script type=\"application\/ld+json\" class=\"aioseo-schema\">\n\t\t\t{\"@context\":\"https:\\\/\\\/schema.org\",\"@graph\":[{\"@type\":\"BreadcrumbList\",\"@id\":\"https:\\\/\\\/www.agilelabs.co.za\\\/sv\\\/mobile-workstations\\\/#breadcrumblist\",\"itemListElement\":[{\"@type\":\"ListItem\",\"@id\":\"https:\\\/\\\/www.agilelabs.co.za\\\/sv\\\/#listItem\",\"position\":1,\"name\":\"Home\",\"item\":\"https:\\\/\\\/www.agilelabs.co.za\\\/sv\\\/\",\"nextItem\":\"https:\\\/\\\/www.agilelabs.co.za\\\/sv\\\/mobile-workstations\\\/#listItem\"},{\"@type\":\"ListItem\",\"@id\":\"https:\\\/\\\/www.agilelabs.co.za\\\/sv\\\/mobile-workstations\\\/#listItem\",\"position\":2,\"name\":\"Mobile Workstations\",\"previousItem\":\"https:\\\/\\\/www.agilelabs.co.za\\\/sv\\\/#listItem\"}]},{\"@type\":\"Organization\",\"@id\":\"https:\\\/\\\/www.agilelabs.co.za\\\/sv\\\/#organization\",\"name\":\"Agile Labs\",\"url\":\"https:\\\/\\\/www.agilelabs.co.za\\\/sv\\\/\",\"logo\":{\"@type\":\"ImageObject\",\"url\":\"https:\\\/\\\/www.agilelabs.co.za\\\/wp-content\\\/uploads\\\/2021\\\/08\\\/LogoTransparant.gif?wsr\",\"@id\":\"https:\\\/\\\/www.agilelabs.co.za\\\/sv\\\/mobile-workstations\\\/#organizationLogo\",\"width\":125,\"height\":113},\"image\":{\"@id\":\"https:\\\/\\\/www.agilelabs.co.za\\\/sv\\\/mobile-workstations\\\/#organizationLogo\"},\"sameAs\":[\"https:\\\/\\\/www.facebook.com\\\/AgileLabsTeam\",\"https:\\\/\\\/twitter.com\\\/InfoAgileLabs\"]},{\"@type\":\"WebPage\",\"@id\":\"https:\\\/\\\/www.agilelabs.co.za\\\/sv\\\/mobile-workstations\\\/#webpage\",\"url\":\"https:\\\/\\\/www.agilelabs.co.za\\\/sv\\\/mobile-workstations\\\/\",\"name\":\"Mobile Workstations - Agile Labs\",\"description\":\"Off-Line, 21 CFR Part 11 Compliant, Full Program Functionality Paper-based calibration practices are costly and time consuming and they increase the risk of human error and non-compliance. ProCalV5 off-line Mobile Workstations utilize the full program interface and incorporate all 21 CFR Part 11 compliant controls. Sophisticated import\\\/export features ensure data integrity. ProCalV5 Paperless Calibration Highlights\",\"inLanguage\":\"sv-SE\",\"isPartOf\":{\"@id\":\"https:\\\/\\\/www.agilelabs.co.za\\\/sv\\\/#website\"},\"breadcrumb\":{\"@id\":\"https:\\\/\\\/www.agilelabs.co.za\\\/sv\\\/mobile-workstations\\\/#breadcrumblist\"},\"datePublished\":\"2021-08-20T03:41:10+02:00\",\"dateModified\":\"2021-11-23T20:26:17+02:00\"},{\"@type\":\"WebSite\",\"@id\":\"https:\\\/\\\/www.agilelabs.co.za\\\/sv\\\/#website\",\"url\":\"https:\\\/\\\/www.agilelabs.co.za\\\/sv\\\/\",\"name\":\"Agile Labs\",\"description\":\"Industry and laboratory software solutions\",\"inLanguage\":\"sv-SE\",\"publisher\":{\"@id\":\"https:\\\/\\\/www.agilelabs.co.za\\\/sv\\\/#organization\"}}]}\n\t\t<\/script>\n\t\t<script type=\"text\/javascript\">\n\t\t\t(function(c,l,a,r,i,t,y){\n\t\t\tc[a]=c[a]||function(){(c[a].q=c[a].q||[]).push(arguments)};t=l.createElement(r);t.async=1;\n\t\t\tt.src=\"https:\/\/www.clarity.ms\/tag\/\"+i+\"?ref=aioseo\";y=l.getElementsByTagName(r)[0];y.parentNode.insertBefore(t,y);\n\t\t})(window, document, \"clarity\", \"script\", \"b88vlc75di\");\n\t\t<\/script>\n\t\t<!-- All in One SEO Pro -->\r\n\t\t<title>Mobile Workstations - Agile Labs<\/title>\n\n","aioseo_head_json":{"title":"Mobile Workstations - Agile Labs","description":"Off-Line, 21 CFR Part 11 Compliant, Full Program Functionality Paper-based calibration practices are costly and time consuming and they increase the risk of human error and non-compliance. ProCalV5 off-line Mobile Workstations utilize the full program interface and incorporate all 21 CFR Part 11 compliant controls. Sophisticated import\/export features ensure data integrity. ProCalV5 Paperless Calibration Highlights","canonical_url":"https:\/\/www.agilelabs.co.za\/sv\/mobile-workstations\/","robots":"max-image-preview:large","keywords":"","webmasterTools":{"google-site-verification":"Nku-_1g-wtMYqihMzrUWbm5pdgO5gPY2D7l1ya5YPAU","msvalidate.01":"9fc30828a433413eb7b3b5d32174774f","yandex-verification":"c2122235dabe51e3","miscellaneous":""},"og:locale":"sv_SE","og:site_name":"Agile Labs - Industry and laboratory software solutions","og:type":"article","og:title":"Mobile Workstations - Agile Labs","og:description":"Off-Line, 21 CFR Part 11 Compliant, Full Program Functionality Paper-based calibration practices are costly and time consuming and they increase the risk of human error and non-compliance. ProCalV5 off-line Mobile Workstations utilize the full program interface and incorporate all 21 CFR Part 11 compliant controls. Sophisticated import\/export features ensure data integrity. ProCalV5 Paperless Calibration Highlights","og:url":"https:\/\/www.agilelabs.co.za\/sv\/mobile-workstations\/","og:image":"https:\/\/www.agilelabs.co.za\/wp-content\/uploads\/2021\/08\/TwitterLogo.png?wsr","og:image:secure_url":"https:\/\/www.agilelabs.co.za\/wp-content\/uploads\/2021\/08\/TwitterLogo.png?wsr","og:image:width":189,"og:image:height":168,"article:published_time":"2021-08-20T01:41:10+00:00","article:modified_time":"2021-11-23T18:26:17+00:00","article:publisher":"https:\/\/www.facebook.com\/AgileLabsTeam","article:author":"https:\/\/www.facebook.com\/AgileLabsTeam","twitter:card":"summary","twitter:site":"@InfoAgileLabs","twitter:title":"Mobile Workstations - Agile Labs","twitter:description":"Off-Line, 21 CFR Part 11 Compliant, Full Program Functionality Paper-based calibration practices are costly and time consuming and they increase the risk of human error and non-compliance. ProCalV5 off-line Mobile Workstations utilize the full program interface and incorporate all 21 CFR Part 11 compliant controls. Sophisticated import\/export features ensure data integrity. ProCalV5 Paperless Calibration Highlights","twitter:creator":"@InfoAgileLabs","twitter:image":"https:\/\/www.agilelabs.co.za\/wp-content\/uploads\/2021\/08\/TwitterLogo.png?wsr","schema":{"@context":"https:\/\/schema.org","@graph":[{"@type":"BreadcrumbList","@id":"https:\/\/www.agilelabs.co.za\/sv\/mobile-workstations\/#breadcrumblist","itemListElement":[{"@type":"ListItem","@id":"https:\/\/www.agilelabs.co.za\/sv\/#listItem","position":1,"name":"Home","item":"https:\/\/www.agilelabs.co.za\/sv\/","nextItem":"https:\/\/www.agilelabs.co.za\/sv\/mobile-workstations\/#listItem"},{"@type":"ListItem","@id":"https:\/\/www.agilelabs.co.za\/sv\/mobile-workstations\/#listItem","position":2,"name":"Mobile Workstations","previousItem":"https:\/\/www.agilelabs.co.za\/sv\/#listItem"}]},{"@type":"Organization","@id":"https:\/\/www.agilelabs.co.za\/sv\/#organization","name":"Agile Labs","url":"https:\/\/www.agilelabs.co.za\/sv\/","logo":{"@type":"ImageObject","url":"https:\/\/www.agilelabs.co.za\/wp-content\/uploads\/2021\/08\/LogoTransparant.gif?wsr","@id":"https:\/\/www.agilelabs.co.za\/sv\/mobile-workstations\/#organizationLogo","width":125,"height":113},"image":{"@id":"https:\/\/www.agilelabs.co.za\/sv\/mobile-workstations\/#organizationLogo"},"sameAs":["https:\/\/www.facebook.com\/AgileLabsTeam","https:\/\/twitter.com\/InfoAgileLabs"]},{"@type":"WebPage","@id":"https:\/\/www.agilelabs.co.za\/sv\/mobile-workstations\/#webpage","url":"https:\/\/www.agilelabs.co.za\/sv\/mobile-workstations\/","name":"Mobile Workstations - Agile Labs","description":"Off-Line, 21 CFR Part 11 Compliant, Full Program Functionality Paper-based calibration practices are costly and time consuming and they increase the risk of human error and non-compliance. ProCalV5 off-line Mobile Workstations utilize the full program interface and incorporate all 21 CFR Part 11 compliant controls. Sophisticated import\/export features ensure data integrity. ProCalV5 Paperless Calibration Highlights","inLanguage":"sv-SE","isPartOf":{"@id":"https:\/\/www.agilelabs.co.za\/sv\/#website"},"breadcrumb":{"@id":"https:\/\/www.agilelabs.co.za\/sv\/mobile-workstations\/#breadcrumblist"},"datePublished":"2021-08-20T03:41:10+02:00","dateModified":"2021-11-23T20:26:17+02:00"},{"@type":"WebSite","@id":"https:\/\/www.agilelabs.co.za\/sv\/#website","url":"https:\/\/www.agilelabs.co.za\/sv\/","name":"Agile Labs","description":"Industry and laboratory software solutions","inLanguage":"sv-SE","publisher":{"@id":"https:\/\/www.agilelabs.co.za\/sv\/#organization"}}]}},"aioseo_meta_data":{"post_id":"11597","title":null,"description":null,"keywords":null,"keyphrases":null,"primary_term":null,"canonical_url":null,"og_title":null,"og_description":null,"og_object_type":"default","og_image_type":"default","og_image_url":null,"og_image_width":null,"og_image_height":null,"og_image_custom_url":null,"og_image_custom_fields":null,"og_video":null,"og_custom_url":null,"og_article_section":null,"og_article_tags":null,"twitter_use_og":false,"twitter_card":"default","twitter_image_type":"default","twitter_image_url":null,"twitter_image_custom_url":null,"twitter_image_custom_fields":null,"twitter_title":null,"twitter_description":null,"schema":{"blockGraphs":[],"customGraphs":[],"default":{"data":{"Article":[],"Course":[],"Dataset":[],"FAQPage":[],"Movie":[],"Person":[],"Product":[],"Recipe":[],"Service":[],"SoftwareApplication":[],"WebPage":[]},"graphName":"","isEnabled":true},"graphs":[]},"schema_type":"default","schema_type_options":null,"pillar_content":false,"robots_default":true,"robots_noindex":false,"robots_noarchive":false,"robots_nosnippet":false,"robots_nofollow":false,"robots_noimageindex":false,"robots_noodp":false,"robots_notranslate":false,"robots_max_snippet":null,"robots_max_videopreview":null,"robots_max_imagepreview":"large","priority":null,"frequency":null,"local_seo":null,"limit_modified_date":false,"open_ai":null,"created":"2022-02-09 02:39:01","updated":"2022-09-13 21:15:52"},"_links":{"self":[{"href":"https:\/\/www.agilelabs.co.za\/sv\/wp-json\/wp\/v2\/pages\/11597","targetHints":{"allow":["GET"]}}],"collection":[{"href":"https:\/\/www.agilelabs.co.za\/sv\/wp-json\/wp\/v2\/pages"}],"about":[{"href":"https:\/\/www.agilelabs.co.za\/sv\/wp-json\/wp\/v2\/types\/page"}],"author":[{"embeddable":true,"href":"https:\/\/www.agilelabs.co.za\/sv\/wp-json\/wp\/v2\/users\/1"}],"replies":[{"embeddable":true,"href":"https:\/\/www.agilelabs.co.za\/sv\/wp-json\/wp\/v2\/comments?post=11597"}],"version-history":[{"count":0,"href":"https:\/\/www.agilelabs.co.za\/sv\/wp-json\/wp\/v2\/pages\/11597\/revisions"}],"wp:attachment":[{"href":"https:\/\/www.agilelabs.co.za\/sv\/wp-json\/wp\/v2\/media?parent=11597"}],"wp:term":[{"taxonomy":"category","embeddable":true,"href":"https:\/\/www.agilelabs.co.za\/sv\/wp-json\/wp\/v2\/categories?post=11597"},{"taxonomy":"post_tag","embeddable":true,"href":"https:\/\/www.agilelabs.co.za\/sv\/wp-json\/wp\/v2\/tags?post=11597"}],"curies":[{"name":"wp","href":"https:\/\/api.w.org\/{rel}","templated":true}]}}