{"id":11592,"date":"2021-08-20T02:44:41","date_gmt":"2021-08-20T00:44:41","guid":{"rendered":"https:\/\/www.agilelabs.co.za\/?page_id=11447"},"modified":"2021-11-23T20:27:26","modified_gmt":"2021-11-23T18:27:26","slug":"overview","status":"publish","type":"page","link":"https:\/\/www.agilelabs.co.za\/sv\/overview\/","title":{"rendered":"\u00d6versikt"},"content":{"rendered":"<blockquote class=\"wp-block-quote is-layout-flow wp-block-quote-is-layout-flow\"><p>Kalibreringshanteringsprogramvara - CMS<\/p><\/blockquote>\n\n\n\n<p>Prime Technologies erbjuder bepr\u00f6vade l\u00f6sningar f\u00f6r kalibreringshanteringsprogram (CMS) f\u00f6r att hantera tillg\u00e5ngar f\u00f6r kalibrering, underh\u00e5ll och validering. Ett ProCal -system s\u00e4kerst\u00e4ller regelefterlevnad, f\u00f6rb\u00e4ttrad praxis, sparar tid, \u00f6kar produktiviteten och minskar driftskostnaderna. B\u00e5de ProCalV5 och ProCal Direct -gr\u00e4nssnitt med <a href=\"https:\/\/www.agilelabs.co.za\/sv\/sap-enterprise\/\" data-type=\"URL\" data-id=\"https:\/\/www.agilelabs.co.za\/sap-enterprise\/\">SAP Enterprise<\/a>.<\/p>\n\n\n\n<p><\/p>\n\n\n\n<figure class=\"wp-block-image size-full\"><img decoding=\"async\" src=\"https:\/\/www.agilelabs.co.za\/wp-content\/uploads\/2021\/08\/PrimeTechnologiesLogo3.png\" alt=\"\" class=\"wp-image-11625\"\/><\/figure>\n\n\n\n<p><\/p>\n\n\n\n<p><strong>Tv\u00e5 distributionsalternativ f\u00f6r stora och sm\u00e5 f\u00f6retag runt om i v\u00e4rlden<\/strong><\/p>\n\n\n\n<p><\/p>\n\n\n\n<p><strong>P<\/strong>r<strong>oCal Direct<\/strong><\/p>\n\n\n\n<ul class=\"wp-block-list\"><li>ProCalV5 I molnet!<\/li><li>Anslut var som helst via webbl\u00e4saren<\/li><li>Alternativ f\u00f6r Agile Labs eller Prime Technologies f\u00f6r att tillhandah\u00e5lla all IT -infrastruktur<\/li><\/ul>\n\n\n\n<figure class=\"wp-block-image size-full\"><img decoding=\"async\" src=\"https:\/\/www.agilelabs.co.za\/wp-content\/uploads\/2021\/08\/ProCalDirect.jpg\" alt=\"\" class=\"wp-image-11460\"\/><\/figure>\n\n\n\n<p><strong>ProCalV5<\/strong><\/p>\n\n\n\n<ul class=\"wp-block-list\"><li>Lokal kalibreringshanteringsprogramvara<\/li><li>Industriens f\u00f6rsta 21 CFR del 11 -kompatibla pappersl\u00f6sa kalibreringsl\u00f6sning<\/li><li>ProCal -kalibreringsmetoder anv\u00e4nds av tusentals f\u00f6retag v\u00e4rlden \u00f6ver<\/li><\/ul>\n\n\n\n<figure class=\"wp-block-image size-full\"><img decoding=\"async\" src=\"https:\/\/www.agilelabs.co.za\/wp-content\/uploads\/2021\/08\/ProCalV5.jpg\" alt=\"\" class=\"wp-image-11461\"\/><\/figure>\n\n\n\n<p><strong><a href=\"https:\/\/www.primetechpa.com\/procal-software\/procalv5-features-benefits\/\">Snabblista \u00f6ver funktioner och f\u00f6rdelar<\/a><\/strong><\/p>\n\n\n\n<ul class=\"wp-block-list\"><li>Skalbar fr\u00e5n enskild anv\u00e4ndare till f\u00f6retag med obegr\u00e4nsade individuella konton, anv\u00e4ndare, anv\u00e4ndargrupper eller tillg\u00e5ngar<\/li><li>St\u00f6der flera platser\/divisioner<\/li><li>Arbetsbesparing, pappersl\u00f6s funktionalitet i realtid<\/li><li>Tilldela snabbt tekniker uppgifter och generera arbetsorder<\/li><li>Kalibrering schemal\u00e4ggning g\u00f6rs enkelt p\u00e5 Master Instrument Record och kalibreringssystemet schemal\u00e4gger automatiskt n\u00e4sta f\u00f6rfallodatum och varnar dig n\u00e4r det \u00e4r f\u00f6rfallet<\/li><li>Validerad\/21 CFR Del 11, FDA &amp; GxP -kompatibel<\/li><li>Underh\u00e5llshantering och reservdelar<\/li><li>Importera\/exportera till offline <a href=\"https:\/\/www.primetechpa.com\/procal-software\/mobile-workstation\/\">Mobila arbetsstationer<\/a><\/li><li>Ladda upp\/ladda ner till <a href=\"https:\/\/www.primetechpa.com\/documenting-calibrators\/\">Dokumentera processkalibratorer<\/a><\/li><li>Genererar kalibreringscertifikat och kan skriva ut kalibreringsklister sj\u00e4lv<\/li><li>Flerspr\u00e5kig med st\u00f6d f\u00f6r sex olika spr\u00e5k<\/li><li>80+ standardrapporter<\/li><li>Och mycket mer!<\/li><\/ul>\n\n\n\n<blockquote class=\"wp-block-quote is-layout-flow wp-block-quote-is-layout-flow\"><p>\u201dF\u00f6rst i klass\u201d Kalibrering och underh\u00e5ll Asset Management<\/p><\/blockquote>\n\n\n\n<p>ProCalV5 -produkter \u00e4r mycket konfigurerbara och kan enkelt skr\u00e4ddarsys f\u00f6r att uppfylla dina organisatoriska m\u00e5l, inklusive:<\/p>\n\n\n\n<ul class=\"wp-block-list\"><li><strong>Pappersl\u00f6sa l\u00f6sningar i realtid:<\/strong> ProCalV5 levererar f\u00f6rvaltningsf\u00f6rdelar, prestandaf\u00f6rdelar och rapporteringseffektivitet som endast \u00e4r tillg\u00e4ngliga med en riktigt fungerande pappersl\u00f6s l\u00f6sning. V\u00e5rt branschpr\u00f6vade, robusta program kommer att fungera med tillf\u00f6rlitlighet som endast upplevs med de allra b\u00e4sta mjukvarusystemen.<\/li><li><strong>Efterlevnad:<\/strong> ProCalV5 har utformats speciellt f\u00f6r att tillhandah\u00e5lla de funktioner som \u00e4r n\u00f6dv\u00e4ndiga f\u00f6r att tillgodose de str\u00e4ngaste kraven f\u00f6r datainsamling och rapportering av regelefterlevnad. Denna branschens f\u00f6rsta 21 CFR Part 11-kompatibla l\u00f6sning st\u00f6der ocks\u00e5 ISO 9000-2001, QS 9000, ISO 17025, ANSI 254, AS9100 och andra krav p\u00e5 kvalitet, milj\u00f6 och s\u00e4kerhet.<\/li><li><strong>Hybridl\u00f6sningar:<\/strong> \u00c4r du inte redo att flytta till en pappersl\u00f6s milj\u00f6? Med ProCalV5 best\u00e4mmer du omfattningen av din fortsatta anv\u00e4ndning av kalkylblad, formul\u00e4r och rapporter. N\u00e4r du v\u00e4ljer ProCalV5 som din <a href=\"https:\/\/www.primetechpa.com\/procal-software\/procalv5\/\">Kalibreringshanteringsprogramvara<\/a>, du best\u00e4mmer hur du ska k\u00f6ra dina operationer och konfigurerar programmet f\u00f6r att passa dina metoder, inte tv\u00e4rtom.<\/li><li><strong>Frist\u00e5ende l\u00f6sningar:<\/strong> Letar du efter ett omfattande ledningssystem; men en som till en b\u00f6rjan endast tillgodoser dina individuella webbplatsbehov? Inga problem! ProCalV5 kan enkelt anv\u00e4ndas som en frist\u00e5ende applikation och kommer l\u00e4tt att skala i framtiden om du vill l\u00e4gga till ytterligare autonoma konton.<\/li><li><strong>L\u00f6sningar f\u00f6r flera webbplatser:<\/strong> F\u00f6retag och organisationer beh\u00f6ver ofta en enda, centralt distribuerad applikation, men en som kan st\u00f6dja m\u00e5nga divisioner och webbplatser. ProCalV5 erbjuder unik kontoseparationsfunktion men med funktioner som uppmuntrar och m\u00f6jligg\u00f6r enkel konfiguration f\u00f6r standardiserade metoder i hela f\u00f6retaget.<\/li><li><strong>ProCalV5 levererar o\u00f6vertr\u00e4ffad funktionalitet.<\/strong> Papper eller pappersl\u00f6s, den omfattande listan \u00f6ver <a href=\"https:\/\/www.primetechpa.com\/procal-software\/procalv5-features-benefits\/\">programfunktioner och avancerad funktionalitet<\/a> kommer att minska dina driftskostnader, eliminera m\u00e4nskliga fel och s\u00e4kerst\u00e4lla regelefterlevnad.<\/li><\/ul>\n\n\n\n<p><\/p>\n\n\n\n<div class=\"wp-block-image\"><figure class=\"aligncenter size-full is-resized\"><img decoding=\"async\" src=\"https:\/\/www.agilelabs.co.za\/wp-content\/uploads\/2021\/08\/ProCalV5-With-SAP-1.jpg\" alt=\"\" class=\"wp-image-11462\" width=\"326\" height=\"100\"\/><\/figure><\/div>\n\n\n\n<div class=\"wp-block-image\"><figure class=\"aligncenter size-full\"><img decoding=\"async\" src=\"https:\/\/www.agilelabs.co.za\/wp-content\/uploads\/2021\/08\/ProCalV5-With-Fluke.jpg\" alt=\"\" class=\"wp-image-11463\"\/><\/figure><\/div>\n\n\n\n<div class=\"wp-block-image\"><figure class=\"aligncenter size-full\"><img decoding=\"async\" src=\"https:\/\/www.agilelabs.co.za\/wp-content\/uploads\/2021\/08\/Upgrade-DPCTrack2-Honeywell-Documint.jpg\" alt=\"\" class=\"wp-image-11464\"\/><\/figure><\/div>\n\n\n\n<div class=\"wp-block-image\"><figure class=\"aligncenter size-full\"><img decoding=\"async\" src=\"https:\/\/www.agilelabs.co.za\/wp-content\/uploads\/2021\/08\/Encompass_Product_Partner_Americas_Web2.jpg\" alt=\"\" class=\"wp-image-11466\"\/><\/figure><\/div>","protected":false},"excerpt":{"rendered":"<p>Calibration Management Software &#8211; CMS Prime Technologies offers proven calibration management software (CMS) solutions to manage assets for Calibration, Maintenance and Validation. A ProCal system ensures regulatory compliance, improved practices, saves time, increases productivity and reduces operational costs. Both ProCalV5 and ProCal Direct interface with SAP Enterprise. Two Deployment Options For Large And Small Companies<\/p>\n<p class=\"more-link\"><a href=\"https:\/\/www.agilelabs.co.za\/sv\/overview\/\" class=\"themebutton\">L\u00e4s mer<\/a><\/p>","protected":false},"author":1,"featured_media":0,"parent":0,"menu_order":0,"comment_status":"closed","ping_status":"closed","template":"","meta":{"_acf_changed":false,"_monsterinsights_skip_tracking":false,"_monsterinsights_sitenote_active":false,"_monsterinsights_sitenote_note":"","_monsterinsights_sitenote_category":0,"footnotes":""},"categories":[],"tags":[],"class_list":["post-11592","page","type-page","status-publish","hentry"],"acf":[],"aioseo_notices":[],"aioseo_head":"\n\t\t<!-- All in One SEO Pro 4.7.0 - aioseo.com -->\n\t\t<meta name=\"description\" content=\"Calibration Management Software - CMS Prime Technologies offers proven calibration management software (CMS) solutions to manage assets for Calibration, Maintenance and Validation. A ProCal system ensures regulatory compliance, improved practices, saves time, increases productivity and reduces operational costs. Both ProCalV5 and ProCal Direct interface with SAP Enterprise. Two Deployment Options For Large And Small Companies\" \/>\n\t\t<meta name=\"robots\" content=\"max-image-preview:large\" \/>\n\t\t<meta name=\"google-site-verification\" content=\"Nku-_1g-wtMYqihMzrUWbm5pdgO5gPY2D7l1ya5YPAU\" \/>\n\t\t<meta name=\"msvalidate.01\" content=\"9fc30828a433413eb7b3b5d32174774f\" \/>\n\t\t<meta name=\"yandex-verification\" content=\"c2122235dabe51e3\" \/>\n\t\t<link rel=\"canonical\" href=\"https:\/\/www.agilelabs.co.za\/sv\/overview\/\" \/>\n\t\t<meta name=\"generator\" content=\"All in One SEO Pro (AIOSEO) 4.7.0\" \/>\n\t\t<meta property=\"og:locale\" content=\"sv_SE\" \/>\n\t\t<meta property=\"og:site_name\" content=\"Agile Labs - Industry and laboratory software solutions\" \/>\n\t\t<meta property=\"og:type\" content=\"article\" \/>\n\t\t<meta property=\"og:title\" content=\"Overview - Agile Labs\" \/>\n\t\t<meta property=\"og:description\" content=\"Calibration Management Software - CMS Prime Technologies offers proven calibration management software (CMS) solutions to manage assets for Calibration, Maintenance and Validation. A ProCal system ensures regulatory compliance, improved practices, saves time, increases productivity and reduces operational costs. Both ProCalV5 and ProCal Direct interface with SAP Enterprise. Two Deployment Options For Large And Small Companies\" \/>\n\t\t<meta property=\"og:url\" content=\"https:\/\/www.agilelabs.co.za\/sv\/overview\/\" \/>\n\t\t<meta property=\"og:image\" content=\"https:\/\/www.agilelabs.co.za\/wp-content\/uploads\/2021\/08\/TwitterLogo.png?wsr\" \/>\n\t\t<meta property=\"og:image:secure_url\" content=\"https:\/\/www.agilelabs.co.za\/wp-content\/uploads\/2021\/08\/TwitterLogo.png?wsr\" \/>\n\t\t<meta property=\"og:image:width\" content=\"189\" \/>\n\t\t<meta property=\"og:image:height\" content=\"168\" \/>\n\t\t<meta property=\"article:published_time\" content=\"2021-08-20T00:44:41+00:00\" \/>\n\t\t<meta property=\"article:modified_time\" content=\"2021-11-23T18:27:26+00:00\" \/>\n\t\t<meta property=\"article:publisher\" content=\"https:\/\/www.facebook.com\/AgileLabsTeam\" \/>\n\t\t<meta property=\"article:author\" content=\"https:\/\/www.facebook.com\/AgileLabsTeam\" \/>\n\t\t<meta name=\"twitter:card\" content=\"summary\" \/>\n\t\t<meta name=\"twitter:site\" content=\"@InfoAgileLabs\" \/>\n\t\t<meta name=\"twitter:title\" content=\"Overview - Agile Labs\" \/>\n\t\t<meta name=\"twitter:description\" content=\"Calibration Management Software - CMS Prime Technologies offers proven calibration management software (CMS) solutions to manage assets for Calibration, Maintenance and Validation. A ProCal system ensures regulatory compliance, improved practices, saves time, increases productivity and reduces operational costs. Both ProCalV5 and ProCal Direct interface with SAP Enterprise. Two Deployment Options For Large And Small Companies\" \/>\n\t\t<meta name=\"twitter:creator\" content=\"@InfoAgileLabs\" \/>\n\t\t<meta name=\"twitter:image\" content=\"https:\/\/www.agilelabs.co.za\/wp-content\/uploads\/2021\/08\/TwitterLogo.png?wsr\" \/>\n\t\t<script type=\"application\/ld+json\" class=\"aioseo-schema\">\n\t\t\t{\"@context\":\"https:\\\/\\\/schema.org\",\"@graph\":[{\"@type\":\"BreadcrumbList\",\"@id\":\"https:\\\/\\\/www.agilelabs.co.za\\\/sv\\\/overview\\\/#breadcrumblist\",\"itemListElement\":[{\"@type\":\"ListItem\",\"@id\":\"https:\\\/\\\/www.agilelabs.co.za\\\/sv\\\/#listItem\",\"position\":1,\"name\":\"Home\",\"item\":\"https:\\\/\\\/www.agilelabs.co.za\\\/sv\\\/\",\"nextItem\":\"https:\\\/\\\/www.agilelabs.co.za\\\/sv\\\/overview\\\/#listItem\"},{\"@type\":\"ListItem\",\"@id\":\"https:\\\/\\\/www.agilelabs.co.za\\\/sv\\\/overview\\\/#listItem\",\"position\":2,\"name\":\"Overview\",\"previousItem\":\"https:\\\/\\\/www.agilelabs.co.za\\\/sv\\\/#listItem\"}]},{\"@type\":\"Organization\",\"@id\":\"https:\\\/\\\/www.agilelabs.co.za\\\/sv\\\/#organization\",\"name\":\"Agile Labs\",\"url\":\"https:\\\/\\\/www.agilelabs.co.za\\\/sv\\\/\",\"logo\":{\"@type\":\"ImageObject\",\"url\":\"https:\\\/\\\/www.agilelabs.co.za\\\/wp-content\\\/uploads\\\/2021\\\/08\\\/LogoTransparant.gif?wsr\",\"@id\":\"https:\\\/\\\/www.agilelabs.co.za\\\/sv\\\/overview\\\/#organizationLogo\",\"width\":125,\"height\":113},\"image\":{\"@id\":\"https:\\\/\\\/www.agilelabs.co.za\\\/sv\\\/overview\\\/#organizationLogo\"},\"sameAs\":[\"https:\\\/\\\/www.facebook.com\\\/AgileLabsTeam\",\"https:\\\/\\\/twitter.com\\\/InfoAgileLabs\"]},{\"@type\":\"WebPage\",\"@id\":\"https:\\\/\\\/www.agilelabs.co.za\\\/sv\\\/overview\\\/#webpage\",\"url\":\"https:\\\/\\\/www.agilelabs.co.za\\\/sv\\\/overview\\\/\",\"name\":\"Overview - Agile Labs\",\"description\":\"Calibration Management Software - CMS Prime Technologies offers proven calibration management software (CMS) solutions to manage assets for Calibration, Maintenance and Validation. A ProCal system ensures regulatory compliance, improved practices, saves time, increases productivity and reduces operational costs. Both ProCalV5 and ProCal Direct interface with SAP Enterprise. Two Deployment Options For Large And Small Companies\",\"inLanguage\":\"sv-SE\",\"isPartOf\":{\"@id\":\"https:\\\/\\\/www.agilelabs.co.za\\\/sv\\\/#website\"},\"breadcrumb\":{\"@id\":\"https:\\\/\\\/www.agilelabs.co.za\\\/sv\\\/overview\\\/#breadcrumblist\"},\"datePublished\":\"2021-08-20T02:44:41+02:00\",\"dateModified\":\"2021-11-23T20:27:26+02:00\"},{\"@type\":\"WebSite\",\"@id\":\"https:\\\/\\\/www.agilelabs.co.za\\\/sv\\\/#website\",\"url\":\"https:\\\/\\\/www.agilelabs.co.za\\\/sv\\\/\",\"name\":\"Agile Labs\",\"description\":\"Industry and laboratory software solutions\",\"inLanguage\":\"sv-SE\",\"publisher\":{\"@id\":\"https:\\\/\\\/www.agilelabs.co.za\\\/sv\\\/#organization\"}}]}\n\t\t<\/script>\n\t\t<script type=\"text\/javascript\">\n\t\t\t(function(c,l,a,r,i,t,y){\n\t\t\tc[a]=c[a]||function(){(c[a].q=c[a].q||[]).push(arguments)};t=l.createElement(r);t.async=1;\n\t\t\tt.src=\"https:\/\/www.clarity.ms\/tag\/\"+i+\"?ref=aioseo\";y=l.getElementsByTagName(r)[0];y.parentNode.insertBefore(t,y);\n\t\t})(window, document, \"clarity\", \"script\", \"b88vlc75di\");\n\t\t<\/script>\n\t\t<!-- All in One SEO Pro -->\r\n\t\t<title>Overview - Agile Labs<\/title>\n\n","aioseo_head_json":{"title":"Overview - Agile Labs","description":"Calibration Management Software - CMS Prime Technologies offers proven calibration management software (CMS) solutions to manage assets for Calibration, Maintenance and Validation. A ProCal system ensures regulatory compliance, improved practices, saves time, increases productivity and reduces operational costs. Both ProCalV5 and ProCal Direct interface with SAP Enterprise. Two Deployment Options For Large And Small Companies","canonical_url":"https:\/\/www.agilelabs.co.za\/sv\/overview\/","robots":"max-image-preview:large","keywords":"","webmasterTools":{"google-site-verification":"Nku-_1g-wtMYqihMzrUWbm5pdgO5gPY2D7l1ya5YPAU","msvalidate.01":"9fc30828a433413eb7b3b5d32174774f","yandex-verification":"c2122235dabe51e3","miscellaneous":""},"og:locale":"sv_SE","og:site_name":"Agile Labs - Industry and laboratory software solutions","og:type":"article","og:title":"Overview - Agile Labs","og:description":"Calibration Management Software - CMS Prime Technologies offers proven calibration management software (CMS) solutions to manage assets for Calibration, Maintenance and Validation. A ProCal system ensures regulatory compliance, improved practices, saves time, increases productivity and reduces operational costs. Both ProCalV5 and ProCal Direct interface with SAP Enterprise. Two Deployment Options For Large And Small Companies","og:url":"https:\/\/www.agilelabs.co.za\/sv\/overview\/","og:image":"https:\/\/www.agilelabs.co.za\/wp-content\/uploads\/2021\/08\/TwitterLogo.png?wsr","og:image:secure_url":"https:\/\/www.agilelabs.co.za\/wp-content\/uploads\/2021\/08\/TwitterLogo.png?wsr","og:image:width":189,"og:image:height":168,"article:published_time":"2021-08-20T00:44:41+00:00","article:modified_time":"2021-11-23T18:27:26+00:00","article:publisher":"https:\/\/www.facebook.com\/AgileLabsTeam","article:author":"https:\/\/www.facebook.com\/AgileLabsTeam","twitter:card":"summary","twitter:site":"@InfoAgileLabs","twitter:title":"Overview - Agile Labs","twitter:description":"Calibration Management Software - CMS Prime Technologies offers proven calibration management software (CMS) solutions to manage assets for Calibration, Maintenance and Validation. A ProCal system ensures regulatory compliance, improved practices, saves time, increases productivity and reduces operational costs. Both ProCalV5 and ProCal Direct interface with SAP Enterprise. Two Deployment Options For Large And Small Companies","twitter:creator":"@InfoAgileLabs","twitter:image":"https:\/\/www.agilelabs.co.za\/wp-content\/uploads\/2021\/08\/TwitterLogo.png?wsr","schema":{"@context":"https:\/\/schema.org","@graph":[{"@type":"BreadcrumbList","@id":"https:\/\/www.agilelabs.co.za\/sv\/overview\/#breadcrumblist","itemListElement":[{"@type":"ListItem","@id":"https:\/\/www.agilelabs.co.za\/sv\/#listItem","position":1,"name":"Home","item":"https:\/\/www.agilelabs.co.za\/sv\/","nextItem":"https:\/\/www.agilelabs.co.za\/sv\/overview\/#listItem"},{"@type":"ListItem","@id":"https:\/\/www.agilelabs.co.za\/sv\/overview\/#listItem","position":2,"name":"Overview","previousItem":"https:\/\/www.agilelabs.co.za\/sv\/#listItem"}]},{"@type":"Organization","@id":"https:\/\/www.agilelabs.co.za\/sv\/#organization","name":"Agile Labs","url":"https:\/\/www.agilelabs.co.za\/sv\/","logo":{"@type":"ImageObject","url":"https:\/\/www.agilelabs.co.za\/wp-content\/uploads\/2021\/08\/LogoTransparant.gif?wsr","@id":"https:\/\/www.agilelabs.co.za\/sv\/overview\/#organizationLogo","width":125,"height":113},"image":{"@id":"https:\/\/www.agilelabs.co.za\/sv\/overview\/#organizationLogo"},"sameAs":["https:\/\/www.facebook.com\/AgileLabsTeam","https:\/\/twitter.com\/InfoAgileLabs"]},{"@type":"WebPage","@id":"https:\/\/www.agilelabs.co.za\/sv\/overview\/#webpage","url":"https:\/\/www.agilelabs.co.za\/sv\/overview\/","name":"Overview - Agile Labs","description":"Calibration Management Software - CMS Prime Technologies offers proven calibration management software (CMS) solutions to manage assets for Calibration, Maintenance and Validation. A ProCal system ensures regulatory compliance, improved practices, saves time, increases productivity and reduces operational costs. Both ProCalV5 and ProCal Direct interface with SAP Enterprise. Two Deployment Options For Large And Small Companies","inLanguage":"sv-SE","isPartOf":{"@id":"https:\/\/www.agilelabs.co.za\/sv\/#website"},"breadcrumb":{"@id":"https:\/\/www.agilelabs.co.za\/sv\/overview\/#breadcrumblist"},"datePublished":"2021-08-20T02:44:41+02:00","dateModified":"2021-11-23T20:27:26+02:00"},{"@type":"WebSite","@id":"https:\/\/www.agilelabs.co.za\/sv\/#website","url":"https:\/\/www.agilelabs.co.za\/sv\/","name":"Agile Labs","description":"Industry and laboratory software solutions","inLanguage":"sv-SE","publisher":{"@id":"https:\/\/www.agilelabs.co.za\/sv\/#organization"}}]}},"aioseo_meta_data":{"post_id":"11592","title":null,"description":null,"keywords":null,"keyphrases":null,"primary_term":null,"canonical_url":null,"og_title":null,"og_description":null,"og_object_type":"default","og_image_type":"default","og_image_url":null,"og_image_width":null,"og_image_height":null,"og_image_custom_url":null,"og_image_custom_fields":null,"og_video":null,"og_custom_url":null,"og_article_section":null,"og_article_tags":null,"twitter_use_og":false,"twitter_card":"default","twitter_image_type":"default","twitter_image_url":null,"twitter_image_custom_url":null,"twitter_image_custom_fields":null,"twitter_title":null,"twitter_description":null,"schema":{"blockGraphs":[],"customGraphs":[],"default":{"data":{"Article":[],"Course":[],"Dataset":[],"FAQPage":[],"Movie":[],"Person":[],"Product":[],"Recipe":[],"Service":[],"SoftwareApplication":[],"WebPage":[]},"graphName":"","isEnabled":true},"graphs":[]},"schema_type":"default","schema_type_options":null,"pillar_content":false,"robots_default":true,"robots_noindex":false,"robots_noarchive":false,"robots_nosnippet":false,"robots_nofollow":false,"robots_noimageindex":false,"robots_noodp":false,"robots_notranslate":false,"robots_max_snippet":null,"robots_max_videopreview":null,"robots_max_imagepreview":"large","priority":null,"frequency":null,"local_seo":null,"limit_modified_date":false,"open_ai":null,"created":"2022-02-09 02:39:01","updated":"2022-09-13 21:12:00"},"_links":{"self":[{"href":"https:\/\/www.agilelabs.co.za\/sv\/wp-json\/wp\/v2\/pages\/11592","targetHints":{"allow":["GET"]}}],"collection":[{"href":"https:\/\/www.agilelabs.co.za\/sv\/wp-json\/wp\/v2\/pages"}],"about":[{"href":"https:\/\/www.agilelabs.co.za\/sv\/wp-json\/wp\/v2\/types\/page"}],"author":[{"embeddable":true,"href":"https:\/\/www.agilelabs.co.za\/sv\/wp-json\/wp\/v2\/users\/1"}],"replies":[{"embeddable":true,"href":"https:\/\/www.agilelabs.co.za\/sv\/wp-json\/wp\/v2\/comments?post=11592"}],"version-history":[{"count":0,"href":"https:\/\/www.agilelabs.co.za\/sv\/wp-json\/wp\/v2\/pages\/11592\/revisions"}],"wp:attachment":[{"href":"https:\/\/www.agilelabs.co.za\/sv\/wp-json\/wp\/v2\/media?parent=11592"}],"wp:term":[{"taxonomy":"category","embeddable":true,"href":"https:\/\/www.agilelabs.co.za\/sv\/wp-json\/wp\/v2\/categories?post=11592"},{"taxonomy":"post_tag","embeddable":true,"href":"https:\/\/www.agilelabs.co.za\/sv\/wp-json\/wp\/v2\/tags?post=11592"}],"curies":[{"name":"wp","href":"https:\/\/api.w.org\/{rel}","templated":true}]}}