{"id":12068,"date":"2021-09-23T06:49:16","date_gmt":"2021-09-23T04:49:16","guid":{"rendered":"https:\/\/www.agilelabs.co.za\/?page_id=12068"},"modified":"2021-09-23T15:32:17","modified_gmt":"2021-09-23T13:32:17","slug":"feature-benefits-for-the-pulp-and-paper-industry","status":"publish","type":"page","link":"https:\/\/www.agilelabs.co.za\/pt\/feature-benefits-for-the-pulp-and-paper-industry\/","title":{"rendered":"Ind\u00fastria de celulose e papel"},"content":{"rendered":"<div class=\"wp-block-image\"><figure class=\"aligncenter size-full is-resized\"><img decoding=\"async\" src=\"https:\/\/www.agilelabs.co.za\/wp-content\/uploads\/2021\/09\/PaperandPulp.png\" alt=\"\" class=\"wp-image-12157\" width=\"636\" height=\"410\" srcset=\"https:\/\/www.agilelabs.co.za\/wp-content\/uploads\/2021\/09\/PaperandPulp.png 930w, https:\/\/www.agilelabs.co.za\/wp-content\/uploads\/2021\/09\/PaperandPulp-350x226.png 350w, https:\/\/www.agilelabs.co.za\/wp-content\/uploads\/2021\/09\/PaperandPulp-680x439.png 680w, https:\/\/www.agilelabs.co.za\/wp-content\/uploads\/2021\/09\/PaperandPulp-300x194.png 300w, https:\/\/www.agilelabs.co.za\/wp-content\/uploads\/2021\/09\/PaperandPulp-768x496.png 768w, https:\/\/www.agilelabs.co.za\/wp-content\/uploads\/2021\/09\/PaperandPulp-18x12.png 18w\" sizes=\"(max-width: 636px) 100vw, 636px\" \/><\/figure><\/div>\n\n\n\n<ul class=\"wp-block-list\"><li>ProCalV5 ajuda as empresas a automatizar e padronizar as pr\u00e1ticas de calibra\u00e7\u00e3o. A migra\u00e7\u00e3o do papel para o sem papel aumentar\u00e1 a produtividade e reduzir\u00e1 os custos operacionais.<\/li><li>As licen\u00e7as opcionais de esta\u00e7\u00e3o de trabalho m\u00f3vel permitem acesso off-line \u00e0 interface completa do programa para uso em campo com tablets e calibradores de documenta\u00e7\u00e3o Fluke.<\/li><li>O programa pode oferecer suporte a uma ou mais contas individuais. Todas as contas podem ser configuradas de forma id\u00eantica ou talvez algumas modificadas com base nos requisitos locais. O m\u00f3dulo Copy Company fornece uma ferramenta poderosa baseada em modelo para ajudar a facilitar a adi\u00e7\u00e3o e configura\u00e7\u00e3o de novas contas de site.<\/li><li>N\u00e3o h\u00e1 custo adicional para adicionar contas, grupos de usu\u00e1rios, usu\u00e1rios ou ativos.<\/li><li>A maioria dos r\u00f3tulos de campo do programa pode ser alterada para corresponder \u00e0 terminologia desejada.<\/li><li>Um n\u00famero ilimitado de campos caracterizados e definidos pelo usu\u00e1rio pode ser adicionado para acomodar informa\u00e7\u00f5es espec\u00edficas do cliente e fluxo de trabalho.<\/li><li>Atualmente, ProCalV5 oferece suporte a seis idiomas; mais por vir. A sele\u00e7\u00e3o do idioma pode ser padronizada para toda a empresa, conta ou n\u00edvel de usu\u00e1rio individual. Alterar os idiomas \u00e9 t\u00e3o simples quanto selecionar em uma lista suspensa.<\/li><li>Oferecemos uma grande biblioteca de pacotes opcionais de teste de precis\u00e3o. Esses s\u00e3o m\u00f3dulos aparafusados que fornecem uma interface de usu\u00e1rio personalizada, espec\u00edfica para v\u00e1rios tipos de instrumentos, equipamentos e sistemas.<\/li><li>O ProCal Explorer fornece uma maneira f\u00e1cil e direta, em um formato de \u00e1rvore hier\u00e1rquica expans\u00edvel \/ recolh\u00edvel, para visualizar seus ativos. Os prompts visuais exibem claramente aqueles que requerem aten\u00e7\u00e3o imediata e aqueles cujos eventos programados est\u00e3o vencidos. As informa\u00e7\u00f5es de ativos s\u00e3o apresentadas por classifica\u00e7\u00e3o, departamento, frequ\u00eancia, tipo de item, local, fabricante, t\u00e9cnico respons\u00e1vel, cronograma, trabalho vencido por departamento ou trabalho vencido por local.<\/li><li>Recall, eventos vencidos e muitos outros relat\u00f3rios podem ser lan\u00e7ados em toda a empresa ou espec\u00edficos para uma ou v\u00e1rias contas.<\/li><li>Associa\u00e7\u00f5es hier\u00e1rquicas podem ser criadas dentro de cada conta para sistemas, loops, equipamentos e instrumentos.<\/li><li>Os registros mestre podem oferecer suporte a v\u00e1rios grupos de teste para um \u00fanico ativo. Os grupos de teste tamb\u00e9m podem combinar o uso de pacotes de teste de precis\u00e3o.<\/li><li>As programa\u00e7\u00f5es podem ser baseadas no calend\u00e1rio ou na contagem de uso.<\/li><li>Os modelos podem ser estabelecidos, os registros podem ser copiados, os recursos de mudan\u00e7a global permitem que grupos de registros sejam modificados ao mesmo tempo.<\/li><li>ProCalV5 faz todas as fun\u00e7\u00f5es matem\u00e1ticas ao criar registros mestre. Os c\u00e1lculos podem acomodar associa\u00e7\u00f5es de sinal variadas, declara\u00e7\u00f5es de precis\u00e3o, resolu\u00e7\u00f5es e combina\u00e7\u00f5es (entrada vs. sa\u00edda, % de leitura, intervalo, +\/-, manual, raiz linear \/ quadrada, tabelas, etc.).<\/li><li>Sem erro humano. O programa verifica, por meio de prompts visuais, dentro ou fora das condi\u00e7\u00f5es de toler\u00e2ncia no momento da entrada de dados conforme encontrado e \u00e0 esquerda.<\/li><li>Os valores ideais dos pontos de teste podem ser editados ao realizar calibra\u00e7\u00f5es. O programa calcular\u00e1 automaticamente novas correla\u00e7\u00f5es de sinal e limites de toler\u00e2ncia aceit\u00e1veis.<\/li><li>A funcionalidade de Manuten\u00e7\u00e3o Preventiva \/ Ordem de Servi\u00e7o \/ Estoque de Pe\u00e7as \u00e9 opcional.<\/li><li>ProCalV5 tem mais de 90 relat\u00f3rios padr\u00e3o. Eles podem ser alterados e outros podem ser facilmente adicionados \u00e0s suas especifica\u00e7\u00f5es exatas.<\/li><li>Consultas avan\u00e7adas podem ser constru\u00eddas, nomeadas e salvas para execu\u00e7\u00e3o futura. Os resultados podem ser facilmente exportados para outros formatos de arquivo.<\/li><li>O sistema pode gerar certificados de calibra\u00e7\u00e3o e pode imprimir adesivos de calibra\u00e7\u00e3o automaticamente.<\/li><li>V\u00e1rios ativos podem ser calibrados e registros individuais podem ser acessados ao mesmo tempo.<\/li><li>O trabalho em andamento pode ser salvo como incompleto.<\/li><li>O ProCalV5 oferece compatibilidade incompar\u00e1vel com calibradores de documenta\u00e7\u00e3o Fluke.<\/li><li>N\u00e3o h\u00e1 necessidade de salvar documentos do MS Word ou PDFs - os relat\u00f3rios s\u00e3o criados ad-hoc conforme solicitado.<\/li><li>O eView permite uma conex\u00e3o remota com a web para lan\u00e7ar relat\u00f3rios solicitados ou enviar relat\u00f3rios automaticamente em uma base de calend\u00e1rio programada por e-mail.<\/li><li>ProCal Direct \u00e9 a vers\u00e3o SaaS em nuvem do ProCalV5. Ele oferece todos os recursos listados acima e tamb\u00e9m suporta o uso de esta\u00e7\u00f5es de trabalho m\u00f3veis e calibradores Fluke.<\/li><li>As op\u00e7\u00f5es de integra\u00e7\u00e3o est\u00e3o dispon\u00edveis para compartilhamento de dados com SAP e outros aplicativos.<\/li><\/ul>","protected":false},"excerpt":{"rendered":"<p>ProCalV5 helps companies to automate &amp; standardize calibration practices. Migration from paper to paperless will improve productivity and lower operational costs. Optional Mobile Workstation licenses enable off-line access to the full program interface for field use with tablets and Fluke documenting calibrators. The program can support one or many individual accounts. All accounts may be<\/p>\n<p class=\"more-link\"><a href=\"https:\/\/www.agilelabs.co.za\/pt\/feature-benefits-for-the-pulp-and-paper-industry\/\" class=\"themebutton\">consulte Mais informa\u00e7\u00e3o<\/a><\/p>","protected":false},"author":1,"featured_media":0,"parent":0,"menu_order":0,"comment_status":"closed","ping_status":"closed","template":"","meta":{"_acf_changed":false,"_monsterinsights_skip_tracking":false,"_monsterinsights_sitenote_active":false,"_monsterinsights_sitenote_note":"","_monsterinsights_sitenote_category":0,"footnotes":""},"categories":[],"tags":[],"class_list":["post-12068","page","type-page","status-publish","hentry"],"acf":[],"aioseo_notices":[],"aioseo_head":"\n\t\t<!-- All in One SEO Pro 4.7.0 - aioseo.com -->\n\t\t<meta name=\"description\" content=\"ProCalV5 helps companies to automate &amp; standardize calibration practices. Migration from paper to paperless will improve productivity and lower operational costs. Optional Mobile Workstation licenses enable off-line access to the full program interface for field use with tablets and Fluke documenting calibrators. The program can support one or many individual accounts. All accounts may be\" \/>\n\t\t<meta name=\"robots\" content=\"max-image-preview:large\" \/>\n\t\t<meta name=\"google-site-verification\" content=\"Nku-_1g-wtMYqihMzrUWbm5pdgO5gPY2D7l1ya5YPAU\" \/>\n\t\t<meta name=\"msvalidate.01\" content=\"9fc30828a433413eb7b3b5d32174774f\" \/>\n\t\t<meta name=\"yandex-verification\" content=\"c2122235dabe51e3\" \/>\n\t\t<link rel=\"canonical\" href=\"https:\/\/www.agilelabs.co.za\/pt\/feature-benefits-for-the-pulp-and-paper-industry\/\" \/>\n\t\t<meta name=\"generator\" content=\"All in One SEO Pro (AIOSEO) 4.7.0\" \/>\n\t\t<meta property=\"og:locale\" content=\"pt_PT\" \/>\n\t\t<meta property=\"og:site_name\" content=\"Agile Labs - Industry and laboratory software solutions\" \/>\n\t\t<meta property=\"og:type\" content=\"article\" \/>\n\t\t<meta property=\"og:title\" content=\"Pulp and Paper industry - Agile Labs\" \/>\n\t\t<meta property=\"og:description\" content=\"ProCalV5 helps companies to automate &amp; standardize calibration practices. Migration from paper to paperless will improve productivity and lower operational costs. Optional Mobile Workstation licenses enable off-line access to the full program interface for field use with tablets and Fluke documenting calibrators. The program can support one or many individual accounts. All accounts may be\" \/>\n\t\t<meta property=\"og:url\" content=\"https:\/\/www.agilelabs.co.za\/pt\/feature-benefits-for-the-pulp-and-paper-industry\/\" \/>\n\t\t<meta property=\"og:image\" content=\"https:\/\/www.agilelabs.co.za\/wp-content\/uploads\/2021\/08\/TwitterLogo.png?wsr\" \/>\n\t\t<meta property=\"og:image:secure_url\" content=\"https:\/\/www.agilelabs.co.za\/wp-content\/uploads\/2021\/08\/TwitterLogo.png?wsr\" \/>\n\t\t<meta property=\"og:image:width\" content=\"189\" \/>\n\t\t<meta property=\"og:image:height\" content=\"168\" \/>\n\t\t<meta property=\"article:published_time\" content=\"2021-09-23T04:49:16+00:00\" \/>\n\t\t<meta property=\"article:modified_time\" content=\"2021-09-23T13:32:17+00:00\" \/>\n\t\t<meta property=\"article:publisher\" content=\"https:\/\/www.facebook.com\/AgileLabsTeam\" \/>\n\t\t<meta property=\"article:author\" content=\"https:\/\/www.facebook.com\/AgileLabsTeam\" \/>\n\t\t<meta name=\"twitter:card\" content=\"summary\" \/>\n\t\t<meta name=\"twitter:site\" content=\"@InfoAgileLabs\" \/>\n\t\t<meta name=\"twitter:title\" content=\"Pulp and Paper industry - Agile Labs\" \/>\n\t\t<meta name=\"twitter:description\" content=\"ProCalV5 helps companies to automate &amp; standardize calibration practices. Migration from paper to paperless will improve productivity and lower operational costs. Optional Mobile Workstation licenses enable off-line access to the full program interface for field use with tablets and Fluke documenting calibrators. The program can support one or many individual accounts. All accounts may be\" \/>\n\t\t<meta name=\"twitter:creator\" content=\"@InfoAgileLabs\" \/>\n\t\t<meta name=\"twitter:image\" content=\"https:\/\/www.agilelabs.co.za\/wp-content\/uploads\/2021\/08\/TwitterLogo.png?wsr\" \/>\n\t\t<script type=\"application\/ld+json\" class=\"aioseo-schema\">\n\t\t\t{\"@context\":\"https:\\\/\\\/schema.org\",\"@graph\":[{\"@type\":\"BreadcrumbList\",\"@id\":\"https:\\\/\\\/www.agilelabs.co.za\\\/pt\\\/feature-benefits-for-the-pulp-and-paper-industry\\\/#breadcrumblist\",\"itemListElement\":[{\"@type\":\"ListItem\",\"@id\":\"https:\\\/\\\/www.agilelabs.co.za\\\/pt\\\/#listItem\",\"position\":1,\"name\":\"Home\",\"item\":\"https:\\\/\\\/www.agilelabs.co.za\\\/pt\\\/\",\"nextItem\":\"https:\\\/\\\/www.agilelabs.co.za\\\/pt\\\/feature-benefits-for-the-pulp-and-paper-industry\\\/#listItem\"},{\"@type\":\"ListItem\",\"@id\":\"https:\\\/\\\/www.agilelabs.co.za\\\/pt\\\/feature-benefits-for-the-pulp-and-paper-industry\\\/#listItem\",\"position\":2,\"name\":\"Pulp and Paper industry\",\"previousItem\":\"https:\\\/\\\/www.agilelabs.co.za\\\/pt\\\/#listItem\"}]},{\"@type\":\"Organization\",\"@id\":\"https:\\\/\\\/www.agilelabs.co.za\\\/pt\\\/#organization\",\"name\":\"Agile Labs\",\"url\":\"https:\\\/\\\/www.agilelabs.co.za\\\/pt\\\/\",\"logo\":{\"@type\":\"ImageObject\",\"url\":\"https:\\\/\\\/www.agilelabs.co.za\\\/wp-content\\\/uploads\\\/2021\\\/08\\\/LogoTransparant.gif?wsr\",\"@id\":\"https:\\\/\\\/www.agilelabs.co.za\\\/pt\\\/feature-benefits-for-the-pulp-and-paper-industry\\\/#organizationLogo\",\"width\":125,\"height\":113},\"image\":{\"@id\":\"https:\\\/\\\/www.agilelabs.co.za\\\/pt\\\/feature-benefits-for-the-pulp-and-paper-industry\\\/#organizationLogo\"},\"sameAs\":[\"https:\\\/\\\/www.facebook.com\\\/AgileLabsTeam\",\"https:\\\/\\\/twitter.com\\\/InfoAgileLabs\"]},{\"@type\":\"WebPage\",\"@id\":\"https:\\\/\\\/www.agilelabs.co.za\\\/pt\\\/feature-benefits-for-the-pulp-and-paper-industry\\\/#webpage\",\"url\":\"https:\\\/\\\/www.agilelabs.co.za\\\/pt\\\/feature-benefits-for-the-pulp-and-paper-industry\\\/\",\"name\":\"Pulp and Paper industry - Agile Labs\",\"description\":\"ProCalV5 helps companies to automate & standardize calibration practices. Migration from paper to paperless will improve productivity and lower operational costs. Optional Mobile Workstation licenses enable off-line access to the full program interface for field use with tablets and Fluke documenting calibrators. The program can support one or many individual accounts. All accounts may be\",\"inLanguage\":\"pt-PT\",\"isPartOf\":{\"@id\":\"https:\\\/\\\/www.agilelabs.co.za\\\/pt\\\/#website\"},\"breadcrumb\":{\"@id\":\"https:\\\/\\\/www.agilelabs.co.za\\\/pt\\\/feature-benefits-for-the-pulp-and-paper-industry\\\/#breadcrumblist\"},\"datePublished\":\"2021-09-23T06:49:16+02:00\",\"dateModified\":\"2021-09-23T15:32:17+02:00\"},{\"@type\":\"WebSite\",\"@id\":\"https:\\\/\\\/www.agilelabs.co.za\\\/pt\\\/#website\",\"url\":\"https:\\\/\\\/www.agilelabs.co.za\\\/pt\\\/\",\"name\":\"Agile Labs\",\"description\":\"Industry and laboratory software solutions\",\"inLanguage\":\"pt-PT\",\"publisher\":{\"@id\":\"https:\\\/\\\/www.agilelabs.co.za\\\/pt\\\/#organization\"}}]}\n\t\t<\/script>\n\t\t<script type=\"text\/javascript\">\n\t\t\t(function(c,l,a,r,i,t,y){\n\t\t\tc[a]=c[a]||function(){(c[a].q=c[a].q||[]).push(arguments)};t=l.createElement(r);t.async=1;\n\t\t\tt.src=\"https:\/\/www.clarity.ms\/tag\/\"+i+\"?ref=aioseo\";y=l.getElementsByTagName(r)[0];y.parentNode.insertBefore(t,y);\n\t\t})(window, document, \"clarity\", \"script\", \"b88vlc75di\");\n\t\t<\/script>\n\t\t<!-- All in One SEO Pro -->\r\n\t\t<title>Pulp and Paper industry - Agile Labs<\/title>\n\n","aioseo_head_json":{"title":"Pulp and Paper industry - Agile Labs","description":"ProCalV5 helps companies to automate & standardize calibration practices. Migration from paper to paperless will improve productivity and lower operational costs. Optional Mobile Workstation licenses enable off-line access to the full program interface for field use with tablets and Fluke documenting calibrators. The program can support one or many individual accounts. All accounts may be","canonical_url":"https:\/\/www.agilelabs.co.za\/pt\/feature-benefits-for-the-pulp-and-paper-industry\/","robots":"max-image-preview:large","keywords":"","webmasterTools":{"google-site-verification":"Nku-_1g-wtMYqihMzrUWbm5pdgO5gPY2D7l1ya5YPAU","msvalidate.01":"9fc30828a433413eb7b3b5d32174774f","yandex-verification":"c2122235dabe51e3","miscellaneous":""},"og:locale":"pt_PT","og:site_name":"Agile Labs - Industry and laboratory software solutions","og:type":"article","og:title":"Pulp and Paper industry - Agile Labs","og:description":"ProCalV5 helps companies to automate &amp; standardize calibration practices. Migration from paper to paperless will improve productivity and lower operational costs. Optional Mobile Workstation licenses enable off-line access to the full program interface for field use with tablets and Fluke documenting calibrators. The program can support one or many individual accounts. All accounts may be","og:url":"https:\/\/www.agilelabs.co.za\/pt\/feature-benefits-for-the-pulp-and-paper-industry\/","og:image":"https:\/\/www.agilelabs.co.za\/wp-content\/uploads\/2021\/08\/TwitterLogo.png?wsr","og:image:secure_url":"https:\/\/www.agilelabs.co.za\/wp-content\/uploads\/2021\/08\/TwitterLogo.png?wsr","og:image:width":189,"og:image:height":168,"article:published_time":"2021-09-23T04:49:16+00:00","article:modified_time":"2021-09-23T13:32:17+00:00","article:publisher":"https:\/\/www.facebook.com\/AgileLabsTeam","article:author":"https:\/\/www.facebook.com\/AgileLabsTeam","twitter:card":"summary","twitter:site":"@InfoAgileLabs","twitter:title":"Pulp and Paper industry - Agile Labs","twitter:description":"ProCalV5 helps companies to automate &amp; standardize calibration practices. Migration from paper to paperless will improve productivity and lower operational costs. Optional Mobile Workstation licenses enable off-line access to the full program interface for field use with tablets and Fluke documenting calibrators. The program can support one or many individual accounts. All accounts may be","twitter:creator":"@InfoAgileLabs","twitter:image":"https:\/\/www.agilelabs.co.za\/wp-content\/uploads\/2021\/08\/TwitterLogo.png?wsr","schema":{"@context":"https:\/\/schema.org","@graph":[{"@type":"BreadcrumbList","@id":"https:\/\/www.agilelabs.co.za\/pt\/feature-benefits-for-the-pulp-and-paper-industry\/#breadcrumblist","itemListElement":[{"@type":"ListItem","@id":"https:\/\/www.agilelabs.co.za\/pt\/#listItem","position":1,"name":"Home","item":"https:\/\/www.agilelabs.co.za\/pt\/","nextItem":"https:\/\/www.agilelabs.co.za\/pt\/feature-benefits-for-the-pulp-and-paper-industry\/#listItem"},{"@type":"ListItem","@id":"https:\/\/www.agilelabs.co.za\/pt\/feature-benefits-for-the-pulp-and-paper-industry\/#listItem","position":2,"name":"Pulp and Paper industry","previousItem":"https:\/\/www.agilelabs.co.za\/pt\/#listItem"}]},{"@type":"Organization","@id":"https:\/\/www.agilelabs.co.za\/pt\/#organization","name":"Agile Labs","url":"https:\/\/www.agilelabs.co.za\/pt\/","logo":{"@type":"ImageObject","url":"https:\/\/www.agilelabs.co.za\/wp-content\/uploads\/2021\/08\/LogoTransparant.gif?wsr","@id":"https:\/\/www.agilelabs.co.za\/pt\/feature-benefits-for-the-pulp-and-paper-industry\/#organizationLogo","width":125,"height":113},"image":{"@id":"https:\/\/www.agilelabs.co.za\/pt\/feature-benefits-for-the-pulp-and-paper-industry\/#organizationLogo"},"sameAs":["https:\/\/www.facebook.com\/AgileLabsTeam","https:\/\/twitter.com\/InfoAgileLabs"]},{"@type":"WebPage","@id":"https:\/\/www.agilelabs.co.za\/pt\/feature-benefits-for-the-pulp-and-paper-industry\/#webpage","url":"https:\/\/www.agilelabs.co.za\/pt\/feature-benefits-for-the-pulp-and-paper-industry\/","name":"Pulp and Paper industry - Agile Labs","description":"ProCalV5 helps companies to automate & standardize calibration practices. Migration from paper to paperless will improve productivity and lower operational costs. Optional Mobile Workstation licenses enable off-line access to the full program interface for field use with tablets and Fluke documenting calibrators. The program can support one or many individual accounts. All accounts may be","inLanguage":"pt-PT","isPartOf":{"@id":"https:\/\/www.agilelabs.co.za\/pt\/#website"},"breadcrumb":{"@id":"https:\/\/www.agilelabs.co.za\/pt\/feature-benefits-for-the-pulp-and-paper-industry\/#breadcrumblist"},"datePublished":"2021-09-23T06:49:16+02:00","dateModified":"2021-09-23T15:32:17+02:00"},{"@type":"WebSite","@id":"https:\/\/www.agilelabs.co.za\/pt\/#website","url":"https:\/\/www.agilelabs.co.za\/pt\/","name":"Agile Labs","description":"Industry and laboratory software solutions","inLanguage":"pt-PT","publisher":{"@id":"https:\/\/www.agilelabs.co.za\/pt\/#organization"}}]}},"aioseo_meta_data":{"post_id":"12068","title":null,"description":null,"keywords":null,"keyphrases":null,"primary_term":null,"canonical_url":null,"og_title":null,"og_description":null,"og_object_type":"default","og_image_type":"default","og_image_url":null,"og_image_width":null,"og_image_height":null,"og_image_custom_url":null,"og_image_custom_fields":null,"og_video":null,"og_custom_url":null,"og_article_section":null,"og_article_tags":null,"twitter_use_og":false,"twitter_card":"default","twitter_image_type":"default","twitter_image_url":null,"twitter_image_custom_url":null,"twitter_image_custom_fields":null,"twitter_title":null,"twitter_description":null,"schema":{"blockGraphs":[],"customGraphs":[],"default":{"data":{"Article":[],"Course":[],"Dataset":[],"FAQPage":[],"Movie":[],"Person":[],"Product":[],"Recipe":[],"Service":[],"SoftwareApplication":[],"WebPage":[]},"graphName":"","isEnabled":true},"graphs":[]},"schema_type":"default","schema_type_options":null,"pillar_content":false,"robots_default":true,"robots_noindex":false,"robots_noarchive":false,"robots_nosnippet":false,"robots_nofollow":false,"robots_noimageindex":false,"robots_noodp":false,"robots_notranslate":false,"robots_max_snippet":null,"robots_max_videopreview":null,"robots_max_imagepreview":"large","priority":null,"frequency":null,"local_seo":null,"limit_modified_date":false,"open_ai":null,"created":"2022-02-09 02:39:01","updated":"2022-09-13 21:13:47"},"_links":{"self":[{"href":"https:\/\/www.agilelabs.co.za\/pt\/wp-json\/wp\/v2\/pages\/12068","targetHints":{"allow":["GET"]}}],"collection":[{"href":"https:\/\/www.agilelabs.co.za\/pt\/wp-json\/wp\/v2\/pages"}],"about":[{"href":"https:\/\/www.agilelabs.co.za\/pt\/wp-json\/wp\/v2\/types\/page"}],"author":[{"embeddable":true,"href":"https:\/\/www.agilelabs.co.za\/pt\/wp-json\/wp\/v2\/users\/1"}],"replies":[{"embeddable":true,"href":"https:\/\/www.agilelabs.co.za\/pt\/wp-json\/wp\/v2\/comments?post=12068"}],"version-history":[{"count":0,"href":"https:\/\/www.agilelabs.co.za\/pt\/wp-json\/wp\/v2\/pages\/12068\/revisions"}],"wp:attachment":[{"href":"https:\/\/www.agilelabs.co.za\/pt\/wp-json\/wp\/v2\/media?parent=12068"}],"wp:term":[{"taxonomy":"category","embeddable":true,"href":"https:\/\/www.agilelabs.co.za\/pt\/wp-json\/wp\/v2\/categories?post=12068"},{"taxonomy":"post_tag","embeddable":true,"href":"https:\/\/www.agilelabs.co.za\/pt\/wp-json\/wp\/v2\/tags?post=12068"}],"curies":[{"name":"wp","href":"https:\/\/api.w.org\/{rel}","templated":true}]}}