{"id":12065,"date":"2021-09-23T06:38:27","date_gmt":"2021-09-23T04:38:27","guid":{"rendered":"https:\/\/www.agilelabs.co.za\/?page_id=12065"},"modified":"2021-09-23T15:23:59","modified_gmt":"2021-09-23T13:23:59","slug":"feature-benefits-for-public-utilities","status":"publish","type":"page","link":"https:\/\/www.agilelabs.co.za\/pt\/feature-benefits-for-public-utilities\/","title":{"rendered":"Utilidades p\u00fablicas"},"content":{"rendered":"<div class=\"wp-block-image\"><figure class=\"aligncenter size-full is-resized\"><img decoding=\"async\" src=\"https:\/\/www.agilelabs.co.za\/wp-content\/uploads\/2021\/09\/PublicWorks.png\" alt=\"\" class=\"wp-image-12066\" width=\"679\" height=\"430\"\/><\/figure><\/div>\n\n\n\n<ul class=\"wp-block-list\"><li>O ProCalV5 \u00e9 um sistema completo de gerenciamento de ativos de calibra\u00e7\u00e3o e manuten\u00e7\u00e3o sem papel, projetado para listar eletronicamente todos os seus instrumentos \/ equipamentos e sistemas, gerenciar atividades de servi\u00e7o e reduzir custos operacionais.<\/li><li>Podemos fornecer planos de projeto, servi\u00e7os e toda a documenta\u00e7\u00e3o necess\u00e1ria que possa ser necess\u00e1ria para ajud\u00e1-lo a come\u00e7ar.<\/li><li>Nossa tecnologia de esta\u00e7\u00e3o de trabalho m\u00f3vel (sem necessidade de conex\u00e3o web ou wi-fi) permite o uso de laptops ou tablets off-line. Os usu\u00e1rios t\u00eam acesso a todas as funcionalidades do programa. (adicionar ativos, imprimir certificados, imprimir adesivos de calibra\u00e7\u00e3o, comunicar-se com calibradores Fluke, etc.).<\/li><li>Um n\u00famero ilimitado de contas individuais pode ser iniciado conforme voc\u00ea adiciona locais de site. Todas as contas podem ser configuradas de forma id\u00eantica ou talvez algumas modificadas com base nos requisitos locais. O m\u00f3dulo Copy Company fornece uma ferramenta poderosa baseada em modelo para ajud\u00e1-lo a adicionar e configurar novas contas de site.<\/li><li>N\u00e3o h\u00e1 custo adicional para adicionar contas, grupos de usu\u00e1rios, usu\u00e1rios ou ativos.<\/li><li>A maioria dos r\u00f3tulos de campo do programa pode ser alterada por voc\u00ea para corresponder \u00e0 terminologia desejada.<\/li><li>Um n\u00famero ilimitado de campos caracterizados e definidos pelo usu\u00e1rio podem ser adicionados por voc\u00ea para acomodar qualquer informa\u00e7\u00e3o adicional que voc\u00ea queira coletar no sistema.<\/li><li>Oferecemos uma grande biblioteca de pacotes de teste de precis\u00e3o. Eles s\u00e3o m\u00f3dulos bolt-on que fornecem uma interface de usu\u00e1rio personalizada para tipos espec\u00edficos de ativos, sistemas e equipamentos. Muitos s\u00e3o dos tipos comumente usados em esta\u00e7\u00f5es de tratamento de \u00e1gua \/ esgoto.<\/li><li>Listas de tarefas podem ser adicionadas aos eventos de calibra\u00e7\u00e3o.<\/li><li>O ProCal Explorer fornece uma maneira f\u00e1cil e direta, em um formato de \u00e1rvore hier\u00e1rquica expans\u00edvel \/ recolh\u00edvel, para visualizar seus ativos. Voc\u00ea pode ver de forma r\u00e1pida e clara aqueles que requerem aten\u00e7\u00e3o imediata e aqueles cujos eventos programados est\u00e3o vencidos. Instantaneamente, voc\u00ea pode classificar as informa\u00e7\u00f5es por Classifica\u00e7\u00e3o, Departamento, Frequ\u00eancia, Tipo de item, Local, Fabricante, T\u00e9cnico respons\u00e1vel, Programa\u00e7\u00e3o, Trabalho vencido por departamento ou Trabalho vencido.<\/li><li>Associa\u00e7\u00f5es hier\u00e1rquicas podem ser criadas dentro de cada conta para sistemas, loops, equipamentos e instrumentos.<\/li><li>Registros separados podem ser criados para seus padr\u00f5es de teste. Os padr\u00f5es de teste do fornecedor de servi\u00e7o autorizado podem ser atribu\u00eddos para uso em cada conta e \/ ou para sele\u00e7\u00e3o global para uso em todas as contas.<\/li><li>Os registros de ativos do instrumento mestre podem oferecer suporte a v\u00e1rios grupos de teste para um \u00fanico ativo (exemplo: fluxo, n\u00edvel, press\u00e3o, temperatura em um \u00fanico registrador gr\u00e1fico).<\/li><li>As programa\u00e7\u00f5es podem ser baseadas no calend\u00e1rio ou na contagem de uso.<\/li><li>ProCalV5 faz todas as fun\u00e7\u00f5es matem\u00e1ticas ao criar registros mestre. Os c\u00e1lculos podem acomodar associa\u00e7\u00f5es de sinal variadas, declara\u00e7\u00f5es de precis\u00e3o, resolu\u00e7\u00f5es e combina\u00e7\u00f5es (entrada vs. sa\u00edda, % de leitura, intervalo, +\/-, manual, raiz linear \/ quadrada, tabelas, etc.).<\/li><li>Os modelos podem ser estabelecidos, os registros podem ser copiados, os recursos de mudan\u00e7a global permitem que grupos de registros sejam modificados ao mesmo tempo.<\/li><li>Sem erro humano. O programa verifica, por meio de prompts visuais, dentro ou fora das condi\u00e7\u00f5es de toler\u00e2ncia no momento da entrada de dados conforme encontrado e \u00e0 esquerda.<\/li><li>Quando os valores ideais dos pontos de teste s\u00e3o editados durante as calibra\u00e7\u00f5es, o programa calcula automaticamente novas correla\u00e7\u00f5es de sinal e limites de toler\u00e2ncia aceit\u00e1veis.<\/li><li>Lembretes, avisos e alertas podem ser enviados por e-mail para destinat\u00e1rios designados.<\/li><li>O sistema fornece a funcionalidade de Manuten\u00e7\u00e3o Preventiva \/ Ordem de Servi\u00e7o \/ Estoque de Pe\u00e7as.<\/li><li>As assinaturas eletr\u00f4nicas podem ser atribu\u00eddas para aprova\u00e7\u00f5es de registros e eventos.<\/li><li>ProCalV5 tem mais de 90 relat\u00f3rios padr\u00e3o. Esses relat\u00f3rios podem ser personalizados e outros podem ser facilmente adicionados \u00e0s suas especifica\u00e7\u00f5es exatas.<\/li><li>Consultas avan\u00e7adas podem ser constru\u00eddas, nomeadas e salvas para execu\u00e7\u00e3o futura. Os resultados podem ser facilmente exportados para outros formatos de arquivo.<\/li><li>O sistema pode gerar certificados de calibra\u00e7\u00e3o e pode imprimir adesivos de calibra\u00e7\u00e3o automaticamente.<\/li><li>V\u00e1rios ativos podem ser calibrados e registros individuais podem ser acessados ao mesmo tempo.<\/li><li>O trabalho em andamento pode ser salvo como incompleto.<\/li><li>O ProCalV5 oferece compatibilidade incompar\u00e1vel com calibradores de documenta\u00e7\u00e3o Fluke.<\/li><li>N\u00e3o h\u00e1 necessidade de salvar documentos do MS Word ou PDFs - os relat\u00f3rios s\u00e3o criados ad-hoc conforme solicitado.<\/li><li>O ProCal eView permite a conex\u00e3o remota com a web para lan\u00e7ar relat\u00f3rios solicitados ou enviar relat\u00f3rios automaticamente em uma base de calend\u00e1rio programado por e-mail para destinat\u00e1rios que podem ser independentes dos usu\u00e1rios normais do sistema.<\/li><li>ProCal Direct \u00e9 a vers\u00e3o SaaS em nuvem do ProCalV5. Ele oferece todos os recursos listados acima e tamb\u00e9m suporta o uso de esta\u00e7\u00f5es de trabalho m\u00f3veis e calibradores Fluke.<\/li><li>As op\u00e7\u00f5es de integra\u00e7\u00e3o est\u00e3o dispon\u00edveis para compartilhamento de dados com SAP, Oracle, JD Edwards, Maximo, INFOR e outros aplicativos.<\/li><\/ul>","protected":false},"excerpt":{"rendered":"<p>ProCalV5 is a complete, paperless calibration &amp; maintenance asset management system designed to electronically list all of your instruments\/equipment &amp; systems, manage service activities and reduce operational costs. We can provide project plans, services and all necessary documentation that may be needed to assist you to get started. Our Mobile Workstation technology (no need for<\/p>\n<p class=\"more-link\"><a href=\"https:\/\/www.agilelabs.co.za\/pt\/feature-benefits-for-public-utilities\/\" class=\"themebutton\">consulte Mais informa\u00e7\u00e3o<\/a><\/p>","protected":false},"author":1,"featured_media":0,"parent":0,"menu_order":0,"comment_status":"closed","ping_status":"closed","template":"","meta":{"_acf_changed":false,"_monsterinsights_skip_tracking":false,"_monsterinsights_sitenote_active":false,"_monsterinsights_sitenote_note":"","_monsterinsights_sitenote_category":0,"footnotes":""},"categories":[],"tags":[],"class_list":["post-12065","page","type-page","status-publish","hentry"],"acf":[],"aioseo_notices":[],"aioseo_head":"\n\t\t<!-- All in One SEO Pro 4.7.0 - aioseo.com -->\n\t\t<meta name=\"description\" content=\"ProCalV5 is a complete, paperless calibration &amp; maintenance asset management system designed to electronically list all of your instruments\/equipment &amp; systems, manage service activities and reduce operational costs. We can provide project plans, services and all necessary documentation that may be needed to assist you to get started. Our Mobile Workstation technology (no need for\" \/>\n\t\t<meta name=\"robots\" content=\"max-image-preview:large\" \/>\n\t\t<meta name=\"google-site-verification\" content=\"Nku-_1g-wtMYqihMzrUWbm5pdgO5gPY2D7l1ya5YPAU\" \/>\n\t\t<meta name=\"msvalidate.01\" content=\"9fc30828a433413eb7b3b5d32174774f\" \/>\n\t\t<meta name=\"yandex-verification\" content=\"c2122235dabe51e3\" \/>\n\t\t<link rel=\"canonical\" href=\"https:\/\/www.agilelabs.co.za\/pt\/feature-benefits-for-public-utilities\/\" \/>\n\t\t<meta name=\"generator\" content=\"All in One SEO Pro (AIOSEO) 4.7.0\" \/>\n\t\t<meta property=\"og:locale\" content=\"pt_PT\" \/>\n\t\t<meta property=\"og:site_name\" content=\"Agile Labs - Industry and laboratory software solutions\" \/>\n\t\t<meta property=\"og:type\" content=\"article\" \/>\n\t\t<meta property=\"og:title\" content=\"Public utilities - Agile Labs\" \/>\n\t\t<meta property=\"og:description\" content=\"ProCalV5 is a complete, paperless calibration &amp; maintenance asset management system designed to electronically list all of your instruments\/equipment &amp; systems, manage service activities and reduce operational costs. We can provide project plans, services and all necessary documentation that may be needed to assist you to get started. Our Mobile Workstation technology (no need for\" \/>\n\t\t<meta property=\"og:url\" content=\"https:\/\/www.agilelabs.co.za\/pt\/feature-benefits-for-public-utilities\/\" \/>\n\t\t<meta property=\"og:image\" content=\"https:\/\/www.agilelabs.co.za\/wp-content\/uploads\/2021\/08\/TwitterLogo.png?wsr\" \/>\n\t\t<meta property=\"og:image:secure_url\" content=\"https:\/\/www.agilelabs.co.za\/wp-content\/uploads\/2021\/08\/TwitterLogo.png?wsr\" \/>\n\t\t<meta property=\"og:image:width\" content=\"189\" \/>\n\t\t<meta property=\"og:image:height\" content=\"168\" \/>\n\t\t<meta property=\"article:published_time\" content=\"2021-09-23T04:38:27+00:00\" \/>\n\t\t<meta property=\"article:modified_time\" content=\"2021-09-23T13:23:59+00:00\" \/>\n\t\t<meta property=\"article:publisher\" content=\"https:\/\/www.facebook.com\/AgileLabsTeam\" \/>\n\t\t<meta property=\"article:author\" content=\"https:\/\/www.facebook.com\/AgileLabsTeam\" \/>\n\t\t<meta name=\"twitter:card\" content=\"summary\" \/>\n\t\t<meta name=\"twitter:site\" content=\"@InfoAgileLabs\" \/>\n\t\t<meta name=\"twitter:title\" content=\"Public utilities - Agile Labs\" \/>\n\t\t<meta name=\"twitter:description\" content=\"ProCalV5 is a complete, paperless calibration &amp; maintenance asset management system designed to electronically list all of your instruments\/equipment &amp; systems, manage service activities and reduce operational costs. We can provide project plans, services and all necessary documentation that may be needed to assist you to get started. Our Mobile Workstation technology (no need for\" \/>\n\t\t<meta name=\"twitter:creator\" content=\"@InfoAgileLabs\" \/>\n\t\t<meta name=\"twitter:image\" content=\"https:\/\/www.agilelabs.co.za\/wp-content\/uploads\/2021\/08\/TwitterLogo.png?wsr\" \/>\n\t\t<script type=\"application\/ld+json\" class=\"aioseo-schema\">\n\t\t\t{\"@context\":\"https:\\\/\\\/schema.org\",\"@graph\":[{\"@type\":\"BreadcrumbList\",\"@id\":\"https:\\\/\\\/www.agilelabs.co.za\\\/pt\\\/feature-benefits-for-public-utilities\\\/#breadcrumblist\",\"itemListElement\":[{\"@type\":\"ListItem\",\"@id\":\"https:\\\/\\\/www.agilelabs.co.za\\\/pt\\\/#listItem\",\"position\":1,\"name\":\"Home\",\"item\":\"https:\\\/\\\/www.agilelabs.co.za\\\/pt\\\/\",\"nextItem\":\"https:\\\/\\\/www.agilelabs.co.za\\\/pt\\\/feature-benefits-for-public-utilities\\\/#listItem\"},{\"@type\":\"ListItem\",\"@id\":\"https:\\\/\\\/www.agilelabs.co.za\\\/pt\\\/feature-benefits-for-public-utilities\\\/#listItem\",\"position\":2,\"name\":\"Public utilities\",\"previousItem\":\"https:\\\/\\\/www.agilelabs.co.za\\\/pt\\\/#listItem\"}]},{\"@type\":\"Organization\",\"@id\":\"https:\\\/\\\/www.agilelabs.co.za\\\/pt\\\/#organization\",\"name\":\"Agile Labs\",\"url\":\"https:\\\/\\\/www.agilelabs.co.za\\\/pt\\\/\",\"logo\":{\"@type\":\"ImageObject\",\"url\":\"https:\\\/\\\/www.agilelabs.co.za\\\/wp-content\\\/uploads\\\/2021\\\/08\\\/LogoTransparant.gif?wsr\",\"@id\":\"https:\\\/\\\/www.agilelabs.co.za\\\/pt\\\/feature-benefits-for-public-utilities\\\/#organizationLogo\",\"width\":125,\"height\":113},\"image\":{\"@id\":\"https:\\\/\\\/www.agilelabs.co.za\\\/pt\\\/feature-benefits-for-public-utilities\\\/#organizationLogo\"},\"sameAs\":[\"https:\\\/\\\/www.facebook.com\\\/AgileLabsTeam\",\"https:\\\/\\\/twitter.com\\\/InfoAgileLabs\"]},{\"@type\":\"WebPage\",\"@id\":\"https:\\\/\\\/www.agilelabs.co.za\\\/pt\\\/feature-benefits-for-public-utilities\\\/#webpage\",\"url\":\"https:\\\/\\\/www.agilelabs.co.za\\\/pt\\\/feature-benefits-for-public-utilities\\\/\",\"name\":\"Public utilities - Agile Labs\",\"description\":\"ProCalV5 is a complete, paperless calibration & maintenance asset management system designed to electronically list all of your instruments\\\/equipment & systems, manage service activities and reduce operational costs. We can provide project plans, services and all necessary documentation that may be needed to assist you to get started. Our Mobile Workstation technology (no need for\",\"inLanguage\":\"pt-PT\",\"isPartOf\":{\"@id\":\"https:\\\/\\\/www.agilelabs.co.za\\\/pt\\\/#website\"},\"breadcrumb\":{\"@id\":\"https:\\\/\\\/www.agilelabs.co.za\\\/pt\\\/feature-benefits-for-public-utilities\\\/#breadcrumblist\"},\"datePublished\":\"2021-09-23T06:38:27+02:00\",\"dateModified\":\"2021-09-23T15:23:59+02:00\"},{\"@type\":\"WebSite\",\"@id\":\"https:\\\/\\\/www.agilelabs.co.za\\\/pt\\\/#website\",\"url\":\"https:\\\/\\\/www.agilelabs.co.za\\\/pt\\\/\",\"name\":\"Agile Labs\",\"description\":\"Industry and laboratory software solutions\",\"inLanguage\":\"pt-PT\",\"publisher\":{\"@id\":\"https:\\\/\\\/www.agilelabs.co.za\\\/pt\\\/#organization\"}}]}\n\t\t<\/script>\n\t\t<script type=\"text\/javascript\">\n\t\t\t(function(c,l,a,r,i,t,y){\n\t\t\tc[a]=c[a]||function(){(c[a].q=c[a].q||[]).push(arguments)};t=l.createElement(r);t.async=1;\n\t\t\tt.src=\"https:\/\/www.clarity.ms\/tag\/\"+i+\"?ref=aioseo\";y=l.getElementsByTagName(r)[0];y.parentNode.insertBefore(t,y);\n\t\t})(window, document, \"clarity\", \"script\", \"b88vlc75di\");\n\t\t<\/script>\n\t\t<!-- All in One SEO Pro -->\r\n\t\t<title>Public utilities - Agile Labs<\/title>\n\n","aioseo_head_json":{"title":"Public utilities - Agile Labs","description":"ProCalV5 is a complete, paperless calibration & maintenance asset management system designed to electronically list all of your instruments\/equipment & systems, manage service activities and reduce operational costs. We can provide project plans, services and all necessary documentation that may be needed to assist you to get started. Our Mobile Workstation technology (no need for","canonical_url":"https:\/\/www.agilelabs.co.za\/pt\/feature-benefits-for-public-utilities\/","robots":"max-image-preview:large","keywords":"","webmasterTools":{"google-site-verification":"Nku-_1g-wtMYqihMzrUWbm5pdgO5gPY2D7l1ya5YPAU","msvalidate.01":"9fc30828a433413eb7b3b5d32174774f","yandex-verification":"c2122235dabe51e3","miscellaneous":""},"og:locale":"pt_PT","og:site_name":"Agile Labs - Industry and laboratory software solutions","og:type":"article","og:title":"Public utilities - Agile Labs","og:description":"ProCalV5 is a complete, paperless calibration &amp; maintenance asset management system designed to electronically list all of your instruments\/equipment &amp; systems, manage service activities and reduce operational costs. We can provide project plans, services and all necessary documentation that may be needed to assist you to get started. Our Mobile Workstation technology (no need for","og:url":"https:\/\/www.agilelabs.co.za\/pt\/feature-benefits-for-public-utilities\/","og:image":"https:\/\/www.agilelabs.co.za\/wp-content\/uploads\/2021\/08\/TwitterLogo.png?wsr","og:image:secure_url":"https:\/\/www.agilelabs.co.za\/wp-content\/uploads\/2021\/08\/TwitterLogo.png?wsr","og:image:width":189,"og:image:height":168,"article:published_time":"2021-09-23T04:38:27+00:00","article:modified_time":"2021-09-23T13:23:59+00:00","article:publisher":"https:\/\/www.facebook.com\/AgileLabsTeam","article:author":"https:\/\/www.facebook.com\/AgileLabsTeam","twitter:card":"summary","twitter:site":"@InfoAgileLabs","twitter:title":"Public utilities - Agile Labs","twitter:description":"ProCalV5 is a complete, paperless calibration &amp; maintenance asset management system designed to electronically list all of your instruments\/equipment &amp; systems, manage service activities and reduce operational costs. We can provide project plans, services and all necessary documentation that may be needed to assist you to get started. Our Mobile Workstation technology (no need for","twitter:creator":"@InfoAgileLabs","twitter:image":"https:\/\/www.agilelabs.co.za\/wp-content\/uploads\/2021\/08\/TwitterLogo.png?wsr","schema":{"@context":"https:\/\/schema.org","@graph":[{"@type":"BreadcrumbList","@id":"https:\/\/www.agilelabs.co.za\/pt\/feature-benefits-for-public-utilities\/#breadcrumblist","itemListElement":[{"@type":"ListItem","@id":"https:\/\/www.agilelabs.co.za\/pt\/#listItem","position":1,"name":"Home","item":"https:\/\/www.agilelabs.co.za\/pt\/","nextItem":"https:\/\/www.agilelabs.co.za\/pt\/feature-benefits-for-public-utilities\/#listItem"},{"@type":"ListItem","@id":"https:\/\/www.agilelabs.co.za\/pt\/feature-benefits-for-public-utilities\/#listItem","position":2,"name":"Public utilities","previousItem":"https:\/\/www.agilelabs.co.za\/pt\/#listItem"}]},{"@type":"Organization","@id":"https:\/\/www.agilelabs.co.za\/pt\/#organization","name":"Agile Labs","url":"https:\/\/www.agilelabs.co.za\/pt\/","logo":{"@type":"ImageObject","url":"https:\/\/www.agilelabs.co.za\/wp-content\/uploads\/2021\/08\/LogoTransparant.gif?wsr","@id":"https:\/\/www.agilelabs.co.za\/pt\/feature-benefits-for-public-utilities\/#organizationLogo","width":125,"height":113},"image":{"@id":"https:\/\/www.agilelabs.co.za\/pt\/feature-benefits-for-public-utilities\/#organizationLogo"},"sameAs":["https:\/\/www.facebook.com\/AgileLabsTeam","https:\/\/twitter.com\/InfoAgileLabs"]},{"@type":"WebPage","@id":"https:\/\/www.agilelabs.co.za\/pt\/feature-benefits-for-public-utilities\/#webpage","url":"https:\/\/www.agilelabs.co.za\/pt\/feature-benefits-for-public-utilities\/","name":"Public utilities - Agile Labs","description":"ProCalV5 is a complete, paperless calibration & maintenance asset management system designed to electronically list all of your instruments\/equipment & systems, manage service activities and reduce operational costs. We can provide project plans, services and all necessary documentation that may be needed to assist you to get started. Our Mobile Workstation technology (no need for","inLanguage":"pt-PT","isPartOf":{"@id":"https:\/\/www.agilelabs.co.za\/pt\/#website"},"breadcrumb":{"@id":"https:\/\/www.agilelabs.co.za\/pt\/feature-benefits-for-public-utilities\/#breadcrumblist"},"datePublished":"2021-09-23T06:38:27+02:00","dateModified":"2021-09-23T15:23:59+02:00"},{"@type":"WebSite","@id":"https:\/\/www.agilelabs.co.za\/pt\/#website","url":"https:\/\/www.agilelabs.co.za\/pt\/","name":"Agile Labs","description":"Industry and laboratory software solutions","inLanguage":"pt-PT","publisher":{"@id":"https:\/\/www.agilelabs.co.za\/pt\/#organization"}}]}},"aioseo_meta_data":{"post_id":"12065","title":null,"description":null,"keywords":null,"keyphrases":null,"primary_term":null,"canonical_url":null,"og_title":null,"og_description":null,"og_object_type":"default","og_image_type":"default","og_image_url":null,"og_image_width":null,"og_image_height":null,"og_image_custom_url":null,"og_image_custom_fields":null,"og_video":null,"og_custom_url":null,"og_article_section":null,"og_article_tags":null,"twitter_use_og":false,"twitter_card":"default","twitter_image_type":"default","twitter_image_url":null,"twitter_image_custom_url":null,"twitter_image_custom_fields":null,"twitter_title":null,"twitter_description":null,"schema":{"blockGraphs":[],"customGraphs":[],"default":{"data":{"Article":[],"Course":[],"Dataset":[],"FAQPage":[],"Movie":[],"Person":[],"Product":[],"Recipe":[],"Service":[],"SoftwareApplication":[],"WebPage":[]},"graphName":"","isEnabled":true},"graphs":[]},"schema_type":"default","schema_type_options":null,"pillar_content":false,"robots_default":true,"robots_noindex":false,"robots_noarchive":false,"robots_nosnippet":false,"robots_nofollow":false,"robots_noimageindex":false,"robots_noodp":false,"robots_notranslate":false,"robots_max_snippet":null,"robots_max_videopreview":null,"robots_max_imagepreview":"large","priority":null,"frequency":null,"local_seo":null,"limit_modified_date":false,"open_ai":null,"created":"2022-02-09 02:39:01","updated":"2022-09-13 21:09:10"},"_links":{"self":[{"href":"https:\/\/www.agilelabs.co.za\/pt\/wp-json\/wp\/v2\/pages\/12065","targetHints":{"allow":["GET"]}}],"collection":[{"href":"https:\/\/www.agilelabs.co.za\/pt\/wp-json\/wp\/v2\/pages"}],"about":[{"href":"https:\/\/www.agilelabs.co.za\/pt\/wp-json\/wp\/v2\/types\/page"}],"author":[{"embeddable":true,"href":"https:\/\/www.agilelabs.co.za\/pt\/wp-json\/wp\/v2\/users\/1"}],"replies":[{"embeddable":true,"href":"https:\/\/www.agilelabs.co.za\/pt\/wp-json\/wp\/v2\/comments?post=12065"}],"version-history":[{"count":0,"href":"https:\/\/www.agilelabs.co.za\/pt\/wp-json\/wp\/v2\/pages\/12065\/revisions"}],"wp:attachment":[{"href":"https:\/\/www.agilelabs.co.za\/pt\/wp-json\/wp\/v2\/media?parent=12065"}],"wp:term":[{"taxonomy":"category","embeddable":true,"href":"https:\/\/www.agilelabs.co.za\/pt\/wp-json\/wp\/v2\/categories?post=12065"},{"taxonomy":"post_tag","embeddable":true,"href":"https:\/\/www.agilelabs.co.za\/pt\/wp-json\/wp\/v2\/tags?post=12065"}],"curies":[{"name":"wp","href":"https:\/\/api.w.org\/{rel}","templated":true}]}}