{"id":11822,"date":"2021-09-07T08:48:42","date_gmt":"2021-09-07T06:48:42","guid":{"rendered":"https:\/\/www.agilelabs.co.za\/?page_id=11822"},"modified":"2021-09-07T08:48:47","modified_gmt":"2021-09-07T06:48:47","slug":"procalv5-integration-to-other-systems","status":"publish","type":"page","link":"https:\/\/www.agilelabs.co.za\/pt\/procalv5-integration-to-other-systems\/","title":{"rendered":"Integra\u00e7\u00e3o ProCalV5 a outros sistemas"},"content":{"rendered":"<p>Uma interface padr\u00e3o entre ProCalV5 e sistemas externos<\/p>\n\n\n\n<h4 class=\"wp-block-heading\">Integra\u00e7\u00e3o com outros sistemas<\/h4>\n\n\n\n<p>A integra\u00e7\u00e3o com outros aplicativos pode ser uma parte cr\u00edtica para seus requisitos de compartilhamento de processos e dados entre diferentes aplicativos, como SAP, Maximo e muito mais. Tornou-se uma prioridade alavancar a colabora\u00e7\u00e3o de aplicativos para melhorar a efici\u00eancia geral dos neg\u00f3cios e reduzir os custos de TI. A Prime Technologies entende isso e tem as ferramentas necess\u00e1rias para integrar o software ProCal com muitos aplicativos de neg\u00f3cios.<\/p>\n\n\n\n<p>Nosso Data Exchange Utility e ProCal Connector permitem que os dados e registros de calibra\u00e7\u00e3o sejam compartilhados com outros aplicativos. Eles s\u00e3o usados para facilitar uma interface padr\u00e3o entre o banco de dados ProCalV5 e seus sistemas externos para inser\u00e7\u00e3o e manipula\u00e7\u00e3o de dados. O gr\u00e1fico abaixo mostra a configura\u00e7\u00e3o de uma conex\u00e3o SAP t\u00edpica.<\/p>\n\n\n\n<div class=\"wp-block-jetpack-tiled-gallery aligncenter is-style-square\"><div class=\"tiled-gallery__gallery\"><div class=\"tiled-gallery__row columns-1\"><div class=\"tiled-gallery__col\"><figure class=\"tiled-gallery__item\"><img decoding=\"async\" alt=\"\" data-height=\"715\" data-id=\"11823\" data-link=\"https:\/\/www.agilelabs.co.za\/?attachment_id=11823#main\" data-url=\"https:\/\/www.agilelabs.co.za\/wp-content\/uploads\/2021\/09\/ProCalConnector.jpg\" data-width=\"1150\" src=\"https:\/\/i0.wp.com\/www.agilelabs.co.za\/wp-content\/uploads\/2021\/09\/ProCalConnector.jpg?ssl=1&amp;resize=715%2C715\" data-amp-layout=\"responsive\"\/><\/figure><\/div><\/div><\/div><\/div>\n\n\n\n<p><strong>Observa\u00e7\u00e3o:<\/strong> Os requisitos de interface variam muito por organiza\u00e7\u00e3o e devem ser avaliados pelos engenheiros da Prime Technologies antes que uma solu\u00e7\u00e3o possa ser proposta.<\/p>","protected":false},"excerpt":{"rendered":"<p>A Standard Interface Between ProCalV5 and Outside Systems Integration to Other Systems Integration with other applications may be a critical part to your requirements for sharing&nbsp;of processes and data among different applications like SAP, Maximo and more. It has become a priority to leverage application collaboration in order to improve overall business efficiency and reduce<\/p>\n<p class=\"more-link\"><a href=\"https:\/\/www.agilelabs.co.za\/pt\/procalv5-integration-to-other-systems\/\" class=\"themebutton\">consulte Mais informa\u00e7\u00e3o<\/a><\/p>","protected":false},"author":1,"featured_media":0,"parent":0,"menu_order":0,"comment_status":"closed","ping_status":"closed","template":"","meta":{"_acf_changed":false,"_monsterinsights_skip_tracking":false,"_monsterinsights_sitenote_active":false,"_monsterinsights_sitenote_note":"","_monsterinsights_sitenote_category":0,"footnotes":""},"categories":[],"tags":[],"class_list":["post-11822","page","type-page","status-publish","hentry"],"acf":[],"aioseo_notices":[],"aioseo_head":"\n\t\t<!-- All in One SEO Pro 4.7.0 - aioseo.com -->\n\t\t<meta name=\"description\" content=\"A Standard Interface Between ProCalV5 and Outside Systems Integration to Other Systems Integration with other applications may be a critical part to your requirements for sharing of processes and data among different applications like SAP, Maximo and more. It has become a priority to leverage application collaboration in order to improve overall business efficiency and reduce\" \/>\n\t\t<meta name=\"robots\" content=\"max-image-preview:large\" \/>\n\t\t<meta name=\"google-site-verification\" content=\"Nku-_1g-wtMYqihMzrUWbm5pdgO5gPY2D7l1ya5YPAU\" \/>\n\t\t<meta name=\"msvalidate.01\" content=\"9fc30828a433413eb7b3b5d32174774f\" \/>\n\t\t<meta name=\"yandex-verification\" content=\"c2122235dabe51e3\" \/>\n\t\t<link rel=\"canonical\" href=\"https:\/\/www.agilelabs.co.za\/pt\/procalv5-integration-to-other-systems\/\" \/>\n\t\t<meta name=\"generator\" content=\"All in One SEO Pro (AIOSEO) 4.7.0\" \/>\n\t\t<meta property=\"og:locale\" content=\"pt_PT\" \/>\n\t\t<meta property=\"og:site_name\" content=\"Agile Labs - Industry and laboratory software solutions\" \/>\n\t\t<meta property=\"og:type\" content=\"article\" \/>\n\t\t<meta property=\"og:title\" content=\"ProCalV5 Integration to Other Systems - Agile Labs\" \/>\n\t\t<meta property=\"og:description\" content=\"A Standard Interface Between ProCalV5 and Outside Systems Integration to Other Systems Integration with other applications may be a critical part to your requirements for sharing of processes and data among different applications like SAP, Maximo and more. It has become a priority to leverage application collaboration in order to improve overall business efficiency and reduce\" \/>\n\t\t<meta property=\"og:url\" content=\"https:\/\/www.agilelabs.co.za\/pt\/procalv5-integration-to-other-systems\/\" \/>\n\t\t<meta property=\"og:image\" content=\"https:\/\/www.agilelabs.co.za\/wp-content\/uploads\/2021\/08\/TwitterLogo.png?wsr\" \/>\n\t\t<meta property=\"og:image:secure_url\" content=\"https:\/\/www.agilelabs.co.za\/wp-content\/uploads\/2021\/08\/TwitterLogo.png?wsr\" \/>\n\t\t<meta property=\"og:image:width\" content=\"189\" \/>\n\t\t<meta property=\"og:image:height\" content=\"168\" \/>\n\t\t<meta property=\"article:published_time\" content=\"2021-09-07T06:48:42+00:00\" \/>\n\t\t<meta property=\"article:modified_time\" content=\"2021-09-07T06:48:47+00:00\" \/>\n\t\t<meta property=\"article:publisher\" content=\"https:\/\/www.facebook.com\/AgileLabsTeam\" \/>\n\t\t<meta property=\"article:author\" content=\"https:\/\/www.facebook.com\/AgileLabsTeam\" \/>\n\t\t<meta name=\"twitter:card\" content=\"summary\" \/>\n\t\t<meta name=\"twitter:site\" content=\"@InfoAgileLabs\" \/>\n\t\t<meta name=\"twitter:title\" content=\"ProCalV5 Integration to Other Systems - Agile Labs\" \/>\n\t\t<meta name=\"twitter:description\" content=\"A Standard Interface Between ProCalV5 and Outside Systems Integration to Other Systems Integration with other applications may be a critical part to your requirements for sharing of processes and data among different applications like SAP, Maximo and more. It has become a priority to leverage application collaboration in order to improve overall business efficiency and reduce\" \/>\n\t\t<meta name=\"twitter:creator\" content=\"@InfoAgileLabs\" \/>\n\t\t<meta name=\"twitter:image\" content=\"https:\/\/www.agilelabs.co.za\/wp-content\/uploads\/2021\/08\/TwitterLogo.png?wsr\" \/>\n\t\t<script type=\"application\/ld+json\" class=\"aioseo-schema\">\n\t\t\t{\"@context\":\"https:\\\/\\\/schema.org\",\"@graph\":[{\"@type\":\"BreadcrumbList\",\"@id\":\"https:\\\/\\\/www.agilelabs.co.za\\\/pt\\\/procalv5-integration-to-other-systems\\\/#breadcrumblist\",\"itemListElement\":[{\"@type\":\"ListItem\",\"@id\":\"https:\\\/\\\/www.agilelabs.co.za\\\/pt\\\/#listItem\",\"position\":1,\"name\":\"Home\",\"item\":\"https:\\\/\\\/www.agilelabs.co.za\\\/pt\\\/\",\"nextItem\":\"https:\\\/\\\/www.agilelabs.co.za\\\/pt\\\/procalv5-integration-to-other-systems\\\/#listItem\"},{\"@type\":\"ListItem\",\"@id\":\"https:\\\/\\\/www.agilelabs.co.za\\\/pt\\\/procalv5-integration-to-other-systems\\\/#listItem\",\"position\":2,\"name\":\"ProCalV5 Integration to Other Systems\",\"previousItem\":\"https:\\\/\\\/www.agilelabs.co.za\\\/pt\\\/#listItem\"}]},{\"@type\":\"Organization\",\"@id\":\"https:\\\/\\\/www.agilelabs.co.za\\\/pt\\\/#organization\",\"name\":\"Agile Labs\",\"url\":\"https:\\\/\\\/www.agilelabs.co.za\\\/pt\\\/\",\"logo\":{\"@type\":\"ImageObject\",\"url\":\"https:\\\/\\\/www.agilelabs.co.za\\\/wp-content\\\/uploads\\\/2021\\\/08\\\/LogoTransparant.gif?wsr\",\"@id\":\"https:\\\/\\\/www.agilelabs.co.za\\\/pt\\\/procalv5-integration-to-other-systems\\\/#organizationLogo\",\"width\":125,\"height\":113},\"image\":{\"@id\":\"https:\\\/\\\/www.agilelabs.co.za\\\/pt\\\/procalv5-integration-to-other-systems\\\/#organizationLogo\"},\"sameAs\":[\"https:\\\/\\\/www.facebook.com\\\/AgileLabsTeam\",\"https:\\\/\\\/twitter.com\\\/InfoAgileLabs\"]},{\"@type\":\"WebPage\",\"@id\":\"https:\\\/\\\/www.agilelabs.co.za\\\/pt\\\/procalv5-integration-to-other-systems\\\/#webpage\",\"url\":\"https:\\\/\\\/www.agilelabs.co.za\\\/pt\\\/procalv5-integration-to-other-systems\\\/\",\"name\":\"ProCalV5 Integration to Other Systems - Agile Labs\",\"description\":\"A Standard Interface Between ProCalV5 and Outside Systems Integration to Other Systems Integration with other applications may be a critical part to your requirements for sharing of processes and data among different applications like SAP, Maximo and more. It has become a priority to leverage application collaboration in order to improve overall business efficiency and reduce\",\"inLanguage\":\"pt-PT\",\"isPartOf\":{\"@id\":\"https:\\\/\\\/www.agilelabs.co.za\\\/pt\\\/#website\"},\"breadcrumb\":{\"@id\":\"https:\\\/\\\/www.agilelabs.co.za\\\/pt\\\/procalv5-integration-to-other-systems\\\/#breadcrumblist\"},\"datePublished\":\"2021-09-07T08:48:42+02:00\",\"dateModified\":\"2021-09-07T08:48:47+02:00\"},{\"@type\":\"WebSite\",\"@id\":\"https:\\\/\\\/www.agilelabs.co.za\\\/pt\\\/#website\",\"url\":\"https:\\\/\\\/www.agilelabs.co.za\\\/pt\\\/\",\"name\":\"Agile Labs\",\"description\":\"Industry and laboratory software solutions\",\"inLanguage\":\"pt-PT\",\"publisher\":{\"@id\":\"https:\\\/\\\/www.agilelabs.co.za\\\/pt\\\/#organization\"}}]}\n\t\t<\/script>\n\t\t<script type=\"text\/javascript\">\n\t\t\t(function(c,l,a,r,i,t,y){\n\t\t\tc[a]=c[a]||function(){(c[a].q=c[a].q||[]).push(arguments)};t=l.createElement(r);t.async=1;\n\t\t\tt.src=\"https:\/\/www.clarity.ms\/tag\/\"+i+\"?ref=aioseo\";y=l.getElementsByTagName(r)[0];y.parentNode.insertBefore(t,y);\n\t\t})(window, document, \"clarity\", \"script\", \"b88vlc75di\");\n\t\t<\/script>\n\t\t<!-- All in One SEO Pro -->\r\n\t\t<title>ProCalV5 Integration to Other Systems - Agile Labs<\/title>\n\n","aioseo_head_json":{"title":"ProCalV5 Integration to Other Systems - Agile Labs","description":"A Standard Interface Between ProCalV5 and Outside Systems Integration to Other Systems Integration with other applications may be a critical part to your requirements for sharing of processes and data among different applications like SAP, Maximo and more. It has become a priority to leverage application collaboration in order to improve overall business efficiency and reduce","canonical_url":"https:\/\/www.agilelabs.co.za\/pt\/procalv5-integration-to-other-systems\/","robots":"max-image-preview:large","keywords":"","webmasterTools":{"google-site-verification":"Nku-_1g-wtMYqihMzrUWbm5pdgO5gPY2D7l1ya5YPAU","msvalidate.01":"9fc30828a433413eb7b3b5d32174774f","yandex-verification":"c2122235dabe51e3","miscellaneous":""},"og:locale":"pt_PT","og:site_name":"Agile Labs - Industry and laboratory software solutions","og:type":"article","og:title":"ProCalV5 Integration to Other Systems - Agile Labs","og:description":"A Standard Interface Between ProCalV5 and Outside Systems Integration to Other Systems Integration with other applications may be a critical part to your requirements for sharing of processes and data among different applications like SAP, Maximo and more. It has become a priority to leverage application collaboration in order to improve overall business efficiency and reduce","og:url":"https:\/\/www.agilelabs.co.za\/pt\/procalv5-integration-to-other-systems\/","og:image":"https:\/\/www.agilelabs.co.za\/wp-content\/uploads\/2021\/08\/TwitterLogo.png?wsr","og:image:secure_url":"https:\/\/www.agilelabs.co.za\/wp-content\/uploads\/2021\/08\/TwitterLogo.png?wsr","og:image:width":189,"og:image:height":168,"article:published_time":"2021-09-07T06:48:42+00:00","article:modified_time":"2021-09-07T06:48:47+00:00","article:publisher":"https:\/\/www.facebook.com\/AgileLabsTeam","article:author":"https:\/\/www.facebook.com\/AgileLabsTeam","twitter:card":"summary","twitter:site":"@InfoAgileLabs","twitter:title":"ProCalV5 Integration to Other Systems - Agile Labs","twitter:description":"A Standard Interface Between ProCalV5 and Outside Systems Integration to Other Systems Integration with other applications may be a critical part to your requirements for sharing of processes and data among different applications like SAP, Maximo and more. It has become a priority to leverage application collaboration in order to improve overall business efficiency and reduce","twitter:creator":"@InfoAgileLabs","twitter:image":"https:\/\/www.agilelabs.co.za\/wp-content\/uploads\/2021\/08\/TwitterLogo.png?wsr","schema":{"@context":"https:\/\/schema.org","@graph":[{"@type":"BreadcrumbList","@id":"https:\/\/www.agilelabs.co.za\/pt\/procalv5-integration-to-other-systems\/#breadcrumblist","itemListElement":[{"@type":"ListItem","@id":"https:\/\/www.agilelabs.co.za\/pt\/#listItem","position":1,"name":"Home","item":"https:\/\/www.agilelabs.co.za\/pt\/","nextItem":"https:\/\/www.agilelabs.co.za\/pt\/procalv5-integration-to-other-systems\/#listItem"},{"@type":"ListItem","@id":"https:\/\/www.agilelabs.co.za\/pt\/procalv5-integration-to-other-systems\/#listItem","position":2,"name":"ProCalV5 Integration to Other Systems","previousItem":"https:\/\/www.agilelabs.co.za\/pt\/#listItem"}]},{"@type":"Organization","@id":"https:\/\/www.agilelabs.co.za\/pt\/#organization","name":"Agile Labs","url":"https:\/\/www.agilelabs.co.za\/pt\/","logo":{"@type":"ImageObject","url":"https:\/\/www.agilelabs.co.za\/wp-content\/uploads\/2021\/08\/LogoTransparant.gif?wsr","@id":"https:\/\/www.agilelabs.co.za\/pt\/procalv5-integration-to-other-systems\/#organizationLogo","width":125,"height":113},"image":{"@id":"https:\/\/www.agilelabs.co.za\/pt\/procalv5-integration-to-other-systems\/#organizationLogo"},"sameAs":["https:\/\/www.facebook.com\/AgileLabsTeam","https:\/\/twitter.com\/InfoAgileLabs"]},{"@type":"WebPage","@id":"https:\/\/www.agilelabs.co.za\/pt\/procalv5-integration-to-other-systems\/#webpage","url":"https:\/\/www.agilelabs.co.za\/pt\/procalv5-integration-to-other-systems\/","name":"ProCalV5 Integration to Other Systems - Agile Labs","description":"A Standard Interface Between ProCalV5 and Outside Systems Integration to Other Systems Integration with other applications may be a critical part to your requirements for sharing of processes and data among different applications like SAP, Maximo and more. It has become a priority to leverage application collaboration in order to improve overall business efficiency and reduce","inLanguage":"pt-PT","isPartOf":{"@id":"https:\/\/www.agilelabs.co.za\/pt\/#website"},"breadcrumb":{"@id":"https:\/\/www.agilelabs.co.za\/pt\/procalv5-integration-to-other-systems\/#breadcrumblist"},"datePublished":"2021-09-07T08:48:42+02:00","dateModified":"2021-09-07T08:48:47+02:00"},{"@type":"WebSite","@id":"https:\/\/www.agilelabs.co.za\/pt\/#website","url":"https:\/\/www.agilelabs.co.za\/pt\/","name":"Agile Labs","description":"Industry and laboratory software solutions","inLanguage":"pt-PT","publisher":{"@id":"https:\/\/www.agilelabs.co.za\/pt\/#organization"}}]}},"aioseo_meta_data":{"post_id":"11822","title":null,"description":null,"keywords":null,"keyphrases":null,"primary_term":null,"canonical_url":null,"og_title":null,"og_description":null,"og_object_type":"default","og_image_type":"default","og_image_url":null,"og_image_width":null,"og_image_height":null,"og_image_custom_url":null,"og_image_custom_fields":null,"og_video":null,"og_custom_url":null,"og_article_section":null,"og_article_tags":null,"twitter_use_og":false,"twitter_card":"default","twitter_image_type":"default","twitter_image_url":null,"twitter_image_custom_url":null,"twitter_image_custom_fields":null,"twitter_title":null,"twitter_description":null,"schema":{"blockGraphs":[],"customGraphs":[],"default":{"data":{"Article":[],"Course":[],"Dataset":[],"FAQPage":[],"Movie":[],"Person":[],"Product":[],"Recipe":[],"Service":[],"SoftwareApplication":[],"WebPage":[]},"graphName":"","isEnabled":true},"graphs":[]},"schema_type":"default","schema_type_options":null,"pillar_content":false,"robots_default":true,"robots_noindex":false,"robots_noarchive":false,"robots_nosnippet":false,"robots_nofollow":false,"robots_noimageindex":false,"robots_noodp":false,"robots_notranslate":false,"robots_max_snippet":null,"robots_max_videopreview":null,"robots_max_imagepreview":"large","priority":null,"frequency":null,"local_seo":null,"limit_modified_date":false,"open_ai":null,"created":"2022-02-09 02:39:01","updated":"2022-09-13 21:13:36"},"_links":{"self":[{"href":"https:\/\/www.agilelabs.co.za\/pt\/wp-json\/wp\/v2\/pages\/11822","targetHints":{"allow":["GET"]}}],"collection":[{"href":"https:\/\/www.agilelabs.co.za\/pt\/wp-json\/wp\/v2\/pages"}],"about":[{"href":"https:\/\/www.agilelabs.co.za\/pt\/wp-json\/wp\/v2\/types\/page"}],"author":[{"embeddable":true,"href":"https:\/\/www.agilelabs.co.za\/pt\/wp-json\/wp\/v2\/users\/1"}],"replies":[{"embeddable":true,"href":"https:\/\/www.agilelabs.co.za\/pt\/wp-json\/wp\/v2\/comments?post=11822"}],"version-history":[{"count":0,"href":"https:\/\/www.agilelabs.co.za\/pt\/wp-json\/wp\/v2\/pages\/11822\/revisions"}],"wp:attachment":[{"href":"https:\/\/www.agilelabs.co.za\/pt\/wp-json\/wp\/v2\/media?parent=11822"}],"wp:term":[{"taxonomy":"category","embeddable":true,"href":"https:\/\/www.agilelabs.co.za\/pt\/wp-json\/wp\/v2\/categories?post=11822"},{"taxonomy":"post_tag","embeddable":true,"href":"https:\/\/www.agilelabs.co.za\/pt\/wp-json\/wp\/v2\/tags?post=11822"}],"curies":[{"name":"wp","href":"https:\/\/api.w.org\/{rel}","templated":true}]}}