{"id":11820,"date":"2021-09-07T08:45:06","date_gmt":"2021-09-07T06:45:06","guid":{"rendered":"https:\/\/www.agilelabs.co.za\/?page_id=11820"},"modified":"2021-09-07T08:45:36","modified_gmt":"2021-09-07T06:45:36","slug":"software-validation-testing","status":"publish","type":"page","link":"https:\/\/www.agilelabs.co.za\/pt\/software-validation-testing\/","title":{"rendered":"Valida\u00e7\u00e3o e teste de software"},"content":{"rendered":"<p>Garanta a conformidade em sua localiza\u00e7\u00e3o<\/p>\n\n\n\n<h4 class=\"wp-block-heading\">Planejamento, teste e gerenciamento de valida\u00e7\u00e3o<\/h4>\n\n\n\n<p>Somos especialistas em conformidade de software. Todas as vers\u00f5es do software ProCalV5 s\u00e3o testadas e validadas internamente antes do lan\u00e7amento. Os protocolos IQ \/ OQ \/ PQ podem ser fornecidos. Planos de projeto de valida\u00e7\u00e3o de n\u00edvel 5 GAMP, todos os documentos necess\u00e1rios e quaisquer servi\u00e7os necess\u00e1rios est\u00e3o dispon\u00edveis para garantir o uso compat\u00edvel em seus locais. As implanta\u00e7\u00f5es t\u00edpicas geralmente levam menos de oito semanas.<\/p>\n\n\n\n<p><strong>Os servi\u00e7os de planejamento, teste e gerenciamento de valida\u00e7\u00e3o podem incluir:<\/strong><\/p>\n\n\n\n<ul class=\"wp-block-list\"><li>VMP (Plano Mestre de Valida\u00e7\u00e3o)<\/li><li>Definir as expectativas de valida\u00e7\u00e3o, muitos esfor\u00e7os SDLC (ciclo de vida de desenvolvimento do sistema) dependem do VMP para autoriza\u00e7\u00e3o e dire\u00e7\u00e3o<\/li><li>Avalia\u00e7\u00e3o de risco<\/li><li>Rational para prioriza\u00e7\u00e3o de testes de requisitos<\/li><li>Plano de teste<\/li><li>Definir expectativas de teste antecipadamente para que o desenvolvimento de scripts possa ser iniciado com um objetivo claro, evitando erros de direcionamento e falsos in\u00edcios<\/li><li>Scripting<\/li><li>Recursos<\/li><li>Suporte de execu\u00e7\u00e3o de teste<\/li><li>Resolu\u00e7\u00e3o de Desvio<\/li><li>VSR (Relat\u00f3rio de Resumo de Valida\u00e7\u00e3o)<\/li><li>Resuma testes, desvios, resolu\u00e7\u00f5es e exce\u00e7\u00f5es baseadas em risco<\/li><\/ul>\n\n\n\n<h4 class=\"wp-block-heading\">Vis\u00e3o geral de QSR e GMP para programas de calibra\u00e7\u00e3o<\/h4>\n\n\n\n<p>Ao implementar um novo programa de calibra\u00e7\u00e3o em suas opera\u00e7\u00f5es comerciais, as pr\u00e1ticas de qualidade e conformidade devem ser consideradas junto com as pr\u00e1ticas de fabrica\u00e7\u00e3o. Voc\u00ea pode descobrir que fazer as perguntas abaixo pode ajud\u00e1-lo a organizar seus objetivos.<\/p>\n\n\n\n<p><strong>Termos:<\/strong><br>GMP = Boas Pr\u00e1ticas de Fabrica\u00e7\u00e3o<br>QSR = Regulamento do Sistema de Qualidade<\/p>\n\n\n\n<p><strong>Por que a calibra\u00e7\u00e3o de equipamentos faz parte do GMP \/ QSR?<\/strong><\/p>\n\n\n\n<ul class=\"wp-block-list\"><li>Um fabricante deve desenvolver e implementar um sistema de qualidade que garanta que todos os produtos acabados atendam \u00e0s especifica\u00e7\u00f5es de registro mestre de dispositivos \/ medicamentos da empresa.<\/li><li>A garantia \u00e9 obtida de v\u00e1rias maneiras, incluindo a medi\u00e7\u00e3o dos par\u00e2metros de componentes, produtos e processos durante o projeto e a produ\u00e7\u00e3o.<\/li><\/ul>\n\n\n\n<p><strong>Quais s\u00e3o as responsabilidades do fabricante?<\/strong><\/p>\n\n\n\n<p>Para garantir que todos os equipamentos de produ\u00e7\u00e3o e teste de controle de qualidade, incluindo equipamentos mec\u00e2nicos, eletr\u00f4nicos, automatizados e qu\u00edmicos sejam:<\/p>\n\n\n\n<ul class=\"wp-block-list\"><li>Adequado para o uso pretendido<\/li><li>Capaz de produzir resultados v\u00e1lidos<\/li><li>Operado por funcion\u00e1rios treinados<\/li><li>Calibrado corretamente vs. um padr\u00e3o adequado<\/li><\/ul>\n\n\n\n<p><strong>O que est\u00e1 inclu\u00eddo nos procedimentos?<\/strong><\/p>\n\n\n\n<ul class=\"wp-block-list\"><li>Finalidade e \u00e2mbito<\/li><li>Frequ\u00eancia de calibra\u00e7\u00e3o<\/li><li>Equipamentos e padr\u00f5es exigidos<\/li><li>Limites de exatid\u00e3o, precis\u00e3o e tend\u00eancia<\/li><li>Uma descri\u00e7\u00e3o do processo de calibra\u00e7\u00e3o<\/li><li>A\u00e7\u00e3o corretiva<\/li><li>Documentos necess\u00e1rios<\/li><\/ul>\n\n\n\n<h4 class=\"wp-block-heading\">Finalidade e \u00e2mbito<\/h4>\n\n\n\n<p>A garantia de qualidade deve determinar quais medi\u00e7\u00f5es s\u00e3o necess\u00e1rias para garantir que o projeto do dispositivo \/ medicamento e os par\u00e2metros do processo estejam dentro das especifica\u00e7\u00f5es estabelecidas de exatid\u00e3o, precis\u00e3o e tend\u00eancia.<\/p>\n\n\n\n<h4 class=\"wp-block-heading\">Frequ\u00eancia de Calibra\u00e7\u00e3o<\/h4>\n\n\n\n<p>Depende do tipo de equipamento, da frequ\u00eancia de uso e de sua criticidade no processo de fabrica\u00e7\u00e3o. Outros fatores que podem afetar a opera\u00e7\u00e3o do equipamento:<\/p>\n\n\n\n<ul class=\"wp-block-list\"><li>Temperatura<\/li><li>Umidade<\/li><li>Contamina\u00e7\u00e3o<\/li><li>Eletricidade est\u00e1tica<\/li><li>Campos magn\u00e9ticos<\/li><li>Flutua\u00e7\u00f5es da fonte de alimenta\u00e7\u00e3o<\/li><\/ul>\n\n\n\n<h4 class=\"wp-block-heading\">Equipamentos e Padr\u00f5es<\/h4>\n\n\n\n<p>Todos os equipamentos e padr\u00f5es usados devem ser totalmente descritos no arquivo mestre do dispositivo \/ medicamento ou nos registros do sistema de qualidade. Caracter\u00edsticas ambientais como temperatura, umidade, vibra\u00e7\u00f5es e limpeza devem ser consideradas ao calibrar e usar o equipamento.<\/p>\n\n\n\n<p><strong>Equipamento<\/strong><\/p>\n\n\n\n<ul class=\"wp-block-list\"><li>Qualifica\u00e7\u00e3o de instala\u00e7\u00e3o (IQ): a\u00e7\u00e3o tomada para garantir que os equipamentos e sistemas auxiliares sejam instalados corretamente, atendam \u00e0s especifica\u00e7\u00f5es dos fabricantes e \u00e0s inten\u00e7\u00f5es do projeto, operem de forma adequada na faixa de uso pretendida<\/li><li>Qualifica\u00e7\u00e3o operacional (OQ): a\u00e7\u00e3o tomada para garantir que os equipamentos e subsistemas sejam capazes de operar de forma consistente dentro dos limites e toler\u00e2ncias estabelecidos<\/li><li>Qualifica\u00e7\u00e3o de desempenho (PQ): a\u00e7\u00e3o tomada para garantir que o equipamento dentro de um sistema esteja funcionando de forma eficaz e consistente ao longo do tempo<\/li><\/ul>\n\n\n\n<p><strong>Equipamentos e Padr\u00f5es<\/strong><\/p>\n\n\n\n<p>Onde for pr\u00e1tico, os padr\u00f5es devem ser rastre\u00e1veis ao Instituto Nacional de Padr\u00f5es e<br>tecnologia (NIST).<\/p>\n\n\n\n<ul class=\"wp-block-list\"><li>Os padr\u00f5es privados s\u00e3o enviados ao NIST para calibra\u00e7\u00e3o e devolvidos<\/li><li>O NIST fornece materiais de refer\u00eancia padr\u00e3o para serem usados no programa de calibra\u00e7\u00e3o<\/li><\/ul>\n\n\n\n<h4 class=\"wp-block-heading\">Limites de exatid\u00e3o, precis\u00e3o e polariza\u00e7\u00e3o<\/h4>\n\n\n\n<ul class=\"wp-block-list\"><li>&nbsp;Precis\u00e3o: a medida da capacidade de um instrumento para obter o valor verdadeiro ou absoluto<\/li><li>Precis\u00e3o: indica o grau relativo de repetibilidade<\/li><li>Polariza\u00e7\u00e3o: uma medida de qu\u00e3o pr\u00f3ximo o valor m\u00e9dio em uma s\u00e9rie de medi\u00e7\u00f5es se aproxima do valor verdadeiro<\/li><\/ul>\n\n\n\n<h4 class=\"wp-block-heading\">A\u00e7\u00e3o Corretiva<\/h4>\n\n\n\n<p>Ocorre quando os limites n\u00e3o s\u00e3o atingidos. A a\u00e7\u00e3o corretiva deve incluir as seguintes disposi\u00e7\u00f5es:<\/p>\n\n\n\n<ul class=\"wp-block-list\"><li>Descreva e inicie qualquer a\u00e7\u00e3o necess\u00e1ria para restabelecer esses limites (recalibra\u00e7\u00e3o)<\/li><li>Avalie se houve algum efeito adverso na qualidade do dispositivo \/ medicamento<\/li><li>Documente todas as a\u00e7\u00f5es tomadas e avalia\u00e7\u00f5es realizadas<\/li><\/ul>\n\n\n\n<h4 class=\"wp-block-heading\">Documentos necess\u00e1rios<\/h4>\n\n\n\n<p>Sistema de papel ou programa de software:<\/p>\n\n\n\n<ul class=\"wp-block-list\"><li>Identifica\u00e7\u00e3o do equipamento (incluindo n\u00famero do modelo)<\/li><li>N\u00famero de s\u00e9rie<\/li><li>Data de calibra\u00e7\u00e3o<\/li><li>Nome do calibrador<\/li><li>Data da pr\u00f3xima calibra\u00e7\u00e3o<\/li><li>Especifica\u00e7\u00f5es de calibra\u00e7\u00e3o<\/li><li>Endere\u00e7o da mfr (opcional)<\/li><li>Motivo da calibra\u00e7\u00e3o (opcional)<\/li><li>Coment\u00e1rios (opcional)<\/li><li>Informa\u00e7\u00f5es de servi\u00e7o externo (opcional)<\/li><\/ul>\n\n\n\n<h4 class=\"wp-block-heading\">Pessoal de Calibra\u00e7\u00e3o<\/h4>\n\n\n\n<ul class=\"wp-block-list\"><li>Deve ser adequadamente treinado por meio de educa\u00e7\u00e3o e \/ ou experi\u00eancia para realizar calibra\u00e7\u00f5es.<\/li><li>Deve ter um conhecimento b\u00e1sico de conceitos de metrologia e calibra\u00e7\u00e3o<\/li><li>Ter uma compreens\u00e3o dos princ\u00edpios b\u00e1sicos das disciplinas de medi\u00e7\u00e3o, etapas de processamento e requisitos de aceita\u00e7\u00e3o<\/li><li>Conhecimento do programa geral de calibra\u00e7\u00e3o<\/li><li>Capacidade de seguir as instru\u00e7\u00f5es relativas \u00e0 manuten\u00e7\u00e3o e uso do equipamento<\/li><li>Atitude consciente<\/li><\/ul>\n\n\n\n<h4 class=\"wp-block-heading\">Confirmando Conformidade<\/h4>\n\n\n\n<ul class=\"wp-block-list\"><li>Auditoria do Programa de Calibra\u00e7\u00e3o<\/li><li>Auditorias internas (exigidas por QSR)<\/li><li>Manter um cronograma adequado<\/li><li>Manter a documenta\u00e7\u00e3o adequada<\/li><li>Manuten\u00e7\u00e3o adequada de padr\u00f5es<\/li><li>Adequa\u00e7\u00e3o de a\u00e7\u00f5es corretivas<\/li><\/ul>\n\n\n\n<h4 class=\"wp-block-heading\">Auditorias Externas<\/h4>\n\n\n\n<ul class=\"wp-block-list\"><li>A FDA considera os laborat\u00f3rios contratados uma extens\u00e3o do programa de BPF de um fabricante, portanto, peri\u00f3dicos s\u00e3o apropriados<\/li><li>Obtenha documenta\u00e7\u00e3o verificando se o equipamento foi calibrado sob condi\u00e7\u00f5es controladas usando padr\u00f5es rastre\u00e1veis<\/li><\/ul>\n\n\n\n<h4 class=\"wp-block-heading\">Preocupa\u00e7\u00f5es Adicionais<\/h4>\n\n\n\n<ul class=\"wp-block-list\"><li>Equipamentos de fabrica\u00e7\u00e3o usados no processo de produ\u00e7\u00e3o (se automatizados) devem ser calibrados periodicamente<\/li><li>O equipamento de fabrica\u00e7\u00e3o controlado por computador deve ser validado para o uso pretendido e inclu\u00eddo em um programa de calibra\u00e7\u00e3o<\/li><\/ul>\n\n\n\n<h4 class=\"wp-block-heading\">Adendo de defini\u00e7\u00f5es<\/h4>\n\n\n\n<p><strong>Qualifica\u00e7\u00e3o de instala\u00e7\u00e3o (IQ):<\/strong><\/p>\n\n\n\n<ul class=\"wp-block-list\"><li>Voc\u00ea conseguiu o que queria?<\/li><li>Voc\u00ea tem as instala\u00e7\u00f5es adequadas para us\u00e1-lo?<\/li><li>Todo o equipamento \u00e9 devidamente contabilizado:<ul><li>N\u00famero de s\u00e9rie<\/li><li>Fabricante<\/li><li>N\u00famero do ativo interno<\/li><li>Instala\u00e7\u00e3o adequada<\/li><li>Livro de registro do instrumento no lugar<\/li><li>Localiza\u00e7\u00e3o do laborat\u00f3rio<\/li><\/ul><\/li><\/ul>\n\n\n\n<p><strong>Qualifica\u00e7\u00e3o operacional (OQ):<\/strong><\/p>\n\n\n\n<ul class=\"wp-block-list\"><li>Documenta\u00e7\u00e3o que verifica o desempenho do equipamento de laborat\u00f3rio nas faixas de uso previstas<\/li><li>S\u00e9rie de testes funcionais para garantir que um instrumento \/ sistema est\u00e1 operando de acordo com os limites de um conjunto pr\u00e9-determinado de crit\u00e9rios<\/li><\/ul>\n\n\n\n<p><strong>Qualifica\u00e7\u00e3o de desempenho (PQ):<\/strong><\/p>\n\n\n\n<ul class=\"wp-block-list\"><li>Indica que um conjunto espec\u00edfico de par\u00e2metros do m\u00e9todo est\u00e1 funcionando corretamente em rela\u00e7\u00e3o \u00e0 valida\u00e7\u00e3o do m\u00e9todo hist\u00f3rico<\/li><li>Em alguns casos, a Adequa\u00e7\u00e3o do sistema pode ser aceit\u00e1vel como qualifica\u00e7\u00e3o de desempenho<br>Requalifica\u00e7\u00e3o (RQ):<\/li><li>Determina\u00e7\u00e3o de que um instrumento, ap\u00f3s o reparo, servi\u00e7o do fornecedor, mudan\u00e7a de local ou ajustes, est\u00e1 operando conforme o esperado e pretendido<\/li><li>Considera\u00e7\u00f5es<ul><li>O instrumento atende aos protocolos originais estabelecidos?<\/li><li>Se n\u00e3o, quais decis\u00f5es precisam ser feitas?<\/li><\/ul><\/li><\/ul>","protected":false},"excerpt":{"rendered":"<p>Ensure Compliance At Your Location Validation Planning, Testing And Management We are software compliance experts. All versions of ProCalV5 software are internally tested and validated before release. IQ\/OQ\/PQ protocols can be provided. GAMP 5 level validation project plans, all necessary documents and any needed services are available to ensure compliant use at your locations. Typical<\/p>\n<p class=\"more-link\"><a href=\"https:\/\/www.agilelabs.co.za\/pt\/software-validation-testing\/\" class=\"themebutton\">consulte Mais informa\u00e7\u00e3o<\/a><\/p>","protected":false},"author":1,"featured_media":0,"parent":0,"menu_order":0,"comment_status":"closed","ping_status":"closed","template":"","meta":{"_acf_changed":false,"_monsterinsights_skip_tracking":false,"_monsterinsights_sitenote_active":false,"_monsterinsights_sitenote_note":"","_monsterinsights_sitenote_category":0,"footnotes":""},"categories":[],"tags":[],"class_list":["post-11820","page","type-page","status-publish","hentry"],"acf":[],"aioseo_notices":[],"aioseo_head":"\n\t\t<!-- All in One SEO Pro 4.7.0 - aioseo.com -->\n\t\t<meta name=\"description\" content=\"Ensure Compliance At Your Location Validation Planning, Testing And Management We are software compliance experts. All versions of ProCalV5 software are internally tested and validated before release. IQ\/OQ\/PQ protocols can be provided. GAMP 5 level validation project plans, all necessary documents and any needed services are available to ensure compliant use at your locations. Typical\" \/>\n\t\t<meta name=\"robots\" content=\"max-image-preview:large\" \/>\n\t\t<meta name=\"google-site-verification\" content=\"Nku-_1g-wtMYqihMzrUWbm5pdgO5gPY2D7l1ya5YPAU\" \/>\n\t\t<meta name=\"msvalidate.01\" content=\"9fc30828a433413eb7b3b5d32174774f\" \/>\n\t\t<meta name=\"yandex-verification\" content=\"c2122235dabe51e3\" \/>\n\t\t<link rel=\"canonical\" href=\"https:\/\/www.agilelabs.co.za\/pt\/software-validation-testing\/\" \/>\n\t\t<meta name=\"generator\" content=\"All in One SEO Pro (AIOSEO) 4.7.0\" \/>\n\t\t<meta property=\"og:locale\" content=\"pt_PT\" \/>\n\t\t<meta property=\"og:site_name\" content=\"Agile Labs - Industry and laboratory software solutions\" \/>\n\t\t<meta property=\"og:type\" content=\"article\" \/>\n\t\t<meta property=\"og:title\" content=\"Software Validation &amp; Testing - Agile Labs\" \/>\n\t\t<meta property=\"og:description\" content=\"Ensure Compliance At Your Location Validation Planning, Testing And Management We are software compliance experts. All versions of ProCalV5 software are internally tested and validated before release. IQ\/OQ\/PQ protocols can be provided. GAMP 5 level validation project plans, all necessary documents and any needed services are available to ensure compliant use at your locations. Typical\" \/>\n\t\t<meta property=\"og:url\" content=\"https:\/\/www.agilelabs.co.za\/pt\/software-validation-testing\/\" \/>\n\t\t<meta property=\"og:image\" content=\"https:\/\/www.agilelabs.co.za\/wp-content\/uploads\/2021\/08\/TwitterLogo.png?wsr\" \/>\n\t\t<meta property=\"og:image:secure_url\" content=\"https:\/\/www.agilelabs.co.za\/wp-content\/uploads\/2021\/08\/TwitterLogo.png?wsr\" \/>\n\t\t<meta property=\"og:image:width\" content=\"189\" \/>\n\t\t<meta property=\"og:image:height\" content=\"168\" \/>\n\t\t<meta property=\"article:published_time\" content=\"2021-09-07T06:45:06+00:00\" \/>\n\t\t<meta property=\"article:modified_time\" content=\"2021-09-07T06:45:36+00:00\" \/>\n\t\t<meta property=\"article:publisher\" content=\"https:\/\/www.facebook.com\/AgileLabsTeam\" \/>\n\t\t<meta property=\"article:author\" content=\"https:\/\/www.facebook.com\/AgileLabsTeam\" \/>\n\t\t<meta name=\"twitter:card\" content=\"summary\" \/>\n\t\t<meta name=\"twitter:site\" content=\"@InfoAgileLabs\" \/>\n\t\t<meta name=\"twitter:title\" content=\"Software Validation &amp; Testing - Agile Labs\" \/>\n\t\t<meta name=\"twitter:description\" content=\"Ensure Compliance At Your Location Validation Planning, Testing And Management We are software compliance experts. All versions of ProCalV5 software are internally tested and validated before release. IQ\/OQ\/PQ protocols can be provided. GAMP 5 level validation project plans, all necessary documents and any needed services are available to ensure compliant use at your locations. Typical\" \/>\n\t\t<meta name=\"twitter:creator\" content=\"@InfoAgileLabs\" \/>\n\t\t<meta name=\"twitter:image\" content=\"https:\/\/www.agilelabs.co.za\/wp-content\/uploads\/2021\/08\/TwitterLogo.png?wsr\" \/>\n\t\t<script type=\"application\/ld+json\" class=\"aioseo-schema\">\n\t\t\t{\"@context\":\"https:\\\/\\\/schema.org\",\"@graph\":[{\"@type\":\"BreadcrumbList\",\"@id\":\"https:\\\/\\\/www.agilelabs.co.za\\\/pt\\\/software-validation-testing\\\/#breadcrumblist\",\"itemListElement\":[{\"@type\":\"ListItem\",\"@id\":\"https:\\\/\\\/www.agilelabs.co.za\\\/pt\\\/#listItem\",\"position\":1,\"name\":\"Home\",\"item\":\"https:\\\/\\\/www.agilelabs.co.za\\\/pt\\\/\",\"nextItem\":\"https:\\\/\\\/www.agilelabs.co.za\\\/pt\\\/software-validation-testing\\\/#listItem\"},{\"@type\":\"ListItem\",\"@id\":\"https:\\\/\\\/www.agilelabs.co.za\\\/pt\\\/software-validation-testing\\\/#listItem\",\"position\":2,\"name\":\"Software Validation & Testing\",\"previousItem\":\"https:\\\/\\\/www.agilelabs.co.za\\\/pt\\\/#listItem\"}]},{\"@type\":\"Organization\",\"@id\":\"https:\\\/\\\/www.agilelabs.co.za\\\/pt\\\/#organization\",\"name\":\"Agile Labs\",\"url\":\"https:\\\/\\\/www.agilelabs.co.za\\\/pt\\\/\",\"logo\":{\"@type\":\"ImageObject\",\"url\":\"https:\\\/\\\/www.agilelabs.co.za\\\/wp-content\\\/uploads\\\/2021\\\/08\\\/LogoTransparant.gif?wsr\",\"@id\":\"https:\\\/\\\/www.agilelabs.co.za\\\/pt\\\/software-validation-testing\\\/#organizationLogo\",\"width\":125,\"height\":113},\"image\":{\"@id\":\"https:\\\/\\\/www.agilelabs.co.za\\\/pt\\\/software-validation-testing\\\/#organizationLogo\"},\"sameAs\":[\"https:\\\/\\\/www.facebook.com\\\/AgileLabsTeam\",\"https:\\\/\\\/twitter.com\\\/InfoAgileLabs\"]},{\"@type\":\"WebPage\",\"@id\":\"https:\\\/\\\/www.agilelabs.co.za\\\/pt\\\/software-validation-testing\\\/#webpage\",\"url\":\"https:\\\/\\\/www.agilelabs.co.za\\\/pt\\\/software-validation-testing\\\/\",\"name\":\"Software Validation & Testing - Agile Labs\",\"description\":\"Ensure Compliance At Your Location Validation Planning, Testing And Management We are software compliance experts. All versions of ProCalV5 software are internally tested and validated before release. IQ\\\/OQ\\\/PQ protocols can be provided. GAMP 5 level validation project plans, all necessary documents and any needed services are available to ensure compliant use at your locations. Typical\",\"inLanguage\":\"pt-PT\",\"isPartOf\":{\"@id\":\"https:\\\/\\\/www.agilelabs.co.za\\\/pt\\\/#website\"},\"breadcrumb\":{\"@id\":\"https:\\\/\\\/www.agilelabs.co.za\\\/pt\\\/software-validation-testing\\\/#breadcrumblist\"},\"datePublished\":\"2021-09-07T08:45:06+02:00\",\"dateModified\":\"2021-09-07T08:45:36+02:00\"},{\"@type\":\"WebSite\",\"@id\":\"https:\\\/\\\/www.agilelabs.co.za\\\/pt\\\/#website\",\"url\":\"https:\\\/\\\/www.agilelabs.co.za\\\/pt\\\/\",\"name\":\"Agile Labs\",\"description\":\"Industry and laboratory software solutions\",\"inLanguage\":\"pt-PT\",\"publisher\":{\"@id\":\"https:\\\/\\\/www.agilelabs.co.za\\\/pt\\\/#organization\"}}]}\n\t\t<\/script>\n\t\t<script type=\"text\/javascript\">\n\t\t\t(function(c,l,a,r,i,t,y){\n\t\t\tc[a]=c[a]||function(){(c[a].q=c[a].q||[]).push(arguments)};t=l.createElement(r);t.async=1;\n\t\t\tt.src=\"https:\/\/www.clarity.ms\/tag\/\"+i+\"?ref=aioseo\";y=l.getElementsByTagName(r)[0];y.parentNode.insertBefore(t,y);\n\t\t})(window, document, \"clarity\", \"script\", \"b88vlc75di\");\n\t\t<\/script>\n\t\t<!-- All in One SEO Pro -->\r\n\t\t<title>Software Validation &amp; Testing - Agile Labs<\/title>\n\n","aioseo_head_json":{"title":"Software Validation & Testing - Agile Labs","description":"Ensure Compliance At Your Location Validation Planning, Testing And Management We are software compliance experts. All versions of ProCalV5 software are internally tested and validated before release. IQ\/OQ\/PQ protocols can be provided. GAMP 5 level validation project plans, all necessary documents and any needed services are available to ensure compliant use at your locations. Typical","canonical_url":"https:\/\/www.agilelabs.co.za\/pt\/software-validation-testing\/","robots":"max-image-preview:large","keywords":"","webmasterTools":{"google-site-verification":"Nku-_1g-wtMYqihMzrUWbm5pdgO5gPY2D7l1ya5YPAU","msvalidate.01":"9fc30828a433413eb7b3b5d32174774f","yandex-verification":"c2122235dabe51e3","miscellaneous":""},"og:locale":"pt_PT","og:site_name":"Agile Labs - Industry and laboratory software solutions","og:type":"article","og:title":"Software Validation &amp; Testing - Agile Labs","og:description":"Ensure Compliance At Your Location Validation Planning, Testing And Management We are software compliance experts. All versions of ProCalV5 software are internally tested and validated before release. IQ\/OQ\/PQ protocols can be provided. GAMP 5 level validation project plans, all necessary documents and any needed services are available to ensure compliant use at your locations. Typical","og:url":"https:\/\/www.agilelabs.co.za\/pt\/software-validation-testing\/","og:image":"https:\/\/www.agilelabs.co.za\/wp-content\/uploads\/2021\/08\/TwitterLogo.png?wsr","og:image:secure_url":"https:\/\/www.agilelabs.co.za\/wp-content\/uploads\/2021\/08\/TwitterLogo.png?wsr","og:image:width":189,"og:image:height":168,"article:published_time":"2021-09-07T06:45:06+00:00","article:modified_time":"2021-09-07T06:45:36+00:00","article:publisher":"https:\/\/www.facebook.com\/AgileLabsTeam","article:author":"https:\/\/www.facebook.com\/AgileLabsTeam","twitter:card":"summary","twitter:site":"@InfoAgileLabs","twitter:title":"Software Validation &amp; Testing - Agile Labs","twitter:description":"Ensure Compliance At Your Location Validation Planning, Testing And Management We are software compliance experts. All versions of ProCalV5 software are internally tested and validated before release. IQ\/OQ\/PQ protocols can be provided. GAMP 5 level validation project plans, all necessary documents and any needed services are available to ensure compliant use at your locations. Typical","twitter:creator":"@InfoAgileLabs","twitter:image":"https:\/\/www.agilelabs.co.za\/wp-content\/uploads\/2021\/08\/TwitterLogo.png?wsr","schema":{"@context":"https:\/\/schema.org","@graph":[{"@type":"BreadcrumbList","@id":"https:\/\/www.agilelabs.co.za\/pt\/software-validation-testing\/#breadcrumblist","itemListElement":[{"@type":"ListItem","@id":"https:\/\/www.agilelabs.co.za\/pt\/#listItem","position":1,"name":"Home","item":"https:\/\/www.agilelabs.co.za\/pt\/","nextItem":"https:\/\/www.agilelabs.co.za\/pt\/software-validation-testing\/#listItem"},{"@type":"ListItem","@id":"https:\/\/www.agilelabs.co.za\/pt\/software-validation-testing\/#listItem","position":2,"name":"Software Validation & Testing","previousItem":"https:\/\/www.agilelabs.co.za\/pt\/#listItem"}]},{"@type":"Organization","@id":"https:\/\/www.agilelabs.co.za\/pt\/#organization","name":"Agile Labs","url":"https:\/\/www.agilelabs.co.za\/pt\/","logo":{"@type":"ImageObject","url":"https:\/\/www.agilelabs.co.za\/wp-content\/uploads\/2021\/08\/LogoTransparant.gif?wsr","@id":"https:\/\/www.agilelabs.co.za\/pt\/software-validation-testing\/#organizationLogo","width":125,"height":113},"image":{"@id":"https:\/\/www.agilelabs.co.za\/pt\/software-validation-testing\/#organizationLogo"},"sameAs":["https:\/\/www.facebook.com\/AgileLabsTeam","https:\/\/twitter.com\/InfoAgileLabs"]},{"@type":"WebPage","@id":"https:\/\/www.agilelabs.co.za\/pt\/software-validation-testing\/#webpage","url":"https:\/\/www.agilelabs.co.za\/pt\/software-validation-testing\/","name":"Software Validation & Testing - Agile Labs","description":"Ensure Compliance At Your Location Validation Planning, Testing And Management We are software compliance experts. All versions of ProCalV5 software are internally tested and validated before release. IQ\/OQ\/PQ protocols can be provided. GAMP 5 level validation project plans, all necessary documents and any needed services are available to ensure compliant use at your locations. Typical","inLanguage":"pt-PT","isPartOf":{"@id":"https:\/\/www.agilelabs.co.za\/pt\/#website"},"breadcrumb":{"@id":"https:\/\/www.agilelabs.co.za\/pt\/software-validation-testing\/#breadcrumblist"},"datePublished":"2021-09-07T08:45:06+02:00","dateModified":"2021-09-07T08:45:36+02:00"},{"@type":"WebSite","@id":"https:\/\/www.agilelabs.co.za\/pt\/#website","url":"https:\/\/www.agilelabs.co.za\/pt\/","name":"Agile Labs","description":"Industry and laboratory software solutions","inLanguage":"pt-PT","publisher":{"@id":"https:\/\/www.agilelabs.co.za\/pt\/#organization"}}]}},"aioseo_meta_data":{"post_id":"11820","title":null,"description":null,"keywords":null,"keyphrases":null,"primary_term":null,"canonical_url":null,"og_title":null,"og_description":null,"og_object_type":"default","og_image_type":"default","og_image_url":null,"og_image_width":null,"og_image_height":null,"og_image_custom_url":null,"og_image_custom_fields":null,"og_video":null,"og_custom_url":null,"og_article_section":null,"og_article_tags":null,"twitter_use_og":false,"twitter_card":"default","twitter_image_type":"default","twitter_image_url":null,"twitter_image_custom_url":null,"twitter_image_custom_fields":null,"twitter_title":null,"twitter_description":null,"schema":{"blockGraphs":[],"customGraphs":[],"default":{"data":{"Article":[],"Course":[],"Dataset":[],"FAQPage":[],"Movie":[],"Person":[],"Product":[],"Recipe":[],"Service":[],"SoftwareApplication":[],"WebPage":[]},"graphName":"","isEnabled":true},"graphs":[]},"schema_type":"default","schema_type_options":null,"pillar_content":false,"robots_default":true,"robots_noindex":false,"robots_noarchive":false,"robots_nosnippet":false,"robots_nofollow":false,"robots_noimageindex":false,"robots_noodp":false,"robots_notranslate":false,"robots_max_snippet":null,"robots_max_videopreview":null,"robots_max_imagepreview":"large","priority":null,"frequency":null,"local_seo":null,"limit_modified_date":false,"open_ai":null,"created":"2022-02-09 02:39:01","updated":"2022-09-13 21:15:47"},"_links":{"self":[{"href":"https:\/\/www.agilelabs.co.za\/pt\/wp-json\/wp\/v2\/pages\/11820","targetHints":{"allow":["GET"]}}],"collection":[{"href":"https:\/\/www.agilelabs.co.za\/pt\/wp-json\/wp\/v2\/pages"}],"about":[{"href":"https:\/\/www.agilelabs.co.za\/pt\/wp-json\/wp\/v2\/types\/page"}],"author":[{"embeddable":true,"href":"https:\/\/www.agilelabs.co.za\/pt\/wp-json\/wp\/v2\/users\/1"}],"replies":[{"embeddable":true,"href":"https:\/\/www.agilelabs.co.za\/pt\/wp-json\/wp\/v2\/comments?post=11820"}],"version-history":[{"count":0,"href":"https:\/\/www.agilelabs.co.za\/pt\/wp-json\/wp\/v2\/pages\/11820\/revisions"}],"wp:attachment":[{"href":"https:\/\/www.agilelabs.co.za\/pt\/wp-json\/wp\/v2\/media?parent=11820"}],"wp:term":[{"taxonomy":"category","embeddable":true,"href":"https:\/\/www.agilelabs.co.za\/pt\/wp-json\/wp\/v2\/categories?post=11820"},{"taxonomy":"post_tag","embeddable":true,"href":"https:\/\/www.agilelabs.co.za\/pt\/wp-json\/wp\/v2\/tags?post=11820"}],"curies":[{"name":"wp","href":"https:\/\/api.w.org\/{rel}","templated":true}]}}