{"id":11603,"date":"2021-08-22T12:04:15","date_gmt":"2021-08-22T10:04:15","guid":{"rendered":"https:\/\/www.agilelabs.co.za\/?page_id=11512"},"modified":"2022-06-24T12:46:26","modified_gmt":"2022-06-24T10:46:26","slug":"software-options","status":"publish","type":"page","link":"https:\/\/www.agilelabs.co.za\/pt\/software-options\/","title":{"rendered":"Op\u00e7\u00f5es de software"},"content":{"rendered":"<blockquote class=\"wp-block-quote is-layout-flow wp-block-quote-is-layout-flow\"><p>Agregando valor ao seu software de calibra\u00e7\u00e3o<\/p><\/blockquote>\n\n\n\n<p><\/p>\n\n\n\n<p>Existem v\u00e1rias op\u00e7\u00f5es de software dispon\u00edveis para oferecer suporte aos requisitos exclusivos de gerenciamento de ativos para as necessidades individuais da empresa ou do setor. Entre as op\u00e7\u00f5es mais prevalentes est\u00e3o as listadas abaixo. Para ver mais, entre em contato conosco para obter um EBook de recursos.<\/p>\n\n\n\n<p><strong>Manuten\u00e7\u00e3o Preventiva \/ Ordem de Trabalho<\/strong><\/p>\n\n\n\n<p>O ProCalV5 permite que voc\u00ea crie registros de Manuten\u00e7\u00e3o Preventiva (MP) que podem ser atribu\u00eddos a Ordens de Servi\u00e7o ou usados independentemente do sistema de Ordem de Servi\u00e7o. Ele tamb\u00e9m permite que voc\u00ea agrupe itens de trabalho como calibra\u00e7\u00f5es completas, itens de MP e solicita\u00e7\u00f5es de manuten\u00e7\u00e3o, atribuindo-os a Ordens de Trabalho. Os registros de Ordem de Servi\u00e7o podem ent\u00e3o ser rastreados em todo o sistema \u00e0 medida que suas tarefas s\u00e3o conclu\u00eddas.<\/p>\n\n\n\n<figure class=\"wp-block-image size-full\"><img decoding=\"async\" src=\"https:\/\/www.agilelabs.co.za\/wp-content\/uploads\/2021\/08\/WorkOrders.jpg\" alt=\"\" class=\"wp-image-11514\"\/><\/figure>\n\n\n\n<p><strong>Estoque de pe\u00e7as<\/strong><\/p>\n\n\n\n<p>Rastreie o uso e as pe\u00e7as sobressalentes usadas para calibra\u00e7\u00e3o. O registro de pe\u00e7as \u00e9 usado para identificar as pe\u00e7as de reposi\u00e7\u00e3o de um sistema de estoque. A tela de Controle de Estoque permite controlar o estoque garantindo que a empresa tenha os produtos de que precisa em m\u00e3os. As pe\u00e7as e as pe\u00e7as de substitui\u00e7\u00e3o podem ser rastreadas e compiladas em uma lista de materiais para discriminar os custos para or\u00e7amentos de trabalho. Ele tamb\u00e9m pode ajudar a centralizar todos os dados no certificado de calibra\u00e7\u00e3o, registrando as pe\u00e7as usadas para determinar o custo total de calibra\u00e7\u00e3o ao longo do tempo. Abaixo, \u00e9 mostrada uma tela de pe\u00e7as e uma tela de controle de estoque.<\/p>\n\n\n\n<figure class=\"wp-block-image size-full is-resized\"><img decoding=\"async\" src=\"https:\/\/www.agilelabs.co.za\/wp-content\/uploads\/2021\/08\/parts4.jpg\" alt=\"\" class=\"wp-image-11600\" width=\"485\" height=\"404\"\/><\/figure>\n\n\n\n<figure class=\"wp-block-image size-large\"><img decoding=\"async\" src=\"https:\/\/www.agilelabs.co.za\/wp-content\/uploads\/2021\/08\/parts1-1024x440.jpg\" alt=\"\" class=\"wp-image-11602\"\/><\/figure>\n\n\n\n<p><strong>Relat\u00f3rios Personalizados<\/strong><\/p>\n\n\n\n<p>Relat\u00f3rios personalizados podem ser criados para qualquer finalidade em seu fluxo de trabalho de relat\u00f3rio de calibra\u00e7\u00e3o, como etiquetas de impress\u00e3o, relat\u00f3rios de m\u00e9tricas de neg\u00f3cios, para consultas de atribui\u00e7\u00e3o de trabalho especial. As modifica\u00e7\u00f5es podem ser qualquer coisa, desde adicionar o logotipo de uma empresa, adicionar campos de dados adicionais, assinaturas, c\u00e1lculos, etc., at\u00e9 uma reformata\u00e7\u00e3o completa. Para saber mais sobre relat\u00f3rios padr\u00e3o e relat\u00f3rios personalizados, <a href=\"https:\/\/www.agilelabs.co.za\/pt\/powerful-reporting-and-analytics-with-procal-software\/\" data-type=\"page\" data-id=\"11508\">Clique aqui<\/a>.<\/p>\n\n\n\n<div class=\"wp-block-columns is-layout-flex wp-container-core-columns-is-layout-9d6595d7 wp-block-columns-is-layout-flex\">\n<div class=\"wp-block-column is-layout-flow wp-block-column-is-layout-flow\">\n<figure class=\"wp-block-image size-full\"><img decoding=\"async\" src=\"https:\/\/www.agilelabs.co.za\/wp-content\/uploads\/2021\/08\/ProCal-Custom-Report-2.png\" alt=\"\" class=\"wp-image-11603\"\/><\/figure>\n<\/div>\n\n\n\n<div class=\"wp-block-column is-layout-flow wp-block-column-is-layout-flow\">\n<figure class=\"wp-block-image size-full\"><img decoding=\"async\" src=\"https:\/\/www.agilelabs.co.za\/wp-content\/uploads\/2021\/08\/ProCal-Custom-Report-1.png\" alt=\"\" class=\"wp-image-11604\"\/><\/figure>\n<\/div>\n<\/div>\n\n\n\n<p><strong>ProCal eView (relat\u00f3rios baseados na web)<\/strong><\/p>\n\n\n\n<p>Agende facilmente relat\u00f3rios ProCal para serem executados e enviados por e-mail para os destinat\u00e1rios! ProCal eView \u00e9 um aplicativo da web que permite aos usu\u00e1rios configurar e agendar relat\u00f3rios ProCalV5 para gera\u00e7\u00e3o e entrega automatizadas sem acessar o aplicativo ProCalV5 completo. Para saber mais sobre o ProCal eView, <a href=\"https:\/\/www.agilelabs.co.za\/pt\/2021\/08\/24\/procal-eview-web-based-reporting\/\" data-type=\"post\" data-id=\"11547\" target=\"_blank\" rel=\"noreferrer noopener\">Clique aqui<\/a>.<\/p>\n\n\n\n<figure class=\"wp-block-image size-full\"><img decoding=\"async\" src=\"https:\/\/www.agilelabs.co.za\/wp-content\/uploads\/2021\/08\/ProCaleViewFlow.jpg\" alt=\"\" class=\"wp-image-11605\"\/><\/figure>\n\n\n\n<p><strong>Utilit\u00e1rio de calibra\u00e7\u00e3o de documenta\u00e7\u00e3o<\/strong><\/p>\n\n\n\n<p>Com o ProCalv5, os t\u00e9cnicos podem fazer upload \/ download para documentar calibradores no campo off-line. Ao usar um calibrador de campo de documenta\u00e7\u00e3o, como um Fluke 754, voc\u00ea est\u00e1 garantindo a qualidade dos resultados da calibra\u00e7\u00e3o e que n\u00e3o haja erros causados pela escrita dos resultados.<\/p>\n\n\n\n<p>Atualmente, ProCalV5 e ProCal Direct<strong>*<\/strong> apoia:<\/p>\n\n\n\n<ul class=\"wp-block-list\"><li><strong>Fluke<\/strong>- s\u00e9ries 74X e 75X, 729<\/li><li><strong>Honeywell<\/strong>- 2020<\/li><li><strong>Martel \/ Beta<\/strong>- MasterCAL 990<\/li><\/ul>\n\n\n\n<p><strong>*<\/strong> Certos modelos requerem <a href=\"https:\/\/www.agilelabs.co.za\/pt\/2021\/08\/24\/devicesync-utility\/\" data-type=\"post\" data-id=\"11583\">DeviceSync<\/a><\/p>\n\n\n\n<figure class=\"wp-block-image size-full\"><img decoding=\"async\" src=\"https:\/\/www.agilelabs.co.za\/wp-content\/uploads\/2021\/08\/Documenting-Calibrator-Utility.jpg\" alt=\"\" class=\"wp-image-11606\"\/><\/figure>\n\n\n\n<p><strong>DeviceSync (interface do calibrador de documenta\u00e7\u00e3o)<\/strong><\/p>\n\n\n\n<p>O sistema ProCal DeviceSync permite a transfer\u00eancia r\u00e1pida e segura de dados de tags baixados e resultados carregados de e para seu sistema ProCal com usu\u00e1rios em qualquer lugar do mundo. Um complemento perfeito para um SaaS ou implanta\u00e7\u00e3o de ProCal em toda a empresa, os usu\u00e1rios podem realizar calibra\u00e7\u00f5es e recuperar resultados mais r\u00e1pido do que nunca! Para saber mais e visualizar telas.<\/p>\n\n\n\n<figure class=\"wp-block-image size-large\"><img decoding=\"async\" src=\"https:\/\/www.agilelabs.co.za\/wp-content\/uploads\/2021\/08\/DeviceSyncTags2-1024x625.jpg\" alt=\"\" class=\"wp-image-11607\"\/><\/figure>\n\n\n\n<p><strong>Esta\u00e7\u00e3o de trabalho m\u00f3vel (licen\u00e7as off-line para PCs ou tablets)<\/strong><\/p>\n\n\n\n<p>A esta\u00e7\u00e3o de trabalho m\u00f3vel permite a importa\u00e7\u00e3o e exporta\u00e7\u00e3o de informa\u00e7\u00f5es entre seu banco de dados de produ\u00e7\u00e3o e seu banco de dados off-line. Os resultados de calibra\u00e7\u00e3o e manuten\u00e7\u00e3o inseridos no campo s\u00e3o facilmente carregados por meio de transfer\u00eancias em lote.<\/p>\n\n\n<div class=\"wp-block-image\">\n<figure class=\"aligncenter size-full is-resized\"><img decoding=\"async\" src=\"https:\/\/www.agilelabs.co.za\/wp-content\/uploads\/2021\/08\/ProCalV5-Desktop-Laptop-Tablet-Software.jpg\" alt=\"\" class=\"wp-image-11608\" width=\"804\" height=\"767\"\/><\/figure><\/div>","protected":false},"excerpt":{"rendered":"<p>Adding Value to your Calibration Software There are multiple software options available to support the unique asset management requirements for individual company or industry needs. Among the most prevalent options are the ones list below. To view more, contact us for a features EBook. Preventive Maintenance\/Work Order ProCalV5 allows you to create Preventive Maintenance (PM)<\/p>\n<p class=\"more-link\"><a href=\"https:\/\/www.agilelabs.co.za\/pt\/software-options\/\" class=\"themebutton\">consulte Mais informa\u00e7\u00e3o<\/a><\/p>","protected":false},"author":1,"featured_media":0,"parent":0,"menu_order":0,"comment_status":"closed","ping_status":"closed","template":"","meta":{"_acf_changed":false,"_monsterinsights_skip_tracking":false,"_monsterinsights_sitenote_active":false,"_monsterinsights_sitenote_note":"","_monsterinsights_sitenote_category":0,"footnotes":""},"categories":[],"tags":[],"class_list":["post-11603","page","type-page","status-publish","hentry"],"acf":[],"aioseo_notices":[],"aioseo_head":"\n\t\t<!-- All in One SEO Pro 4.7.0 - aioseo.com -->\n\t\t<meta name=\"description\" content=\"Adding Value to your Calibration Software There are multiple software options available to support the unique asset management requirements for individual company or industry needs. Among the most prevalent options are the ones list below. To view more, contact us for a features EBook. Preventive Maintenance\/Work Order ProCalV5 allows you to create Preventive Maintenance (PM)\" \/>\n\t\t<meta name=\"robots\" content=\"max-image-preview:large\" \/>\n\t\t<meta name=\"google-site-verification\" content=\"Nku-_1g-wtMYqihMzrUWbm5pdgO5gPY2D7l1ya5YPAU\" \/>\n\t\t<meta name=\"msvalidate.01\" content=\"9fc30828a433413eb7b3b5d32174774f\" \/>\n\t\t<meta name=\"yandex-verification\" content=\"c2122235dabe51e3\" \/>\n\t\t<link rel=\"canonical\" href=\"https:\/\/www.agilelabs.co.za\/pt\/software-options\/\" \/>\n\t\t<meta name=\"generator\" content=\"All in One SEO Pro (AIOSEO) 4.7.0\" \/>\n\t\t<meta property=\"og:locale\" content=\"pt_PT\" \/>\n\t\t<meta property=\"og:site_name\" content=\"Agile Labs - Industry and laboratory software solutions\" \/>\n\t\t<meta property=\"og:type\" content=\"article\" \/>\n\t\t<meta property=\"og:title\" content=\"Software Options - Agile Labs\" \/>\n\t\t<meta property=\"og:description\" content=\"Adding Value to your Calibration Software There are multiple software options available to support the unique asset management requirements for individual company or industry needs. Among the most prevalent options are the ones list below. To view more, contact us for a features EBook. Preventive Maintenance\/Work Order ProCalV5 allows you to create Preventive Maintenance (PM)\" \/>\n\t\t<meta property=\"og:url\" content=\"https:\/\/www.agilelabs.co.za\/pt\/software-options\/\" \/>\n\t\t<meta property=\"og:image\" content=\"https:\/\/www.agilelabs.co.za\/wp-content\/uploads\/2021\/08\/TwitterLogo.png?wsr\" \/>\n\t\t<meta property=\"og:image:secure_url\" content=\"https:\/\/www.agilelabs.co.za\/wp-content\/uploads\/2021\/08\/TwitterLogo.png?wsr\" \/>\n\t\t<meta property=\"og:image:width\" content=\"189\" \/>\n\t\t<meta property=\"og:image:height\" content=\"168\" \/>\n\t\t<meta property=\"article:published_time\" content=\"2021-08-22T10:04:15+00:00\" \/>\n\t\t<meta property=\"article:modified_time\" content=\"2022-06-24T10:46:26+00:00\" \/>\n\t\t<meta property=\"article:publisher\" content=\"https:\/\/www.facebook.com\/AgileLabsTeam\" \/>\n\t\t<meta property=\"article:author\" content=\"https:\/\/www.facebook.com\/AgileLabsTeam\" \/>\n\t\t<meta name=\"twitter:card\" content=\"summary\" \/>\n\t\t<meta name=\"twitter:site\" content=\"@InfoAgileLabs\" \/>\n\t\t<meta name=\"twitter:title\" content=\"Software Options - Agile Labs\" \/>\n\t\t<meta name=\"twitter:description\" content=\"Adding Value to your Calibration Software There are multiple software options available to support the unique asset management requirements for individual company or industry needs. Among the most prevalent options are the ones list below. To view more, contact us for a features EBook. Preventive Maintenance\/Work Order ProCalV5 allows you to create Preventive Maintenance (PM)\" \/>\n\t\t<meta name=\"twitter:creator\" content=\"@InfoAgileLabs\" \/>\n\t\t<meta name=\"twitter:image\" content=\"https:\/\/www.agilelabs.co.za\/wp-content\/uploads\/2021\/08\/TwitterLogo.png?wsr\" \/>\n\t\t<script type=\"application\/ld+json\" class=\"aioseo-schema\">\n\t\t\t{\"@context\":\"https:\\\/\\\/schema.org\",\"@graph\":[{\"@type\":\"BreadcrumbList\",\"@id\":\"https:\\\/\\\/www.agilelabs.co.za\\\/pt\\\/software-options\\\/#breadcrumblist\",\"itemListElement\":[{\"@type\":\"ListItem\",\"@id\":\"https:\\\/\\\/www.agilelabs.co.za\\\/pt\\\/#listItem\",\"position\":1,\"name\":\"Home\",\"item\":\"https:\\\/\\\/www.agilelabs.co.za\\\/pt\\\/\",\"nextItem\":\"https:\\\/\\\/www.agilelabs.co.za\\\/pt\\\/software-options\\\/#listItem\"},{\"@type\":\"ListItem\",\"@id\":\"https:\\\/\\\/www.agilelabs.co.za\\\/pt\\\/software-options\\\/#listItem\",\"position\":2,\"name\":\"Software Options\",\"previousItem\":\"https:\\\/\\\/www.agilelabs.co.za\\\/pt\\\/#listItem\"}]},{\"@type\":\"Organization\",\"@id\":\"https:\\\/\\\/www.agilelabs.co.za\\\/pt\\\/#organization\",\"name\":\"Agile Labs\",\"url\":\"https:\\\/\\\/www.agilelabs.co.za\\\/pt\\\/\",\"logo\":{\"@type\":\"ImageObject\",\"url\":\"https:\\\/\\\/www.agilelabs.co.za\\\/wp-content\\\/uploads\\\/2021\\\/08\\\/LogoTransparant.gif?wsr\",\"@id\":\"https:\\\/\\\/www.agilelabs.co.za\\\/pt\\\/software-options\\\/#organizationLogo\",\"width\":125,\"height\":113},\"image\":{\"@id\":\"https:\\\/\\\/www.agilelabs.co.za\\\/pt\\\/software-options\\\/#organizationLogo\"},\"sameAs\":[\"https:\\\/\\\/www.facebook.com\\\/AgileLabsTeam\",\"https:\\\/\\\/twitter.com\\\/InfoAgileLabs\"]},{\"@type\":\"WebPage\",\"@id\":\"https:\\\/\\\/www.agilelabs.co.za\\\/pt\\\/software-options\\\/#webpage\",\"url\":\"https:\\\/\\\/www.agilelabs.co.za\\\/pt\\\/software-options\\\/\",\"name\":\"Software Options - Agile Labs\",\"description\":\"Adding Value to your Calibration Software There are multiple software options available to support the unique asset management requirements for individual company or industry needs. Among the most prevalent options are the ones list below. To view more, contact us for a features EBook. Preventive Maintenance\\\/Work Order ProCalV5 allows you to create Preventive Maintenance (PM)\",\"inLanguage\":\"pt-PT\",\"isPartOf\":{\"@id\":\"https:\\\/\\\/www.agilelabs.co.za\\\/pt\\\/#website\"},\"breadcrumb\":{\"@id\":\"https:\\\/\\\/www.agilelabs.co.za\\\/pt\\\/software-options\\\/#breadcrumblist\"},\"datePublished\":\"2021-08-22T12:04:15+02:00\",\"dateModified\":\"2022-06-24T12:46:26+02:00\"},{\"@type\":\"WebSite\",\"@id\":\"https:\\\/\\\/www.agilelabs.co.za\\\/pt\\\/#website\",\"url\":\"https:\\\/\\\/www.agilelabs.co.za\\\/pt\\\/\",\"name\":\"Agile Labs\",\"description\":\"Industry and laboratory software solutions\",\"inLanguage\":\"pt-PT\",\"publisher\":{\"@id\":\"https:\\\/\\\/www.agilelabs.co.za\\\/pt\\\/#organization\"}}]}\n\t\t<\/script>\n\t\t<script type=\"text\/javascript\">\n\t\t\t(function(c,l,a,r,i,t,y){\n\t\t\tc[a]=c[a]||function(){(c[a].q=c[a].q||[]).push(arguments)};t=l.createElement(r);t.async=1;\n\t\t\tt.src=\"https:\/\/www.clarity.ms\/tag\/\"+i+\"?ref=aioseo\";y=l.getElementsByTagName(r)[0];y.parentNode.insertBefore(t,y);\n\t\t})(window, document, \"clarity\", \"script\", \"b88vlc75di\");\n\t\t<\/script>\n\t\t<!-- All in One SEO Pro -->\r\n\t\t<title>Software Options - Agile Labs<\/title>\n\n","aioseo_head_json":{"title":"Software Options - Agile Labs","description":"Adding Value to your Calibration Software There are multiple software options available to support the unique asset management requirements for individual company or industry needs. Among the most prevalent options are the ones list below. To view more, contact us for a features EBook. Preventive Maintenance\/Work Order ProCalV5 allows you to create Preventive Maintenance (PM)","canonical_url":"https:\/\/www.agilelabs.co.za\/pt\/software-options\/","robots":"max-image-preview:large","keywords":"","webmasterTools":{"google-site-verification":"Nku-_1g-wtMYqihMzrUWbm5pdgO5gPY2D7l1ya5YPAU","msvalidate.01":"9fc30828a433413eb7b3b5d32174774f","yandex-verification":"c2122235dabe51e3","miscellaneous":""},"og:locale":"pt_PT","og:site_name":"Agile Labs - Industry and laboratory software solutions","og:type":"article","og:title":"Software Options - Agile Labs","og:description":"Adding Value to your Calibration Software There are multiple software options available to support the unique asset management requirements for individual company or industry needs. Among the most prevalent options are the ones list below. To view more, contact us for a features EBook. Preventive Maintenance\/Work Order ProCalV5 allows you to create Preventive Maintenance (PM)","og:url":"https:\/\/www.agilelabs.co.za\/pt\/software-options\/","og:image":"https:\/\/www.agilelabs.co.za\/wp-content\/uploads\/2021\/08\/TwitterLogo.png?wsr","og:image:secure_url":"https:\/\/www.agilelabs.co.za\/wp-content\/uploads\/2021\/08\/TwitterLogo.png?wsr","og:image:width":189,"og:image:height":168,"article:published_time":"2021-08-22T10:04:15+00:00","article:modified_time":"2022-06-24T10:46:26+00:00","article:publisher":"https:\/\/www.facebook.com\/AgileLabsTeam","article:author":"https:\/\/www.facebook.com\/AgileLabsTeam","twitter:card":"summary","twitter:site":"@InfoAgileLabs","twitter:title":"Software Options - Agile Labs","twitter:description":"Adding Value to your Calibration Software There are multiple software options available to support the unique asset management requirements for individual company or industry needs. Among the most prevalent options are the ones list below. To view more, contact us for a features EBook. Preventive Maintenance\/Work Order ProCalV5 allows you to create Preventive Maintenance (PM)","twitter:creator":"@InfoAgileLabs","twitter:image":"https:\/\/www.agilelabs.co.za\/wp-content\/uploads\/2021\/08\/TwitterLogo.png?wsr","schema":{"@context":"https:\/\/schema.org","@graph":[{"@type":"BreadcrumbList","@id":"https:\/\/www.agilelabs.co.za\/pt\/software-options\/#breadcrumblist","itemListElement":[{"@type":"ListItem","@id":"https:\/\/www.agilelabs.co.za\/pt\/#listItem","position":1,"name":"Home","item":"https:\/\/www.agilelabs.co.za\/pt\/","nextItem":"https:\/\/www.agilelabs.co.za\/pt\/software-options\/#listItem"},{"@type":"ListItem","@id":"https:\/\/www.agilelabs.co.za\/pt\/software-options\/#listItem","position":2,"name":"Software Options","previousItem":"https:\/\/www.agilelabs.co.za\/pt\/#listItem"}]},{"@type":"Organization","@id":"https:\/\/www.agilelabs.co.za\/pt\/#organization","name":"Agile Labs","url":"https:\/\/www.agilelabs.co.za\/pt\/","logo":{"@type":"ImageObject","url":"https:\/\/www.agilelabs.co.za\/wp-content\/uploads\/2021\/08\/LogoTransparant.gif?wsr","@id":"https:\/\/www.agilelabs.co.za\/pt\/software-options\/#organizationLogo","width":125,"height":113},"image":{"@id":"https:\/\/www.agilelabs.co.za\/pt\/software-options\/#organizationLogo"},"sameAs":["https:\/\/www.facebook.com\/AgileLabsTeam","https:\/\/twitter.com\/InfoAgileLabs"]},{"@type":"WebPage","@id":"https:\/\/www.agilelabs.co.za\/pt\/software-options\/#webpage","url":"https:\/\/www.agilelabs.co.za\/pt\/software-options\/","name":"Software Options - Agile Labs","description":"Adding Value to your Calibration Software There are multiple software options available to support the unique asset management requirements for individual company or industry needs. Among the most prevalent options are the ones list below. To view more, contact us for a features EBook. Preventive Maintenance\/Work Order ProCalV5 allows you to create Preventive Maintenance (PM)","inLanguage":"pt-PT","isPartOf":{"@id":"https:\/\/www.agilelabs.co.za\/pt\/#website"},"breadcrumb":{"@id":"https:\/\/www.agilelabs.co.za\/pt\/software-options\/#breadcrumblist"},"datePublished":"2021-08-22T12:04:15+02:00","dateModified":"2022-06-24T12:46:26+02:00"},{"@type":"WebSite","@id":"https:\/\/www.agilelabs.co.za\/pt\/#website","url":"https:\/\/www.agilelabs.co.za\/pt\/","name":"Agile Labs","description":"Industry and laboratory software solutions","inLanguage":"pt-PT","publisher":{"@id":"https:\/\/www.agilelabs.co.za\/pt\/#organization"}}]}},"aioseo_meta_data":{"post_id":"11603","title":null,"description":null,"keywords":"[]","keyphrases":"{\"focus\":{\"keyphrase\":\"\",\"score\":0,\"analysis\":{\"keyphraseInTitle\":{\"score\":0,\"maxScore\":9,\"error\":1}}},\"additional\":[]}","primary_term":null,"canonical_url":null,"og_title":null,"og_description":null,"og_object_type":"default","og_image_type":"default","og_image_url":null,"og_image_width":null,"og_image_height":null,"og_image_custom_url":null,"og_image_custom_fields":null,"og_video":"","og_custom_url":null,"og_article_section":null,"og_article_tags":"[]","twitter_use_og":false,"twitter_card":"default","twitter_image_type":"default","twitter_image_url":null,"twitter_image_custom_url":null,"twitter_image_custom_fields":null,"twitter_title":null,"twitter_description":null,"schema":{"blockGraphs":[],"customGraphs":[],"default":{"data":{"Article":[],"Course":[],"Dataset":[],"FAQPage":[],"Movie":[],"Person":[],"Product":[],"Recipe":[],"Service":[],"SoftwareApplication":[],"WebPage":[]},"graphName":"","isEnabled":true},"graphs":[]},"schema_type":"default","schema_type_options":"{\"article\":{\"articleType\":\"BlogPosting\"},\"course\":{\"name\":\"\",\"description\":\"\",\"provider\":\"\"},\"faq\":{\"pages\":[]},\"product\":{\"reviews\":[]},\"recipe\":{\"ingredients\":[],\"instructions\":[],\"keywords\":[]},\"software\":{\"reviews\":[],\"operatingSystems\":[]},\"webPage\":{\"webPageType\":\"WebPage\"}}","pillar_content":false,"robots_default":true,"robots_noindex":false,"robots_noarchive":false,"robots_nosnippet":false,"robots_nofollow":false,"robots_noimageindex":false,"robots_noodp":false,"robots_notranslate":false,"robots_max_snippet":"-1","robots_max_videopreview":"-1","robots_max_imagepreview":"large","priority":null,"frequency":"default","local_seo":null,"limit_modified_date":false,"open_ai":null,"created":"2022-02-09 02:39:01","updated":"2022-09-13 21:13:05"},"_links":{"self":[{"href":"https:\/\/www.agilelabs.co.za\/pt\/wp-json\/wp\/v2\/pages\/11603","targetHints":{"allow":["GET"]}}],"collection":[{"href":"https:\/\/www.agilelabs.co.za\/pt\/wp-json\/wp\/v2\/pages"}],"about":[{"href":"https:\/\/www.agilelabs.co.za\/pt\/wp-json\/wp\/v2\/types\/page"}],"author":[{"embeddable":true,"href":"https:\/\/www.agilelabs.co.za\/pt\/wp-json\/wp\/v2\/users\/1"}],"replies":[{"embeddable":true,"href":"https:\/\/www.agilelabs.co.za\/pt\/wp-json\/wp\/v2\/comments?post=11603"}],"version-history":[{"count":0,"href":"https:\/\/www.agilelabs.co.za\/pt\/wp-json\/wp\/v2\/pages\/11603\/revisions"}],"wp:attachment":[{"href":"https:\/\/www.agilelabs.co.za\/pt\/wp-json\/wp\/v2\/media?parent=11603"}],"wp:term":[{"taxonomy":"category","embeddable":true,"href":"https:\/\/www.agilelabs.co.za\/pt\/wp-json\/wp\/v2\/categories?post=11603"},{"taxonomy":"post_tag","embeddable":true,"href":"https:\/\/www.agilelabs.co.za\/pt\/wp-json\/wp\/v2\/tags?post=11603"}],"curies":[{"name":"wp","href":"https:\/\/api.w.org\/{rel}","templated":true}]}}