{"id":11601,"date":"2021-08-20T04:18:02","date_gmt":"2021-08-20T02:18:02","guid":{"rendered":"https:\/\/www.agilelabs.co.za\/?page_id=11501"},"modified":"2021-08-20T04:18:02","modified_gmt":"2021-08-20T02:18:02","slug":"procalv5-system-requirements","status":"publish","type":"page","link":"https:\/\/www.agilelabs.co.za\/pt\/procalv5-system-requirements\/","title":{"rendered":"Requisitos do sistema ProCalV5"},"content":{"rendered":"<p>Abaixo s\u00e3o mostrados os requisitos para todas as vers\u00f5es do ProCalV5 para incluir Esta\u00e7\u00e3o de trabalho m\u00f3vel, Oracle\u00ae, Terminal Application Server (se necess\u00e1rio), MS SQL Server \u2122, DeviceSync e Utilit\u00e1rio de e-mail de lembrete ProCalV5. Se precisar de mais detalhes ou explica\u00e7\u00e3o, por favor\u00a0<strong><a href=\"https:\/\/www.agilelabs.co.za\/pt\/contact-2\/\" data-type=\"page\" data-id=\"11454\">contate-nos<\/a><\/strong>.<\/p>\n\n\n\n<h4 class=\"wp-block-heading\">ProCal Mobile Workstation \/ ProCal Client<\/h4>\n\n\n\n<p><strong>REQUISITOS DE SISTEMA<\/strong><\/p>\n\n\n\n<p>Para usar a vers\u00e3o ProCal Mobile Workstation, recomenda-se o seguinte hardware e software:<\/p>\n\n\n\n<p>Mem\u00f3ria do sistema (RAM):<\/p>\n\n\n\n<ul class=\"wp-block-list\"><li>M\u00ednimo de 1 GB para Windows (2 GB ou mais recomendado)<\/li><\/ul>\n\n\n\n<p>Sistema operacional: Windows 7 ou superior<\/p>\n\n\n\n<h4 class=\"wp-block-heading\">Servidor de banco de dados ProCalV5<\/h4>\n\n\n\n<p><strong>REQUISITOS DE SISTEMA<\/strong><\/p>\n\n\n\n<p><strong>Servidor de banco de dados Oracle\u00ae<\/strong><\/p>\n\n\n\n<ul class=\"wp-block-list\"><li>Oracle 9i vers\u00e3o 9.2.0.5.0 ou superior<\/li><\/ul>\n\n\n\n<p>NOTA: Consulte a documenta\u00e7\u00e3o do Oracle para obter os requisitos do sistema em plataformas alternativas.<\/p>\n\n\n\n<p><strong>Servidor de banco de dados MS SQL Server \u2122<\/strong><\/p>\n\n\n\n<ul class=\"wp-block-list\"><li>Microsoft SQL Server vers\u00e3o 2005 ou superior (incluindo todas as edi\u00e7\u00f5es, x86 e x64)<\/li><\/ul>\n\n\n\n<p>NOTA: Consulte os Requisitos do Microsoft SQL Server para obter mais detalhes<\/p>\n\n\n\n<h4 class=\"wp-block-heading\">Servidor de aplicativos (se necess\u00e1rio):<\/h4>\n\n\n\n<p>(VMware, Citrix, Terminal Server, etc.)<\/p>\n\n\n\n<p><strong>REQUISITOS DE SISTEMA<\/strong><\/p>\n\n\n\n<p>Processador: 2 GHz ou superior<\/p>\n\n\n\n<p>Mem\u00f3ria do sistema (RAM):<\/p>\n\n\n\n<ul class=\"wp-block-list\"><li>M\u00ednimo de 16 MB de RAM por usu\u00e1rio (20 MB por usu\u00e1rio ou mais recomendado)<\/li><\/ul>\n\n\n\n<p>NOTA: Consulte a documenta\u00e7\u00e3o do sistema do servidor para mais requisitos de rede, mem\u00f3ria ou cliente fino (por exemplo, Citrix Metaframe, Citrix Presentation Server, Citrix XenApp, etc.)<\/p>\n\n\n\n<h4 class=\"wp-block-heading\">Utilit\u00e1rio de e-mail de lembrete ProCalV5 (todas as plataformas e vers\u00f5es)<\/h4>\n\n\n\n<p><strong>REQUISITOS DE SISTEMA<\/strong><\/p>\n\n\n\n<p>Para usar o Utilit\u00e1rio de e-mail de lembrete ProCalV5, os seguintes requisitos se aplicam:<\/p>\n\n\n\n<p><strong>Cliente:<\/strong><\/p>\n\n\n\n<ul class=\"wp-block-list\"><li>Software: Microsoft .NET Framework 2.0 ou superior<\/li><\/ul>\n\n\n\n<p><strong>Servidor \/ Servi\u00e7o:<\/strong><\/p>\n\n\n\n<ul class=\"wp-block-list\"><li>Servidor SMTP de sa\u00edda de correio necess\u00e1rio<\/li><\/ul>\n\n\n\n<h4 class=\"wp-block-heading\">DeviceSync<\/h4>\n\n\n\n<p>Aplicativo Windows para intera\u00e7\u00e3o com calibradores Fluke<\/p>\n\n\n\n<p><strong>Sistema operacional<\/strong><\/p>\n\n\n\n<ul class=\"wp-block-list\"><li>Windows de 64 bits 10, 8, 7<\/li><li>Windows de 64 bits 2012<\/li><\/ul>\n\n\n\n<p><strong>Rede<\/strong><\/p>\n\n\n\n<ul class=\"wp-block-list\"><li>Acesso \u00e0 Internet necess\u00e1rio<\/li><li>Proxy opcional com suporte via URL \/ configura\u00e7\u00e3o de porta direta<\/li><\/ul>\n\n\n\n<p><strong>RAM<\/strong><\/p>\n\n\n\n<ul class=\"wp-block-list\"><li>2 GB m\u00ednimo<\/li><\/ul>\n\n\n\n<p><strong>Armazenar<\/strong><\/p>\n\n\n\n<ul class=\"wp-block-list\"><li>750 MB gr\u00e1tis<\/li><\/ul>\n\n\n\n<p><strong>Suporte de Hardware<\/strong><\/p>\n\n\n\n<ul class=\"wp-block-list\"><li>Fluke 754, 753, 744, 743B, 729<\/li><\/ul>\n\n\n\n<p><strong>Conta de usu\u00e1rio ProCalOnline.com necess\u00e1ria para registro<\/strong><\/p>\n\n\n\n<div class=\"wp-block-image\"><figure class=\"aligncenter size-full\"><img decoding=\"async\" src=\"https:\/\/www.agilelabs.co.za\/wp-content\/uploads\/2021\/08\/MonitorsAndFlukeReportsandMasterRecord-1.jpg\" alt=\"\" class=\"wp-image-11502\"\/><\/figure><\/div>","protected":false},"excerpt":{"rendered":"<p>Shown below are the requirements for all versions of ProCalV5 to include Mobile Workstation, Oracle\u00ae, Terminal Application Server (If Required), MS SQL Server\u2122, DeviceSync and ProCalV5 Reminder Email Utility. If you need further details or explanation, please\u00a0contact us. ProCal Mobile Workstation\/ProCal Client SYSTEM REQUIREMENTS To use the ProCal Mobile Workstation version, the following hardware and<\/p>\n<p class=\"more-link\"><a href=\"https:\/\/www.agilelabs.co.za\/pt\/procalv5-system-requirements\/\" class=\"themebutton\">consulte Mais informa\u00e7\u00e3o<\/a><\/p>","protected":false},"author":1,"featured_media":0,"parent":0,"menu_order":0,"comment_status":"closed","ping_status":"closed","template":"","meta":{"_acf_changed":false,"_monsterinsights_skip_tracking":false,"_monsterinsights_sitenote_active":false,"_monsterinsights_sitenote_note":"","_monsterinsights_sitenote_category":0,"footnotes":""},"categories":[],"tags":[],"class_list":["post-11601","page","type-page","status-publish","hentry"],"acf":[],"aioseo_notices":[],"aioseo_head":"\n\t\t<!-- All in One SEO Pro 4.7.0 - aioseo.com -->\n\t\t<meta name=\"description\" content=\"Shown below are the requirements for all versions of ProCalV5 to include Mobile Workstation, Oracle\u00ae, Terminal Application Server (If Required), MS SQL Server\u2122, DeviceSync and ProCalV5 Reminder Email Utility. If you need further details or explanation, please contact us. ProCal Mobile Workstation\/ProCal Client SYSTEM REQUIREMENTS To use the ProCal Mobile Workstation version, the following hardware and\" \/>\n\t\t<meta name=\"robots\" content=\"max-image-preview:large\" \/>\n\t\t<meta name=\"google-site-verification\" content=\"Nku-_1g-wtMYqihMzrUWbm5pdgO5gPY2D7l1ya5YPAU\" \/>\n\t\t<meta name=\"msvalidate.01\" content=\"9fc30828a433413eb7b3b5d32174774f\" \/>\n\t\t<meta name=\"yandex-verification\" content=\"c2122235dabe51e3\" \/>\n\t\t<link rel=\"canonical\" href=\"https:\/\/www.agilelabs.co.za\/pt\/procalv5-system-requirements\/\" \/>\n\t\t<meta name=\"generator\" content=\"All in One SEO Pro (AIOSEO) 4.7.0\" \/>\n\t\t<meta property=\"og:locale\" content=\"pt_PT\" \/>\n\t\t<meta property=\"og:site_name\" content=\"Agile Labs - Industry and laboratory software solutions\" \/>\n\t\t<meta property=\"og:type\" content=\"article\" \/>\n\t\t<meta property=\"og:title\" content=\"ProCalV5 System Requirements - Agile Labs\" \/>\n\t\t<meta property=\"og:description\" content=\"Shown below are the requirements for all versions of ProCalV5 to include Mobile Workstation, Oracle\u00ae, Terminal Application Server (If Required), MS SQL Server\u2122, DeviceSync and ProCalV5 Reminder Email Utility. If you need further details or explanation, please contact us. ProCal Mobile Workstation\/ProCal Client SYSTEM REQUIREMENTS To use the ProCal Mobile Workstation version, the following hardware and\" \/>\n\t\t<meta property=\"og:url\" content=\"https:\/\/www.agilelabs.co.za\/pt\/procalv5-system-requirements\/\" \/>\n\t\t<meta property=\"og:image\" content=\"https:\/\/www.agilelabs.co.za\/wp-content\/uploads\/2021\/08\/TwitterLogo.png?wsr\" \/>\n\t\t<meta property=\"og:image:secure_url\" content=\"https:\/\/www.agilelabs.co.za\/wp-content\/uploads\/2021\/08\/TwitterLogo.png?wsr\" \/>\n\t\t<meta property=\"og:image:width\" content=\"189\" \/>\n\t\t<meta property=\"og:image:height\" content=\"168\" \/>\n\t\t<meta property=\"article:published_time\" content=\"2021-08-20T02:18:02+00:00\" \/>\n\t\t<meta property=\"article:modified_time\" content=\"2021-08-20T02:18:02+00:00\" \/>\n\t\t<meta property=\"article:publisher\" content=\"https:\/\/www.facebook.com\/AgileLabsTeam\" \/>\n\t\t<meta property=\"article:author\" content=\"https:\/\/www.facebook.com\/AgileLabsTeam\" \/>\n\t\t<meta name=\"twitter:card\" content=\"summary\" \/>\n\t\t<meta name=\"twitter:site\" content=\"@InfoAgileLabs\" \/>\n\t\t<meta name=\"twitter:title\" content=\"ProCalV5 System Requirements - Agile Labs\" \/>\n\t\t<meta name=\"twitter:description\" content=\"Shown below are the requirements for all versions of ProCalV5 to include Mobile Workstation, Oracle\u00ae, Terminal Application Server (If Required), MS SQL Server\u2122, DeviceSync and ProCalV5 Reminder Email Utility. If you need further details or explanation, please contact us. ProCal Mobile Workstation\/ProCal Client SYSTEM REQUIREMENTS To use the ProCal Mobile Workstation version, the following hardware and\" \/>\n\t\t<meta name=\"twitter:creator\" content=\"@InfoAgileLabs\" \/>\n\t\t<meta name=\"twitter:image\" content=\"https:\/\/www.agilelabs.co.za\/wp-content\/uploads\/2021\/08\/TwitterLogo.png?wsr\" \/>\n\t\t<script type=\"application\/ld+json\" class=\"aioseo-schema\">\n\t\t\t{\"@context\":\"https:\\\/\\\/schema.org\",\"@graph\":[{\"@type\":\"BreadcrumbList\",\"@id\":\"https:\\\/\\\/www.agilelabs.co.za\\\/pt\\\/procalv5-system-requirements\\\/#breadcrumblist\",\"itemListElement\":[{\"@type\":\"ListItem\",\"@id\":\"https:\\\/\\\/www.agilelabs.co.za\\\/pt\\\/#listItem\",\"position\":1,\"name\":\"Home\",\"item\":\"https:\\\/\\\/www.agilelabs.co.za\\\/pt\\\/\",\"nextItem\":\"https:\\\/\\\/www.agilelabs.co.za\\\/pt\\\/procalv5-system-requirements\\\/#listItem\"},{\"@type\":\"ListItem\",\"@id\":\"https:\\\/\\\/www.agilelabs.co.za\\\/pt\\\/procalv5-system-requirements\\\/#listItem\",\"position\":2,\"name\":\"ProCalV5 System Requirements\",\"previousItem\":\"https:\\\/\\\/www.agilelabs.co.za\\\/pt\\\/#listItem\"}]},{\"@type\":\"Organization\",\"@id\":\"https:\\\/\\\/www.agilelabs.co.za\\\/pt\\\/#organization\",\"name\":\"Agile Labs\",\"url\":\"https:\\\/\\\/www.agilelabs.co.za\\\/pt\\\/\",\"logo\":{\"@type\":\"ImageObject\",\"url\":\"https:\\\/\\\/www.agilelabs.co.za\\\/wp-content\\\/uploads\\\/2021\\\/08\\\/LogoTransparant.gif?wsr\",\"@id\":\"https:\\\/\\\/www.agilelabs.co.za\\\/pt\\\/procalv5-system-requirements\\\/#organizationLogo\",\"width\":125,\"height\":113},\"image\":{\"@id\":\"https:\\\/\\\/www.agilelabs.co.za\\\/pt\\\/procalv5-system-requirements\\\/#organizationLogo\"},\"sameAs\":[\"https:\\\/\\\/www.facebook.com\\\/AgileLabsTeam\",\"https:\\\/\\\/twitter.com\\\/InfoAgileLabs\"]},{\"@type\":\"WebPage\",\"@id\":\"https:\\\/\\\/www.agilelabs.co.za\\\/pt\\\/procalv5-system-requirements\\\/#webpage\",\"url\":\"https:\\\/\\\/www.agilelabs.co.za\\\/pt\\\/procalv5-system-requirements\\\/\",\"name\":\"ProCalV5 System Requirements - Agile Labs\",\"description\":\"Shown below are the requirements for all versions of ProCalV5 to include Mobile Workstation, Oracle\\u00ae, Terminal Application Server (If Required), MS SQL Server\\u2122, DeviceSync and ProCalV5 Reminder Email Utility. If you need further details or explanation, please contact us. ProCal Mobile Workstation\\\/ProCal Client SYSTEM REQUIREMENTS To use the ProCal Mobile Workstation version, the following hardware and\",\"inLanguage\":\"pt-PT\",\"isPartOf\":{\"@id\":\"https:\\\/\\\/www.agilelabs.co.za\\\/pt\\\/#website\"},\"breadcrumb\":{\"@id\":\"https:\\\/\\\/www.agilelabs.co.za\\\/pt\\\/procalv5-system-requirements\\\/#breadcrumblist\"},\"datePublished\":\"2021-08-20T04:18:02+02:00\",\"dateModified\":\"2021-08-20T04:18:02+02:00\"},{\"@type\":\"WebSite\",\"@id\":\"https:\\\/\\\/www.agilelabs.co.za\\\/pt\\\/#website\",\"url\":\"https:\\\/\\\/www.agilelabs.co.za\\\/pt\\\/\",\"name\":\"Agile Labs\",\"description\":\"Industry and laboratory software solutions\",\"inLanguage\":\"pt-PT\",\"publisher\":{\"@id\":\"https:\\\/\\\/www.agilelabs.co.za\\\/pt\\\/#organization\"}}]}\n\t\t<\/script>\n\t\t<script type=\"text\/javascript\">\n\t\t\t(function(c,l,a,r,i,t,y){\n\t\t\tc[a]=c[a]||function(){(c[a].q=c[a].q||[]).push(arguments)};t=l.createElement(r);t.async=1;\n\t\t\tt.src=\"https:\/\/www.clarity.ms\/tag\/\"+i+\"?ref=aioseo\";y=l.getElementsByTagName(r)[0];y.parentNode.insertBefore(t,y);\n\t\t})(window, document, \"clarity\", \"script\", \"b88vlc75di\");\n\t\t<\/script>\n\t\t<!-- All in One SEO Pro -->\r\n\t\t<title>ProCalV5 System Requirements - Agile Labs<\/title>\n\n","aioseo_head_json":{"title":"ProCalV5 System Requirements - Agile Labs","description":"Shown below are the requirements for all versions of ProCalV5 to include Mobile Workstation, Oracle\u00ae, Terminal Application Server (If Required), MS SQL Server\u2122, DeviceSync and ProCalV5 Reminder Email Utility. If you need further details or explanation, please contact us. ProCal Mobile Workstation\/ProCal Client SYSTEM REQUIREMENTS To use the ProCal Mobile Workstation version, the following hardware and","canonical_url":"https:\/\/www.agilelabs.co.za\/pt\/procalv5-system-requirements\/","robots":"max-image-preview:large","keywords":"","webmasterTools":{"google-site-verification":"Nku-_1g-wtMYqihMzrUWbm5pdgO5gPY2D7l1ya5YPAU","msvalidate.01":"9fc30828a433413eb7b3b5d32174774f","yandex-verification":"c2122235dabe51e3","miscellaneous":""},"og:locale":"pt_PT","og:site_name":"Agile Labs - Industry and laboratory software solutions","og:type":"article","og:title":"ProCalV5 System Requirements - Agile Labs","og:description":"Shown below are the requirements for all versions of ProCalV5 to include Mobile Workstation, Oracle\u00ae, Terminal Application Server (If Required), MS SQL Server\u2122, DeviceSync and ProCalV5 Reminder Email Utility. If you need further details or explanation, please contact us. ProCal Mobile Workstation\/ProCal Client SYSTEM REQUIREMENTS To use the ProCal Mobile Workstation version, the following hardware and","og:url":"https:\/\/www.agilelabs.co.za\/pt\/procalv5-system-requirements\/","og:image":"https:\/\/www.agilelabs.co.za\/wp-content\/uploads\/2021\/08\/TwitterLogo.png?wsr","og:image:secure_url":"https:\/\/www.agilelabs.co.za\/wp-content\/uploads\/2021\/08\/TwitterLogo.png?wsr","og:image:width":189,"og:image:height":168,"article:published_time":"2021-08-20T02:18:02+00:00","article:modified_time":"2021-08-20T02:18:02+00:00","article:publisher":"https:\/\/www.facebook.com\/AgileLabsTeam","article:author":"https:\/\/www.facebook.com\/AgileLabsTeam","twitter:card":"summary","twitter:site":"@InfoAgileLabs","twitter:title":"ProCalV5 System Requirements - Agile Labs","twitter:description":"Shown below are the requirements for all versions of ProCalV5 to include Mobile Workstation, Oracle\u00ae, Terminal Application Server (If Required), MS SQL Server\u2122, DeviceSync and ProCalV5 Reminder Email Utility. If you need further details or explanation, please contact us. ProCal Mobile Workstation\/ProCal Client SYSTEM REQUIREMENTS To use the ProCal Mobile Workstation version, the following hardware and","twitter:creator":"@InfoAgileLabs","twitter:image":"https:\/\/www.agilelabs.co.za\/wp-content\/uploads\/2021\/08\/TwitterLogo.png?wsr","schema":{"@context":"https:\/\/schema.org","@graph":[{"@type":"BreadcrumbList","@id":"https:\/\/www.agilelabs.co.za\/pt\/procalv5-system-requirements\/#breadcrumblist","itemListElement":[{"@type":"ListItem","@id":"https:\/\/www.agilelabs.co.za\/pt\/#listItem","position":1,"name":"Home","item":"https:\/\/www.agilelabs.co.za\/pt\/","nextItem":"https:\/\/www.agilelabs.co.za\/pt\/procalv5-system-requirements\/#listItem"},{"@type":"ListItem","@id":"https:\/\/www.agilelabs.co.za\/pt\/procalv5-system-requirements\/#listItem","position":2,"name":"ProCalV5 System Requirements","previousItem":"https:\/\/www.agilelabs.co.za\/pt\/#listItem"}]},{"@type":"Organization","@id":"https:\/\/www.agilelabs.co.za\/pt\/#organization","name":"Agile Labs","url":"https:\/\/www.agilelabs.co.za\/pt\/","logo":{"@type":"ImageObject","url":"https:\/\/www.agilelabs.co.za\/wp-content\/uploads\/2021\/08\/LogoTransparant.gif?wsr","@id":"https:\/\/www.agilelabs.co.za\/pt\/procalv5-system-requirements\/#organizationLogo","width":125,"height":113},"image":{"@id":"https:\/\/www.agilelabs.co.za\/pt\/procalv5-system-requirements\/#organizationLogo"},"sameAs":["https:\/\/www.facebook.com\/AgileLabsTeam","https:\/\/twitter.com\/InfoAgileLabs"]},{"@type":"WebPage","@id":"https:\/\/www.agilelabs.co.za\/pt\/procalv5-system-requirements\/#webpage","url":"https:\/\/www.agilelabs.co.za\/pt\/procalv5-system-requirements\/","name":"ProCalV5 System Requirements - Agile Labs","description":"Shown below are the requirements for all versions of ProCalV5 to include Mobile Workstation, Oracle\u00ae, Terminal Application Server (If Required), MS SQL Server\u2122, DeviceSync and ProCalV5 Reminder Email Utility. If you need further details or explanation, please contact us. ProCal Mobile Workstation\/ProCal Client SYSTEM REQUIREMENTS To use the ProCal Mobile Workstation version, the following hardware and","inLanguage":"pt-PT","isPartOf":{"@id":"https:\/\/www.agilelabs.co.za\/pt\/#website"},"breadcrumb":{"@id":"https:\/\/www.agilelabs.co.za\/pt\/procalv5-system-requirements\/#breadcrumblist"},"datePublished":"2021-08-20T04:18:02+02:00","dateModified":"2021-08-20T04:18:02+02:00"},{"@type":"WebSite","@id":"https:\/\/www.agilelabs.co.za\/pt\/#website","url":"https:\/\/www.agilelabs.co.za\/pt\/","name":"Agile Labs","description":"Industry and laboratory software solutions","inLanguage":"pt-PT","publisher":{"@id":"https:\/\/www.agilelabs.co.za\/pt\/#organization"}}]}},"aioseo_meta_data":{"post_id":"11601","title":null,"description":null,"keywords":null,"keyphrases":null,"primary_term":null,"canonical_url":null,"og_title":null,"og_description":null,"og_object_type":"default","og_image_type":"default","og_image_url":null,"og_image_width":null,"og_image_height":null,"og_image_custom_url":null,"og_image_custom_fields":null,"og_video":null,"og_custom_url":null,"og_article_section":null,"og_article_tags":null,"twitter_use_og":false,"twitter_card":"default","twitter_image_type":"default","twitter_image_url":null,"twitter_image_custom_url":null,"twitter_image_custom_fields":null,"twitter_title":null,"twitter_description":null,"schema":{"blockGraphs":[],"customGraphs":[],"default":{"data":{"Article":[],"Course":[],"Dataset":[],"FAQPage":[],"Movie":[],"Person":[],"Product":[],"Recipe":[],"Service":[],"SoftwareApplication":[],"WebPage":[]},"graphName":"","isEnabled":true},"graphs":[]},"schema_type":"default","schema_type_options":null,"pillar_content":false,"robots_default":true,"robots_noindex":false,"robots_noarchive":false,"robots_nosnippet":false,"robots_nofollow":false,"robots_noimageindex":false,"robots_noodp":false,"robots_notranslate":false,"robots_max_snippet":null,"robots_max_videopreview":null,"robots_max_imagepreview":"large","priority":null,"frequency":null,"local_seo":null,"limit_modified_date":false,"open_ai":null,"created":"2022-02-09 02:39:01","updated":"2022-09-13 21:14:48"},"_links":{"self":[{"href":"https:\/\/www.agilelabs.co.za\/pt\/wp-json\/wp\/v2\/pages\/11601","targetHints":{"allow":["GET"]}}],"collection":[{"href":"https:\/\/www.agilelabs.co.za\/pt\/wp-json\/wp\/v2\/pages"}],"about":[{"href":"https:\/\/www.agilelabs.co.za\/pt\/wp-json\/wp\/v2\/types\/page"}],"author":[{"embeddable":true,"href":"https:\/\/www.agilelabs.co.za\/pt\/wp-json\/wp\/v2\/users\/1"}],"replies":[{"embeddable":true,"href":"https:\/\/www.agilelabs.co.za\/pt\/wp-json\/wp\/v2\/comments?post=11601"}],"version-history":[{"count":0,"href":"https:\/\/www.agilelabs.co.za\/pt\/wp-json\/wp\/v2\/pages\/11601\/revisions"}],"wp:attachment":[{"href":"https:\/\/www.agilelabs.co.za\/pt\/wp-json\/wp\/v2\/media?parent=11601"}],"wp:term":[{"taxonomy":"category","embeddable":true,"href":"https:\/\/www.agilelabs.co.za\/pt\/wp-json\/wp\/v2\/categories?post=11601"},{"taxonomy":"post_tag","embeddable":true,"href":"https:\/\/www.agilelabs.co.za\/pt\/wp-json\/wp\/v2\/tags?post=11601"}],"curies":[{"name":"wp","href":"https:\/\/api.w.org\/{rel}","templated":true}]}}