{"id":11593,"date":"2021-08-20T01:35:07","date_gmt":"2021-08-19T23:35:07","guid":{"rendered":"https:\/\/www.agilelabs.co.za\/?page_id=11448"},"modified":"2021-08-20T01:35:07","modified_gmt":"2021-08-19T23:35:07","slug":"sap-enterprise","status":"publish","type":"page","link":"https:\/\/www.agilelabs.co.za\/pt\/sap-enterprise\/","title":{"rendered":"SAP Enterprise"},"content":{"rendered":"<p><strong>Aumente a produtividade com calibra\u00e7\u00f5es totalmente sem papel<\/strong><\/p>\n\n\n\n<p><\/p>\n\n\n\n<p>A solu\u00e7\u00e3o ProCalV5 Calibration and Maintenance Asset Management integra-se com SAP Enterprise Asset Management. O fluxo de trabalho pronto para uso foi projetado para melhorar a produtividade e reduzir os custos operacionais. A sincroniza\u00e7\u00e3o de ativos fornece comunica\u00e7\u00e3o cont\u00ednua para a programa\u00e7\u00e3o de ordem de servi\u00e7o de manuten\u00e7\u00e3o planejada e gerenciamento de dados detalhados.<\/p>\n\n\n\n<p><\/p>\n\n\n\n<div class=\"wp-block-image\"><figure class=\"aligncenter size-full is-resized\"><img decoding=\"async\" src=\"https:\/\/www.agilelabs.co.za\/wp-content\/uploads\/2021\/08\/ProCalConnectorDiagram_Sanofi3.jpg\" alt=\"\" class=\"wp-image-11449\" width=\"594\" height=\"305\"\/><\/figure><\/div>\n\n\n\n<blockquote class=\"wp-block-quote is-layout-flow wp-block-quote-is-layout-flow\"><p> Integra\u00e7\u00e3o SAP - Use a infraestrutura existente para agilizar a manuten\u00e7\u00e3o e calibra\u00e7\u00f5es<\/p><\/blockquote>\n\n\n\n<p><strong>Principais novos recursos adicionados \u00e0 interface SAP com ProCalV5<\/strong><\/p>\n\n\n\n<ul class=\"wp-block-list\"><li>Resolve a duplica\u00e7\u00e3o do fluxo de trabalho em escala; Chega de inserir dados novamente em dois sistemas!<\/li><li>Oferece alto volume de processamento de equipamentos e ordens de servi\u00e7o<\/li><li>Agora oferece op\u00e7\u00f5es de mapeamento para instrumentos e instrumentos de teste, com atribui\u00e7\u00e3o opcional de hierarquia de equipamentos<\/li><li>Novo recurso opcional permite que seus campos ProCalV5 sejam bloqueados para edi\u00e7\u00e3o para impor fluxos de trabalho mais limpos<\/li><li>Funciona com 6 idiomas - trabalhadores locais em outros pa\u00edses agora podem acessar ProCalV5 em seu idioma nativo para uma melhor experi\u00eancia do usu\u00e1rio<\/li><\/ul>\n\n\n\n<p><strong>Recursos de integra\u00e7\u00e3o SAP<\/strong><\/p>\n\n\n\n<ul class=\"wp-block-list\"><li>Melhore a produtividade e reduza os custos operacionais<\/li><li>Compat\u00edvel com v\u00e1rias vers\u00f5es do n\u00facleo SAP<\/li><li>A solu\u00e7\u00e3o padr\u00e3o \u201cpronta para uso\u201d \u00e9 configur\u00e1vel para atender a uma variedade de necessidades de fluxo de trabalho, com personaliza\u00e7\u00e3o adicional dispon\u00edvel<\/li><li>Suporta v\u00e1rias entidades de dados simult\u00e2neas e transfer\u00eancias de dados em massa<\/li><li>Armazena dados em cache com comunica\u00e7\u00e3o perdida<\/li><li>Mant\u00e9m a integridade dos dados e evita a corrup\u00e7\u00e3o<\/li><li>Auditoria \/ registro de todas as transfer\u00eancias de dados com carimbos de data \/ hora<\/li><li>O relat\u00f3rio de auditoria \/ registro fornece ampla pesquisa e controles de filtragem<\/li><li>Interface de configura\u00e7\u00e3o \/ controle de administrador remoto<\/li><li>Pode ser personalizado para atender aos seus requisitos exatos<\/li><li>Instala\u00e7\u00e3o completa, documenta\u00e7\u00e3o e suporte do sistema<\/li><\/ul>\n\n\n\n<p><strong>J\u00e1 tem SAP?<\/strong><\/p>\n\n\n\n<p><a href=\"https:\/\/www.agilelabs.co.za\/pt\/contact-2\/\" data-type=\"URL\" data-id=\"https:\/\/www.agilelabs.co.za\/contact-2\/\">Contate-Nos<\/a><\/p>","protected":false},"excerpt":{"rendered":"<p>Boost Productivity with Fully Paperless Calibrations The ProCalV5 Calibration and Maintenance Asset Management solution integrates with SAP Enterprise Asset Management. The \u2018out-of-the-box\u2019 workflow is designed to improve productivity and reduce operational costs. Asset synchronization provides seamless communication for planned maintenance work order schedule and detailed data management. SAP Integration &#8211; Use existing infrastructure to streamline<\/p>\n<p class=\"more-link\"><a href=\"https:\/\/www.agilelabs.co.za\/pt\/sap-enterprise\/\" class=\"themebutton\">consulte Mais informa\u00e7\u00e3o<\/a><\/p>","protected":false},"author":1,"featured_media":0,"parent":0,"menu_order":0,"comment_status":"closed","ping_status":"closed","template":"","meta":{"_acf_changed":false,"_monsterinsights_skip_tracking":false,"_monsterinsights_sitenote_active":false,"_monsterinsights_sitenote_note":"","_monsterinsights_sitenote_category":0,"footnotes":""},"categories":[],"tags":[],"class_list":["post-11593","page","type-page","status-publish","hentry"],"acf":[],"aioseo_notices":[],"aioseo_head":"\n\t\t<!-- All in One SEO Pro 4.7.0 - aioseo.com -->\n\t\t<meta name=\"description\" content=\"Boost Productivity with Fully Paperless Calibrations The ProCalV5 Calibration and Maintenance Asset Management solution integrates with SAP Enterprise Asset Management. The \u2018out-of-the-box\u2019 workflow is designed to improve productivity and reduce operational costs. Asset synchronization provides seamless communication for planned maintenance work order schedule and detailed data management. SAP Integration - Use existing infrastructure to streamline\" \/>\n\t\t<meta name=\"robots\" content=\"max-image-preview:large\" \/>\n\t\t<meta name=\"google-site-verification\" content=\"Nku-_1g-wtMYqihMzrUWbm5pdgO5gPY2D7l1ya5YPAU\" \/>\n\t\t<meta name=\"msvalidate.01\" content=\"9fc30828a433413eb7b3b5d32174774f\" \/>\n\t\t<meta name=\"yandex-verification\" content=\"c2122235dabe51e3\" \/>\n\t\t<link rel=\"canonical\" href=\"https:\/\/www.agilelabs.co.za\/pt\/sap-enterprise\/\" \/>\n\t\t<meta name=\"generator\" content=\"All in One SEO Pro (AIOSEO) 4.7.0\" \/>\n\t\t<meta property=\"og:locale\" content=\"pt_PT\" \/>\n\t\t<meta property=\"og:site_name\" content=\"Agile Labs - Industry and laboratory software solutions\" \/>\n\t\t<meta property=\"og:type\" content=\"article\" \/>\n\t\t<meta property=\"og:title\" content=\"SAP Enterprise - Agile Labs\" \/>\n\t\t<meta property=\"og:description\" content=\"Boost Productivity with Fully Paperless Calibrations The ProCalV5 Calibration and Maintenance Asset Management solution integrates with SAP Enterprise Asset Management. The \u2018out-of-the-box\u2019 workflow is designed to improve productivity and reduce operational costs. Asset synchronization provides seamless communication for planned maintenance work order schedule and detailed data management. SAP Integration - Use existing infrastructure to streamline\" \/>\n\t\t<meta property=\"og:url\" content=\"https:\/\/www.agilelabs.co.za\/pt\/sap-enterprise\/\" \/>\n\t\t<meta property=\"og:image\" content=\"https:\/\/www.agilelabs.co.za\/wp-content\/uploads\/2021\/08\/TwitterLogo.png?wsr\" \/>\n\t\t<meta property=\"og:image:secure_url\" content=\"https:\/\/www.agilelabs.co.za\/wp-content\/uploads\/2021\/08\/TwitterLogo.png?wsr\" \/>\n\t\t<meta property=\"og:image:width\" content=\"189\" \/>\n\t\t<meta property=\"og:image:height\" content=\"168\" \/>\n\t\t<meta property=\"article:published_time\" content=\"2021-08-19T23:35:07+00:00\" \/>\n\t\t<meta property=\"article:modified_time\" content=\"2021-08-19T23:35:07+00:00\" \/>\n\t\t<meta property=\"article:publisher\" content=\"https:\/\/www.facebook.com\/AgileLabsTeam\" \/>\n\t\t<meta property=\"article:author\" content=\"https:\/\/www.facebook.com\/AgileLabsTeam\" \/>\n\t\t<meta name=\"twitter:card\" content=\"summary\" \/>\n\t\t<meta name=\"twitter:site\" content=\"@InfoAgileLabs\" \/>\n\t\t<meta name=\"twitter:title\" content=\"SAP Enterprise - Agile Labs\" \/>\n\t\t<meta name=\"twitter:description\" content=\"Boost Productivity with Fully Paperless Calibrations The ProCalV5 Calibration and Maintenance Asset Management solution integrates with SAP Enterprise Asset Management. The \u2018out-of-the-box\u2019 workflow is designed to improve productivity and reduce operational costs. Asset synchronization provides seamless communication for planned maintenance work order schedule and detailed data management. SAP Integration - Use existing infrastructure to streamline\" \/>\n\t\t<meta name=\"twitter:creator\" content=\"@InfoAgileLabs\" \/>\n\t\t<meta name=\"twitter:image\" content=\"https:\/\/www.agilelabs.co.za\/wp-content\/uploads\/2021\/08\/TwitterLogo.png?wsr\" \/>\n\t\t<script type=\"application\/ld+json\" class=\"aioseo-schema\">\n\t\t\t{\"@context\":\"https:\\\/\\\/schema.org\",\"@graph\":[{\"@type\":\"BreadcrumbList\",\"@id\":\"https:\\\/\\\/www.agilelabs.co.za\\\/pt\\\/sap-enterprise\\\/#breadcrumblist\",\"itemListElement\":[{\"@type\":\"ListItem\",\"@id\":\"https:\\\/\\\/www.agilelabs.co.za\\\/pt\\\/#listItem\",\"position\":1,\"name\":\"Home\",\"item\":\"https:\\\/\\\/www.agilelabs.co.za\\\/pt\\\/\",\"nextItem\":\"https:\\\/\\\/www.agilelabs.co.za\\\/pt\\\/sap-enterprise\\\/#listItem\"},{\"@type\":\"ListItem\",\"@id\":\"https:\\\/\\\/www.agilelabs.co.za\\\/pt\\\/sap-enterprise\\\/#listItem\",\"position\":2,\"name\":\"SAP Enterprise\",\"previousItem\":\"https:\\\/\\\/www.agilelabs.co.za\\\/pt\\\/#listItem\"}]},{\"@type\":\"Organization\",\"@id\":\"https:\\\/\\\/www.agilelabs.co.za\\\/pt\\\/#organization\",\"name\":\"Agile Labs\",\"url\":\"https:\\\/\\\/www.agilelabs.co.za\\\/pt\\\/\",\"logo\":{\"@type\":\"ImageObject\",\"url\":\"https:\\\/\\\/www.agilelabs.co.za\\\/wp-content\\\/uploads\\\/2021\\\/08\\\/LogoTransparant.gif?wsr\",\"@id\":\"https:\\\/\\\/www.agilelabs.co.za\\\/pt\\\/sap-enterprise\\\/#organizationLogo\",\"width\":125,\"height\":113},\"image\":{\"@id\":\"https:\\\/\\\/www.agilelabs.co.za\\\/pt\\\/sap-enterprise\\\/#organizationLogo\"},\"sameAs\":[\"https:\\\/\\\/www.facebook.com\\\/AgileLabsTeam\",\"https:\\\/\\\/twitter.com\\\/InfoAgileLabs\"]},{\"@type\":\"WebPage\",\"@id\":\"https:\\\/\\\/www.agilelabs.co.za\\\/pt\\\/sap-enterprise\\\/#webpage\",\"url\":\"https:\\\/\\\/www.agilelabs.co.za\\\/pt\\\/sap-enterprise\\\/\",\"name\":\"SAP Enterprise - Agile Labs\",\"description\":\"Boost Productivity with Fully Paperless Calibrations The ProCalV5 Calibration and Maintenance Asset Management solution integrates with SAP Enterprise Asset Management. The \\u2018out-of-the-box\\u2019 workflow is designed to improve productivity and reduce operational costs. Asset synchronization provides seamless communication for planned maintenance work order schedule and detailed data management. SAP Integration - Use existing infrastructure to streamline\",\"inLanguage\":\"pt-PT\",\"isPartOf\":{\"@id\":\"https:\\\/\\\/www.agilelabs.co.za\\\/pt\\\/#website\"},\"breadcrumb\":{\"@id\":\"https:\\\/\\\/www.agilelabs.co.za\\\/pt\\\/sap-enterprise\\\/#breadcrumblist\"},\"datePublished\":\"2021-08-20T01:35:07+02:00\",\"dateModified\":\"2021-08-20T01:35:07+02:00\"},{\"@type\":\"WebSite\",\"@id\":\"https:\\\/\\\/www.agilelabs.co.za\\\/pt\\\/#website\",\"url\":\"https:\\\/\\\/www.agilelabs.co.za\\\/pt\\\/\",\"name\":\"Agile Labs\",\"description\":\"Industry and laboratory software solutions\",\"inLanguage\":\"pt-PT\",\"publisher\":{\"@id\":\"https:\\\/\\\/www.agilelabs.co.za\\\/pt\\\/#organization\"}}]}\n\t\t<\/script>\n\t\t<script type=\"text\/javascript\">\n\t\t\t(function(c,l,a,r,i,t,y){\n\t\t\tc[a]=c[a]||function(){(c[a].q=c[a].q||[]).push(arguments)};t=l.createElement(r);t.async=1;\n\t\t\tt.src=\"https:\/\/www.clarity.ms\/tag\/\"+i+\"?ref=aioseo\";y=l.getElementsByTagName(r)[0];y.parentNode.insertBefore(t,y);\n\t\t})(window, document, \"clarity\", \"script\", \"b88vlc75di\");\n\t\t<\/script>\n\t\t<!-- All in One SEO Pro -->\r\n\t\t<title>SAP Enterprise - Agile Labs<\/title>\n\n","aioseo_head_json":{"title":"SAP Enterprise - Agile Labs","description":"Boost Productivity with Fully Paperless Calibrations The ProCalV5 Calibration and Maintenance Asset Management solution integrates with SAP Enterprise Asset Management. The \u2018out-of-the-box\u2019 workflow is designed to improve productivity and reduce operational costs. Asset synchronization provides seamless communication for planned maintenance work order schedule and detailed data management. SAP Integration - Use existing infrastructure to streamline","canonical_url":"https:\/\/www.agilelabs.co.za\/pt\/sap-enterprise\/","robots":"max-image-preview:large","keywords":"","webmasterTools":{"google-site-verification":"Nku-_1g-wtMYqihMzrUWbm5pdgO5gPY2D7l1ya5YPAU","msvalidate.01":"9fc30828a433413eb7b3b5d32174774f","yandex-verification":"c2122235dabe51e3","miscellaneous":""},"og:locale":"pt_PT","og:site_name":"Agile Labs - Industry and laboratory software solutions","og:type":"article","og:title":"SAP Enterprise - Agile Labs","og:description":"Boost Productivity with Fully Paperless Calibrations The ProCalV5 Calibration and Maintenance Asset Management solution integrates with SAP Enterprise Asset Management. The \u2018out-of-the-box\u2019 workflow is designed to improve productivity and reduce operational costs. Asset synchronization provides seamless communication for planned maintenance work order schedule and detailed data management. SAP Integration - Use existing infrastructure to streamline","og:url":"https:\/\/www.agilelabs.co.za\/pt\/sap-enterprise\/","og:image":"https:\/\/www.agilelabs.co.za\/wp-content\/uploads\/2021\/08\/TwitterLogo.png?wsr","og:image:secure_url":"https:\/\/www.agilelabs.co.za\/wp-content\/uploads\/2021\/08\/TwitterLogo.png?wsr","og:image:width":189,"og:image:height":168,"article:published_time":"2021-08-19T23:35:07+00:00","article:modified_time":"2021-08-19T23:35:07+00:00","article:publisher":"https:\/\/www.facebook.com\/AgileLabsTeam","article:author":"https:\/\/www.facebook.com\/AgileLabsTeam","twitter:card":"summary","twitter:site":"@InfoAgileLabs","twitter:title":"SAP Enterprise - Agile Labs","twitter:description":"Boost Productivity with Fully Paperless Calibrations The ProCalV5 Calibration and Maintenance Asset Management solution integrates with SAP Enterprise Asset Management. The \u2018out-of-the-box\u2019 workflow is designed to improve productivity and reduce operational costs. Asset synchronization provides seamless communication for planned maintenance work order schedule and detailed data management. SAP Integration - Use existing infrastructure to streamline","twitter:creator":"@InfoAgileLabs","twitter:image":"https:\/\/www.agilelabs.co.za\/wp-content\/uploads\/2021\/08\/TwitterLogo.png?wsr","schema":{"@context":"https:\/\/schema.org","@graph":[{"@type":"BreadcrumbList","@id":"https:\/\/www.agilelabs.co.za\/pt\/sap-enterprise\/#breadcrumblist","itemListElement":[{"@type":"ListItem","@id":"https:\/\/www.agilelabs.co.za\/pt\/#listItem","position":1,"name":"Home","item":"https:\/\/www.agilelabs.co.za\/pt\/","nextItem":"https:\/\/www.agilelabs.co.za\/pt\/sap-enterprise\/#listItem"},{"@type":"ListItem","@id":"https:\/\/www.agilelabs.co.za\/pt\/sap-enterprise\/#listItem","position":2,"name":"SAP Enterprise","previousItem":"https:\/\/www.agilelabs.co.za\/pt\/#listItem"}]},{"@type":"Organization","@id":"https:\/\/www.agilelabs.co.za\/pt\/#organization","name":"Agile Labs","url":"https:\/\/www.agilelabs.co.za\/pt\/","logo":{"@type":"ImageObject","url":"https:\/\/www.agilelabs.co.za\/wp-content\/uploads\/2021\/08\/LogoTransparant.gif?wsr","@id":"https:\/\/www.agilelabs.co.za\/pt\/sap-enterprise\/#organizationLogo","width":125,"height":113},"image":{"@id":"https:\/\/www.agilelabs.co.za\/pt\/sap-enterprise\/#organizationLogo"},"sameAs":["https:\/\/www.facebook.com\/AgileLabsTeam","https:\/\/twitter.com\/InfoAgileLabs"]},{"@type":"WebPage","@id":"https:\/\/www.agilelabs.co.za\/pt\/sap-enterprise\/#webpage","url":"https:\/\/www.agilelabs.co.za\/pt\/sap-enterprise\/","name":"SAP Enterprise - Agile Labs","description":"Boost Productivity with Fully Paperless Calibrations The ProCalV5 Calibration and Maintenance Asset Management solution integrates with SAP Enterprise Asset Management. The \u2018out-of-the-box\u2019 workflow is designed to improve productivity and reduce operational costs. Asset synchronization provides seamless communication for planned maintenance work order schedule and detailed data management. SAP Integration - Use existing infrastructure to streamline","inLanguage":"pt-PT","isPartOf":{"@id":"https:\/\/www.agilelabs.co.za\/pt\/#website"},"breadcrumb":{"@id":"https:\/\/www.agilelabs.co.za\/pt\/sap-enterprise\/#breadcrumblist"},"datePublished":"2021-08-20T01:35:07+02:00","dateModified":"2021-08-20T01:35:07+02:00"},{"@type":"WebSite","@id":"https:\/\/www.agilelabs.co.za\/pt\/#website","url":"https:\/\/www.agilelabs.co.za\/pt\/","name":"Agile Labs","description":"Industry and laboratory software solutions","inLanguage":"pt-PT","publisher":{"@id":"https:\/\/www.agilelabs.co.za\/pt\/#organization"}}]}},"aioseo_meta_data":{"post_id":"11593","title":null,"description":null,"keywords":null,"keyphrases":null,"primary_term":null,"canonical_url":null,"og_title":null,"og_description":null,"og_object_type":"default","og_image_type":"default","og_image_url":null,"og_image_width":null,"og_image_height":null,"og_image_custom_url":null,"og_image_custom_fields":null,"og_video":null,"og_custom_url":null,"og_article_section":null,"og_article_tags":null,"twitter_use_og":false,"twitter_card":"default","twitter_image_type":"default","twitter_image_url":null,"twitter_image_custom_url":null,"twitter_image_custom_fields":null,"twitter_title":null,"twitter_description":null,"schema":{"blockGraphs":[],"customGraphs":[],"default":{"data":{"Article":[],"Course":[],"Dataset":[],"FAQPage":[],"Movie":[],"Person":[],"Product":[],"Recipe":[],"Service":[],"SoftwareApplication":[],"WebPage":[]},"graphName":"","isEnabled":true},"graphs":[]},"schema_type":"default","schema_type_options":null,"pillar_content":false,"robots_default":true,"robots_noindex":false,"robots_noarchive":false,"robots_nosnippet":false,"robots_nofollow":false,"robots_noimageindex":false,"robots_noodp":false,"robots_notranslate":false,"robots_max_snippet":null,"robots_max_videopreview":null,"robots_max_imagepreview":"large","priority":null,"frequency":null,"local_seo":null,"limit_modified_date":false,"open_ai":null,"created":"2022-02-09 02:39:01","updated":"2022-09-13 21:09:06"},"_links":{"self":[{"href":"https:\/\/www.agilelabs.co.za\/pt\/wp-json\/wp\/v2\/pages\/11593","targetHints":{"allow":["GET"]}}],"collection":[{"href":"https:\/\/www.agilelabs.co.za\/pt\/wp-json\/wp\/v2\/pages"}],"about":[{"href":"https:\/\/www.agilelabs.co.za\/pt\/wp-json\/wp\/v2\/types\/page"}],"author":[{"embeddable":true,"href":"https:\/\/www.agilelabs.co.za\/pt\/wp-json\/wp\/v2\/users\/1"}],"replies":[{"embeddable":true,"href":"https:\/\/www.agilelabs.co.za\/pt\/wp-json\/wp\/v2\/comments?post=11593"}],"version-history":[{"count":0,"href":"https:\/\/www.agilelabs.co.za\/pt\/wp-json\/wp\/v2\/pages\/11593\/revisions"}],"wp:attachment":[{"href":"https:\/\/www.agilelabs.co.za\/pt\/wp-json\/wp\/v2\/media?parent=11593"}],"wp:term":[{"taxonomy":"category","embeddable":true,"href":"https:\/\/www.agilelabs.co.za\/pt\/wp-json\/wp\/v2\/categories?post=11593"},{"taxonomy":"post_tag","embeddable":true,"href":"https:\/\/www.agilelabs.co.za\/pt\/wp-json\/wp\/v2\/tags?post=11593"}],"curies":[{"name":"wp","href":"https:\/\/api.w.org\/{rel}","templated":true}]}}