{"id":12051,"date":"2021-09-23T05:55:23","date_gmt":"2021-09-23T03:55:23","guid":{"rendered":"https:\/\/www.agilelabs.co.za\/?page_id=12051"},"modified":"2021-09-23T15:23:55","modified_gmt":"2021-09-23T13:23:55","slug":"feature-benefits-for-the-petrochemical-industry","status":"publish","type":"page","link":"https:\/\/www.agilelabs.co.za\/pl\/feature-benefits-for-the-petrochemical-industry\/","title":{"rendered":"Przemys\u0142 petrochemiczny"},"content":{"rendered":"<div class=\"wp-block-image\"><figure class=\"aligncenter size-full is-resized\"><img decoding=\"async\" src=\"https:\/\/www.agilelabs.co.za\/wp-content\/uploads\/2021\/09\/PetroChemical.png\" alt=\"\" class=\"wp-image-12052\" width=\"731\" height=\"470\"\/><\/figure><\/div>\n\n\n\n<ul class=\"wp-block-list\"><li>ProCalV5 to kompletny, bezpapierowy system zarz\u0105dzania zasobami do kalibracji i konserwacji, zaprojektowany w celu zapewnienia zgodno\u015bci z przepisami i obni\u017cenia koszt\u00f3w operacyjnych zak\u0142ad\u00f3w produkcji chemicznej.<\/li><li>ProCalV5 jest opracowywany zgodnie z surowymi praktykami jako\u015bciowymi, kt\u00f3re s\u0105 rutynowo kontrolowane i zatwierdzane przez g\u0142\u00f3wne firmy zajmuj\u0105ce si\u0119 kontrol\u0105 proces\u00f3w.<\/li><li>Mo\u017cemy dostarczy\u0107 plany projekt\u00f3w oraz ca\u0142\u0105 niezb\u0119dn\u0105 dokumentacj\u0119 i us\u0142ugi, kt\u00f3re mog\u0105 by\u0107 potrzebne do pomocy we wdro\u017ceniu w jednej lokalizacji, wielu lokalizacjach lub w przedsi\u0119biorstwie.<\/li><li>ProCalV5 by\u0142 pierwszym w bran\u017cy, zgodnym z 21 CFR Part 11 oprogramowaniem do zarz\u0105dzania kalibracj\u0105.<\/li><li>Nasza technologia Mobilnej Stacji Roboczej (nie wymaga po\u0142\u0105czenia z Internetem lub Wi-Fi) umo\u017cliwia korzystanie z laptop\u00f3w lub tablet\u00f3w offline. U\u017cytkownicy maj\u0105 dost\u0119p do pe\u0142nej funkcjonalno\u015bci programu (pobieranie SOP, dodawanie nowych rekord\u00f3w w terenie, rejestrowanie i automatyczna weryfikacja akceptowalnych danych kalibracyjnych w stanie za\u0142o\u017conym\/po lewej, przypisanie standard\u00f3w testowych, drukowanie certyfikat\u00f3w, drukowanie naklejek kalibracyjnych, komunikacja z kalibratorami Fluke, itp.).<\/li><li>Podczas dodawania lokalizacji witryn mo\u017cna zainicjowa\u0107 nieograniczon\u0105 liczb\u0119 kont autonomicznych.<\/li><li>Wszystkie konta mog\u0105 by\u0107 identycznie skonfigurowane lub ewentualnie zmodyfikowane w oparciu o lokalne wymagania. Modyfikacje mog\u0105 dotyczy\u0107 prostych zmian lub konfiguracje kont mog\u0105 by\u0107 ca\u0142kowicie unikalne. Modu\u0142 Kopiuj firm\u0119 zapewnia pot\u0119\u017cne narz\u0119dzie oparte na szablonach, kt\u00f3re u\u0142atwia dodawanie i konfigurowanie nowych kont witryn.<\/li><li>Nie ma dodatkowych koszt\u00f3w dodawania kont, grup u\u017cytkownik\u00f3w, u\u017cytkownik\u00f3w lub zasob\u00f3w.<\/li><li>Wi\u0119kszo\u015b\u0107 etykiet p\u00f3l programu mo\u017cna zmieni\u0107, aby dopasowa\u0107 je do \u017c\u0105danej terminologii.<\/li><li>Mo\u017cna doda\u0107 nieograniczon\u0105 liczb\u0119 zdefiniowanych przez u\u017cytkownika, scharakteryzowanych p\u00f3l, aby uwzgl\u0119dni\u0107 informacje i przep\u0142yw pracy specyficzne dla klienta.<\/li><li>Obecnie ProCalV5 obs\u0142uguje sze\u015b\u0107 j\u0119zyk\u00f3w; wi\u0119cej w przysz\u0142o\u015bci. Wyb\u00f3r j\u0119zyka mo\u017ce domy\u015blnie dotyczy\u0107 ca\u0142ego przedsi\u0119biorstwa, konta lub indywidualnego poziomu u\u017cytkownika. Zmiana j\u0119zyka jest tak prosta, jak wyb\u00f3r z listy rozwijanej.<\/li><li>Oferujemy du\u017c\u0105 bibliotek\u0119 pakiet\u00f3w test\u00f3w precyzji. S\u0105 to przykr\u0119cane modu\u0142y, kt\u00f3re zapewniaj\u0105 dostosowany interfejs u\u017cytkownika, zawieraj\u0105cy algorytmy, raporty itp., kt\u00f3re s\u0105 specyficzne dla r\u00f3\u017cnych typ\u00f3w aktyw\u00f3w, system\u00f3w i sprz\u0119tu, kt\u00f3re s\u0105 powszechnie spotykane w obiektach sterowania procesami.<\/li><li>ProCal Explorer zapewnia \u0142atwy i bezpo\u015bredni spos\u00f3b przegl\u0105dania zasob\u00f3w w rozwijanym\/zwijanym formacie drzewa hierarchicznego. Podpowiedzi wizualne wyra\u017anie pokazuj\u0105 te, kt\u00f3re wymagaj\u0105 natychmiastowej uwagi oraz te, kt\u00f3rych zaplanowane wydarzenia s\u0105 przeterminowane. Z tego widoku mo\u017cna uruchomi\u0107 bezpo\u015brednio do rekord\u00f3w danych podstawowych zasob\u00f3w. Informacje o zasobach mog\u0105 by\u0107 natychmiast sortowane i prezentowane wed\u0142ug klasyfikacji, dzia\u0142u, cz\u0119stotliwo\u015bci, typu przedmiotu, lokalizacji, producenta, odpowiedzialnego technika, harmonogramu, pracy do wykonania wed\u0142ug dzia\u0142u lub pracy do wykonania wed\u0142ug lokalizacji.<\/li><li>Przypomnienia, zdarzenia i wiele innych raport\u00f3w mo\u017cna uruchomi\u0107 w ca\u0142ym przedsi\u0119biorstwie lub w odniesieniu do jednego lub wielu kont.<\/li><li>W ramach ka\u017cdego konta mo\u017cna tworzy\u0107 asocjacje hierarchiczne dla system\u00f3w, p\u0119tli, sprz\u0119tu i instrument\u00f3w.<\/li><li>Dla standard\u00f3w testowych ka\u017cdego konta mo\u017cna utworzy\u0107 oddzielne rekordy. Standardy testowe r\u00f3\u017cnych autoryzowanych dostawc\u00f3w us\u0142ug serwisowych mo\u017cna przypisa\u0107 do u\u017cytku na unikalnych indywidualnych kontach i\/lub w celu globalnego wyboru do wykorzystania na wszystkich kontach.<\/li><li>Standardy testowe mog\u0105 by\u0107 kontrolowane pod k\u0105tem stosowania tylko dla okre\u015blonych typ\u00f3w instrument\u00f3w. Raportowanie zwrotnej identyfikowalno\u015bci mo\u017cna \u0142atwo uruchomi\u0107 na wszystkich kontach klient\u00f3w.<\/li><li>Rekordy aktyw\u00f3w przyrz\u0105du g\u0142\u00f3wnego mog\u0105 obs\u0142ugiwa\u0107 wiele grup testowych dla pojedynczego zasobu (przyk\u0142ad: dla przep\u0142ywu masowego \u2013 cz\u0119stotliwo\u015b\u0107, temperatura i ci\u015bnienie). Grupy testowe mog\u0105 r\u00f3wnie\u017c \u0142\u0105czy\u0107 u\u017cycie pakiet\u00f3w test\u00f3w precyzji.<\/li><li>Harmonogramy mog\u0105 by\u0107 oparte na kalendarzu lub liczniku u\u017cytkowania.<\/li><li>ProCalV5 wykonuje wszystkie funkcje matematyczne podczas tworzenia rekord\u00f3w g\u0142\u00f3wnych. Obliczenia mog\u0105 uwzgl\u0119dnia\u0107 r\u00f3\u017cne asocjacje sygna\u0142\u00f3w, o\u015bwiadczenia dotycz\u0105ce dok\u0142adno\u015bci, rozdzielczo\u015bci i kombinacje (dane wej\u015bciowe vs. wyj\u015bciowe, % odczytu, zakres, +\/-, r\u0119czne, liniowe \/ pierwiastek kwadratowy, tabele itp.).<\/li><li>Mo\u017cna tworzy\u0107 szablony, kopiowa\u0107 rekordy, a funkcje zmiany globalnej umo\u017cliwiaj\u0105 jednoczesn\u0105 modyfikacj\u0119 grup rekord\u00f3w.<\/li><li>Bez b\u0142\u0119du ludzkiego. Program weryfikuje, za pomoc\u0105 podpowiedzi wizualnych, czy warunki tolerancji s\u0105 w lub poza tolerancj\u0105 w momencie wprowadzania danych po zaistnieniu i po lewej stronie.<\/li><li>Kiedy optymalne warto\u015bci punkt\u00f3w testowych s\u0105 edytowane podczas kalibracji, program automatycznie oblicza nowe korelacje sygna\u0142u i dopuszczalne granice tolerancji.<\/li><li>System mo\u017cna skonfigurowa\u0107 tak, aby umo\u017cliwia\u0142 automatyczne powiadamianie o zdarzeniach niezgodno\u015bci.<\/li><li>Przypomnienia, ostrze\u017cenia i alerty mo\u017cna wysy\u0142a\u0107 poczt\u0105 elektroniczn\u0105 do wyznaczonych odbiorc\u00f3w.<\/li><li>System zapewnia funkcjonalno\u015b\u0107 konserwacji zapobiegawczej\/zlecenia pracy\/inwentaryzacji cz\u0119\u015bci.<\/li><li>System mo\u017ce zarz\u0105dza\u0107 elektroniczn\u0105 kontrol\u0105 zmian.<\/li><li>Podpisy elektroniczne mo\u017cna przypisa\u0107 do tras r\u00f3wnoleg\u0142ych lub wymuszonych w celu dopasowania do po\u017c\u0105danego przep\u0142ywu pracy.<\/li><li>Nie ma ogranicze\u0144 co do liczby r\u00f3\u017cnych rodzaj\u00f3w zasad podpisu elektronicznego, kt\u00f3re mo\u017cna tworzy\u0107, zapisywa\u0107 i do\u0142\u0105cza\u0107 do dokument\u00f3w i zdarze\u0144.<\/li><li>ProCalV5 ma ponad 90 standardowych raport\u00f3w. Raporty te mo\u017cna dostosowa\u0107, a wi\u0119cej mo\u017cna \u0142atwo doda\u0107 zgodnie z dok\u0142adnymi specyfikacjami.<\/li><li>Zaawansowane zapytania mo\u017cna konstruowa\u0107, nazywa\u0107 i zapisywa\u0107 do przysz\u0142ego wykonania. Wyniki mo\u017cna \u0142atwo wyeksportowa\u0107 do innych format\u00f3w plik\u00f3w.<\/li><li>System mo\u017ce generowa\u0107 certyfikaty kalibracji i automatycznie drukowa\u0107 naklejki kalibracyjne.<\/li><li>Mo\u017cna kalibrowa\u0107 wiele zasob\u00f3w i jednocze\u015bnie uzyskiwa\u0107 dost\u0119p do poszczeg\u00f3lnych rekord\u00f3w.<\/li><li>Prace w toku mo\u017cna zapisa\u0107 jako nieuko\u0144czone.<\/li><li>ProCalV5 oferuje niezr\u00f3wnan\u0105 kompatybilno\u015b\u0107 z kalibratorami dokumentuj\u0105cymi firmy Fluke.<\/li><li>Nie ma potrzeby zapisywania dokument\u00f3w MS Word ani plik\u00f3w PDF \u2014 raporty s\u0105 tworzone ad hoc zgodnie z \u017c\u0105daniem.<\/li><li>ProCal eView umo\u017cliwia zdalne po\u0142\u0105czenie internetowe w celu uruchomienia \u017c\u0105danych raport\u00f3w lub automatycznego wysy\u0142ania raport\u00f3w zgodnie z harmonogramem kalendarza za po\u015brednictwem poczty e-mail do odbiorc\u00f3w, kt\u00f3rzy mog\u0105 by\u0107 niezale\u017cni od zwyk\u0142ych u\u017cytkownik\u00f3w systemu.<\/li><li>ProCal Direct to chmurowa wersja SaaS ProCalV5. Oferuje wszystkie wymienione powy\u017cej funkcje, a tak\u017ce obs\u0142uguje mobilne stacje robocze i kalibratory Fluke.<\/li><li>Dost\u0119pne s\u0105 opcje integracji dla udost\u0119pniania danych z SAP, Oracle, JD Edwards, Maximo, INFOR i innymi aplikacjami.<\/li><\/ul>","protected":false},"excerpt":{"rendered":"<p>ProCalV5 is a complete, paperless calibration &amp; maintenance asset management system designed to ensure regulatory compliance and reduce operational costs for chemical manufacturing facilities. ProCalV5 is developed under strict quality practices that are routinely audited and approved by major process control companies. We can provide project plans and all necessary documentation and services that may<\/p>\n<p class=\"more-link\"><a href=\"https:\/\/www.agilelabs.co.za\/pl\/feature-benefits-for-the-petrochemical-industry\/\" class=\"themebutton\">Czytaj wi\u0119cej<\/a><\/p>","protected":false},"author":1,"featured_media":0,"parent":0,"menu_order":0,"comment_status":"closed","ping_status":"closed","template":"","meta":{"_acf_changed":false,"_monsterinsights_skip_tracking":false,"_monsterinsights_sitenote_active":false,"_monsterinsights_sitenote_note":"","_monsterinsights_sitenote_category":0,"footnotes":""},"categories":[],"tags":[],"class_list":["post-12051","page","type-page","status-publish","hentry"],"acf":[],"aioseo_notices":[],"aioseo_head":"\n\t\t<!-- All in One SEO Pro 4.7.0 - aioseo.com -->\n\t\t<meta name=\"description\" content=\"ProCalV5 is a complete, paperless calibration &amp; maintenance asset management system designed to ensure regulatory compliance and reduce operational costs for chemical manufacturing facilities. ProCalV5 is developed under strict quality practices that are routinely audited and approved by major process control companies. We can provide project plans and all necessary documentation and services that may\" \/>\n\t\t<meta name=\"robots\" content=\"max-image-preview:large\" \/>\n\t\t<meta name=\"google-site-verification\" content=\"Nku-_1g-wtMYqihMzrUWbm5pdgO5gPY2D7l1ya5YPAU\" \/>\n\t\t<meta name=\"msvalidate.01\" content=\"9fc30828a433413eb7b3b5d32174774f\" \/>\n\t\t<meta name=\"yandex-verification\" content=\"c2122235dabe51e3\" \/>\n\t\t<link rel=\"canonical\" href=\"https:\/\/www.agilelabs.co.za\/pl\/feature-benefits-for-the-petrochemical-industry\/\" \/>\n\t\t<meta name=\"generator\" content=\"All in One SEO Pro (AIOSEO) 4.7.0\" \/>\n\t\t<meta property=\"og:locale\" content=\"pl_PL\" \/>\n\t\t<meta property=\"og:site_name\" content=\"Agile Labs - Industry and laboratory software solutions\" \/>\n\t\t<meta property=\"og:type\" content=\"article\" \/>\n\t\t<meta property=\"og:title\" content=\"Petrochemical industry - Agile Labs\" \/>\n\t\t<meta property=\"og:description\" content=\"ProCalV5 is a complete, paperless calibration &amp; maintenance asset management system designed to ensure regulatory compliance and reduce operational costs for chemical manufacturing facilities. ProCalV5 is developed under strict quality practices that are routinely audited and approved by major process control companies. We can provide project plans and all necessary documentation and services that may\" \/>\n\t\t<meta property=\"og:url\" content=\"https:\/\/www.agilelabs.co.za\/pl\/feature-benefits-for-the-petrochemical-industry\/\" \/>\n\t\t<meta property=\"og:image\" content=\"https:\/\/www.agilelabs.co.za\/wp-content\/uploads\/2021\/08\/TwitterLogo.png?wsr\" \/>\n\t\t<meta property=\"og:image:secure_url\" content=\"https:\/\/www.agilelabs.co.za\/wp-content\/uploads\/2021\/08\/TwitterLogo.png?wsr\" \/>\n\t\t<meta property=\"og:image:width\" content=\"189\" \/>\n\t\t<meta property=\"og:image:height\" content=\"168\" \/>\n\t\t<meta property=\"article:published_time\" content=\"2021-09-23T03:55:23+00:00\" \/>\n\t\t<meta property=\"article:modified_time\" content=\"2021-09-23T13:23:55+00:00\" \/>\n\t\t<meta property=\"article:publisher\" content=\"https:\/\/www.facebook.com\/AgileLabsTeam\" \/>\n\t\t<meta property=\"article:author\" content=\"https:\/\/www.facebook.com\/AgileLabsTeam\" \/>\n\t\t<meta name=\"twitter:card\" content=\"summary\" \/>\n\t\t<meta name=\"twitter:site\" content=\"@InfoAgileLabs\" \/>\n\t\t<meta name=\"twitter:title\" content=\"Petrochemical industry - Agile Labs\" \/>\n\t\t<meta name=\"twitter:description\" content=\"ProCalV5 is a complete, paperless calibration &amp; maintenance asset management system designed to ensure regulatory compliance and reduce operational costs for chemical manufacturing facilities. ProCalV5 is developed under strict quality practices that are routinely audited and approved by major process control companies. We can provide project plans and all necessary documentation and services that may\" \/>\n\t\t<meta name=\"twitter:creator\" content=\"@InfoAgileLabs\" \/>\n\t\t<meta name=\"twitter:image\" content=\"https:\/\/www.agilelabs.co.za\/wp-content\/uploads\/2021\/08\/TwitterLogo.png?wsr\" \/>\n\t\t<script type=\"application\/ld+json\" class=\"aioseo-schema\">\n\t\t\t{\"@context\":\"https:\\\/\\\/schema.org\",\"@graph\":[{\"@type\":\"BreadcrumbList\",\"@id\":\"https:\\\/\\\/www.agilelabs.co.za\\\/pl\\\/feature-benefits-for-the-petrochemical-industry\\\/#breadcrumblist\",\"itemListElement\":[{\"@type\":\"ListItem\",\"@id\":\"https:\\\/\\\/www.agilelabs.co.za\\\/pl\\\/#listItem\",\"position\":1,\"name\":\"Home\",\"item\":\"https:\\\/\\\/www.agilelabs.co.za\\\/pl\\\/\",\"nextItem\":\"https:\\\/\\\/www.agilelabs.co.za\\\/pl\\\/feature-benefits-for-the-petrochemical-industry\\\/#listItem\"},{\"@type\":\"ListItem\",\"@id\":\"https:\\\/\\\/www.agilelabs.co.za\\\/pl\\\/feature-benefits-for-the-petrochemical-industry\\\/#listItem\",\"position\":2,\"name\":\"Petrochemical industry\",\"previousItem\":\"https:\\\/\\\/www.agilelabs.co.za\\\/pl\\\/#listItem\"}]},{\"@type\":\"Organization\",\"@id\":\"https:\\\/\\\/www.agilelabs.co.za\\\/pl\\\/#organization\",\"name\":\"Agile Labs\",\"url\":\"https:\\\/\\\/www.agilelabs.co.za\\\/pl\\\/\",\"logo\":{\"@type\":\"ImageObject\",\"url\":\"https:\\\/\\\/www.agilelabs.co.za\\\/wp-content\\\/uploads\\\/2021\\\/08\\\/LogoTransparant.gif?wsr\",\"@id\":\"https:\\\/\\\/www.agilelabs.co.za\\\/pl\\\/feature-benefits-for-the-petrochemical-industry\\\/#organizationLogo\",\"width\":125,\"height\":113},\"image\":{\"@id\":\"https:\\\/\\\/www.agilelabs.co.za\\\/pl\\\/feature-benefits-for-the-petrochemical-industry\\\/#organizationLogo\"},\"sameAs\":[\"https:\\\/\\\/www.facebook.com\\\/AgileLabsTeam\",\"https:\\\/\\\/twitter.com\\\/InfoAgileLabs\"]},{\"@type\":\"WebPage\",\"@id\":\"https:\\\/\\\/www.agilelabs.co.za\\\/pl\\\/feature-benefits-for-the-petrochemical-industry\\\/#webpage\",\"url\":\"https:\\\/\\\/www.agilelabs.co.za\\\/pl\\\/feature-benefits-for-the-petrochemical-industry\\\/\",\"name\":\"Petrochemical industry - Agile Labs\",\"description\":\"ProCalV5 is a complete, paperless calibration & maintenance asset management system designed to ensure regulatory compliance and reduce operational costs for chemical manufacturing facilities. ProCalV5 is developed under strict quality practices that are routinely audited and approved by major process control companies. We can provide project plans and all necessary documentation and services that may\",\"inLanguage\":\"pl-PL\",\"isPartOf\":{\"@id\":\"https:\\\/\\\/www.agilelabs.co.za\\\/pl\\\/#website\"},\"breadcrumb\":{\"@id\":\"https:\\\/\\\/www.agilelabs.co.za\\\/pl\\\/feature-benefits-for-the-petrochemical-industry\\\/#breadcrumblist\"},\"datePublished\":\"2021-09-23T05:55:23+02:00\",\"dateModified\":\"2021-09-23T15:23:55+02:00\"},{\"@type\":\"WebSite\",\"@id\":\"https:\\\/\\\/www.agilelabs.co.za\\\/pl\\\/#website\",\"url\":\"https:\\\/\\\/www.agilelabs.co.za\\\/pl\\\/\",\"name\":\"Agile Labs\",\"description\":\"Industry and laboratory software solutions\",\"inLanguage\":\"pl-PL\",\"publisher\":{\"@id\":\"https:\\\/\\\/www.agilelabs.co.za\\\/pl\\\/#organization\"}}]}\n\t\t<\/script>\n\t\t<script type=\"text\/javascript\">\n\t\t\t(function(c,l,a,r,i,t,y){\n\t\t\tc[a]=c[a]||function(){(c[a].q=c[a].q||[]).push(arguments)};t=l.createElement(r);t.async=1;\n\t\t\tt.src=\"https:\/\/www.clarity.ms\/tag\/\"+i+\"?ref=aioseo\";y=l.getElementsByTagName(r)[0];y.parentNode.insertBefore(t,y);\n\t\t})(window, document, \"clarity\", \"script\", \"b88vlc75di\");\n\t\t<\/script>\n\t\t<!-- All in One SEO Pro -->\r\n\t\t<title>Petrochemical industry - Agile Labs<\/title>\n\n","aioseo_head_json":{"title":"Petrochemical industry - Agile Labs","description":"ProCalV5 is a complete, paperless calibration & maintenance asset management system designed to ensure regulatory compliance and reduce operational costs for chemical manufacturing facilities. ProCalV5 is developed under strict quality practices that are routinely audited and approved by major process control companies. We can provide project plans and all necessary documentation and services that may","canonical_url":"https:\/\/www.agilelabs.co.za\/pl\/feature-benefits-for-the-petrochemical-industry\/","robots":"max-image-preview:large","keywords":"","webmasterTools":{"google-site-verification":"Nku-_1g-wtMYqihMzrUWbm5pdgO5gPY2D7l1ya5YPAU","msvalidate.01":"9fc30828a433413eb7b3b5d32174774f","yandex-verification":"c2122235dabe51e3","miscellaneous":""},"og:locale":"pl_PL","og:site_name":"Agile Labs - Industry and laboratory software solutions","og:type":"article","og:title":"Petrochemical industry - Agile Labs","og:description":"ProCalV5 is a complete, paperless calibration &amp; maintenance asset management system designed to ensure regulatory compliance and reduce operational costs for chemical manufacturing facilities. ProCalV5 is developed under strict quality practices that are routinely audited and approved by major process control companies. We can provide project plans and all necessary documentation and services that may","og:url":"https:\/\/www.agilelabs.co.za\/pl\/feature-benefits-for-the-petrochemical-industry\/","og:image":"https:\/\/www.agilelabs.co.za\/wp-content\/uploads\/2021\/08\/TwitterLogo.png?wsr","og:image:secure_url":"https:\/\/www.agilelabs.co.za\/wp-content\/uploads\/2021\/08\/TwitterLogo.png?wsr","og:image:width":189,"og:image:height":168,"article:published_time":"2021-09-23T03:55:23+00:00","article:modified_time":"2021-09-23T13:23:55+00:00","article:publisher":"https:\/\/www.facebook.com\/AgileLabsTeam","article:author":"https:\/\/www.facebook.com\/AgileLabsTeam","twitter:card":"summary","twitter:site":"@InfoAgileLabs","twitter:title":"Petrochemical industry - Agile Labs","twitter:description":"ProCalV5 is a complete, paperless calibration &amp; maintenance asset management system designed to ensure regulatory compliance and reduce operational costs for chemical manufacturing facilities. ProCalV5 is developed under strict quality practices that are routinely audited and approved by major process control companies. We can provide project plans and all necessary documentation and services that may","twitter:creator":"@InfoAgileLabs","twitter:image":"https:\/\/www.agilelabs.co.za\/wp-content\/uploads\/2021\/08\/TwitterLogo.png?wsr","schema":{"@context":"https:\/\/schema.org","@graph":[{"@type":"BreadcrumbList","@id":"https:\/\/www.agilelabs.co.za\/pl\/feature-benefits-for-the-petrochemical-industry\/#breadcrumblist","itemListElement":[{"@type":"ListItem","@id":"https:\/\/www.agilelabs.co.za\/pl\/#listItem","position":1,"name":"Home","item":"https:\/\/www.agilelabs.co.za\/pl\/","nextItem":"https:\/\/www.agilelabs.co.za\/pl\/feature-benefits-for-the-petrochemical-industry\/#listItem"},{"@type":"ListItem","@id":"https:\/\/www.agilelabs.co.za\/pl\/feature-benefits-for-the-petrochemical-industry\/#listItem","position":2,"name":"Petrochemical industry","previousItem":"https:\/\/www.agilelabs.co.za\/pl\/#listItem"}]},{"@type":"Organization","@id":"https:\/\/www.agilelabs.co.za\/pl\/#organization","name":"Agile Labs","url":"https:\/\/www.agilelabs.co.za\/pl\/","logo":{"@type":"ImageObject","url":"https:\/\/www.agilelabs.co.za\/wp-content\/uploads\/2021\/08\/LogoTransparant.gif?wsr","@id":"https:\/\/www.agilelabs.co.za\/pl\/feature-benefits-for-the-petrochemical-industry\/#organizationLogo","width":125,"height":113},"image":{"@id":"https:\/\/www.agilelabs.co.za\/pl\/feature-benefits-for-the-petrochemical-industry\/#organizationLogo"},"sameAs":["https:\/\/www.facebook.com\/AgileLabsTeam","https:\/\/twitter.com\/InfoAgileLabs"]},{"@type":"WebPage","@id":"https:\/\/www.agilelabs.co.za\/pl\/feature-benefits-for-the-petrochemical-industry\/#webpage","url":"https:\/\/www.agilelabs.co.za\/pl\/feature-benefits-for-the-petrochemical-industry\/","name":"Petrochemical industry - Agile Labs","description":"ProCalV5 is a complete, paperless calibration & maintenance asset management system designed to ensure regulatory compliance and reduce operational costs for chemical manufacturing facilities. ProCalV5 is developed under strict quality practices that are routinely audited and approved by major process control companies. We can provide project plans and all necessary documentation and services that may","inLanguage":"pl-PL","isPartOf":{"@id":"https:\/\/www.agilelabs.co.za\/pl\/#website"},"breadcrumb":{"@id":"https:\/\/www.agilelabs.co.za\/pl\/feature-benefits-for-the-petrochemical-industry\/#breadcrumblist"},"datePublished":"2021-09-23T05:55:23+02:00","dateModified":"2021-09-23T15:23:55+02:00"},{"@type":"WebSite","@id":"https:\/\/www.agilelabs.co.za\/pl\/#website","url":"https:\/\/www.agilelabs.co.za\/pl\/","name":"Agile Labs","description":"Industry and laboratory software solutions","inLanguage":"pl-PL","publisher":{"@id":"https:\/\/www.agilelabs.co.za\/pl\/#organization"}}]}},"aioseo_meta_data":{"post_id":"12051","title":null,"description":null,"keywords":null,"keyphrases":null,"primary_term":null,"canonical_url":null,"og_title":null,"og_description":null,"og_object_type":"default","og_image_type":"default","og_image_url":null,"og_image_width":null,"og_image_height":null,"og_image_custom_url":null,"og_image_custom_fields":null,"og_video":null,"og_custom_url":null,"og_article_section":null,"og_article_tags":null,"twitter_use_og":false,"twitter_card":"default","twitter_image_type":"default","twitter_image_url":null,"twitter_image_custom_url":null,"twitter_image_custom_fields":null,"twitter_title":null,"twitter_description":null,"schema":{"blockGraphs":[],"customGraphs":[],"default":{"data":{"Article":[],"Course":[],"Dataset":[],"FAQPage":[],"Movie":[],"Person":[],"Product":[],"Recipe":[],"Service":[],"SoftwareApplication":[],"WebPage":[]},"graphName":"","isEnabled":true},"graphs":[]},"schema_type":"default","schema_type_options":null,"pillar_content":false,"robots_default":true,"robots_noindex":false,"robots_noarchive":false,"robots_nosnippet":false,"robots_nofollow":false,"robots_noimageindex":false,"robots_noodp":false,"robots_notranslate":false,"robots_max_snippet":null,"robots_max_videopreview":null,"robots_max_imagepreview":"large","priority":null,"frequency":null,"local_seo":null,"limit_modified_date":false,"open_ai":null,"created":"2022-02-09 02:39:01","updated":"2022-09-13 21:08:59"},"_links":{"self":[{"href":"https:\/\/www.agilelabs.co.za\/pl\/wp-json\/wp\/v2\/pages\/12051","targetHints":{"allow":["GET"]}}],"collection":[{"href":"https:\/\/www.agilelabs.co.za\/pl\/wp-json\/wp\/v2\/pages"}],"about":[{"href":"https:\/\/www.agilelabs.co.za\/pl\/wp-json\/wp\/v2\/types\/page"}],"author":[{"embeddable":true,"href":"https:\/\/www.agilelabs.co.za\/pl\/wp-json\/wp\/v2\/users\/1"}],"replies":[{"embeddable":true,"href":"https:\/\/www.agilelabs.co.za\/pl\/wp-json\/wp\/v2\/comments?post=12051"}],"version-history":[{"count":0,"href":"https:\/\/www.agilelabs.co.za\/pl\/wp-json\/wp\/v2\/pages\/12051\/revisions"}],"wp:attachment":[{"href":"https:\/\/www.agilelabs.co.za\/pl\/wp-json\/wp\/v2\/media?parent=12051"}],"wp:term":[{"taxonomy":"category","embeddable":true,"href":"https:\/\/www.agilelabs.co.za\/pl\/wp-json\/wp\/v2\/categories?post=12051"},{"taxonomy":"post_tag","embeddable":true,"href":"https:\/\/www.agilelabs.co.za\/pl\/wp-json\/wp\/v2\/tags?post=12051"}],"curies":[{"name":"wp","href":"https:\/\/api.w.org\/{rel}","templated":true}]}}