{"id":11827,"date":"2021-09-07T08:55:04","date_gmt":"2021-09-07T06:55:04","guid":{"rendered":"https:\/\/www.agilelabs.co.za\/?page_id=11827"},"modified":"2021-09-07T08:55:09","modified_gmt":"2021-09-07T06:55:09","slug":"procalv5-custom-report-development","status":"publish","type":"page","link":"https:\/\/www.agilelabs.co.za\/pl\/procalv5-custom-report-development\/","title":{"rendered":"Tworzenie raport\u00f3w niestandardowych ProCalV5"},"content":{"rendered":"<p>Raporty mo\u017cna dostosowywa\u0107 i dodawa\u0107 nowe, aby spe\u0142ni\u0107 Twoje potrzeby<\/p>\n\n\n\n<p><\/p>\n\n\n\n<h4 class=\"wp-block-heading\">Opracowanie raport\u00f3w niestandardowych<\/h4>\n\n\n\n<p>Chocia\u017c standardowa aplikacja ProCalV5 zawiera ponad 80 standardowych raport\u00f3w i formularzy, wiele organizacji wymaga dostosowania swoich raport\u00f3w i formularzy do ich dok\u0142adnych potrzeb. Prime Technologies mo\u017ce opracowa\u0107 dowolny raport i\/lub formularz zgodnie z Pa\u0144stwa specyfikacj\u0105.<\/p>\n\n\n\n<p><strong>Niekt\u00f3re typowe dostosowania raport\u00f3w obejmuj\u0105 nast\u0119puj\u0105ce elementy, ale mo\u017cna je dostosowa\u0107 do w\u0142asnych wymaga\u0144:<\/strong><\/p>\n\n\n\n<ul class=\"wp-block-list\"><li>Dodanie logo firmy<\/li><li>Ponowne formatowanie uk\u0142adu raportu<\/li><li>Dodatkowe z\u0142o\u017cone obliczenia lub filtrowanie<\/li><li>I wiele wi\u0119cej!<\/li><\/ul>\n\n\n\n<p><strong>Notatka:<\/strong> Wymagania dotycz\u0105ce raport\u00f3w niestandardowych nale\u017cy dostarczy\u0107 do przedstawiciela handlowego, aby mo\u017cna by\u0142o przeprowadzi\u0107 ocen\u0119 przez in\u017cynier\u00f3w Prime Technologies przed zaproponowaniem us\u0142ugi raportu niestandardowego.<\/p>\n\n\n\n<div class=\"wp-block-image\"><figure class=\"aligncenter size-full is-resized\"><img decoding=\"async\" src=\"https:\/\/www.agilelabs.co.za\/wp-content\/uploads\/2021\/08\/CalReport.jpg\" alt=\"\" class=\"wp-image-11505\" width=\"382\" height=\"303\" srcset=\"https:\/\/www.agilelabs.co.za\/wp-content\/uploads\/2021\/08\/CalReport.jpg 700w, https:\/\/www.agilelabs.co.za\/wp-content\/uploads\/2021\/08\/CalReport-350x278.jpg 350w, https:\/\/www.agilelabs.co.za\/wp-content\/uploads\/2021\/08\/CalReport-680x539.jpg 680w, https:\/\/www.agilelabs.co.za\/wp-content\/uploads\/2021\/08\/CalReport-300x238.jpg 300w\" sizes=\"(max-width: 382px) 100vw, 382px\" \/><\/figure><\/div>\n\n\n\n<p>Aby wy\u015bwietli\u0107 aktualn\u0105 list\u0119 standardowych raport\u00f3w znajduj\u0105cych si\u0119 obecnie w ProCalV5, <a href=\"https:\/\/www.agilelabs.co.za\/pl\/powerful-reporting-and-analytics-with-procal-software\/\" title=\"Zaawansowane raportowanie i analityka\">Kliknij tutaj<\/a>.<\/p>","protected":false},"excerpt":{"rendered":"<p>Reports Can Be Customized and New Ones Added To Meet Your Exacting Needs Custom Report Development While the ProCalV5 standard application comes with over 80+ standard reports and forms, many organizations require customization to their reports &amp; forms to meet their exact needs. Prime Technologies can develop any report and\/or form to your specifications. Some<\/p>\n<p class=\"more-link\"><a href=\"https:\/\/www.agilelabs.co.za\/pl\/procalv5-custom-report-development\/\" class=\"themebutton\">Czytaj wi\u0119cej<\/a><\/p>","protected":false},"author":1,"featured_media":0,"parent":0,"menu_order":0,"comment_status":"closed","ping_status":"closed","template":"","meta":{"_acf_changed":false,"_monsterinsights_skip_tracking":false,"_monsterinsights_sitenote_active":false,"_monsterinsights_sitenote_note":"","_monsterinsights_sitenote_category":0,"footnotes":""},"categories":[],"tags":[],"class_list":["post-11827","page","type-page","status-publish","hentry"],"acf":[],"aioseo_notices":[],"aioseo_head":"\n\t\t<!-- All in One SEO Pro 4.7.0 - aioseo.com -->\n\t\t<meta name=\"description\" content=\"Reports Can Be Customized and New Ones Added To Meet Your Exacting Needs Custom Report Development While the ProCalV5 standard application comes with over 80+ standard reports and forms, many organizations require customization to their reports &amp; forms to meet their exact needs. Prime Technologies can develop any report and\/or form to your specifications. Some\" \/>\n\t\t<meta name=\"robots\" content=\"max-image-preview:large\" \/>\n\t\t<meta name=\"google-site-verification\" content=\"Nku-_1g-wtMYqihMzrUWbm5pdgO5gPY2D7l1ya5YPAU\" \/>\n\t\t<meta name=\"msvalidate.01\" content=\"9fc30828a433413eb7b3b5d32174774f\" \/>\n\t\t<meta name=\"yandex-verification\" content=\"c2122235dabe51e3\" \/>\n\t\t<link rel=\"canonical\" href=\"https:\/\/www.agilelabs.co.za\/pl\/procalv5-custom-report-development\/\" \/>\n\t\t<meta name=\"generator\" content=\"All in One SEO Pro (AIOSEO) 4.7.0\" \/>\n\t\t<meta property=\"og:locale\" content=\"pl_PL\" \/>\n\t\t<meta property=\"og:site_name\" content=\"Agile Labs - Industry and laboratory software solutions\" \/>\n\t\t<meta property=\"og:type\" content=\"article\" \/>\n\t\t<meta property=\"og:title\" content=\"ProCalV5 Custom Report Development - Agile Labs\" \/>\n\t\t<meta property=\"og:description\" content=\"Reports Can Be Customized and New Ones Added To Meet Your Exacting Needs Custom Report Development While the ProCalV5 standard application comes with over 80+ standard reports and forms, many organizations require customization to their reports &amp; forms to meet their exact needs. Prime Technologies can develop any report and\/or form to your specifications. Some\" \/>\n\t\t<meta property=\"og:url\" content=\"https:\/\/www.agilelabs.co.za\/pl\/procalv5-custom-report-development\/\" \/>\n\t\t<meta property=\"og:image\" content=\"https:\/\/www.agilelabs.co.za\/wp-content\/uploads\/2021\/08\/TwitterLogo.png?wsr\" \/>\n\t\t<meta property=\"og:image:secure_url\" content=\"https:\/\/www.agilelabs.co.za\/wp-content\/uploads\/2021\/08\/TwitterLogo.png?wsr\" \/>\n\t\t<meta property=\"og:image:width\" content=\"189\" \/>\n\t\t<meta property=\"og:image:height\" content=\"168\" \/>\n\t\t<meta property=\"article:published_time\" content=\"2021-09-07T06:55:04+00:00\" \/>\n\t\t<meta property=\"article:modified_time\" content=\"2021-09-07T06:55:09+00:00\" \/>\n\t\t<meta property=\"article:publisher\" content=\"https:\/\/www.facebook.com\/AgileLabsTeam\" \/>\n\t\t<meta property=\"article:author\" content=\"https:\/\/www.facebook.com\/AgileLabsTeam\" \/>\n\t\t<meta name=\"twitter:card\" content=\"summary\" \/>\n\t\t<meta name=\"twitter:site\" content=\"@InfoAgileLabs\" \/>\n\t\t<meta name=\"twitter:title\" content=\"ProCalV5 Custom Report Development - Agile Labs\" \/>\n\t\t<meta name=\"twitter:description\" content=\"Reports Can Be Customized and New Ones Added To Meet Your Exacting Needs Custom Report Development While the ProCalV5 standard application comes with over 80+ standard reports and forms, many organizations require customization to their reports &amp; forms to meet their exact needs. Prime Technologies can develop any report and\/or form to your specifications. Some\" \/>\n\t\t<meta name=\"twitter:creator\" content=\"@InfoAgileLabs\" \/>\n\t\t<meta name=\"twitter:image\" content=\"https:\/\/www.agilelabs.co.za\/wp-content\/uploads\/2021\/08\/TwitterLogo.png?wsr\" \/>\n\t\t<script type=\"application\/ld+json\" class=\"aioseo-schema\">\n\t\t\t{\"@context\":\"https:\\\/\\\/schema.org\",\"@graph\":[{\"@type\":\"BreadcrumbList\",\"@id\":\"https:\\\/\\\/www.agilelabs.co.za\\\/pl\\\/procalv5-custom-report-development\\\/#breadcrumblist\",\"itemListElement\":[{\"@type\":\"ListItem\",\"@id\":\"https:\\\/\\\/www.agilelabs.co.za\\\/pl\\\/#listItem\",\"position\":1,\"name\":\"Home\",\"item\":\"https:\\\/\\\/www.agilelabs.co.za\\\/pl\\\/\",\"nextItem\":\"https:\\\/\\\/www.agilelabs.co.za\\\/pl\\\/procalv5-custom-report-development\\\/#listItem\"},{\"@type\":\"ListItem\",\"@id\":\"https:\\\/\\\/www.agilelabs.co.za\\\/pl\\\/procalv5-custom-report-development\\\/#listItem\",\"position\":2,\"name\":\"ProCalV5 Custom Report Development\",\"previousItem\":\"https:\\\/\\\/www.agilelabs.co.za\\\/pl\\\/#listItem\"}]},{\"@type\":\"Organization\",\"@id\":\"https:\\\/\\\/www.agilelabs.co.za\\\/pl\\\/#organization\",\"name\":\"Agile Labs\",\"url\":\"https:\\\/\\\/www.agilelabs.co.za\\\/pl\\\/\",\"logo\":{\"@type\":\"ImageObject\",\"url\":\"https:\\\/\\\/www.agilelabs.co.za\\\/wp-content\\\/uploads\\\/2021\\\/08\\\/LogoTransparant.gif?wsr\",\"@id\":\"https:\\\/\\\/www.agilelabs.co.za\\\/pl\\\/procalv5-custom-report-development\\\/#organizationLogo\",\"width\":125,\"height\":113},\"image\":{\"@id\":\"https:\\\/\\\/www.agilelabs.co.za\\\/pl\\\/procalv5-custom-report-development\\\/#organizationLogo\"},\"sameAs\":[\"https:\\\/\\\/www.facebook.com\\\/AgileLabsTeam\",\"https:\\\/\\\/twitter.com\\\/InfoAgileLabs\"]},{\"@type\":\"WebPage\",\"@id\":\"https:\\\/\\\/www.agilelabs.co.za\\\/pl\\\/procalv5-custom-report-development\\\/#webpage\",\"url\":\"https:\\\/\\\/www.agilelabs.co.za\\\/pl\\\/procalv5-custom-report-development\\\/\",\"name\":\"ProCalV5 Custom Report Development - Agile Labs\",\"description\":\"Reports Can Be Customized and New Ones Added To Meet Your Exacting Needs Custom Report Development While the ProCalV5 standard application comes with over 80+ standard reports and forms, many organizations require customization to their reports & forms to meet their exact needs. Prime Technologies can develop any report and\\\/or form to your specifications. Some\",\"inLanguage\":\"pl-PL\",\"isPartOf\":{\"@id\":\"https:\\\/\\\/www.agilelabs.co.za\\\/pl\\\/#website\"},\"breadcrumb\":{\"@id\":\"https:\\\/\\\/www.agilelabs.co.za\\\/pl\\\/procalv5-custom-report-development\\\/#breadcrumblist\"},\"datePublished\":\"2021-09-07T08:55:04+02:00\",\"dateModified\":\"2021-09-07T08:55:09+02:00\"},{\"@type\":\"WebSite\",\"@id\":\"https:\\\/\\\/www.agilelabs.co.za\\\/pl\\\/#website\",\"url\":\"https:\\\/\\\/www.agilelabs.co.za\\\/pl\\\/\",\"name\":\"Agile Labs\",\"description\":\"Industry and laboratory software solutions\",\"inLanguage\":\"pl-PL\",\"publisher\":{\"@id\":\"https:\\\/\\\/www.agilelabs.co.za\\\/pl\\\/#organization\"}}]}\n\t\t<\/script>\n\t\t<script type=\"text\/javascript\">\n\t\t\t(function(c,l,a,r,i,t,y){\n\t\t\tc[a]=c[a]||function(){(c[a].q=c[a].q||[]).push(arguments)};t=l.createElement(r);t.async=1;\n\t\t\tt.src=\"https:\/\/www.clarity.ms\/tag\/\"+i+\"?ref=aioseo\";y=l.getElementsByTagName(r)[0];y.parentNode.insertBefore(t,y);\n\t\t})(window, document, \"clarity\", \"script\", \"b88vlc75di\");\n\t\t<\/script>\n\t\t<!-- All in One SEO Pro -->\r\n\t\t<title>ProCalV5 Custom Report Development - Agile Labs<\/title>\n\n","aioseo_head_json":{"title":"ProCalV5 Custom Report Development - Agile Labs","description":"Reports Can Be Customized and New Ones Added To Meet Your Exacting Needs Custom Report Development While the ProCalV5 standard application comes with over 80+ standard reports and forms, many organizations require customization to their reports & forms to meet their exact needs. Prime Technologies can develop any report and\/or form to your specifications. Some","canonical_url":"https:\/\/www.agilelabs.co.za\/pl\/procalv5-custom-report-development\/","robots":"max-image-preview:large","keywords":"","webmasterTools":{"google-site-verification":"Nku-_1g-wtMYqihMzrUWbm5pdgO5gPY2D7l1ya5YPAU","msvalidate.01":"9fc30828a433413eb7b3b5d32174774f","yandex-verification":"c2122235dabe51e3","miscellaneous":""},"og:locale":"pl_PL","og:site_name":"Agile Labs - Industry and laboratory software solutions","og:type":"article","og:title":"ProCalV5 Custom Report Development - Agile Labs","og:description":"Reports Can Be Customized and New Ones Added To Meet Your Exacting Needs Custom Report Development While the ProCalV5 standard application comes with over 80+ standard reports and forms, many organizations require customization to their reports &amp; forms to meet their exact needs. Prime Technologies can develop any report and\/or form to your specifications. Some","og:url":"https:\/\/www.agilelabs.co.za\/pl\/procalv5-custom-report-development\/","og:image":"https:\/\/www.agilelabs.co.za\/wp-content\/uploads\/2021\/08\/TwitterLogo.png?wsr","og:image:secure_url":"https:\/\/www.agilelabs.co.za\/wp-content\/uploads\/2021\/08\/TwitterLogo.png?wsr","og:image:width":189,"og:image:height":168,"article:published_time":"2021-09-07T06:55:04+00:00","article:modified_time":"2021-09-07T06:55:09+00:00","article:publisher":"https:\/\/www.facebook.com\/AgileLabsTeam","article:author":"https:\/\/www.facebook.com\/AgileLabsTeam","twitter:card":"summary","twitter:site":"@InfoAgileLabs","twitter:title":"ProCalV5 Custom Report Development - Agile Labs","twitter:description":"Reports Can Be Customized and New Ones Added To Meet Your Exacting Needs Custom Report Development While the ProCalV5 standard application comes with over 80+ standard reports and forms, many organizations require customization to their reports &amp; forms to meet their exact needs. Prime Technologies can develop any report and\/or form to your specifications. Some","twitter:creator":"@InfoAgileLabs","twitter:image":"https:\/\/www.agilelabs.co.za\/wp-content\/uploads\/2021\/08\/TwitterLogo.png?wsr","schema":{"@context":"https:\/\/schema.org","@graph":[{"@type":"BreadcrumbList","@id":"https:\/\/www.agilelabs.co.za\/pl\/procalv5-custom-report-development\/#breadcrumblist","itemListElement":[{"@type":"ListItem","@id":"https:\/\/www.agilelabs.co.za\/pl\/#listItem","position":1,"name":"Home","item":"https:\/\/www.agilelabs.co.za\/pl\/","nextItem":"https:\/\/www.agilelabs.co.za\/pl\/procalv5-custom-report-development\/#listItem"},{"@type":"ListItem","@id":"https:\/\/www.agilelabs.co.za\/pl\/procalv5-custom-report-development\/#listItem","position":2,"name":"ProCalV5 Custom Report Development","previousItem":"https:\/\/www.agilelabs.co.za\/pl\/#listItem"}]},{"@type":"Organization","@id":"https:\/\/www.agilelabs.co.za\/pl\/#organization","name":"Agile Labs","url":"https:\/\/www.agilelabs.co.za\/pl\/","logo":{"@type":"ImageObject","url":"https:\/\/www.agilelabs.co.za\/wp-content\/uploads\/2021\/08\/LogoTransparant.gif?wsr","@id":"https:\/\/www.agilelabs.co.za\/pl\/procalv5-custom-report-development\/#organizationLogo","width":125,"height":113},"image":{"@id":"https:\/\/www.agilelabs.co.za\/pl\/procalv5-custom-report-development\/#organizationLogo"},"sameAs":["https:\/\/www.facebook.com\/AgileLabsTeam","https:\/\/twitter.com\/InfoAgileLabs"]},{"@type":"WebPage","@id":"https:\/\/www.agilelabs.co.za\/pl\/procalv5-custom-report-development\/#webpage","url":"https:\/\/www.agilelabs.co.za\/pl\/procalv5-custom-report-development\/","name":"ProCalV5 Custom Report Development - Agile Labs","description":"Reports Can Be Customized and New Ones Added To Meet Your Exacting Needs Custom Report Development While the ProCalV5 standard application comes with over 80+ standard reports and forms, many organizations require customization to their reports & forms to meet their exact needs. Prime Technologies can develop any report and\/or form to your specifications. Some","inLanguage":"pl-PL","isPartOf":{"@id":"https:\/\/www.agilelabs.co.za\/pl\/#website"},"breadcrumb":{"@id":"https:\/\/www.agilelabs.co.za\/pl\/procalv5-custom-report-development\/#breadcrumblist"},"datePublished":"2021-09-07T08:55:04+02:00","dateModified":"2021-09-07T08:55:09+02:00"},{"@type":"WebSite","@id":"https:\/\/www.agilelabs.co.za\/pl\/#website","url":"https:\/\/www.agilelabs.co.za\/pl\/","name":"Agile Labs","description":"Industry and laboratory software solutions","inLanguage":"pl-PL","publisher":{"@id":"https:\/\/www.agilelabs.co.za\/pl\/#organization"}}]}},"aioseo_meta_data":{"post_id":"11827","title":null,"description":null,"keywords":null,"keyphrases":null,"primary_term":null,"canonical_url":null,"og_title":null,"og_description":null,"og_object_type":"default","og_image_type":"default","og_image_url":null,"og_image_width":null,"og_image_height":null,"og_image_custom_url":null,"og_image_custom_fields":null,"og_video":null,"og_custom_url":null,"og_article_section":null,"og_article_tags":null,"twitter_use_og":false,"twitter_card":"default","twitter_image_type":"default","twitter_image_url":null,"twitter_image_custom_url":null,"twitter_image_custom_fields":null,"twitter_title":null,"twitter_description":null,"schema":{"blockGraphs":[],"customGraphs":[],"default":{"data":{"Article":[],"Course":[],"Dataset":[],"FAQPage":[],"Movie":[],"Person":[],"Product":[],"Recipe":[],"Service":[],"SoftwareApplication":[],"WebPage":[]},"graphName":"","isEnabled":true},"graphs":[]},"schema_type":"default","schema_type_options":null,"pillar_content":false,"robots_default":true,"robots_noindex":false,"robots_noarchive":false,"robots_nosnippet":false,"robots_nofollow":false,"robots_noimageindex":false,"robots_noodp":false,"robots_notranslate":false,"robots_max_snippet":null,"robots_max_videopreview":null,"robots_max_imagepreview":"large","priority":null,"frequency":null,"local_seo":null,"limit_modified_date":false,"open_ai":null,"created":"2022-02-09 02:39:01","updated":"2022-09-13 21:12:01"},"_links":{"self":[{"href":"https:\/\/www.agilelabs.co.za\/pl\/wp-json\/wp\/v2\/pages\/11827","targetHints":{"allow":["GET"]}}],"collection":[{"href":"https:\/\/www.agilelabs.co.za\/pl\/wp-json\/wp\/v2\/pages"}],"about":[{"href":"https:\/\/www.agilelabs.co.za\/pl\/wp-json\/wp\/v2\/types\/page"}],"author":[{"embeddable":true,"href":"https:\/\/www.agilelabs.co.za\/pl\/wp-json\/wp\/v2\/users\/1"}],"replies":[{"embeddable":true,"href":"https:\/\/www.agilelabs.co.za\/pl\/wp-json\/wp\/v2\/comments?post=11827"}],"version-history":[{"count":0,"href":"https:\/\/www.agilelabs.co.za\/pl\/wp-json\/wp\/v2\/pages\/11827\/revisions"}],"wp:attachment":[{"href":"https:\/\/www.agilelabs.co.za\/pl\/wp-json\/wp\/v2\/media?parent=11827"}],"wp:term":[{"taxonomy":"category","embeddable":true,"href":"https:\/\/www.agilelabs.co.za\/pl\/wp-json\/wp\/v2\/categories?post=11827"},{"taxonomy":"post_tag","embeddable":true,"href":"https:\/\/www.agilelabs.co.za\/pl\/wp-json\/wp\/v2\/tags?post=11827"}],"curies":[{"name":"wp","href":"https:\/\/api.w.org\/{rel}","templated":true}]}}