{"id":11820,"date":"2021-09-07T08:45:06","date_gmt":"2021-09-07T06:45:06","guid":{"rendered":"https:\/\/www.agilelabs.co.za\/?page_id=11820"},"modified":"2021-09-07T08:45:36","modified_gmt":"2021-09-07T06:45:36","slug":"software-validation-testing","status":"publish","type":"page","link":"https:\/\/www.agilelabs.co.za\/pl\/software-validation-testing\/","title":{"rendered":"Walidacja i testowanie oprogramowania"},"content":{"rendered":"<p>Zapewnij zgodno\u015b\u0107 w swojej lokalizacji<\/p>\n\n\n\n<h4 class=\"wp-block-heading\">Planowanie, testowanie i zarz\u0105dzanie walidacj\u0105<\/h4>\n\n\n\n<p>Jeste\u015bmy ekspertami ds. zgodno\u015bci oprogramowania. Wszystkie wersje oprogramowania ProCalV5 s\u0105 wewn\u0119trznie testowane i zatwierdzane przed wydaniem. Dost\u0119pne s\u0105 protoko\u0142y IQ\/OQ\/PQ. Plany projekt\u00f3w walidacji na poziomie GAMP 5, wszystkie niezb\u0119dne dokumenty i wszelkie potrzebne us\u0142ugi s\u0105 dost\u0119pne, aby zapewni\u0107 zgodne u\u017cytkowanie w Twoich lokalizacjach. Typowe wdro\u017cenia trwaj\u0105 zwykle mniej ni\u017c osiem tygodni.<\/p>\n\n\n\n<p><strong>Us\u0142ugi planowania, testowania i zarz\u0105dzania walidacj\u0105 mog\u0105 obejmowa\u0107:<\/strong><\/p>\n\n\n\n<ul class=\"wp-block-list\"><li>VMP (Master Plan Walidacji)<\/li><li>Ustaw oczekiwania dotycz\u0105ce walidacji, wiele wysi\u0142k\u00f3w zwi\u0105zanych z SDLC (System Development Life Cycle) zale\u017cy od autoryzacji i wskaz\u00f3wek VMP<\/li><li>Ocena ryzyka<\/li><li>Racjonalno\u015b\u0107 dla priorytetyzacji testowania wymaga\u0144<\/li><li>Plan test\u00f3w<\/li><li>Wczesne zdefiniowanie oczekiwa\u0144 testowych, tak aby mo\u017cna by\u0142o rozpocz\u0105\u0107 tworzenie skrypt\u00f3w z jasnym celem, unikaj\u0105c b\u0142\u0119dnych ukierunkowa\u0144 i fa\u0142szywych start\u00f3w<\/li><li>Skrypty<\/li><li>Zaopatrzenie<\/li><li>Wsparcie wykonywania test\u00f3w<\/li><li>Rozdzielczo\u015b\u0107 odchylenia<\/li><li>VSR (Raport podsumowuj\u0105cy walidacj\u0119)<\/li><li>Podsumuj testy, odchylenia, rozwi\u0105zania i wyj\u0105tki oparte na ryzyku<\/li><\/ul>\n\n\n\n<h4 class=\"wp-block-heading\">Przegl\u0105d QSR i GMP dla program\u00f3w kalibracyjnych<\/h4>\n\n\n\n<p>Wdra\u017caj\u0105c nowy program kalibracji do dzia\u0142alno\u015bci biznesowej, nale\u017cy wzi\u0105\u0107 pod uwag\u0119 praktyki jako\u015bci i zgodno\u015bci oraz praktyki produkcyjne. Mo\u017ce si\u0119 okaza\u0107, \u017ce zadawanie poni\u017cszych pyta\u0144 mo\u017ce pom\u00f3c w zorganizowaniu Twoich cel\u00f3w.<\/p>\n\n\n\n<p><strong>Warunki:<\/strong><br>GMP = Dobre Praktyki Wytwarzania<br>QSR = Regulacja Systemu Jako\u015bci<\/p>\n\n\n\n<p><strong>Dlaczego kalibracja sprz\u0119tu jest cz\u0119\u015bci\u0105 GMP\/QSR?<\/strong><\/p>\n\n\n\n<ul class=\"wp-block-list\"><li>Producent musi opracowa\u0107 i wdro\u017cy\u0107 system jako\u015bci, kt\u00f3ry zapewni, \u017ce wszystkie gotowe produkty s\u0105 zgodne ze specyfikacjami rejestru g\u0142\u00f3wnego urz\u0105dzenia\/leku firmy.<\/li><li>Zapewnienie uzyskuje si\u0119 na wiele sposob\u00f3w, w tym poprzez pomiar parametr\u00f3w komponent\u00f3w, produkt\u00f3w i proces\u00f3w podczas projektowania i produkcji.<\/li><\/ul>\n\n\n\n<p><strong>Jakie s\u0105 obowi\u0105zki producenta?<\/strong><\/p>\n\n\n\n<p>Aby upewni\u0107 si\u0119, \u017ce ca\u0142y sprz\u0119t do produkcji i kontroli jako\u015bci, w tym sprz\u0119t mechaniczny, elektroniczny, zautomatyzowany i chemiczny, jest:<\/p>\n\n\n\n<ul class=\"wp-block-list\"><li>Nadaje si\u0119 do zamierzonego zastosowania<\/li><li>Zdolne do generowania prawid\u0142owych wynik\u00f3w<\/li><li>Obs\u0142ugiwane przez przeszkolonych pracownik\u00f3w<\/li><li>Prawid\u0142owo skalibrowany a odpowiedni standard<\/li><\/ul>\n\n\n\n<p><strong>Co zawieraj\u0105 procedury?<\/strong><\/p>\n\n\n\n<ul class=\"wp-block-list\"><li>Cel i zakres<\/li><li>Cz\u0119stotliwo\u015b\u0107 kalibracji<\/li><li>Wymagany sprz\u0119t i normy<\/li><li>Granice dok\u0142adno\u015bci, precyzji i stronniczo\u015bci<\/li><li>Opis procesu kalibracji<\/li><li>Dzia\u0142ania naprawcze<\/li><li>Wymogi dokumentacyjne<\/li><\/ul>\n\n\n\n<h4 class=\"wp-block-heading\">Cel i zakres<\/h4>\n\n\n\n<p>Zapewnienie jako\u015bci powinno okre\u015bla\u0107, kt\u00f3re pomiary s\u0105 niezb\u0119dne, aby zapewni\u0107, \u017ce projekt urz\u0105dzenia\/leku i parametry procesu mieszcz\u0105 si\u0119 w ustalonych specyfikacjach dotycz\u0105cych dok\u0142adno\u015bci, precyzji i b\u0142\u0119du systematycznego.<\/p>\n\n\n\n<h4 class=\"wp-block-heading\">Cz\u0119stotliwo\u015b\u0107 kalibracji<\/h4>\n\n\n\n<p>Zale\u017cy od rodzaju sprz\u0119tu, cz\u0119stotliwo\u015bci u\u017cytkowania i jego krytyczno\u015bci w procesie produkcyjnym. Inne czynniki, kt\u00f3re mog\u0105 mie\u0107 wp\u0142yw na dzia\u0142anie sprz\u0119tu:<\/p>\n\n\n\n<ul class=\"wp-block-list\"><li>Temperatura<\/li><li>Wilgotno\u015b\u0107<\/li><li>Zanieczyszczenie<\/li><li>Elektryczno\u015b\u0107 statyczna<\/li><li>Pola magnetyczne<\/li><li>Wahania zasilania<\/li><\/ul>\n\n\n\n<h4 class=\"wp-block-heading\">Wyposa\u017cenie i standardy<\/h4>\n\n\n\n<p>Ca\u0142y stosowany sprz\u0119t i standardy powinny by\u0107 w pe\u0142ni opisane w g\u0142\u00f3wnej dokumentacji wyrobu\/leku lub w zapisach systemu jako\u015bci. Podczas kalibracji i u\u017cytkowania sprz\u0119tu nale\u017cy wzi\u0105\u0107 pod uwag\u0119 cechy \u015brodowiskowe, takie jak temperatura, wilgotno\u015b\u0107, wibracje i czysto\u015b\u0107.<\/p>\n\n\n\n<p><strong>Ekwipunek<\/strong><\/p>\n\n\n\n<ul class=\"wp-block-list\"><li>Kwalifikacja instalacyjna (IQ): dzia\u0142ania podj\u0119te w celu zapewnienia, \u017ce sprz\u0119t i systemy pomocnicze s\u0105 prawid\u0142owo zainstalowane, spe\u0142niaj\u0105 specyfikacje producenta i intencje projektowe, dzia\u0142aj\u0105 prawid\u0142owo w zamierzonym zakresie u\u017cytkowania<\/li><li>Kwalifikacja operacyjna (OQ): dzia\u0142ania podj\u0119te w celu zapewnienia, \u017ce sprz\u0119t i podsystemy s\u0105 zdolne do ci\u0105g\u0142ej pracy w ustalonych granicach i tolerancjach<\/li><li>Kwalifikacja wydajno\u015bci (PQ): dzia\u0142anie podj\u0119te w celu zapewnienia, \u017ce sprz\u0119t w systemie dzia\u0142a skutecznie i sp\u00f3jnie w czasie<\/li><\/ul>\n\n\n\n<p><strong>Wyposa\u017cenie i standardy<\/strong><\/p>\n\n\n\n<p>Tam, gdzie jest to wykonalne, normy powinny by\u0107 identyfikowalne z krajowym Instytutem Norm i<br>technologia (NIST).<\/p>\n\n\n\n<ul class=\"wp-block-list\"><li>Wzorce prywatne s\u0105 wysy\u0142ane do NIST w celu kalibracji i zwracane<\/li><li>NIST zapewnia standardowe materia\u0142y odniesienia do u\u017cycia w programie kalibracji<\/li><\/ul>\n\n\n\n<h4 class=\"wp-block-heading\">Granice dok\u0142adno\u015bci, precyzji i odchylenia<\/h4>\n\n\n\n<ul class=\"wp-block-list\"><li>&nbsp;Dok\u0142adno\u015b\u0107: miara zdolno\u015bci instrumentu do uzyskania warto\u015bci prawdziwej lub bezwzgl\u0119dnej<\/li><li>Precyzja: wskazuje wzgl\u0119dny stopie\u0144 powtarzalno\u015bci<\/li><li>Odchylenie: miara tego, jak bardzo \u015brednia warto\u015b\u0107 w serii pomiar\u00f3w zbli\u017ca si\u0119 do warto\u015bci prawdziwej<\/li><\/ul>\n\n\n\n<h4 class=\"wp-block-heading\">Dzia\u0142ania naprawcze<\/h4>\n\n\n\n<p>Odbywa si\u0119, gdy limity nie s\u0105 spe\u0142nione. Dzia\u0142ania naprawcze powinny obejmowa\u0107 nast\u0119puj\u0105ce postanowienia:<\/p>\n\n\n\n<ul class=\"wp-block-list\"><li>Opisz i zainicjuj wszelkie dzia\u0142ania wymagane do przywr\u00f3cenia tych limit\u00f3w (ponowna kalibracja)<\/li><li>Oce\u0144, czy wyst\u0105pi\u0142 jakikolwiek niekorzystny wp\u0142yw na jako\u015b\u0107 urz\u0105dzenia\/leku<\/li><li>Dokumentuj wszelkie podj\u0119te dzia\u0142ania i przeprowadzone oceny<\/li><\/ul>\n\n\n\n<h4 class=\"wp-block-heading\">Wymogi dokumentacyjne<\/h4>\n\n\n\n<p>System papierowy lub oprogramowanie:<\/p>\n\n\n\n<ul class=\"wp-block-list\"><li>Identyfikacja sprz\u0119tu (w tym numer modelu)<\/li><li>Numer seryjny<\/li><li>Data kalibracji<\/li><li>Nazwa kalibratora<\/li><li>Data nast\u0119pnej kalibracji<\/li><li>Specyfikacja kalibracji<\/li><li>Adres producenta (opcjonalnie)<\/li><li>Pow\u00f3d kalibracji (opcjonalnie)<\/li><li>Komentarze (opcjonalnie)<\/li><li>Informacje o us\u0142ugach zewn\u0119trznych (opcjonalnie)<\/li><\/ul>\n\n\n\n<h4 class=\"wp-block-heading\">Personel ds. kalibracji<\/h4>\n\n\n\n<ul class=\"wp-block-list\"><li>Musi by\u0107 odpowiednio przeszkolony poprzez edukacj\u0119 i\/lub do\u015bwiadczenie do wykonywania kalibracji.<\/li><li>Powinien posiada\u0107 podstawow\u0105 wiedz\u0119 z zakresu metrologii i poj\u0119\u0107 kalibracyjnych<\/li><li>Rozumie\u0107 podstawowe zasady dyscyplin pomiarowych, etapy przetwarzania i wymagania dotycz\u0105ce akceptacji<\/li><li>Znajomo\u015b\u0107 og\u00f3lnego programu kalibracyjnego<\/li><li>Umiej\u0119tno\u015b\u0107 przestrzegania instrukcji dotycz\u0105cych konserwacji i u\u017cytkowania sprz\u0119tu<\/li><li>Sumienna postawa<\/li><\/ul>\n\n\n\n<h4 class=\"wp-block-heading\">Potwierdzanie zgodno\u015bci<\/h4>\n\n\n\n<ul class=\"wp-block-list\"><li>Audyt Programu Wzorcowania<\/li><li>Audyty wewn\u0119trzne (wymagane przez QSR)<\/li><li>Utrzymanie odpowiedniego harmonogramu<\/li><li>Prowadzenie w\u0142a\u015bciwej dokumentacji<\/li><li>Odpowiednie utrzymanie standard\u00f3w<\/li><li>Adekwatno\u015b\u0107 dzia\u0142a\u0144 naprawczych<\/li><\/ul>\n\n\n\n<h4 class=\"wp-block-heading\">Audyty zewn\u0119trzne<\/h4>\n\n\n\n<ul class=\"wp-block-list\"><li>FDA uwa\u017ca laboratoria kontraktowe za rozszerzenie programu GMP producenta, wi\u0119c okresowe s\u0105 odpowiednie<\/li><li>Uzyska\u0107 dokumentacj\u0119 potwierdzaj\u0105c\u0105, \u017ce sprz\u0119t zosta\u0142 skalibrowany w kontrolowanych warunkach przy u\u017cyciu mo\u017cliwych do \u015bledzenia standard\u00f3w<\/li><\/ul>\n\n\n\n<h4 class=\"wp-block-heading\">Dodatkowe obawy<\/h4>\n\n\n\n<ul class=\"wp-block-list\"><li>Sprz\u0119t produkcyjny u\u017cywany w procesie produkcyjnym (je\u015bli jest zautomatyzowany) musi by\u0107 okresowo kalibrowany<\/li><li>Sprz\u0119t produkcyjny, kt\u00f3ry jest sterowany komputerowo, musi by\u0107 zatwierdzony do u\u017cytku zgodnie z przeznaczeniem i by\u0107 w\u0142\u0105czony do programu kalibracyjnego<\/li><\/ul>\n\n\n\n<h4 class=\"wp-block-heading\">Uzupe\u0142nienie definicji<\/h4>\n\n\n\n<p><strong>Kwalifikacja instalacyjna (IQ):<\/strong><\/p>\n\n\n\n<ul class=\"wp-block-list\"><li>Czy dosta\u0142e\u015b to, czego chcia\u0142e\u015b?<\/li><li>Czy masz odpowiednie zaplecze, aby z niego korzysta\u0107?<\/li><li>Czy ca\u0142y sprz\u0119t jest odpowiednio rozliczony:<ul><li>Numer seryjny<\/li><li>Producent<\/li><li>Numer zasobu wewn\u0119trznego<\/li><li>Prawid\u0142owa instalacja<\/li><li>Dziennik przyrz\u0105du na miejscu<\/li><li>Lokalizacja laboratorium<\/li><\/ul><\/li><\/ul>\n\n\n\n<p><strong>Kwalifikacja operacyjna (OQ):<\/strong><\/p>\n\n\n\n<ul class=\"wp-block-list\"><li>Dokumentacja, kt\u00f3ra weryfikuje dzia\u0142anie sprz\u0119tu laboratoryjnego w przewidywanych zakresach u\u017cytkowania<\/li><li>Seria test\u00f3w funkcjonalnych w celu upewnienia si\u0119, \u017ce przyrz\u0105d\/system dzia\u0142a zgodnie z ograniczeniami ustalonego zestawu kryteri\u00f3w<\/li><\/ul>\n\n\n\n<p><strong>Kwalifikacja wydajno\u015bci (PQ):<\/strong><\/p>\n\n\n\n<ul class=\"wp-block-list\"><li>Wskazuje, \u017ce okre\u015blony zestaw parametr\u00f3w metody dzia\u0142a prawid\u0142owo w odniesieniu do walidacji metody historycznej<\/li><li>W niekt\u00f3rych przypadkach Przydatno\u015b\u0107 systemu mo\u017ce by\u0107 akceptowana jako kwalifikacja wydajno\u015bci<br>Ponowna kwalifikacja (RQ):<\/li><li>Stwierdzenie, \u017ce przyrz\u0105d po naprawie, serwisie dostawcy, zmianie lokalizacji lub dokonaniu regulacji dzia\u0142a zgodnie z oczekiwaniami i przeznaczeniem<\/li><li>Rozwa\u017cania<ul><li>Czy przyrz\u0105d spe\u0142nia oryginalne ustalone protoko\u0142y?<\/li><li>Je\u015bli nie, jakie decyzje nale\u017cy podj\u0105\u0107?<\/li><\/ul><\/li><\/ul>","protected":false},"excerpt":{"rendered":"<p>Ensure Compliance At Your Location Validation Planning, Testing And Management We are software compliance experts. All versions of ProCalV5 software are internally tested and validated before release. IQ\/OQ\/PQ protocols can be provided. GAMP 5 level validation project plans, all necessary documents and any needed services are available to ensure compliant use at your locations. Typical<\/p>\n<p class=\"more-link\"><a href=\"https:\/\/www.agilelabs.co.za\/pl\/software-validation-testing\/\" class=\"themebutton\">Czytaj wi\u0119cej<\/a><\/p>","protected":false},"author":1,"featured_media":0,"parent":0,"menu_order":0,"comment_status":"closed","ping_status":"closed","template":"","meta":{"_acf_changed":false,"_monsterinsights_skip_tracking":false,"_monsterinsights_sitenote_active":false,"_monsterinsights_sitenote_note":"","_monsterinsights_sitenote_category":0,"footnotes":""},"categories":[],"tags":[],"class_list":["post-11820","page","type-page","status-publish","hentry"],"acf":[],"aioseo_notices":[],"aioseo_head":"\n\t\t<!-- All in One SEO Pro 4.7.0 - aioseo.com -->\n\t\t<meta name=\"description\" content=\"Ensure Compliance At Your Location Validation Planning, Testing And Management We are software compliance experts. All versions of ProCalV5 software are internally tested and validated before release. IQ\/OQ\/PQ protocols can be provided. GAMP 5 level validation project plans, all necessary documents and any needed services are available to ensure compliant use at your locations. Typical\" \/>\n\t\t<meta name=\"robots\" content=\"max-image-preview:large\" \/>\n\t\t<meta name=\"google-site-verification\" content=\"Nku-_1g-wtMYqihMzrUWbm5pdgO5gPY2D7l1ya5YPAU\" \/>\n\t\t<meta name=\"msvalidate.01\" content=\"9fc30828a433413eb7b3b5d32174774f\" \/>\n\t\t<meta name=\"yandex-verification\" content=\"c2122235dabe51e3\" \/>\n\t\t<link rel=\"canonical\" href=\"https:\/\/www.agilelabs.co.za\/pl\/software-validation-testing\/\" \/>\n\t\t<meta name=\"generator\" content=\"All in One SEO Pro (AIOSEO) 4.7.0\" \/>\n\t\t<meta property=\"og:locale\" content=\"pl_PL\" \/>\n\t\t<meta property=\"og:site_name\" content=\"Agile Labs - Industry and laboratory software solutions\" \/>\n\t\t<meta property=\"og:type\" content=\"article\" \/>\n\t\t<meta property=\"og:title\" content=\"Software Validation &amp; Testing - Agile Labs\" \/>\n\t\t<meta property=\"og:description\" content=\"Ensure Compliance At Your Location Validation Planning, Testing And Management We are software compliance experts. All versions of ProCalV5 software are internally tested and validated before release. IQ\/OQ\/PQ protocols can be provided. GAMP 5 level validation project plans, all necessary documents and any needed services are available to ensure compliant use at your locations. Typical\" \/>\n\t\t<meta property=\"og:url\" content=\"https:\/\/www.agilelabs.co.za\/pl\/software-validation-testing\/\" \/>\n\t\t<meta property=\"og:image\" content=\"https:\/\/www.agilelabs.co.za\/wp-content\/uploads\/2021\/08\/TwitterLogo.png?wsr\" \/>\n\t\t<meta property=\"og:image:secure_url\" content=\"https:\/\/www.agilelabs.co.za\/wp-content\/uploads\/2021\/08\/TwitterLogo.png?wsr\" \/>\n\t\t<meta property=\"og:image:width\" content=\"189\" \/>\n\t\t<meta property=\"og:image:height\" content=\"168\" \/>\n\t\t<meta property=\"article:published_time\" content=\"2021-09-07T06:45:06+00:00\" \/>\n\t\t<meta property=\"article:modified_time\" content=\"2021-09-07T06:45:36+00:00\" \/>\n\t\t<meta property=\"article:publisher\" content=\"https:\/\/www.facebook.com\/AgileLabsTeam\" \/>\n\t\t<meta property=\"article:author\" content=\"https:\/\/www.facebook.com\/AgileLabsTeam\" \/>\n\t\t<meta name=\"twitter:card\" content=\"summary\" \/>\n\t\t<meta name=\"twitter:site\" content=\"@InfoAgileLabs\" \/>\n\t\t<meta name=\"twitter:title\" content=\"Software Validation &amp; Testing - Agile Labs\" \/>\n\t\t<meta name=\"twitter:description\" content=\"Ensure Compliance At Your Location Validation Planning, Testing And Management We are software compliance experts. All versions of ProCalV5 software are internally tested and validated before release. IQ\/OQ\/PQ protocols can be provided. GAMP 5 level validation project plans, all necessary documents and any needed services are available to ensure compliant use at your locations. Typical\" \/>\n\t\t<meta name=\"twitter:creator\" content=\"@InfoAgileLabs\" \/>\n\t\t<meta name=\"twitter:image\" content=\"https:\/\/www.agilelabs.co.za\/wp-content\/uploads\/2021\/08\/TwitterLogo.png?wsr\" \/>\n\t\t<script type=\"application\/ld+json\" class=\"aioseo-schema\">\n\t\t\t{\"@context\":\"https:\\\/\\\/schema.org\",\"@graph\":[{\"@type\":\"BreadcrumbList\",\"@id\":\"https:\\\/\\\/www.agilelabs.co.za\\\/pl\\\/software-validation-testing\\\/#breadcrumblist\",\"itemListElement\":[{\"@type\":\"ListItem\",\"@id\":\"https:\\\/\\\/www.agilelabs.co.za\\\/pl\\\/#listItem\",\"position\":1,\"name\":\"Home\",\"item\":\"https:\\\/\\\/www.agilelabs.co.za\\\/pl\\\/\",\"nextItem\":\"https:\\\/\\\/www.agilelabs.co.za\\\/pl\\\/software-validation-testing\\\/#listItem\"},{\"@type\":\"ListItem\",\"@id\":\"https:\\\/\\\/www.agilelabs.co.za\\\/pl\\\/software-validation-testing\\\/#listItem\",\"position\":2,\"name\":\"Software Validation & Testing\",\"previousItem\":\"https:\\\/\\\/www.agilelabs.co.za\\\/pl\\\/#listItem\"}]},{\"@type\":\"Organization\",\"@id\":\"https:\\\/\\\/www.agilelabs.co.za\\\/pl\\\/#organization\",\"name\":\"Agile Labs\",\"url\":\"https:\\\/\\\/www.agilelabs.co.za\\\/pl\\\/\",\"logo\":{\"@type\":\"ImageObject\",\"url\":\"https:\\\/\\\/www.agilelabs.co.za\\\/wp-content\\\/uploads\\\/2021\\\/08\\\/LogoTransparant.gif?wsr\",\"@id\":\"https:\\\/\\\/www.agilelabs.co.za\\\/pl\\\/software-validation-testing\\\/#organizationLogo\",\"width\":125,\"height\":113},\"image\":{\"@id\":\"https:\\\/\\\/www.agilelabs.co.za\\\/pl\\\/software-validation-testing\\\/#organizationLogo\"},\"sameAs\":[\"https:\\\/\\\/www.facebook.com\\\/AgileLabsTeam\",\"https:\\\/\\\/twitter.com\\\/InfoAgileLabs\"]},{\"@type\":\"WebPage\",\"@id\":\"https:\\\/\\\/www.agilelabs.co.za\\\/pl\\\/software-validation-testing\\\/#webpage\",\"url\":\"https:\\\/\\\/www.agilelabs.co.za\\\/pl\\\/software-validation-testing\\\/\",\"name\":\"Software Validation & Testing - Agile Labs\",\"description\":\"Ensure Compliance At Your Location Validation Planning, Testing And Management We are software compliance experts. All versions of ProCalV5 software are internally tested and validated before release. IQ\\\/OQ\\\/PQ protocols can be provided. GAMP 5 level validation project plans, all necessary documents and any needed services are available to ensure compliant use at your locations. Typical\",\"inLanguage\":\"pl-PL\",\"isPartOf\":{\"@id\":\"https:\\\/\\\/www.agilelabs.co.za\\\/pl\\\/#website\"},\"breadcrumb\":{\"@id\":\"https:\\\/\\\/www.agilelabs.co.za\\\/pl\\\/software-validation-testing\\\/#breadcrumblist\"},\"datePublished\":\"2021-09-07T08:45:06+02:00\",\"dateModified\":\"2021-09-07T08:45:36+02:00\"},{\"@type\":\"WebSite\",\"@id\":\"https:\\\/\\\/www.agilelabs.co.za\\\/pl\\\/#website\",\"url\":\"https:\\\/\\\/www.agilelabs.co.za\\\/pl\\\/\",\"name\":\"Agile Labs\",\"description\":\"Industry and laboratory software solutions\",\"inLanguage\":\"pl-PL\",\"publisher\":{\"@id\":\"https:\\\/\\\/www.agilelabs.co.za\\\/pl\\\/#organization\"}}]}\n\t\t<\/script>\n\t\t<script type=\"text\/javascript\">\n\t\t\t(function(c,l,a,r,i,t,y){\n\t\t\tc[a]=c[a]||function(){(c[a].q=c[a].q||[]).push(arguments)};t=l.createElement(r);t.async=1;\n\t\t\tt.src=\"https:\/\/www.clarity.ms\/tag\/\"+i+\"?ref=aioseo\";y=l.getElementsByTagName(r)[0];y.parentNode.insertBefore(t,y);\n\t\t})(window, document, \"clarity\", \"script\", \"b88vlc75di\");\n\t\t<\/script>\n\t\t<!-- All in One SEO Pro -->\r\n\t\t<title>Software Validation &amp; Testing - Agile Labs<\/title>\n\n","aioseo_head_json":{"title":"Software Validation & Testing - Agile Labs","description":"Ensure Compliance At Your Location Validation Planning, Testing And Management We are software compliance experts. All versions of ProCalV5 software are internally tested and validated before release. IQ\/OQ\/PQ protocols can be provided. GAMP 5 level validation project plans, all necessary documents and any needed services are available to ensure compliant use at your locations. Typical","canonical_url":"https:\/\/www.agilelabs.co.za\/pl\/software-validation-testing\/","robots":"max-image-preview:large","keywords":"","webmasterTools":{"google-site-verification":"Nku-_1g-wtMYqihMzrUWbm5pdgO5gPY2D7l1ya5YPAU","msvalidate.01":"9fc30828a433413eb7b3b5d32174774f","yandex-verification":"c2122235dabe51e3","miscellaneous":""},"og:locale":"pl_PL","og:site_name":"Agile Labs - Industry and laboratory software solutions","og:type":"article","og:title":"Software Validation &amp; Testing - Agile Labs","og:description":"Ensure Compliance At Your Location Validation Planning, Testing And Management We are software compliance experts. All versions of ProCalV5 software are internally tested and validated before release. IQ\/OQ\/PQ protocols can be provided. GAMP 5 level validation project plans, all necessary documents and any needed services are available to ensure compliant use at your locations. Typical","og:url":"https:\/\/www.agilelabs.co.za\/pl\/software-validation-testing\/","og:image":"https:\/\/www.agilelabs.co.za\/wp-content\/uploads\/2021\/08\/TwitterLogo.png?wsr","og:image:secure_url":"https:\/\/www.agilelabs.co.za\/wp-content\/uploads\/2021\/08\/TwitterLogo.png?wsr","og:image:width":189,"og:image:height":168,"article:published_time":"2021-09-07T06:45:06+00:00","article:modified_time":"2021-09-07T06:45:36+00:00","article:publisher":"https:\/\/www.facebook.com\/AgileLabsTeam","article:author":"https:\/\/www.facebook.com\/AgileLabsTeam","twitter:card":"summary","twitter:site":"@InfoAgileLabs","twitter:title":"Software Validation &amp; Testing - Agile Labs","twitter:description":"Ensure Compliance At Your Location Validation Planning, Testing And Management We are software compliance experts. All versions of ProCalV5 software are internally tested and validated before release. IQ\/OQ\/PQ protocols can be provided. GAMP 5 level validation project plans, all necessary documents and any needed services are available to ensure compliant use at your locations. Typical","twitter:creator":"@InfoAgileLabs","twitter:image":"https:\/\/www.agilelabs.co.za\/wp-content\/uploads\/2021\/08\/TwitterLogo.png?wsr","schema":{"@context":"https:\/\/schema.org","@graph":[{"@type":"BreadcrumbList","@id":"https:\/\/www.agilelabs.co.za\/pl\/software-validation-testing\/#breadcrumblist","itemListElement":[{"@type":"ListItem","@id":"https:\/\/www.agilelabs.co.za\/pl\/#listItem","position":1,"name":"Home","item":"https:\/\/www.agilelabs.co.za\/pl\/","nextItem":"https:\/\/www.agilelabs.co.za\/pl\/software-validation-testing\/#listItem"},{"@type":"ListItem","@id":"https:\/\/www.agilelabs.co.za\/pl\/software-validation-testing\/#listItem","position":2,"name":"Software Validation & Testing","previousItem":"https:\/\/www.agilelabs.co.za\/pl\/#listItem"}]},{"@type":"Organization","@id":"https:\/\/www.agilelabs.co.za\/pl\/#organization","name":"Agile Labs","url":"https:\/\/www.agilelabs.co.za\/pl\/","logo":{"@type":"ImageObject","url":"https:\/\/www.agilelabs.co.za\/wp-content\/uploads\/2021\/08\/LogoTransparant.gif?wsr","@id":"https:\/\/www.agilelabs.co.za\/pl\/software-validation-testing\/#organizationLogo","width":125,"height":113},"image":{"@id":"https:\/\/www.agilelabs.co.za\/pl\/software-validation-testing\/#organizationLogo"},"sameAs":["https:\/\/www.facebook.com\/AgileLabsTeam","https:\/\/twitter.com\/InfoAgileLabs"]},{"@type":"WebPage","@id":"https:\/\/www.agilelabs.co.za\/pl\/software-validation-testing\/#webpage","url":"https:\/\/www.agilelabs.co.za\/pl\/software-validation-testing\/","name":"Software Validation & Testing - Agile Labs","description":"Ensure Compliance At Your Location Validation Planning, Testing And Management We are software compliance experts. All versions of ProCalV5 software are internally tested and validated before release. IQ\/OQ\/PQ protocols can be provided. GAMP 5 level validation project plans, all necessary documents and any needed services are available to ensure compliant use at your locations. Typical","inLanguage":"pl-PL","isPartOf":{"@id":"https:\/\/www.agilelabs.co.za\/pl\/#website"},"breadcrumb":{"@id":"https:\/\/www.agilelabs.co.za\/pl\/software-validation-testing\/#breadcrumblist"},"datePublished":"2021-09-07T08:45:06+02:00","dateModified":"2021-09-07T08:45:36+02:00"},{"@type":"WebSite","@id":"https:\/\/www.agilelabs.co.za\/pl\/#website","url":"https:\/\/www.agilelabs.co.za\/pl\/","name":"Agile Labs","description":"Industry and laboratory software solutions","inLanguage":"pl-PL","publisher":{"@id":"https:\/\/www.agilelabs.co.za\/pl\/#organization"}}]}},"aioseo_meta_data":{"post_id":"11820","title":null,"description":null,"keywords":null,"keyphrases":null,"primary_term":null,"canonical_url":null,"og_title":null,"og_description":null,"og_object_type":"default","og_image_type":"default","og_image_url":null,"og_image_width":null,"og_image_height":null,"og_image_custom_url":null,"og_image_custom_fields":null,"og_video":null,"og_custom_url":null,"og_article_section":null,"og_article_tags":null,"twitter_use_og":false,"twitter_card":"default","twitter_image_type":"default","twitter_image_url":null,"twitter_image_custom_url":null,"twitter_image_custom_fields":null,"twitter_title":null,"twitter_description":null,"schema":{"blockGraphs":[],"customGraphs":[],"default":{"data":{"Article":[],"Course":[],"Dataset":[],"FAQPage":[],"Movie":[],"Person":[],"Product":[],"Recipe":[],"Service":[],"SoftwareApplication":[],"WebPage":[]},"graphName":"","isEnabled":true},"graphs":[]},"schema_type":"default","schema_type_options":null,"pillar_content":false,"robots_default":true,"robots_noindex":false,"robots_noarchive":false,"robots_nosnippet":false,"robots_nofollow":false,"robots_noimageindex":false,"robots_noodp":false,"robots_notranslate":false,"robots_max_snippet":null,"robots_max_videopreview":null,"robots_max_imagepreview":"large","priority":null,"frequency":null,"local_seo":null,"limit_modified_date":false,"open_ai":null,"created":"2022-02-09 02:39:01","updated":"2022-09-13 21:15:47"},"_links":{"self":[{"href":"https:\/\/www.agilelabs.co.za\/pl\/wp-json\/wp\/v2\/pages\/11820","targetHints":{"allow":["GET"]}}],"collection":[{"href":"https:\/\/www.agilelabs.co.za\/pl\/wp-json\/wp\/v2\/pages"}],"about":[{"href":"https:\/\/www.agilelabs.co.za\/pl\/wp-json\/wp\/v2\/types\/page"}],"author":[{"embeddable":true,"href":"https:\/\/www.agilelabs.co.za\/pl\/wp-json\/wp\/v2\/users\/1"}],"replies":[{"embeddable":true,"href":"https:\/\/www.agilelabs.co.za\/pl\/wp-json\/wp\/v2\/comments?post=11820"}],"version-history":[{"count":0,"href":"https:\/\/www.agilelabs.co.za\/pl\/wp-json\/wp\/v2\/pages\/11820\/revisions"}],"wp:attachment":[{"href":"https:\/\/www.agilelabs.co.za\/pl\/wp-json\/wp\/v2\/media?parent=11820"}],"wp:term":[{"taxonomy":"category","embeddable":true,"href":"https:\/\/www.agilelabs.co.za\/pl\/wp-json\/wp\/v2\/categories?post=11820"},{"taxonomy":"post_tag","embeddable":true,"href":"https:\/\/www.agilelabs.co.za\/pl\/wp-json\/wp\/v2\/tags?post=11820"}],"curies":[{"name":"wp","href":"https:\/\/api.w.org\/{rel}","templated":true}]}}