{"id":11603,"date":"2021-08-22T12:04:15","date_gmt":"2021-08-22T10:04:15","guid":{"rendered":"https:\/\/www.agilelabs.co.za\/?page_id=11512"},"modified":"2022-06-24T12:46:26","modified_gmt":"2022-06-24T10:46:26","slug":"software-options","status":"publish","type":"page","link":"https:\/\/www.agilelabs.co.za\/pl\/software-options\/","title":{"rendered":"Opcje oprogramowania"},"content":{"rendered":"<blockquote class=\"wp-block-quote is-layout-flow wp-block-quote-is-layout-flow\"><p>Dodawanie warto\u015bci do oprogramowania kalibracyjnego<\/p><\/blockquote>\n\n\n\n<p><\/p>\n\n\n\n<p>Dost\u0119pnych jest wiele opcji oprogramowania, kt\u00f3re spe\u0142niaj\u0105 unikalne wymagania dotycz\u0105ce zarz\u0105dzania zasobami dla indywidualnych potrzeb firmy lub bran\u017cy. W\u015br\u00f3d najbardziej rozpowszechnionych opcji znajduje si\u0119 lista poni\u017cej. Aby zobaczy\u0107 wi\u0119cej, skontaktuj si\u0119 z nami, aby uzyska\u0107 e-book z funkcjami.<\/p>\n\n\n\n<p><strong>Konserwacja zapobiegawcza\/Zlecenie pracy<\/strong><\/p>\n\n\n\n<p>ProCalV5 umo\u017cliwia tworzenie rekord\u00f3w konserwacji zapobiegawczej (PM), kt\u00f3re mog\u0105 by\u0107 przypisane do zlece\u0144 pracy lub u\u017cywane niezale\u017cnie od systemu zlece\u0144 pracy. Umo\u017cliwia r\u00f3wnie\u017c grupowanie element\u00f3w pracy, takich jak pe\u0142ne kalibracje, elementy PM i \u017c\u0105dania konserwacji, przypisuj\u0105c je do zlece\u0144 pracy. Rekordy zlece\u0144 pracy mog\u0105 by\u0107 nast\u0119pnie \u015bledzone w ca\u0142ym systemie po zako\u0144czeniu ich zada\u0144.<\/p>\n\n\n\n<figure class=\"wp-block-image size-full\"><img decoding=\"async\" src=\"https:\/\/www.agilelabs.co.za\/wp-content\/uploads\/2021\/08\/WorkOrders.jpg\" alt=\"\" class=\"wp-image-11514\"\/><\/figure>\n\n\n\n<p><strong>Spis cz\u0119\u015bci<\/strong><\/p>\n\n\n\n<p>\u015aled\u017a zu\u017cycie i cz\u0119\u015bci zamienne u\u017cywane do kalibracji. Rekord Cz\u0119\u015bci s\u0142u\u017cy do identyfikacji tych cz\u0119\u015bci zamiennych w systemie magazynowym. Ekran Kontrola zapas\u00f3w umo\u017cliwia kontrol\u0119 zapas\u00f3w poprzez zapewnienie, \u017ce firma ma pod r\u0119k\u0105 potrzebne produkty. Cz\u0119\u015bci i cz\u0119\u015bci zamienne mog\u0105 by\u0107 \u015bledzone i kompilowane na li\u015bcie materia\u0142\u00f3w w celu wyszczeg\u00f3lnienia koszt\u00f3w dla bud\u017cet\u00f3w zada\u0144. Mo\u017ce r\u00f3wnie\u017c pom\u00f3c scentralizowa\u0107 wszystkie dane w certyfikacie kalibracji, rejestruj\u0105c cz\u0119\u015bci u\u017cywane do okre\u015blenia ca\u0142kowitego kosztu kalibracji w czasie. Poni\u017cej pokazano ekran Cz\u0119\u015bci i Ekran Kontroli Zapas\u00f3w.<\/p>\n\n\n\n<figure class=\"wp-block-image size-full is-resized\"><img decoding=\"async\" src=\"https:\/\/www.agilelabs.co.za\/wp-content\/uploads\/2021\/08\/parts4.jpg\" alt=\"\" class=\"wp-image-11600\" width=\"485\" height=\"404\"\/><\/figure>\n\n\n\n<figure class=\"wp-block-image size-large\"><img decoding=\"async\" src=\"https:\/\/www.agilelabs.co.za\/wp-content\/uploads\/2021\/08\/parts1-1024x440.jpg\" alt=\"\" class=\"wp-image-11602\"\/><\/figure>\n\n\n\n<p><strong>Raporty niestandardowe<\/strong><\/p>\n\n\n\n<p>Raporty niestandardowe mo\u017cna tworzy\u0107 w dowolnym celu w przep\u0142ywie pracy raportowania kalibracji, takim jak drukowanie etykiet, raportowanie metryk biznesowych lub zapytania dotycz\u0105ce specjalnych przydzia\u0142\u00f3w pracy. Modyfikacje mog\u0105 obejmowa\u0107 wszystko, od dodania logo firmy, przez dodanie dodatkowych p\u00f3l danych, podpis\u00f3w, oblicze\u0144 itp., po ca\u0142kowite przeformatowanie. Aby dowiedzie\u0107 si\u0119 wi\u0119cej o raportach standardowych i raportach niestandardowych, <a href=\"https:\/\/www.agilelabs.co.za\/pl\/powerful-reporting-and-analytics-with-procal-software\/\" data-type=\"page\" data-id=\"11508\">Kliknij tutaj<\/a>.<\/p>\n\n\n\n<div class=\"wp-block-columns is-layout-flex wp-container-core-columns-is-layout-9d6595d7 wp-block-columns-is-layout-flex\">\n<div class=\"wp-block-column is-layout-flow wp-block-column-is-layout-flow\">\n<figure class=\"wp-block-image size-full\"><img decoding=\"async\" src=\"https:\/\/www.agilelabs.co.za\/wp-content\/uploads\/2021\/08\/ProCal-Custom-Report-2.png\" alt=\"\" class=\"wp-image-11603\"\/><\/figure>\n<\/div>\n\n\n\n<div class=\"wp-block-column is-layout-flow wp-block-column-is-layout-flow\">\n<figure class=\"wp-block-image size-full\"><img decoding=\"async\" src=\"https:\/\/www.agilelabs.co.za\/wp-content\/uploads\/2021\/08\/ProCal-Custom-Report-1.png\" alt=\"\" class=\"wp-image-11604\"\/><\/figure>\n<\/div>\n<\/div>\n\n\n\n<p><strong>ProCal eView (Raportowanie przez Internet)<\/strong><\/p>\n\n\n\n<p>\u0141atwo zaplanuj raporty ProCal, kt\u00f3re maj\u0105 by\u0107 wykonywane i wysy\u0142ane poczt\u0105 elektroniczn\u0105 do odbiorc\u00f3w! ProCal eView to aplikacja internetowa, kt\u00f3ra umo\u017cliwia u\u017cytkownikom konfigurowanie i planowanie raport\u00f3w ProCalV5 w celu automatycznego generowania i dostarczania bez dost\u0119pu do pe\u0142nej aplikacji ProCalV5. Aby dowiedzie\u0107 si\u0119 wi\u0119cej o ProCal eView, <a href=\"https:\/\/www.agilelabs.co.za\/pl\/2021\/08\/24\/procal-eview-web-based-reporting\/\" data-type=\"post\" data-id=\"11547\" target=\"_blank\" rel=\"noreferrer noopener\">Kliknij tutaj<\/a>.<\/p>\n\n\n\n<figure class=\"wp-block-image size-full\"><img decoding=\"async\" src=\"https:\/\/www.agilelabs.co.za\/wp-content\/uploads\/2021\/08\/ProCaleViewFlow.jpg\" alt=\"\" class=\"wp-image-11605\"\/><\/figure>\n\n\n\n<p><strong>Narz\u0119dzie do dokumentowania kalibratora<\/strong><\/p>\n\n\n\n<p>Dzi\u0119ki ProCalv5 technicy mog\u0105 przesy\u0142a\u0107\/pobiera\u0107 do dokumentuj\u0105cych kalibrator\u00f3w w terenie w trybie off-line. U\u017cywaj\u0105c kalibratora dokumentuj\u0105cego, takiego jak Fluke 754, zapewniasz jako\u015b\u0107 wynik\u00f3w kalibracji oraz brak b\u0142\u0119d\u00f3w spowodowanych r\u0119cznym pisaniem wynik\u00f3w.<\/p>\n\n\n\n<p>Obecnie ProCalV5 i ProCal Direct<strong>*<\/strong> obs\u0142uguje:<\/p>\n\n\n\n<ul class=\"wp-block-list\"><li><strong>Fuks<\/strong>\u2013 serie 74X i 75X, 729<\/li><li><strong>Honeywell<\/strong>\u2013 2020<\/li><li><strong>Martel\/Beta<\/strong>\u2013 MasterCAL 990<\/li><\/ul>\n\n\n\n<p><strong>*<\/strong> Niekt\u00f3re modele wymagaj\u0105 <a href=\"https:\/\/www.agilelabs.co.za\/pl\/2021\/08\/24\/devicesync-utility\/\" data-type=\"post\" data-id=\"11583\">Synchronizacja urz\u0105dzenia<\/a><\/p>\n\n\n\n<figure class=\"wp-block-image size-full\"><img decoding=\"async\" src=\"https:\/\/www.agilelabs.co.za\/wp-content\/uploads\/2021\/08\/Documenting-Calibrator-Utility.jpg\" alt=\"\" class=\"wp-image-11606\"\/><\/figure>\n\n\n\n<p><strong>DeviceSync (interfejs kalibratora dokumentacji)<\/strong><\/p>\n\n\n\n<p>System ProCal DeviceSync umo\u017cliwia szybki i bezpieczny transfer danych pobranych tag\u00f3w i przes\u0142anych wynik\u00f3w do iz systemu ProCal z u\u017cytkownikami w dowolnym miejscu na \u015bwiecie. Doskona\u0142e uzupe\u0142nienie SaaS lub wdro\u017cenia ProCal w ca\u0142ym przedsi\u0119biorstwie, u\u017cytkownicy mog\u0105 wykonywa\u0107 kalibracje i uzyskiwa\u0107 wyniki szybciej ni\u017c kiedykolwiek wcze\u015bniej! Aby dowiedzie\u0107 si\u0119 wi\u0119cej i wy\u015bwietli\u0107 ekrany.<\/p>\n\n\n\n<figure class=\"wp-block-image size-large\"><img decoding=\"async\" src=\"https:\/\/www.agilelabs.co.za\/wp-content\/uploads\/2021\/08\/DeviceSyncTags2-1024x625.jpg\" alt=\"\" class=\"wp-image-11607\"\/><\/figure>\n\n\n\n<p><strong>Mobilna stacja robocza (licencje offline na komputery PC lub tablety)<\/strong><\/p>\n\n\n\n<p>Mobilna stacja robocza umo\u017cliwia importowanie i eksportowanie informacji mi\u0119dzy produkcyjn\u0105 baz\u0105 danych a baz\u0105 danych offline. Wyniki kalibracji i konserwacji wprowadzone w terenie mo\u017cna \u0142atwo przes\u0142a\u0107 za pomoc\u0105 transferu partii.<\/p>\n\n\n<div class=\"wp-block-image\">\n<figure class=\"aligncenter size-full is-resized\"><img decoding=\"async\" src=\"https:\/\/www.agilelabs.co.za\/wp-content\/uploads\/2021\/08\/ProCalV5-Desktop-Laptop-Tablet-Software.jpg\" alt=\"\" class=\"wp-image-11608\" width=\"804\" height=\"767\"\/><\/figure><\/div>","protected":false},"excerpt":{"rendered":"<p>Adding Value to your Calibration Software There are multiple software options available to support the unique asset management requirements for individual company or industry needs. Among the most prevalent options are the ones list below. To view more, contact us for a features EBook. Preventive Maintenance\/Work Order ProCalV5 allows you to create Preventive Maintenance (PM)<\/p>\n<p class=\"more-link\"><a href=\"https:\/\/www.agilelabs.co.za\/pl\/software-options\/\" class=\"themebutton\">Czytaj wi\u0119cej<\/a><\/p>","protected":false},"author":1,"featured_media":0,"parent":0,"menu_order":0,"comment_status":"closed","ping_status":"closed","template":"","meta":{"_acf_changed":false,"_monsterinsights_skip_tracking":false,"_monsterinsights_sitenote_active":false,"_monsterinsights_sitenote_note":"","_monsterinsights_sitenote_category":0,"footnotes":""},"categories":[],"tags":[],"class_list":["post-11603","page","type-page","status-publish","hentry"],"acf":[],"aioseo_notices":[],"aioseo_head":"\n\t\t<!-- All in One SEO Pro 4.7.0 - aioseo.com -->\n\t\t<meta name=\"description\" content=\"Adding Value to your Calibration Software There are multiple software options available to support the unique asset management requirements for individual company or industry needs. Among the most prevalent options are the ones list below. To view more, contact us for a features EBook. Preventive Maintenance\/Work Order ProCalV5 allows you to create Preventive Maintenance (PM)\" \/>\n\t\t<meta name=\"robots\" content=\"max-image-preview:large\" \/>\n\t\t<meta name=\"google-site-verification\" content=\"Nku-_1g-wtMYqihMzrUWbm5pdgO5gPY2D7l1ya5YPAU\" \/>\n\t\t<meta name=\"msvalidate.01\" content=\"9fc30828a433413eb7b3b5d32174774f\" \/>\n\t\t<meta name=\"yandex-verification\" content=\"c2122235dabe51e3\" \/>\n\t\t<link rel=\"canonical\" href=\"https:\/\/www.agilelabs.co.za\/pl\/software-options\/\" \/>\n\t\t<meta name=\"generator\" content=\"All in One SEO Pro (AIOSEO) 4.7.0\" \/>\n\t\t<meta property=\"og:locale\" content=\"pl_PL\" \/>\n\t\t<meta property=\"og:site_name\" content=\"Agile Labs - Industry and laboratory software solutions\" \/>\n\t\t<meta property=\"og:type\" content=\"article\" \/>\n\t\t<meta property=\"og:title\" content=\"Software Options - Agile Labs\" \/>\n\t\t<meta property=\"og:description\" content=\"Adding Value to your Calibration Software There are multiple software options available to support the unique asset management requirements for individual company or industry needs. Among the most prevalent options are the ones list below. To view more, contact us for a features EBook. Preventive Maintenance\/Work Order ProCalV5 allows you to create Preventive Maintenance (PM)\" \/>\n\t\t<meta property=\"og:url\" content=\"https:\/\/www.agilelabs.co.za\/pl\/software-options\/\" \/>\n\t\t<meta property=\"og:image\" content=\"https:\/\/www.agilelabs.co.za\/wp-content\/uploads\/2021\/08\/TwitterLogo.png?wsr\" \/>\n\t\t<meta property=\"og:image:secure_url\" content=\"https:\/\/www.agilelabs.co.za\/wp-content\/uploads\/2021\/08\/TwitterLogo.png?wsr\" \/>\n\t\t<meta property=\"og:image:width\" content=\"189\" \/>\n\t\t<meta property=\"og:image:height\" content=\"168\" \/>\n\t\t<meta property=\"article:published_time\" content=\"2021-08-22T10:04:15+00:00\" \/>\n\t\t<meta property=\"article:modified_time\" content=\"2022-06-24T10:46:26+00:00\" \/>\n\t\t<meta property=\"article:publisher\" content=\"https:\/\/www.facebook.com\/AgileLabsTeam\" \/>\n\t\t<meta property=\"article:author\" content=\"https:\/\/www.facebook.com\/AgileLabsTeam\" \/>\n\t\t<meta name=\"twitter:card\" content=\"summary\" \/>\n\t\t<meta name=\"twitter:site\" content=\"@InfoAgileLabs\" \/>\n\t\t<meta name=\"twitter:title\" content=\"Software Options - Agile Labs\" \/>\n\t\t<meta name=\"twitter:description\" content=\"Adding Value to your Calibration Software There are multiple software options available to support the unique asset management requirements for individual company or industry needs. Among the most prevalent options are the ones list below. To view more, contact us for a features EBook. Preventive Maintenance\/Work Order ProCalV5 allows you to create Preventive Maintenance (PM)\" \/>\n\t\t<meta name=\"twitter:creator\" content=\"@InfoAgileLabs\" \/>\n\t\t<meta name=\"twitter:image\" content=\"https:\/\/www.agilelabs.co.za\/wp-content\/uploads\/2021\/08\/TwitterLogo.png?wsr\" \/>\n\t\t<script type=\"application\/ld+json\" class=\"aioseo-schema\">\n\t\t\t{\"@context\":\"https:\\\/\\\/schema.org\",\"@graph\":[{\"@type\":\"BreadcrumbList\",\"@id\":\"https:\\\/\\\/www.agilelabs.co.za\\\/pl\\\/software-options\\\/#breadcrumblist\",\"itemListElement\":[{\"@type\":\"ListItem\",\"@id\":\"https:\\\/\\\/www.agilelabs.co.za\\\/pl\\\/#listItem\",\"position\":1,\"name\":\"Home\",\"item\":\"https:\\\/\\\/www.agilelabs.co.za\\\/pl\\\/\",\"nextItem\":\"https:\\\/\\\/www.agilelabs.co.za\\\/pl\\\/software-options\\\/#listItem\"},{\"@type\":\"ListItem\",\"@id\":\"https:\\\/\\\/www.agilelabs.co.za\\\/pl\\\/software-options\\\/#listItem\",\"position\":2,\"name\":\"Software Options\",\"previousItem\":\"https:\\\/\\\/www.agilelabs.co.za\\\/pl\\\/#listItem\"}]},{\"@type\":\"Organization\",\"@id\":\"https:\\\/\\\/www.agilelabs.co.za\\\/pl\\\/#organization\",\"name\":\"Agile Labs\",\"url\":\"https:\\\/\\\/www.agilelabs.co.za\\\/pl\\\/\",\"logo\":{\"@type\":\"ImageObject\",\"url\":\"https:\\\/\\\/www.agilelabs.co.za\\\/wp-content\\\/uploads\\\/2021\\\/08\\\/LogoTransparant.gif?wsr\",\"@id\":\"https:\\\/\\\/www.agilelabs.co.za\\\/pl\\\/software-options\\\/#organizationLogo\",\"width\":125,\"height\":113},\"image\":{\"@id\":\"https:\\\/\\\/www.agilelabs.co.za\\\/pl\\\/software-options\\\/#organizationLogo\"},\"sameAs\":[\"https:\\\/\\\/www.facebook.com\\\/AgileLabsTeam\",\"https:\\\/\\\/twitter.com\\\/InfoAgileLabs\"]},{\"@type\":\"WebPage\",\"@id\":\"https:\\\/\\\/www.agilelabs.co.za\\\/pl\\\/software-options\\\/#webpage\",\"url\":\"https:\\\/\\\/www.agilelabs.co.za\\\/pl\\\/software-options\\\/\",\"name\":\"Software Options - Agile Labs\",\"description\":\"Adding Value to your Calibration Software There are multiple software options available to support the unique asset management requirements for individual company or industry needs. Among the most prevalent options are the ones list below. To view more, contact us for a features EBook. Preventive Maintenance\\\/Work Order ProCalV5 allows you to create Preventive Maintenance (PM)\",\"inLanguage\":\"pl-PL\",\"isPartOf\":{\"@id\":\"https:\\\/\\\/www.agilelabs.co.za\\\/pl\\\/#website\"},\"breadcrumb\":{\"@id\":\"https:\\\/\\\/www.agilelabs.co.za\\\/pl\\\/software-options\\\/#breadcrumblist\"},\"datePublished\":\"2021-08-22T12:04:15+02:00\",\"dateModified\":\"2022-06-24T12:46:26+02:00\"},{\"@type\":\"WebSite\",\"@id\":\"https:\\\/\\\/www.agilelabs.co.za\\\/pl\\\/#website\",\"url\":\"https:\\\/\\\/www.agilelabs.co.za\\\/pl\\\/\",\"name\":\"Agile Labs\",\"description\":\"Industry and laboratory software solutions\",\"inLanguage\":\"pl-PL\",\"publisher\":{\"@id\":\"https:\\\/\\\/www.agilelabs.co.za\\\/pl\\\/#organization\"}}]}\n\t\t<\/script>\n\t\t<script type=\"text\/javascript\">\n\t\t\t(function(c,l,a,r,i,t,y){\n\t\t\tc[a]=c[a]||function(){(c[a].q=c[a].q||[]).push(arguments)};t=l.createElement(r);t.async=1;\n\t\t\tt.src=\"https:\/\/www.clarity.ms\/tag\/\"+i+\"?ref=aioseo\";y=l.getElementsByTagName(r)[0];y.parentNode.insertBefore(t,y);\n\t\t})(window, document, \"clarity\", \"script\", \"b88vlc75di\");\n\t\t<\/script>\n\t\t<!-- All in One SEO Pro -->\r\n\t\t<title>Software Options - Agile Labs<\/title>\n\n","aioseo_head_json":{"title":"Software Options - Agile Labs","description":"Adding Value to your Calibration Software There are multiple software options available to support the unique asset management requirements for individual company or industry needs. Among the most prevalent options are the ones list below. To view more, contact us for a features EBook. Preventive Maintenance\/Work Order ProCalV5 allows you to create Preventive Maintenance (PM)","canonical_url":"https:\/\/www.agilelabs.co.za\/pl\/software-options\/","robots":"max-image-preview:large","keywords":"","webmasterTools":{"google-site-verification":"Nku-_1g-wtMYqihMzrUWbm5pdgO5gPY2D7l1ya5YPAU","msvalidate.01":"9fc30828a433413eb7b3b5d32174774f","yandex-verification":"c2122235dabe51e3","miscellaneous":""},"og:locale":"pl_PL","og:site_name":"Agile Labs - Industry and laboratory software solutions","og:type":"article","og:title":"Software Options - Agile Labs","og:description":"Adding Value to your Calibration Software There are multiple software options available to support the unique asset management requirements for individual company or industry needs. Among the most prevalent options are the ones list below. To view more, contact us for a features EBook. Preventive Maintenance\/Work Order ProCalV5 allows you to create Preventive Maintenance (PM)","og:url":"https:\/\/www.agilelabs.co.za\/pl\/software-options\/","og:image":"https:\/\/www.agilelabs.co.za\/wp-content\/uploads\/2021\/08\/TwitterLogo.png?wsr","og:image:secure_url":"https:\/\/www.agilelabs.co.za\/wp-content\/uploads\/2021\/08\/TwitterLogo.png?wsr","og:image:width":189,"og:image:height":168,"article:published_time":"2021-08-22T10:04:15+00:00","article:modified_time":"2022-06-24T10:46:26+00:00","article:publisher":"https:\/\/www.facebook.com\/AgileLabsTeam","article:author":"https:\/\/www.facebook.com\/AgileLabsTeam","twitter:card":"summary","twitter:site":"@InfoAgileLabs","twitter:title":"Software Options - Agile Labs","twitter:description":"Adding Value to your Calibration Software There are multiple software options available to support the unique asset management requirements for individual company or industry needs. Among the most prevalent options are the ones list below. To view more, contact us for a features EBook. Preventive Maintenance\/Work Order ProCalV5 allows you to create Preventive Maintenance (PM)","twitter:creator":"@InfoAgileLabs","twitter:image":"https:\/\/www.agilelabs.co.za\/wp-content\/uploads\/2021\/08\/TwitterLogo.png?wsr","schema":{"@context":"https:\/\/schema.org","@graph":[{"@type":"BreadcrumbList","@id":"https:\/\/www.agilelabs.co.za\/pl\/software-options\/#breadcrumblist","itemListElement":[{"@type":"ListItem","@id":"https:\/\/www.agilelabs.co.za\/pl\/#listItem","position":1,"name":"Home","item":"https:\/\/www.agilelabs.co.za\/pl\/","nextItem":"https:\/\/www.agilelabs.co.za\/pl\/software-options\/#listItem"},{"@type":"ListItem","@id":"https:\/\/www.agilelabs.co.za\/pl\/software-options\/#listItem","position":2,"name":"Software Options","previousItem":"https:\/\/www.agilelabs.co.za\/pl\/#listItem"}]},{"@type":"Organization","@id":"https:\/\/www.agilelabs.co.za\/pl\/#organization","name":"Agile Labs","url":"https:\/\/www.agilelabs.co.za\/pl\/","logo":{"@type":"ImageObject","url":"https:\/\/www.agilelabs.co.za\/wp-content\/uploads\/2021\/08\/LogoTransparant.gif?wsr","@id":"https:\/\/www.agilelabs.co.za\/pl\/software-options\/#organizationLogo","width":125,"height":113},"image":{"@id":"https:\/\/www.agilelabs.co.za\/pl\/software-options\/#organizationLogo"},"sameAs":["https:\/\/www.facebook.com\/AgileLabsTeam","https:\/\/twitter.com\/InfoAgileLabs"]},{"@type":"WebPage","@id":"https:\/\/www.agilelabs.co.za\/pl\/software-options\/#webpage","url":"https:\/\/www.agilelabs.co.za\/pl\/software-options\/","name":"Software Options - Agile Labs","description":"Adding Value to your Calibration Software There are multiple software options available to support the unique asset management requirements for individual company or industry needs. Among the most prevalent options are the ones list below. To view more, contact us for a features EBook. Preventive Maintenance\/Work Order ProCalV5 allows you to create Preventive Maintenance (PM)","inLanguage":"pl-PL","isPartOf":{"@id":"https:\/\/www.agilelabs.co.za\/pl\/#website"},"breadcrumb":{"@id":"https:\/\/www.agilelabs.co.za\/pl\/software-options\/#breadcrumblist"},"datePublished":"2021-08-22T12:04:15+02:00","dateModified":"2022-06-24T12:46:26+02:00"},{"@type":"WebSite","@id":"https:\/\/www.agilelabs.co.za\/pl\/#website","url":"https:\/\/www.agilelabs.co.za\/pl\/","name":"Agile Labs","description":"Industry and laboratory software solutions","inLanguage":"pl-PL","publisher":{"@id":"https:\/\/www.agilelabs.co.za\/pl\/#organization"}}]}},"aioseo_meta_data":{"post_id":"11603","title":null,"description":null,"keywords":"[]","keyphrases":"{\"focus\":{\"keyphrase\":\"\",\"score\":0,\"analysis\":{\"keyphraseInTitle\":{\"score\":0,\"maxScore\":9,\"error\":1}}},\"additional\":[]}","primary_term":null,"canonical_url":null,"og_title":null,"og_description":null,"og_object_type":"default","og_image_type":"default","og_image_url":null,"og_image_width":null,"og_image_height":null,"og_image_custom_url":null,"og_image_custom_fields":null,"og_video":"","og_custom_url":null,"og_article_section":null,"og_article_tags":"[]","twitter_use_og":false,"twitter_card":"default","twitter_image_type":"default","twitter_image_url":null,"twitter_image_custom_url":null,"twitter_image_custom_fields":null,"twitter_title":null,"twitter_description":null,"schema":{"blockGraphs":[],"customGraphs":[],"default":{"data":{"Article":[],"Course":[],"Dataset":[],"FAQPage":[],"Movie":[],"Person":[],"Product":[],"Recipe":[],"Service":[],"SoftwareApplication":[],"WebPage":[]},"graphName":"","isEnabled":true},"graphs":[]},"schema_type":"default","schema_type_options":"{\"article\":{\"articleType\":\"BlogPosting\"},\"course\":{\"name\":\"\",\"description\":\"\",\"provider\":\"\"},\"faq\":{\"pages\":[]},\"product\":{\"reviews\":[]},\"recipe\":{\"ingredients\":[],\"instructions\":[],\"keywords\":[]},\"software\":{\"reviews\":[],\"operatingSystems\":[]},\"webPage\":{\"webPageType\":\"WebPage\"}}","pillar_content":false,"robots_default":true,"robots_noindex":false,"robots_noarchive":false,"robots_nosnippet":false,"robots_nofollow":false,"robots_noimageindex":false,"robots_noodp":false,"robots_notranslate":false,"robots_max_snippet":"-1","robots_max_videopreview":"-1","robots_max_imagepreview":"large","priority":null,"frequency":"default","local_seo":null,"limit_modified_date":false,"open_ai":null,"created":"2022-02-09 02:39:01","updated":"2022-09-13 21:13:05"},"_links":{"self":[{"href":"https:\/\/www.agilelabs.co.za\/pl\/wp-json\/wp\/v2\/pages\/11603","targetHints":{"allow":["GET"]}}],"collection":[{"href":"https:\/\/www.agilelabs.co.za\/pl\/wp-json\/wp\/v2\/pages"}],"about":[{"href":"https:\/\/www.agilelabs.co.za\/pl\/wp-json\/wp\/v2\/types\/page"}],"author":[{"embeddable":true,"href":"https:\/\/www.agilelabs.co.za\/pl\/wp-json\/wp\/v2\/users\/1"}],"replies":[{"embeddable":true,"href":"https:\/\/www.agilelabs.co.za\/pl\/wp-json\/wp\/v2\/comments?post=11603"}],"version-history":[{"count":0,"href":"https:\/\/www.agilelabs.co.za\/pl\/wp-json\/wp\/v2\/pages\/11603\/revisions"}],"wp:attachment":[{"href":"https:\/\/www.agilelabs.co.za\/pl\/wp-json\/wp\/v2\/media?parent=11603"}],"wp:term":[{"taxonomy":"category","embeddable":true,"href":"https:\/\/www.agilelabs.co.za\/pl\/wp-json\/wp\/v2\/categories?post=11603"},{"taxonomy":"post_tag","embeddable":true,"href":"https:\/\/www.agilelabs.co.za\/pl\/wp-json\/wp\/v2\/tags?post=11603"}],"curies":[{"name":"wp","href":"https:\/\/api.w.org\/{rel}","templated":true}]}}