{"id":11598,"date":"2021-08-20T04:04:06","date_gmt":"2021-08-20T02:04:06","guid":{"rendered":"https:\/\/www.agilelabs.co.za\/?page_id=11489"},"modified":"2021-09-02T09:11:21","modified_gmt":"2021-09-02T07:11:21","slug":"fluke","status":"publish","type":"page","link":"https:\/\/www.agilelabs.co.za\/pl\/fluke\/","title":{"rendered":"Fuks"},"content":{"rendered":"<p><strong>Kalibratory dokumentuj\u0105ce<\/strong><\/p>\n\n\n\n<p>Funkcjonalno\u015b\u0107 bez papieru to najlepszy spos\u00f3b na popraw\u0119 produktywno\u015bci, obni\u017cenie koszt\u00f3w operacyjnych i zapewnienie zgodno\u015bci z przepisami. ProCalV5 to najpot\u0119\u017cniejszy program do u\u017cytku z dokumentuj\u0105cymi kalibratorami proces\u00f3w Fluke 740\/750. Unikalne cechy systemu umo\u017cliwiaj\u0105 przesy\u0142anie\/pobieranie zada\u0144 do kalibratora z po\u0142\u0105czenia komputera\/serwera lub zdalnie z mobilnej stacji roboczej ProCalV5. Zapewniona jest ulepszona kontrola nadzoru nad operacjami w terenie!<\/p>\n\n\n\n<p><strong>Wielofunkcyjny.<\/strong><\/p>\n\n\n\n<p>Skalibruj temperatur\u0119, ci\u015bnienie, napi\u0119cie, pr\u0105d, rezystancj\u0119 i cz\u0119stotliwo\u015b\u0107. Poniewa\u017c zar\u00f3wno mierzy, jak i \u017ar\u00f3d\u0142a, mo\u017cesz rozwi\u0105zywa\u0107 problemy i kalibrowa\u0107 wszystko za pomoc\u0105 jednego wytrzyma\u0142ego narz\u0119dzia.<\/p>\n\n\n\n<p><strong>Pot\u0119\u017cny, ale \u0142atwy w u\u017cyciu.<\/strong><\/p>\n\n\n\n<p>\u0141atwy w obs\u0142udze wy\u015bwietlacz z menu poprowadzi Ci\u0119 przez ka\u017cde zadanie. Programowalne procedury kalibracyjne umo\u017cliwiaj\u0105 tworzenie i uruchamianie zautomatyzowanych procedur \u201ejak znaleziono\/pozosta\u0142o\u201d w celu zapewnienia szybkich, sp\u00f3jnych kalibracji.<\/p>\n\n\n\n<p><strong>Ewidencja i dokumentacja wynik\u00f3w.<\/strong><\/p>\n\n\n\n<p>Aby zapewni\u0107 zgodno\u015b\u0107 z normami ISO-9000 lub normami, Fluke 753\/754 rejestruje wyniki kalibracji, eliminuj\u0105c potrzeb\u0119 \u017conglowania pi\u00f3rem i podk\u0142adk\u0105 w terenie. Interfejs USB w urz\u0105dzeniach Fluke 753 i 754 umo\u017cliwia przesy\u0142anie wynik\u00f3w do komputera, oszcz\u0119dzaj\u0105c w ten spos\u00f3b czas na ich r\u0119czn\u0105 transkrypcj\u0119 po powrocie do sklepu.<\/p>\n\n\n\n<p><strong>Naprawd\u0119 r\u0119czny.<\/strong><\/p>\n\n\n\n<p>Wystarczaj\u0105co ma\u0142y, aby z \u0142atwo\u015bci\u0105 zmie\u015bci\u0107 si\u0119 w torbie na narz\u0119dzia i u\u017cywa\u0107 w ciasnych przestrzeniach. Dzia\u0142a przez ca\u0142\u0105 zmian\u0119 na akumulatorze litowo-jonowym.<\/p>\n\n\n\n<p><strong>Wytrzyma\u0142y i niezawodny.<\/strong><\/p>\n\n\n\n<p>Uformowana obudowa z uretanu wytrzymuje nieostro\u017cne obchodzenie si\u0119 w \u015brodowiskach przemys\u0142owych. Kalibratory oferuj\u0105 roczne lub dwuletnie cykle kalibracji oraz trzyletni\u0105 gwarancj\u0119.<\/p>\n\n\n\n<p><strong>Jasny, bia\u0142y wy\u015bwietlacz.<\/strong><\/p>\n\n\n\n<p>Umo\u017cliwia odczytywanie wynik\u00f3w w dowolnym \u015bwietle. Pod\u015bwietlenie ma trzy (3) ustawienia.<\/p>\n\n\n\n<p><strong>Wieloj\u0119zyczny interfejs.<\/strong><\/p>\n\n\n\n<p>Wy\u015bwietla instrukcje w j\u0119zyku angielskim, francuskim, niemieckim, hiszpa\u0144skim i w\u0142oskim.<\/p>\n\n\n\n<p><strong>AutoKrok.<\/strong><\/p>\n\n\n\n<p>Pozwala technikom ustawi\u0107 kalibrator na op\u00f3\u017aniony start i okre\u015blon\u0105 sekwencj\u0119 krok\u00f3w, dzi\u0119ki czemu mo\u017ce pracowa\u0107 bez nadzoru jako stale zmieniaj\u0105ce si\u0119 \u017ar\u00f3d\u0142o testowe.<\/p>\n\n\n\n<p><strong>Wbudowany kalkulator algebraiczny.<\/strong><\/p>\n\n\n\n<p>Dzi\u0119ki czterem funkcjom \u2014 plus pierwiastek kwadratowy \u2014 przechowuje, przywo\u0142uje i wykonuje obliczenia wymagane do konfiguracji przyrz\u0105d\u00f3w lub oceny danych w terenie. U\u017cyj go, aby ustawi\u0107 funkcj\u0119 \u017ar\u00f3d\u0142ow\u0105 na obliczon\u0105 warto\u015b\u0107. Nie ma potrzeby noszenia ze sob\u0105 o\u0142\u00f3wka i papieru ani osobnego kalkulatora.<\/p>\n\n\n\n<div class=\"wp-block-image\"><figure class=\"aligncenter size-full\"><img decoding=\"async\" width=\"323\" height=\"400\" src=\"https:\/\/www.agilelabs.co.za\/wp-content\/uploads\/2021\/08\/Documenting_Calibrators.png\" alt=\"\" class=\"wp-image-11510\" srcset=\"https:\/\/www.agilelabs.co.za\/wp-content\/uploads\/2021\/08\/Documenting_Calibrators.png 323w, https:\/\/www.agilelabs.co.za\/wp-content\/uploads\/2021\/08\/Documenting_Calibrators-300x372.png 300w, https:\/\/www.agilelabs.co.za\/wp-content\/uploads\/2021\/08\/Documenting_Calibrators-242x300.png 242w\" sizes=\"(max-width: 323px) 100vw, 323px\" \/><\/figure><\/div>","protected":false},"excerpt":{"rendered":"<p>Documenting Calibrators Paperless functionality is the best way to improve productivity, reduce operational costs and ensure regulatory compliance. ProCalV5 is the most powerful program for use with Fluke 740\/750 Documenting Process Calibrators. Unique system features enable work assignments to upload\/download to the calibrator from either a PC\/server connection or remotely from a ProCalV5 Mobile Workstation.<\/p>\n<p class=\"more-link\"><a href=\"https:\/\/www.agilelabs.co.za\/pl\/fluke\/\" class=\"themebutton\">Czytaj wi\u0119cej<\/a><\/p>","protected":false},"author":1,"featured_media":0,"parent":0,"menu_order":0,"comment_status":"closed","ping_status":"closed","template":"","meta":{"_acf_changed":false,"_monsterinsights_skip_tracking":false,"_monsterinsights_sitenote_active":false,"_monsterinsights_sitenote_note":"","_monsterinsights_sitenote_category":0,"footnotes":""},"categories":[],"tags":[],"class_list":["post-11598","page","type-page","status-publish","hentry"],"acf":[],"aioseo_notices":[],"aioseo_head":"\n\t\t<!-- All in One SEO Pro 4.7.0 - aioseo.com -->\n\t\t<meta name=\"description\" content=\"Documenting Calibrators Paperless functionality is the best way to improve productivity, reduce operational costs and ensure regulatory compliance. ProCalV5 is the most powerful program for use with Fluke 740\/750 Documenting Process Calibrators. Unique system features enable work assignments to upload\/download to the calibrator from either a PC\/server connection or remotely from a ProCalV5 Mobile Workstation.\" \/>\n\t\t<meta name=\"robots\" content=\"max-image-preview:large\" \/>\n\t\t<meta name=\"google-site-verification\" content=\"Nku-_1g-wtMYqihMzrUWbm5pdgO5gPY2D7l1ya5YPAU\" \/>\n\t\t<meta name=\"msvalidate.01\" content=\"9fc30828a433413eb7b3b5d32174774f\" \/>\n\t\t<meta name=\"yandex-verification\" content=\"c2122235dabe51e3\" \/>\n\t\t<link rel=\"canonical\" href=\"https:\/\/www.agilelabs.co.za\/pl\/fluke\/\" \/>\n\t\t<meta name=\"generator\" content=\"All in One SEO Pro (AIOSEO) 4.7.0\" \/>\n\t\t<meta property=\"og:locale\" content=\"pl_PL\" \/>\n\t\t<meta property=\"og:site_name\" content=\"Agile Labs - Industry and laboratory software solutions\" \/>\n\t\t<meta property=\"og:type\" content=\"article\" \/>\n\t\t<meta property=\"og:title\" content=\"Fluke - Agile Labs\" \/>\n\t\t<meta property=\"og:description\" content=\"Documenting Calibrators Paperless functionality is the best way to improve productivity, reduce operational costs and ensure regulatory compliance. ProCalV5 is the most powerful program for use with Fluke 740\/750 Documenting Process Calibrators. Unique system features enable work assignments to upload\/download to the calibrator from either a PC\/server connection or remotely from a ProCalV5 Mobile Workstation.\" \/>\n\t\t<meta property=\"og:url\" content=\"https:\/\/www.agilelabs.co.za\/pl\/fluke\/\" \/>\n\t\t<meta property=\"og:image\" content=\"https:\/\/www.agilelabs.co.za\/wp-content\/uploads\/2021\/08\/TwitterLogo.png?wsr\" \/>\n\t\t<meta property=\"og:image:secure_url\" content=\"https:\/\/www.agilelabs.co.za\/wp-content\/uploads\/2021\/08\/TwitterLogo.png?wsr\" \/>\n\t\t<meta property=\"og:image:width\" content=\"189\" \/>\n\t\t<meta property=\"og:image:height\" content=\"168\" \/>\n\t\t<meta property=\"article:published_time\" content=\"2021-08-20T02:04:06+00:00\" \/>\n\t\t<meta property=\"article:modified_time\" content=\"2021-09-02T07:11:21+00:00\" \/>\n\t\t<meta property=\"article:publisher\" content=\"https:\/\/www.facebook.com\/AgileLabsTeam\" \/>\n\t\t<meta property=\"article:author\" content=\"https:\/\/www.facebook.com\/AgileLabsTeam\" \/>\n\t\t<meta name=\"twitter:card\" content=\"summary\" \/>\n\t\t<meta name=\"twitter:site\" content=\"@InfoAgileLabs\" \/>\n\t\t<meta name=\"twitter:title\" content=\"Fluke - Agile Labs\" \/>\n\t\t<meta name=\"twitter:description\" content=\"Documenting Calibrators Paperless functionality is the best way to improve productivity, reduce operational costs and ensure regulatory compliance. ProCalV5 is the most powerful program for use with Fluke 740\/750 Documenting Process Calibrators. Unique system features enable work assignments to upload\/download to the calibrator from either a PC\/server connection or remotely from a ProCalV5 Mobile Workstation.\" \/>\n\t\t<meta name=\"twitter:creator\" content=\"@InfoAgileLabs\" \/>\n\t\t<meta name=\"twitter:image\" content=\"https:\/\/www.agilelabs.co.za\/wp-content\/uploads\/2021\/08\/TwitterLogo.png?wsr\" \/>\n\t\t<script type=\"application\/ld+json\" class=\"aioseo-schema\">\n\t\t\t{\"@context\":\"https:\\\/\\\/schema.org\",\"@graph\":[{\"@type\":\"BreadcrumbList\",\"@id\":\"https:\\\/\\\/www.agilelabs.co.za\\\/pl\\\/fluke\\\/#breadcrumblist\",\"itemListElement\":[{\"@type\":\"ListItem\",\"@id\":\"https:\\\/\\\/www.agilelabs.co.za\\\/pl\\\/#listItem\",\"position\":1,\"name\":\"Home\",\"item\":\"https:\\\/\\\/www.agilelabs.co.za\\\/pl\\\/\",\"nextItem\":\"https:\\\/\\\/www.agilelabs.co.za\\\/pl\\\/fluke\\\/#listItem\"},{\"@type\":\"ListItem\",\"@id\":\"https:\\\/\\\/www.agilelabs.co.za\\\/pl\\\/fluke\\\/#listItem\",\"position\":2,\"name\":\"Fluke\",\"previousItem\":\"https:\\\/\\\/www.agilelabs.co.za\\\/pl\\\/#listItem\"}]},{\"@type\":\"Organization\",\"@id\":\"https:\\\/\\\/www.agilelabs.co.za\\\/pl\\\/#organization\",\"name\":\"Agile Labs\",\"url\":\"https:\\\/\\\/www.agilelabs.co.za\\\/pl\\\/\",\"logo\":{\"@type\":\"ImageObject\",\"url\":\"https:\\\/\\\/www.agilelabs.co.za\\\/wp-content\\\/uploads\\\/2021\\\/08\\\/LogoTransparant.gif?wsr\",\"@id\":\"https:\\\/\\\/www.agilelabs.co.za\\\/pl\\\/fluke\\\/#organizationLogo\",\"width\":125,\"height\":113},\"image\":{\"@id\":\"https:\\\/\\\/www.agilelabs.co.za\\\/pl\\\/fluke\\\/#organizationLogo\"},\"sameAs\":[\"https:\\\/\\\/www.facebook.com\\\/AgileLabsTeam\",\"https:\\\/\\\/twitter.com\\\/InfoAgileLabs\"]},{\"@type\":\"WebPage\",\"@id\":\"https:\\\/\\\/www.agilelabs.co.za\\\/pl\\\/fluke\\\/#webpage\",\"url\":\"https:\\\/\\\/www.agilelabs.co.za\\\/pl\\\/fluke\\\/\",\"name\":\"Fluke - Agile Labs\",\"description\":\"Documenting Calibrators Paperless functionality is the best way to improve productivity, reduce operational costs and ensure regulatory compliance. ProCalV5 is the most powerful program for use with Fluke 740\\\/750 Documenting Process Calibrators. Unique system features enable work assignments to upload\\\/download to the calibrator from either a PC\\\/server connection or remotely from a ProCalV5 Mobile Workstation.\",\"inLanguage\":\"pl-PL\",\"isPartOf\":{\"@id\":\"https:\\\/\\\/www.agilelabs.co.za\\\/pl\\\/#website\"},\"breadcrumb\":{\"@id\":\"https:\\\/\\\/www.agilelabs.co.za\\\/pl\\\/fluke\\\/#breadcrumblist\"},\"datePublished\":\"2021-08-20T04:04:06+02:00\",\"dateModified\":\"2021-09-02T09:11:21+02:00\"},{\"@type\":\"WebSite\",\"@id\":\"https:\\\/\\\/www.agilelabs.co.za\\\/pl\\\/#website\",\"url\":\"https:\\\/\\\/www.agilelabs.co.za\\\/pl\\\/\",\"name\":\"Agile Labs\",\"description\":\"Industry and laboratory software solutions\",\"inLanguage\":\"pl-PL\",\"publisher\":{\"@id\":\"https:\\\/\\\/www.agilelabs.co.za\\\/pl\\\/#organization\"}}]}\n\t\t<\/script>\n\t\t<script type=\"text\/javascript\">\n\t\t\t(function(c,l,a,r,i,t,y){\n\t\t\tc[a]=c[a]||function(){(c[a].q=c[a].q||[]).push(arguments)};t=l.createElement(r);t.async=1;\n\t\t\tt.src=\"https:\/\/www.clarity.ms\/tag\/\"+i+\"?ref=aioseo\";y=l.getElementsByTagName(r)[0];y.parentNode.insertBefore(t,y);\n\t\t})(window, document, \"clarity\", \"script\", \"b88vlc75di\");\n\t\t<\/script>\n\t\t<!-- All in One SEO Pro -->\r\n\t\t<title>Fluke - Agile Labs<\/title>\n\n","aioseo_head_json":{"title":"Fluke - Agile Labs","description":"Documenting Calibrators Paperless functionality is the best way to improve productivity, reduce operational costs and ensure regulatory compliance. ProCalV5 is the most powerful program for use with Fluke 740\/750 Documenting Process Calibrators. Unique system features enable work assignments to upload\/download to the calibrator from either a PC\/server connection or remotely from a ProCalV5 Mobile Workstation.","canonical_url":"https:\/\/www.agilelabs.co.za\/pl\/fluke\/","robots":"max-image-preview:large","keywords":"","webmasterTools":{"google-site-verification":"Nku-_1g-wtMYqihMzrUWbm5pdgO5gPY2D7l1ya5YPAU","msvalidate.01":"9fc30828a433413eb7b3b5d32174774f","yandex-verification":"c2122235dabe51e3","miscellaneous":""},"og:locale":"pl_PL","og:site_name":"Agile Labs - Industry and laboratory software solutions","og:type":"article","og:title":"Fluke - Agile Labs","og:description":"Documenting Calibrators Paperless functionality is the best way to improve productivity, reduce operational costs and ensure regulatory compliance. ProCalV5 is the most powerful program for use with Fluke 740\/750 Documenting Process Calibrators. Unique system features enable work assignments to upload\/download to the calibrator from either a PC\/server connection or remotely from a ProCalV5 Mobile Workstation.","og:url":"https:\/\/www.agilelabs.co.za\/pl\/fluke\/","og:image":"https:\/\/www.agilelabs.co.za\/wp-content\/uploads\/2021\/08\/TwitterLogo.png?wsr","og:image:secure_url":"https:\/\/www.agilelabs.co.za\/wp-content\/uploads\/2021\/08\/TwitterLogo.png?wsr","og:image:width":189,"og:image:height":168,"article:published_time":"2021-08-20T02:04:06+00:00","article:modified_time":"2021-09-02T07:11:21+00:00","article:publisher":"https:\/\/www.facebook.com\/AgileLabsTeam","article:author":"https:\/\/www.facebook.com\/AgileLabsTeam","twitter:card":"summary","twitter:site":"@InfoAgileLabs","twitter:title":"Fluke - Agile Labs","twitter:description":"Documenting Calibrators Paperless functionality is the best way to improve productivity, reduce operational costs and ensure regulatory compliance. ProCalV5 is the most powerful program for use with Fluke 740\/750 Documenting Process Calibrators. Unique system features enable work assignments to upload\/download to the calibrator from either a PC\/server connection or remotely from a ProCalV5 Mobile Workstation.","twitter:creator":"@InfoAgileLabs","twitter:image":"https:\/\/www.agilelabs.co.za\/wp-content\/uploads\/2021\/08\/TwitterLogo.png?wsr","schema":{"@context":"https:\/\/schema.org","@graph":[{"@type":"BreadcrumbList","@id":"https:\/\/www.agilelabs.co.za\/pl\/fluke\/#breadcrumblist","itemListElement":[{"@type":"ListItem","@id":"https:\/\/www.agilelabs.co.za\/pl\/#listItem","position":1,"name":"Home","item":"https:\/\/www.agilelabs.co.za\/pl\/","nextItem":"https:\/\/www.agilelabs.co.za\/pl\/fluke\/#listItem"},{"@type":"ListItem","@id":"https:\/\/www.agilelabs.co.za\/pl\/fluke\/#listItem","position":2,"name":"Fluke","previousItem":"https:\/\/www.agilelabs.co.za\/pl\/#listItem"}]},{"@type":"Organization","@id":"https:\/\/www.agilelabs.co.za\/pl\/#organization","name":"Agile Labs","url":"https:\/\/www.agilelabs.co.za\/pl\/","logo":{"@type":"ImageObject","url":"https:\/\/www.agilelabs.co.za\/wp-content\/uploads\/2021\/08\/LogoTransparant.gif?wsr","@id":"https:\/\/www.agilelabs.co.za\/pl\/fluke\/#organizationLogo","width":125,"height":113},"image":{"@id":"https:\/\/www.agilelabs.co.za\/pl\/fluke\/#organizationLogo"},"sameAs":["https:\/\/www.facebook.com\/AgileLabsTeam","https:\/\/twitter.com\/InfoAgileLabs"]},{"@type":"WebPage","@id":"https:\/\/www.agilelabs.co.za\/pl\/fluke\/#webpage","url":"https:\/\/www.agilelabs.co.za\/pl\/fluke\/","name":"Fluke - Agile Labs","description":"Documenting Calibrators Paperless functionality is the best way to improve productivity, reduce operational costs and ensure regulatory compliance. ProCalV5 is the most powerful program for use with Fluke 740\/750 Documenting Process Calibrators. Unique system features enable work assignments to upload\/download to the calibrator from either a PC\/server connection or remotely from a ProCalV5 Mobile Workstation.","inLanguage":"pl-PL","isPartOf":{"@id":"https:\/\/www.agilelabs.co.za\/pl\/#website"},"breadcrumb":{"@id":"https:\/\/www.agilelabs.co.za\/pl\/fluke\/#breadcrumblist"},"datePublished":"2021-08-20T04:04:06+02:00","dateModified":"2021-09-02T09:11:21+02:00"},{"@type":"WebSite","@id":"https:\/\/www.agilelabs.co.za\/pl\/#website","url":"https:\/\/www.agilelabs.co.za\/pl\/","name":"Agile Labs","description":"Industry and laboratory software solutions","inLanguage":"pl-PL","publisher":{"@id":"https:\/\/www.agilelabs.co.za\/pl\/#organization"}}]}},"aioseo_meta_data":{"post_id":"11598","title":null,"description":null,"keywords":null,"keyphrases":null,"primary_term":null,"canonical_url":null,"og_title":null,"og_description":null,"og_object_type":"default","og_image_type":"default","og_image_url":null,"og_image_width":null,"og_image_height":null,"og_image_custom_url":null,"og_image_custom_fields":null,"og_video":null,"og_custom_url":null,"og_article_section":null,"og_article_tags":null,"twitter_use_og":false,"twitter_card":"default","twitter_image_type":"default","twitter_image_url":null,"twitter_image_custom_url":null,"twitter_image_custom_fields":null,"twitter_title":null,"twitter_description":null,"schema":{"blockGraphs":[],"customGraphs":[],"default":{"data":{"Article":[],"Course":[],"Dataset":[],"FAQPage":[],"Movie":[],"Person":[],"Product":[],"Recipe":[],"Service":[],"SoftwareApplication":[],"WebPage":[]},"graphName":"","isEnabled":true},"graphs":[]},"schema_type":"default","schema_type_options":null,"pillar_content":false,"robots_default":true,"robots_noindex":false,"robots_noarchive":false,"robots_nosnippet":false,"robots_nofollow":false,"robots_noimageindex":false,"robots_noodp":false,"robots_notranslate":false,"robots_max_snippet":null,"robots_max_videopreview":null,"robots_max_imagepreview":"large","priority":null,"frequency":null,"local_seo":null,"limit_modified_date":false,"open_ai":null,"created":"2022-02-09 02:39:01","updated":"2022-09-13 21:12:53"},"_links":{"self":[{"href":"https:\/\/www.agilelabs.co.za\/pl\/wp-json\/wp\/v2\/pages\/11598","targetHints":{"allow":["GET"]}}],"collection":[{"href":"https:\/\/www.agilelabs.co.za\/pl\/wp-json\/wp\/v2\/pages"}],"about":[{"href":"https:\/\/www.agilelabs.co.za\/pl\/wp-json\/wp\/v2\/types\/page"}],"author":[{"embeddable":true,"href":"https:\/\/www.agilelabs.co.za\/pl\/wp-json\/wp\/v2\/users\/1"}],"replies":[{"embeddable":true,"href":"https:\/\/www.agilelabs.co.za\/pl\/wp-json\/wp\/v2\/comments?post=11598"}],"version-history":[{"count":0,"href":"https:\/\/www.agilelabs.co.za\/pl\/wp-json\/wp\/v2\/pages\/11598\/revisions"}],"wp:attachment":[{"href":"https:\/\/www.agilelabs.co.za\/pl\/wp-json\/wp\/v2\/media?parent=11598"}],"wp:term":[{"taxonomy":"category","embeddable":true,"href":"https:\/\/www.agilelabs.co.za\/pl\/wp-json\/wp\/v2\/categories?post=11598"},{"taxonomy":"post_tag","embeddable":true,"href":"https:\/\/www.agilelabs.co.za\/pl\/wp-json\/wp\/v2\/tags?post=11598"}],"curies":[{"name":"wp","href":"https:\/\/api.w.org\/{rel}","templated":true}]}}