{"id":11596,"date":"2021-08-20T03:33:50","date_gmt":"2021-08-20T01:33:50","guid":{"rendered":"https:\/\/www.agilelabs.co.za\/?page_id=11476"},"modified":"2021-09-01T15:21:43","modified_gmt":"2021-09-01T13:21:43","slug":"procal-direct","status":"publish","type":"page","link":"https:\/\/www.agilelabs.co.za\/pl\/procal-direct\/","title":{"rendered":"ProCal Direct"},"content":{"rendered":"<p><strong>ProCal Direct \u2014 oprogramowanie do zarz\u0105dzania kalibracj\u0105 w chmurze<\/strong><\/p>\n\n\n\n<p><\/p>\n\n\n\n<blockquote class=\"wp-block-quote is-layout-flow wp-block-quote-is-layout-flow\"><p>Dostarcza ca\u0142\u0105 moc i wydajno\u015b\u0107 ProCalV5<\/p><\/blockquote>\n\n\n\n<p>Zarz\u0105dzanie wdra\u017caniem oprogramowania, utrzymaniem bazy danych, walidacj\u0105 serwer\u00f3w i infrastruktur\u0105 IT zostaw nam. Dzi\u0119ki oprogramowaniu do kalibracji ProCal Direct mo\u017cesz natychmiast uzyska\u0107 dost\u0119p do profesjonalnie hostowanych danych kalibracyjnych i konserwacyjnych z dowolnego miejsca za po\u015brednictwem sprawdzonego rozwi\u0105zania opartego na chmurze.<\/p>\n\n\n\n<div class=\"wp-block-image\"><figure class=\"aligncenter size-full\"><img decoding=\"async\" width=\"350\" height=\"255\" src=\"https:\/\/www.agilelabs.co.za\/wp-content\/uploads\/2021\/08\/Cloudcomputing.jpg\" alt=\"\" class=\"wp-image-11506\" srcset=\"https:\/\/www.agilelabs.co.za\/wp-content\/uploads\/2021\/08\/Cloudcomputing.jpg 350w, https:\/\/www.agilelabs.co.za\/wp-content\/uploads\/2021\/08\/Cloudcomputing-300x219.jpg 300w\" sizes=\"(max-width: 350px) 100vw, 350px\" \/><\/figure><\/div>\n\n\n\n<p><strong>Precyzyjne zarz\u0105dzanie aktywami<\/strong><\/p>\n\n\n\n<p>W wi\u0119kszo\u015bci rozwi\u0105za\u0144 do zarz\u0105dzania aktywami wysokiego poziomu (ERP, CMMS itp.) brakuje szczeg\u00f3\u0142\u00f3w niezb\u0119dnych do odpowiedniego zarz\u0105dzania czynno\u015bciami zwi\u0105zanymi z kalibracj\u0105 przyrz\u0105d\u00f3w. Wydajno\u015b\u0107 u\u017cytkownika ko\u0144cowego jest zwykle zagro\u017cona. Oprogramowanie kalibracyjne ProCalV5 oferuje krytyczne funkcje, kt\u00f3re u\u0142atwiaj\u0105 maksymaln\u0105 wydajno\u015b\u0107 i wysokie wyniki. Zobacz najwa\u017cniejsze informacje poni\u017cej, aby zobaczy\u0107 wiele funkcji\/korzy\u015bci korzystania z oprogramowania ProCalv5.<\/p>\n\n\n\n<p><strong>Ochrona aplikacji o znaczeniu krytycznym zapewniaj\u0105ca nieprzerwane dzia\u0142anie<\/strong><\/p>\n\n\n\n<p>\u015awiadczone us\u0142ugi hostingowe zapewniaj\u0105 wysok\u0105 dost\u0119pno\u015b\u0107 i kompleksowe odzyskiwanie po awarii. Nadmiarowe elementy steruj\u0105ce zapewniaj\u0105 replikacj\u0119 danych w czasie rzeczywistym w celu natychmiastowego prze\u0142\u0105czenia. Po\u0142\u0105czenie fizycznych i sieciowych element\u00f3w systemu bezpiecze\u0144stwa zapewnia, \u017ce dane s\u0105 naprawd\u0119 bezpieczne przed konsekwencjami naruszenia. Dodawana jest dodatkowa warstwa us\u0142ug, aby zapobiega\u0107, chroni\u0107, wykrywa\u0107 i \u0142agodzi\u0107 zagro\u017cenia w celu spe\u0142nienia okre\u015blonych potrzeb w zakresie bezpiecze\u0144stwa. Ponadto dla klient\u00f3w z bran\u017cy medycznej us\u0142ugi s\u0105 zgodne z wymogami i standardami bezpiecze\u0144stwa HIPAA.<\/p>\n\n\n\n<p><\/p>\n\n\n\n<p><strong>W pe\u0142ni zgodny, aby spe\u0142ni\u0107 wymagania 21CFR\/Cz\u0119\u015b\u0107 11<\/strong><\/p>\n\n\n\n<p><\/p>\n\n\n\n<p>Jako pierwsze w bran\u017cy oprogramowanie kalibracyjne zgodne z 21 CFR Part 11, ProCal Direct pod\u0105\u017ca za ProCalV5 jako rozwi\u0105zaniem sprawdzonym w bran\u017cy. Praktyki rozwoju jako\u015bci i testowania walidacyjnego firmy Prime Technologies s\u0105 rutynowo kontrolowane i zatwierdzane przez g\u0142\u00f3wne firmy z bran\u017cy nauk przyrodniczych. Skrypty IQ\/OQ i us\u0142ugi walidacji to standardowe oferty.<\/p>\n\n\n\n<p><\/p>\n\n\n\n<p><strong>Zaawansowane raportowanie i analityka<\/strong><\/p>\n\n\n\n<p>Zawiera ponad 70 standardowych raport\u00f3w. Dzi\u0119ki Crystal Reports mo\u017cna je modyfikowa\u0107 przez u\u017cytkownika i dodawa\u0107 nowe raporty. Zaawansowane zaawansowane funkcje zapyta\u0144 oferuj\u0105 szybkie wyszukiwanie skoncentrowanych i posortowanych danych. Po zbudowaniu zaawansowanych zapyta\u0144 mo\u017cna nazwa\u0107 i zapisa\u0107 do przysz\u0142ego wykonania. Dost\u0119pne s\u0105 r\u00f3wnie\u017c us\u0142ugi umo\u017cliwiaj\u0105ce tworzenie niestandardowych raport\u00f3w zgodnie z okre\u015blonymi wymaganiami. <a href=\"https:\/\/www.agilelabs.co.za\/pl\/powerful-reporting-and-analytics-with-procal-software\/\" data-type=\"URL\" data-id=\"https:\/\/www.agilelabs.co.za\/powerful-reporting-and-analytics-with-procal-software\/\"><strong>Kliknij tutaj, aby przeczyta\u0107 wi\u0119cej o raportowaniu i przyk\u0142adowych raportach<\/strong>.<\/a><\/p>\n\n\n\n<p>Oszcz\u0119dzaj\u0105ca czas kalibracja bez u\u017cycia papieru<\/p>\n\n\n\n<p><\/p>\n\n\n\n<div class=\"wp-block-image\"><figure class=\"aligncenter size-full\"><img decoding=\"async\" width=\"546\" height=\"461\" src=\"https:\/\/www.agilelabs.co.za\/wp-content\/uploads\/2021\/08\/ProCalPyramidNotify.png\" alt=\"\" class=\"wp-image-11535\" srcset=\"https:\/\/www.agilelabs.co.za\/wp-content\/uploads\/2021\/08\/ProCalPyramidNotify.png 546w, https:\/\/www.agilelabs.co.za\/wp-content\/uploads\/2021\/08\/ProCalPyramidNotify-350x296.png 350w, https:\/\/www.agilelabs.co.za\/wp-content\/uploads\/2021\/08\/ProCalPyramidNotify-300x253.png 300w\" sizes=\"(max-width: 546px) 100vw, 546px\" \/><\/figure><\/div>","protected":false},"excerpt":{"rendered":"<p>ProCal Direct &#8211; Cloud-Based Calibration Management Software Delivering All the Power and Performance of ProCalV5 Leave the management of software deployment, database maintenance, server validation and IT infrastructure to us. With ProCal Direct calibration software you can instantly access your professionally hosted calibration &amp; maintenance data from anywhere&nbsp;via a validated Cloud-based solution. Precision Asset Management<\/p>\n<p class=\"more-link\"><a href=\"https:\/\/www.agilelabs.co.za\/pl\/procal-direct\/\" class=\"themebutton\">Czytaj wi\u0119cej<\/a><\/p>","protected":false},"author":1,"featured_media":0,"parent":0,"menu_order":0,"comment_status":"closed","ping_status":"closed","template":"","meta":{"_acf_changed":false,"_monsterinsights_skip_tracking":false,"_monsterinsights_sitenote_active":false,"_monsterinsights_sitenote_note":"","_monsterinsights_sitenote_category":0,"footnotes":""},"categories":[],"tags":[],"class_list":["post-11596","page","type-page","status-publish","hentry"],"acf":[],"aioseo_notices":[],"aioseo_head":"\n\t\t<!-- All in One SEO Pro 4.7.0 - aioseo.com -->\n\t\t<meta name=\"description\" content=\"ProCal Direct - Cloud-Based Calibration Management Software Delivering All the Power and Performance of ProCalV5 Leave the management of software deployment, database maintenance, server validation and IT infrastructure to us. With ProCal Direct calibration software you can instantly access your professionally hosted calibration &amp; maintenance data from anywhere via a validated Cloud-based solution. Precision Asset Management\" \/>\n\t\t<meta name=\"robots\" content=\"max-image-preview:large\" \/>\n\t\t<meta name=\"google-site-verification\" content=\"Nku-_1g-wtMYqihMzrUWbm5pdgO5gPY2D7l1ya5YPAU\" \/>\n\t\t<meta name=\"msvalidate.01\" content=\"9fc30828a433413eb7b3b5d32174774f\" \/>\n\t\t<meta name=\"yandex-verification\" content=\"c2122235dabe51e3\" \/>\n\t\t<link rel=\"canonical\" href=\"https:\/\/www.agilelabs.co.za\/pl\/procal-direct\/\" \/>\n\t\t<meta name=\"generator\" content=\"All in One SEO Pro (AIOSEO) 4.7.0\" \/>\n\t\t<meta property=\"og:locale\" content=\"pl_PL\" \/>\n\t\t<meta property=\"og:site_name\" content=\"Agile Labs - Industry and laboratory software solutions\" \/>\n\t\t<meta property=\"og:type\" content=\"article\" \/>\n\t\t<meta property=\"og:title\" content=\"ProCal Direct - Agile Labs\" \/>\n\t\t<meta property=\"og:description\" content=\"ProCal Direct - Cloud-Based Calibration Management Software Delivering All the Power and Performance of ProCalV5 Leave the management of software deployment, database maintenance, server validation and IT infrastructure to us. With ProCal Direct calibration software you can instantly access your professionally hosted calibration &amp; maintenance data from anywhere via a validated Cloud-based solution. Precision Asset Management\" \/>\n\t\t<meta property=\"og:url\" content=\"https:\/\/www.agilelabs.co.za\/pl\/procal-direct\/\" \/>\n\t\t<meta property=\"og:image\" content=\"https:\/\/www.agilelabs.co.za\/wp-content\/uploads\/2021\/08\/TwitterLogo.png?wsr\" \/>\n\t\t<meta property=\"og:image:secure_url\" content=\"https:\/\/www.agilelabs.co.za\/wp-content\/uploads\/2021\/08\/TwitterLogo.png?wsr\" \/>\n\t\t<meta property=\"og:image:width\" content=\"189\" \/>\n\t\t<meta property=\"og:image:height\" content=\"168\" \/>\n\t\t<meta property=\"article:published_time\" content=\"2021-08-20T01:33:50+00:00\" \/>\n\t\t<meta property=\"article:modified_time\" content=\"2021-09-01T13:21:43+00:00\" \/>\n\t\t<meta property=\"article:publisher\" content=\"https:\/\/www.facebook.com\/AgileLabsTeam\" \/>\n\t\t<meta property=\"article:author\" content=\"https:\/\/www.facebook.com\/AgileLabsTeam\" \/>\n\t\t<meta name=\"twitter:card\" content=\"summary\" \/>\n\t\t<meta name=\"twitter:site\" content=\"@InfoAgileLabs\" \/>\n\t\t<meta name=\"twitter:title\" content=\"ProCal Direct - Agile Labs\" \/>\n\t\t<meta name=\"twitter:description\" content=\"ProCal Direct - Cloud-Based Calibration Management Software Delivering All the Power and Performance of ProCalV5 Leave the management of software deployment, database maintenance, server validation and IT infrastructure to us. With ProCal Direct calibration software you can instantly access your professionally hosted calibration &amp; maintenance data from anywhere via a validated Cloud-based solution. Precision Asset Management\" \/>\n\t\t<meta name=\"twitter:creator\" content=\"@InfoAgileLabs\" \/>\n\t\t<meta name=\"twitter:image\" content=\"https:\/\/www.agilelabs.co.za\/wp-content\/uploads\/2021\/08\/TwitterLogo.png?wsr\" \/>\n\t\t<script type=\"application\/ld+json\" class=\"aioseo-schema\">\n\t\t\t{\"@context\":\"https:\\\/\\\/schema.org\",\"@graph\":[{\"@type\":\"BreadcrumbList\",\"@id\":\"https:\\\/\\\/www.agilelabs.co.za\\\/pl\\\/procal-direct\\\/#breadcrumblist\",\"itemListElement\":[{\"@type\":\"ListItem\",\"@id\":\"https:\\\/\\\/www.agilelabs.co.za\\\/pl\\\/#listItem\",\"position\":1,\"name\":\"Home\",\"item\":\"https:\\\/\\\/www.agilelabs.co.za\\\/pl\\\/\",\"nextItem\":\"https:\\\/\\\/www.agilelabs.co.za\\\/pl\\\/procal-direct\\\/#listItem\"},{\"@type\":\"ListItem\",\"@id\":\"https:\\\/\\\/www.agilelabs.co.za\\\/pl\\\/procal-direct\\\/#listItem\",\"position\":2,\"name\":\"ProCal Direct\",\"previousItem\":\"https:\\\/\\\/www.agilelabs.co.za\\\/pl\\\/#listItem\"}]},{\"@type\":\"Organization\",\"@id\":\"https:\\\/\\\/www.agilelabs.co.za\\\/pl\\\/#organization\",\"name\":\"Agile Labs\",\"url\":\"https:\\\/\\\/www.agilelabs.co.za\\\/pl\\\/\",\"logo\":{\"@type\":\"ImageObject\",\"url\":\"https:\\\/\\\/www.agilelabs.co.za\\\/wp-content\\\/uploads\\\/2021\\\/08\\\/LogoTransparant.gif?wsr\",\"@id\":\"https:\\\/\\\/www.agilelabs.co.za\\\/pl\\\/procal-direct\\\/#organizationLogo\",\"width\":125,\"height\":113},\"image\":{\"@id\":\"https:\\\/\\\/www.agilelabs.co.za\\\/pl\\\/procal-direct\\\/#organizationLogo\"},\"sameAs\":[\"https:\\\/\\\/www.facebook.com\\\/AgileLabsTeam\",\"https:\\\/\\\/twitter.com\\\/InfoAgileLabs\"]},{\"@type\":\"WebPage\",\"@id\":\"https:\\\/\\\/www.agilelabs.co.za\\\/pl\\\/procal-direct\\\/#webpage\",\"url\":\"https:\\\/\\\/www.agilelabs.co.za\\\/pl\\\/procal-direct\\\/\",\"name\":\"ProCal Direct - Agile Labs\",\"description\":\"ProCal Direct - Cloud-Based Calibration Management Software Delivering All the Power and Performance of ProCalV5 Leave the management of software deployment, database maintenance, server validation and IT infrastructure to us. With ProCal Direct calibration software you can instantly access your professionally hosted calibration & maintenance data from anywhere via a validated Cloud-based solution. Precision Asset Management\",\"inLanguage\":\"pl-PL\",\"isPartOf\":{\"@id\":\"https:\\\/\\\/www.agilelabs.co.za\\\/pl\\\/#website\"},\"breadcrumb\":{\"@id\":\"https:\\\/\\\/www.agilelabs.co.za\\\/pl\\\/procal-direct\\\/#breadcrumblist\"},\"datePublished\":\"2021-08-20T03:33:50+02:00\",\"dateModified\":\"2021-09-01T15:21:43+02:00\"},{\"@type\":\"WebSite\",\"@id\":\"https:\\\/\\\/www.agilelabs.co.za\\\/pl\\\/#website\",\"url\":\"https:\\\/\\\/www.agilelabs.co.za\\\/pl\\\/\",\"name\":\"Agile Labs\",\"description\":\"Industry and laboratory software solutions\",\"inLanguage\":\"pl-PL\",\"publisher\":{\"@id\":\"https:\\\/\\\/www.agilelabs.co.za\\\/pl\\\/#organization\"}}]}\n\t\t<\/script>\n\t\t<script type=\"text\/javascript\">\n\t\t\t(function(c,l,a,r,i,t,y){\n\t\t\tc[a]=c[a]||function(){(c[a].q=c[a].q||[]).push(arguments)};t=l.createElement(r);t.async=1;\n\t\t\tt.src=\"https:\/\/www.clarity.ms\/tag\/\"+i+\"?ref=aioseo\";y=l.getElementsByTagName(r)[0];y.parentNode.insertBefore(t,y);\n\t\t})(window, document, \"clarity\", \"script\", \"b88vlc75di\");\n\t\t<\/script>\n\t\t<!-- All in One SEO Pro -->\r\n\t\t<title>ProCal Direct - Agile Labs<\/title>\n\n","aioseo_head_json":{"title":"ProCal Direct - Agile Labs","description":"ProCal Direct - Cloud-Based Calibration Management Software Delivering All the Power and Performance of ProCalV5 Leave the management of software deployment, database maintenance, server validation and IT infrastructure to us. With ProCal Direct calibration software you can instantly access your professionally hosted calibration & maintenance data from anywhere via a validated Cloud-based solution. Precision Asset Management","canonical_url":"https:\/\/www.agilelabs.co.za\/pl\/procal-direct\/","robots":"max-image-preview:large","keywords":"","webmasterTools":{"google-site-verification":"Nku-_1g-wtMYqihMzrUWbm5pdgO5gPY2D7l1ya5YPAU","msvalidate.01":"9fc30828a433413eb7b3b5d32174774f","yandex-verification":"c2122235dabe51e3","miscellaneous":""},"og:locale":"pl_PL","og:site_name":"Agile Labs - Industry and laboratory software solutions","og:type":"article","og:title":"ProCal Direct - Agile Labs","og:description":"ProCal Direct - Cloud-Based Calibration Management Software Delivering All the Power and Performance of ProCalV5 Leave the management of software deployment, database maintenance, server validation and IT infrastructure to us. With ProCal Direct calibration software you can instantly access your professionally hosted calibration &amp; maintenance data from anywhere via a validated Cloud-based solution. Precision Asset Management","og:url":"https:\/\/www.agilelabs.co.za\/pl\/procal-direct\/","og:image":"https:\/\/www.agilelabs.co.za\/wp-content\/uploads\/2021\/08\/TwitterLogo.png?wsr","og:image:secure_url":"https:\/\/www.agilelabs.co.za\/wp-content\/uploads\/2021\/08\/TwitterLogo.png?wsr","og:image:width":189,"og:image:height":168,"article:published_time":"2021-08-20T01:33:50+00:00","article:modified_time":"2021-09-01T13:21:43+00:00","article:publisher":"https:\/\/www.facebook.com\/AgileLabsTeam","article:author":"https:\/\/www.facebook.com\/AgileLabsTeam","twitter:card":"summary","twitter:site":"@InfoAgileLabs","twitter:title":"ProCal Direct - Agile Labs","twitter:description":"ProCal Direct - Cloud-Based Calibration Management Software Delivering All the Power and Performance of ProCalV5 Leave the management of software deployment, database maintenance, server validation and IT infrastructure to us. With ProCal Direct calibration software you can instantly access your professionally hosted calibration &amp; maintenance data from anywhere via a validated Cloud-based solution. Precision Asset Management","twitter:creator":"@InfoAgileLabs","twitter:image":"https:\/\/www.agilelabs.co.za\/wp-content\/uploads\/2021\/08\/TwitterLogo.png?wsr","schema":{"@context":"https:\/\/schema.org","@graph":[{"@type":"BreadcrumbList","@id":"https:\/\/www.agilelabs.co.za\/pl\/procal-direct\/#breadcrumblist","itemListElement":[{"@type":"ListItem","@id":"https:\/\/www.agilelabs.co.za\/pl\/#listItem","position":1,"name":"Home","item":"https:\/\/www.agilelabs.co.za\/pl\/","nextItem":"https:\/\/www.agilelabs.co.za\/pl\/procal-direct\/#listItem"},{"@type":"ListItem","@id":"https:\/\/www.agilelabs.co.za\/pl\/procal-direct\/#listItem","position":2,"name":"ProCal Direct","previousItem":"https:\/\/www.agilelabs.co.za\/pl\/#listItem"}]},{"@type":"Organization","@id":"https:\/\/www.agilelabs.co.za\/pl\/#organization","name":"Agile Labs","url":"https:\/\/www.agilelabs.co.za\/pl\/","logo":{"@type":"ImageObject","url":"https:\/\/www.agilelabs.co.za\/wp-content\/uploads\/2021\/08\/LogoTransparant.gif?wsr","@id":"https:\/\/www.agilelabs.co.za\/pl\/procal-direct\/#organizationLogo","width":125,"height":113},"image":{"@id":"https:\/\/www.agilelabs.co.za\/pl\/procal-direct\/#organizationLogo"},"sameAs":["https:\/\/www.facebook.com\/AgileLabsTeam","https:\/\/twitter.com\/InfoAgileLabs"]},{"@type":"WebPage","@id":"https:\/\/www.agilelabs.co.za\/pl\/procal-direct\/#webpage","url":"https:\/\/www.agilelabs.co.za\/pl\/procal-direct\/","name":"ProCal Direct - Agile Labs","description":"ProCal Direct - Cloud-Based Calibration Management Software Delivering All the Power and Performance of ProCalV5 Leave the management of software deployment, database maintenance, server validation and IT infrastructure to us. With ProCal Direct calibration software you can instantly access your professionally hosted calibration & maintenance data from anywhere via a validated Cloud-based solution. Precision Asset Management","inLanguage":"pl-PL","isPartOf":{"@id":"https:\/\/www.agilelabs.co.za\/pl\/#website"},"breadcrumb":{"@id":"https:\/\/www.agilelabs.co.za\/pl\/procal-direct\/#breadcrumblist"},"datePublished":"2021-08-20T03:33:50+02:00","dateModified":"2021-09-01T15:21:43+02:00"},{"@type":"WebSite","@id":"https:\/\/www.agilelabs.co.za\/pl\/#website","url":"https:\/\/www.agilelabs.co.za\/pl\/","name":"Agile Labs","description":"Industry and laboratory software solutions","inLanguage":"pl-PL","publisher":{"@id":"https:\/\/www.agilelabs.co.za\/pl\/#organization"}}]}},"aioseo_meta_data":{"post_id":"11596","title":null,"description":null,"keywords":null,"keyphrases":null,"primary_term":null,"canonical_url":null,"og_title":null,"og_description":null,"og_object_type":"default","og_image_type":"default","og_image_url":null,"og_image_width":null,"og_image_height":null,"og_image_custom_url":null,"og_image_custom_fields":null,"og_video":null,"og_custom_url":null,"og_article_section":null,"og_article_tags":null,"twitter_use_og":false,"twitter_card":"default","twitter_image_type":"default","twitter_image_url":null,"twitter_image_custom_url":null,"twitter_image_custom_fields":null,"twitter_title":null,"twitter_description":null,"schema":{"blockGraphs":[],"customGraphs":[],"default":{"data":{"Article":[],"Course":[],"Dataset":[],"FAQPage":[],"Movie":[],"Person":[],"Product":[],"Recipe":[],"Service":[],"SoftwareApplication":[],"WebPage":[]},"graphName":"","isEnabled":true},"graphs":[]},"schema_type":"default","schema_type_options":null,"pillar_content":false,"robots_default":true,"robots_noindex":false,"robots_noarchive":false,"robots_nosnippet":false,"robots_nofollow":false,"robots_noimageindex":false,"robots_noodp":false,"robots_notranslate":false,"robots_max_snippet":null,"robots_max_videopreview":null,"robots_max_imagepreview":"large","priority":null,"frequency":null,"local_seo":null,"limit_modified_date":false,"open_ai":null,"created":"2022-02-09 02:39:01","updated":"2022-09-13 21:13:06"},"_links":{"self":[{"href":"https:\/\/www.agilelabs.co.za\/pl\/wp-json\/wp\/v2\/pages\/11596","targetHints":{"allow":["GET"]}}],"collection":[{"href":"https:\/\/www.agilelabs.co.za\/pl\/wp-json\/wp\/v2\/pages"}],"about":[{"href":"https:\/\/www.agilelabs.co.za\/pl\/wp-json\/wp\/v2\/types\/page"}],"author":[{"embeddable":true,"href":"https:\/\/www.agilelabs.co.za\/pl\/wp-json\/wp\/v2\/users\/1"}],"replies":[{"embeddable":true,"href":"https:\/\/www.agilelabs.co.za\/pl\/wp-json\/wp\/v2\/comments?post=11596"}],"version-history":[{"count":0,"href":"https:\/\/www.agilelabs.co.za\/pl\/wp-json\/wp\/v2\/pages\/11596\/revisions"}],"wp:attachment":[{"href":"https:\/\/www.agilelabs.co.za\/pl\/wp-json\/wp\/v2\/media?parent=11596"}],"wp:term":[{"taxonomy":"category","embeddable":true,"href":"https:\/\/www.agilelabs.co.za\/pl\/wp-json\/wp\/v2\/categories?post=11596"},{"taxonomy":"post_tag","embeddable":true,"href":"https:\/\/www.agilelabs.co.za\/pl\/wp-json\/wp\/v2\/tags?post=11596"}],"curies":[{"name":"wp","href":"https:\/\/api.w.org\/{rel}","templated":true}]}}