{"id":11593,"date":"2021-08-20T01:35:07","date_gmt":"2021-08-19T23:35:07","guid":{"rendered":"https:\/\/www.agilelabs.co.za\/?page_id=11448"},"modified":"2021-08-20T01:35:07","modified_gmt":"2021-08-19T23:35:07","slug":"sap-enterprise","status":"publish","type":"page","link":"https:\/\/www.agilelabs.co.za\/pl\/sap-enterprise\/","title":{"rendered":"SAP Enterprise"},"content":{"rendered":"<p><strong>Zwi\u0119ksz produktywno\u015b\u0107 dzi\u0119ki ca\u0142kowicie bezpapierowym kalibracjom<\/strong><\/p>\n\n\n\n<p><\/p>\n\n\n\n<p>Rozwi\u0105zanie ProCalV5 Calibration and Maintenance Asset Management integruje si\u0119 z SAP Enterprise Asset Management. Przep\u0142yw pracy \u201epo wyj\u0119ciu z pude\u0142ka\u201d zosta\u0142 zaprojektowany z my\u015bl\u0105 o poprawie produktywno\u015bci i obni\u017ceniu koszt\u00f3w operacyjnych. Synchronizacja zasob\u00f3w zapewnia p\u0142ynn\u0105 komunikacj\u0119 w zakresie harmonogramu prac konserwacyjnych i szczeg\u00f3\u0142owego zarz\u0105dzania danymi.<\/p>\n\n\n\n<p><\/p>\n\n\n\n<div class=\"wp-block-image\"><figure class=\"aligncenter size-full is-resized\"><img decoding=\"async\" src=\"https:\/\/www.agilelabs.co.za\/wp-content\/uploads\/2021\/08\/ProCalConnectorDiagram_Sanofi3.jpg\" alt=\"\" class=\"wp-image-11449\" width=\"594\" height=\"305\"\/><\/figure><\/div>\n\n\n\n<blockquote class=\"wp-block-quote is-layout-flow wp-block-quote-is-layout-flow\"><p> SAP Integration \u2014 Wykorzystaj istniej\u0105c\u0105 infrastruktur\u0119 do usprawnienia konserwacji i kalibracji<\/p><\/blockquote>\n\n\n\n<p><strong>Najwa\u017cniejsze nowe funkcje dodane do interfejsu SAP dzi\u0119ki ProCalV5<\/strong><\/p>\n\n\n\n<ul class=\"wp-block-list\"><li>Rozwi\u0105zuje duplikacj\u0119 przep\u0142ywu pracy na du\u017c\u0105 skal\u0119; Koniec z ponownym wprowadzaniem danych do dw\u00f3ch system\u00f3w!<\/li><li>Oferuje du\u017c\u0105 przepustowo\u015b\u0107 sprz\u0119tu i zlece\u0144 pracy<\/li><li>Teraz oferuje opcje mapowania dla przyrz\u0105d\u00f3w i przyrz\u0105d\u00f3w testowych, z opcjonalnym przypisaniem hierarchii wyposa\u017cenia<\/li><li>Nowa opcjonalna funkcja umo\u017cliwia zablokowanie p\u00f3l ProCalV5 przed edycj\u0105, aby wymusi\u0107 czystsze przep\u0142ywy pracy<\/li><li>Dzia\u0142a z 6 j\u0119zykami \u2014 lokalni pracownicy w innych krajach mog\u0105 teraz uzyska\u0107 dost\u0119p do ProCalV5 w swoim ojczystym j\u0119zyku, aby zapewni\u0107 lepsz\u0105 obs\u0142ug\u0119<\/li><\/ul>\n\n\n\n<p><strong>Funkcje integracji SAP<\/strong><\/p>\n\n\n\n<ul class=\"wp-block-list\"><li>Popraw produktywno\u015b\u0107 i zmniejsz koszty operacyjne<\/li><li>Kompatybilny z wieloma wersjami core SAP<\/li><li>Standardowe rozwi\u0105zanie \u201epo wyj\u0119ciu z pude\u0142ka\u201d mo\u017cna skonfigurowa\u0107, aby spe\u0142ni\u0107 szereg potrzeb zwi\u0105zanych z przep\u0142ywem pracy, z mo\u017cliwo\u015bci\u0105 dalszego dostosowywania<\/li><li>Obs\u0142uguje wiele jednoczesnych jednostek danych i masowe transfery danych<\/li><li>Buforuje dane z utracon\u0105 komunikacj\u0105<\/li><li>Utrzymuje integralno\u015b\u0107 danych i zapobiega korupcji<\/li><li>Audyt\/dziennik wszystkich transfer\u00f3w danych ze znacznikami czasu\/daty<\/li><li>Raport audytu\/dziennika zapewnia rozbudowane funkcje wyszukiwania i filtrowania<\/li><li>Interfejs konfiguracji\/kontroli zdalnego administratora<\/li><li>Mo\u017cna dostosowa\u0107 do dok\u0142adnych wymaga\u0144<\/li><li>Kompletna instalacja, dokumentacja i wsparcie systemu<\/li><\/ul>\n\n\n\n<p><strong>Masz ju\u017c SAP?<\/strong><\/p>\n\n\n\n<p><a href=\"https:\/\/www.agilelabs.co.za\/pl\/contact-2\/\" data-type=\"URL\" data-id=\"https:\/\/www.agilelabs.co.za\/contact-2\/\">Skontaktuj si\u0119 z nami<\/a><\/p>","protected":false},"excerpt":{"rendered":"<p>Boost Productivity with Fully Paperless Calibrations The ProCalV5 Calibration and Maintenance Asset Management solution integrates with SAP Enterprise Asset Management. The \u2018out-of-the-box\u2019 workflow is designed to improve productivity and reduce operational costs. Asset synchronization provides seamless communication for planned maintenance work order schedule and detailed data management. SAP Integration &#8211; Use existing infrastructure to streamline<\/p>\n<p class=\"more-link\"><a href=\"https:\/\/www.agilelabs.co.za\/pl\/sap-enterprise\/\" class=\"themebutton\">Czytaj wi\u0119cej<\/a><\/p>","protected":false},"author":1,"featured_media":0,"parent":0,"menu_order":0,"comment_status":"closed","ping_status":"closed","template":"","meta":{"_acf_changed":false,"_monsterinsights_skip_tracking":false,"_monsterinsights_sitenote_active":false,"_monsterinsights_sitenote_note":"","_monsterinsights_sitenote_category":0,"footnotes":""},"categories":[],"tags":[],"class_list":["post-11593","page","type-page","status-publish","hentry"],"acf":[],"aioseo_notices":[],"aioseo_head":"\n\t\t<!-- All in One SEO Pro 4.7.0 - aioseo.com -->\n\t\t<meta name=\"description\" content=\"Boost Productivity with Fully Paperless Calibrations The ProCalV5 Calibration and Maintenance Asset Management solution integrates with SAP Enterprise Asset Management. The \u2018out-of-the-box\u2019 workflow is designed to improve productivity and reduce operational costs. Asset synchronization provides seamless communication for planned maintenance work order schedule and detailed data management. SAP Integration - Use existing infrastructure to streamline\" \/>\n\t\t<meta name=\"robots\" content=\"max-image-preview:large\" \/>\n\t\t<meta name=\"google-site-verification\" content=\"Nku-_1g-wtMYqihMzrUWbm5pdgO5gPY2D7l1ya5YPAU\" \/>\n\t\t<meta name=\"msvalidate.01\" content=\"9fc30828a433413eb7b3b5d32174774f\" \/>\n\t\t<meta name=\"yandex-verification\" content=\"c2122235dabe51e3\" \/>\n\t\t<link rel=\"canonical\" href=\"https:\/\/www.agilelabs.co.za\/pl\/sap-enterprise\/\" \/>\n\t\t<meta name=\"generator\" content=\"All in One SEO Pro (AIOSEO) 4.7.0\" \/>\n\t\t<meta property=\"og:locale\" content=\"pl_PL\" \/>\n\t\t<meta property=\"og:site_name\" content=\"Agile Labs - Industry and laboratory software solutions\" \/>\n\t\t<meta property=\"og:type\" content=\"article\" \/>\n\t\t<meta property=\"og:title\" content=\"SAP Enterprise - Agile Labs\" \/>\n\t\t<meta property=\"og:description\" content=\"Boost Productivity with Fully Paperless Calibrations The ProCalV5 Calibration and Maintenance Asset Management solution integrates with SAP Enterprise Asset Management. The \u2018out-of-the-box\u2019 workflow is designed to improve productivity and reduce operational costs. Asset synchronization provides seamless communication for planned maintenance work order schedule and detailed data management. SAP Integration - Use existing infrastructure to streamline\" \/>\n\t\t<meta property=\"og:url\" content=\"https:\/\/www.agilelabs.co.za\/pl\/sap-enterprise\/\" \/>\n\t\t<meta property=\"og:image\" content=\"https:\/\/www.agilelabs.co.za\/wp-content\/uploads\/2021\/08\/TwitterLogo.png?wsr\" \/>\n\t\t<meta property=\"og:image:secure_url\" content=\"https:\/\/www.agilelabs.co.za\/wp-content\/uploads\/2021\/08\/TwitterLogo.png?wsr\" \/>\n\t\t<meta property=\"og:image:width\" content=\"189\" \/>\n\t\t<meta property=\"og:image:height\" content=\"168\" \/>\n\t\t<meta property=\"article:published_time\" content=\"2021-08-19T23:35:07+00:00\" \/>\n\t\t<meta property=\"article:modified_time\" content=\"2021-08-19T23:35:07+00:00\" \/>\n\t\t<meta property=\"article:publisher\" content=\"https:\/\/www.facebook.com\/AgileLabsTeam\" \/>\n\t\t<meta property=\"article:author\" content=\"https:\/\/www.facebook.com\/AgileLabsTeam\" \/>\n\t\t<meta name=\"twitter:card\" content=\"summary\" \/>\n\t\t<meta name=\"twitter:site\" content=\"@InfoAgileLabs\" \/>\n\t\t<meta name=\"twitter:title\" content=\"SAP Enterprise - Agile Labs\" \/>\n\t\t<meta name=\"twitter:description\" content=\"Boost Productivity with Fully Paperless Calibrations The ProCalV5 Calibration and Maintenance Asset Management solution integrates with SAP Enterprise Asset Management. The \u2018out-of-the-box\u2019 workflow is designed to improve productivity and reduce operational costs. Asset synchronization provides seamless communication for planned maintenance work order schedule and detailed data management. SAP Integration - Use existing infrastructure to streamline\" \/>\n\t\t<meta name=\"twitter:creator\" content=\"@InfoAgileLabs\" \/>\n\t\t<meta name=\"twitter:image\" content=\"https:\/\/www.agilelabs.co.za\/wp-content\/uploads\/2021\/08\/TwitterLogo.png?wsr\" \/>\n\t\t<script type=\"application\/ld+json\" class=\"aioseo-schema\">\n\t\t\t{\"@context\":\"https:\\\/\\\/schema.org\",\"@graph\":[{\"@type\":\"BreadcrumbList\",\"@id\":\"https:\\\/\\\/www.agilelabs.co.za\\\/pl\\\/sap-enterprise\\\/#breadcrumblist\",\"itemListElement\":[{\"@type\":\"ListItem\",\"@id\":\"https:\\\/\\\/www.agilelabs.co.za\\\/pl\\\/#listItem\",\"position\":1,\"name\":\"Home\",\"item\":\"https:\\\/\\\/www.agilelabs.co.za\\\/pl\\\/\",\"nextItem\":\"https:\\\/\\\/www.agilelabs.co.za\\\/pl\\\/sap-enterprise\\\/#listItem\"},{\"@type\":\"ListItem\",\"@id\":\"https:\\\/\\\/www.agilelabs.co.za\\\/pl\\\/sap-enterprise\\\/#listItem\",\"position\":2,\"name\":\"SAP Enterprise\",\"previousItem\":\"https:\\\/\\\/www.agilelabs.co.za\\\/pl\\\/#listItem\"}]},{\"@type\":\"Organization\",\"@id\":\"https:\\\/\\\/www.agilelabs.co.za\\\/pl\\\/#organization\",\"name\":\"Agile Labs\",\"url\":\"https:\\\/\\\/www.agilelabs.co.za\\\/pl\\\/\",\"logo\":{\"@type\":\"ImageObject\",\"url\":\"https:\\\/\\\/www.agilelabs.co.za\\\/wp-content\\\/uploads\\\/2021\\\/08\\\/LogoTransparant.gif?wsr\",\"@id\":\"https:\\\/\\\/www.agilelabs.co.za\\\/pl\\\/sap-enterprise\\\/#organizationLogo\",\"width\":125,\"height\":113},\"image\":{\"@id\":\"https:\\\/\\\/www.agilelabs.co.za\\\/pl\\\/sap-enterprise\\\/#organizationLogo\"},\"sameAs\":[\"https:\\\/\\\/www.facebook.com\\\/AgileLabsTeam\",\"https:\\\/\\\/twitter.com\\\/InfoAgileLabs\"]},{\"@type\":\"WebPage\",\"@id\":\"https:\\\/\\\/www.agilelabs.co.za\\\/pl\\\/sap-enterprise\\\/#webpage\",\"url\":\"https:\\\/\\\/www.agilelabs.co.za\\\/pl\\\/sap-enterprise\\\/\",\"name\":\"SAP Enterprise - Agile Labs\",\"description\":\"Boost Productivity with Fully Paperless Calibrations The ProCalV5 Calibration and Maintenance Asset Management solution integrates with SAP Enterprise Asset Management. The \\u2018out-of-the-box\\u2019 workflow is designed to improve productivity and reduce operational costs. Asset synchronization provides seamless communication for planned maintenance work order schedule and detailed data management. SAP Integration - Use existing infrastructure to streamline\",\"inLanguage\":\"pl-PL\",\"isPartOf\":{\"@id\":\"https:\\\/\\\/www.agilelabs.co.za\\\/pl\\\/#website\"},\"breadcrumb\":{\"@id\":\"https:\\\/\\\/www.agilelabs.co.za\\\/pl\\\/sap-enterprise\\\/#breadcrumblist\"},\"datePublished\":\"2021-08-20T01:35:07+02:00\",\"dateModified\":\"2021-08-20T01:35:07+02:00\"},{\"@type\":\"WebSite\",\"@id\":\"https:\\\/\\\/www.agilelabs.co.za\\\/pl\\\/#website\",\"url\":\"https:\\\/\\\/www.agilelabs.co.za\\\/pl\\\/\",\"name\":\"Agile Labs\",\"description\":\"Industry and laboratory software solutions\",\"inLanguage\":\"pl-PL\",\"publisher\":{\"@id\":\"https:\\\/\\\/www.agilelabs.co.za\\\/pl\\\/#organization\"}}]}\n\t\t<\/script>\n\t\t<script type=\"text\/javascript\">\n\t\t\t(function(c,l,a,r,i,t,y){\n\t\t\tc[a]=c[a]||function(){(c[a].q=c[a].q||[]).push(arguments)};t=l.createElement(r);t.async=1;\n\t\t\tt.src=\"https:\/\/www.clarity.ms\/tag\/\"+i+\"?ref=aioseo\";y=l.getElementsByTagName(r)[0];y.parentNode.insertBefore(t,y);\n\t\t})(window, document, \"clarity\", \"script\", \"b88vlc75di\");\n\t\t<\/script>\n\t\t<!-- All in One SEO Pro -->\r\n\t\t<title>SAP Enterprise - Agile Labs<\/title>\n\n","aioseo_head_json":{"title":"SAP Enterprise - Agile Labs","description":"Boost Productivity with Fully Paperless Calibrations The ProCalV5 Calibration and Maintenance Asset Management solution integrates with SAP Enterprise Asset Management. The \u2018out-of-the-box\u2019 workflow is designed to improve productivity and reduce operational costs. Asset synchronization provides seamless communication for planned maintenance work order schedule and detailed data management. SAP Integration - Use existing infrastructure to streamline","canonical_url":"https:\/\/www.agilelabs.co.za\/pl\/sap-enterprise\/","robots":"max-image-preview:large","keywords":"","webmasterTools":{"google-site-verification":"Nku-_1g-wtMYqihMzrUWbm5pdgO5gPY2D7l1ya5YPAU","msvalidate.01":"9fc30828a433413eb7b3b5d32174774f","yandex-verification":"c2122235dabe51e3","miscellaneous":""},"og:locale":"pl_PL","og:site_name":"Agile Labs - Industry and laboratory software solutions","og:type":"article","og:title":"SAP Enterprise - Agile Labs","og:description":"Boost Productivity with Fully Paperless Calibrations The ProCalV5 Calibration and Maintenance Asset Management solution integrates with SAP Enterprise Asset Management. The \u2018out-of-the-box\u2019 workflow is designed to improve productivity and reduce operational costs. Asset synchronization provides seamless communication for planned maintenance work order schedule and detailed data management. SAP Integration - Use existing infrastructure to streamline","og:url":"https:\/\/www.agilelabs.co.za\/pl\/sap-enterprise\/","og:image":"https:\/\/www.agilelabs.co.za\/wp-content\/uploads\/2021\/08\/TwitterLogo.png?wsr","og:image:secure_url":"https:\/\/www.agilelabs.co.za\/wp-content\/uploads\/2021\/08\/TwitterLogo.png?wsr","og:image:width":189,"og:image:height":168,"article:published_time":"2021-08-19T23:35:07+00:00","article:modified_time":"2021-08-19T23:35:07+00:00","article:publisher":"https:\/\/www.facebook.com\/AgileLabsTeam","article:author":"https:\/\/www.facebook.com\/AgileLabsTeam","twitter:card":"summary","twitter:site":"@InfoAgileLabs","twitter:title":"SAP Enterprise - Agile Labs","twitter:description":"Boost Productivity with Fully Paperless Calibrations The ProCalV5 Calibration and Maintenance Asset Management solution integrates with SAP Enterprise Asset Management. The \u2018out-of-the-box\u2019 workflow is designed to improve productivity and reduce operational costs. Asset synchronization provides seamless communication for planned maintenance work order schedule and detailed data management. SAP Integration - Use existing infrastructure to streamline","twitter:creator":"@InfoAgileLabs","twitter:image":"https:\/\/www.agilelabs.co.za\/wp-content\/uploads\/2021\/08\/TwitterLogo.png?wsr","schema":{"@context":"https:\/\/schema.org","@graph":[{"@type":"BreadcrumbList","@id":"https:\/\/www.agilelabs.co.za\/pl\/sap-enterprise\/#breadcrumblist","itemListElement":[{"@type":"ListItem","@id":"https:\/\/www.agilelabs.co.za\/pl\/#listItem","position":1,"name":"Home","item":"https:\/\/www.agilelabs.co.za\/pl\/","nextItem":"https:\/\/www.agilelabs.co.za\/pl\/sap-enterprise\/#listItem"},{"@type":"ListItem","@id":"https:\/\/www.agilelabs.co.za\/pl\/sap-enterprise\/#listItem","position":2,"name":"SAP Enterprise","previousItem":"https:\/\/www.agilelabs.co.za\/pl\/#listItem"}]},{"@type":"Organization","@id":"https:\/\/www.agilelabs.co.za\/pl\/#organization","name":"Agile Labs","url":"https:\/\/www.agilelabs.co.za\/pl\/","logo":{"@type":"ImageObject","url":"https:\/\/www.agilelabs.co.za\/wp-content\/uploads\/2021\/08\/LogoTransparant.gif?wsr","@id":"https:\/\/www.agilelabs.co.za\/pl\/sap-enterprise\/#organizationLogo","width":125,"height":113},"image":{"@id":"https:\/\/www.agilelabs.co.za\/pl\/sap-enterprise\/#organizationLogo"},"sameAs":["https:\/\/www.facebook.com\/AgileLabsTeam","https:\/\/twitter.com\/InfoAgileLabs"]},{"@type":"WebPage","@id":"https:\/\/www.agilelabs.co.za\/pl\/sap-enterprise\/#webpage","url":"https:\/\/www.agilelabs.co.za\/pl\/sap-enterprise\/","name":"SAP Enterprise - Agile Labs","description":"Boost Productivity with Fully Paperless Calibrations The ProCalV5 Calibration and Maintenance Asset Management solution integrates with SAP Enterprise Asset Management. The \u2018out-of-the-box\u2019 workflow is designed to improve productivity and reduce operational costs. Asset synchronization provides seamless communication for planned maintenance work order schedule and detailed data management. SAP Integration - Use existing infrastructure to streamline","inLanguage":"pl-PL","isPartOf":{"@id":"https:\/\/www.agilelabs.co.za\/pl\/#website"},"breadcrumb":{"@id":"https:\/\/www.agilelabs.co.za\/pl\/sap-enterprise\/#breadcrumblist"},"datePublished":"2021-08-20T01:35:07+02:00","dateModified":"2021-08-20T01:35:07+02:00"},{"@type":"WebSite","@id":"https:\/\/www.agilelabs.co.za\/pl\/#website","url":"https:\/\/www.agilelabs.co.za\/pl\/","name":"Agile Labs","description":"Industry and laboratory software solutions","inLanguage":"pl-PL","publisher":{"@id":"https:\/\/www.agilelabs.co.za\/pl\/#organization"}}]}},"aioseo_meta_data":{"post_id":"11593","title":null,"description":null,"keywords":null,"keyphrases":null,"primary_term":null,"canonical_url":null,"og_title":null,"og_description":null,"og_object_type":"default","og_image_type":"default","og_image_url":null,"og_image_width":null,"og_image_height":null,"og_image_custom_url":null,"og_image_custom_fields":null,"og_video":null,"og_custom_url":null,"og_article_section":null,"og_article_tags":null,"twitter_use_og":false,"twitter_card":"default","twitter_image_type":"default","twitter_image_url":null,"twitter_image_custom_url":null,"twitter_image_custom_fields":null,"twitter_title":null,"twitter_description":null,"schema":{"blockGraphs":[],"customGraphs":[],"default":{"data":{"Article":[],"Course":[],"Dataset":[],"FAQPage":[],"Movie":[],"Person":[],"Product":[],"Recipe":[],"Service":[],"SoftwareApplication":[],"WebPage":[]},"graphName":"","isEnabled":true},"graphs":[]},"schema_type":"default","schema_type_options":null,"pillar_content":false,"robots_default":true,"robots_noindex":false,"robots_noarchive":false,"robots_nosnippet":false,"robots_nofollow":false,"robots_noimageindex":false,"robots_noodp":false,"robots_notranslate":false,"robots_max_snippet":null,"robots_max_videopreview":null,"robots_max_imagepreview":"large","priority":null,"frequency":null,"local_seo":null,"limit_modified_date":false,"open_ai":null,"created":"2022-02-09 02:39:01","updated":"2022-09-13 21:09:06"},"_links":{"self":[{"href":"https:\/\/www.agilelabs.co.za\/pl\/wp-json\/wp\/v2\/pages\/11593","targetHints":{"allow":["GET"]}}],"collection":[{"href":"https:\/\/www.agilelabs.co.za\/pl\/wp-json\/wp\/v2\/pages"}],"about":[{"href":"https:\/\/www.agilelabs.co.za\/pl\/wp-json\/wp\/v2\/types\/page"}],"author":[{"embeddable":true,"href":"https:\/\/www.agilelabs.co.za\/pl\/wp-json\/wp\/v2\/users\/1"}],"replies":[{"embeddable":true,"href":"https:\/\/www.agilelabs.co.za\/pl\/wp-json\/wp\/v2\/comments?post=11593"}],"version-history":[{"count":0,"href":"https:\/\/www.agilelabs.co.za\/pl\/wp-json\/wp\/v2\/pages\/11593\/revisions"}],"wp:attachment":[{"href":"https:\/\/www.agilelabs.co.za\/pl\/wp-json\/wp\/v2\/media?parent=11593"}],"wp:term":[{"taxonomy":"category","embeddable":true,"href":"https:\/\/www.agilelabs.co.za\/pl\/wp-json\/wp\/v2\/categories?post=11593"},{"taxonomy":"post_tag","embeddable":true,"href":"https:\/\/www.agilelabs.co.za\/pl\/wp-json\/wp\/v2\/tags?post=11593"}],"curies":[{"name":"wp","href":"https:\/\/api.w.org\/{rel}","templated":true}]}}