{"id":12298,"date":"2021-10-06T14:29:18","date_gmt":"2021-10-06T12:29:18","guid":{"rendered":"https:\/\/www.agilelabs.co.za\/?page_id=12298"},"modified":"2022-01-27T15:22:20","modified_gmt":"2022-01-27T13:22:20","slug":"iso-accredited-facilities","status":"publish","type":"page","link":"https:\/\/www.agilelabs.co.za\/it\/iso-accredited-facilities\/","title":{"rendered":"Strutture accreditate ISO"},"content":{"rendered":"<p class=\"has-normal-font-size\"><strong>ProCal Direct<\/strong> \u00e8 una soluzione di laboratorio completa basata su cloud per soddisfare tutti i requisiti di un laboratorio accreditato ISO. La spesa maggiore per un laboratorio \u00e8 la manodopera. Risparmiare tempo rimuovendo il lavoro manuale, come la generazione di fogli di lavoro di calibrazione, \u00e8 automatizzato in ProCal sulla base dei record di calibrazione dello strumento principale. <\/p>\n\n\n\n<p>I punti di calibrazione vengono selezionati automaticamente e le registrazioni sono disponibili<strong> da qualsiasi luogo<\/strong>. Le workstation mobili sono progettate per calibrare fuori sede e possono collegare strumenti come bilance e bilance, termometri, HPLC e molti altri direttamente con tablet Windows e Android.  <a href=\"https:\/\/www.agilelabs.co.za\/it\/test-type-packages\/\"><strong>Tutti i pacchetti di tipo Test sono inclusi con ProCal Direct.<\/strong><\/a><\/p>\n\n\n\n<p>Genera avvisi per le dovute calibrazioni e imposta e-mail e avvisi automatici. Genera e stampa adesivi di calibrazione senza sforzo.<\/p>\n\n\n\n<p>ProCal include <strong>gestione delle risorse<\/strong> con registri di manutenzione integrati.<\/p>\n\n\n\n<p><strong>Record di allenamento<\/strong> sono gestiti e salvati con programmi facilmente creati per la riqualificazione.<\/p>\n\n\n\n<p>Niente pi\u00f9 record archiviati in modo errato o incompleto, elimina del tutto l&#039;errore umano.<\/p>\n\n\n\n<blockquote class=\"wp-block-quote is-layout-flow wp-block-quote-is-layout-flow\"><p>I tuoi dati sono sempre tuoi. Un&#039;utilit\u00e0 gratuita per il download dei dati semplifica i backup.<\/p><\/blockquote>\n\n\n\n<div class=\"wp-block-image\"><figure class=\"aligncenter size-large is-resized\"><img decoding=\"async\" src=\"https:\/\/www.agilelabs.co.za\/wp-content\/uploads\/2021\/08\/S10-1024x683.png\" alt=\"\" class=\"wp-image-11553\" width=\"672\" height=\"448\" srcset=\"https:\/\/www.agilelabs.co.za\/wp-content\/uploads\/2021\/08\/S10-1024x683.png 1024w, https:\/\/www.agilelabs.co.za\/wp-content\/uploads\/2021\/08\/S10-350x233.png 350w, https:\/\/www.agilelabs.co.za\/wp-content\/uploads\/2021\/08\/S10-680x453.png 680w, https:\/\/www.agilelabs.co.za\/wp-content\/uploads\/2021\/08\/S10-300x200.png 300w, https:\/\/www.agilelabs.co.za\/wp-content\/uploads\/2021\/08\/S10-768x512.png 768w, https:\/\/www.agilelabs.co.za\/wp-content\/uploads\/2021\/08\/S10-570x380.png 570w, https:\/\/www.agilelabs.co.za\/wp-content\/uploads\/2021\/08\/S10-380x254.png 380w, https:\/\/www.agilelabs.co.za\/wp-content\/uploads\/2021\/08\/S10-285x190.png 285w, https:\/\/www.agilelabs.co.za\/wp-content\/uploads\/2021\/08\/S10.png 1059w\" sizes=\"(max-width: 672px) 100vw, 672px\" \/><\/figure><\/div>\n\n\n\n<p><\/p>\n\n\n\n<p>Alcune funzionalit\u00e0 pi\u00f9 complete includono:<\/p>\n\n\n\n<ul class=\"wp-block-list\"><li>ProCalV5 \u00e8 un sistema completo e senza carta di gestione delle risorse di calibrazione e manutenzione progettato per garantire la conformit\u00e0 normativa e ridurre i costi operativi per le strutture accreditate.<\/li><li>ProCalV5 \u00e8 sviluppato in base a rigorose pratiche di qualit\u00e0 che vengono regolarmente verificate e approvate dalle principali societ\u00e0 di scienze della vita.<\/li><li>ProCalV5 \u00e8 un&#039;applicazione GAMP COTS 4 (configurabile). Ogni versione \u00e8 pre-convalidata prima del rilascio. Questi fattori chiave forniscono il quadro in cui, attraverso un&#039;adeguata valutazione del rischio, i nostri clienti in genere procedono con una convalida pi\u00f9 rapida ed economica del programma per l&#039;uso previsto.<\/li><li>Siamo in grado di fornire piani di progetto e tutta la documentazione e i servizi necessari che potrebbero essere necessari per assistere con la convalida.<\/li><li>ProCalV5 \u00e8 stato il primo software di gestione della calibrazione conforme a 21 CFR Part 11 del settore.<\/li><li>La nostra tecnologia di workstation mobile off-line convalidata, conforme a 21 CFR Part 11, (non \u00e8 necessaria la connessione Internet o Wi-Fi) \u00e8 unica nel settore. Consentono l&#039;accesso offline alle funzionalit\u00e0 complete del programma (scarica le SOP, aggiungi nuovi record sul campo, registra e verifica automaticamente i dati cal accettabili come trovati\/come lasciati, assegna standard di test, stampa certificati, stampa adesivi cal, comunica con calibratori Fluke, ecc.).<\/li><li>Le principali aziende di scienze della vita in tutto il mondo utilizzano laptop e tablet con licenze Mobile Workstation per ottenere operazioni senza carta conformi alla FDA.<\/li><li>La produttivit\u00e0 \u00e8 notevolmente aumentata; i costi operativi sono notevolmente ridotti e la conformit\u00e0 alle normative \u00e8 garantita. L&#039;uso di queste licenze riduce inoltre al minimo la necessit\u00e0 di licenze utente simultanee, con conseguente ulteriore risparmio sui costi complessivi del sistema.<\/li><li>\u00c8 possibile avviare un numero illimitato di account autonomi man mano che si aggiungono le posizioni dei siti.<\/li><li>Tutti gli account possono essere configurati in modo identico o forse alcuni modificati in base ai requisiti locali. Le modifiche possono essere per semplici modifiche o le configurazioni dell&#039;account possono essere completamente uniche. Il modulo Copia azienda fornisce un potente strumento basato su modelli per facilitare l&#039;aggiunta e la configurazione per i nuovi account del sito.<\/li><li>Non ci sono costi aggiuntivi per aggiungere account, gruppi di utenti, utenti o risorse.<\/li><li>La maggior parte delle etichette dei campi del programma pu\u00f2 essere modificata in base alla terminologia desiderata.<\/li><li>\u00c8 possibile aggiungere un numero illimitato di campi caratterizzati definiti dall&#039;utente per accogliere le informazioni e il flusso di lavoro specifici del cliente.<\/li><li>Attualmente, ProCalV5 supporta sei lingue; con pi\u00f9 a venire. La selezione della lingua pu\u00f2 essere predefinita a livello dell&#039;intera azienda, dell&#039;account o del singolo utente. Cambiare lingua \u00e8 semplice come selezionarla da un elenco a discesa.<\/li><li>Offriamo una vasta libreria di pacchetti di test di precisione. Si tratta di moduli imbullonati che forniscono un&#039;interfaccia utente personalizzata per includere algoritmi, report, ecc. specifici per vari tipi di risorse, sistemi e apparecchiature che si trovano comunemente nelle strutture delle scienze della vita.<\/li><li>ProCal Explorer fornisce un modo semplice e diretto, in un formato ad albero gerarchico espandibile\/comprimibile, per visualizzare le tue risorse. I messaggi visivi mostrano chiaramente quelli che richiedono attenzione immediata e quelli i cui eventi programmati sono scaduti. Dalla vista \u00e8 possibile avviare direttamente i record anagrafici degli asset. Istantaneamente, le informazioni sulla tua risorsa possono essere ordinate e presentate per Classificazione, Reparto, Frequenza, Tipo di articolo, Posizione, Produttore, Tecnico responsabile, Programma, Lavoro dovuto per dipartimento o Lavoro dovuto per posizione.<\/li><li>Recall, eventi dovuti e molti altri report possono essere lanciati in tutta l&#039;azienda o per account singoli o multipli specifici.<\/li><li>\u00c8 possibile creare associazioni gerarchiche all&#039;interno di ciascun account per sistemi, loop, apparecchiature e strumenti.<\/li><li>\u00c8 possibile creare record separati per gli standard di test di ciascun account. Gli standard di test dei vari fornitori di servizi autorizzati possono essere assegnati per l&#039;uso a singoli account univoci e\/o globali per la selezione da utilizzare su tutti gli account.<\/li><li>Gli standard di prova possono essere controllati per l&#039;uso solo per tipi di strumenti specifici. Il reporting di tracciabilit\u00e0 inversa \u00e8 facile da avviare su tutti gli account cliente.<\/li><li>I record di asset dello strumento principale possono supportare pi\u00f9 gruppi di test per un singolo asset (esempio: per flusso di massa \u2013 frequenza, temperatura e pressione). I gruppi di test possono anche combinare l&#039;uso di pacchetti di test di precisione.<\/li><li>Gli orari possono essere basati sul calendario o sul conteggio dell&#039;utilizzo.<\/li><li>ProCalV5 esegue tutte le funzioni matematiche durante la creazione di record principali. I calcoli possono adattarsi a diverse associazioni di segnali, dichiarazioni di precisione, risoluzioni e combinazioni (input rispetto a output, % di lettura, intervallo, +\/-, manuale, radice lineare\/quadrata, tabelle, ecc.).<\/li><li>\u00c8 possibile stabilire modelli, copiare i record, le funzioni di modifica globale consentono di modificare contemporaneamente gruppi di record.<\/li><li>Nessun errore umano. Il programma verifica, tramite messaggi visivi, le condizioni in o fuori tolleranza al momento dell&#039;immissione dei dati come trovati e lasciati.<\/li><li>Quando i valori dei punti di prova ottimali vengono modificati durante le calibrazioni, il programma calcola automaticamente nuove correlazioni di segnale e limiti di tolleranza accettabili.<\/li><li>Il sistema pu\u00f2 essere configurato per consentire la notifica automatica degli eventi di non conformit\u00e0.<\/li><li>Promemoria, avvisi e avvisi possono essere inviati via e-mail a destinatari designati.<\/li><li>Il sistema fornisce la funzionalit\u00e0 di manutenzione preventiva\/ordine di lavoro\/inventario delle parti.<\/li><li>Il sistema pu\u00f2 gestire il cambio elettronico.<\/li><li>Le firme elettroniche possono essere assegnate per instradamenti paralleli o forzati in modo che corrispondano al flusso di lavoro desiderato. Non c&#039;\u00e8 limite alla quantit\u00e0 di diversi tipi di politiche di firma elettronica che possono essere stabilite, salvate e allegate a documenti ed eventi.<\/li><li>ProCalV5 ha oltre 90 rapporti standard. Questi possono essere modificati e altri possono essere facilmente aggiunti alle specifiche esatte.<\/li><li>Le query avanzate possono essere costruite, denominate e salvate per l&#039;esecuzione futura. I risultati possono essere facilmente esportati in altri formati di file.<\/li><li>Il sistema pu\u00f2 generare certificati di calibrazione e pu\u00f2 stampare automaticamente adesivi di calibrazione.<\/li><li>\u00c8 possibile calibrare pi\u00f9 risorse e accedere contemporaneamente a singoli record.<\/li><li>I lavori in corso possono essere salvati come incompleti.<\/li><li>ProCalV5 offre una compatibilit\u00e0 senza pari con i calibratori di documentazione Fluke.<\/li><li>Non \u00e8 necessario salvare documenti MS Word o PDF: i report vengono creati ad hoc come richiesto.<\/li><li>ProCal eView consente la connessione Web remota per avviare i report richiesti o per inviare automaticamente i report in base a un calendario pianificato via e-mail a destinatari che possono essere indipendenti dai normali utenti del sistema.<\/li><li>ProCal Direct \u00e8 la versione cloud SaaS di ProCalV5. Offre tutte le funzioni sopra elencate e supporta l&#039;uso di workstation mobili e calibratori Fluke.<\/li><li>Sono disponibili opzioni di integrazione per la condivisione dei dati con SAP e altre applicazioni.<\/li><\/ul>","protected":false},"excerpt":{"rendered":"<p>ProCal Direct \u00e8 una soluzione di laboratorio completa basata su cloud per soddisfare tutti i requisiti di un laboratorio accreditato ISO. La spesa maggiore per un laboratorio \u00e8 la manodopera. Risparmiare tempo rimuovendo il lavoro manuale, come la generazione di fogli di lavoro di calibrazione, \u00e8 automatizzato in ProCal sulla base dei record di calibrazione dello strumento principale. I punti di calibrazione vengono selezionati automaticamente e le registrazioni sono<\/p>\n<p class=\"more-link\"><a href=\"https:\/\/www.agilelabs.co.za\/it\/iso-accredited-facilities\/\" class=\"themebutton\">Per saperne di pi\u00f9<\/a><\/p>","protected":false},"author":1,"featured_media":0,"parent":0,"menu_order":0,"comment_status":"closed","ping_status":"closed","template":"","meta":{"_acf_changed":false,"_monsterinsights_skip_tracking":false,"_monsterinsights_sitenote_active":false,"_monsterinsights_sitenote_note":"","_monsterinsights_sitenote_category":0,"footnotes":""},"categories":[],"tags":[],"class_list":["post-12298","page","type-page","status-publish","hentry"],"acf":[],"aioseo_notices":[],"aioseo_head":"\n\t\t<!-- All in One SEO Pro 4.7.0 - aioseo.com -->\n\t\t<meta name=\"description\" content=\"ProCal Direct is a complete laboratory cloud based solution to address all the requirements of a ISO accredited laboratory. The biggest expense for a lab is labour. Saving time by removing manual work, like generating calibration worksheets, are automated in ProCal based on master instrument calibration records. Calibration points are automatically selected and records are\" \/>\n\t\t<meta name=\"robots\" content=\"max-image-preview:large\" \/>\n\t\t<meta name=\"google-site-verification\" content=\"Nku-_1g-wtMYqihMzrUWbm5pdgO5gPY2D7l1ya5YPAU\" \/>\n\t\t<meta name=\"msvalidate.01\" content=\"9fc30828a433413eb7b3b5d32174774f\" \/>\n\t\t<meta name=\"yandex-verification\" content=\"c2122235dabe51e3\" \/>\n\t\t<link rel=\"canonical\" href=\"https:\/\/www.agilelabs.co.za\/it\/iso-accredited-facilities\/\" \/>\n\t\t<meta name=\"generator\" content=\"All in One SEO Pro (AIOSEO) 4.7.0\" \/>\n\t\t<meta property=\"og:locale\" content=\"it_IT\" \/>\n\t\t<meta property=\"og:site_name\" content=\"Agile Labs - Industry and laboratory software solutions\" \/>\n\t\t<meta property=\"og:type\" content=\"article\" \/>\n\t\t<meta property=\"og:title\" content=\"ISO Accredited Facilities - Agile Labs\" \/>\n\t\t<meta property=\"og:description\" content=\"ProCal Direct is a complete laboratory cloud based solution to address all the requirements of a ISO accredited laboratory. The biggest expense for a lab is labour. Saving time by removing manual work, like generating calibration worksheets, are automated in ProCal based on master instrument calibration records. Calibration points are automatically selected and records are\" \/>\n\t\t<meta property=\"og:url\" content=\"https:\/\/www.agilelabs.co.za\/it\/iso-accredited-facilities\/\" \/>\n\t\t<meta property=\"og:image\" content=\"https:\/\/www.agilelabs.co.za\/wp-content\/uploads\/2021\/08\/TwitterLogo.png?wsr\" \/>\n\t\t<meta property=\"og:image:secure_url\" content=\"https:\/\/www.agilelabs.co.za\/wp-content\/uploads\/2021\/08\/TwitterLogo.png?wsr\" \/>\n\t\t<meta property=\"og:image:width\" content=\"189\" \/>\n\t\t<meta property=\"og:image:height\" content=\"168\" \/>\n\t\t<meta property=\"article:published_time\" content=\"2021-10-06T12:29:18+00:00\" \/>\n\t\t<meta property=\"article:modified_time\" content=\"2022-01-27T13:22:20+00:00\" \/>\n\t\t<meta property=\"article:publisher\" content=\"https:\/\/www.facebook.com\/AgileLabsTeam\" \/>\n\t\t<meta property=\"article:author\" content=\"https:\/\/www.facebook.com\/AgileLabsTeam\" \/>\n\t\t<meta name=\"twitter:card\" content=\"summary\" \/>\n\t\t<meta name=\"twitter:site\" content=\"@InfoAgileLabs\" \/>\n\t\t<meta name=\"twitter:title\" content=\"ISO Accredited Facilities - Agile Labs\" \/>\n\t\t<meta name=\"twitter:description\" content=\"ProCal Direct is a complete laboratory cloud based solution to address all the requirements of a ISO accredited laboratory. The biggest expense for a lab is labour. Saving time by removing manual work, like generating calibration worksheets, are automated in ProCal based on master instrument calibration records. Calibration points are automatically selected and records are\" \/>\n\t\t<meta name=\"twitter:creator\" content=\"@InfoAgileLabs\" \/>\n\t\t<meta name=\"twitter:image\" content=\"https:\/\/www.agilelabs.co.za\/wp-content\/uploads\/2021\/08\/TwitterLogo.png?wsr\" \/>\n\t\t<script type=\"application\/ld+json\" class=\"aioseo-schema\">\n\t\t\t{\"@context\":\"https:\\\/\\\/schema.org\",\"@graph\":[{\"@type\":\"BreadcrumbList\",\"@id\":\"https:\\\/\\\/www.agilelabs.co.za\\\/it\\\/iso-accredited-facilities\\\/#breadcrumblist\",\"itemListElement\":[{\"@type\":\"ListItem\",\"@id\":\"https:\\\/\\\/www.agilelabs.co.za\\\/it\\\/#listItem\",\"position\":1,\"name\":\"Home\",\"item\":\"https:\\\/\\\/www.agilelabs.co.za\\\/it\\\/\",\"nextItem\":\"https:\\\/\\\/www.agilelabs.co.za\\\/it\\\/iso-accredited-facilities\\\/#listItem\"},{\"@type\":\"ListItem\",\"@id\":\"https:\\\/\\\/www.agilelabs.co.za\\\/it\\\/iso-accredited-facilities\\\/#listItem\",\"position\":2,\"name\":\"ISO Accredited Facilities\",\"previousItem\":\"https:\\\/\\\/www.agilelabs.co.za\\\/it\\\/#listItem\"}]},{\"@type\":\"Organization\",\"@id\":\"https:\\\/\\\/www.agilelabs.co.za\\\/it\\\/#organization\",\"name\":\"Agile Labs\",\"url\":\"https:\\\/\\\/www.agilelabs.co.za\\\/it\\\/\",\"logo\":{\"@type\":\"ImageObject\",\"url\":\"https:\\\/\\\/www.agilelabs.co.za\\\/wp-content\\\/uploads\\\/2021\\\/08\\\/LogoTransparant.gif?wsr\",\"@id\":\"https:\\\/\\\/www.agilelabs.co.za\\\/it\\\/iso-accredited-facilities\\\/#organizationLogo\",\"width\":125,\"height\":113},\"image\":{\"@id\":\"https:\\\/\\\/www.agilelabs.co.za\\\/it\\\/iso-accredited-facilities\\\/#organizationLogo\"},\"sameAs\":[\"https:\\\/\\\/www.facebook.com\\\/AgileLabsTeam\",\"https:\\\/\\\/twitter.com\\\/InfoAgileLabs\"]},{\"@type\":\"WebPage\",\"@id\":\"https:\\\/\\\/www.agilelabs.co.za\\\/it\\\/iso-accredited-facilities\\\/#webpage\",\"url\":\"https:\\\/\\\/www.agilelabs.co.za\\\/it\\\/iso-accredited-facilities\\\/\",\"name\":\"ISO Accredited Facilities - Agile Labs\",\"description\":\"ProCal Direct is a complete laboratory cloud based solution to address all the requirements of a ISO accredited laboratory. The biggest expense for a lab is labour. Saving time by removing manual work, like generating calibration worksheets, are automated in ProCal based on master instrument calibration records. Calibration points are automatically selected and records are\",\"inLanguage\":\"it-IT\",\"isPartOf\":{\"@id\":\"https:\\\/\\\/www.agilelabs.co.za\\\/it\\\/#website\"},\"breadcrumb\":{\"@id\":\"https:\\\/\\\/www.agilelabs.co.za\\\/it\\\/iso-accredited-facilities\\\/#breadcrumblist\"},\"datePublished\":\"2021-10-06T14:29:18+02:00\",\"dateModified\":\"2022-01-27T15:22:20+02:00\"},{\"@type\":\"WebSite\",\"@id\":\"https:\\\/\\\/www.agilelabs.co.za\\\/it\\\/#website\",\"url\":\"https:\\\/\\\/www.agilelabs.co.za\\\/it\\\/\",\"name\":\"Agile Labs\",\"description\":\"Industry and laboratory software solutions\",\"inLanguage\":\"it-IT\",\"publisher\":{\"@id\":\"https:\\\/\\\/www.agilelabs.co.za\\\/it\\\/#organization\"}}]}\n\t\t<\/script>\n\t\t<script type=\"text\/javascript\">\n\t\t\t(function(c,l,a,r,i,t,y){\n\t\t\tc[a]=c[a]||function(){(c[a].q=c[a].q||[]).push(arguments)};t=l.createElement(r);t.async=1;\n\t\t\tt.src=\"https:\/\/www.clarity.ms\/tag\/\"+i+\"?ref=aioseo\";y=l.getElementsByTagName(r)[0];y.parentNode.insertBefore(t,y);\n\t\t})(window, document, \"clarity\", \"script\", \"b88vlc75di\");\n\t\t<\/script>\n\t\t<!-- All in One SEO Pro -->\r\n\t\t<title>ISO Accredited Facilities - Agile Labs<\/title>\n\n","aioseo_head_json":{"title":"ISO Accredited Facilities - Agile Labs","description":"ProCal Direct is a complete laboratory cloud based solution to address all the requirements of a ISO accredited laboratory. The biggest expense for a lab is labour. Saving time by removing manual work, like generating calibration worksheets, are automated in ProCal based on master instrument calibration records. Calibration points are automatically selected and records are","canonical_url":"https:\/\/www.agilelabs.co.za\/it\/iso-accredited-facilities\/","robots":"max-image-preview:large","keywords":"","webmasterTools":{"google-site-verification":"Nku-_1g-wtMYqihMzrUWbm5pdgO5gPY2D7l1ya5YPAU","msvalidate.01":"9fc30828a433413eb7b3b5d32174774f","yandex-verification":"c2122235dabe51e3","miscellaneous":""},"og:locale":"it_IT","og:site_name":"Agile Labs - Industry and laboratory software solutions","og:type":"article","og:title":"ISO Accredited Facilities - Agile Labs","og:description":"ProCal Direct is a complete laboratory cloud based solution to address all the requirements of a ISO accredited laboratory. The biggest expense for a lab is labour. Saving time by removing manual work, like generating calibration worksheets, are automated in ProCal based on master instrument calibration records. Calibration points are automatically selected and records are","og:url":"https:\/\/www.agilelabs.co.za\/it\/iso-accredited-facilities\/","og:image":"https:\/\/www.agilelabs.co.za\/wp-content\/uploads\/2021\/08\/TwitterLogo.png?wsr","og:image:secure_url":"https:\/\/www.agilelabs.co.za\/wp-content\/uploads\/2021\/08\/TwitterLogo.png?wsr","og:image:width":189,"og:image:height":168,"article:published_time":"2021-10-06T12:29:18+00:00","article:modified_time":"2022-01-27T13:22:20+00:00","article:publisher":"https:\/\/www.facebook.com\/AgileLabsTeam","article:author":"https:\/\/www.facebook.com\/AgileLabsTeam","twitter:card":"summary","twitter:site":"@InfoAgileLabs","twitter:title":"ISO Accredited Facilities - Agile Labs","twitter:description":"ProCal Direct is a complete laboratory cloud based solution to address all the requirements of a ISO accredited laboratory. The biggest expense for a lab is labour. Saving time by removing manual work, like generating calibration worksheets, are automated in ProCal based on master instrument calibration records. Calibration points are automatically selected and records are","twitter:creator":"@InfoAgileLabs","twitter:image":"https:\/\/www.agilelabs.co.za\/wp-content\/uploads\/2021\/08\/TwitterLogo.png?wsr","schema":{"@context":"https:\/\/schema.org","@graph":[{"@type":"BreadcrumbList","@id":"https:\/\/www.agilelabs.co.za\/it\/iso-accredited-facilities\/#breadcrumblist","itemListElement":[{"@type":"ListItem","@id":"https:\/\/www.agilelabs.co.za\/it\/#listItem","position":1,"name":"Home","item":"https:\/\/www.agilelabs.co.za\/it\/","nextItem":"https:\/\/www.agilelabs.co.za\/it\/iso-accredited-facilities\/#listItem"},{"@type":"ListItem","@id":"https:\/\/www.agilelabs.co.za\/it\/iso-accredited-facilities\/#listItem","position":2,"name":"ISO Accredited Facilities","previousItem":"https:\/\/www.agilelabs.co.za\/it\/#listItem"}]},{"@type":"Organization","@id":"https:\/\/www.agilelabs.co.za\/it\/#organization","name":"Agile Labs","url":"https:\/\/www.agilelabs.co.za\/it\/","logo":{"@type":"ImageObject","url":"https:\/\/www.agilelabs.co.za\/wp-content\/uploads\/2021\/08\/LogoTransparant.gif?wsr","@id":"https:\/\/www.agilelabs.co.za\/it\/iso-accredited-facilities\/#organizationLogo","width":125,"height":113},"image":{"@id":"https:\/\/www.agilelabs.co.za\/it\/iso-accredited-facilities\/#organizationLogo"},"sameAs":["https:\/\/www.facebook.com\/AgileLabsTeam","https:\/\/twitter.com\/InfoAgileLabs"]},{"@type":"WebPage","@id":"https:\/\/www.agilelabs.co.za\/it\/iso-accredited-facilities\/#webpage","url":"https:\/\/www.agilelabs.co.za\/it\/iso-accredited-facilities\/","name":"ISO Accredited Facilities - Agile Labs","description":"ProCal Direct is a complete laboratory cloud based solution to address all the requirements of a ISO accredited laboratory. The biggest expense for a lab is labour. Saving time by removing manual work, like generating calibration worksheets, are automated in ProCal based on master instrument calibration records. Calibration points are automatically selected and records are","inLanguage":"it-IT","isPartOf":{"@id":"https:\/\/www.agilelabs.co.za\/it\/#website"},"breadcrumb":{"@id":"https:\/\/www.agilelabs.co.za\/it\/iso-accredited-facilities\/#breadcrumblist"},"datePublished":"2021-10-06T14:29:18+02:00","dateModified":"2022-01-27T15:22:20+02:00"},{"@type":"WebSite","@id":"https:\/\/www.agilelabs.co.za\/it\/#website","url":"https:\/\/www.agilelabs.co.za\/it\/","name":"Agile Labs","description":"Industry and laboratory software solutions","inLanguage":"it-IT","publisher":{"@id":"https:\/\/www.agilelabs.co.za\/it\/#organization"}}]}},"aioseo_meta_data":{"post_id":"12298","title":null,"description":null,"keywords":null,"keyphrases":null,"primary_term":null,"canonical_url":null,"og_title":null,"og_description":null,"og_object_type":"default","og_image_type":"default","og_image_url":null,"og_image_width":null,"og_image_height":null,"og_image_custom_url":null,"og_image_custom_fields":null,"og_video":null,"og_custom_url":null,"og_article_section":null,"og_article_tags":null,"twitter_use_og":false,"twitter_card":"default","twitter_image_type":"default","twitter_image_url":null,"twitter_image_custom_url":null,"twitter_image_custom_fields":null,"twitter_title":null,"twitter_description":null,"schema":{"blockGraphs":[],"customGraphs":[],"default":{"data":{"Article":[],"Course":[],"Dataset":[],"FAQPage":[],"Movie":[],"Person":[],"Product":[],"Recipe":[],"Service":[],"SoftwareApplication":[],"WebPage":[]},"graphName":"","isEnabled":true},"graphs":[]},"schema_type":"default","schema_type_options":null,"pillar_content":false,"robots_default":true,"robots_noindex":false,"robots_noarchive":false,"robots_nosnippet":false,"robots_nofollow":false,"robots_noimageindex":false,"robots_noodp":false,"robots_notranslate":false,"robots_max_snippet":null,"robots_max_videopreview":null,"robots_max_imagepreview":"large","priority":null,"frequency":null,"local_seo":null,"limit_modified_date":false,"open_ai":null,"created":"2022-02-09 02:39:01","updated":"2022-09-13 21:15:53"},"_links":{"self":[{"href":"https:\/\/www.agilelabs.co.za\/it\/wp-json\/wp\/v2\/pages\/12298","targetHints":{"allow":["GET"]}}],"collection":[{"href":"https:\/\/www.agilelabs.co.za\/it\/wp-json\/wp\/v2\/pages"}],"about":[{"href":"https:\/\/www.agilelabs.co.za\/it\/wp-json\/wp\/v2\/types\/page"}],"author":[{"embeddable":true,"href":"https:\/\/www.agilelabs.co.za\/it\/wp-json\/wp\/v2\/users\/1"}],"replies":[{"embeddable":true,"href":"https:\/\/www.agilelabs.co.za\/it\/wp-json\/wp\/v2\/comments?post=12298"}],"version-history":[{"count":0,"href":"https:\/\/www.agilelabs.co.za\/it\/wp-json\/wp\/v2\/pages\/12298\/revisions"}],"wp:attachment":[{"href":"https:\/\/www.agilelabs.co.za\/it\/wp-json\/wp\/v2\/media?parent=12298"}],"wp:term":[{"taxonomy":"category","embeddable":true,"href":"https:\/\/www.agilelabs.co.za\/it\/wp-json\/wp\/v2\/categories?post=12298"},{"taxonomy":"post_tag","embeddable":true,"href":"https:\/\/www.agilelabs.co.za\/it\/wp-json\/wp\/v2\/tags?post=12298"}],"curies":[{"name":"wp","href":"https:\/\/api.w.org\/{rel}","templated":true}]}}