{"id":12054,"date":"2021-09-23T06:12:44","date_gmt":"2021-09-23T04:12:44","guid":{"rendered":"https:\/\/www.agilelabs.co.za\/?page_id=12054"},"modified":"2025-02-02T11:18:47","modified_gmt":"2025-02-02T09:18:47","slug":"feature-benefits-for-the-pipeline-transportation-industry","status":"publish","type":"page","link":"https:\/\/www.agilelabs.co.za\/it\/feature-benefits-for-the-pipeline-transportation-industry\/","title":{"rendered":"Industria del trasporto di condutture"},"content":{"rendered":"<p><\/p>\n\n\n\n<ul class=\"wp-block-list\">\n<li>ProCalV5 aiuta le aziende ad automatizzare e standardizzare le pratiche di calibrazione. La migrazione dalla carta al senza carta migliorer\u00e0 la produttivit\u00e0 e ridurr\u00e0 i costi operativi.<\/li>\n\n\n\n<li>Le licenze opzionali per Mobile Workstation consentono l&#039;accesso offline all&#039;interfaccia completa del programma per l&#039;uso sul campo con tablet e calibratori di documentazione Fluke.<\/li>\n\n\n\n<li>Il programma pu\u00f2 supportare uno o pi\u00f9 account individuali. Tutti gli account possono essere configurati in modo identico o forse alcuni modificati in base ai requisiti locali. Il modulo Copia azienda fornisce un potente strumento basato su modelli per facilitare l&#039;aggiunta e la configurazione per i nuovi account del sito.<\/li>\n\n\n\n<li>Non ci sono costi aggiuntivi per aggiungere pi\u00f9 utenti di sistema.<\/li>\n\n\n\n<li>La maggior parte delle etichette dei campi del programma pu\u00f2 essere modificata in base alla terminologia desiderata. \u00c8 possibile aggiungere un numero illimitato di campi caratterizzati definiti dall&#039;utente per accogliere le informazioni e il flusso di lavoro specifici del cliente.<\/li>\n\n\n\n<li>Attualmente, ProCalV5 supporta sei lingue; e c&#039;\u00e8 dell&#039;altro. La selezione della lingua pu\u00f2 essere predefinita a livello dell&#039;intera azienda, dell&#039;account o del singolo utente. Cambiare lingua \u00e8 semplice come selezionarla da un elenco a discesa.<\/li>\n\n\n\n<li>Offriamo una vasta libreria di pacchetti di test di precisione opzionali. Si tratta di moduli imbullonati che forniscono un&#039;interfaccia utente personalizzata specifica per vari tipi di strumenti, apparecchiature e sistemi. L&#039;elenco \u00e8 visionabile cliccando qui.<\/li>\n\n\n\n<li>ProCal Explorer fornisce un modo semplice e diretto, in un formato ad albero gerarchico espandibile\/comprimibile, per visualizzare le tue risorse. I messaggi visivi mostrano chiaramente quelli che richiedono attenzione immediata e quelli i cui eventi programmati sono scaduti. Le informazioni sulle risorse sono presentate per Classificazione, Reparto, Frequenza, Tipo di articolo, Posizione, Produttore, Tecnico responsabile, Programma, Lavoro dovuto per dipartimento o Lavoro dovuto per posizione.<\/li>\n\n\n\n<li>Recall, eventi dovuti e molti altri report possono essere lanciati in tutta l&#039;azienda o specifici per account singoli o multipli.<\/li>\n\n\n\n<li>\u00c8 possibile creare associazioni gerarchiche all&#039;interno di ciascun account per sistemi, loop, apparecchiature e strumenti.<\/li>\n\n\n\n<li>I record principali possono supportare pi\u00f9 gruppi di test per un singolo asset. I gruppi di test possono anche combinare l&#039;uso di pacchetti di test di precisione.<\/li>\n\n\n\n<li>Gli orari possono essere basati sul calendario o sul conteggio dell&#039;utilizzo.<\/li>\n\n\n\n<li>\u00c8 possibile stabilire modelli, copiare i record, le funzioni di modifica globale consentono di modificare contemporaneamente gruppi di record.<\/li>\n\n\n\n<li>ProCalV5 esegue tutte le funzioni matematiche durante la creazione di record principali. I calcoli possono adattarsi a diverse associazioni di segnali, dichiarazioni di precisione, risoluzioni e combinazioni (input rispetto a output, % di lettura, intervallo, +\/-, manuale, radice lineare\/quadrata, tabelle, ecc.).<\/li>\n\n\n\n<li>Nessun errore umano. Il programma verifica, tramite messaggi visivi, le condizioni in o fuori tolleranza al momento dell&#039;immissione dei dati come trovati e lasciati.<\/li>\n\n\n\n<li>I valori ottimali dei punti di prova possono essere modificati durante l&#039;esecuzione delle calibrazioni. Il programma calcoler\u00e0 automaticamente nuove correlazioni di segnale e limiti di tolleranza accettabili.<\/li>\n\n\n\n<li>La funzionalit\u00e0 di manutenzione preventiva\/ordine di lavoro\/inventario delle parti \u00e8 facoltativa.<\/li>\n\n\n\n<li>ProCalV5 ha oltre 90 rapporti standard. Questi possono essere modificati e altri possono essere facilmente aggiunti alle specifiche esatte.<\/li>\n\n\n\n<li>Le query avanzate possono essere costruite, denominate e salvate per l&#039;esecuzione futura. I risultati possono essere facilmente esportati in altri formati di file.<\/li>\n\n\n\n<li>Il sistema pu\u00f2 generare certificati di calibrazione e pu\u00f2 stampare automaticamente adesivi di calibrazione.<\/li>\n\n\n\n<li>\u00c8 possibile calibrare pi\u00f9 risorse e accedere contemporaneamente a singoli record.<\/li>\n\n\n\n<li>I lavori in corso possono essere salvati come incompleti.<\/li>\n\n\n\n<li>ProCalV5 offre una compatibilit\u00e0 senza pari con i calibratori di documentazione Fluke.<\/li>\n\n\n\n<li>Non \u00e8 necessario salvare documenti MS Word o PDF: i report vengono creati ad hoc come richiesto.<\/li>\n\n\n\n<li>eView consente la connessione Web remota per avviare i report richiesti o per inviare automaticamente i report in base a un calendario pianificato tramite e-mail.<\/li>\n\n\n\n<li>ProCal Direct \u00e8 la versione cloud SaaS di ProCalV5. Offre tutte le funzioni sopra elencate e supporta anche l&#039;uso di workstation mobili e calibratori Fluke.<\/li>\n\n\n\n<li>Sono disponibili opzioni di integrazione per la condivisione dei dati con SAP e altre applicazioni.<\/li>\n<\/ul>","protected":false},"excerpt":{"rendered":"","protected":false},"author":1,"featured_media":0,"parent":0,"menu_order":0,"comment_status":"closed","ping_status":"closed","template":"","meta":{"_acf_changed":false,"_monsterinsights_skip_tracking":false,"_monsterinsights_sitenote_active":false,"_monsterinsights_sitenote_note":"","_monsterinsights_sitenote_category":0,"footnotes":""},"categories":[],"tags":[],"class_list":["post-12054","page","type-page","status-publish","hentry"],"acf":[],"aioseo_notices":[],"aioseo_head":"\n\t\t<!-- All in One SEO Pro 4.7.0 - aioseo.com -->\n\t\t<meta name=\"description\" content=\"ProCalV5 helps companies to automate &amp; standardize calibration practices. Migration from paper to paperless will improve productivity and lower operational costs. Optional Mobile Workstation licenses enable off-line access to the full program interface for field use with tablets and Fluke documenting calibrators. The program can support one or many individual accounts. All accounts may be\" \/>\n\t\t<meta name=\"robots\" content=\"max-image-preview:large\" \/>\n\t\t<meta name=\"google-site-verification\" content=\"Nku-_1g-wtMYqihMzrUWbm5pdgO5gPY2D7l1ya5YPAU\" \/>\n\t\t<meta name=\"msvalidate.01\" content=\"9fc30828a433413eb7b3b5d32174774f\" \/>\n\t\t<meta name=\"yandex-verification\" content=\"c2122235dabe51e3\" \/>\n\t\t<link rel=\"canonical\" href=\"https:\/\/www.agilelabs.co.za\/it\/feature-benefits-for-the-pipeline-transportation-industry\/\" \/>\n\t\t<meta name=\"generator\" content=\"All in One SEO Pro (AIOSEO) 4.7.0\" \/>\n\t\t<meta property=\"og:locale\" content=\"it_IT\" \/>\n\t\t<meta property=\"og:site_name\" content=\"Agile Labs - Industry and laboratory software solutions\" \/>\n\t\t<meta property=\"og:type\" content=\"article\" \/>\n\t\t<meta property=\"og:title\" content=\"Pipeline Transportation industry - Agile Labs\" \/>\n\t\t<meta property=\"og:description\" content=\"ProCalV5 helps companies to automate &amp; standardize calibration practices. Migration from paper to paperless will improve productivity and lower operational costs. Optional Mobile Workstation licenses enable off-line access to the full program interface for field use with tablets and Fluke documenting calibrators. The program can support one or many individual accounts. All accounts may be\" \/>\n\t\t<meta property=\"og:url\" content=\"https:\/\/www.agilelabs.co.za\/it\/feature-benefits-for-the-pipeline-transportation-industry\/\" \/>\n\t\t<meta property=\"og:image\" content=\"https:\/\/www.agilelabs.co.za\/wp-content\/uploads\/2021\/08\/TwitterLogo.png?wsr\" \/>\n\t\t<meta property=\"og:image:secure_url\" content=\"https:\/\/www.agilelabs.co.za\/wp-content\/uploads\/2021\/08\/TwitterLogo.png?wsr\" \/>\n\t\t<meta property=\"og:image:width\" content=\"189\" \/>\n\t\t<meta property=\"og:image:height\" content=\"168\" \/>\n\t\t<meta property=\"article:published_time\" content=\"2021-09-23T04:12:44+00:00\" \/>\n\t\t<meta property=\"article:modified_time\" content=\"2025-02-02T09:18:47+00:00\" \/>\n\t\t<meta property=\"article:publisher\" content=\"https:\/\/www.facebook.com\/AgileLabsTeam\" \/>\n\t\t<meta property=\"article:author\" content=\"https:\/\/www.facebook.com\/AgileLabsTeam\" \/>\n\t\t<meta name=\"twitter:card\" content=\"summary\" \/>\n\t\t<meta name=\"twitter:site\" content=\"@InfoAgileLabs\" \/>\n\t\t<meta name=\"twitter:title\" content=\"Pipeline Transportation industry - Agile Labs\" \/>\n\t\t<meta name=\"twitter:description\" content=\"ProCalV5 helps companies to automate &amp; standardize calibration practices. Migration from paper to paperless will improve productivity and lower operational costs. Optional Mobile Workstation licenses enable off-line access to the full program interface for field use with tablets and Fluke documenting calibrators. The program can support one or many individual accounts. All accounts may be\" \/>\n\t\t<meta name=\"twitter:creator\" content=\"@InfoAgileLabs\" \/>\n\t\t<meta name=\"twitter:image\" content=\"https:\/\/www.agilelabs.co.za\/wp-content\/uploads\/2021\/08\/TwitterLogo.png?wsr\" \/>\n\t\t<script type=\"application\/ld+json\" class=\"aioseo-schema\">\n\t\t\t{\"@context\":\"https:\\\/\\\/schema.org\",\"@graph\":[{\"@type\":\"BreadcrumbList\",\"@id\":\"https:\\\/\\\/www.agilelabs.co.za\\\/it\\\/feature-benefits-for-the-pipeline-transportation-industry\\\/#breadcrumblist\",\"itemListElement\":[{\"@type\":\"ListItem\",\"@id\":\"https:\\\/\\\/www.agilelabs.co.za\\\/it\\\/#listItem\",\"position\":1,\"name\":\"Home\",\"item\":\"https:\\\/\\\/www.agilelabs.co.za\\\/it\\\/\",\"nextItem\":\"https:\\\/\\\/www.agilelabs.co.za\\\/it\\\/feature-benefits-for-the-pipeline-transportation-industry\\\/#listItem\"},{\"@type\":\"ListItem\",\"@id\":\"https:\\\/\\\/www.agilelabs.co.za\\\/it\\\/feature-benefits-for-the-pipeline-transportation-industry\\\/#listItem\",\"position\":2,\"name\":\"Pipeline Transportation industry\",\"previousItem\":\"https:\\\/\\\/www.agilelabs.co.za\\\/it\\\/#listItem\"}]},{\"@type\":\"Organization\",\"@id\":\"https:\\\/\\\/www.agilelabs.co.za\\\/it\\\/#organization\",\"name\":\"Agile Labs\",\"url\":\"https:\\\/\\\/www.agilelabs.co.za\\\/it\\\/\",\"logo\":{\"@type\":\"ImageObject\",\"url\":\"https:\\\/\\\/www.agilelabs.co.za\\\/wp-content\\\/uploads\\\/2021\\\/08\\\/LogoTransparant.gif?wsr\",\"@id\":\"https:\\\/\\\/www.agilelabs.co.za\\\/it\\\/feature-benefits-for-the-pipeline-transportation-industry\\\/#organizationLogo\",\"width\":125,\"height\":113},\"image\":{\"@id\":\"https:\\\/\\\/www.agilelabs.co.za\\\/it\\\/feature-benefits-for-the-pipeline-transportation-industry\\\/#organizationLogo\"},\"sameAs\":[\"https:\\\/\\\/www.facebook.com\\\/AgileLabsTeam\",\"https:\\\/\\\/twitter.com\\\/InfoAgileLabs\"]},{\"@type\":\"WebPage\",\"@id\":\"https:\\\/\\\/www.agilelabs.co.za\\\/it\\\/feature-benefits-for-the-pipeline-transportation-industry\\\/#webpage\",\"url\":\"https:\\\/\\\/www.agilelabs.co.za\\\/it\\\/feature-benefits-for-the-pipeline-transportation-industry\\\/\",\"name\":\"Pipeline Transportation industry - Agile Labs\",\"description\":\"ProCalV5 helps companies to automate & standardize calibration practices. Migration from paper to paperless will improve productivity and lower operational costs. Optional Mobile Workstation licenses enable off-line access to the full program interface for field use with tablets and Fluke documenting calibrators. The program can support one or many individual accounts. All accounts may be\",\"inLanguage\":\"it-IT\",\"isPartOf\":{\"@id\":\"https:\\\/\\\/www.agilelabs.co.za\\\/it\\\/#website\"},\"breadcrumb\":{\"@id\":\"https:\\\/\\\/www.agilelabs.co.za\\\/it\\\/feature-benefits-for-the-pipeline-transportation-industry\\\/#breadcrumblist\"},\"datePublished\":\"2021-09-23T06:12:44+02:00\",\"dateModified\":\"2025-02-02T11:18:47+02:00\"},{\"@type\":\"WebSite\",\"@id\":\"https:\\\/\\\/www.agilelabs.co.za\\\/it\\\/#website\",\"url\":\"https:\\\/\\\/www.agilelabs.co.za\\\/it\\\/\",\"name\":\"Agile Labs\",\"description\":\"Industry and laboratory software solutions\",\"inLanguage\":\"it-IT\",\"publisher\":{\"@id\":\"https:\\\/\\\/www.agilelabs.co.za\\\/it\\\/#organization\"}}]}\n\t\t<\/script>\n\t\t<script type=\"text\/javascript\">\n\t\t\t(function(c,l,a,r,i,t,y){\n\t\t\tc[a]=c[a]||function(){(c[a].q=c[a].q||[]).push(arguments)};t=l.createElement(r);t.async=1;\n\t\t\tt.src=\"https:\/\/www.clarity.ms\/tag\/\"+i+\"?ref=aioseo\";y=l.getElementsByTagName(r)[0];y.parentNode.insertBefore(t,y);\n\t\t})(window, document, \"clarity\", \"script\", \"b88vlc75di\");\n\t\t<\/script>\n\t\t<!-- All in One SEO Pro -->\r\n\t\t<title>Pipeline Transportation industry - Agile Labs<\/title>\n\n","aioseo_head_json":{"title":"Pipeline Transportation industry - Agile Labs","description":"ProCalV5 helps companies to automate & standardize calibration practices. Migration from paper to paperless will improve productivity and lower operational costs. Optional Mobile Workstation licenses enable off-line access to the full program interface for field use with tablets and Fluke documenting calibrators. The program can support one or many individual accounts. All accounts may be","canonical_url":"https:\/\/www.agilelabs.co.za\/it\/feature-benefits-for-the-pipeline-transportation-industry\/","robots":"max-image-preview:large","keywords":"","webmasterTools":{"google-site-verification":"Nku-_1g-wtMYqihMzrUWbm5pdgO5gPY2D7l1ya5YPAU","msvalidate.01":"9fc30828a433413eb7b3b5d32174774f","yandex-verification":"c2122235dabe51e3","miscellaneous":""},"og:locale":"it_IT","og:site_name":"Agile Labs - Industry and laboratory software solutions","og:type":"article","og:title":"Pipeline Transportation industry - Agile Labs","og:description":"ProCalV5 helps companies to automate &amp; standardize calibration practices. Migration from paper to paperless will improve productivity and lower operational costs. Optional Mobile Workstation licenses enable off-line access to the full program interface for field use with tablets and Fluke documenting calibrators. The program can support one or many individual accounts. All accounts may be","og:url":"https:\/\/www.agilelabs.co.za\/it\/feature-benefits-for-the-pipeline-transportation-industry\/","og:image":"https:\/\/www.agilelabs.co.za\/wp-content\/uploads\/2021\/08\/TwitterLogo.png?wsr","og:image:secure_url":"https:\/\/www.agilelabs.co.za\/wp-content\/uploads\/2021\/08\/TwitterLogo.png?wsr","og:image:width":189,"og:image:height":168,"article:published_time":"2021-09-23T04:12:44+00:00","article:modified_time":"2025-02-02T09:18:47+00:00","article:publisher":"https:\/\/www.facebook.com\/AgileLabsTeam","article:author":"https:\/\/www.facebook.com\/AgileLabsTeam","twitter:card":"summary","twitter:site":"@InfoAgileLabs","twitter:title":"Pipeline Transportation industry - Agile Labs","twitter:description":"ProCalV5 helps companies to automate &amp; standardize calibration practices. Migration from paper to paperless will improve productivity and lower operational costs. Optional Mobile Workstation licenses enable off-line access to the full program interface for field use with tablets and Fluke documenting calibrators. The program can support one or many individual accounts. All accounts may be","twitter:creator":"@InfoAgileLabs","twitter:image":"https:\/\/www.agilelabs.co.za\/wp-content\/uploads\/2021\/08\/TwitterLogo.png?wsr","schema":{"@context":"https:\/\/schema.org","@graph":[{"@type":"BreadcrumbList","@id":"https:\/\/www.agilelabs.co.za\/it\/feature-benefits-for-the-pipeline-transportation-industry\/#breadcrumblist","itemListElement":[{"@type":"ListItem","@id":"https:\/\/www.agilelabs.co.za\/it\/#listItem","position":1,"name":"Home","item":"https:\/\/www.agilelabs.co.za\/it\/","nextItem":"https:\/\/www.agilelabs.co.za\/it\/feature-benefits-for-the-pipeline-transportation-industry\/#listItem"},{"@type":"ListItem","@id":"https:\/\/www.agilelabs.co.za\/it\/feature-benefits-for-the-pipeline-transportation-industry\/#listItem","position":2,"name":"Pipeline Transportation industry","previousItem":"https:\/\/www.agilelabs.co.za\/it\/#listItem"}]},{"@type":"Organization","@id":"https:\/\/www.agilelabs.co.za\/it\/#organization","name":"Agile Labs","url":"https:\/\/www.agilelabs.co.za\/it\/","logo":{"@type":"ImageObject","url":"https:\/\/www.agilelabs.co.za\/wp-content\/uploads\/2021\/08\/LogoTransparant.gif?wsr","@id":"https:\/\/www.agilelabs.co.za\/it\/feature-benefits-for-the-pipeline-transportation-industry\/#organizationLogo","width":125,"height":113},"image":{"@id":"https:\/\/www.agilelabs.co.za\/it\/feature-benefits-for-the-pipeline-transportation-industry\/#organizationLogo"},"sameAs":["https:\/\/www.facebook.com\/AgileLabsTeam","https:\/\/twitter.com\/InfoAgileLabs"]},{"@type":"WebPage","@id":"https:\/\/www.agilelabs.co.za\/it\/feature-benefits-for-the-pipeline-transportation-industry\/#webpage","url":"https:\/\/www.agilelabs.co.za\/it\/feature-benefits-for-the-pipeline-transportation-industry\/","name":"Pipeline Transportation industry - Agile Labs","description":"ProCalV5 helps companies to automate & standardize calibration practices. Migration from paper to paperless will improve productivity and lower operational costs. Optional Mobile Workstation licenses enable off-line access to the full program interface for field use with tablets and Fluke documenting calibrators. The program can support one or many individual accounts. All accounts may be","inLanguage":"it-IT","isPartOf":{"@id":"https:\/\/www.agilelabs.co.za\/it\/#website"},"breadcrumb":{"@id":"https:\/\/www.agilelabs.co.za\/it\/feature-benefits-for-the-pipeline-transportation-industry\/#breadcrumblist"},"datePublished":"2021-09-23T06:12:44+02:00","dateModified":"2025-02-02T11:18:47+02:00"},{"@type":"WebSite","@id":"https:\/\/www.agilelabs.co.za\/it\/#website","url":"https:\/\/www.agilelabs.co.za\/it\/","name":"Agile Labs","description":"Industry and laboratory software solutions","inLanguage":"it-IT","publisher":{"@id":"https:\/\/www.agilelabs.co.za\/it\/#organization"}}]}},"aioseo_meta_data":{"post_id":"12054","title":null,"description":null,"keywords":"[]","keyphrases":"{\"focus\":{\"keyphrase\":\"\",\"score\":0,\"analysis\":{\"keyphraseInTitle\":{\"score\":0,\"maxScore\":9,\"error\":1}}},\"additional\":[]}","primary_term":null,"canonical_url":null,"og_title":null,"og_description":null,"og_object_type":"default","og_image_type":"default","og_image_url":null,"og_image_width":null,"og_image_height":null,"og_image_custom_url":null,"og_image_custom_fields":null,"og_video":"","og_custom_url":null,"og_article_section":null,"og_article_tags":"[]","twitter_use_og":false,"twitter_card":"default","twitter_image_type":"default","twitter_image_url":null,"twitter_image_custom_url":null,"twitter_image_custom_fields":null,"twitter_title":null,"twitter_description":null,"schema":{"blockGraphs":[],"customGraphs":[],"default":{"data":{"Article":[],"Course":[],"Dataset":[],"FAQPage":[],"Movie":[],"Person":[],"Product":[],"Recipe":[],"Service":[],"SoftwareApplication":[],"WebPage":[]},"graphName":"WebPage","isEnabled":true},"graphs":[]},"schema_type":"default","schema_type_options":null,"pillar_content":false,"robots_default":true,"robots_noindex":false,"robots_noarchive":false,"robots_nosnippet":false,"robots_nofollow":false,"robots_noimageindex":false,"robots_noodp":false,"robots_notranslate":false,"robots_max_snippet":"-1","robots_max_videopreview":"-1","robots_max_imagepreview":"large","priority":null,"frequency":"default","local_seo":null,"limit_modified_date":false,"open_ai":{"title":{"suggestions":[],"usage":0},"description":{"suggestions":[],"usage":0}},"created":"2022-02-09 02:39:01","updated":"2025-02-02 09:30:15"},"_links":{"self":[{"href":"https:\/\/www.agilelabs.co.za\/it\/wp-json\/wp\/v2\/pages\/12054","targetHints":{"allow":["GET"]}}],"collection":[{"href":"https:\/\/www.agilelabs.co.za\/it\/wp-json\/wp\/v2\/pages"}],"about":[{"href":"https:\/\/www.agilelabs.co.za\/it\/wp-json\/wp\/v2\/types\/page"}],"author":[{"embeddable":true,"href":"https:\/\/www.agilelabs.co.za\/it\/wp-json\/wp\/v2\/users\/1"}],"replies":[{"embeddable":true,"href":"https:\/\/www.agilelabs.co.za\/it\/wp-json\/wp\/v2\/comments?post=12054"}],"version-history":[{"count":0,"href":"https:\/\/www.agilelabs.co.za\/it\/wp-json\/wp\/v2\/pages\/12054\/revisions"}],"wp:attachment":[{"href":"https:\/\/www.agilelabs.co.za\/it\/wp-json\/wp\/v2\/media?parent=12054"}],"wp:term":[{"taxonomy":"category","embeddable":true,"href":"https:\/\/www.agilelabs.co.za\/it\/wp-json\/wp\/v2\/categories?post=12054"},{"taxonomy":"post_tag","embeddable":true,"href":"https:\/\/www.agilelabs.co.za\/it\/wp-json\/wp\/v2\/tags?post=12054"}],"curies":[{"name":"wp","href":"https:\/\/api.w.org\/{rel}","templated":true}]}}