{"id":12051,"date":"2021-09-23T05:55:23","date_gmt":"2021-09-23T03:55:23","guid":{"rendered":"https:\/\/www.agilelabs.co.za\/?page_id=12051"},"modified":"2021-09-23T15:23:55","modified_gmt":"2021-09-23T13:23:55","slug":"feature-benefits-for-the-petrochemical-industry","status":"publish","type":"page","link":"https:\/\/www.agilelabs.co.za\/it\/feature-benefits-for-the-petrochemical-industry\/","title":{"rendered":"Industria petrolchimica"},"content":{"rendered":"<div class=\"wp-block-image\"><figure class=\"aligncenter size-full is-resized\"><img decoding=\"async\" src=\"https:\/\/www.agilelabs.co.za\/wp-content\/uploads\/2021\/09\/PetroChemical.png\" alt=\"\" class=\"wp-image-12052\" width=\"731\" height=\"470\"\/><\/figure><\/div>\n\n\n\n<ul class=\"wp-block-list\"><li>ProCalV5 \u00e8 un sistema completo e senza carta di gestione delle risorse di calibrazione e manutenzione progettato per garantire la conformit\u00e0 normativa e ridurre i costi operativi per gli impianti di produzione chimica.<\/li><li>ProCalV5 \u00e8 sviluppato in base a rigorose pratiche di qualit\u00e0 che vengono regolarmente verificate e approvate dalle principali societ\u00e0 di controllo dei processi.<\/li><li>Siamo in grado di fornire piani di progetto e tutta la documentazione e i servizi necessari che potrebbero essere necessari per assistere con il tuo sito singolo, pi\u00f9 siti o implementazione aziendale.<\/li><li>ProCalV5 \u00e8 stato il primo software di gestione della calibrazione conforme a 21 CFR Part 11 del settore.<\/li><li>La nostra tecnologia Mobile Workstation (non necessita di connessione web o wi-fi) consente l&#039;utilizzo di laptop o tablet off-line. Gli utenti hanno accesso a tutte le funzionalit\u00e0 del programma (scarica le SOP, aggiungi nuovi record sul campo, registra e verifica automaticamente i dati di calibrazione accettabili come trovati\/come lasciati, assegnazione di standard di test, stampa di certificati, stampa di adesivi di calibrazione, comunicazione con i calibratori Fluke, eccetera.).<\/li><li>\u00c8 possibile avviare un numero illimitato di account autonomi man mano che si aggiungono le posizioni dei siti.<\/li><li>Tutti gli account possono essere configurati in modo identico o forse alcuni modificati in base ai requisiti locali. Le modifiche possono essere per semplici modifiche o le configurazioni dell&#039;account possono essere completamente uniche. Il modulo Copia azienda fornisce un potente strumento basato su modelli per facilitare l&#039;aggiunta e la configurazione per i nuovi account del sito.<\/li><li>Non ci sono costi aggiuntivi per aggiungere account, gruppi di utenti, utenti o risorse.<\/li><li>La maggior parte delle etichette dei campi del programma pu\u00f2 essere modificata in base alla terminologia desiderata.<\/li><li>\u00c8 possibile aggiungere un numero illimitato di campi caratterizzati definiti dall&#039;utente per accogliere le informazioni e il flusso di lavoro specifici del cliente.<\/li><li>Attualmente, ProCalV5 supporta sei lingue; e c&#039;\u00e8 dell&#039;altro. La selezione della lingua pu\u00f2 essere predefinita a livello dell&#039;intera azienda, dell&#039;account o del singolo utente. Cambiare lingua \u00e8 semplice come selezionarla da un elenco a discesa.<\/li><li>Offriamo una vasta libreria di pacchetti di test di precisione. Sono moduli imbullonati che forniscono un&#039;interfaccia utente personalizzata per includere algoritmi, report, ecc. che sono specifici per vari tipi di risorse, sistemi e apparecchiature che si trovano comunemente nelle strutture di controllo dei processi.<\/li><li>ProCal Explorer fornisce un modo semplice e diretto, in un formato ad albero gerarchico espandibile\/comprimibile, per visualizzare le tue risorse. I messaggi visivi mostrano chiaramente quelli che richiedono attenzione immediata e quelli i cui eventi programmati sono scaduti. Dalla vista \u00e8 possibile avviare direttamente i record anagrafici degli asset. Istantaneamente, le informazioni sulla tua risorsa possono essere ordinate e presentate per Classificazione, Reparto, Frequenza, Tipo di articolo, Posizione, Produttore, Tecnico responsabile, Programma, Lavoro dovuto per dipartimento o Lavoro dovuto per posizione.<\/li><li>Recall, eventi dovuti e molti altri report possono essere lanciati in tutta l&#039;azienda o specifici per account singoli o multipli.<\/li><li>\u00c8 possibile creare associazioni gerarchiche all&#039;interno di ciascun account per sistemi, loop, apparecchiature e strumenti.<\/li><li>\u00c8 possibile creare record separati per gli standard di test di ciascun account. Gli standard di test dei vari fornitori di servizi autorizzati possono essere assegnati per l&#039;uso a singoli account univoci e\/o per la selezione globale da utilizzare su tutti gli account.<\/li><li>Gli standard di prova possono essere controllati per l&#039;uso solo per tipi di strumenti specifici. Il reporting di tracciabilit\u00e0 inversa \u00e8 facile da avviare su tutti gli account cliente.<\/li><li>I record di asset dello strumento principale possono supportare pi\u00f9 gruppi di test per un singolo asset (esempio: per flusso di massa \u2013 frequenza, temperatura e pressione). I gruppi di test possono anche combinare l&#039;uso di pacchetti di test di precisione.<\/li><li>Gli orari possono essere basati sul calendario o sul conteggio dell&#039;utilizzo.<\/li><li>ProCalV5 esegue tutte le funzioni matematiche durante la creazione di record principali. I calcoli possono adattarsi a diverse associazioni di segnali, dichiarazioni di precisione, risoluzioni e combinazioni (input rispetto a output, % di lettura, intervallo, +\/-, manuale, radice lineare\/quadrata, tabelle, ecc.).<\/li><li>\u00c8 possibile stabilire modelli, copiare i record, le funzioni di modifica globale consentono di modificare contemporaneamente gruppi di record.<\/li><li>Nessun errore umano. Il programma verifica, tramite messaggi visivi, le condizioni in o fuori tolleranza al momento dell&#039;immissione dei dati come trovati e lasciati.<\/li><li>Quando i valori dei punti di prova ottimali vengono modificati durante le calibrazioni, il programma calcola automaticamente nuove correlazioni di segnale e limiti di tolleranza accettabili.<\/li><li>Il sistema pu\u00f2 essere configurato per consentire la notifica automatica degli eventi di non conformit\u00e0.<\/li><li>Promemoria, avvisi e avvisi possono essere inviati via e-mail a destinatari designati.<\/li><li>Il sistema fornisce la funzionalit\u00e0 di manutenzione preventiva\/ordine di lavoro\/inventario delle parti.<\/li><li>Il sistema pu\u00f2 gestire il cambio elettronico.<\/li><li>Le firme elettroniche possono essere assegnate per instradamenti paralleli o forzati in modo che corrispondano al flusso di lavoro desiderato.<\/li><li>Non c&#039;\u00e8 limite alla quantit\u00e0 di diversi tipi di politiche di firma elettronica che possono essere stabilite, salvate e allegate a documenti ed eventi.<\/li><li>ProCalV5 ha oltre 90 rapporti standard. Questi report possono essere personalizzati e altri possono essere facilmente aggiunti alle tue specifiche esatte.<\/li><li>Le query avanzate possono essere costruite, denominate e salvate per l&#039;esecuzione futura. I risultati possono essere facilmente esportati in altri formati di file.<\/li><li>Il sistema pu\u00f2 generare certificati di calibrazione e pu\u00f2 stampare automaticamente adesivi di calibrazione.<\/li><li>\u00c8 possibile calibrare pi\u00f9 risorse e accedere contemporaneamente a singoli record.<\/li><li>I lavori in corso possono essere salvati come incompleti.<\/li><li>ProCalV5 offre una compatibilit\u00e0 senza pari con i calibratori di documentazione Fluke.<\/li><li>Non \u00e8 necessario salvare documenti MS Word o PDF: i report vengono creati ad hoc come richiesto.<\/li><li>ProCal eView consente la connessione Web remota per avviare i report richiesti o per inviare automaticamente i report in base a un calendario pianificato via e-mail a destinatari che possono essere indipendenti dai normali utenti del sistema.<\/li><li>ProCal Direct \u00e8 la versione cloud SaaS di ProCalV5. Offre tutte le funzioni sopra elencate e supporta anche l&#039;uso di workstation mobili e calibratori Fluke.<\/li><li>Sono disponibili opzioni di integrazione per la condivisione dei dati con SAP, Oracle, JD Edwards, Maximo, INFOR e altre applicazioni.<\/li><\/ul>","protected":false},"excerpt":{"rendered":"<p>ProCalV5 is a complete, paperless calibration &amp; maintenance asset management system designed to ensure regulatory compliance and reduce operational costs for chemical manufacturing facilities. ProCalV5 is developed under strict quality practices that are routinely audited and approved by major process control companies. We can provide project plans and all necessary documentation and services that may<\/p>\n<p class=\"more-link\"><a href=\"https:\/\/www.agilelabs.co.za\/it\/feature-benefits-for-the-petrochemical-industry\/\" class=\"themebutton\">Per saperne di pi\u00f9<\/a><\/p>","protected":false},"author":1,"featured_media":0,"parent":0,"menu_order":0,"comment_status":"closed","ping_status":"closed","template":"","meta":{"_acf_changed":false,"_monsterinsights_skip_tracking":false,"_monsterinsights_sitenote_active":false,"_monsterinsights_sitenote_note":"","_monsterinsights_sitenote_category":0,"footnotes":""},"categories":[],"tags":[],"class_list":["post-12051","page","type-page","status-publish","hentry"],"acf":[],"aioseo_notices":[],"aioseo_head":"\n\t\t<!-- All in One SEO Pro 4.7.0 - aioseo.com -->\n\t\t<meta name=\"description\" content=\"ProCalV5 is a complete, paperless calibration &amp; maintenance asset management system designed to ensure regulatory compliance and reduce operational costs for chemical manufacturing facilities. ProCalV5 is developed under strict quality practices that are routinely audited and approved by major process control companies. We can provide project plans and all necessary documentation and services that may\" \/>\n\t\t<meta name=\"robots\" content=\"max-image-preview:large\" \/>\n\t\t<meta name=\"google-site-verification\" content=\"Nku-_1g-wtMYqihMzrUWbm5pdgO5gPY2D7l1ya5YPAU\" \/>\n\t\t<meta name=\"msvalidate.01\" content=\"9fc30828a433413eb7b3b5d32174774f\" \/>\n\t\t<meta name=\"yandex-verification\" content=\"c2122235dabe51e3\" \/>\n\t\t<link rel=\"canonical\" href=\"https:\/\/www.agilelabs.co.za\/it\/feature-benefits-for-the-petrochemical-industry\/\" \/>\n\t\t<meta name=\"generator\" content=\"All in One SEO Pro (AIOSEO) 4.7.0\" \/>\n\t\t<meta property=\"og:locale\" content=\"it_IT\" \/>\n\t\t<meta property=\"og:site_name\" content=\"Agile Labs - Industry and laboratory software solutions\" \/>\n\t\t<meta property=\"og:type\" content=\"article\" \/>\n\t\t<meta property=\"og:title\" content=\"Petrochemical industry - Agile Labs\" \/>\n\t\t<meta property=\"og:description\" content=\"ProCalV5 is a complete, paperless calibration &amp; maintenance asset management system designed to ensure regulatory compliance and reduce operational costs for chemical manufacturing facilities. ProCalV5 is developed under strict quality practices that are routinely audited and approved by major process control companies. We can provide project plans and all necessary documentation and services that may\" \/>\n\t\t<meta property=\"og:url\" content=\"https:\/\/www.agilelabs.co.za\/it\/feature-benefits-for-the-petrochemical-industry\/\" \/>\n\t\t<meta property=\"og:image\" content=\"https:\/\/www.agilelabs.co.za\/wp-content\/uploads\/2021\/08\/TwitterLogo.png?wsr\" \/>\n\t\t<meta property=\"og:image:secure_url\" content=\"https:\/\/www.agilelabs.co.za\/wp-content\/uploads\/2021\/08\/TwitterLogo.png?wsr\" \/>\n\t\t<meta property=\"og:image:width\" content=\"189\" \/>\n\t\t<meta property=\"og:image:height\" content=\"168\" \/>\n\t\t<meta property=\"article:published_time\" content=\"2021-09-23T03:55:23+00:00\" \/>\n\t\t<meta property=\"article:modified_time\" content=\"2021-09-23T13:23:55+00:00\" \/>\n\t\t<meta property=\"article:publisher\" content=\"https:\/\/www.facebook.com\/AgileLabsTeam\" \/>\n\t\t<meta property=\"article:author\" content=\"https:\/\/www.facebook.com\/AgileLabsTeam\" \/>\n\t\t<meta name=\"twitter:card\" content=\"summary\" \/>\n\t\t<meta name=\"twitter:site\" content=\"@InfoAgileLabs\" \/>\n\t\t<meta name=\"twitter:title\" content=\"Petrochemical industry - Agile Labs\" \/>\n\t\t<meta name=\"twitter:description\" content=\"ProCalV5 is a complete, paperless calibration &amp; maintenance asset management system designed to ensure regulatory compliance and reduce operational costs for chemical manufacturing facilities. ProCalV5 is developed under strict quality practices that are routinely audited and approved by major process control companies. We can provide project plans and all necessary documentation and services that may\" \/>\n\t\t<meta name=\"twitter:creator\" content=\"@InfoAgileLabs\" \/>\n\t\t<meta name=\"twitter:image\" content=\"https:\/\/www.agilelabs.co.za\/wp-content\/uploads\/2021\/08\/TwitterLogo.png?wsr\" \/>\n\t\t<script type=\"application\/ld+json\" class=\"aioseo-schema\">\n\t\t\t{\"@context\":\"https:\\\/\\\/schema.org\",\"@graph\":[{\"@type\":\"BreadcrumbList\",\"@id\":\"https:\\\/\\\/www.agilelabs.co.za\\\/it\\\/feature-benefits-for-the-petrochemical-industry\\\/#breadcrumblist\",\"itemListElement\":[{\"@type\":\"ListItem\",\"@id\":\"https:\\\/\\\/www.agilelabs.co.za\\\/it\\\/#listItem\",\"position\":1,\"name\":\"Home\",\"item\":\"https:\\\/\\\/www.agilelabs.co.za\\\/it\\\/\",\"nextItem\":\"https:\\\/\\\/www.agilelabs.co.za\\\/it\\\/feature-benefits-for-the-petrochemical-industry\\\/#listItem\"},{\"@type\":\"ListItem\",\"@id\":\"https:\\\/\\\/www.agilelabs.co.za\\\/it\\\/feature-benefits-for-the-petrochemical-industry\\\/#listItem\",\"position\":2,\"name\":\"Petrochemical industry\",\"previousItem\":\"https:\\\/\\\/www.agilelabs.co.za\\\/it\\\/#listItem\"}]},{\"@type\":\"Organization\",\"@id\":\"https:\\\/\\\/www.agilelabs.co.za\\\/it\\\/#organization\",\"name\":\"Agile Labs\",\"url\":\"https:\\\/\\\/www.agilelabs.co.za\\\/it\\\/\",\"logo\":{\"@type\":\"ImageObject\",\"url\":\"https:\\\/\\\/www.agilelabs.co.za\\\/wp-content\\\/uploads\\\/2021\\\/08\\\/LogoTransparant.gif?wsr\",\"@id\":\"https:\\\/\\\/www.agilelabs.co.za\\\/it\\\/feature-benefits-for-the-petrochemical-industry\\\/#organizationLogo\",\"width\":125,\"height\":113},\"image\":{\"@id\":\"https:\\\/\\\/www.agilelabs.co.za\\\/it\\\/feature-benefits-for-the-petrochemical-industry\\\/#organizationLogo\"},\"sameAs\":[\"https:\\\/\\\/www.facebook.com\\\/AgileLabsTeam\",\"https:\\\/\\\/twitter.com\\\/InfoAgileLabs\"]},{\"@type\":\"WebPage\",\"@id\":\"https:\\\/\\\/www.agilelabs.co.za\\\/it\\\/feature-benefits-for-the-petrochemical-industry\\\/#webpage\",\"url\":\"https:\\\/\\\/www.agilelabs.co.za\\\/it\\\/feature-benefits-for-the-petrochemical-industry\\\/\",\"name\":\"Petrochemical industry - Agile Labs\",\"description\":\"ProCalV5 is a complete, paperless calibration & maintenance asset management system designed to ensure regulatory compliance and reduce operational costs for chemical manufacturing facilities. ProCalV5 is developed under strict quality practices that are routinely audited and approved by major process control companies. We can provide project plans and all necessary documentation and services that may\",\"inLanguage\":\"it-IT\",\"isPartOf\":{\"@id\":\"https:\\\/\\\/www.agilelabs.co.za\\\/it\\\/#website\"},\"breadcrumb\":{\"@id\":\"https:\\\/\\\/www.agilelabs.co.za\\\/it\\\/feature-benefits-for-the-petrochemical-industry\\\/#breadcrumblist\"},\"datePublished\":\"2021-09-23T05:55:23+02:00\",\"dateModified\":\"2021-09-23T15:23:55+02:00\"},{\"@type\":\"WebSite\",\"@id\":\"https:\\\/\\\/www.agilelabs.co.za\\\/it\\\/#website\",\"url\":\"https:\\\/\\\/www.agilelabs.co.za\\\/it\\\/\",\"name\":\"Agile Labs\",\"description\":\"Industry and laboratory software solutions\",\"inLanguage\":\"it-IT\",\"publisher\":{\"@id\":\"https:\\\/\\\/www.agilelabs.co.za\\\/it\\\/#organization\"}}]}\n\t\t<\/script>\n\t\t<script type=\"text\/javascript\">\n\t\t\t(function(c,l,a,r,i,t,y){\n\t\t\tc[a]=c[a]||function(){(c[a].q=c[a].q||[]).push(arguments)};t=l.createElement(r);t.async=1;\n\t\t\tt.src=\"https:\/\/www.clarity.ms\/tag\/\"+i+\"?ref=aioseo\";y=l.getElementsByTagName(r)[0];y.parentNode.insertBefore(t,y);\n\t\t})(window, document, \"clarity\", \"script\", \"b88vlc75di\");\n\t\t<\/script>\n\t\t<!-- All in One SEO Pro -->\r\n\t\t<title>Petrochemical industry - Agile Labs<\/title>\n\n","aioseo_head_json":{"title":"Petrochemical industry - Agile Labs","description":"ProCalV5 is a complete, paperless calibration & maintenance asset management system designed to ensure regulatory compliance and reduce operational costs for chemical manufacturing facilities. ProCalV5 is developed under strict quality practices that are routinely audited and approved by major process control companies. We can provide project plans and all necessary documentation and services that may","canonical_url":"https:\/\/www.agilelabs.co.za\/it\/feature-benefits-for-the-petrochemical-industry\/","robots":"max-image-preview:large","keywords":"","webmasterTools":{"google-site-verification":"Nku-_1g-wtMYqihMzrUWbm5pdgO5gPY2D7l1ya5YPAU","msvalidate.01":"9fc30828a433413eb7b3b5d32174774f","yandex-verification":"c2122235dabe51e3","miscellaneous":""},"og:locale":"it_IT","og:site_name":"Agile Labs - Industry and laboratory software solutions","og:type":"article","og:title":"Petrochemical industry - Agile Labs","og:description":"ProCalV5 is a complete, paperless calibration &amp; maintenance asset management system designed to ensure regulatory compliance and reduce operational costs for chemical manufacturing facilities. ProCalV5 is developed under strict quality practices that are routinely audited and approved by major process control companies. We can provide project plans and all necessary documentation and services that may","og:url":"https:\/\/www.agilelabs.co.za\/it\/feature-benefits-for-the-petrochemical-industry\/","og:image":"https:\/\/www.agilelabs.co.za\/wp-content\/uploads\/2021\/08\/TwitterLogo.png?wsr","og:image:secure_url":"https:\/\/www.agilelabs.co.za\/wp-content\/uploads\/2021\/08\/TwitterLogo.png?wsr","og:image:width":189,"og:image:height":168,"article:published_time":"2021-09-23T03:55:23+00:00","article:modified_time":"2021-09-23T13:23:55+00:00","article:publisher":"https:\/\/www.facebook.com\/AgileLabsTeam","article:author":"https:\/\/www.facebook.com\/AgileLabsTeam","twitter:card":"summary","twitter:site":"@InfoAgileLabs","twitter:title":"Petrochemical industry - Agile Labs","twitter:description":"ProCalV5 is a complete, paperless calibration &amp; maintenance asset management system designed to ensure regulatory compliance and reduce operational costs for chemical manufacturing facilities. ProCalV5 is developed under strict quality practices that are routinely audited and approved by major process control companies. We can provide project plans and all necessary documentation and services that may","twitter:creator":"@InfoAgileLabs","twitter:image":"https:\/\/www.agilelabs.co.za\/wp-content\/uploads\/2021\/08\/TwitterLogo.png?wsr","schema":{"@context":"https:\/\/schema.org","@graph":[{"@type":"BreadcrumbList","@id":"https:\/\/www.agilelabs.co.za\/it\/feature-benefits-for-the-petrochemical-industry\/#breadcrumblist","itemListElement":[{"@type":"ListItem","@id":"https:\/\/www.agilelabs.co.za\/it\/#listItem","position":1,"name":"Home","item":"https:\/\/www.agilelabs.co.za\/it\/","nextItem":"https:\/\/www.agilelabs.co.za\/it\/feature-benefits-for-the-petrochemical-industry\/#listItem"},{"@type":"ListItem","@id":"https:\/\/www.agilelabs.co.za\/it\/feature-benefits-for-the-petrochemical-industry\/#listItem","position":2,"name":"Petrochemical industry","previousItem":"https:\/\/www.agilelabs.co.za\/it\/#listItem"}]},{"@type":"Organization","@id":"https:\/\/www.agilelabs.co.za\/it\/#organization","name":"Agile Labs","url":"https:\/\/www.agilelabs.co.za\/it\/","logo":{"@type":"ImageObject","url":"https:\/\/www.agilelabs.co.za\/wp-content\/uploads\/2021\/08\/LogoTransparant.gif?wsr","@id":"https:\/\/www.agilelabs.co.za\/it\/feature-benefits-for-the-petrochemical-industry\/#organizationLogo","width":125,"height":113},"image":{"@id":"https:\/\/www.agilelabs.co.za\/it\/feature-benefits-for-the-petrochemical-industry\/#organizationLogo"},"sameAs":["https:\/\/www.facebook.com\/AgileLabsTeam","https:\/\/twitter.com\/InfoAgileLabs"]},{"@type":"WebPage","@id":"https:\/\/www.agilelabs.co.za\/it\/feature-benefits-for-the-petrochemical-industry\/#webpage","url":"https:\/\/www.agilelabs.co.za\/it\/feature-benefits-for-the-petrochemical-industry\/","name":"Petrochemical industry - Agile Labs","description":"ProCalV5 is a complete, paperless calibration & maintenance asset management system designed to ensure regulatory compliance and reduce operational costs for chemical manufacturing facilities. ProCalV5 is developed under strict quality practices that are routinely audited and approved by major process control companies. We can provide project plans and all necessary documentation and services that may","inLanguage":"it-IT","isPartOf":{"@id":"https:\/\/www.agilelabs.co.za\/it\/#website"},"breadcrumb":{"@id":"https:\/\/www.agilelabs.co.za\/it\/feature-benefits-for-the-petrochemical-industry\/#breadcrumblist"},"datePublished":"2021-09-23T05:55:23+02:00","dateModified":"2021-09-23T15:23:55+02:00"},{"@type":"WebSite","@id":"https:\/\/www.agilelabs.co.za\/it\/#website","url":"https:\/\/www.agilelabs.co.za\/it\/","name":"Agile Labs","description":"Industry and laboratory software solutions","inLanguage":"it-IT","publisher":{"@id":"https:\/\/www.agilelabs.co.za\/it\/#organization"}}]}},"aioseo_meta_data":{"post_id":"12051","title":null,"description":null,"keywords":null,"keyphrases":null,"primary_term":null,"canonical_url":null,"og_title":null,"og_description":null,"og_object_type":"default","og_image_type":"default","og_image_url":null,"og_image_width":null,"og_image_height":null,"og_image_custom_url":null,"og_image_custom_fields":null,"og_video":null,"og_custom_url":null,"og_article_section":null,"og_article_tags":null,"twitter_use_og":false,"twitter_card":"default","twitter_image_type":"default","twitter_image_url":null,"twitter_image_custom_url":null,"twitter_image_custom_fields":null,"twitter_title":null,"twitter_description":null,"schema":{"blockGraphs":[],"customGraphs":[],"default":{"data":{"Article":[],"Course":[],"Dataset":[],"FAQPage":[],"Movie":[],"Person":[],"Product":[],"Recipe":[],"Service":[],"SoftwareApplication":[],"WebPage":[]},"graphName":"","isEnabled":true},"graphs":[]},"schema_type":"default","schema_type_options":null,"pillar_content":false,"robots_default":true,"robots_noindex":false,"robots_noarchive":false,"robots_nosnippet":false,"robots_nofollow":false,"robots_noimageindex":false,"robots_noodp":false,"robots_notranslate":false,"robots_max_snippet":null,"robots_max_videopreview":null,"robots_max_imagepreview":"large","priority":null,"frequency":null,"local_seo":null,"limit_modified_date":false,"open_ai":null,"created":"2022-02-09 02:39:01","updated":"2022-09-13 21:08:59"},"_links":{"self":[{"href":"https:\/\/www.agilelabs.co.za\/it\/wp-json\/wp\/v2\/pages\/12051","targetHints":{"allow":["GET"]}}],"collection":[{"href":"https:\/\/www.agilelabs.co.za\/it\/wp-json\/wp\/v2\/pages"}],"about":[{"href":"https:\/\/www.agilelabs.co.za\/it\/wp-json\/wp\/v2\/types\/page"}],"author":[{"embeddable":true,"href":"https:\/\/www.agilelabs.co.za\/it\/wp-json\/wp\/v2\/users\/1"}],"replies":[{"embeddable":true,"href":"https:\/\/www.agilelabs.co.za\/it\/wp-json\/wp\/v2\/comments?post=12051"}],"version-history":[{"count":0,"href":"https:\/\/www.agilelabs.co.za\/it\/wp-json\/wp\/v2\/pages\/12051\/revisions"}],"wp:attachment":[{"href":"https:\/\/www.agilelabs.co.za\/it\/wp-json\/wp\/v2\/media?parent=12051"}],"wp:term":[{"taxonomy":"category","embeddable":true,"href":"https:\/\/www.agilelabs.co.za\/it\/wp-json\/wp\/v2\/categories?post=12051"},{"taxonomy":"post_tag","embeddable":true,"href":"https:\/\/www.agilelabs.co.za\/it\/wp-json\/wp\/v2\/tags?post=12051"}],"curies":[{"name":"wp","href":"https:\/\/api.w.org\/{rel}","templated":true}]}}