{"id":11599,"date":"2021-08-20T04:08:20","date_gmt":"2021-08-20T02:08:20","guid":{"rendered":"https:\/\/www.agilelabs.co.za\/?page_id=11493"},"modified":"2021-08-20T04:08:20","modified_gmt":"2021-08-20T02:08:20","slug":"field-calibrator-utility","status":"publish","type":"page","link":"https:\/\/www.agilelabs.co.za\/it\/field-calibrator-utility\/","title":{"rendered":"Utilit\u00e0 del calibratore da campo"},"content":{"rendered":"<p><strong>Utilit\u00e0 del calibratore di campo e calibratori di documentazione<\/strong><\/p>\n\n\n\n<p><\/p>\n\n\n\n<p>Aumenta la produttivit\u00e0 con calibrazioni completamente senza carta<\/p>\n\n\n\n<p><\/p>\n\n\n\n<p>Il software ProCalV5 con Fluke Documenting Process Calibrators offre la soluzione di calibrazione completamente automatizzata, competitiva e senza carta &quot;Best of Breed&quot; che migliorer\u00e0 la produttivit\u00e0 di 50% o pi\u00f9 rispetto a pratiche antiquate ad alta intensit\u00e0 di carta. Per il tecnico monoutente fino ai manager di livello aziendale, questo sistema completo elimina gli errori umani sia sul campo che durante la successiva revisione della qualit\u00e0.<\/p>\n\n\n\n<p>Utilizzando un Documenting Field Calibrator, come un Fluke 754, si assicura la qualit\u00e0 dei risultati di calibrazione e che non vi siano errori causati dalla scrittura a mano dei risultati. Per garantire che i risultati vengano trasferiti al database principale, l&#039;utilit\u00e0 Field Calibrator carica e scarica automaticamente tutti i dati necessari per completare le procedure di calibrazione in atto in modo uniforme.<\/p>\n\n\n\n<p><strong>Vantaggi dell&#039;utilizzo di Field Calibrator Utility e ProCalV5<\/strong><\/p>\n\n\n\n<figure class=\"wp-block-table alignleft\"><table><tbody><tr><td class=\"has-text-align-left\" data-align=\"left\"><strong>Fluke con ProCalV5<\/strong><\/td><td class=\"has-text-align-left\" data-align=\"left\"><strong>La maggior parte degli altri software compatibili con DPC<\/strong><\/td><\/tr><tr><td class=\"has-text-align-left\" data-align=\"left\">Possibilit\u00e0 di caricare risultati ad-hoc salvati dal tasto funzione &quot;As Found&quot; su qualsiasi tag nel sistema.<\/td><td class=\"has-text-align-left\" data-align=\"left\">Gli utenti devono scaricare le attivit\u00e0 prima dei risultati ad hoc.<\/td><\/tr><tr><td class=\"has-text-align-left\" data-align=\"left\">Durante il download delle attivit\u00e0, l&#039;utente \u00e8 in grado di definire prompt specifici sul calibratore per campi quali ore uomo, tipo di calibrazione, motivo del guasto, temperatura e umidit\u00e0. I dati vengono salvati automaticamente durante il caricamento.<\/td><td class=\"has-text-align-left\" data-align=\"left\">L&#039;utente deve sempre inserire dati extra nel sistema dopo il caricamento.<\/td><\/tr><tr><td class=\"has-text-align-left\" data-align=\"left\">Possibilit\u00e0 di caricare i dati registrati.<\/td><td class=\"has-text-align-left\" data-align=\"left\">Non disponibile.<\/td><\/tr><tr><td class=\"has-text-align-left\" data-align=\"left\">Possibilit\u00e0 di scaricare le calibrazioni manuali Pass\/Fail sul calibratore per l&#039;immissione dello stato pass\/fail nel campo.<\/td><td class=\"has-text-align-left\" data-align=\"left\">Sono disponibili solo test switch e analogici\/proporzionali.<\/td><\/tr><tr><td class=\"has-text-align-left\" data-align=\"left\">Possibilit\u00e0 di configurare unit\u00e0 personalizzate utilizzando un&#039;unit\u00e0 di base e un intervallo per visualizzare un&#039;unit\u00e0 diversa.<\/td><td class=\"has-text-align-left\" data-align=\"left\">Non disponibile.<\/td><\/tr><tr><td class=\"has-text-align-left\" data-align=\"left\">Possibilit\u00e0 di utilizzare il tipo di visualizzazione % della bilancia per la misurazione e\/o la sorgente nelle attivit\u00e0 di download<\/td><td class=\"has-text-align-left\" data-align=\"left\">Non disponibile.<\/td><\/tr><tr><td class=\"has-text-align-left\" data-align=\"left\">Consente di visualizzare il testo della procedura SOP associato come un messaggio di configurazione o di conclusione su pi\u00f9 pagine.<\/td><td class=\"has-text-align-left\" data-align=\"left\">Nessuna visualizzazione del documento SOP affiancata, i prompt sono limitati a una schermata alla volta.<\/td><\/tr><tr><td class=\"has-text-align-left\" data-align=\"left\">Offre una modalit\u00e0 PV digitale per trasmettitori HART<\/td><td class=\"has-text-align-left\" data-align=\"left\">Non disponibile.<\/td><\/tr><tr><td class=\"has-text-align-left\" data-align=\"left\">Consente all&#039;utente di selezionare facilmente tra la sorgente di corrente (&quot;Source mA&quot;) e la Current Sink (&quot;Simula trasmettitore&quot;) su qualsiasi tag dello strumento da scaricare.<\/td><td class=\"has-text-align-left\" data-align=\"left\">L&#039;uso della modalit\u00e0 Simula trasmettitore richiede una soluzione di configurazione nella maggior parte dei casi.<\/td><\/tr><\/tbody><\/table><\/figure>\n\n\n\n<div class=\"wp-block-image\"><figure class=\"aligncenter size-full\"><img decoding=\"async\" src=\"https:\/\/www.agilelabs.co.za\/wp-content\/uploads\/2021\/08\/MonitorsAndFlukeReportsandMasterRecord.jpg\" alt=\"\" class=\"wp-image-11429\"\/><\/figure><\/div>","protected":false},"excerpt":{"rendered":"<p>Field Calibrator Utility &amp; Documenting Calibrators Boost Productivity with Fully Paperless Calibrations ProCalV5 software with Fluke Documenting Process Calibrators offers the \u201cBest of Breed\u201d fully-automated, cost competitive, paperless calibration solution that will improve productivity by 50% or more over antiquated paper intensive practices. For the single-user technician up to enterprise level managers, this comprehensive system<\/p>\n<p class=\"more-link\"><a href=\"https:\/\/www.agilelabs.co.za\/it\/field-calibrator-utility\/\" class=\"themebutton\">Per saperne di pi\u00f9<\/a><\/p>","protected":false},"author":1,"featured_media":0,"parent":0,"menu_order":0,"comment_status":"closed","ping_status":"closed","template":"","meta":{"_acf_changed":false,"_monsterinsights_skip_tracking":false,"_monsterinsights_sitenote_active":false,"_monsterinsights_sitenote_note":"","_monsterinsights_sitenote_category":0,"footnotes":""},"categories":[],"tags":[],"class_list":["post-11599","page","type-page","status-publish","hentry"],"acf":[],"aioseo_notices":[],"aioseo_head":"\n\t\t<!-- All in One SEO Pro 4.7.0 - aioseo.com -->\n\t\t<meta name=\"description\" content=\"Field Calibrator Utility &amp; Documenting Calibrators Boost Productivity with Fully Paperless Calibrations ProCalV5 software with Fluke Documenting Process Calibrators offers the \u201cBest of Breed\u201d fully-automated, cost competitive, paperless calibration solution that will improve productivity by 50% or more over antiquated paper intensive practices. For the single-user technician up to enterprise level managers, this comprehensive system\" \/>\n\t\t<meta name=\"robots\" content=\"max-image-preview:large\" \/>\n\t\t<meta name=\"google-site-verification\" content=\"Nku-_1g-wtMYqihMzrUWbm5pdgO5gPY2D7l1ya5YPAU\" \/>\n\t\t<meta name=\"msvalidate.01\" content=\"9fc30828a433413eb7b3b5d32174774f\" \/>\n\t\t<meta name=\"yandex-verification\" content=\"c2122235dabe51e3\" \/>\n\t\t<link rel=\"canonical\" href=\"https:\/\/www.agilelabs.co.za\/it\/field-calibrator-utility\/\" \/>\n\t\t<meta name=\"generator\" content=\"All in One SEO Pro (AIOSEO) 4.7.0\" \/>\n\t\t<meta property=\"og:locale\" content=\"it_IT\" \/>\n\t\t<meta property=\"og:site_name\" content=\"Agile Labs - Industry and laboratory software solutions\" \/>\n\t\t<meta property=\"og:type\" content=\"article\" \/>\n\t\t<meta property=\"og:title\" content=\"Field Calibrator Utility - Agile Labs\" \/>\n\t\t<meta property=\"og:description\" content=\"Field Calibrator Utility &amp; Documenting Calibrators Boost Productivity with Fully Paperless Calibrations ProCalV5 software with Fluke Documenting Process Calibrators offers the \u201cBest of Breed\u201d fully-automated, cost competitive, paperless calibration solution that will improve productivity by 50% or more over antiquated paper intensive practices. For the single-user technician up to enterprise level managers, this comprehensive system\" \/>\n\t\t<meta property=\"og:url\" content=\"https:\/\/www.agilelabs.co.za\/it\/field-calibrator-utility\/\" \/>\n\t\t<meta property=\"og:image\" content=\"https:\/\/www.agilelabs.co.za\/wp-content\/uploads\/2021\/08\/TwitterLogo.png?wsr\" \/>\n\t\t<meta property=\"og:image:secure_url\" content=\"https:\/\/www.agilelabs.co.za\/wp-content\/uploads\/2021\/08\/TwitterLogo.png?wsr\" \/>\n\t\t<meta property=\"og:image:width\" content=\"189\" \/>\n\t\t<meta property=\"og:image:height\" content=\"168\" \/>\n\t\t<meta property=\"article:published_time\" content=\"2021-08-20T02:08:20+00:00\" \/>\n\t\t<meta property=\"article:modified_time\" content=\"2021-08-20T02:08:20+00:00\" \/>\n\t\t<meta property=\"article:publisher\" content=\"https:\/\/www.facebook.com\/AgileLabsTeam\" \/>\n\t\t<meta property=\"article:author\" content=\"https:\/\/www.facebook.com\/AgileLabsTeam\" \/>\n\t\t<meta name=\"twitter:card\" content=\"summary\" \/>\n\t\t<meta name=\"twitter:site\" content=\"@InfoAgileLabs\" \/>\n\t\t<meta name=\"twitter:title\" content=\"Field Calibrator Utility - Agile Labs\" \/>\n\t\t<meta name=\"twitter:description\" content=\"Field Calibrator Utility &amp; Documenting Calibrators Boost Productivity with Fully Paperless Calibrations ProCalV5 software with Fluke Documenting Process Calibrators offers the \u201cBest of Breed\u201d fully-automated, cost competitive, paperless calibration solution that will improve productivity by 50% or more over antiquated paper intensive practices. For the single-user technician up to enterprise level managers, this comprehensive system\" \/>\n\t\t<meta name=\"twitter:creator\" content=\"@InfoAgileLabs\" \/>\n\t\t<meta name=\"twitter:image\" content=\"https:\/\/www.agilelabs.co.za\/wp-content\/uploads\/2021\/08\/TwitterLogo.png?wsr\" \/>\n\t\t<script type=\"application\/ld+json\" class=\"aioseo-schema\">\n\t\t\t{\"@context\":\"https:\\\/\\\/schema.org\",\"@graph\":[{\"@type\":\"BreadcrumbList\",\"@id\":\"https:\\\/\\\/www.agilelabs.co.za\\\/it\\\/field-calibrator-utility\\\/#breadcrumblist\",\"itemListElement\":[{\"@type\":\"ListItem\",\"@id\":\"https:\\\/\\\/www.agilelabs.co.za\\\/it\\\/#listItem\",\"position\":1,\"name\":\"Home\",\"item\":\"https:\\\/\\\/www.agilelabs.co.za\\\/it\\\/\",\"nextItem\":\"https:\\\/\\\/www.agilelabs.co.za\\\/it\\\/field-calibrator-utility\\\/#listItem\"},{\"@type\":\"ListItem\",\"@id\":\"https:\\\/\\\/www.agilelabs.co.za\\\/it\\\/field-calibrator-utility\\\/#listItem\",\"position\":2,\"name\":\"Field Calibrator Utility\",\"previousItem\":\"https:\\\/\\\/www.agilelabs.co.za\\\/it\\\/#listItem\"}]},{\"@type\":\"Organization\",\"@id\":\"https:\\\/\\\/www.agilelabs.co.za\\\/it\\\/#organization\",\"name\":\"Agile Labs\",\"url\":\"https:\\\/\\\/www.agilelabs.co.za\\\/it\\\/\",\"logo\":{\"@type\":\"ImageObject\",\"url\":\"https:\\\/\\\/www.agilelabs.co.za\\\/wp-content\\\/uploads\\\/2021\\\/08\\\/LogoTransparant.gif?wsr\",\"@id\":\"https:\\\/\\\/www.agilelabs.co.za\\\/it\\\/field-calibrator-utility\\\/#organizationLogo\",\"width\":125,\"height\":113},\"image\":{\"@id\":\"https:\\\/\\\/www.agilelabs.co.za\\\/it\\\/field-calibrator-utility\\\/#organizationLogo\"},\"sameAs\":[\"https:\\\/\\\/www.facebook.com\\\/AgileLabsTeam\",\"https:\\\/\\\/twitter.com\\\/InfoAgileLabs\"]},{\"@type\":\"WebPage\",\"@id\":\"https:\\\/\\\/www.agilelabs.co.za\\\/it\\\/field-calibrator-utility\\\/#webpage\",\"url\":\"https:\\\/\\\/www.agilelabs.co.za\\\/it\\\/field-calibrator-utility\\\/\",\"name\":\"Field Calibrator Utility - Agile Labs\",\"description\":\"Field Calibrator Utility & Documenting Calibrators Boost Productivity with Fully Paperless Calibrations ProCalV5 software with Fluke Documenting Process Calibrators offers the \\u201cBest of Breed\\u201d fully-automated, cost competitive, paperless calibration solution that will improve productivity by 50% or more over antiquated paper intensive practices. For the single-user technician up to enterprise level managers, this comprehensive system\",\"inLanguage\":\"it-IT\",\"isPartOf\":{\"@id\":\"https:\\\/\\\/www.agilelabs.co.za\\\/it\\\/#website\"},\"breadcrumb\":{\"@id\":\"https:\\\/\\\/www.agilelabs.co.za\\\/it\\\/field-calibrator-utility\\\/#breadcrumblist\"},\"datePublished\":\"2021-08-20T04:08:20+02:00\",\"dateModified\":\"2021-08-20T04:08:20+02:00\"},{\"@type\":\"WebSite\",\"@id\":\"https:\\\/\\\/www.agilelabs.co.za\\\/it\\\/#website\",\"url\":\"https:\\\/\\\/www.agilelabs.co.za\\\/it\\\/\",\"name\":\"Agile Labs\",\"description\":\"Industry and laboratory software solutions\",\"inLanguage\":\"it-IT\",\"publisher\":{\"@id\":\"https:\\\/\\\/www.agilelabs.co.za\\\/it\\\/#organization\"}}]}\n\t\t<\/script>\n\t\t<script type=\"text\/javascript\">\n\t\t\t(function(c,l,a,r,i,t,y){\n\t\t\tc[a]=c[a]||function(){(c[a].q=c[a].q||[]).push(arguments)};t=l.createElement(r);t.async=1;\n\t\t\tt.src=\"https:\/\/www.clarity.ms\/tag\/\"+i+\"?ref=aioseo\";y=l.getElementsByTagName(r)[0];y.parentNode.insertBefore(t,y);\n\t\t})(window, document, \"clarity\", \"script\", \"b88vlc75di\");\n\t\t<\/script>\n\t\t<!-- All in One SEO Pro -->\r\n\t\t<title>Field Calibrator Utility - Agile Labs<\/title>\n\n","aioseo_head_json":{"title":"Field Calibrator Utility - Agile Labs","description":"Field Calibrator Utility & Documenting Calibrators Boost Productivity with Fully Paperless Calibrations ProCalV5 software with Fluke Documenting Process Calibrators offers the \u201cBest of Breed\u201d fully-automated, cost competitive, paperless calibration solution that will improve productivity by 50% or more over antiquated paper intensive practices. For the single-user technician up to enterprise level managers, this comprehensive system","canonical_url":"https:\/\/www.agilelabs.co.za\/it\/field-calibrator-utility\/","robots":"max-image-preview:large","keywords":"","webmasterTools":{"google-site-verification":"Nku-_1g-wtMYqihMzrUWbm5pdgO5gPY2D7l1ya5YPAU","msvalidate.01":"9fc30828a433413eb7b3b5d32174774f","yandex-verification":"c2122235dabe51e3","miscellaneous":""},"og:locale":"it_IT","og:site_name":"Agile Labs - Industry and laboratory software solutions","og:type":"article","og:title":"Field Calibrator Utility - Agile Labs","og:description":"Field Calibrator Utility &amp; Documenting Calibrators Boost Productivity with Fully Paperless Calibrations ProCalV5 software with Fluke Documenting Process Calibrators offers the \u201cBest of Breed\u201d fully-automated, cost competitive, paperless calibration solution that will improve productivity by 50% or more over antiquated paper intensive practices. For the single-user technician up to enterprise level managers, this comprehensive system","og:url":"https:\/\/www.agilelabs.co.za\/it\/field-calibrator-utility\/","og:image":"https:\/\/www.agilelabs.co.za\/wp-content\/uploads\/2021\/08\/TwitterLogo.png?wsr","og:image:secure_url":"https:\/\/www.agilelabs.co.za\/wp-content\/uploads\/2021\/08\/TwitterLogo.png?wsr","og:image:width":189,"og:image:height":168,"article:published_time":"2021-08-20T02:08:20+00:00","article:modified_time":"2021-08-20T02:08:20+00:00","article:publisher":"https:\/\/www.facebook.com\/AgileLabsTeam","article:author":"https:\/\/www.facebook.com\/AgileLabsTeam","twitter:card":"summary","twitter:site":"@InfoAgileLabs","twitter:title":"Field Calibrator Utility - Agile Labs","twitter:description":"Field Calibrator Utility &amp; Documenting Calibrators Boost Productivity with Fully Paperless Calibrations ProCalV5 software with Fluke Documenting Process Calibrators offers the \u201cBest of Breed\u201d fully-automated, cost competitive, paperless calibration solution that will improve productivity by 50% or more over antiquated paper intensive practices. For the single-user technician up to enterprise level managers, this comprehensive system","twitter:creator":"@InfoAgileLabs","twitter:image":"https:\/\/www.agilelabs.co.za\/wp-content\/uploads\/2021\/08\/TwitterLogo.png?wsr","schema":{"@context":"https:\/\/schema.org","@graph":[{"@type":"BreadcrumbList","@id":"https:\/\/www.agilelabs.co.za\/it\/field-calibrator-utility\/#breadcrumblist","itemListElement":[{"@type":"ListItem","@id":"https:\/\/www.agilelabs.co.za\/it\/#listItem","position":1,"name":"Home","item":"https:\/\/www.agilelabs.co.za\/it\/","nextItem":"https:\/\/www.agilelabs.co.za\/it\/field-calibrator-utility\/#listItem"},{"@type":"ListItem","@id":"https:\/\/www.agilelabs.co.za\/it\/field-calibrator-utility\/#listItem","position":2,"name":"Field Calibrator Utility","previousItem":"https:\/\/www.agilelabs.co.za\/it\/#listItem"}]},{"@type":"Organization","@id":"https:\/\/www.agilelabs.co.za\/it\/#organization","name":"Agile Labs","url":"https:\/\/www.agilelabs.co.za\/it\/","logo":{"@type":"ImageObject","url":"https:\/\/www.agilelabs.co.za\/wp-content\/uploads\/2021\/08\/LogoTransparant.gif?wsr","@id":"https:\/\/www.agilelabs.co.za\/it\/field-calibrator-utility\/#organizationLogo","width":125,"height":113},"image":{"@id":"https:\/\/www.agilelabs.co.za\/it\/field-calibrator-utility\/#organizationLogo"},"sameAs":["https:\/\/www.facebook.com\/AgileLabsTeam","https:\/\/twitter.com\/InfoAgileLabs"]},{"@type":"WebPage","@id":"https:\/\/www.agilelabs.co.za\/it\/field-calibrator-utility\/#webpage","url":"https:\/\/www.agilelabs.co.za\/it\/field-calibrator-utility\/","name":"Field Calibrator Utility - Agile Labs","description":"Field Calibrator Utility & Documenting Calibrators Boost Productivity with Fully Paperless Calibrations ProCalV5 software with Fluke Documenting Process Calibrators offers the \u201cBest of Breed\u201d fully-automated, cost competitive, paperless calibration solution that will improve productivity by 50% or more over antiquated paper intensive practices. For the single-user technician up to enterprise level managers, this comprehensive system","inLanguage":"it-IT","isPartOf":{"@id":"https:\/\/www.agilelabs.co.za\/it\/#website"},"breadcrumb":{"@id":"https:\/\/www.agilelabs.co.za\/it\/field-calibrator-utility\/#breadcrumblist"},"datePublished":"2021-08-20T04:08:20+02:00","dateModified":"2021-08-20T04:08:20+02:00"},{"@type":"WebSite","@id":"https:\/\/www.agilelabs.co.za\/it\/#website","url":"https:\/\/www.agilelabs.co.za\/it\/","name":"Agile Labs","description":"Industry and laboratory software solutions","inLanguage":"it-IT","publisher":{"@id":"https:\/\/www.agilelabs.co.za\/it\/#organization"}}]}},"aioseo_meta_data":{"post_id":"11599","title":null,"description":null,"keywords":null,"keyphrases":null,"primary_term":null,"canonical_url":null,"og_title":null,"og_description":null,"og_object_type":"default","og_image_type":"default","og_image_url":null,"og_image_width":null,"og_image_height":null,"og_image_custom_url":null,"og_image_custom_fields":null,"og_video":null,"og_custom_url":null,"og_article_section":null,"og_article_tags":null,"twitter_use_og":false,"twitter_card":"default","twitter_image_type":"default","twitter_image_url":null,"twitter_image_custom_url":null,"twitter_image_custom_fields":null,"twitter_title":null,"twitter_description":null,"schema":{"blockGraphs":[],"customGraphs":[],"default":{"data":{"Article":[],"Course":[],"Dataset":[],"FAQPage":[],"Movie":[],"Person":[],"Product":[],"Recipe":[],"Service":[],"SoftwareApplication":[],"WebPage":[]},"graphName":"","isEnabled":true},"graphs":[]},"schema_type":"default","schema_type_options":null,"pillar_content":false,"robots_default":true,"robots_noindex":false,"robots_noarchive":false,"robots_nosnippet":false,"robots_nofollow":false,"robots_noimageindex":false,"robots_noodp":false,"robots_notranslate":false,"robots_max_snippet":null,"robots_max_videopreview":null,"robots_max_imagepreview":"large","priority":null,"frequency":null,"local_seo":null,"limit_modified_date":false,"open_ai":null,"created":"2022-02-09 02:39:01","updated":"2022-09-13 21:16:28"},"_links":{"self":[{"href":"https:\/\/www.agilelabs.co.za\/it\/wp-json\/wp\/v2\/pages\/11599","targetHints":{"allow":["GET"]}}],"collection":[{"href":"https:\/\/www.agilelabs.co.za\/it\/wp-json\/wp\/v2\/pages"}],"about":[{"href":"https:\/\/www.agilelabs.co.za\/it\/wp-json\/wp\/v2\/types\/page"}],"author":[{"embeddable":true,"href":"https:\/\/www.agilelabs.co.za\/it\/wp-json\/wp\/v2\/users\/1"}],"replies":[{"embeddable":true,"href":"https:\/\/www.agilelabs.co.za\/it\/wp-json\/wp\/v2\/comments?post=11599"}],"version-history":[{"count":0,"href":"https:\/\/www.agilelabs.co.za\/it\/wp-json\/wp\/v2\/pages\/11599\/revisions"}],"wp:attachment":[{"href":"https:\/\/www.agilelabs.co.za\/it\/wp-json\/wp\/v2\/media?parent=11599"}],"wp:term":[{"taxonomy":"category","embeddable":true,"href":"https:\/\/www.agilelabs.co.za\/it\/wp-json\/wp\/v2\/categories?post=11599"},{"taxonomy":"post_tag","embeddable":true,"href":"https:\/\/www.agilelabs.co.za\/it\/wp-json\/wp\/v2\/tags?post=11599"}],"curies":[{"name":"wp","href":"https:\/\/api.w.org\/{rel}","templated":true}]}}