{"id":11596,"date":"2021-08-20T03:33:50","date_gmt":"2021-08-20T01:33:50","guid":{"rendered":"https:\/\/www.agilelabs.co.za\/?page_id=11476"},"modified":"2021-09-01T15:21:43","modified_gmt":"2021-09-01T13:21:43","slug":"procal-direct","status":"publish","type":"page","link":"https:\/\/www.agilelabs.co.za\/it\/procal-direct\/","title":{"rendered":"ProCal Direct"},"content":{"rendered":"<p><strong>ProCal Direct \u2013 Software di gestione della calibrazione basato su cloud<\/strong><\/p>\n\n\n\n<p><\/p>\n\n\n\n<blockquote class=\"wp-block-quote is-layout-flow wp-block-quote-is-layout-flow\"><p>Offre tutta la potenza e le prestazioni di ProCalV5<\/p><\/blockquote>\n\n\n\n<p>Lascia a noi la gestione dell&#039;implementazione del software, della manutenzione del database, della convalida del server e dell&#039;infrastruttura IT. Con il software di calibrazione ProCal Direct \u00e8 possibile accedere istantaneamente ai dati di calibrazione e manutenzione ospitati professionalmente da qualsiasi luogo tramite una soluzione convalidata basata su cloud.<\/p>\n\n\n\n<div class=\"wp-block-image\"><figure class=\"aligncenter size-full\"><img decoding=\"async\" width=\"350\" height=\"255\" src=\"https:\/\/www.agilelabs.co.za\/wp-content\/uploads\/2021\/08\/Cloudcomputing.jpg\" alt=\"\" class=\"wp-image-11506\" srcset=\"https:\/\/www.agilelabs.co.za\/wp-content\/uploads\/2021\/08\/Cloudcomputing.jpg 350w, https:\/\/www.agilelabs.co.za\/wp-content\/uploads\/2021\/08\/Cloudcomputing-300x219.jpg 300w\" sizes=\"(max-width: 350px) 100vw, 350px\" \/><\/figure><\/div>\n\n\n\n<p><strong>Gestione delle risorse di precisione<\/strong><\/p>\n\n\n\n<p>La maggior parte delle soluzioni di asset management di alto livello (ERP, CMMS, ecc.) mancano dei dettagli necessari per gestire adeguatamente le attivit\u00e0 di calibrazione degli strumenti. La produttivit\u00e0 dell&#039;utente finale \u00e8 in genere compromessa. Il software di calibrazione ProCalV5 offre funzionalit\u00e0 critiche che facilitano la massima efficienza e risultati di alto livello. Guarda i punti salienti di seguito per vedere molte delle caratteristiche\/vantaggi dell&#039;utilizzo del software ProCalv5.<\/p>\n\n\n\n<p><strong>Protezione delle applicazioni mission-critical per un&#039;esperienza sempre attiva<\/strong><\/p>\n\n\n\n<p>I servizi di hosting forniti offrono alta disponibilit\u00e0 e ripristino di emergenza completo. I controlli ridondanti forniscono la replica in tempo reale dei dati per il passaggio immediato. Una combinazione di componenti del sistema di sicurezza fisica e di rete garantisce che i dati siano veramente al sicuro dalle conseguenze di una violazione. Viene aggiunto un ulteriore livello di servizi per prevenire, proteggere, rilevare e mitigare le minacce per soddisfare esigenze di sicurezza specifiche. Inoltre, per i clienti del settore sanitario, i servizi sono conformi ai requisiti e agli standard di sicurezza HIPAA.<\/p>\n\n\n\n<p><\/p>\n\n\n\n<p><strong>Pienamente conforme ai requisiti 21CFR\/Parte 11<\/strong><\/p>\n\n\n\n<p><\/p>\n\n\n\n<p>Primo nel settore con software di calibrazione conforme a 21 CFR Part 11, ProCal Direct segue ProCalV5 come soluzione collaudata nel settore. Le pratiche di sviluppo e convalida della qualit\u00e0 di Prime Technologies sono regolarmente verificate e approvate dalle principali societ\u00e0 di scienze biologiche. Gli script IQ\/OQ e i servizi di convalida sono offerte standard.<\/p>\n\n\n\n<p><\/p>\n\n\n\n<p><strong>Rapporti e analisi potenti<\/strong><\/p>\n\n\n\n<p>Viene fornito con oltre 70 rapporti standard. Con Crystal Reports, questi possono essere modificati dall&#039;utente e possono essere aggiunti nuovi report. Le potenti funzionalit\u00e0 di query avanzate offrono un rapido recupero di dati mirati e ordinati. Una volta costruite, le query avanzate possono essere denominate e salvate per l&#039;esecuzione futura. Sono inoltre disponibili servizi per creare report personalizzati in base alle tue esigenze specifiche. <a href=\"https:\/\/www.agilelabs.co.za\/it\/powerful-reporting-and-analytics-with-procal-software\/\" data-type=\"URL\" data-id=\"https:\/\/www.agilelabs.co.za\/powerful-reporting-and-analytics-with-procal-software\/\"><strong>Fare clic qui per ulteriori informazioni sui rapporti e sui rapporti di esempio<\/strong>.<\/a><\/p>\n\n\n\n<p>Calibrazione senza carta per risparmiare tempo<\/p>\n\n\n\n<p><\/p>\n\n\n\n<div class=\"wp-block-image\"><figure class=\"aligncenter size-full\"><img decoding=\"async\" width=\"546\" height=\"461\" src=\"https:\/\/www.agilelabs.co.za\/wp-content\/uploads\/2021\/08\/ProCalPyramidNotify.png\" alt=\"\" class=\"wp-image-11535\" srcset=\"https:\/\/www.agilelabs.co.za\/wp-content\/uploads\/2021\/08\/ProCalPyramidNotify.png 546w, https:\/\/www.agilelabs.co.za\/wp-content\/uploads\/2021\/08\/ProCalPyramidNotify-350x296.png 350w, https:\/\/www.agilelabs.co.za\/wp-content\/uploads\/2021\/08\/ProCalPyramidNotify-300x253.png 300w\" sizes=\"(max-width: 546px) 100vw, 546px\" \/><\/figure><\/div>","protected":false},"excerpt":{"rendered":"<p>ProCal Direct &#8211; Cloud-Based Calibration Management Software Delivering All the Power and Performance of ProCalV5 Leave the management of software deployment, database maintenance, server validation and IT infrastructure to us. With ProCal Direct calibration software you can instantly access your professionally hosted calibration &amp; maintenance data from anywhere&nbsp;via a validated Cloud-based solution. Precision Asset Management<\/p>\n<p class=\"more-link\"><a href=\"https:\/\/www.agilelabs.co.za\/it\/procal-direct\/\" class=\"themebutton\">Per saperne di pi\u00f9<\/a><\/p>","protected":false},"author":1,"featured_media":0,"parent":0,"menu_order":0,"comment_status":"closed","ping_status":"closed","template":"","meta":{"_acf_changed":false,"_monsterinsights_skip_tracking":false,"_monsterinsights_sitenote_active":false,"_monsterinsights_sitenote_note":"","_monsterinsights_sitenote_category":0,"footnotes":""},"categories":[],"tags":[],"class_list":["post-11596","page","type-page","status-publish","hentry"],"acf":[],"aioseo_notices":[],"aioseo_head":"\n\t\t<!-- All in One SEO Pro 4.7.0 - aioseo.com -->\n\t\t<meta name=\"description\" content=\"ProCal Direct - Cloud-Based Calibration Management Software Delivering All the Power and Performance of ProCalV5 Leave the management of software deployment, database maintenance, server validation and IT infrastructure to us. With ProCal Direct calibration software you can instantly access your professionally hosted calibration &amp; maintenance data from anywhere via a validated Cloud-based solution. Precision Asset Management\" \/>\n\t\t<meta name=\"robots\" content=\"max-image-preview:large\" \/>\n\t\t<meta name=\"google-site-verification\" content=\"Nku-_1g-wtMYqihMzrUWbm5pdgO5gPY2D7l1ya5YPAU\" \/>\n\t\t<meta name=\"msvalidate.01\" content=\"9fc30828a433413eb7b3b5d32174774f\" \/>\n\t\t<meta name=\"yandex-verification\" content=\"c2122235dabe51e3\" \/>\n\t\t<link rel=\"canonical\" href=\"https:\/\/www.agilelabs.co.za\/it\/procal-direct\/\" \/>\n\t\t<meta name=\"generator\" content=\"All in One SEO Pro (AIOSEO) 4.7.0\" \/>\n\t\t<meta property=\"og:locale\" content=\"it_IT\" \/>\n\t\t<meta property=\"og:site_name\" content=\"Agile Labs - Industry and laboratory software solutions\" \/>\n\t\t<meta property=\"og:type\" content=\"article\" \/>\n\t\t<meta property=\"og:title\" content=\"ProCal Direct - Agile Labs\" \/>\n\t\t<meta property=\"og:description\" content=\"ProCal Direct - Cloud-Based Calibration Management Software Delivering All the Power and Performance of ProCalV5 Leave the management of software deployment, database maintenance, server validation and IT infrastructure to us. With ProCal Direct calibration software you can instantly access your professionally hosted calibration &amp; maintenance data from anywhere via a validated Cloud-based solution. Precision Asset Management\" \/>\n\t\t<meta property=\"og:url\" content=\"https:\/\/www.agilelabs.co.za\/it\/procal-direct\/\" \/>\n\t\t<meta property=\"og:image\" content=\"https:\/\/www.agilelabs.co.za\/wp-content\/uploads\/2021\/08\/TwitterLogo.png?wsr\" \/>\n\t\t<meta property=\"og:image:secure_url\" content=\"https:\/\/www.agilelabs.co.za\/wp-content\/uploads\/2021\/08\/TwitterLogo.png?wsr\" \/>\n\t\t<meta property=\"og:image:width\" content=\"189\" \/>\n\t\t<meta property=\"og:image:height\" content=\"168\" \/>\n\t\t<meta property=\"article:published_time\" content=\"2021-08-20T01:33:50+00:00\" \/>\n\t\t<meta property=\"article:modified_time\" content=\"2021-09-01T13:21:43+00:00\" \/>\n\t\t<meta property=\"article:publisher\" content=\"https:\/\/www.facebook.com\/AgileLabsTeam\" \/>\n\t\t<meta property=\"article:author\" content=\"https:\/\/www.facebook.com\/AgileLabsTeam\" \/>\n\t\t<meta name=\"twitter:card\" content=\"summary\" \/>\n\t\t<meta name=\"twitter:site\" content=\"@InfoAgileLabs\" \/>\n\t\t<meta name=\"twitter:title\" content=\"ProCal Direct - Agile Labs\" \/>\n\t\t<meta name=\"twitter:description\" content=\"ProCal Direct - Cloud-Based Calibration Management Software Delivering All the Power and Performance of ProCalV5 Leave the management of software deployment, database maintenance, server validation and IT infrastructure to us. With ProCal Direct calibration software you can instantly access your professionally hosted calibration &amp; maintenance data from anywhere via a validated Cloud-based solution. Precision Asset Management\" \/>\n\t\t<meta name=\"twitter:creator\" content=\"@InfoAgileLabs\" \/>\n\t\t<meta name=\"twitter:image\" content=\"https:\/\/www.agilelabs.co.za\/wp-content\/uploads\/2021\/08\/TwitterLogo.png?wsr\" \/>\n\t\t<script type=\"application\/ld+json\" class=\"aioseo-schema\">\n\t\t\t{\"@context\":\"https:\\\/\\\/schema.org\",\"@graph\":[{\"@type\":\"BreadcrumbList\",\"@id\":\"https:\\\/\\\/www.agilelabs.co.za\\\/it\\\/procal-direct\\\/#breadcrumblist\",\"itemListElement\":[{\"@type\":\"ListItem\",\"@id\":\"https:\\\/\\\/www.agilelabs.co.za\\\/it\\\/#listItem\",\"position\":1,\"name\":\"Home\",\"item\":\"https:\\\/\\\/www.agilelabs.co.za\\\/it\\\/\",\"nextItem\":\"https:\\\/\\\/www.agilelabs.co.za\\\/it\\\/procal-direct\\\/#listItem\"},{\"@type\":\"ListItem\",\"@id\":\"https:\\\/\\\/www.agilelabs.co.za\\\/it\\\/procal-direct\\\/#listItem\",\"position\":2,\"name\":\"ProCal Direct\",\"previousItem\":\"https:\\\/\\\/www.agilelabs.co.za\\\/it\\\/#listItem\"}]},{\"@type\":\"Organization\",\"@id\":\"https:\\\/\\\/www.agilelabs.co.za\\\/it\\\/#organization\",\"name\":\"Agile Labs\",\"url\":\"https:\\\/\\\/www.agilelabs.co.za\\\/it\\\/\",\"logo\":{\"@type\":\"ImageObject\",\"url\":\"https:\\\/\\\/www.agilelabs.co.za\\\/wp-content\\\/uploads\\\/2021\\\/08\\\/LogoTransparant.gif?wsr\",\"@id\":\"https:\\\/\\\/www.agilelabs.co.za\\\/it\\\/procal-direct\\\/#organizationLogo\",\"width\":125,\"height\":113},\"image\":{\"@id\":\"https:\\\/\\\/www.agilelabs.co.za\\\/it\\\/procal-direct\\\/#organizationLogo\"},\"sameAs\":[\"https:\\\/\\\/www.facebook.com\\\/AgileLabsTeam\",\"https:\\\/\\\/twitter.com\\\/InfoAgileLabs\"]},{\"@type\":\"WebPage\",\"@id\":\"https:\\\/\\\/www.agilelabs.co.za\\\/it\\\/procal-direct\\\/#webpage\",\"url\":\"https:\\\/\\\/www.agilelabs.co.za\\\/it\\\/procal-direct\\\/\",\"name\":\"ProCal Direct - Agile Labs\",\"description\":\"ProCal Direct - Cloud-Based Calibration Management Software Delivering All the Power and Performance of ProCalV5 Leave the management of software deployment, database maintenance, server validation and IT infrastructure to us. With ProCal Direct calibration software you can instantly access your professionally hosted calibration & maintenance data from anywhere via a validated Cloud-based solution. Precision Asset Management\",\"inLanguage\":\"it-IT\",\"isPartOf\":{\"@id\":\"https:\\\/\\\/www.agilelabs.co.za\\\/it\\\/#website\"},\"breadcrumb\":{\"@id\":\"https:\\\/\\\/www.agilelabs.co.za\\\/it\\\/procal-direct\\\/#breadcrumblist\"},\"datePublished\":\"2021-08-20T03:33:50+02:00\",\"dateModified\":\"2021-09-01T15:21:43+02:00\"},{\"@type\":\"WebSite\",\"@id\":\"https:\\\/\\\/www.agilelabs.co.za\\\/it\\\/#website\",\"url\":\"https:\\\/\\\/www.agilelabs.co.za\\\/it\\\/\",\"name\":\"Agile Labs\",\"description\":\"Industry and laboratory software solutions\",\"inLanguage\":\"it-IT\",\"publisher\":{\"@id\":\"https:\\\/\\\/www.agilelabs.co.za\\\/it\\\/#organization\"}}]}\n\t\t<\/script>\n\t\t<script type=\"text\/javascript\">\n\t\t\t(function(c,l,a,r,i,t,y){\n\t\t\tc[a]=c[a]||function(){(c[a].q=c[a].q||[]).push(arguments)};t=l.createElement(r);t.async=1;\n\t\t\tt.src=\"https:\/\/www.clarity.ms\/tag\/\"+i+\"?ref=aioseo\";y=l.getElementsByTagName(r)[0];y.parentNode.insertBefore(t,y);\n\t\t})(window, document, \"clarity\", \"script\", \"b88vlc75di\");\n\t\t<\/script>\n\t\t<!-- All in One SEO Pro -->\r\n\t\t<title>ProCal Direct - Agile Labs<\/title>\n\n","aioseo_head_json":{"title":"ProCal Direct - Agile Labs","description":"ProCal Direct - Cloud-Based Calibration Management Software Delivering All the Power and Performance of ProCalV5 Leave the management of software deployment, database maintenance, server validation and IT infrastructure to us. With ProCal Direct calibration software you can instantly access your professionally hosted calibration & maintenance data from anywhere via a validated Cloud-based solution. Precision Asset Management","canonical_url":"https:\/\/www.agilelabs.co.za\/it\/procal-direct\/","robots":"max-image-preview:large","keywords":"","webmasterTools":{"google-site-verification":"Nku-_1g-wtMYqihMzrUWbm5pdgO5gPY2D7l1ya5YPAU","msvalidate.01":"9fc30828a433413eb7b3b5d32174774f","yandex-verification":"c2122235dabe51e3","miscellaneous":""},"og:locale":"it_IT","og:site_name":"Agile Labs - Industry and laboratory software solutions","og:type":"article","og:title":"ProCal Direct - Agile Labs","og:description":"ProCal Direct - Cloud-Based Calibration Management Software Delivering All the Power and Performance of ProCalV5 Leave the management of software deployment, database maintenance, server validation and IT infrastructure to us. With ProCal Direct calibration software you can instantly access your professionally hosted calibration &amp; maintenance data from anywhere via a validated Cloud-based solution. Precision Asset Management","og:url":"https:\/\/www.agilelabs.co.za\/it\/procal-direct\/","og:image":"https:\/\/www.agilelabs.co.za\/wp-content\/uploads\/2021\/08\/TwitterLogo.png?wsr","og:image:secure_url":"https:\/\/www.agilelabs.co.za\/wp-content\/uploads\/2021\/08\/TwitterLogo.png?wsr","og:image:width":189,"og:image:height":168,"article:published_time":"2021-08-20T01:33:50+00:00","article:modified_time":"2021-09-01T13:21:43+00:00","article:publisher":"https:\/\/www.facebook.com\/AgileLabsTeam","article:author":"https:\/\/www.facebook.com\/AgileLabsTeam","twitter:card":"summary","twitter:site":"@InfoAgileLabs","twitter:title":"ProCal Direct - Agile Labs","twitter:description":"ProCal Direct - Cloud-Based Calibration Management Software Delivering All the Power and Performance of ProCalV5 Leave the management of software deployment, database maintenance, server validation and IT infrastructure to us. With ProCal Direct calibration software you can instantly access your professionally hosted calibration &amp; maintenance data from anywhere via a validated Cloud-based solution. Precision Asset Management","twitter:creator":"@InfoAgileLabs","twitter:image":"https:\/\/www.agilelabs.co.za\/wp-content\/uploads\/2021\/08\/TwitterLogo.png?wsr","schema":{"@context":"https:\/\/schema.org","@graph":[{"@type":"BreadcrumbList","@id":"https:\/\/www.agilelabs.co.za\/it\/procal-direct\/#breadcrumblist","itemListElement":[{"@type":"ListItem","@id":"https:\/\/www.agilelabs.co.za\/it\/#listItem","position":1,"name":"Home","item":"https:\/\/www.agilelabs.co.za\/it\/","nextItem":"https:\/\/www.agilelabs.co.za\/it\/procal-direct\/#listItem"},{"@type":"ListItem","@id":"https:\/\/www.agilelabs.co.za\/it\/procal-direct\/#listItem","position":2,"name":"ProCal Direct","previousItem":"https:\/\/www.agilelabs.co.za\/it\/#listItem"}]},{"@type":"Organization","@id":"https:\/\/www.agilelabs.co.za\/it\/#organization","name":"Agile Labs","url":"https:\/\/www.agilelabs.co.za\/it\/","logo":{"@type":"ImageObject","url":"https:\/\/www.agilelabs.co.za\/wp-content\/uploads\/2021\/08\/LogoTransparant.gif?wsr","@id":"https:\/\/www.agilelabs.co.za\/it\/procal-direct\/#organizationLogo","width":125,"height":113},"image":{"@id":"https:\/\/www.agilelabs.co.za\/it\/procal-direct\/#organizationLogo"},"sameAs":["https:\/\/www.facebook.com\/AgileLabsTeam","https:\/\/twitter.com\/InfoAgileLabs"]},{"@type":"WebPage","@id":"https:\/\/www.agilelabs.co.za\/it\/procal-direct\/#webpage","url":"https:\/\/www.agilelabs.co.za\/it\/procal-direct\/","name":"ProCal Direct - Agile Labs","description":"ProCal Direct - Cloud-Based Calibration Management Software Delivering All the Power and Performance of ProCalV5 Leave the management of software deployment, database maintenance, server validation and IT infrastructure to us. With ProCal Direct calibration software you can instantly access your professionally hosted calibration & maintenance data from anywhere via a validated Cloud-based solution. Precision Asset Management","inLanguage":"it-IT","isPartOf":{"@id":"https:\/\/www.agilelabs.co.za\/it\/#website"},"breadcrumb":{"@id":"https:\/\/www.agilelabs.co.za\/it\/procal-direct\/#breadcrumblist"},"datePublished":"2021-08-20T03:33:50+02:00","dateModified":"2021-09-01T15:21:43+02:00"},{"@type":"WebSite","@id":"https:\/\/www.agilelabs.co.za\/it\/#website","url":"https:\/\/www.agilelabs.co.za\/it\/","name":"Agile Labs","description":"Industry and laboratory software solutions","inLanguage":"it-IT","publisher":{"@id":"https:\/\/www.agilelabs.co.za\/it\/#organization"}}]}},"aioseo_meta_data":{"post_id":"11596","title":null,"description":null,"keywords":null,"keyphrases":null,"primary_term":null,"canonical_url":null,"og_title":null,"og_description":null,"og_object_type":"default","og_image_type":"default","og_image_url":null,"og_image_width":null,"og_image_height":null,"og_image_custom_url":null,"og_image_custom_fields":null,"og_video":null,"og_custom_url":null,"og_article_section":null,"og_article_tags":null,"twitter_use_og":false,"twitter_card":"default","twitter_image_type":"default","twitter_image_url":null,"twitter_image_custom_url":null,"twitter_image_custom_fields":null,"twitter_title":null,"twitter_description":null,"schema":{"blockGraphs":[],"customGraphs":[],"default":{"data":{"Article":[],"Course":[],"Dataset":[],"FAQPage":[],"Movie":[],"Person":[],"Product":[],"Recipe":[],"Service":[],"SoftwareApplication":[],"WebPage":[]},"graphName":"","isEnabled":true},"graphs":[]},"schema_type":"default","schema_type_options":null,"pillar_content":false,"robots_default":true,"robots_noindex":false,"robots_noarchive":false,"robots_nosnippet":false,"robots_nofollow":false,"robots_noimageindex":false,"robots_noodp":false,"robots_notranslate":false,"robots_max_snippet":null,"robots_max_videopreview":null,"robots_max_imagepreview":"large","priority":null,"frequency":null,"local_seo":null,"limit_modified_date":false,"open_ai":null,"created":"2022-02-09 02:39:01","updated":"2022-09-13 21:13:06"},"_links":{"self":[{"href":"https:\/\/www.agilelabs.co.za\/it\/wp-json\/wp\/v2\/pages\/11596","targetHints":{"allow":["GET"]}}],"collection":[{"href":"https:\/\/www.agilelabs.co.za\/it\/wp-json\/wp\/v2\/pages"}],"about":[{"href":"https:\/\/www.agilelabs.co.za\/it\/wp-json\/wp\/v2\/types\/page"}],"author":[{"embeddable":true,"href":"https:\/\/www.agilelabs.co.za\/it\/wp-json\/wp\/v2\/users\/1"}],"replies":[{"embeddable":true,"href":"https:\/\/www.agilelabs.co.za\/it\/wp-json\/wp\/v2\/comments?post=11596"}],"version-history":[{"count":0,"href":"https:\/\/www.agilelabs.co.za\/it\/wp-json\/wp\/v2\/pages\/11596\/revisions"}],"wp:attachment":[{"href":"https:\/\/www.agilelabs.co.za\/it\/wp-json\/wp\/v2\/media?parent=11596"}],"wp:term":[{"taxonomy":"category","embeddable":true,"href":"https:\/\/www.agilelabs.co.za\/it\/wp-json\/wp\/v2\/categories?post=11596"},{"taxonomy":"post_tag","embeddable":true,"href":"https:\/\/www.agilelabs.co.za\/it\/wp-json\/wp\/v2\/tags?post=11596"}],"curies":[{"name":"wp","href":"https:\/\/api.w.org\/{rel}","templated":true}]}}