{"id":12065,"date":"2021-09-23T06:38:27","date_gmt":"2021-09-23T04:38:27","guid":{"rendered":"https:\/\/www.agilelabs.co.za\/?page_id=12065"},"modified":"2021-09-23T15:23:59","modified_gmt":"2021-09-23T13:23:59","slug":"feature-benefits-for-public-utilities","status":"publish","type":"page","link":"https:\/\/www.agilelabs.co.za\/fr\/feature-benefits-for-public-utilities\/","title":{"rendered":"Services publics"},"content":{"rendered":"<div class=\"wp-block-image\"><figure class=\"aligncenter size-full is-resized\"><img decoding=\"async\" src=\"https:\/\/www.agilelabs.co.za\/wp-content\/uploads\/2021\/09\/PublicWorks.png\" alt=\"\" class=\"wp-image-12066\" width=\"679\" height=\"430\"\/><\/figure><\/div>\n\n\n\n<ul class=\"wp-block-list\"><li>ProCalV5 est un syst\u00e8me complet et sans papier de gestion des actifs d&#039;\u00e9talonnage et de maintenance con\u00e7u pour r\u00e9pertorier \u00e9lectroniquement tous vos instruments\/\u00e9quipements et syst\u00e8mes, g\u00e9rer les activit\u00e9s de service et r\u00e9duire les co\u00fbts d&#039;exploitation.<\/li><li>Nous pouvons fournir des plans de projet, des services et toute la documentation n\u00e9cessaire qui peut \u00eatre n\u00e9cessaire pour vous aider \u00e0 d\u00e9marrer.<\/li><li>Notre technologie de station de travail mobile (pas besoin de connexion Web ou wi-fi) permet l&#039;utilisation d&#039;ordinateurs portables ou de tablettes hors ligne. Les utilisateurs ont acc\u00e8s \u00e0 toutes les fonctionnalit\u00e9s du programme. (ajouter des actifs, imprimer des certificats, imprimer des autocollants d&#039;\u00e9talonnage, communiquer avec les calibrateurs Fluke, etc.).<\/li><li>Un nombre illimit\u00e9 de comptes individuels peut \u00eatre cr\u00e9\u00e9 lorsque vous ajoutez des emplacements de site. Tous les comptes peuvent \u00eatre configur\u00e9s de mani\u00e8re identique ou peut-\u00eatre certains modifi\u00e9s en fonction des exigences locales. Le module Copy Company fournit un outil puissant bas\u00e9 sur des mod\u00e8les pour vous aider \u00e0 ajouter et \u00e0 configurer de nouveaux comptes de site.<\/li><li>Il n&#039;y a aucun co\u00fbt suppl\u00e9mentaire pour ajouter des comptes, des groupes d&#039;utilisateurs, des utilisateurs ou des actifs.<\/li><li>La plupart des \u00e9tiquettes de champs de programme peuvent \u00eatre modifi\u00e9es par vous pour correspondre \u00e0 la terminologie souhait\u00e9e.<\/li><li>Vous pouvez ajouter un nombre illimit\u00e9 de champs d\u00e9finis par l&#039;utilisateur et caract\u00e9ris\u00e9s pour accueillir toute information suppl\u00e9mentaire que vous souhaitez collecter dans le syst\u00e8me.<\/li><li>Nous proposons une vaste biblioth\u00e8que de packages de tests de pr\u00e9cision. Ce sont des modules boulonn\u00e9s qui fournissent une interface utilisateur personnalis\u00e9e pour des types sp\u00e9cifiques d&#039;actifs, de syst\u00e8mes et d&#039;\u00e9quipements. Beaucoup sont des types couramment utilis\u00e9s dans les usines de traitement de l&#039;eau\/des eaux us\u00e9es.<\/li><li>Des listes de t\u00e2ches peuvent \u00eatre ajout\u00e9es aux \u00e9v\u00e9nements d&#039;\u00e9talonnage.<\/li><li>ProCal Explorer offre un moyen simple et direct, dans un format d&#039;arborescence hi\u00e9rarchique extensible\/r\u00e9ductible, de visualiser vos actifs. Vous pouvez visualiser rapidement et clairement ceux qui n\u00e9cessitent une attention imm\u00e9diate et ceux dont les \u00e9v\u00e9nements programm\u00e9s sont en retard. Instantan\u00e9ment, vous pouvez trier les informations par classification, service, fr\u00e9quence, type d&#039;article, emplacement, fabricant, technicien responsable, calendrier, travail d\u00fb par service ou travail d\u00fb.<\/li><li>Des associations hi\u00e9rarchiques peuvent \u00eatre cr\u00e9\u00e9es au sein de chaque compte pour les syst\u00e8mes, boucles, \u00e9quipements et instruments.<\/li><li>Des enregistrements s\u00e9par\u00e9s peuvent \u00eatre cr\u00e9\u00e9s pour vos normes de test. Les normes de test du fournisseur de services autoris\u00e9 peuvent \u00eatre attribu\u00e9es pour une utilisation dans chaque compte et\/ou pour une s\u00e9lection globale \u00e0 utiliser dans tous les comptes.<\/li><li>Les enregistrements d&#039;actifs d&#039;instruments ma\u00eetres peuvent prendre en charge plusieurs groupes de test pour un seul actif (exemple\u00a0: d\u00e9bit, niveau, pression, temp\u00e9rature sur un seul enregistreur graphique).<\/li><li>Les horaires peuvent \u00eatre bas\u00e9s sur le calendrier ou le nombre d&#039;utilisations.<\/li><li>ProCalV5 effectue toutes les fonctions math\u00e9matiques lors de la cr\u00e9ation d&#039;enregistrements ma\u00eetres. Les calculs peuvent prendre en charge diff\u00e9rentes associations de signaux, d\u00e9clarations de pr\u00e9cision, r\u00e9solutions et combinaisons (entr\u00e9e vs sortie, % de lecture, plage, +\/-, manuel, lin\u00e9aire\/racine carr\u00e9e, tableaux, etc.).<\/li><li>Des mod\u00e8les peuvent \u00eatre \u00e9tablis, des enregistrements peuvent \u00eatre copi\u00e9s, des fonctionnalit\u00e9s de changement global permettent de modifier des groupes d&#039;enregistrements en m\u00eame temps.<\/li><li>Aucune erreur humaine. Le programme v\u00e9rifie, via des invites visuelles, dans ou hors des conditions de tol\u00e9rance au moment de la saisie des donn\u00e9es telles que trouv\u00e9es et telles que laiss\u00e9es.<\/li><li>Lorsque les valeurs optimales des points de test sont modifi\u00e9es pendant les \u00e9talonnages, le programme calcule automatiquement les nouvelles corr\u00e9lations de signaux et les limites de tol\u00e9rance acceptables.<\/li><li>Des rappels, des avertissements et des alertes peuvent \u00eatre envoy\u00e9s par e-mail aux destinataires d\u00e9sign\u00e9s.<\/li><li>Le syst\u00e8me fournit une fonctionnalit\u00e9 de maintenance pr\u00e9ventive\/ordre de travail\/inventaire de pi\u00e8ces.<\/li><li>Des signatures \u00e9lectroniques peuvent \u00eatre attribu\u00e9es pour les approbations d&#039;enregistrements et d&#039;\u00e9v\u00e9nements.<\/li><li>ProCalV5 a plus de 90 rapports standard. Ces rapports peuvent \u00eatre personnalis\u00e9s et d&#039;autres peuvent \u00eatre facilement ajout\u00e9s \u00e0 vos sp\u00e9cifications exactes.<\/li><li>Des requ\u00eates avanc\u00e9es peuvent \u00eatre construites, nomm\u00e9es et enregistr\u00e9es pour une ex\u00e9cution future. Les r\u00e9sultats peuvent \u00eatre facilement export\u00e9s dans d&#039;autres formats de fichiers.<\/li><li>Le syst\u00e8me peut g\u00e9n\u00e9rer des certificats d&#039;\u00e9talonnage et imprimer automatiquement des autocollants d&#039;\u00e9talonnage.<\/li><li>Plusieurs actifs peuvent \u00eatre calibr\u00e9s et des enregistrements individuels sont accessibles en m\u00eame temps.<\/li><li>Les travaux en cours peuvent \u00eatre enregistr\u00e9s comme incomplets.<\/li><li>ProCalV5 offre une compatibilit\u00e9 in\u00e9gal\u00e9e avec les calibrateurs de documentation Fluke.<\/li><li>Pas besoin d&#039;enregistrer des documents MS Word ou des PDF - Les rapports sont cr\u00e9\u00e9s ad-hoc comme demand\u00e9.<\/li><li>ProCal eView permet une connexion Web \u00e0 distance pour lancer les rapports demand\u00e9s ou pour envoyer automatiquement des rapports selon un calendrier programm\u00e9 par e-mail \u00e0 des destinataires qui peuvent \u00eatre ind\u00e9pendants des utilisateurs normaux du syst\u00e8me.<\/li><li>ProCal Direct est la version cloud SaaS de ProCalV5. Il offre toutes les fonctionnalit\u00e9s \u00e9num\u00e9r\u00e9es ci-dessus et prend \u00e9galement en charge l&#039;utilisation des stations de travail mobiles et des calibrateurs Fluke.<\/li><li>Des options d&#039;int\u00e9gration sont disponibles pour le partage de donn\u00e9es avec SAP, Oracle, JD Edwards, Maximo, INFOR et d&#039;autres applications.<\/li><\/ul>","protected":false},"excerpt":{"rendered":"<p>ProCalV5 is a complete, paperless calibration &amp; maintenance asset management system designed to electronically list all of your instruments\/equipment &amp; systems, manage service activities and reduce operational costs. We can provide project plans, services and all necessary documentation that may be needed to assist you to get started. Our Mobile Workstation technology (no need for<\/p>\n<p class=\"more-link\"><a href=\"https:\/\/www.agilelabs.co.za\/fr\/feature-benefits-for-public-utilities\/\" class=\"themebutton\">Lire la suite<\/a><\/p>","protected":false},"author":1,"featured_media":0,"parent":0,"menu_order":0,"comment_status":"closed","ping_status":"closed","template":"","meta":{"_acf_changed":false,"_monsterinsights_skip_tracking":false,"_monsterinsights_sitenote_active":false,"_monsterinsights_sitenote_note":"","_monsterinsights_sitenote_category":0,"footnotes":""},"categories":[],"tags":[],"class_list":["post-12065","page","type-page","status-publish","hentry"],"acf":[],"aioseo_notices":[],"aioseo_head":"\n\t\t<!-- All in One SEO Pro 4.7.0 - aioseo.com -->\n\t\t<meta name=\"description\" content=\"ProCalV5 is a complete, paperless calibration &amp; maintenance asset management system designed to electronically list all of your instruments\/equipment &amp; systems, manage service activities and reduce operational costs. We can provide project plans, services and all necessary documentation that may be needed to assist you to get started. Our Mobile Workstation technology (no need for\" \/>\n\t\t<meta name=\"robots\" content=\"max-image-preview:large\" \/>\n\t\t<meta name=\"google-site-verification\" content=\"Nku-_1g-wtMYqihMzrUWbm5pdgO5gPY2D7l1ya5YPAU\" \/>\n\t\t<meta name=\"msvalidate.01\" content=\"9fc30828a433413eb7b3b5d32174774f\" \/>\n\t\t<meta name=\"yandex-verification\" content=\"c2122235dabe51e3\" \/>\n\t\t<link rel=\"canonical\" href=\"https:\/\/www.agilelabs.co.za\/fr\/feature-benefits-for-public-utilities\/\" \/>\n\t\t<meta name=\"generator\" content=\"All in One SEO Pro (AIOSEO) 4.7.0\" \/>\n\t\t<meta property=\"og:locale\" content=\"fr_FR\" \/>\n\t\t<meta property=\"og:site_name\" content=\"Agile Labs - Industry and laboratory software solutions\" \/>\n\t\t<meta property=\"og:type\" content=\"article\" \/>\n\t\t<meta property=\"og:title\" content=\"Public utilities - Agile Labs\" \/>\n\t\t<meta property=\"og:description\" content=\"ProCalV5 is a complete, paperless calibration &amp; maintenance asset management system designed to electronically list all of your instruments\/equipment &amp; systems, manage service activities and reduce operational costs. We can provide project plans, services and all necessary documentation that may be needed to assist you to get started. Our Mobile Workstation technology (no need for\" \/>\n\t\t<meta property=\"og:url\" content=\"https:\/\/www.agilelabs.co.za\/fr\/feature-benefits-for-public-utilities\/\" \/>\n\t\t<meta property=\"og:image\" content=\"https:\/\/www.agilelabs.co.za\/wp-content\/uploads\/2021\/08\/TwitterLogo.png?wsr\" \/>\n\t\t<meta property=\"og:image:secure_url\" content=\"https:\/\/www.agilelabs.co.za\/wp-content\/uploads\/2021\/08\/TwitterLogo.png?wsr\" \/>\n\t\t<meta property=\"og:image:width\" content=\"189\" \/>\n\t\t<meta property=\"og:image:height\" content=\"168\" \/>\n\t\t<meta property=\"article:published_time\" content=\"2021-09-23T04:38:27+00:00\" \/>\n\t\t<meta property=\"article:modified_time\" content=\"2021-09-23T13:23:59+00:00\" \/>\n\t\t<meta property=\"article:publisher\" content=\"https:\/\/www.facebook.com\/AgileLabsTeam\" \/>\n\t\t<meta property=\"article:author\" content=\"https:\/\/www.facebook.com\/AgileLabsTeam\" \/>\n\t\t<meta name=\"twitter:card\" content=\"summary\" \/>\n\t\t<meta name=\"twitter:site\" content=\"@InfoAgileLabs\" \/>\n\t\t<meta name=\"twitter:title\" content=\"Public utilities - Agile Labs\" \/>\n\t\t<meta name=\"twitter:description\" content=\"ProCalV5 is a complete, paperless calibration &amp; maintenance asset management system designed to electronically list all of your instruments\/equipment &amp; systems, manage service activities and reduce operational costs. We can provide project plans, services and all necessary documentation that may be needed to assist you to get started. Our Mobile Workstation technology (no need for\" \/>\n\t\t<meta name=\"twitter:creator\" content=\"@InfoAgileLabs\" \/>\n\t\t<meta name=\"twitter:image\" content=\"https:\/\/www.agilelabs.co.za\/wp-content\/uploads\/2021\/08\/TwitterLogo.png?wsr\" \/>\n\t\t<script type=\"application\/ld+json\" class=\"aioseo-schema\">\n\t\t\t{\"@context\":\"https:\\\/\\\/schema.org\",\"@graph\":[{\"@type\":\"BreadcrumbList\",\"@id\":\"https:\\\/\\\/www.agilelabs.co.za\\\/fr\\\/feature-benefits-for-public-utilities\\\/#breadcrumblist\",\"itemListElement\":[{\"@type\":\"ListItem\",\"@id\":\"https:\\\/\\\/www.agilelabs.co.za\\\/fr\\\/#listItem\",\"position\":1,\"name\":\"Home\",\"item\":\"https:\\\/\\\/www.agilelabs.co.za\\\/fr\\\/\",\"nextItem\":\"https:\\\/\\\/www.agilelabs.co.za\\\/fr\\\/feature-benefits-for-public-utilities\\\/#listItem\"},{\"@type\":\"ListItem\",\"@id\":\"https:\\\/\\\/www.agilelabs.co.za\\\/fr\\\/feature-benefits-for-public-utilities\\\/#listItem\",\"position\":2,\"name\":\"Public utilities\",\"previousItem\":\"https:\\\/\\\/www.agilelabs.co.za\\\/fr\\\/#listItem\"}]},{\"@type\":\"Organization\",\"@id\":\"https:\\\/\\\/www.agilelabs.co.za\\\/fr\\\/#organization\",\"name\":\"Agile Labs\",\"url\":\"https:\\\/\\\/www.agilelabs.co.za\\\/fr\\\/\",\"logo\":{\"@type\":\"ImageObject\",\"url\":\"https:\\\/\\\/www.agilelabs.co.za\\\/wp-content\\\/uploads\\\/2021\\\/08\\\/LogoTransparant.gif?wsr\",\"@id\":\"https:\\\/\\\/www.agilelabs.co.za\\\/fr\\\/feature-benefits-for-public-utilities\\\/#organizationLogo\",\"width\":125,\"height\":113},\"image\":{\"@id\":\"https:\\\/\\\/www.agilelabs.co.za\\\/fr\\\/feature-benefits-for-public-utilities\\\/#organizationLogo\"},\"sameAs\":[\"https:\\\/\\\/www.facebook.com\\\/AgileLabsTeam\",\"https:\\\/\\\/twitter.com\\\/InfoAgileLabs\"]},{\"@type\":\"WebPage\",\"@id\":\"https:\\\/\\\/www.agilelabs.co.za\\\/fr\\\/feature-benefits-for-public-utilities\\\/#webpage\",\"url\":\"https:\\\/\\\/www.agilelabs.co.za\\\/fr\\\/feature-benefits-for-public-utilities\\\/\",\"name\":\"Public utilities - Agile Labs\",\"description\":\"ProCalV5 is a complete, paperless calibration & maintenance asset management system designed to electronically list all of your instruments\\\/equipment & systems, manage service activities and reduce operational costs. We can provide project plans, services and all necessary documentation that may be needed to assist you to get started. Our Mobile Workstation technology (no need for\",\"inLanguage\":\"fr-FR\",\"isPartOf\":{\"@id\":\"https:\\\/\\\/www.agilelabs.co.za\\\/fr\\\/#website\"},\"breadcrumb\":{\"@id\":\"https:\\\/\\\/www.agilelabs.co.za\\\/fr\\\/feature-benefits-for-public-utilities\\\/#breadcrumblist\"},\"datePublished\":\"2021-09-23T06:38:27+02:00\",\"dateModified\":\"2021-09-23T15:23:59+02:00\"},{\"@type\":\"WebSite\",\"@id\":\"https:\\\/\\\/www.agilelabs.co.za\\\/fr\\\/#website\",\"url\":\"https:\\\/\\\/www.agilelabs.co.za\\\/fr\\\/\",\"name\":\"Agile Labs\",\"description\":\"Industry and laboratory software solutions\",\"inLanguage\":\"fr-FR\",\"publisher\":{\"@id\":\"https:\\\/\\\/www.agilelabs.co.za\\\/fr\\\/#organization\"}}]}\n\t\t<\/script>\n\t\t<script type=\"text\/javascript\">\n\t\t\t(function(c,l,a,r,i,t,y){\n\t\t\tc[a]=c[a]||function(){(c[a].q=c[a].q||[]).push(arguments)};t=l.createElement(r);t.async=1;\n\t\t\tt.src=\"https:\/\/www.clarity.ms\/tag\/\"+i+\"?ref=aioseo\";y=l.getElementsByTagName(r)[0];y.parentNode.insertBefore(t,y);\n\t\t})(window, document, \"clarity\", \"script\", \"b88vlc75di\");\n\t\t<\/script>\n\t\t<!-- All in One SEO Pro -->\r\n\t\t<title>Public utilities - Agile Labs<\/title>\n\n","aioseo_head_json":{"title":"Public utilities - Agile Labs","description":"ProCalV5 is a complete, paperless calibration & maintenance asset management system designed to electronically list all of your instruments\/equipment & systems, manage service activities and reduce operational costs. We can provide project plans, services and all necessary documentation that may be needed to assist you to get started. Our Mobile Workstation technology (no need for","canonical_url":"https:\/\/www.agilelabs.co.za\/fr\/feature-benefits-for-public-utilities\/","robots":"max-image-preview:large","keywords":"","webmasterTools":{"google-site-verification":"Nku-_1g-wtMYqihMzrUWbm5pdgO5gPY2D7l1ya5YPAU","msvalidate.01":"9fc30828a433413eb7b3b5d32174774f","yandex-verification":"c2122235dabe51e3","miscellaneous":""},"og:locale":"fr_FR","og:site_name":"Agile Labs - Industry and laboratory software solutions","og:type":"article","og:title":"Public utilities - Agile Labs","og:description":"ProCalV5 is a complete, paperless calibration &amp; maintenance asset management system designed to electronically list all of your instruments\/equipment &amp; systems, manage service activities and reduce operational costs. We can provide project plans, services and all necessary documentation that may be needed to assist you to get started. Our Mobile Workstation technology (no need for","og:url":"https:\/\/www.agilelabs.co.za\/fr\/feature-benefits-for-public-utilities\/","og:image":"https:\/\/www.agilelabs.co.za\/wp-content\/uploads\/2021\/08\/TwitterLogo.png?wsr","og:image:secure_url":"https:\/\/www.agilelabs.co.za\/wp-content\/uploads\/2021\/08\/TwitterLogo.png?wsr","og:image:width":189,"og:image:height":168,"article:published_time":"2021-09-23T04:38:27+00:00","article:modified_time":"2021-09-23T13:23:59+00:00","article:publisher":"https:\/\/www.facebook.com\/AgileLabsTeam","article:author":"https:\/\/www.facebook.com\/AgileLabsTeam","twitter:card":"summary","twitter:site":"@InfoAgileLabs","twitter:title":"Public utilities - Agile Labs","twitter:description":"ProCalV5 is a complete, paperless calibration &amp; maintenance asset management system designed to electronically list all of your instruments\/equipment &amp; systems, manage service activities and reduce operational costs. We can provide project plans, services and all necessary documentation that may be needed to assist you to get started. Our Mobile Workstation technology (no need for","twitter:creator":"@InfoAgileLabs","twitter:image":"https:\/\/www.agilelabs.co.za\/wp-content\/uploads\/2021\/08\/TwitterLogo.png?wsr","schema":{"@context":"https:\/\/schema.org","@graph":[{"@type":"BreadcrumbList","@id":"https:\/\/www.agilelabs.co.za\/fr\/feature-benefits-for-public-utilities\/#breadcrumblist","itemListElement":[{"@type":"ListItem","@id":"https:\/\/www.agilelabs.co.za\/fr\/#listItem","position":1,"name":"Home","item":"https:\/\/www.agilelabs.co.za\/fr\/","nextItem":"https:\/\/www.agilelabs.co.za\/fr\/feature-benefits-for-public-utilities\/#listItem"},{"@type":"ListItem","@id":"https:\/\/www.agilelabs.co.za\/fr\/feature-benefits-for-public-utilities\/#listItem","position":2,"name":"Public utilities","previousItem":"https:\/\/www.agilelabs.co.za\/fr\/#listItem"}]},{"@type":"Organization","@id":"https:\/\/www.agilelabs.co.za\/fr\/#organization","name":"Agile Labs","url":"https:\/\/www.agilelabs.co.za\/fr\/","logo":{"@type":"ImageObject","url":"https:\/\/www.agilelabs.co.za\/wp-content\/uploads\/2021\/08\/LogoTransparant.gif?wsr","@id":"https:\/\/www.agilelabs.co.za\/fr\/feature-benefits-for-public-utilities\/#organizationLogo","width":125,"height":113},"image":{"@id":"https:\/\/www.agilelabs.co.za\/fr\/feature-benefits-for-public-utilities\/#organizationLogo"},"sameAs":["https:\/\/www.facebook.com\/AgileLabsTeam","https:\/\/twitter.com\/InfoAgileLabs"]},{"@type":"WebPage","@id":"https:\/\/www.agilelabs.co.za\/fr\/feature-benefits-for-public-utilities\/#webpage","url":"https:\/\/www.agilelabs.co.za\/fr\/feature-benefits-for-public-utilities\/","name":"Public utilities - Agile Labs","description":"ProCalV5 is a complete, paperless calibration & maintenance asset management system designed to electronically list all of your instruments\/equipment & systems, manage service activities and reduce operational costs. We can provide project plans, services and all necessary documentation that may be needed to assist you to get started. Our Mobile Workstation technology (no need for","inLanguage":"fr-FR","isPartOf":{"@id":"https:\/\/www.agilelabs.co.za\/fr\/#website"},"breadcrumb":{"@id":"https:\/\/www.agilelabs.co.za\/fr\/feature-benefits-for-public-utilities\/#breadcrumblist"},"datePublished":"2021-09-23T06:38:27+02:00","dateModified":"2021-09-23T15:23:59+02:00"},{"@type":"WebSite","@id":"https:\/\/www.agilelabs.co.za\/fr\/#website","url":"https:\/\/www.agilelabs.co.za\/fr\/","name":"Agile Labs","description":"Industry and laboratory software solutions","inLanguage":"fr-FR","publisher":{"@id":"https:\/\/www.agilelabs.co.za\/fr\/#organization"}}]}},"aioseo_meta_data":{"post_id":"12065","title":null,"description":null,"keywords":null,"keyphrases":null,"primary_term":null,"canonical_url":null,"og_title":null,"og_description":null,"og_object_type":"default","og_image_type":"default","og_image_url":null,"og_image_width":null,"og_image_height":null,"og_image_custom_url":null,"og_image_custom_fields":null,"og_video":null,"og_custom_url":null,"og_article_section":null,"og_article_tags":null,"twitter_use_og":false,"twitter_card":"default","twitter_image_type":"default","twitter_image_url":null,"twitter_image_custom_url":null,"twitter_image_custom_fields":null,"twitter_title":null,"twitter_description":null,"schema":{"blockGraphs":[],"customGraphs":[],"default":{"data":{"Article":[],"Course":[],"Dataset":[],"FAQPage":[],"Movie":[],"Person":[],"Product":[],"Recipe":[],"Service":[],"SoftwareApplication":[],"WebPage":[]},"graphName":"","isEnabled":true},"graphs":[]},"schema_type":"default","schema_type_options":null,"pillar_content":false,"robots_default":true,"robots_noindex":false,"robots_noarchive":false,"robots_nosnippet":false,"robots_nofollow":false,"robots_noimageindex":false,"robots_noodp":false,"robots_notranslate":false,"robots_max_snippet":null,"robots_max_videopreview":null,"robots_max_imagepreview":"large","priority":null,"frequency":null,"local_seo":null,"limit_modified_date":false,"open_ai":null,"created":"2022-02-09 02:39:01","updated":"2022-09-13 21:09:10"},"_links":{"self":[{"href":"https:\/\/www.agilelabs.co.za\/fr\/wp-json\/wp\/v2\/pages\/12065","targetHints":{"allow":["GET"]}}],"collection":[{"href":"https:\/\/www.agilelabs.co.za\/fr\/wp-json\/wp\/v2\/pages"}],"about":[{"href":"https:\/\/www.agilelabs.co.za\/fr\/wp-json\/wp\/v2\/types\/page"}],"author":[{"embeddable":true,"href":"https:\/\/www.agilelabs.co.za\/fr\/wp-json\/wp\/v2\/users\/1"}],"replies":[{"embeddable":true,"href":"https:\/\/www.agilelabs.co.za\/fr\/wp-json\/wp\/v2\/comments?post=12065"}],"version-history":[{"count":0,"href":"https:\/\/www.agilelabs.co.za\/fr\/wp-json\/wp\/v2\/pages\/12065\/revisions"}],"wp:attachment":[{"href":"https:\/\/www.agilelabs.co.za\/fr\/wp-json\/wp\/v2\/media?parent=12065"}],"wp:term":[{"taxonomy":"category","embeddable":true,"href":"https:\/\/www.agilelabs.co.za\/fr\/wp-json\/wp\/v2\/categories?post=12065"},{"taxonomy":"post_tag","embeddable":true,"href":"https:\/\/www.agilelabs.co.za\/fr\/wp-json\/wp\/v2\/tags?post=12065"}],"curies":[{"name":"wp","href":"https:\/\/api.w.org\/{rel}","templated":true}]}}