{"id":12062,"date":"2021-09-23T06:31:12","date_gmt":"2021-09-23T04:31:12","guid":{"rendered":"https:\/\/www.agilelabs.co.za\/?page_id=12062"},"modified":"2021-09-23T15:24:04","modified_gmt":"2021-09-23T13:24:04","slug":"feature-benefits-for-the-power-industry","status":"publish","type":"page","link":"https:\/\/www.agilelabs.co.za\/fr\/feature-benefits-for-the-power-industry\/","title":{"rendered":"Industrie \u00e9lectrique"},"content":{"rendered":"<div class=\"wp-block-image\"><figure class=\"aligncenter size-full is-resized\"><img decoding=\"async\" src=\"https:\/\/www.agilelabs.co.za\/wp-content\/uploads\/2021\/09\/PowerIndustry.png\" alt=\"\" class=\"wp-image-12063\" width=\"698\" height=\"452\"\/><\/figure><\/div>\n\n\n\n<ul class=\"wp-block-list\"><li>ProCalV5 aide les entreprises \u00e0 automatiser et standardiser les pratiques d&#039;\u00e9talonnage. La migration du papier vers le sans papier am\u00e9liorera la productivit\u00e9 et r\u00e9duira les co\u00fbts d&#039;exploitation.<\/li><li>Les licences de poste de travail mobile en option permettent un acc\u00e8s hors ligne \u00e0 l&#039;interface compl\u00e8te du programme pour une utilisation sur le terrain avec des tablettes et des calibrateurs de documentation Fluke.<\/li><li>Le programme peut prendre en charge un ou plusieurs comptes individuels. Tous les comptes peuvent \u00eatre configur\u00e9s de mani\u00e8re identique ou peut-\u00eatre certains modifi\u00e9s en fonction des exigences locales. Le module Copy Company fournit un outil puissant bas\u00e9 sur des mod\u00e8les pour faciliter l&#039;ajout et la configuration de nouveaux comptes de site.<\/li><li>Il n&#039;y a aucun co\u00fbt suppl\u00e9mentaire pour ajouter des comptes, des groupes d&#039;utilisateurs, des utilisateurs ou des actifs.<\/li><li>La plupart des \u00e9tiquettes de champ de programme peuvent \u00eatre modifi\u00e9es pour correspondre \u00e0 la terminologie souhait\u00e9e.<\/li><li>Un nombre illimit\u00e9 de champs d\u00e9finis et caract\u00e9ris\u00e9s par l&#039;utilisateur peut \u00eatre ajout\u00e9 pour s&#039;adapter aux informations sp\u00e9cifiques au client et au flux de travail.<\/li><li>Actuellement, ProCalV5 prend en charge six langues ; plus \u00e0 venir. La s\u00e9lection de la langue peut s&#039;appliquer par d\u00e9faut \u00e0 l&#039;ensemble de l&#039;entreprise, du compte ou au niveau de l&#039;utilisateur individuel. Changer de langue est aussi simple que de s\u00e9lectionner dans une liste d\u00e9roulante.<\/li><li>Nous proposons une vaste biblioth\u00e8que de packages de test de pr\u00e9cision en option. Ce sont des modules boulonn\u00e9s qui fournissent une interface utilisateur personnalis\u00e9e sp\u00e9cifique \u00e0 divers types d&#039;instruments, d&#039;\u00e9quipements et de syst\u00e8mes.<\/li><li>ProCal Explorer offre un moyen simple et direct, dans un format d&#039;arborescence hi\u00e9rarchique extensible\/r\u00e9ductible, de visualiser vos actifs. Les invites visuelles affichent clairement celles qui n\u00e9cessitent une attention imm\u00e9diate et celles dont les \u00e9v\u00e9nements programm\u00e9s sont en retard. Les informations sur les actifs sont pr\u00e9sent\u00e9es par classification, service, fr\u00e9quence, type d&#039;article, emplacement, fabricant, technicien responsable, calendrier, travail d\u00fb par service ou travail d\u00fb par emplacement.<\/li><li>Le rappel, les \u00e9v\u00e9nements dus et de nombreux autres rapports peuvent \u00eatre lanc\u00e9s dans toute l&#039;entreprise ou sp\u00e9cifiques \u00e0 un ou plusieurs comptes.<\/li><li>Des associations hi\u00e9rarchiques peuvent \u00eatre cr\u00e9\u00e9es au sein de chaque compte pour les syst\u00e8mes, boucles, \u00e9quipements et instruments.<\/li><li>Les enregistrements principaux peuvent prendre en charge plusieurs groupes de test pour un seul actif. Les groupes de test peuvent \u00e9galement combiner l&#039;utilisation de kits de test de pr\u00e9cision.<\/li><li>Les horaires peuvent \u00eatre bas\u00e9s sur le calendrier ou le nombre d&#039;utilisations.<\/li><li>Des mod\u00e8les peuvent \u00eatre \u00e9tablis, des enregistrements peuvent \u00eatre copi\u00e9s, des fonctionnalit\u00e9s de changement global permettent de modifier des groupes d&#039;enregistrements en m\u00eame temps.<\/li><li>ProCalV5 effectue toutes les fonctions math\u00e9matiques lors de la cr\u00e9ation d&#039;enregistrements ma\u00eetres. Les calculs peuvent prendre en charge diff\u00e9rentes associations de signaux, d\u00e9clarations de pr\u00e9cision, r\u00e9solutions et combinaisons (entr\u00e9e vs sortie, % de lecture, plage, +\/-, manuel, lin\u00e9aire\/racine carr\u00e9e, tableaux, etc.).<\/li><li>Aucune erreur humaine. Le programme v\u00e9rifie, via des invites visuelles, dans ou hors des conditions de tol\u00e9rance au moment de la saisie des donn\u00e9es telles que trouv\u00e9es et telles que laiss\u00e9es.<\/li><li>Les valeurs optimales des points de test peuvent \u00eatre modifi\u00e9es lors de l&#039;ex\u00e9cution des \u00e9talonnages. Le programme calculera automatiquement les nouvelles corr\u00e9lations de signaux et les limites de tol\u00e9rance acceptables.<\/li><li>La fonctionnalit\u00e9 Maintenance pr\u00e9ventive\/Ordre de travail\/Inventaire des pi\u00e8ces est facultative.<\/li><li>ProCalV5 a plus de 90 rapports standard. Ceux-ci peuvent \u00eatre modifi\u00e9s et d&#039;autres peuvent \u00eatre facilement ajout\u00e9s \u00e0 vos sp\u00e9cifications exactes.<\/li><li>Des requ\u00eates avanc\u00e9es peuvent \u00eatre construites, nomm\u00e9es et enregistr\u00e9es pour une ex\u00e9cution future. Les r\u00e9sultats peuvent \u00eatre facilement export\u00e9s dans d&#039;autres formats de fichiers.<\/li><li>Le syst\u00e8me peut g\u00e9n\u00e9rer des certificats d&#039;\u00e9talonnage et imprimer automatiquement des autocollants d&#039;\u00e9talonnage.<\/li><li>Plusieurs actifs peuvent \u00eatre calibr\u00e9s et des enregistrements individuels sont accessibles en m\u00eame temps.<\/li><li>Les travaux en cours peuvent \u00eatre enregistr\u00e9s comme incomplets.<\/li><li>ProCalV5 offre une compatibilit\u00e9 in\u00e9gal\u00e9e avec les calibrateurs de documentation Fluke.<\/li><li>Pas besoin d&#039;enregistrer des documents MS Word ou des PDF - Les rapports sont cr\u00e9\u00e9s ad-hoc comme demand\u00e9.<\/li><li>eView permet une connexion Web \u00e0 distance pour lancer les rapports demand\u00e9s ou pour envoyer automatiquement des rapports sur une base de calendrier planifi\u00e9e par e-mail.<\/li><li>ProCal Direct est la version cloud SaaS de ProCalV5. Il offre toutes les fonctionnalit\u00e9s \u00e9num\u00e9r\u00e9es ci-dessus et prend \u00e9galement en charge l&#039;utilisation des stations de travail mobiles et des calibrateurs Fluke.<\/li><li>Des options d&#039;int\u00e9gration sont disponibles pour le partage de donn\u00e9es avec SAP et d&#039;autres applications.<\/li><\/ul>","protected":false},"excerpt":{"rendered":"<p>ProCalV5 helps companies to automate &amp; standardize calibration practices. Migration from paper to paperless will improve productivity and lower operational costs. Optional Mobile Workstation licenses enable off-line access to the full program interface for field use with tablets and Fluke documenting calibrators. The program can support one or many individual accounts. All accounts may be<\/p>\n<p class=\"more-link\"><a href=\"https:\/\/www.agilelabs.co.za\/fr\/feature-benefits-for-the-power-industry\/\" class=\"themebutton\">Lire la suite<\/a><\/p>","protected":false},"author":1,"featured_media":0,"parent":0,"menu_order":0,"comment_status":"closed","ping_status":"closed","template":"","meta":{"_acf_changed":false,"_monsterinsights_skip_tracking":false,"_monsterinsights_sitenote_active":false,"_monsterinsights_sitenote_note":"","_monsterinsights_sitenote_category":0,"footnotes":""},"categories":[],"tags":[],"class_list":["post-12062","page","type-page","status-publish","hentry"],"acf":[],"aioseo_notices":[],"aioseo_head":"\n\t\t<!-- All in One SEO Pro 4.7.0 - aioseo.com -->\n\t\t<meta name=\"description\" content=\"ProCalV5 helps companies to automate &amp; standardize calibration practices. Migration from paper to paperless will improve productivity and lower operational costs. Optional Mobile Workstation licenses enable off-line access to the full program interface for field use with tablets and Fluke documenting calibrators. The program can support one or many individual accounts. All accounts may be\" \/>\n\t\t<meta name=\"robots\" content=\"max-image-preview:large\" \/>\n\t\t<meta name=\"google-site-verification\" content=\"Nku-_1g-wtMYqihMzrUWbm5pdgO5gPY2D7l1ya5YPAU\" \/>\n\t\t<meta name=\"msvalidate.01\" content=\"9fc30828a433413eb7b3b5d32174774f\" \/>\n\t\t<meta name=\"yandex-verification\" content=\"c2122235dabe51e3\" \/>\n\t\t<link rel=\"canonical\" href=\"https:\/\/www.agilelabs.co.za\/fr\/feature-benefits-for-the-power-industry\/\" \/>\n\t\t<meta name=\"generator\" content=\"All in One SEO Pro (AIOSEO) 4.7.0\" \/>\n\t\t<meta property=\"og:locale\" content=\"fr_FR\" \/>\n\t\t<meta property=\"og:site_name\" content=\"Agile Labs - Industry and laboratory software solutions\" \/>\n\t\t<meta property=\"og:type\" content=\"article\" \/>\n\t\t<meta property=\"og:title\" content=\"Power industry - Agile Labs\" \/>\n\t\t<meta property=\"og:description\" content=\"ProCalV5 helps companies to automate &amp; standardize calibration practices. Migration from paper to paperless will improve productivity and lower operational costs. Optional Mobile Workstation licenses enable off-line access to the full program interface for field use with tablets and Fluke documenting calibrators. The program can support one or many individual accounts. All accounts may be\" \/>\n\t\t<meta property=\"og:url\" content=\"https:\/\/www.agilelabs.co.za\/fr\/feature-benefits-for-the-power-industry\/\" \/>\n\t\t<meta property=\"og:image\" content=\"https:\/\/www.agilelabs.co.za\/wp-content\/uploads\/2021\/08\/TwitterLogo.png?wsr\" \/>\n\t\t<meta property=\"og:image:secure_url\" content=\"https:\/\/www.agilelabs.co.za\/wp-content\/uploads\/2021\/08\/TwitterLogo.png?wsr\" \/>\n\t\t<meta property=\"og:image:width\" content=\"189\" \/>\n\t\t<meta property=\"og:image:height\" content=\"168\" \/>\n\t\t<meta property=\"article:published_time\" content=\"2021-09-23T04:31:12+00:00\" \/>\n\t\t<meta property=\"article:modified_time\" content=\"2021-09-23T13:24:04+00:00\" \/>\n\t\t<meta property=\"article:publisher\" content=\"https:\/\/www.facebook.com\/AgileLabsTeam\" \/>\n\t\t<meta property=\"article:author\" content=\"https:\/\/www.facebook.com\/AgileLabsTeam\" \/>\n\t\t<meta name=\"twitter:card\" content=\"summary\" \/>\n\t\t<meta name=\"twitter:site\" content=\"@InfoAgileLabs\" \/>\n\t\t<meta name=\"twitter:title\" content=\"Power industry - Agile Labs\" \/>\n\t\t<meta name=\"twitter:description\" content=\"ProCalV5 helps companies to automate &amp; standardize calibration practices. Migration from paper to paperless will improve productivity and lower operational costs. Optional Mobile Workstation licenses enable off-line access to the full program interface for field use with tablets and Fluke documenting calibrators. The program can support one or many individual accounts. All accounts may be\" \/>\n\t\t<meta name=\"twitter:creator\" content=\"@InfoAgileLabs\" \/>\n\t\t<meta name=\"twitter:image\" content=\"https:\/\/www.agilelabs.co.za\/wp-content\/uploads\/2021\/08\/TwitterLogo.png?wsr\" \/>\n\t\t<script type=\"application\/ld+json\" class=\"aioseo-schema\">\n\t\t\t{\"@context\":\"https:\\\/\\\/schema.org\",\"@graph\":[{\"@type\":\"BreadcrumbList\",\"@id\":\"https:\\\/\\\/www.agilelabs.co.za\\\/fr\\\/feature-benefits-for-the-power-industry\\\/#breadcrumblist\",\"itemListElement\":[{\"@type\":\"ListItem\",\"@id\":\"https:\\\/\\\/www.agilelabs.co.za\\\/fr\\\/#listItem\",\"position\":1,\"name\":\"Home\",\"item\":\"https:\\\/\\\/www.agilelabs.co.za\\\/fr\\\/\",\"nextItem\":\"https:\\\/\\\/www.agilelabs.co.za\\\/fr\\\/feature-benefits-for-the-power-industry\\\/#listItem\"},{\"@type\":\"ListItem\",\"@id\":\"https:\\\/\\\/www.agilelabs.co.za\\\/fr\\\/feature-benefits-for-the-power-industry\\\/#listItem\",\"position\":2,\"name\":\"Power industry\",\"previousItem\":\"https:\\\/\\\/www.agilelabs.co.za\\\/fr\\\/#listItem\"}]},{\"@type\":\"Organization\",\"@id\":\"https:\\\/\\\/www.agilelabs.co.za\\\/fr\\\/#organization\",\"name\":\"Agile Labs\",\"url\":\"https:\\\/\\\/www.agilelabs.co.za\\\/fr\\\/\",\"logo\":{\"@type\":\"ImageObject\",\"url\":\"https:\\\/\\\/www.agilelabs.co.za\\\/wp-content\\\/uploads\\\/2021\\\/08\\\/LogoTransparant.gif?wsr\",\"@id\":\"https:\\\/\\\/www.agilelabs.co.za\\\/fr\\\/feature-benefits-for-the-power-industry\\\/#organizationLogo\",\"width\":125,\"height\":113},\"image\":{\"@id\":\"https:\\\/\\\/www.agilelabs.co.za\\\/fr\\\/feature-benefits-for-the-power-industry\\\/#organizationLogo\"},\"sameAs\":[\"https:\\\/\\\/www.facebook.com\\\/AgileLabsTeam\",\"https:\\\/\\\/twitter.com\\\/InfoAgileLabs\"]},{\"@type\":\"WebPage\",\"@id\":\"https:\\\/\\\/www.agilelabs.co.za\\\/fr\\\/feature-benefits-for-the-power-industry\\\/#webpage\",\"url\":\"https:\\\/\\\/www.agilelabs.co.za\\\/fr\\\/feature-benefits-for-the-power-industry\\\/\",\"name\":\"Power industry - Agile Labs\",\"description\":\"ProCalV5 helps companies to automate & standardize calibration practices. Migration from paper to paperless will improve productivity and lower operational costs. Optional Mobile Workstation licenses enable off-line access to the full program interface for field use with tablets and Fluke documenting calibrators. The program can support one or many individual accounts. All accounts may be\",\"inLanguage\":\"fr-FR\",\"isPartOf\":{\"@id\":\"https:\\\/\\\/www.agilelabs.co.za\\\/fr\\\/#website\"},\"breadcrumb\":{\"@id\":\"https:\\\/\\\/www.agilelabs.co.za\\\/fr\\\/feature-benefits-for-the-power-industry\\\/#breadcrumblist\"},\"datePublished\":\"2021-09-23T06:31:12+02:00\",\"dateModified\":\"2021-09-23T15:24:04+02:00\"},{\"@type\":\"WebSite\",\"@id\":\"https:\\\/\\\/www.agilelabs.co.za\\\/fr\\\/#website\",\"url\":\"https:\\\/\\\/www.agilelabs.co.za\\\/fr\\\/\",\"name\":\"Agile Labs\",\"description\":\"Industry and laboratory software solutions\",\"inLanguage\":\"fr-FR\",\"publisher\":{\"@id\":\"https:\\\/\\\/www.agilelabs.co.za\\\/fr\\\/#organization\"}}]}\n\t\t<\/script>\n\t\t<script type=\"text\/javascript\">\n\t\t\t(function(c,l,a,r,i,t,y){\n\t\t\tc[a]=c[a]||function(){(c[a].q=c[a].q||[]).push(arguments)};t=l.createElement(r);t.async=1;\n\t\t\tt.src=\"https:\/\/www.clarity.ms\/tag\/\"+i+\"?ref=aioseo\";y=l.getElementsByTagName(r)[0];y.parentNode.insertBefore(t,y);\n\t\t})(window, document, \"clarity\", \"script\", \"b88vlc75di\");\n\t\t<\/script>\n\t\t<!-- All in One SEO Pro -->\r\n\t\t<title>Power industry - Agile Labs<\/title>\n\n","aioseo_head_json":{"title":"Power industry - Agile Labs","description":"ProCalV5 helps companies to automate & standardize calibration practices. Migration from paper to paperless will improve productivity and lower operational costs. Optional Mobile Workstation licenses enable off-line access to the full program interface for field use with tablets and Fluke documenting calibrators. The program can support one or many individual accounts. All accounts may be","canonical_url":"https:\/\/www.agilelabs.co.za\/fr\/feature-benefits-for-the-power-industry\/","robots":"max-image-preview:large","keywords":"","webmasterTools":{"google-site-verification":"Nku-_1g-wtMYqihMzrUWbm5pdgO5gPY2D7l1ya5YPAU","msvalidate.01":"9fc30828a433413eb7b3b5d32174774f","yandex-verification":"c2122235dabe51e3","miscellaneous":""},"og:locale":"fr_FR","og:site_name":"Agile Labs - Industry and laboratory software solutions","og:type":"article","og:title":"Power industry - Agile Labs","og:description":"ProCalV5 helps companies to automate &amp; standardize calibration practices. Migration from paper to paperless will improve productivity and lower operational costs. Optional Mobile Workstation licenses enable off-line access to the full program interface for field use with tablets and Fluke documenting calibrators. The program can support one or many individual accounts. All accounts may be","og:url":"https:\/\/www.agilelabs.co.za\/fr\/feature-benefits-for-the-power-industry\/","og:image":"https:\/\/www.agilelabs.co.za\/wp-content\/uploads\/2021\/08\/TwitterLogo.png?wsr","og:image:secure_url":"https:\/\/www.agilelabs.co.za\/wp-content\/uploads\/2021\/08\/TwitterLogo.png?wsr","og:image:width":189,"og:image:height":168,"article:published_time":"2021-09-23T04:31:12+00:00","article:modified_time":"2021-09-23T13:24:04+00:00","article:publisher":"https:\/\/www.facebook.com\/AgileLabsTeam","article:author":"https:\/\/www.facebook.com\/AgileLabsTeam","twitter:card":"summary","twitter:site":"@InfoAgileLabs","twitter:title":"Power industry - Agile Labs","twitter:description":"ProCalV5 helps companies to automate &amp; standardize calibration practices. Migration from paper to paperless will improve productivity and lower operational costs. Optional Mobile Workstation licenses enable off-line access to the full program interface for field use with tablets and Fluke documenting calibrators. The program can support one or many individual accounts. All accounts may be","twitter:creator":"@InfoAgileLabs","twitter:image":"https:\/\/www.agilelabs.co.za\/wp-content\/uploads\/2021\/08\/TwitterLogo.png?wsr","schema":{"@context":"https:\/\/schema.org","@graph":[{"@type":"BreadcrumbList","@id":"https:\/\/www.agilelabs.co.za\/fr\/feature-benefits-for-the-power-industry\/#breadcrumblist","itemListElement":[{"@type":"ListItem","@id":"https:\/\/www.agilelabs.co.za\/fr\/#listItem","position":1,"name":"Home","item":"https:\/\/www.agilelabs.co.za\/fr\/","nextItem":"https:\/\/www.agilelabs.co.za\/fr\/feature-benefits-for-the-power-industry\/#listItem"},{"@type":"ListItem","@id":"https:\/\/www.agilelabs.co.za\/fr\/feature-benefits-for-the-power-industry\/#listItem","position":2,"name":"Power industry","previousItem":"https:\/\/www.agilelabs.co.za\/fr\/#listItem"}]},{"@type":"Organization","@id":"https:\/\/www.agilelabs.co.za\/fr\/#organization","name":"Agile Labs","url":"https:\/\/www.agilelabs.co.za\/fr\/","logo":{"@type":"ImageObject","url":"https:\/\/www.agilelabs.co.za\/wp-content\/uploads\/2021\/08\/LogoTransparant.gif?wsr","@id":"https:\/\/www.agilelabs.co.za\/fr\/feature-benefits-for-the-power-industry\/#organizationLogo","width":125,"height":113},"image":{"@id":"https:\/\/www.agilelabs.co.za\/fr\/feature-benefits-for-the-power-industry\/#organizationLogo"},"sameAs":["https:\/\/www.facebook.com\/AgileLabsTeam","https:\/\/twitter.com\/InfoAgileLabs"]},{"@type":"WebPage","@id":"https:\/\/www.agilelabs.co.za\/fr\/feature-benefits-for-the-power-industry\/#webpage","url":"https:\/\/www.agilelabs.co.za\/fr\/feature-benefits-for-the-power-industry\/","name":"Power industry - Agile Labs","description":"ProCalV5 helps companies to automate & standardize calibration practices. Migration from paper to paperless will improve productivity and lower operational costs. Optional Mobile Workstation licenses enable off-line access to the full program interface for field use with tablets and Fluke documenting calibrators. The program can support one or many individual accounts. All accounts may be","inLanguage":"fr-FR","isPartOf":{"@id":"https:\/\/www.agilelabs.co.za\/fr\/#website"},"breadcrumb":{"@id":"https:\/\/www.agilelabs.co.za\/fr\/feature-benefits-for-the-power-industry\/#breadcrumblist"},"datePublished":"2021-09-23T06:31:12+02:00","dateModified":"2021-09-23T15:24:04+02:00"},{"@type":"WebSite","@id":"https:\/\/www.agilelabs.co.za\/fr\/#website","url":"https:\/\/www.agilelabs.co.za\/fr\/","name":"Agile Labs","description":"Industry and laboratory software solutions","inLanguage":"fr-FR","publisher":{"@id":"https:\/\/www.agilelabs.co.za\/fr\/#organization"}}]}},"aioseo_meta_data":{"post_id":"12062","title":null,"description":null,"keywords":null,"keyphrases":null,"primary_term":null,"canonical_url":null,"og_title":null,"og_description":null,"og_object_type":"default","og_image_type":"default","og_image_url":null,"og_image_width":null,"og_image_height":null,"og_image_custom_url":null,"og_image_custom_fields":null,"og_video":null,"og_custom_url":null,"og_article_section":null,"og_article_tags":null,"twitter_use_og":false,"twitter_card":"default","twitter_image_type":"default","twitter_image_url":null,"twitter_image_custom_url":null,"twitter_image_custom_fields":null,"twitter_title":null,"twitter_description":null,"schema":{"blockGraphs":[],"customGraphs":[],"default":{"data":{"Article":[],"Course":[],"Dataset":[],"FAQPage":[],"Movie":[],"Person":[],"Product":[],"Recipe":[],"Service":[],"SoftwareApplication":[],"WebPage":[]},"graphName":"","isEnabled":true},"graphs":[]},"schema_type":"default","schema_type_options":null,"pillar_content":false,"robots_default":true,"robots_noindex":false,"robots_noarchive":false,"robots_nosnippet":false,"robots_nofollow":false,"robots_noimageindex":false,"robots_noodp":false,"robots_notranslate":false,"robots_max_snippet":null,"robots_max_videopreview":null,"robots_max_imagepreview":"large","priority":null,"frequency":null,"local_seo":null,"limit_modified_date":false,"open_ai":null,"created":"2022-02-09 02:39:01","updated":"2022-09-13 21:09:00"},"_links":{"self":[{"href":"https:\/\/www.agilelabs.co.za\/fr\/wp-json\/wp\/v2\/pages\/12062","targetHints":{"allow":["GET"]}}],"collection":[{"href":"https:\/\/www.agilelabs.co.za\/fr\/wp-json\/wp\/v2\/pages"}],"about":[{"href":"https:\/\/www.agilelabs.co.za\/fr\/wp-json\/wp\/v2\/types\/page"}],"author":[{"embeddable":true,"href":"https:\/\/www.agilelabs.co.za\/fr\/wp-json\/wp\/v2\/users\/1"}],"replies":[{"embeddable":true,"href":"https:\/\/www.agilelabs.co.za\/fr\/wp-json\/wp\/v2\/comments?post=12062"}],"version-history":[{"count":0,"href":"https:\/\/www.agilelabs.co.za\/fr\/wp-json\/wp\/v2\/pages\/12062\/revisions"}],"wp:attachment":[{"href":"https:\/\/www.agilelabs.co.za\/fr\/wp-json\/wp\/v2\/media?parent=12062"}],"wp:term":[{"taxonomy":"category","embeddable":true,"href":"https:\/\/www.agilelabs.co.za\/fr\/wp-json\/wp\/v2\/categories?post=12062"},{"taxonomy":"post_tag","embeddable":true,"href":"https:\/\/www.agilelabs.co.za\/fr\/wp-json\/wp\/v2\/tags?post=12062"}],"curies":[{"name":"wp","href":"https:\/\/api.w.org\/{rel}","templated":true}]}}