{"id":12051,"date":"2021-09-23T05:55:23","date_gmt":"2021-09-23T03:55:23","guid":{"rendered":"https:\/\/www.agilelabs.co.za\/?page_id=12051"},"modified":"2021-09-23T15:23:55","modified_gmt":"2021-09-23T13:23:55","slug":"feature-benefits-for-the-petrochemical-industry","status":"publish","type":"page","link":"https:\/\/www.agilelabs.co.za\/fr\/feature-benefits-for-the-petrochemical-industry\/","title":{"rendered":"Industrie p\u00e9trochimique"},"content":{"rendered":"<div class=\"wp-block-image\"><figure class=\"aligncenter size-full is-resized\"><img decoding=\"async\" src=\"https:\/\/www.agilelabs.co.za\/wp-content\/uploads\/2021\/09\/PetroChemical.png\" alt=\"\" class=\"wp-image-12052\" width=\"731\" height=\"470\"\/><\/figure><\/div>\n\n\n\n<ul class=\"wp-block-list\"><li>ProCalV5 est un syst\u00e8me complet et sans papier de gestion des actifs d&#039;\u00e9talonnage et de maintenance con\u00e7u pour garantir la conformit\u00e9 r\u00e9glementaire et r\u00e9duire les co\u00fbts d&#039;exploitation des installations de fabrication de produits chimiques.<\/li><li>ProCalV5 est d\u00e9velopp\u00e9 selon des pratiques de qualit\u00e9 strictes qui sont r\u00e9guli\u00e8rement audit\u00e9es et approuv\u00e9es par les principales soci\u00e9t\u00e9s de contr\u00f4le de processus.<\/li><li>Nous pouvons fournir des plans de projet et toute la documentation et les services n\u00e9cessaires qui peuvent \u00eatre n\u00e9cessaires pour vous aider dans le d\u00e9ploiement de votre site unique, de plusieurs sites ou d&#039;entreprise.<\/li><li>ProCalV5 a \u00e9t\u00e9 le premier logiciel de gestion d&#039;\u00e9talonnage conforme \u00e0 la norme 21 CFR Part 11.<\/li><li>Notre technologie de station de travail mobile (pas besoin de connexion Web ou wi-fi) permet l&#039;utilisation d&#039;ordinateurs portables ou de tablettes hors ligne. Les utilisateurs ont acc\u00e8s \u00e0 toutes les fonctionnalit\u00e9s du programme (t\u00e9l\u00e9charger les SOP, ajouter de nouveaux enregistrements sur le terrain, enregistrer et v\u00e9rifier automatiquement les donn\u00e9es d&#039;\u00e9talonnage acceptables telles qu&#039;elles sont trouv\u00e9es\/\u00e0 gauche, attribuer des normes de test, imprimer des certificats, imprimer des autocollants d&#039;\u00e9talonnage, communiquer avec les calibrateurs Fluke, etc.).<\/li><li>Un nombre illimit\u00e9 de comptes autonomes peut \u00eatre lanc\u00e9 lorsque vous ajoutez des emplacements de site.<\/li><li>Tous les comptes peuvent \u00eatre configur\u00e9s de mani\u00e8re identique ou peut-\u00eatre certains modifi\u00e9s en fonction des exigences locales. Les modifications peuvent concerner de simples changements ou les configurations de compte peuvent \u00eatre compl\u00e8tement uniques. Le module Copy Company fournit un outil puissant bas\u00e9 sur des mod\u00e8les pour faciliter l&#039;ajout et la configuration de nouveaux comptes de site.<\/li><li>Il n&#039;y a aucun co\u00fbt suppl\u00e9mentaire pour ajouter des comptes, des groupes d&#039;utilisateurs, des utilisateurs ou des actifs.<\/li><li>La plupart des \u00e9tiquettes de champ de programme peuvent \u00eatre modifi\u00e9es pour correspondre \u00e0 la terminologie souhait\u00e9e.<\/li><li>Un nombre illimit\u00e9 de champs d\u00e9finis et caract\u00e9ris\u00e9s par l&#039;utilisateur peut \u00eatre ajout\u00e9 pour s&#039;adapter aux informations sp\u00e9cifiques au client et au flux de travail.<\/li><li>Actuellement, ProCalV5 prend en charge six langues ; plus \u00e0 venir. La s\u00e9lection de la langue peut s&#039;appliquer par d\u00e9faut \u00e0 l&#039;ensemble de l&#039;entreprise, du compte ou au niveau de l&#039;utilisateur individuel. Changer de langue est aussi simple que de s\u00e9lectionner dans une liste d\u00e9roulante.<\/li><li>Nous proposons une vaste biblioth\u00e8que de packages de tests de pr\u00e9cision. Ce sont des modules boulonn\u00e9s qui fournissent une interface utilisateur personnalis\u00e9e pour inclure des algorithmes, des rapports, etc. sp\u00e9cifiques \u00e0 divers types d&#039;actifs, de syst\u00e8mes et d&#039;\u00e9quipements que l&#039;on trouve couramment dans les installations de contr\u00f4le de processus.<\/li><li>ProCal Explorer offre un moyen simple et direct, dans un format d&#039;arborescence hi\u00e9rarchique extensible\/r\u00e9ductible, de visualiser vos actifs. Les invites visuelles affichent clairement celles qui n\u00e9cessitent une attention imm\u00e9diate et celles dont les \u00e9v\u00e9nements programm\u00e9s sont en retard. \u00c0 partir de la vue, vous pouvez lancer directement dans les fiches d&#039;immobilisation. Instantan\u00e9ment, les informations sur vos actifs peuvent \u00eatre tri\u00e9es et pr\u00e9sent\u00e9es par classification, service, fr\u00e9quence, type d&#039;article, emplacement, fabricant, technicien responsable, calendrier, travail d\u00fb par service ou travail d\u00fb par emplacement.<\/li><li>Le rappel, les \u00e9v\u00e9nements dus et de nombreux autres rapports peuvent \u00eatre lanc\u00e9s dans toute l&#039;entreprise ou sp\u00e9cifiques \u00e0 un ou plusieurs comptes.<\/li><li>Des associations hi\u00e9rarchiques peuvent \u00eatre cr\u00e9\u00e9es au sein de chaque compte pour les syst\u00e8mes, boucles, \u00e9quipements et instruments.<\/li><li>Des enregistrements s\u00e9par\u00e9s peuvent \u00eatre cr\u00e9\u00e9s pour les normes de test de chaque compte. Les normes de test de vos diff\u00e9rents fournisseurs de services agr\u00e9\u00e9s peuvent \u00eatre attribu\u00e9es pour une utilisation \u00e0 des comptes individuels uniques et\/ou pour une s\u00e9lection globale \u00e0 utiliser sur tous les comptes.<\/li><li>Les normes de test peuvent \u00eatre contr\u00f4l\u00e9es pour une utilisation uniquement pour des types d&#039;instruments sp\u00e9cifiques. Le reporting de tra\u00e7abilit\u00e9 invers\u00e9e est facile \u00e0 lancer sur tous les comptes clients.<\/li><li>Les enregistrements d&#039;actifs d&#039;instruments ma\u00eetres peuvent prendre en charge plusieurs groupes de test pour un seul actif (exemple\u00a0: pour le d\u00e9bit massique \u2013 fr\u00e9quence, temp\u00e9rature et pression). Les groupes de test peuvent \u00e9galement combiner l&#039;utilisation de kits de test de pr\u00e9cision.<\/li><li>Les horaires peuvent \u00eatre bas\u00e9s sur le calendrier ou le nombre d&#039;utilisations.<\/li><li>ProCalV5 effectue toutes les fonctions math\u00e9matiques lors de la cr\u00e9ation d&#039;enregistrements ma\u00eetres. Les calculs peuvent prendre en charge diff\u00e9rentes associations de signaux, d\u00e9clarations de pr\u00e9cision, r\u00e9solutions et combinaisons (entr\u00e9e vs sortie, % de lecture, plage, +\/-, manuel, lin\u00e9aire\/racine carr\u00e9e, tableaux, etc.).<\/li><li>Des mod\u00e8les peuvent \u00eatre \u00e9tablis, des enregistrements peuvent \u00eatre copi\u00e9s, des fonctionnalit\u00e9s de changement global permettent de modifier des groupes d&#039;enregistrements en m\u00eame temps.<\/li><li>Aucune erreur humaine. Le programme v\u00e9rifie, via des invites visuelles, dans ou hors des conditions de tol\u00e9rance au moment de la saisie des donn\u00e9es telles que trouv\u00e9es et telles que laiss\u00e9es.<\/li><li>Lorsque les valeurs optimales des points de test sont modifi\u00e9es pendant les \u00e9talonnages, le programme calcule automatiquement les nouvelles corr\u00e9lations de signaux et les limites de tol\u00e9rance acceptables.<\/li><li>Le syst\u00e8me peut \u00eatre configur\u00e9 pour permettre la notification automatique des \u00e9v\u00e9nements de non-conformit\u00e9.<\/li><li>Des rappels, des avertissements et des alertes peuvent \u00eatre envoy\u00e9s par e-mail aux destinataires d\u00e9sign\u00e9s.<\/li><li>Le syst\u00e8me fournit une fonctionnalit\u00e9 de maintenance pr\u00e9ventive\/ordre de travail\/inventaire de pi\u00e8ces.<\/li><li>Le syst\u00e8me peut g\u00e9rer le contr\u00f4le \u00e9lectronique des changements.<\/li><li>Des signatures \u00e9lectroniques peuvent \u00eatre attribu\u00e9es pour des routages parall\u00e8les ou forc\u00e9s afin de correspondre au flux de travail souhait\u00e9.<\/li><li>Il n&#039;y a pas de limite au nombre de diff\u00e9rents types de politiques de signature \u00e9lectronique qui peuvent \u00eatre \u00e9tablies, enregistr\u00e9es et jointes aux documents et aux \u00e9v\u00e9nements.<\/li><li>ProCalV5 a plus de 90 rapports standard. Ces rapports peuvent \u00eatre personnalis\u00e9s et d&#039;autres peuvent \u00eatre facilement ajout\u00e9s \u00e0 vos sp\u00e9cifications exactes.<\/li><li>Des requ\u00eates avanc\u00e9es peuvent \u00eatre construites, nomm\u00e9es et enregistr\u00e9es pour une ex\u00e9cution future. Les r\u00e9sultats peuvent \u00eatre facilement export\u00e9s dans d&#039;autres formats de fichiers.<\/li><li>Le syst\u00e8me peut g\u00e9n\u00e9rer des certificats d&#039;\u00e9talonnage et imprimer automatiquement des autocollants d&#039;\u00e9talonnage.<\/li><li>Plusieurs actifs peuvent \u00eatre calibr\u00e9s et des enregistrements individuels sont accessibles en m\u00eame temps.<\/li><li>Les travaux en cours peuvent \u00eatre enregistr\u00e9s comme incomplets.<\/li><li>ProCalV5 offre une compatibilit\u00e9 in\u00e9gal\u00e9e avec les calibrateurs de documentation Fluke.<\/li><li>Pas besoin d&#039;enregistrer des documents MS Word ou des PDF - Les rapports sont cr\u00e9\u00e9s ad-hoc comme demand\u00e9.<\/li><li>ProCal eView permet une connexion Web \u00e0 distance pour lancer les rapports demand\u00e9s ou pour envoyer automatiquement des rapports selon un calendrier programm\u00e9 par e-mail \u00e0 des destinataires qui peuvent \u00eatre ind\u00e9pendants des utilisateurs normaux du syst\u00e8me.<\/li><li>ProCal Direct est la version cloud SaaS de ProCalV5. Il offre toutes les fonctionnalit\u00e9s \u00e9num\u00e9r\u00e9es ci-dessus et prend \u00e9galement en charge l&#039;utilisation des stations de travail mobiles et des calibrateurs Fluke.<\/li><li>Des options d&#039;int\u00e9gration sont disponibles pour le partage de donn\u00e9es avec SAP, Oracle, JD Edwards, Maximo, INFOR et d&#039;autres applications.<\/li><\/ul>","protected":false},"excerpt":{"rendered":"<p>ProCalV5 is a complete, paperless calibration &amp; maintenance asset management system designed to ensure regulatory compliance and reduce operational costs for chemical manufacturing facilities. ProCalV5 is developed under strict quality practices that are routinely audited and approved by major process control companies. We can provide project plans and all necessary documentation and services that may<\/p>\n<p class=\"more-link\"><a href=\"https:\/\/www.agilelabs.co.za\/fr\/feature-benefits-for-the-petrochemical-industry\/\" class=\"themebutton\">Lire la suite<\/a><\/p>","protected":false},"author":1,"featured_media":0,"parent":0,"menu_order":0,"comment_status":"closed","ping_status":"closed","template":"","meta":{"_acf_changed":false,"_monsterinsights_skip_tracking":false,"_monsterinsights_sitenote_active":false,"_monsterinsights_sitenote_note":"","_monsterinsights_sitenote_category":0,"footnotes":""},"categories":[],"tags":[],"class_list":["post-12051","page","type-page","status-publish","hentry"],"acf":[],"aioseo_notices":[],"aioseo_head":"\n\t\t<!-- All in One SEO Pro 4.7.0 - aioseo.com -->\n\t\t<meta name=\"description\" content=\"ProCalV5 is a complete, paperless calibration &amp; maintenance asset management system designed to ensure regulatory compliance and reduce operational costs for chemical manufacturing facilities. ProCalV5 is developed under strict quality practices that are routinely audited and approved by major process control companies. We can provide project plans and all necessary documentation and services that may\" \/>\n\t\t<meta name=\"robots\" content=\"max-image-preview:large\" \/>\n\t\t<meta name=\"google-site-verification\" content=\"Nku-_1g-wtMYqihMzrUWbm5pdgO5gPY2D7l1ya5YPAU\" \/>\n\t\t<meta name=\"msvalidate.01\" content=\"9fc30828a433413eb7b3b5d32174774f\" \/>\n\t\t<meta name=\"yandex-verification\" content=\"c2122235dabe51e3\" \/>\n\t\t<link rel=\"canonical\" href=\"https:\/\/www.agilelabs.co.za\/fr\/feature-benefits-for-the-petrochemical-industry\/\" \/>\n\t\t<meta name=\"generator\" content=\"All in One SEO Pro (AIOSEO) 4.7.0\" \/>\n\t\t<meta property=\"og:locale\" content=\"fr_FR\" \/>\n\t\t<meta property=\"og:site_name\" content=\"Agile Labs - Industry and laboratory software solutions\" \/>\n\t\t<meta property=\"og:type\" content=\"article\" \/>\n\t\t<meta property=\"og:title\" content=\"Petrochemical industry - Agile Labs\" \/>\n\t\t<meta property=\"og:description\" content=\"ProCalV5 is a complete, paperless calibration &amp; maintenance asset management system designed to ensure regulatory compliance and reduce operational costs for chemical manufacturing facilities. ProCalV5 is developed under strict quality practices that are routinely audited and approved by major process control companies. We can provide project plans and all necessary documentation and services that may\" \/>\n\t\t<meta property=\"og:url\" content=\"https:\/\/www.agilelabs.co.za\/fr\/feature-benefits-for-the-petrochemical-industry\/\" \/>\n\t\t<meta property=\"og:image\" content=\"https:\/\/www.agilelabs.co.za\/wp-content\/uploads\/2021\/08\/TwitterLogo.png?wsr\" \/>\n\t\t<meta property=\"og:image:secure_url\" content=\"https:\/\/www.agilelabs.co.za\/wp-content\/uploads\/2021\/08\/TwitterLogo.png?wsr\" \/>\n\t\t<meta property=\"og:image:width\" content=\"189\" \/>\n\t\t<meta property=\"og:image:height\" content=\"168\" \/>\n\t\t<meta property=\"article:published_time\" content=\"2021-09-23T03:55:23+00:00\" \/>\n\t\t<meta property=\"article:modified_time\" content=\"2021-09-23T13:23:55+00:00\" \/>\n\t\t<meta property=\"article:publisher\" content=\"https:\/\/www.facebook.com\/AgileLabsTeam\" \/>\n\t\t<meta property=\"article:author\" content=\"https:\/\/www.facebook.com\/AgileLabsTeam\" \/>\n\t\t<meta name=\"twitter:card\" content=\"summary\" \/>\n\t\t<meta name=\"twitter:site\" content=\"@InfoAgileLabs\" \/>\n\t\t<meta name=\"twitter:title\" content=\"Petrochemical industry - Agile Labs\" \/>\n\t\t<meta name=\"twitter:description\" content=\"ProCalV5 is a complete, paperless calibration &amp; maintenance asset management system designed to ensure regulatory compliance and reduce operational costs for chemical manufacturing facilities. ProCalV5 is developed under strict quality practices that are routinely audited and approved by major process control companies. We can provide project plans and all necessary documentation and services that may\" \/>\n\t\t<meta name=\"twitter:creator\" content=\"@InfoAgileLabs\" \/>\n\t\t<meta name=\"twitter:image\" content=\"https:\/\/www.agilelabs.co.za\/wp-content\/uploads\/2021\/08\/TwitterLogo.png?wsr\" \/>\n\t\t<script type=\"application\/ld+json\" class=\"aioseo-schema\">\n\t\t\t{\"@context\":\"https:\\\/\\\/schema.org\",\"@graph\":[{\"@type\":\"BreadcrumbList\",\"@id\":\"https:\\\/\\\/www.agilelabs.co.za\\\/fr\\\/feature-benefits-for-the-petrochemical-industry\\\/#breadcrumblist\",\"itemListElement\":[{\"@type\":\"ListItem\",\"@id\":\"https:\\\/\\\/www.agilelabs.co.za\\\/fr\\\/#listItem\",\"position\":1,\"name\":\"Home\",\"item\":\"https:\\\/\\\/www.agilelabs.co.za\\\/fr\\\/\",\"nextItem\":\"https:\\\/\\\/www.agilelabs.co.za\\\/fr\\\/feature-benefits-for-the-petrochemical-industry\\\/#listItem\"},{\"@type\":\"ListItem\",\"@id\":\"https:\\\/\\\/www.agilelabs.co.za\\\/fr\\\/feature-benefits-for-the-petrochemical-industry\\\/#listItem\",\"position\":2,\"name\":\"Petrochemical industry\",\"previousItem\":\"https:\\\/\\\/www.agilelabs.co.za\\\/fr\\\/#listItem\"}]},{\"@type\":\"Organization\",\"@id\":\"https:\\\/\\\/www.agilelabs.co.za\\\/fr\\\/#organization\",\"name\":\"Agile Labs\",\"url\":\"https:\\\/\\\/www.agilelabs.co.za\\\/fr\\\/\",\"logo\":{\"@type\":\"ImageObject\",\"url\":\"https:\\\/\\\/www.agilelabs.co.za\\\/wp-content\\\/uploads\\\/2021\\\/08\\\/LogoTransparant.gif?wsr\",\"@id\":\"https:\\\/\\\/www.agilelabs.co.za\\\/fr\\\/feature-benefits-for-the-petrochemical-industry\\\/#organizationLogo\",\"width\":125,\"height\":113},\"image\":{\"@id\":\"https:\\\/\\\/www.agilelabs.co.za\\\/fr\\\/feature-benefits-for-the-petrochemical-industry\\\/#organizationLogo\"},\"sameAs\":[\"https:\\\/\\\/www.facebook.com\\\/AgileLabsTeam\",\"https:\\\/\\\/twitter.com\\\/InfoAgileLabs\"]},{\"@type\":\"WebPage\",\"@id\":\"https:\\\/\\\/www.agilelabs.co.za\\\/fr\\\/feature-benefits-for-the-petrochemical-industry\\\/#webpage\",\"url\":\"https:\\\/\\\/www.agilelabs.co.za\\\/fr\\\/feature-benefits-for-the-petrochemical-industry\\\/\",\"name\":\"Petrochemical industry - Agile Labs\",\"description\":\"ProCalV5 is a complete, paperless calibration & maintenance asset management system designed to ensure regulatory compliance and reduce operational costs for chemical manufacturing facilities. ProCalV5 is developed under strict quality practices that are routinely audited and approved by major process control companies. We can provide project plans and all necessary documentation and services that may\",\"inLanguage\":\"fr-FR\",\"isPartOf\":{\"@id\":\"https:\\\/\\\/www.agilelabs.co.za\\\/fr\\\/#website\"},\"breadcrumb\":{\"@id\":\"https:\\\/\\\/www.agilelabs.co.za\\\/fr\\\/feature-benefits-for-the-petrochemical-industry\\\/#breadcrumblist\"},\"datePublished\":\"2021-09-23T05:55:23+02:00\",\"dateModified\":\"2021-09-23T15:23:55+02:00\"},{\"@type\":\"WebSite\",\"@id\":\"https:\\\/\\\/www.agilelabs.co.za\\\/fr\\\/#website\",\"url\":\"https:\\\/\\\/www.agilelabs.co.za\\\/fr\\\/\",\"name\":\"Agile Labs\",\"description\":\"Industry and laboratory software solutions\",\"inLanguage\":\"fr-FR\",\"publisher\":{\"@id\":\"https:\\\/\\\/www.agilelabs.co.za\\\/fr\\\/#organization\"}}]}\n\t\t<\/script>\n\t\t<script type=\"text\/javascript\">\n\t\t\t(function(c,l,a,r,i,t,y){\n\t\t\tc[a]=c[a]||function(){(c[a].q=c[a].q||[]).push(arguments)};t=l.createElement(r);t.async=1;\n\t\t\tt.src=\"https:\/\/www.clarity.ms\/tag\/\"+i+\"?ref=aioseo\";y=l.getElementsByTagName(r)[0];y.parentNode.insertBefore(t,y);\n\t\t})(window, document, \"clarity\", \"script\", \"b88vlc75di\");\n\t\t<\/script>\n\t\t<!-- All in One SEO Pro -->\r\n\t\t<title>Petrochemical industry - Agile Labs<\/title>\n\n","aioseo_head_json":{"title":"Petrochemical industry - Agile Labs","description":"ProCalV5 is a complete, paperless calibration & maintenance asset management system designed to ensure regulatory compliance and reduce operational costs for chemical manufacturing facilities. ProCalV5 is developed under strict quality practices that are routinely audited and approved by major process control companies. We can provide project plans and all necessary documentation and services that may","canonical_url":"https:\/\/www.agilelabs.co.za\/fr\/feature-benefits-for-the-petrochemical-industry\/","robots":"max-image-preview:large","keywords":"","webmasterTools":{"google-site-verification":"Nku-_1g-wtMYqihMzrUWbm5pdgO5gPY2D7l1ya5YPAU","msvalidate.01":"9fc30828a433413eb7b3b5d32174774f","yandex-verification":"c2122235dabe51e3","miscellaneous":""},"og:locale":"fr_FR","og:site_name":"Agile Labs - Industry and laboratory software solutions","og:type":"article","og:title":"Petrochemical industry - Agile Labs","og:description":"ProCalV5 is a complete, paperless calibration &amp; maintenance asset management system designed to ensure regulatory compliance and reduce operational costs for chemical manufacturing facilities. ProCalV5 is developed under strict quality practices that are routinely audited and approved by major process control companies. We can provide project plans and all necessary documentation and services that may","og:url":"https:\/\/www.agilelabs.co.za\/fr\/feature-benefits-for-the-petrochemical-industry\/","og:image":"https:\/\/www.agilelabs.co.za\/wp-content\/uploads\/2021\/08\/TwitterLogo.png?wsr","og:image:secure_url":"https:\/\/www.agilelabs.co.za\/wp-content\/uploads\/2021\/08\/TwitterLogo.png?wsr","og:image:width":189,"og:image:height":168,"article:published_time":"2021-09-23T03:55:23+00:00","article:modified_time":"2021-09-23T13:23:55+00:00","article:publisher":"https:\/\/www.facebook.com\/AgileLabsTeam","article:author":"https:\/\/www.facebook.com\/AgileLabsTeam","twitter:card":"summary","twitter:site":"@InfoAgileLabs","twitter:title":"Petrochemical industry - Agile Labs","twitter:description":"ProCalV5 is a complete, paperless calibration &amp; maintenance asset management system designed to ensure regulatory compliance and reduce operational costs for chemical manufacturing facilities. ProCalV5 is developed under strict quality practices that are routinely audited and approved by major process control companies. We can provide project plans and all necessary documentation and services that may","twitter:creator":"@InfoAgileLabs","twitter:image":"https:\/\/www.agilelabs.co.za\/wp-content\/uploads\/2021\/08\/TwitterLogo.png?wsr","schema":{"@context":"https:\/\/schema.org","@graph":[{"@type":"BreadcrumbList","@id":"https:\/\/www.agilelabs.co.za\/fr\/feature-benefits-for-the-petrochemical-industry\/#breadcrumblist","itemListElement":[{"@type":"ListItem","@id":"https:\/\/www.agilelabs.co.za\/fr\/#listItem","position":1,"name":"Home","item":"https:\/\/www.agilelabs.co.za\/fr\/","nextItem":"https:\/\/www.agilelabs.co.za\/fr\/feature-benefits-for-the-petrochemical-industry\/#listItem"},{"@type":"ListItem","@id":"https:\/\/www.agilelabs.co.za\/fr\/feature-benefits-for-the-petrochemical-industry\/#listItem","position":2,"name":"Petrochemical industry","previousItem":"https:\/\/www.agilelabs.co.za\/fr\/#listItem"}]},{"@type":"Organization","@id":"https:\/\/www.agilelabs.co.za\/fr\/#organization","name":"Agile Labs","url":"https:\/\/www.agilelabs.co.za\/fr\/","logo":{"@type":"ImageObject","url":"https:\/\/www.agilelabs.co.za\/wp-content\/uploads\/2021\/08\/LogoTransparant.gif?wsr","@id":"https:\/\/www.agilelabs.co.za\/fr\/feature-benefits-for-the-petrochemical-industry\/#organizationLogo","width":125,"height":113},"image":{"@id":"https:\/\/www.agilelabs.co.za\/fr\/feature-benefits-for-the-petrochemical-industry\/#organizationLogo"},"sameAs":["https:\/\/www.facebook.com\/AgileLabsTeam","https:\/\/twitter.com\/InfoAgileLabs"]},{"@type":"WebPage","@id":"https:\/\/www.agilelabs.co.za\/fr\/feature-benefits-for-the-petrochemical-industry\/#webpage","url":"https:\/\/www.agilelabs.co.za\/fr\/feature-benefits-for-the-petrochemical-industry\/","name":"Petrochemical industry - Agile Labs","description":"ProCalV5 is a complete, paperless calibration & maintenance asset management system designed to ensure regulatory compliance and reduce operational costs for chemical manufacturing facilities. ProCalV5 is developed under strict quality practices that are routinely audited and approved by major process control companies. We can provide project plans and all necessary documentation and services that may","inLanguage":"fr-FR","isPartOf":{"@id":"https:\/\/www.agilelabs.co.za\/fr\/#website"},"breadcrumb":{"@id":"https:\/\/www.agilelabs.co.za\/fr\/feature-benefits-for-the-petrochemical-industry\/#breadcrumblist"},"datePublished":"2021-09-23T05:55:23+02:00","dateModified":"2021-09-23T15:23:55+02:00"},{"@type":"WebSite","@id":"https:\/\/www.agilelabs.co.za\/fr\/#website","url":"https:\/\/www.agilelabs.co.za\/fr\/","name":"Agile Labs","description":"Industry and laboratory software solutions","inLanguage":"fr-FR","publisher":{"@id":"https:\/\/www.agilelabs.co.za\/fr\/#organization"}}]}},"aioseo_meta_data":{"post_id":"12051","title":null,"description":null,"keywords":null,"keyphrases":null,"primary_term":null,"canonical_url":null,"og_title":null,"og_description":null,"og_object_type":"default","og_image_type":"default","og_image_url":null,"og_image_width":null,"og_image_height":null,"og_image_custom_url":null,"og_image_custom_fields":null,"og_video":null,"og_custom_url":null,"og_article_section":null,"og_article_tags":null,"twitter_use_og":false,"twitter_card":"default","twitter_image_type":"default","twitter_image_url":null,"twitter_image_custom_url":null,"twitter_image_custom_fields":null,"twitter_title":null,"twitter_description":null,"schema":{"blockGraphs":[],"customGraphs":[],"default":{"data":{"Article":[],"Course":[],"Dataset":[],"FAQPage":[],"Movie":[],"Person":[],"Product":[],"Recipe":[],"Service":[],"SoftwareApplication":[],"WebPage":[]},"graphName":"","isEnabled":true},"graphs":[]},"schema_type":"default","schema_type_options":null,"pillar_content":false,"robots_default":true,"robots_noindex":false,"robots_noarchive":false,"robots_nosnippet":false,"robots_nofollow":false,"robots_noimageindex":false,"robots_noodp":false,"robots_notranslate":false,"robots_max_snippet":null,"robots_max_videopreview":null,"robots_max_imagepreview":"large","priority":null,"frequency":null,"local_seo":null,"limit_modified_date":false,"open_ai":null,"created":"2022-02-09 02:39:01","updated":"2022-09-13 21:08:59"},"_links":{"self":[{"href":"https:\/\/www.agilelabs.co.za\/fr\/wp-json\/wp\/v2\/pages\/12051","targetHints":{"allow":["GET"]}}],"collection":[{"href":"https:\/\/www.agilelabs.co.za\/fr\/wp-json\/wp\/v2\/pages"}],"about":[{"href":"https:\/\/www.agilelabs.co.za\/fr\/wp-json\/wp\/v2\/types\/page"}],"author":[{"embeddable":true,"href":"https:\/\/www.agilelabs.co.za\/fr\/wp-json\/wp\/v2\/users\/1"}],"replies":[{"embeddable":true,"href":"https:\/\/www.agilelabs.co.za\/fr\/wp-json\/wp\/v2\/comments?post=12051"}],"version-history":[{"count":0,"href":"https:\/\/www.agilelabs.co.za\/fr\/wp-json\/wp\/v2\/pages\/12051\/revisions"}],"wp:attachment":[{"href":"https:\/\/www.agilelabs.co.za\/fr\/wp-json\/wp\/v2\/media?parent=12051"}],"wp:term":[{"taxonomy":"category","embeddable":true,"href":"https:\/\/www.agilelabs.co.za\/fr\/wp-json\/wp\/v2\/categories?post=12051"},{"taxonomy":"post_tag","embeddable":true,"href":"https:\/\/www.agilelabs.co.za\/fr\/wp-json\/wp\/v2\/tags?post=12051"}],"curies":[{"name":"wp","href":"https:\/\/api.w.org\/{rel}","templated":true}]}}