{"id":11827,"date":"2021-09-07T08:55:04","date_gmt":"2021-09-07T06:55:04","guid":{"rendered":"https:\/\/www.agilelabs.co.za\/?page_id=11827"},"modified":"2021-09-07T08:55:09","modified_gmt":"2021-09-07T06:55:09","slug":"procalv5-custom-report-development","status":"publish","type":"page","link":"https:\/\/www.agilelabs.co.za\/fr\/procalv5-custom-report-development\/","title":{"rendered":"D\u00e9veloppement de rapports personnalis\u00e9s ProCalV5"},"content":{"rendered":"<p>Les rapports peuvent \u00eatre personnalis\u00e9s et de nouveaux ajout\u00e9s pour r\u00e9pondre \u00e0 vos besoins pr\u00e9cis<\/p>\n\n\n\n<p><\/p>\n\n\n\n<h4 class=\"wp-block-heading\">D\u00e9veloppement de rapports personnalis\u00e9s<\/h4>\n\n\n\n<p>Bien que l&#039;application standard ProCalV5 soit livr\u00e9e avec plus de 80 rapports et formulaires standard, de nombreuses organisations n\u00e9cessitent une personnalisation de leurs rapports et formulaires pour r\u00e9pondre \u00e0 leurs besoins pr\u00e9cis. Prime Technologies peut d\u00e9velopper n&#039;importe quel rapport et\/ou formulaire selon vos sp\u00e9cifications.<\/p>\n\n\n\n<p><strong>Certaines personnalisations de rapport typiques incluent les \u00e9l\u00e9ments suivants, mais peuvent \u00eatre adapt\u00e9es \u00e0 vos besoins\u00a0:<\/strong><\/p>\n\n\n\n<ul class=\"wp-block-list\"><li>Ajout du logo de l&#039;entreprise<\/li><li>Reformatage de la mise en page du rapport<\/li><li>Calculs ou filtrages complexes suppl\u00e9mentaires<\/li><li>Et beaucoup plus!<\/li><\/ul>\n\n\n\n<p><strong>Noter:<\/strong> Les exigences relatives aux rapports personnalis\u00e9s doivent \u00eatre fournies \u00e0 votre repr\u00e9sentant commercial afin qu&#039;une \u00e9valuation par les ing\u00e9nieurs de Prime Technologies puisse \u00eatre effectu\u00e9e avant qu&#039;un service de rapport personnalis\u00e9 puisse \u00eatre propos\u00e9.<\/p>\n\n\n\n<div class=\"wp-block-image\"><figure class=\"aligncenter size-full is-resized\"><img decoding=\"async\" src=\"https:\/\/www.agilelabs.co.za\/wp-content\/uploads\/2021\/08\/CalReport.jpg\" alt=\"\" class=\"wp-image-11505\" width=\"382\" height=\"303\" srcset=\"https:\/\/www.agilelabs.co.za\/wp-content\/uploads\/2021\/08\/CalReport.jpg 700w, https:\/\/www.agilelabs.co.za\/wp-content\/uploads\/2021\/08\/CalReport-350x278.jpg 350w, https:\/\/www.agilelabs.co.za\/wp-content\/uploads\/2021\/08\/CalReport-680x539.jpg 680w, https:\/\/www.agilelabs.co.za\/wp-content\/uploads\/2021\/08\/CalReport-300x238.jpg 300w\" sizes=\"(max-width: 382px) 100vw, 382px\" \/><\/figure><\/div>\n\n\n\n<p>Pour afficher la liste actuelle des rapports standard actuellement dans ProCalV5, <a href=\"https:\/\/www.agilelabs.co.za\/fr\/powerful-reporting-and-analytics-with-procal-software\/\" title=\"Rapports et analyses puissants\">Cliquez ici<\/a>.<\/p>","protected":false},"excerpt":{"rendered":"<p>Reports Can Be Customized and New Ones Added To Meet Your Exacting Needs Custom Report Development While the ProCalV5 standard application comes with over 80+ standard reports and forms, many organizations require customization to their reports &amp; forms to meet their exact needs. Prime Technologies can develop any report and\/or form to your specifications. Some<\/p>\n<p class=\"more-link\"><a href=\"https:\/\/www.agilelabs.co.za\/fr\/procalv5-custom-report-development\/\" class=\"themebutton\">Lire la suite<\/a><\/p>","protected":false},"author":1,"featured_media":0,"parent":0,"menu_order":0,"comment_status":"closed","ping_status":"closed","template":"","meta":{"_acf_changed":false,"_monsterinsights_skip_tracking":false,"_monsterinsights_sitenote_active":false,"_monsterinsights_sitenote_note":"","_monsterinsights_sitenote_category":0,"footnotes":""},"categories":[],"tags":[],"class_list":["post-11827","page","type-page","status-publish","hentry"],"acf":[],"aioseo_notices":[],"aioseo_head":"\n\t\t<!-- All in One SEO Pro 4.7.0 - aioseo.com -->\n\t\t<meta name=\"description\" content=\"Reports Can Be Customized and New Ones Added To Meet Your Exacting Needs Custom Report Development While the ProCalV5 standard application comes with over 80+ standard reports and forms, many organizations require customization to their reports &amp; forms to meet their exact needs. Prime Technologies can develop any report and\/or form to your specifications. Some\" \/>\n\t\t<meta name=\"robots\" content=\"max-image-preview:large\" \/>\n\t\t<meta name=\"google-site-verification\" content=\"Nku-_1g-wtMYqihMzrUWbm5pdgO5gPY2D7l1ya5YPAU\" \/>\n\t\t<meta name=\"msvalidate.01\" content=\"9fc30828a433413eb7b3b5d32174774f\" \/>\n\t\t<meta name=\"yandex-verification\" content=\"c2122235dabe51e3\" \/>\n\t\t<link rel=\"canonical\" href=\"https:\/\/www.agilelabs.co.za\/fr\/procalv5-custom-report-development\/\" \/>\n\t\t<meta name=\"generator\" content=\"All in One SEO Pro (AIOSEO) 4.7.0\" \/>\n\t\t<meta property=\"og:locale\" content=\"fr_FR\" \/>\n\t\t<meta property=\"og:site_name\" content=\"Agile Labs - Industry and laboratory software solutions\" \/>\n\t\t<meta property=\"og:type\" content=\"article\" \/>\n\t\t<meta property=\"og:title\" content=\"ProCalV5 Custom Report Development - Agile Labs\" \/>\n\t\t<meta property=\"og:description\" content=\"Reports Can Be Customized and New Ones Added To Meet Your Exacting Needs Custom Report Development While the ProCalV5 standard application comes with over 80+ standard reports and forms, many organizations require customization to their reports &amp; forms to meet their exact needs. Prime Technologies can develop any report and\/or form to your specifications. Some\" \/>\n\t\t<meta property=\"og:url\" content=\"https:\/\/www.agilelabs.co.za\/fr\/procalv5-custom-report-development\/\" \/>\n\t\t<meta property=\"og:image\" content=\"https:\/\/www.agilelabs.co.za\/wp-content\/uploads\/2021\/08\/TwitterLogo.png?wsr\" \/>\n\t\t<meta property=\"og:image:secure_url\" content=\"https:\/\/www.agilelabs.co.za\/wp-content\/uploads\/2021\/08\/TwitterLogo.png?wsr\" \/>\n\t\t<meta property=\"og:image:width\" content=\"189\" \/>\n\t\t<meta property=\"og:image:height\" content=\"168\" \/>\n\t\t<meta property=\"article:published_time\" content=\"2021-09-07T06:55:04+00:00\" \/>\n\t\t<meta property=\"article:modified_time\" content=\"2021-09-07T06:55:09+00:00\" \/>\n\t\t<meta property=\"article:publisher\" content=\"https:\/\/www.facebook.com\/AgileLabsTeam\" \/>\n\t\t<meta property=\"article:author\" content=\"https:\/\/www.facebook.com\/AgileLabsTeam\" \/>\n\t\t<meta name=\"twitter:card\" content=\"summary\" \/>\n\t\t<meta name=\"twitter:site\" content=\"@InfoAgileLabs\" \/>\n\t\t<meta name=\"twitter:title\" content=\"ProCalV5 Custom Report Development - Agile Labs\" \/>\n\t\t<meta name=\"twitter:description\" content=\"Reports Can Be Customized and New Ones Added To Meet Your Exacting Needs Custom Report Development While the ProCalV5 standard application comes with over 80+ standard reports and forms, many organizations require customization to their reports &amp; forms to meet their exact needs. Prime Technologies can develop any report and\/or form to your specifications. Some\" \/>\n\t\t<meta name=\"twitter:creator\" content=\"@InfoAgileLabs\" \/>\n\t\t<meta name=\"twitter:image\" content=\"https:\/\/www.agilelabs.co.za\/wp-content\/uploads\/2021\/08\/TwitterLogo.png?wsr\" \/>\n\t\t<script type=\"application\/ld+json\" class=\"aioseo-schema\">\n\t\t\t{\"@context\":\"https:\\\/\\\/schema.org\",\"@graph\":[{\"@type\":\"BreadcrumbList\",\"@id\":\"https:\\\/\\\/www.agilelabs.co.za\\\/fr\\\/procalv5-custom-report-development\\\/#breadcrumblist\",\"itemListElement\":[{\"@type\":\"ListItem\",\"@id\":\"https:\\\/\\\/www.agilelabs.co.za\\\/fr\\\/#listItem\",\"position\":1,\"name\":\"Home\",\"item\":\"https:\\\/\\\/www.agilelabs.co.za\\\/fr\\\/\",\"nextItem\":\"https:\\\/\\\/www.agilelabs.co.za\\\/fr\\\/procalv5-custom-report-development\\\/#listItem\"},{\"@type\":\"ListItem\",\"@id\":\"https:\\\/\\\/www.agilelabs.co.za\\\/fr\\\/procalv5-custom-report-development\\\/#listItem\",\"position\":2,\"name\":\"ProCalV5 Custom Report Development\",\"previousItem\":\"https:\\\/\\\/www.agilelabs.co.za\\\/fr\\\/#listItem\"}]},{\"@type\":\"Organization\",\"@id\":\"https:\\\/\\\/www.agilelabs.co.za\\\/fr\\\/#organization\",\"name\":\"Agile Labs\",\"url\":\"https:\\\/\\\/www.agilelabs.co.za\\\/fr\\\/\",\"logo\":{\"@type\":\"ImageObject\",\"url\":\"https:\\\/\\\/www.agilelabs.co.za\\\/wp-content\\\/uploads\\\/2021\\\/08\\\/LogoTransparant.gif?wsr\",\"@id\":\"https:\\\/\\\/www.agilelabs.co.za\\\/fr\\\/procalv5-custom-report-development\\\/#organizationLogo\",\"width\":125,\"height\":113},\"image\":{\"@id\":\"https:\\\/\\\/www.agilelabs.co.za\\\/fr\\\/procalv5-custom-report-development\\\/#organizationLogo\"},\"sameAs\":[\"https:\\\/\\\/www.facebook.com\\\/AgileLabsTeam\",\"https:\\\/\\\/twitter.com\\\/InfoAgileLabs\"]},{\"@type\":\"WebPage\",\"@id\":\"https:\\\/\\\/www.agilelabs.co.za\\\/fr\\\/procalv5-custom-report-development\\\/#webpage\",\"url\":\"https:\\\/\\\/www.agilelabs.co.za\\\/fr\\\/procalv5-custom-report-development\\\/\",\"name\":\"ProCalV5 Custom Report Development - Agile Labs\",\"description\":\"Reports Can Be Customized and New Ones Added To Meet Your Exacting Needs Custom Report Development While the ProCalV5 standard application comes with over 80+ standard reports and forms, many organizations require customization to their reports & forms to meet their exact needs. Prime Technologies can develop any report and\\\/or form to your specifications. Some\",\"inLanguage\":\"fr-FR\",\"isPartOf\":{\"@id\":\"https:\\\/\\\/www.agilelabs.co.za\\\/fr\\\/#website\"},\"breadcrumb\":{\"@id\":\"https:\\\/\\\/www.agilelabs.co.za\\\/fr\\\/procalv5-custom-report-development\\\/#breadcrumblist\"},\"datePublished\":\"2021-09-07T08:55:04+02:00\",\"dateModified\":\"2021-09-07T08:55:09+02:00\"},{\"@type\":\"WebSite\",\"@id\":\"https:\\\/\\\/www.agilelabs.co.za\\\/fr\\\/#website\",\"url\":\"https:\\\/\\\/www.agilelabs.co.za\\\/fr\\\/\",\"name\":\"Agile Labs\",\"description\":\"Industry and laboratory software solutions\",\"inLanguage\":\"fr-FR\",\"publisher\":{\"@id\":\"https:\\\/\\\/www.agilelabs.co.za\\\/fr\\\/#organization\"}}]}\n\t\t<\/script>\n\t\t<script type=\"text\/javascript\">\n\t\t\t(function(c,l,a,r,i,t,y){\n\t\t\tc[a]=c[a]||function(){(c[a].q=c[a].q||[]).push(arguments)};t=l.createElement(r);t.async=1;\n\t\t\tt.src=\"https:\/\/www.clarity.ms\/tag\/\"+i+\"?ref=aioseo\";y=l.getElementsByTagName(r)[0];y.parentNode.insertBefore(t,y);\n\t\t})(window, document, \"clarity\", \"script\", \"b88vlc75di\");\n\t\t<\/script>\n\t\t<!-- All in One SEO Pro -->\r\n\t\t<title>ProCalV5 Custom Report Development - Agile Labs<\/title>\n\n","aioseo_head_json":{"title":"ProCalV5 Custom Report Development - Agile Labs","description":"Reports Can Be Customized and New Ones Added To Meet Your Exacting Needs Custom Report Development While the ProCalV5 standard application comes with over 80+ standard reports and forms, many organizations require customization to their reports & forms to meet their exact needs. Prime Technologies can develop any report and\/or form to your specifications. Some","canonical_url":"https:\/\/www.agilelabs.co.za\/fr\/procalv5-custom-report-development\/","robots":"max-image-preview:large","keywords":"","webmasterTools":{"google-site-verification":"Nku-_1g-wtMYqihMzrUWbm5pdgO5gPY2D7l1ya5YPAU","msvalidate.01":"9fc30828a433413eb7b3b5d32174774f","yandex-verification":"c2122235dabe51e3","miscellaneous":""},"og:locale":"fr_FR","og:site_name":"Agile Labs - Industry and laboratory software solutions","og:type":"article","og:title":"ProCalV5 Custom Report Development - Agile Labs","og:description":"Reports Can Be Customized and New Ones Added To Meet Your Exacting Needs Custom Report Development While the ProCalV5 standard application comes with over 80+ standard reports and forms, many organizations require customization to their reports &amp; forms to meet their exact needs. Prime Technologies can develop any report and\/or form to your specifications. Some","og:url":"https:\/\/www.agilelabs.co.za\/fr\/procalv5-custom-report-development\/","og:image":"https:\/\/www.agilelabs.co.za\/wp-content\/uploads\/2021\/08\/TwitterLogo.png?wsr","og:image:secure_url":"https:\/\/www.agilelabs.co.za\/wp-content\/uploads\/2021\/08\/TwitterLogo.png?wsr","og:image:width":189,"og:image:height":168,"article:published_time":"2021-09-07T06:55:04+00:00","article:modified_time":"2021-09-07T06:55:09+00:00","article:publisher":"https:\/\/www.facebook.com\/AgileLabsTeam","article:author":"https:\/\/www.facebook.com\/AgileLabsTeam","twitter:card":"summary","twitter:site":"@InfoAgileLabs","twitter:title":"ProCalV5 Custom Report Development - Agile Labs","twitter:description":"Reports Can Be Customized and New Ones Added To Meet Your Exacting Needs Custom Report Development While the ProCalV5 standard application comes with over 80+ standard reports and forms, many organizations require customization to their reports &amp; forms to meet their exact needs. Prime Technologies can develop any report and\/or form to your specifications. Some","twitter:creator":"@InfoAgileLabs","twitter:image":"https:\/\/www.agilelabs.co.za\/wp-content\/uploads\/2021\/08\/TwitterLogo.png?wsr","schema":{"@context":"https:\/\/schema.org","@graph":[{"@type":"BreadcrumbList","@id":"https:\/\/www.agilelabs.co.za\/fr\/procalv5-custom-report-development\/#breadcrumblist","itemListElement":[{"@type":"ListItem","@id":"https:\/\/www.agilelabs.co.za\/fr\/#listItem","position":1,"name":"Home","item":"https:\/\/www.agilelabs.co.za\/fr\/","nextItem":"https:\/\/www.agilelabs.co.za\/fr\/procalv5-custom-report-development\/#listItem"},{"@type":"ListItem","@id":"https:\/\/www.agilelabs.co.za\/fr\/procalv5-custom-report-development\/#listItem","position":2,"name":"ProCalV5 Custom Report Development","previousItem":"https:\/\/www.agilelabs.co.za\/fr\/#listItem"}]},{"@type":"Organization","@id":"https:\/\/www.agilelabs.co.za\/fr\/#organization","name":"Agile Labs","url":"https:\/\/www.agilelabs.co.za\/fr\/","logo":{"@type":"ImageObject","url":"https:\/\/www.agilelabs.co.za\/wp-content\/uploads\/2021\/08\/LogoTransparant.gif?wsr","@id":"https:\/\/www.agilelabs.co.za\/fr\/procalv5-custom-report-development\/#organizationLogo","width":125,"height":113},"image":{"@id":"https:\/\/www.agilelabs.co.za\/fr\/procalv5-custom-report-development\/#organizationLogo"},"sameAs":["https:\/\/www.facebook.com\/AgileLabsTeam","https:\/\/twitter.com\/InfoAgileLabs"]},{"@type":"WebPage","@id":"https:\/\/www.agilelabs.co.za\/fr\/procalv5-custom-report-development\/#webpage","url":"https:\/\/www.agilelabs.co.za\/fr\/procalv5-custom-report-development\/","name":"ProCalV5 Custom Report Development - Agile Labs","description":"Reports Can Be Customized and New Ones Added To Meet Your Exacting Needs Custom Report Development While the ProCalV5 standard application comes with over 80+ standard reports and forms, many organizations require customization to their reports & forms to meet their exact needs. Prime Technologies can develop any report and\/or form to your specifications. Some","inLanguage":"fr-FR","isPartOf":{"@id":"https:\/\/www.agilelabs.co.za\/fr\/#website"},"breadcrumb":{"@id":"https:\/\/www.agilelabs.co.za\/fr\/procalv5-custom-report-development\/#breadcrumblist"},"datePublished":"2021-09-07T08:55:04+02:00","dateModified":"2021-09-07T08:55:09+02:00"},{"@type":"WebSite","@id":"https:\/\/www.agilelabs.co.za\/fr\/#website","url":"https:\/\/www.agilelabs.co.za\/fr\/","name":"Agile Labs","description":"Industry and laboratory software solutions","inLanguage":"fr-FR","publisher":{"@id":"https:\/\/www.agilelabs.co.za\/fr\/#organization"}}]}},"aioseo_meta_data":{"post_id":"11827","title":null,"description":null,"keywords":null,"keyphrases":null,"primary_term":null,"canonical_url":null,"og_title":null,"og_description":null,"og_object_type":"default","og_image_type":"default","og_image_url":null,"og_image_width":null,"og_image_height":null,"og_image_custom_url":null,"og_image_custom_fields":null,"og_video":null,"og_custom_url":null,"og_article_section":null,"og_article_tags":null,"twitter_use_og":false,"twitter_card":"default","twitter_image_type":"default","twitter_image_url":null,"twitter_image_custom_url":null,"twitter_image_custom_fields":null,"twitter_title":null,"twitter_description":null,"schema":{"blockGraphs":[],"customGraphs":[],"default":{"data":{"Article":[],"Course":[],"Dataset":[],"FAQPage":[],"Movie":[],"Person":[],"Product":[],"Recipe":[],"Service":[],"SoftwareApplication":[],"WebPage":[]},"graphName":"","isEnabled":true},"graphs":[]},"schema_type":"default","schema_type_options":null,"pillar_content":false,"robots_default":true,"robots_noindex":false,"robots_noarchive":false,"robots_nosnippet":false,"robots_nofollow":false,"robots_noimageindex":false,"robots_noodp":false,"robots_notranslate":false,"robots_max_snippet":null,"robots_max_videopreview":null,"robots_max_imagepreview":"large","priority":null,"frequency":null,"local_seo":null,"limit_modified_date":false,"open_ai":null,"created":"2022-02-09 02:39:01","updated":"2022-09-13 21:12:01"},"_links":{"self":[{"href":"https:\/\/www.agilelabs.co.za\/fr\/wp-json\/wp\/v2\/pages\/11827","targetHints":{"allow":["GET"]}}],"collection":[{"href":"https:\/\/www.agilelabs.co.za\/fr\/wp-json\/wp\/v2\/pages"}],"about":[{"href":"https:\/\/www.agilelabs.co.za\/fr\/wp-json\/wp\/v2\/types\/page"}],"author":[{"embeddable":true,"href":"https:\/\/www.agilelabs.co.za\/fr\/wp-json\/wp\/v2\/users\/1"}],"replies":[{"embeddable":true,"href":"https:\/\/www.agilelabs.co.za\/fr\/wp-json\/wp\/v2\/comments?post=11827"}],"version-history":[{"count":0,"href":"https:\/\/www.agilelabs.co.za\/fr\/wp-json\/wp\/v2\/pages\/11827\/revisions"}],"wp:attachment":[{"href":"https:\/\/www.agilelabs.co.za\/fr\/wp-json\/wp\/v2\/media?parent=11827"}],"wp:term":[{"taxonomy":"category","embeddable":true,"href":"https:\/\/www.agilelabs.co.za\/fr\/wp-json\/wp\/v2\/categories?post=11827"},{"taxonomy":"post_tag","embeddable":true,"href":"https:\/\/www.agilelabs.co.za\/fr\/wp-json\/wp\/v2\/tags?post=11827"}],"curies":[{"name":"wp","href":"https:\/\/api.w.org\/{rel}","templated":true}]}}