{"id":11604,"date":"2021-08-23T12:25:40","date_gmt":"2021-08-23T10:25:40","guid":{"rendered":"https:\/\/www.agilelabs.co.za\/?page_id=11526"},"modified":"2021-11-08T19:54:35","modified_gmt":"2021-11-08T17:54:35","slug":"about","status":"publish","type":"page","link":"https:\/\/www.agilelabs.co.za\/fr\/a-propos\/","title":{"rendered":"Sur"},"content":{"rendered":"<p><strong>\u00c0 propos d&#039;Agile Labs<\/strong><\/p>\n\n\n\n<p><\/p>\n\n\n\n<p>Avec 20 ans d'exp\u00e9rience technique de laboratoire et de gestion de la qualit\u00e9, Agile Labs est bien plac\u00e9 pour fournir des solutions de premi\u00e8re classe \u00e0 l'industrie des laboratoires accr\u00e9dit\u00e9s. La r\u00e9alisation d'\u00e9valuations contractuelles r\u00e9guli\u00e8res pour SANAS, UKAS, NATA et Mauritas dans de nombreux domaines accr\u00e9dit\u00e9s, avec des m\u00e9trologues certifi\u00e9s NLA, nous permet de fournir les meilleures technologies \u00e0 long terme pour\u00a0:<\/p>\n\n\n\n<ul class=\"wp-block-list\"><li>R\u00e9duire les co\u00fbts de main-d'\u0153uvre<\/li><li>Aucune saisie de donn\u00e9es en double<\/li><li>Acc\u00e9dez aux enregistrements de n'importe o\u00f9<\/li><li>Solution bas\u00e9e sur le cloud avec redondance et archivage<\/li><li>G\u00e9n\u00e9ration automatis\u00e9e de feuilles de calcul<\/li><li>\u00c9talonnages \u00e0 distance avec Windows et Android, synchronisation lorsque le WiFi est disponible<\/li><li>G\u00e9n\u00e9rez des rapports rapidement et correctement<\/li><li>Informer les clients des \u00e9talonnages dus<\/li><li>\u2026 de nombreuses autres fonctionnalit\u00e9s<\/li><\/ul>\n\n\n\n<p><a data-type=\"page\" data-id=\"11454\" href=\"https:\/\/www.agilelabs.co.za\/fr\/contact-2\/\">Contactez-nous<\/a> pour discuter des excellentes fonctionnalit\u00e9s disponibles et laisser le travail manuel de c\u00f4t\u00e9.<\/p>\n\n\n\n<hr class=\"wp-block-separator\"\/>\n\n\n\n<p><code><div class=\"soliloquy-outer-container\" data-soliloquy-loaded=\"0\"><div aria-live=\"polite\" id=\"soliloquy-container-12257\" class=\"soliloquy-container soliloquy-transition-ticker soliloquy-slide-ticker soliloquy-default-slider soliloquy-theme-classic no-js\" style=\"max-width:1514px;max-height:158px;margin:0 auto 40px;\"><ul id=\"soliloquy-12257\" class=\"soliloquy-slider soliloquy-slides soliloquy-wrap soliloquy-clear\"><li aria-hidden=\"true\" class=\"soliloquy-item soliloquy-item-1 soliloquy-id-12258 soliloquy-image-slide\" draggable=\"false\" style=\"list-style:none;\"><img decoding=\"async\" id=\"soliloquy-image-12258\" class=\"soliloquy-image soliloquy-image-1\" src=\"https:\/\/www.agilelabs.co.za\/wp-content\/uploads\/2021\/09\/Clients1.png?wsr\" alt=\"Clients1\" data-soliloquy-src-mobile=\"https:\/\/www.agilelabs.co.za\/wp-content\/uploads\/2021\/09\/Clients1-600x200_c.png\" data-no-lazy=\"1\"  \/><\/li><li aria-hidden=\"true\" class=\"soliloquy-item soliloquy-item-2 soliloquy-id-12259 soliloquy-image-slide\" draggable=\"false\" style=\"list-style:none;\"><img decoding=\"async\" id=\"soliloquy-image-12259\" class=\"soliloquy-image soliloquy-image-2 soliloquy-preload\" src=\"https:\/\/www.agilelabs.co.za\/wp-content\/plugins\/soliloquy\/assets\/css\/images\/holder.gif\" data-soliloquy-src=\"https:\/\/www.agilelabs.co.za\/wp-content\/uploads\/2021\/09\/Clients2.png?wsr\" alt=\"Clients2\" data-soliloquy-src-mobile=\"https:\/\/www.agilelabs.co.za\/wp-content\/uploads\/2021\/09\/Clients2-600x200_c.png\" data-no-lazy=\"1\"  \/><\/li><li aria-hidden=\"true\" class=\"soliloquy-item soliloquy-item-3 soliloquy-id-12260 soliloquy-image-slide\" draggable=\"false\" style=\"list-style:none;\"><img decoding=\"async\" id=\"soliloquy-image-12260\" class=\"soliloquy-image soliloquy-image-3 soliloquy-preload\" src=\"https:\/\/www.agilelabs.co.za\/wp-content\/plugins\/soliloquy\/assets\/css\/images\/holder.gif\" data-soliloquy-src=\"https:\/\/www.agilelabs.co.za\/wp-content\/uploads\/2021\/09\/Clients3.png?wsr\" alt=\"Clients3\" data-soliloquy-src-mobile=\"https:\/\/www.agilelabs.co.za\/wp-content\/uploads\/2021\/09\/Clients3-600x200_c.png\" data-no-lazy=\"1\"  \/><\/li><li aria-hidden=\"true\" class=\"soliloquy-item soliloquy-item-4 soliloquy-id-12261 soliloquy-image-slide\" draggable=\"false\" style=\"list-style:none;\"><img decoding=\"async\" id=\"soliloquy-image-12261\" class=\"soliloquy-image soliloquy-image-4 soliloquy-preload\" src=\"https:\/\/www.agilelabs.co.za\/wp-content\/plugins\/soliloquy\/assets\/css\/images\/holder.gif\" data-soliloquy-src=\"https:\/\/www.agilelabs.co.za\/wp-content\/uploads\/2021\/09\/Clients4.png?wsr\" alt=\"Clients4\" data-soliloquy-src-mobile=\"https:\/\/www.agilelabs.co.za\/wp-content\/uploads\/2021\/09\/Clients4-600x200_c.png\" data-no-lazy=\"1\"  \/><\/li><li aria-hidden=\"true\" class=\"soliloquy-item soliloquy-item-5 soliloquy-id-12262 soliloquy-image-slide\" draggable=\"false\" style=\"list-style:none;\"><img decoding=\"async\" id=\"soliloquy-image-12262\" class=\"soliloquy-image soliloquy-image-5 soliloquy-preload\" src=\"https:\/\/www.agilelabs.co.za\/wp-content\/plugins\/soliloquy\/assets\/css\/images\/holder.gif\" data-soliloquy-src=\"https:\/\/www.agilelabs.co.za\/wp-content\/uploads\/2021\/09\/Clients5.png?wsr\" alt=\"Clients5\" data-soliloquy-src-mobile=\"https:\/\/www.agilelabs.co.za\/wp-content\/uploads\/2021\/09\/Clients5-600x200_c.png\" data-no-lazy=\"1\"  \/><\/li><li aria-hidden=\"true\" class=\"soliloquy-item soliloquy-item-6 soliloquy-id-12263 soliloquy-image-slide\" draggable=\"false\" style=\"list-style:none;\"><img decoding=\"async\" id=\"soliloquy-image-12263\" class=\"soliloquy-image soliloquy-image-6 soliloquy-preload\" src=\"https:\/\/www.agilelabs.co.za\/wp-content\/plugins\/soliloquy\/assets\/css\/images\/holder.gif\" data-soliloquy-src=\"https:\/\/www.agilelabs.co.za\/wp-content\/uploads\/2021\/09\/Clients6.png?wsr\" alt=\"Clients6\" data-soliloquy-src-mobile=\"https:\/\/www.agilelabs.co.za\/wp-content\/uploads\/2021\/09\/Clients6-600x200_c.png\" data-no-lazy=\"1\"  \/><\/li><li aria-hidden=\"true\" class=\"soliloquy-item soliloquy-item-7 soliloquy-id-12264 soliloquy-image-slide\" draggable=\"false\" style=\"list-style:none;\"><img decoding=\"async\" id=\"soliloquy-image-12264\" class=\"soliloquy-image soliloquy-image-7 soliloquy-preload\" src=\"https:\/\/www.agilelabs.co.za\/wp-content\/plugins\/soliloquy\/assets\/css\/images\/holder.gif\" data-soliloquy-src=\"https:\/\/www.agilelabs.co.za\/wp-content\/uploads\/2021\/09\/Clients7.png?wsr\" alt=\"Clients7\" data-soliloquy-src-mobile=\"https:\/\/www.agilelabs.co.za\/wp-content\/uploads\/2021\/09\/Clients7-600x200_c.png\" data-no-lazy=\"1\"  \/><\/li><li aria-hidden=\"true\" class=\"soliloquy-item soliloquy-item-8 soliloquy-id-12265 soliloquy-image-slide\" draggable=\"false\" style=\"list-style:none;\"><img decoding=\"async\" id=\"soliloquy-image-12265\" class=\"soliloquy-image soliloquy-image-8 soliloquy-preload\" src=\"https:\/\/www.agilelabs.co.za\/wp-content\/plugins\/soliloquy\/assets\/css\/images\/holder.gif\" data-soliloquy-src=\"https:\/\/www.agilelabs.co.za\/wp-content\/uploads\/2021\/09\/Clients8.png?wsr\" alt=\"Clients8\" data-soliloquy-src-mobile=\"https:\/\/www.agilelabs.co.za\/wp-content\/uploads\/2021\/09\/Clients8-600x200_c.png\" data-no-lazy=\"1\"  \/><\/li><li aria-hidden=\"true\" class=\"soliloquy-item soliloquy-item-9 soliloquy-id-12266 soliloquy-image-slide\" draggable=\"false\" style=\"list-style:none;\"><img decoding=\"async\" id=\"soliloquy-image-12266\" class=\"soliloquy-image soliloquy-image-9 soliloquy-preload\" src=\"https:\/\/www.agilelabs.co.za\/wp-content\/plugins\/soliloquy\/assets\/css\/images\/holder.gif\" data-soliloquy-src=\"https:\/\/www.agilelabs.co.za\/wp-content\/uploads\/2021\/09\/Clients9.png?wsr\" alt=\"Clients9\" data-soliloquy-src-mobile=\"https:\/\/www.agilelabs.co.za\/wp-content\/uploads\/2021\/09\/Clients9-600x200_c.png\" data-no-lazy=\"1\"  \/><\/li><li aria-hidden=\"true\" class=\"soliloquy-item soliloquy-item-10 soliloquy-id-12267 soliloquy-image-slide\" draggable=\"false\" style=\"list-style:none;\"><img decoding=\"async\" id=\"soliloquy-image-12267\" class=\"soliloquy-image soliloquy-image-10 soliloquy-preload\" src=\"https:\/\/www.agilelabs.co.za\/wp-content\/plugins\/soliloquy\/assets\/css\/images\/holder.gif\" data-soliloquy-src=\"https:\/\/www.agilelabs.co.za\/wp-content\/uploads\/2021\/09\/Clients10.png?wsr\" alt=\"Clients10\" data-soliloquy-src-mobile=\"https:\/\/www.agilelabs.co.za\/wp-content\/uploads\/2021\/09\/Clients10-600x200_c.png\" data-no-lazy=\"1\"  \/><\/li><\/ul><\/div><noscript><div class=\"soliloquy-no-js\" style=\"display:none;visibility:hidden;height:0;line-height:0;opacity:0;\"><img decoding=\"async\" data-no-lazy=\"1\"  class=\"soliloquy-image soliloquy-no-js-image skip-lazy\" src=\"https:\/\/www.agilelabs.co.za\/wp-content\/uploads\/2021\/09\/Clients1.png?wsr\" alt=\"Clients1\" \/><img decoding=\"async\" data-no-lazy=\"1\"  class=\"soliloquy-image soliloquy-no-js-image skip-lazy\" src=\"https:\/\/www.agilelabs.co.za\/wp-content\/uploads\/2021\/09\/Clients2.png?wsr\" alt=\"Clients2\" \/><img decoding=\"async\" data-no-lazy=\"1\"  class=\"soliloquy-image soliloquy-no-js-image skip-lazy\" src=\"https:\/\/www.agilelabs.co.za\/wp-content\/uploads\/2021\/09\/Clients3.png?wsr\" alt=\"Clients3\" \/><img decoding=\"async\" data-no-lazy=\"1\"  class=\"soliloquy-image soliloquy-no-js-image skip-lazy\" src=\"https:\/\/www.agilelabs.co.za\/wp-content\/uploads\/2021\/09\/Clients4.png?wsr\" alt=\"Clients4\" \/><img decoding=\"async\" data-no-lazy=\"1\"  class=\"soliloquy-image soliloquy-no-js-image skip-lazy\" src=\"https:\/\/www.agilelabs.co.za\/wp-content\/uploads\/2021\/09\/Clients5.png?wsr\" alt=\"Clients5\" \/><img decoding=\"async\" data-no-lazy=\"1\"  class=\"soliloquy-image soliloquy-no-js-image skip-lazy\" src=\"https:\/\/www.agilelabs.co.za\/wp-content\/uploads\/2021\/09\/Clients6.png?wsr\" alt=\"Clients6\" \/><img decoding=\"async\" data-no-lazy=\"1\"  class=\"soliloquy-image soliloquy-no-js-image skip-lazy\" src=\"https:\/\/www.agilelabs.co.za\/wp-content\/uploads\/2021\/09\/Clients7.png?wsr\" alt=\"Clients7\" \/><img decoding=\"async\" data-no-lazy=\"1\"  class=\"soliloquy-image soliloquy-no-js-image skip-lazy\" src=\"https:\/\/www.agilelabs.co.za\/wp-content\/uploads\/2021\/09\/Clients8.png?wsr\" alt=\"Clients8\" \/><img decoding=\"async\" data-no-lazy=\"1\"  class=\"soliloquy-image soliloquy-no-js-image skip-lazy\" src=\"https:\/\/www.agilelabs.co.za\/wp-content\/uploads\/2021\/09\/Clients9.png?wsr\" alt=\"Clients9\" \/><img decoding=\"async\" data-no-lazy=\"1\"  class=\"soliloquy-image soliloquy-no-js-image skip-lazy\" src=\"https:\/\/www.agilelabs.co.za\/wp-content\/uploads\/2021\/09\/Clients10.png?wsr\" alt=\"Clients10\" \/><\/div><\/noscript><\/div><\/code><\/p>\n\n\n\n<div class=\"wp-block-image\"><figure class=\"aligncenter size-large\"><img decoding=\"async\" width=\"1024\" height=\"604\" src=\"https:\/\/www.agilelabs.co.za\/wp-content\/uploads\/2021\/10\/ProCalV5Directstore2-1024x604.png\" alt=\"\" class=\"wp-image-12396\" srcset=\"https:\/\/www.agilelabs.co.za\/wp-content\/uploads\/2021\/10\/ProCalV5Directstore2-1024x604.png 1024w, https:\/\/www.agilelabs.co.za\/wp-content\/uploads\/2021\/10\/ProCalV5Directstore2-350x206.png 350w, https:\/\/www.agilelabs.co.za\/wp-content\/uploads\/2021\/10\/ProCalV5Directstore2-680x401.png 680w, https:\/\/www.agilelabs.co.za\/wp-content\/uploads\/2021\/10\/ProCalV5Directstore2-300x177.png 300w, https:\/\/www.agilelabs.co.za\/wp-content\/uploads\/2021\/10\/ProCalV5Directstore2-768x453.png 768w, https:\/\/www.agilelabs.co.za\/wp-content\/uploads\/2021\/10\/ProCalV5Directstore2-1536x906.png 1536w, https:\/\/www.agilelabs.co.za\/wp-content\/uploads\/2021\/10\/ProCalV5Directstore2-18x12.png 18w, https:\/\/www.agilelabs.co.za\/wp-content\/uploads\/2021\/10\/ProCalV5Directstore2.png 1962w\" sizes=\"(max-width: 1024px) 100vw, 1024px\" \/><\/figure><\/div>","protected":false},"excerpt":{"rendered":"<p>About Agile Labs With 20 years of laboratory technical and quality management experience, Agile Labs is positioned to best to supply first class solutions to the accredited laboratory industry. Performing regular contract assessments for SANAS, UKAS, NATA and Mauritas in many accredited scopes, with certified NLA metrologists, allows us to provide long term best of<\/p>\n<p class=\"more-link\"><a href=\"https:\/\/www.agilelabs.co.za\/fr\/a-propos\/\" class=\"themebutton\">Lire la suite<\/a><\/p>","protected":false},"author":1,"featured_media":0,"parent":0,"menu_order":0,"comment_status":"closed","ping_status":"closed","template":"","meta":{"_acf_changed":false,"_monsterinsights_skip_tracking":false,"_monsterinsights_sitenote_active":false,"_monsterinsights_sitenote_note":"","_monsterinsights_sitenote_category":0,"footnotes":""},"categories":[],"tags":[],"class_list":["post-11604","page","type-page","status-publish","hentry"],"acf":[],"aioseo_notices":[],"aioseo_head":"\n\t\t<!-- All in One SEO Pro 4.7.0 - aioseo.com -->\n\t\t<meta name=\"description\" content=\"About Agile Labs With 20 years of laboratory technical and quality management experience, Agile Labs is positioned to best to supply first class solutions to the accredited laboratory industry. Performing regular contract assessments for SANAS, UKAS, NATA and Mauritas in many accredited scopes, with certified NLA metrologists, allows us to provide long term best of\" \/>\n\t\t<meta name=\"robots\" content=\"max-image-preview:large\" \/>\n\t\t<meta name=\"google-site-verification\" content=\"Nku-_1g-wtMYqihMzrUWbm5pdgO5gPY2D7l1ya5YPAU\" \/>\n\t\t<meta name=\"msvalidate.01\" content=\"9fc30828a433413eb7b3b5d32174774f\" \/>\n\t\t<meta name=\"yandex-verification\" content=\"c2122235dabe51e3\" \/>\n\t\t<link rel=\"canonical\" href=\"https:\/\/www.agilelabs.co.za\/fr\/a-propos\/\" \/>\n\t\t<meta name=\"generator\" content=\"All in One SEO Pro (AIOSEO) 4.7.0\" \/>\n\t\t<meta property=\"og:locale\" content=\"fr_FR\" \/>\n\t\t<meta property=\"og:site_name\" content=\"Agile Labs - Industry and laboratory software solutions\" \/>\n\t\t<meta property=\"og:type\" content=\"article\" \/>\n\t\t<meta property=\"og:title\" content=\"About - Agile Labs\" \/>\n\t\t<meta property=\"og:description\" content=\"About Agile Labs With 20 years of laboratory technical and quality management experience, Agile Labs is positioned to best to supply first class solutions to the accredited laboratory industry. Performing regular contract assessments for SANAS, UKAS, NATA and Mauritas in many accredited scopes, with certified NLA metrologists, allows us to provide long term best of\" \/>\n\t\t<meta property=\"og:url\" content=\"https:\/\/www.agilelabs.co.za\/fr\/a-propos\/\" \/>\n\t\t<meta property=\"og:image\" content=\"https:\/\/www.agilelabs.co.za\/wp-content\/uploads\/2021\/08\/TwitterLogo.png?wsr\" \/>\n\t\t<meta property=\"og:image:secure_url\" content=\"https:\/\/www.agilelabs.co.za\/wp-content\/uploads\/2021\/08\/TwitterLogo.png?wsr\" \/>\n\t\t<meta property=\"og:image:width\" content=\"189\" \/>\n\t\t<meta property=\"og:image:height\" content=\"168\" \/>\n\t\t<meta property=\"article:published_time\" content=\"2021-08-23T10:25:40+00:00\" \/>\n\t\t<meta property=\"article:modified_time\" content=\"2021-11-08T17:54:35+00:00\" \/>\n\t\t<meta property=\"article:publisher\" content=\"https:\/\/www.facebook.com\/AgileLabsTeam\" \/>\n\t\t<meta property=\"article:author\" content=\"https:\/\/www.facebook.com\/AgileLabsTeam\" \/>\n\t\t<meta name=\"twitter:card\" content=\"summary\" \/>\n\t\t<meta name=\"twitter:site\" content=\"@InfoAgileLabs\" \/>\n\t\t<meta name=\"twitter:title\" content=\"About - Agile Labs\" \/>\n\t\t<meta name=\"twitter:description\" content=\"About Agile Labs With 20 years of laboratory technical and quality management experience, Agile Labs is positioned to best to supply first class solutions to the accredited laboratory industry. Performing regular contract assessments for SANAS, UKAS, NATA and Mauritas in many accredited scopes, with certified NLA metrologists, allows us to provide long term best of\" \/>\n\t\t<meta name=\"twitter:creator\" content=\"@InfoAgileLabs\" \/>\n\t\t<meta name=\"twitter:image\" content=\"https:\/\/www.agilelabs.co.za\/wp-content\/uploads\/2021\/08\/TwitterLogo.png?wsr\" \/>\n\t\t<script type=\"application\/ld+json\" class=\"aioseo-schema\">\n\t\t\t{\"@context\":\"https:\\\/\\\/schema.org\",\"@graph\":[{\"@type\":\"BreadcrumbList\",\"@id\":\"https:\\\/\\\/www.agilelabs.co.za\\\/fr\\\/a-propos\\\/#breadcrumblist\",\"itemListElement\":[{\"@type\":\"ListItem\",\"@id\":\"https:\\\/\\\/www.agilelabs.co.za\\\/fr\\\/#listItem\",\"position\":1,\"name\":\"Home\",\"item\":\"https:\\\/\\\/www.agilelabs.co.za\\\/fr\\\/\",\"nextItem\":\"https:\\\/\\\/www.agilelabs.co.za\\\/fr\\\/a-propos\\\/#listItem\"},{\"@type\":\"ListItem\",\"@id\":\"https:\\\/\\\/www.agilelabs.co.za\\\/fr\\\/a-propos\\\/#listItem\",\"position\":2,\"name\":\"About\",\"previousItem\":\"https:\\\/\\\/www.agilelabs.co.za\\\/fr\\\/#listItem\"}]},{\"@type\":\"Organization\",\"@id\":\"https:\\\/\\\/www.agilelabs.co.za\\\/fr\\\/#organization\",\"name\":\"Agile Labs\",\"url\":\"https:\\\/\\\/www.agilelabs.co.za\\\/fr\\\/\",\"logo\":{\"@type\":\"ImageObject\",\"url\":\"https:\\\/\\\/www.agilelabs.co.za\\\/wp-content\\\/uploads\\\/2021\\\/08\\\/LogoTransparant.gif?wsr\",\"@id\":\"https:\\\/\\\/www.agilelabs.co.za\\\/fr\\\/a-propos\\\/#organizationLogo\",\"width\":125,\"height\":113},\"image\":{\"@id\":\"https:\\\/\\\/www.agilelabs.co.za\\\/fr\\\/a-propos\\\/#organizationLogo\"},\"sameAs\":[\"https:\\\/\\\/www.facebook.com\\\/AgileLabsTeam\",\"https:\\\/\\\/twitter.com\\\/InfoAgileLabs\"]},{\"@type\":\"WebPage\",\"@id\":\"https:\\\/\\\/www.agilelabs.co.za\\\/fr\\\/a-propos\\\/#webpage\",\"url\":\"https:\\\/\\\/www.agilelabs.co.za\\\/fr\\\/a-propos\\\/\",\"name\":\"About - Agile Labs\",\"description\":\"About Agile Labs With 20 years of laboratory technical and quality management experience, Agile Labs is positioned to best to supply first class solutions to the accredited laboratory industry. Performing regular contract assessments for SANAS, UKAS, NATA and Mauritas in many accredited scopes, with certified NLA metrologists, allows us to provide long term best of\",\"inLanguage\":\"fr-FR\",\"isPartOf\":{\"@id\":\"https:\\\/\\\/www.agilelabs.co.za\\\/fr\\\/#website\"},\"breadcrumb\":{\"@id\":\"https:\\\/\\\/www.agilelabs.co.za\\\/fr\\\/a-propos\\\/#breadcrumblist\"},\"datePublished\":\"2021-08-23T12:25:40+02:00\",\"dateModified\":\"2021-11-08T19:54:35+02:00\"},{\"@type\":\"WebSite\",\"@id\":\"https:\\\/\\\/www.agilelabs.co.za\\\/fr\\\/#website\",\"url\":\"https:\\\/\\\/www.agilelabs.co.za\\\/fr\\\/\",\"name\":\"Agile Labs\",\"description\":\"Industry and laboratory software solutions\",\"inLanguage\":\"fr-FR\",\"publisher\":{\"@id\":\"https:\\\/\\\/www.agilelabs.co.za\\\/fr\\\/#organization\"}}]}\n\t\t<\/script>\n\t\t<script type=\"text\/javascript\">\n\t\t\t(function(c,l,a,r,i,t,y){\n\t\t\tc[a]=c[a]||function(){(c[a].q=c[a].q||[]).push(arguments)};t=l.createElement(r);t.async=1;\n\t\t\tt.src=\"https:\/\/www.clarity.ms\/tag\/\"+i+\"?ref=aioseo\";y=l.getElementsByTagName(r)[0];y.parentNode.insertBefore(t,y);\n\t\t})(window, document, \"clarity\", \"script\", \"b88vlc75di\");\n\t\t<\/script>\n\t\t<!-- All in One SEO Pro -->\r\n\t\t<title>About - Agile Labs<\/title>\n\n","aioseo_head_json":{"title":"About - Agile Labs","description":"About Agile Labs With 20 years of laboratory technical and quality management experience, Agile Labs is positioned to best to supply first class solutions to the accredited laboratory industry. Performing regular contract assessments for SANAS, UKAS, NATA and Mauritas in many accredited scopes, with certified NLA metrologists, allows us to provide long term best of","canonical_url":"https:\/\/www.agilelabs.co.za\/fr\/a-propos\/","robots":"max-image-preview:large","keywords":"","webmasterTools":{"google-site-verification":"Nku-_1g-wtMYqihMzrUWbm5pdgO5gPY2D7l1ya5YPAU","msvalidate.01":"9fc30828a433413eb7b3b5d32174774f","yandex-verification":"c2122235dabe51e3","miscellaneous":""},"og:locale":"fr_FR","og:site_name":"Agile Labs - Industry and laboratory software solutions","og:type":"article","og:title":"About - Agile Labs","og:description":"About Agile Labs With 20 years of laboratory technical and quality management experience, Agile Labs is positioned to best to supply first class solutions to the accredited laboratory industry. Performing regular contract assessments for SANAS, UKAS, NATA and Mauritas in many accredited scopes, with certified NLA metrologists, allows us to provide long term best of","og:url":"https:\/\/www.agilelabs.co.za\/fr\/a-propos\/","og:image":"https:\/\/www.agilelabs.co.za\/wp-content\/uploads\/2021\/08\/TwitterLogo.png?wsr","og:image:secure_url":"https:\/\/www.agilelabs.co.za\/wp-content\/uploads\/2021\/08\/TwitterLogo.png?wsr","og:image:width":189,"og:image:height":168,"article:published_time":"2021-08-23T10:25:40+00:00","article:modified_time":"2021-11-08T17:54:35+00:00","article:publisher":"https:\/\/www.facebook.com\/AgileLabsTeam","article:author":"https:\/\/www.facebook.com\/AgileLabsTeam","twitter:card":"summary","twitter:site":"@InfoAgileLabs","twitter:title":"About - Agile Labs","twitter:description":"About Agile Labs With 20 years of laboratory technical and quality management experience, Agile Labs is positioned to best to supply first class solutions to the accredited laboratory industry. Performing regular contract assessments for SANAS, UKAS, NATA and Mauritas in many accredited scopes, with certified NLA metrologists, allows us to provide long term best of","twitter:creator":"@InfoAgileLabs","twitter:image":"https:\/\/www.agilelabs.co.za\/wp-content\/uploads\/2021\/08\/TwitterLogo.png?wsr","schema":{"@context":"https:\/\/schema.org","@graph":[{"@type":"BreadcrumbList","@id":"https:\/\/www.agilelabs.co.za\/fr\/a-propos\/#breadcrumblist","itemListElement":[{"@type":"ListItem","@id":"https:\/\/www.agilelabs.co.za\/fr\/#listItem","position":1,"name":"Home","item":"https:\/\/www.agilelabs.co.za\/fr\/","nextItem":"https:\/\/www.agilelabs.co.za\/fr\/a-propos\/#listItem"},{"@type":"ListItem","@id":"https:\/\/www.agilelabs.co.za\/fr\/a-propos\/#listItem","position":2,"name":"About","previousItem":"https:\/\/www.agilelabs.co.za\/fr\/#listItem"}]},{"@type":"Organization","@id":"https:\/\/www.agilelabs.co.za\/fr\/#organization","name":"Agile Labs","url":"https:\/\/www.agilelabs.co.za\/fr\/","logo":{"@type":"ImageObject","url":"https:\/\/www.agilelabs.co.za\/wp-content\/uploads\/2021\/08\/LogoTransparant.gif?wsr","@id":"https:\/\/www.agilelabs.co.za\/fr\/a-propos\/#organizationLogo","width":125,"height":113},"image":{"@id":"https:\/\/www.agilelabs.co.za\/fr\/a-propos\/#organizationLogo"},"sameAs":["https:\/\/www.facebook.com\/AgileLabsTeam","https:\/\/twitter.com\/InfoAgileLabs"]},{"@type":"WebPage","@id":"https:\/\/www.agilelabs.co.za\/fr\/a-propos\/#webpage","url":"https:\/\/www.agilelabs.co.za\/fr\/a-propos\/","name":"About - Agile Labs","description":"About Agile Labs With 20 years of laboratory technical and quality management experience, Agile Labs is positioned to best to supply first class solutions to the accredited laboratory industry. Performing regular contract assessments for SANAS, UKAS, NATA and Mauritas in many accredited scopes, with certified NLA metrologists, allows us to provide long term best of","inLanguage":"fr-FR","isPartOf":{"@id":"https:\/\/www.agilelabs.co.za\/fr\/#website"},"breadcrumb":{"@id":"https:\/\/www.agilelabs.co.za\/fr\/a-propos\/#breadcrumblist"},"datePublished":"2021-08-23T12:25:40+02:00","dateModified":"2021-11-08T19:54:35+02:00"},{"@type":"WebSite","@id":"https:\/\/www.agilelabs.co.za\/fr\/#website","url":"https:\/\/www.agilelabs.co.za\/fr\/","name":"Agile Labs","description":"Industry and laboratory software solutions","inLanguage":"fr-FR","publisher":{"@id":"https:\/\/www.agilelabs.co.za\/fr\/#organization"}}]}},"aioseo_meta_data":{"post_id":"11604","title":null,"description":null,"keywords":null,"keyphrases":null,"primary_term":null,"canonical_url":null,"og_title":null,"og_description":null,"og_object_type":"default","og_image_type":"default","og_image_url":null,"og_image_width":null,"og_image_height":null,"og_image_custom_url":null,"og_image_custom_fields":null,"og_video":null,"og_custom_url":null,"og_article_section":null,"og_article_tags":null,"twitter_use_og":false,"twitter_card":"default","twitter_image_type":"default","twitter_image_url":null,"twitter_image_custom_url":null,"twitter_image_custom_fields":null,"twitter_title":null,"twitter_description":null,"schema":{"blockGraphs":[],"customGraphs":[],"default":{"data":{"Article":[],"Course":[],"Dataset":[],"FAQPage":[],"Movie":[],"Person":[],"Product":[],"Recipe":[],"Service":[],"SoftwareApplication":[],"WebPage":[]},"graphName":"","isEnabled":true},"graphs":[]},"schema_type":"default","schema_type_options":null,"pillar_content":false,"robots_default":true,"robots_noindex":false,"robots_noarchive":false,"robots_nosnippet":false,"robots_nofollow":false,"robots_noimageindex":false,"robots_noodp":false,"robots_notranslate":false,"robots_max_snippet":null,"robots_max_videopreview":null,"robots_max_imagepreview":"large","priority":null,"frequency":null,"local_seo":null,"limit_modified_date":false,"open_ai":null,"created":"2022-02-09 02:39:01","updated":"2022-09-13 21:12:49"},"_links":{"self":[{"href":"https:\/\/www.agilelabs.co.za\/fr\/wp-json\/wp\/v2\/pages\/11604","targetHints":{"allow":["GET"]}}],"collection":[{"href":"https:\/\/www.agilelabs.co.za\/fr\/wp-json\/wp\/v2\/pages"}],"about":[{"href":"https:\/\/www.agilelabs.co.za\/fr\/wp-json\/wp\/v2\/types\/page"}],"author":[{"embeddable":true,"href":"https:\/\/www.agilelabs.co.za\/fr\/wp-json\/wp\/v2\/users\/1"}],"replies":[{"embeddable":true,"href":"https:\/\/www.agilelabs.co.za\/fr\/wp-json\/wp\/v2\/comments?post=11604"}],"version-history":[{"count":0,"href":"https:\/\/www.agilelabs.co.za\/fr\/wp-json\/wp\/v2\/pages\/11604\/revisions"}],"wp:attachment":[{"href":"https:\/\/www.agilelabs.co.za\/fr\/wp-json\/wp\/v2\/media?parent=11604"}],"wp:term":[{"taxonomy":"category","embeddable":true,"href":"https:\/\/www.agilelabs.co.za\/fr\/wp-json\/wp\/v2\/categories?post=11604"},{"taxonomy":"post_tag","embeddable":true,"href":"https:\/\/www.agilelabs.co.za\/fr\/wp-json\/wp\/v2\/tags?post=11604"}],"curies":[{"name":"wp","href":"https:\/\/api.w.org\/{rel}","templated":true}]}}