{"id":11603,"date":"2021-08-22T12:04:15","date_gmt":"2021-08-22T10:04:15","guid":{"rendered":"https:\/\/www.agilelabs.co.za\/?page_id=11512"},"modified":"2022-06-24T12:46:26","modified_gmt":"2022-06-24T10:46:26","slug":"software-options","status":"publish","type":"page","link":"https:\/\/www.agilelabs.co.za\/fr\/software-options\/","title":{"rendered":"Options logicielles"},"content":{"rendered":"<blockquote class=\"wp-block-quote is-layout-flow wp-block-quote-is-layout-flow\"><p>Ajouter de la valeur \u00e0 votre logiciel d&#039;\u00e9talonnage<\/p><\/blockquote>\n\n\n\n<p><\/p>\n\n\n\n<p>Il existe plusieurs options logicielles disponibles pour prendre en charge les exigences uniques de gestion des actifs pour les besoins individuels de l&#039;entreprise ou de l&#039;industrie. Parmi les options les plus courantes figurent celles r\u00e9pertori\u00e9es ci-dessous. Pour en voir plus, contactez-nous pour un EBook de fonctionnalit\u00e9s.<\/p>\n\n\n\n<p><strong>Maintenance pr\u00e9ventive\/ordre de travail<\/strong><\/p>\n\n\n\n<p>ProCalV5 vous permet de cr\u00e9er des enregistrements de maintenance pr\u00e9ventive (MP) qui peuvent \u00eatre affect\u00e9s aux bons de travail ou utilis\u00e9s ind\u00e9pendamment du syst\u00e8me des bons de travail. Il vous permet \u00e9galement de regrouper des \u00e9l\u00e9ments de travail tels que des \u00e9talonnages complets, des \u00e9l\u00e9ments PM et des demandes de maintenance en les affectant \u00e0 des ordres de travail. Les enregistrements des bons de travail peuvent ensuite \u00eatre suivis dans tout le syst\u00e8me au fur et \u00e0 mesure que leurs t\u00e2ches sont termin\u00e9es.<\/p>\n\n\n\n<figure class=\"wp-block-image size-full\"><img decoding=\"async\" src=\"https:\/\/www.agilelabs.co.za\/wp-content\/uploads\/2021\/08\/WorkOrders.jpg\" alt=\"\" class=\"wp-image-11514\"\/><\/figure>\n\n\n\n<p><strong>Inventaire des pi\u00e8ces<\/strong><\/p>\n\n\n\n<p>Suivre l&#039;utilisation et les pi\u00e8ces de rechange utilis\u00e9es pour l&#039;\u00e9talonnage. L&#039;enregistrement des pi\u00e8ces est utilis\u00e9 pour identifier les pi\u00e8ces de rechange d&#039;un syst\u00e8me d&#039;inventaire. L&#039;\u00e9cran Contr\u00f4le des stocks permet de contr\u00f4ler les stocks en s&#039;assurant que l&#039;entreprise dispose des produits dont elle a besoin. Les pi\u00e8ces et les pi\u00e8ces de remplacement peuvent \u00eatre suivies et compil\u00e9es dans une nomenclature pour d\u00e9tailler les co\u00fbts des budgets de travail. Il peut \u00e9galement aider \u00e0 centraliser toutes les donn\u00e9es du certificat d&#039;\u00e9talonnage en enregistrant les pi\u00e8ces utilis\u00e9es pour d\u00e9terminer le co\u00fbt total d&#039;\u00e9talonnage au fil du temps. Vous trouverez ci-dessous un \u00e9cran Pi\u00e8ces et un \u00e9cran Contr\u00f4le d&#039;inventaire.<\/p>\n\n\n\n<figure class=\"wp-block-image size-full is-resized\"><img decoding=\"async\" src=\"https:\/\/www.agilelabs.co.za\/wp-content\/uploads\/2021\/08\/parts4.jpg\" alt=\"\" class=\"wp-image-11600\" width=\"485\" height=\"404\"\/><\/figure>\n\n\n\n<figure class=\"wp-block-image size-large\"><img decoding=\"async\" src=\"https:\/\/www.agilelabs.co.za\/wp-content\/uploads\/2021\/08\/parts1-1024x440.jpg\" alt=\"\" class=\"wp-image-11602\"\/><\/figure>\n\n\n\n<p><strong>Rapports personnalis\u00e9s<\/strong><\/p>\n\n\n\n<p>Des rapports personnalis\u00e9s peuvent \u00eatre cr\u00e9\u00e9s \u00e0 n&#039;importe quelle fin dans votre flux de travail de g\u00e9n\u00e9ration de rapports d&#039;\u00e9talonnage, tels que l&#039;impression d&#039;\u00e9tiquettes, la g\u00e9n\u00e9ration de rapports sur les mesures commerciales ou la requ\u00eate d&#039;affectation de travaux sp\u00e9ciaux. Les modifications peuvent aller de l&#039;ajout d&#039;un logo d&#039;entreprise \u00e0 l&#039;ajout de champs de donn\u00e9es suppl\u00e9mentaires, de signatures, de calculs, etc., \u00e0 un reformatage complet. Pour en savoir plus sur les rapports standard et les rapports personnalis\u00e9s, <a href=\"https:\/\/www.agilelabs.co.za\/fr\/powerful-reporting-and-analytics-with-procal-software\/\" data-type=\"page\" data-id=\"11508\">Cliquez ici<\/a>.<\/p>\n\n\n\n<div class=\"wp-block-columns is-layout-flex wp-container-core-columns-is-layout-9d6595d7 wp-block-columns-is-layout-flex\">\n<div class=\"wp-block-column is-layout-flow wp-block-column-is-layout-flow\">\n<figure class=\"wp-block-image size-full\"><img decoding=\"async\" src=\"https:\/\/www.agilelabs.co.za\/wp-content\/uploads\/2021\/08\/ProCal-Custom-Report-2.png\" alt=\"\" class=\"wp-image-11603\"\/><\/figure>\n<\/div>\n\n\n\n<div class=\"wp-block-column is-layout-flow wp-block-column-is-layout-flow\">\n<figure class=\"wp-block-image size-full\"><img decoding=\"async\" src=\"https:\/\/www.agilelabs.co.za\/wp-content\/uploads\/2021\/08\/ProCal-Custom-Report-1.png\" alt=\"\" class=\"wp-image-11604\"\/><\/figure>\n<\/div>\n<\/div>\n\n\n\n<p><strong>ProCal eView (Rapport Web)<\/strong><\/p>\n\n\n\n<p>Planifiez facilement l&#039;ex\u00e9cution des rapports ProCal et leur envoi par e-mail aux destinataires\u00a0! ProCal eView est une application Web qui permet aux utilisateurs de configurer et de planifier des rapports ProCalV5 pour une g\u00e9n\u00e9ration et une livraison automatis\u00e9es sans acc\u00e9der \u00e0 l&#039;application ProCalV5 compl\u00e8te. Pour en savoir plus sur ProCal eView, <a href=\"https:\/\/www.agilelabs.co.za\/fr\/2021\/08\/24\/procal-eview-web-based-reporting\/\" data-type=\"post\" data-id=\"11547\" target=\"_blank\" rel=\"noreferrer noopener\">Cliquez ici<\/a>.<\/p>\n\n\n\n<figure class=\"wp-block-image size-full\"><img decoding=\"async\" src=\"https:\/\/www.agilelabs.co.za\/wp-content\/uploads\/2021\/08\/ProCaleViewFlow.jpg\" alt=\"\" class=\"wp-image-11605\"\/><\/figure>\n\n\n\n<p><strong>Documenter l&#039;utilitaire Calibrator<\/strong><\/p>\n\n\n\n<p>Avec ProCalv5, les techniciens sont en mesure de t\u00e9l\u00e9charger\/t\u00e9l\u00e9charger des calibrateurs de documentation sur le terrain hors ligne. En utilisant un calibrateur de terrain de documentation, comme un Fluke 754, vous garantissez la qualit\u00e9 des r\u00e9sultats de l&#039;\u00e9talonnage et l&#039;absence d&#039;erreurs caus\u00e9es par l&#039;\u00e9criture manuscrite des r\u00e9sultats.<\/p>\n\n\n\n<p>Actuellement, ProCalV5 et ProCal Direct<strong>*<\/strong> les soutiens:<\/p>\n\n\n\n<ul class=\"wp-block-list\"><li><strong>Patte<\/strong>\u2013 S\u00e9ries 74X et 75X, 729<\/li><li><strong>Honeywell<\/strong>\u2013 2020<\/li><li><strong>Martel\/B\u00eata<\/strong>\u2013 MasterCAL 990<\/li><\/ul>\n\n\n\n<p><strong>*<\/strong> Certains mod\u00e8les n\u00e9cessitent <a href=\"https:\/\/www.agilelabs.co.za\/fr\/2021\/08\/24\/devicesync-utility\/\" data-type=\"post\" data-id=\"11583\">DeviceSync<\/a><\/p>\n\n\n\n<figure class=\"wp-block-image size-full\"><img decoding=\"async\" src=\"https:\/\/www.agilelabs.co.za\/wp-content\/uploads\/2021\/08\/Documenting-Calibrator-Utility.jpg\" alt=\"\" class=\"wp-image-11606\"\/><\/figure>\n\n\n\n<p><strong>DeviceSync (Documentation de l&#039;interface du calibrateur)<\/strong><\/p>\n\n\n\n<p>Le syst\u00e8me ProCal DeviceSync permet un transfert de donn\u00e9es rapide et s\u00e9curis\u00e9 des balises t\u00e9l\u00e9charg\u00e9es et des r\u00e9sultats t\u00e9l\u00e9charg\u00e9s vers et depuis votre syst\u00e8me ProCal avec des utilisateurs partout dans le monde. Un compl\u00e9ment parfait \u00e0 un d\u00e9ploiement SaaS ou \u00e0 l&#039;\u00e9chelle de l&#039;entreprise de ProCal, les utilisateurs peuvent effectuer des \u00e9talonnages et r\u00e9cup\u00e9rer les r\u00e9sultats plus rapidement que jamais\u00a0! Pour en savoir plus et voir les \u00e9crans.<\/p>\n\n\n\n<figure class=\"wp-block-image size-large\"><img decoding=\"async\" src=\"https:\/\/www.agilelabs.co.za\/wp-content\/uploads\/2021\/08\/DeviceSyncTags2-1024x625.jpg\" alt=\"\" class=\"wp-image-11607\"\/><\/figure>\n\n\n\n<p><strong>Station de travail mobile (Licences hors ligne pour PC ou tablettes)<\/strong><\/p>\n\n\n\n<p>Mobile Workstation permet l&#039;importation et l&#039;exportation d&#039;informations entre votre base de donn\u00e9es de production et votre base de donn\u00e9es hors ligne. Les r\u00e9sultats d&#039;\u00e9talonnage et de maintenance saisis sur le terrain sont facilement t\u00e9l\u00e9charg\u00e9s via des transferts par lots.<\/p>\n\n\n<div class=\"wp-block-image\">\n<figure class=\"aligncenter size-full is-resized\"><img decoding=\"async\" src=\"https:\/\/www.agilelabs.co.za\/wp-content\/uploads\/2021\/08\/ProCalV5-Desktop-Laptop-Tablet-Software.jpg\" alt=\"\" class=\"wp-image-11608\" width=\"804\" height=\"767\"\/><\/figure><\/div>","protected":false},"excerpt":{"rendered":"<p>Adding Value to your Calibration Software There are multiple software options available to support the unique asset management requirements for individual company or industry needs. Among the most prevalent options are the ones list below. To view more, contact us for a features EBook. Preventive Maintenance\/Work Order ProCalV5 allows you to create Preventive Maintenance (PM)<\/p>\n<p class=\"more-link\"><a href=\"https:\/\/www.agilelabs.co.za\/fr\/software-options\/\" class=\"themebutton\">Lire la suite<\/a><\/p>","protected":false},"author":1,"featured_media":0,"parent":0,"menu_order":0,"comment_status":"closed","ping_status":"closed","template":"","meta":{"_acf_changed":false,"_monsterinsights_skip_tracking":false,"_monsterinsights_sitenote_active":false,"_monsterinsights_sitenote_note":"","_monsterinsights_sitenote_category":0,"footnotes":""},"categories":[],"tags":[],"class_list":["post-11603","page","type-page","status-publish","hentry"],"acf":[],"aioseo_notices":[],"aioseo_head":"\n\t\t<!-- All in One SEO Pro 4.7.0 - aioseo.com -->\n\t\t<meta name=\"description\" content=\"Adding Value to your Calibration Software There are multiple software options available to support the unique asset management requirements for individual company or industry needs. Among the most prevalent options are the ones list below. To view more, contact us for a features EBook. Preventive Maintenance\/Work Order ProCalV5 allows you to create Preventive Maintenance (PM)\" \/>\n\t\t<meta name=\"robots\" content=\"max-image-preview:large\" \/>\n\t\t<meta name=\"google-site-verification\" content=\"Nku-_1g-wtMYqihMzrUWbm5pdgO5gPY2D7l1ya5YPAU\" \/>\n\t\t<meta name=\"msvalidate.01\" content=\"9fc30828a433413eb7b3b5d32174774f\" \/>\n\t\t<meta name=\"yandex-verification\" content=\"c2122235dabe51e3\" \/>\n\t\t<link rel=\"canonical\" href=\"https:\/\/www.agilelabs.co.za\/fr\/software-options\/\" \/>\n\t\t<meta name=\"generator\" content=\"All in One SEO Pro (AIOSEO) 4.7.0\" \/>\n\t\t<meta property=\"og:locale\" content=\"fr_FR\" \/>\n\t\t<meta property=\"og:site_name\" content=\"Agile Labs - Industry and laboratory software solutions\" \/>\n\t\t<meta property=\"og:type\" content=\"article\" \/>\n\t\t<meta property=\"og:title\" content=\"Software Options - Agile Labs\" \/>\n\t\t<meta property=\"og:description\" content=\"Adding Value to your Calibration Software There are multiple software options available to support the unique asset management requirements for individual company or industry needs. Among the most prevalent options are the ones list below. To view more, contact us for a features EBook. Preventive Maintenance\/Work Order ProCalV5 allows you to create Preventive Maintenance (PM)\" \/>\n\t\t<meta property=\"og:url\" content=\"https:\/\/www.agilelabs.co.za\/fr\/software-options\/\" \/>\n\t\t<meta property=\"og:image\" content=\"https:\/\/www.agilelabs.co.za\/wp-content\/uploads\/2021\/08\/TwitterLogo.png?wsr\" \/>\n\t\t<meta property=\"og:image:secure_url\" content=\"https:\/\/www.agilelabs.co.za\/wp-content\/uploads\/2021\/08\/TwitterLogo.png?wsr\" \/>\n\t\t<meta property=\"og:image:width\" content=\"189\" \/>\n\t\t<meta property=\"og:image:height\" content=\"168\" \/>\n\t\t<meta property=\"article:published_time\" content=\"2021-08-22T10:04:15+00:00\" \/>\n\t\t<meta property=\"article:modified_time\" content=\"2022-06-24T10:46:26+00:00\" \/>\n\t\t<meta property=\"article:publisher\" content=\"https:\/\/www.facebook.com\/AgileLabsTeam\" \/>\n\t\t<meta property=\"article:author\" content=\"https:\/\/www.facebook.com\/AgileLabsTeam\" \/>\n\t\t<meta name=\"twitter:card\" content=\"summary\" \/>\n\t\t<meta name=\"twitter:site\" content=\"@InfoAgileLabs\" \/>\n\t\t<meta name=\"twitter:title\" content=\"Software Options - Agile Labs\" \/>\n\t\t<meta name=\"twitter:description\" content=\"Adding Value to your Calibration Software There are multiple software options available to support the unique asset management requirements for individual company or industry needs. Among the most prevalent options are the ones list below. To view more, contact us for a features EBook. Preventive Maintenance\/Work Order ProCalV5 allows you to create Preventive Maintenance (PM)\" \/>\n\t\t<meta name=\"twitter:creator\" content=\"@InfoAgileLabs\" \/>\n\t\t<meta name=\"twitter:image\" content=\"https:\/\/www.agilelabs.co.za\/wp-content\/uploads\/2021\/08\/TwitterLogo.png?wsr\" \/>\n\t\t<script type=\"application\/ld+json\" class=\"aioseo-schema\">\n\t\t\t{\"@context\":\"https:\\\/\\\/schema.org\",\"@graph\":[{\"@type\":\"BreadcrumbList\",\"@id\":\"https:\\\/\\\/www.agilelabs.co.za\\\/fr\\\/software-options\\\/#breadcrumblist\",\"itemListElement\":[{\"@type\":\"ListItem\",\"@id\":\"https:\\\/\\\/www.agilelabs.co.za\\\/fr\\\/#listItem\",\"position\":1,\"name\":\"Home\",\"item\":\"https:\\\/\\\/www.agilelabs.co.za\\\/fr\\\/\",\"nextItem\":\"https:\\\/\\\/www.agilelabs.co.za\\\/fr\\\/software-options\\\/#listItem\"},{\"@type\":\"ListItem\",\"@id\":\"https:\\\/\\\/www.agilelabs.co.za\\\/fr\\\/software-options\\\/#listItem\",\"position\":2,\"name\":\"Software Options\",\"previousItem\":\"https:\\\/\\\/www.agilelabs.co.za\\\/fr\\\/#listItem\"}]},{\"@type\":\"Organization\",\"@id\":\"https:\\\/\\\/www.agilelabs.co.za\\\/fr\\\/#organization\",\"name\":\"Agile Labs\",\"url\":\"https:\\\/\\\/www.agilelabs.co.za\\\/fr\\\/\",\"logo\":{\"@type\":\"ImageObject\",\"url\":\"https:\\\/\\\/www.agilelabs.co.za\\\/wp-content\\\/uploads\\\/2021\\\/08\\\/LogoTransparant.gif?wsr\",\"@id\":\"https:\\\/\\\/www.agilelabs.co.za\\\/fr\\\/software-options\\\/#organizationLogo\",\"width\":125,\"height\":113},\"image\":{\"@id\":\"https:\\\/\\\/www.agilelabs.co.za\\\/fr\\\/software-options\\\/#organizationLogo\"},\"sameAs\":[\"https:\\\/\\\/www.facebook.com\\\/AgileLabsTeam\",\"https:\\\/\\\/twitter.com\\\/InfoAgileLabs\"]},{\"@type\":\"WebPage\",\"@id\":\"https:\\\/\\\/www.agilelabs.co.za\\\/fr\\\/software-options\\\/#webpage\",\"url\":\"https:\\\/\\\/www.agilelabs.co.za\\\/fr\\\/software-options\\\/\",\"name\":\"Software Options - Agile Labs\",\"description\":\"Adding Value to your Calibration Software There are multiple software options available to support the unique asset management requirements for individual company or industry needs. Among the most prevalent options are the ones list below. To view more, contact us for a features EBook. Preventive Maintenance\\\/Work Order ProCalV5 allows you to create Preventive Maintenance (PM)\",\"inLanguage\":\"fr-FR\",\"isPartOf\":{\"@id\":\"https:\\\/\\\/www.agilelabs.co.za\\\/fr\\\/#website\"},\"breadcrumb\":{\"@id\":\"https:\\\/\\\/www.agilelabs.co.za\\\/fr\\\/software-options\\\/#breadcrumblist\"},\"datePublished\":\"2021-08-22T12:04:15+02:00\",\"dateModified\":\"2022-06-24T12:46:26+02:00\"},{\"@type\":\"WebSite\",\"@id\":\"https:\\\/\\\/www.agilelabs.co.za\\\/fr\\\/#website\",\"url\":\"https:\\\/\\\/www.agilelabs.co.za\\\/fr\\\/\",\"name\":\"Agile Labs\",\"description\":\"Industry and laboratory software solutions\",\"inLanguage\":\"fr-FR\",\"publisher\":{\"@id\":\"https:\\\/\\\/www.agilelabs.co.za\\\/fr\\\/#organization\"}}]}\n\t\t<\/script>\n\t\t<script type=\"text\/javascript\">\n\t\t\t(function(c,l,a,r,i,t,y){\n\t\t\tc[a]=c[a]||function(){(c[a].q=c[a].q||[]).push(arguments)};t=l.createElement(r);t.async=1;\n\t\t\tt.src=\"https:\/\/www.clarity.ms\/tag\/\"+i+\"?ref=aioseo\";y=l.getElementsByTagName(r)[0];y.parentNode.insertBefore(t,y);\n\t\t})(window, document, \"clarity\", \"script\", \"b88vlc75di\");\n\t\t<\/script>\n\t\t<!-- All in One SEO Pro -->\r\n\t\t<title>Software Options - Agile Labs<\/title>\n\n","aioseo_head_json":{"title":"Software Options - Agile Labs","description":"Adding Value to your Calibration Software There are multiple software options available to support the unique asset management requirements for individual company or industry needs. Among the most prevalent options are the ones list below. To view more, contact us for a features EBook. Preventive Maintenance\/Work Order ProCalV5 allows you to create Preventive Maintenance (PM)","canonical_url":"https:\/\/www.agilelabs.co.za\/fr\/software-options\/","robots":"max-image-preview:large","keywords":"","webmasterTools":{"google-site-verification":"Nku-_1g-wtMYqihMzrUWbm5pdgO5gPY2D7l1ya5YPAU","msvalidate.01":"9fc30828a433413eb7b3b5d32174774f","yandex-verification":"c2122235dabe51e3","miscellaneous":""},"og:locale":"fr_FR","og:site_name":"Agile Labs - Industry and laboratory software solutions","og:type":"article","og:title":"Software Options - Agile Labs","og:description":"Adding Value to your Calibration Software There are multiple software options available to support the unique asset management requirements for individual company or industry needs. Among the most prevalent options are the ones list below. To view more, contact us for a features EBook. Preventive Maintenance\/Work Order ProCalV5 allows you to create Preventive Maintenance (PM)","og:url":"https:\/\/www.agilelabs.co.za\/fr\/software-options\/","og:image":"https:\/\/www.agilelabs.co.za\/wp-content\/uploads\/2021\/08\/TwitterLogo.png?wsr","og:image:secure_url":"https:\/\/www.agilelabs.co.za\/wp-content\/uploads\/2021\/08\/TwitterLogo.png?wsr","og:image:width":189,"og:image:height":168,"article:published_time":"2021-08-22T10:04:15+00:00","article:modified_time":"2022-06-24T10:46:26+00:00","article:publisher":"https:\/\/www.facebook.com\/AgileLabsTeam","article:author":"https:\/\/www.facebook.com\/AgileLabsTeam","twitter:card":"summary","twitter:site":"@InfoAgileLabs","twitter:title":"Software Options - Agile Labs","twitter:description":"Adding Value to your Calibration Software There are multiple software options available to support the unique asset management requirements for individual company or industry needs. Among the most prevalent options are the ones list below. To view more, contact us for a features EBook. Preventive Maintenance\/Work Order ProCalV5 allows you to create Preventive Maintenance (PM)","twitter:creator":"@InfoAgileLabs","twitter:image":"https:\/\/www.agilelabs.co.za\/wp-content\/uploads\/2021\/08\/TwitterLogo.png?wsr","schema":{"@context":"https:\/\/schema.org","@graph":[{"@type":"BreadcrumbList","@id":"https:\/\/www.agilelabs.co.za\/fr\/software-options\/#breadcrumblist","itemListElement":[{"@type":"ListItem","@id":"https:\/\/www.agilelabs.co.za\/fr\/#listItem","position":1,"name":"Home","item":"https:\/\/www.agilelabs.co.za\/fr\/","nextItem":"https:\/\/www.agilelabs.co.za\/fr\/software-options\/#listItem"},{"@type":"ListItem","@id":"https:\/\/www.agilelabs.co.za\/fr\/software-options\/#listItem","position":2,"name":"Software Options","previousItem":"https:\/\/www.agilelabs.co.za\/fr\/#listItem"}]},{"@type":"Organization","@id":"https:\/\/www.agilelabs.co.za\/fr\/#organization","name":"Agile Labs","url":"https:\/\/www.agilelabs.co.za\/fr\/","logo":{"@type":"ImageObject","url":"https:\/\/www.agilelabs.co.za\/wp-content\/uploads\/2021\/08\/LogoTransparant.gif?wsr","@id":"https:\/\/www.agilelabs.co.za\/fr\/software-options\/#organizationLogo","width":125,"height":113},"image":{"@id":"https:\/\/www.agilelabs.co.za\/fr\/software-options\/#organizationLogo"},"sameAs":["https:\/\/www.facebook.com\/AgileLabsTeam","https:\/\/twitter.com\/InfoAgileLabs"]},{"@type":"WebPage","@id":"https:\/\/www.agilelabs.co.za\/fr\/software-options\/#webpage","url":"https:\/\/www.agilelabs.co.za\/fr\/software-options\/","name":"Software Options - Agile Labs","description":"Adding Value to your Calibration Software There are multiple software options available to support the unique asset management requirements for individual company or industry needs. Among the most prevalent options are the ones list below. To view more, contact us for a features EBook. Preventive Maintenance\/Work Order ProCalV5 allows you to create Preventive Maintenance (PM)","inLanguage":"fr-FR","isPartOf":{"@id":"https:\/\/www.agilelabs.co.za\/fr\/#website"},"breadcrumb":{"@id":"https:\/\/www.agilelabs.co.za\/fr\/software-options\/#breadcrumblist"},"datePublished":"2021-08-22T12:04:15+02:00","dateModified":"2022-06-24T12:46:26+02:00"},{"@type":"WebSite","@id":"https:\/\/www.agilelabs.co.za\/fr\/#website","url":"https:\/\/www.agilelabs.co.za\/fr\/","name":"Agile Labs","description":"Industry and laboratory software solutions","inLanguage":"fr-FR","publisher":{"@id":"https:\/\/www.agilelabs.co.za\/fr\/#organization"}}]}},"aioseo_meta_data":{"post_id":"11603","title":null,"description":null,"keywords":"[]","keyphrases":"{\"focus\":{\"keyphrase\":\"\",\"score\":0,\"analysis\":{\"keyphraseInTitle\":{\"score\":0,\"maxScore\":9,\"error\":1}}},\"additional\":[]}","primary_term":null,"canonical_url":null,"og_title":null,"og_description":null,"og_object_type":"default","og_image_type":"default","og_image_url":null,"og_image_width":null,"og_image_height":null,"og_image_custom_url":null,"og_image_custom_fields":null,"og_video":"","og_custom_url":null,"og_article_section":null,"og_article_tags":"[]","twitter_use_og":false,"twitter_card":"default","twitter_image_type":"default","twitter_image_url":null,"twitter_image_custom_url":null,"twitter_image_custom_fields":null,"twitter_title":null,"twitter_description":null,"schema":{"blockGraphs":[],"customGraphs":[],"default":{"data":{"Article":[],"Course":[],"Dataset":[],"FAQPage":[],"Movie":[],"Person":[],"Product":[],"Recipe":[],"Service":[],"SoftwareApplication":[],"WebPage":[]},"graphName":"","isEnabled":true},"graphs":[]},"schema_type":"default","schema_type_options":"{\"article\":{\"articleType\":\"BlogPosting\"},\"course\":{\"name\":\"\",\"description\":\"\",\"provider\":\"\"},\"faq\":{\"pages\":[]},\"product\":{\"reviews\":[]},\"recipe\":{\"ingredients\":[],\"instructions\":[],\"keywords\":[]},\"software\":{\"reviews\":[],\"operatingSystems\":[]},\"webPage\":{\"webPageType\":\"WebPage\"}}","pillar_content":false,"robots_default":true,"robots_noindex":false,"robots_noarchive":false,"robots_nosnippet":false,"robots_nofollow":false,"robots_noimageindex":false,"robots_noodp":false,"robots_notranslate":false,"robots_max_snippet":"-1","robots_max_videopreview":"-1","robots_max_imagepreview":"large","priority":null,"frequency":"default","local_seo":null,"limit_modified_date":false,"open_ai":null,"created":"2022-02-09 02:39:01","updated":"2022-09-13 21:13:05"},"_links":{"self":[{"href":"https:\/\/www.agilelabs.co.za\/fr\/wp-json\/wp\/v2\/pages\/11603","targetHints":{"allow":["GET"]}}],"collection":[{"href":"https:\/\/www.agilelabs.co.za\/fr\/wp-json\/wp\/v2\/pages"}],"about":[{"href":"https:\/\/www.agilelabs.co.za\/fr\/wp-json\/wp\/v2\/types\/page"}],"author":[{"embeddable":true,"href":"https:\/\/www.agilelabs.co.za\/fr\/wp-json\/wp\/v2\/users\/1"}],"replies":[{"embeddable":true,"href":"https:\/\/www.agilelabs.co.za\/fr\/wp-json\/wp\/v2\/comments?post=11603"}],"version-history":[{"count":0,"href":"https:\/\/www.agilelabs.co.za\/fr\/wp-json\/wp\/v2\/pages\/11603\/revisions"}],"wp:attachment":[{"href":"https:\/\/www.agilelabs.co.za\/fr\/wp-json\/wp\/v2\/media?parent=11603"}],"wp:term":[{"taxonomy":"category","embeddable":true,"href":"https:\/\/www.agilelabs.co.za\/fr\/wp-json\/wp\/v2\/categories?post=11603"},{"taxonomy":"post_tag","embeddable":true,"href":"https:\/\/www.agilelabs.co.za\/fr\/wp-json\/wp\/v2\/tags?post=11603"}],"curies":[{"name":"wp","href":"https:\/\/api.w.org\/{rel}","templated":true}]}}