{"id":11599,"date":"2021-08-20T04:08:20","date_gmt":"2021-08-20T02:08:20","guid":{"rendered":"https:\/\/www.agilelabs.co.za\/?page_id=11493"},"modified":"2021-08-20T04:08:20","modified_gmt":"2021-08-20T02:08:20","slug":"field-calibrator-utility","status":"publish","type":"page","link":"https:\/\/www.agilelabs.co.za\/fr\/field-calibrator-utility\/","title":{"rendered":"Utilitaire de calibrage de terrain"},"content":{"rendered":"<p><strong>Utilitaire de calibrateur de terrain et calibrateurs de documentation<\/strong><\/p>\n\n\n\n<p><\/p>\n\n\n\n<p>Augmentez la productivit\u00e9 avec des \u00e9talonnages enti\u00e8rement sans papier<\/p>\n\n\n\n<p><\/p>\n\n\n\n<p>Le logiciel ProCalV5 avec Fluke Documenting Process Calibrators offre la solution d&#039;\u00e9talonnage sans papier enti\u00e8rement automatis\u00e9e, \u00e9conomique et comp\u00e9titive, qui am\u00e9liorera la productivit\u00e9 de 50% ou plus par rapport aux pratiques anciennes consommatrices de papier. Pour le technicien mono-utilisateur jusqu&#039;aux responsables au niveau de l&#039;entreprise, ce syst\u00e8me complet \u00e9limine les erreurs humaines \u00e0 la fois sur le terrain et lors de l&#039;examen qualit\u00e9 ult\u00e9rieur.<\/p>\n\n\n\n<p>En utilisant un calibrateur de terrain de documentation, comme un Fluke 754, vous garantissez la qualit\u00e9 des r\u00e9sultats de l&#039;\u00e9talonnage et l&#039;absence d&#039;erreurs caus\u00e9es par l&#039;\u00e9criture manuscrite des r\u00e9sultats. Pour garantir que ces r\u00e9sultats soient transf\u00e9r\u00e9s \u00e0 la base de donn\u00e9es principale, l&#039;utilitaire Field Calibrator charge et t\u00e9l\u00e9charge automatiquement toutes les donn\u00e9es n\u00e9cessaires pour terminer les proc\u00e9dures d&#039;\u00e9talonnage que vous avez mises en place de mani\u00e8re uniforme.<\/p>\n\n\n\n<p><strong>Avantages de l&#039;utilisation de Field Calibrator Utility et de ProCalV5<\/strong><\/p>\n\n\n\n<figure class=\"wp-block-table alignleft\"><table><tbody><tr><td class=\"has-text-align-left\" data-align=\"left\"><strong>Fluke avec ProCalV5<\/strong><\/td><td class=\"has-text-align-left\" data-align=\"left\"><strong>La plupart des autres logiciels compatibles DPC<\/strong><\/td><\/tr><tr><td class=\"has-text-align-left\" data-align=\"left\">Possibilit\u00e9 de t\u00e9l\u00e9charger des r\u00e9sultats ad-hoc enregistr\u00e9s \u00e0 partir de la touche programmable \u00ab\u00a0tels que trouv\u00e9s\u00a0\u00bb vers n&#039;importe quelle balise du syst\u00e8me.<\/td><td class=\"has-text-align-left\" data-align=\"left\">Les utilisateurs doivent d&#039;abord t\u00e9l\u00e9charger les t\u00e2ches avant les r\u00e9sultats ad-hoc.<\/td><\/tr><tr><td class=\"has-text-align-left\" data-align=\"left\">Lors du t\u00e9l\u00e9chargement des t\u00e2ches, l&#039;utilisateur peut d\u00e9finir des invites sp\u00e9cifiques sur le calibrateur pour des champs tels que les heures de travail, le type d&#039;\u00e9talonnage, la raison de l&#039;\u00e9chec, la temp\u00e9rature et l&#039;humidit\u00e9. Les donn\u00e9es sont automatiquement enregistr\u00e9es lors du t\u00e9l\u00e9chargement.<\/td><td class=\"has-text-align-left\" data-align=\"left\">L&#039;utilisateur doit toujours saisir des donn\u00e9es suppl\u00e9mentaires dans le syst\u00e8me apr\u00e8s le t\u00e9l\u00e9chargement.<\/td><\/tr><tr><td class=\"has-text-align-left\" data-align=\"left\">Possibilit\u00e9 de t\u00e9l\u00e9charger des donn\u00e9es enregistr\u00e9es.<\/td><td class=\"has-text-align-left\" data-align=\"left\">Pas disponible.<\/td><\/tr><tr><td class=\"has-text-align-left\" data-align=\"left\">Possibilit\u00e9 de t\u00e9l\u00e9charger des \u00e9talonnages manuels r\u00e9ussite\/\u00e9chec sur le calibrateur pour l&#039;entr\u00e9e de l&#039;\u00e9tat r\u00e9ussite\/\u00e9chec dans le champ.<\/td><td class=\"has-text-align-left\" data-align=\"left\">Seuls les tests de commutation et analogiques\/proportionnels sont disponibles.<\/td><\/tr><tr><td class=\"has-text-align-left\" data-align=\"left\">Possibilit\u00e9 de configurer des unit\u00e9s personnalis\u00e9es \u00e0 l&#039;aide d&#039;une unit\u00e9 de base et d&#039;une plage pour afficher une unit\u00e9 diff\u00e9rente.<\/td><td class=\"has-text-align-left\" data-align=\"left\">Pas disponible.<\/td><\/tr><tr><td class=\"has-text-align-left\" data-align=\"left\">Possibilit\u00e9 d&#039;utiliser le type d&#039;affichage % of Scale pour la mesure et\/ou la source dans leurs t\u00e2ches de t\u00e9l\u00e9chargement<\/td><td class=\"has-text-align-left\" data-align=\"left\">Pas disponible.<\/td><\/tr><tr><td class=\"has-text-align-left\" data-align=\"left\">Permet d&#039;afficher le texte de la proc\u00e9dure SOP associ\u00e9e sous la forme d&#039;un message de configuration ou de cl\u00f4ture de plusieurs pages.<\/td><td class=\"has-text-align-left\" data-align=\"left\">Pas de vue de document SOP c\u00f4te \u00e0 c\u00f4te, les invites sont limit\u00e9es \u00e0 un \u00e9cran \u00e0 la fois.<\/td><\/tr><tr><td class=\"has-text-align-left\" data-align=\"left\">Offre un mode PV num\u00e9rique pour les transmetteurs HART<\/td><td class=\"has-text-align-left\" data-align=\"left\">Pas disponible.<\/td><\/tr><tr><td class=\"has-text-align-left\" data-align=\"left\">Permet \u00e0 l&#039;utilisateur de choisir facilement entre la source de courant (\u00ab\u00a0Source mA\u00a0\u00bb) et le courant absorb\u00e9 (\u00ab\u00a0Simuler l&#039;\u00e9metteur\u00a0\u00bb) sur n&#039;importe quelle \u00e9tiquette d&#039;instrument \u00e0 t\u00e9l\u00e9charger.<\/td><td class=\"has-text-align-left\" data-align=\"left\">L&#039;utilisation du mode Simuler l&#039;\u00e9metteur n\u00e9cessite une solution de contournement de configuration dans la plupart des cas.<\/td><\/tr><\/tbody><\/table><\/figure>\n\n\n\n<div class=\"wp-block-image\"><figure class=\"aligncenter size-full\"><img decoding=\"async\" src=\"https:\/\/www.agilelabs.co.za\/wp-content\/uploads\/2021\/08\/MonitorsAndFlukeReportsandMasterRecord.jpg\" alt=\"\" class=\"wp-image-11429\"\/><\/figure><\/div>","protected":false},"excerpt":{"rendered":"<p>Field Calibrator Utility &amp; Documenting Calibrators Boost Productivity with Fully Paperless Calibrations ProCalV5 software with Fluke Documenting Process Calibrators offers the \u201cBest of Breed\u201d fully-automated, cost competitive, paperless calibration solution that will improve productivity by 50% or more over antiquated paper intensive practices. For the single-user technician up to enterprise level managers, this comprehensive system<\/p>\n<p class=\"more-link\"><a href=\"https:\/\/www.agilelabs.co.za\/fr\/field-calibrator-utility\/\" class=\"themebutton\">Lire la suite<\/a><\/p>","protected":false},"author":1,"featured_media":0,"parent":0,"menu_order":0,"comment_status":"closed","ping_status":"closed","template":"","meta":{"_acf_changed":false,"_monsterinsights_skip_tracking":false,"_monsterinsights_sitenote_active":false,"_monsterinsights_sitenote_note":"","_monsterinsights_sitenote_category":0,"footnotes":""},"categories":[],"tags":[],"class_list":["post-11599","page","type-page","status-publish","hentry"],"acf":[],"aioseo_notices":[],"aioseo_head":"\n\t\t<!-- All in One SEO Pro 4.7.0 - aioseo.com -->\n\t\t<meta name=\"description\" content=\"Field Calibrator Utility &amp; Documenting Calibrators Boost Productivity with Fully Paperless Calibrations ProCalV5 software with Fluke Documenting Process Calibrators offers the \u201cBest of Breed\u201d fully-automated, cost competitive, paperless calibration solution that will improve productivity by 50% or more over antiquated paper intensive practices. For the single-user technician up to enterprise level managers, this comprehensive system\" \/>\n\t\t<meta name=\"robots\" content=\"max-image-preview:large\" \/>\n\t\t<meta name=\"google-site-verification\" content=\"Nku-_1g-wtMYqihMzrUWbm5pdgO5gPY2D7l1ya5YPAU\" \/>\n\t\t<meta name=\"msvalidate.01\" content=\"9fc30828a433413eb7b3b5d32174774f\" \/>\n\t\t<meta name=\"yandex-verification\" content=\"c2122235dabe51e3\" \/>\n\t\t<link rel=\"canonical\" href=\"https:\/\/www.agilelabs.co.za\/fr\/field-calibrator-utility\/\" \/>\n\t\t<meta name=\"generator\" content=\"All in One SEO Pro (AIOSEO) 4.7.0\" \/>\n\t\t<meta property=\"og:locale\" content=\"fr_FR\" \/>\n\t\t<meta property=\"og:site_name\" content=\"Agile Labs - Industry and laboratory software solutions\" \/>\n\t\t<meta property=\"og:type\" content=\"article\" \/>\n\t\t<meta property=\"og:title\" content=\"Field Calibrator Utility - Agile Labs\" \/>\n\t\t<meta property=\"og:description\" content=\"Field Calibrator Utility &amp; Documenting Calibrators Boost Productivity with Fully Paperless Calibrations ProCalV5 software with Fluke Documenting Process Calibrators offers the \u201cBest of Breed\u201d fully-automated, cost competitive, paperless calibration solution that will improve productivity by 50% or more over antiquated paper intensive practices. For the single-user technician up to enterprise level managers, this comprehensive system\" \/>\n\t\t<meta property=\"og:url\" content=\"https:\/\/www.agilelabs.co.za\/fr\/field-calibrator-utility\/\" \/>\n\t\t<meta property=\"og:image\" content=\"https:\/\/www.agilelabs.co.za\/wp-content\/uploads\/2021\/08\/TwitterLogo.png?wsr\" \/>\n\t\t<meta property=\"og:image:secure_url\" content=\"https:\/\/www.agilelabs.co.za\/wp-content\/uploads\/2021\/08\/TwitterLogo.png?wsr\" \/>\n\t\t<meta property=\"og:image:width\" content=\"189\" \/>\n\t\t<meta property=\"og:image:height\" content=\"168\" \/>\n\t\t<meta property=\"article:published_time\" content=\"2021-08-20T02:08:20+00:00\" \/>\n\t\t<meta property=\"article:modified_time\" content=\"2021-08-20T02:08:20+00:00\" \/>\n\t\t<meta property=\"article:publisher\" content=\"https:\/\/www.facebook.com\/AgileLabsTeam\" \/>\n\t\t<meta property=\"article:author\" content=\"https:\/\/www.facebook.com\/AgileLabsTeam\" \/>\n\t\t<meta name=\"twitter:card\" content=\"summary\" \/>\n\t\t<meta name=\"twitter:site\" content=\"@InfoAgileLabs\" \/>\n\t\t<meta name=\"twitter:title\" content=\"Field Calibrator Utility - Agile Labs\" \/>\n\t\t<meta name=\"twitter:description\" content=\"Field Calibrator Utility &amp; Documenting Calibrators Boost Productivity with Fully Paperless Calibrations ProCalV5 software with Fluke Documenting Process Calibrators offers the \u201cBest of Breed\u201d fully-automated, cost competitive, paperless calibration solution that will improve productivity by 50% or more over antiquated paper intensive practices. For the single-user technician up to enterprise level managers, this comprehensive system\" \/>\n\t\t<meta name=\"twitter:creator\" content=\"@InfoAgileLabs\" \/>\n\t\t<meta name=\"twitter:image\" content=\"https:\/\/www.agilelabs.co.za\/wp-content\/uploads\/2021\/08\/TwitterLogo.png?wsr\" \/>\n\t\t<script type=\"application\/ld+json\" class=\"aioseo-schema\">\n\t\t\t{\"@context\":\"https:\\\/\\\/schema.org\",\"@graph\":[{\"@type\":\"BreadcrumbList\",\"@id\":\"https:\\\/\\\/www.agilelabs.co.za\\\/fr\\\/field-calibrator-utility\\\/#breadcrumblist\",\"itemListElement\":[{\"@type\":\"ListItem\",\"@id\":\"https:\\\/\\\/www.agilelabs.co.za\\\/fr\\\/#listItem\",\"position\":1,\"name\":\"Home\",\"item\":\"https:\\\/\\\/www.agilelabs.co.za\\\/fr\\\/\",\"nextItem\":\"https:\\\/\\\/www.agilelabs.co.za\\\/fr\\\/field-calibrator-utility\\\/#listItem\"},{\"@type\":\"ListItem\",\"@id\":\"https:\\\/\\\/www.agilelabs.co.za\\\/fr\\\/field-calibrator-utility\\\/#listItem\",\"position\":2,\"name\":\"Field Calibrator Utility\",\"previousItem\":\"https:\\\/\\\/www.agilelabs.co.za\\\/fr\\\/#listItem\"}]},{\"@type\":\"Organization\",\"@id\":\"https:\\\/\\\/www.agilelabs.co.za\\\/fr\\\/#organization\",\"name\":\"Agile Labs\",\"url\":\"https:\\\/\\\/www.agilelabs.co.za\\\/fr\\\/\",\"logo\":{\"@type\":\"ImageObject\",\"url\":\"https:\\\/\\\/www.agilelabs.co.za\\\/wp-content\\\/uploads\\\/2021\\\/08\\\/LogoTransparant.gif?wsr\",\"@id\":\"https:\\\/\\\/www.agilelabs.co.za\\\/fr\\\/field-calibrator-utility\\\/#organizationLogo\",\"width\":125,\"height\":113},\"image\":{\"@id\":\"https:\\\/\\\/www.agilelabs.co.za\\\/fr\\\/field-calibrator-utility\\\/#organizationLogo\"},\"sameAs\":[\"https:\\\/\\\/www.facebook.com\\\/AgileLabsTeam\",\"https:\\\/\\\/twitter.com\\\/InfoAgileLabs\"]},{\"@type\":\"WebPage\",\"@id\":\"https:\\\/\\\/www.agilelabs.co.za\\\/fr\\\/field-calibrator-utility\\\/#webpage\",\"url\":\"https:\\\/\\\/www.agilelabs.co.za\\\/fr\\\/field-calibrator-utility\\\/\",\"name\":\"Field Calibrator Utility - Agile Labs\",\"description\":\"Field Calibrator Utility & Documenting Calibrators Boost Productivity with Fully Paperless Calibrations ProCalV5 software with Fluke Documenting Process Calibrators offers the \\u201cBest of Breed\\u201d fully-automated, cost competitive, paperless calibration solution that will improve productivity by 50% or more over antiquated paper intensive practices. For the single-user technician up to enterprise level managers, this comprehensive system\",\"inLanguage\":\"fr-FR\",\"isPartOf\":{\"@id\":\"https:\\\/\\\/www.agilelabs.co.za\\\/fr\\\/#website\"},\"breadcrumb\":{\"@id\":\"https:\\\/\\\/www.agilelabs.co.za\\\/fr\\\/field-calibrator-utility\\\/#breadcrumblist\"},\"datePublished\":\"2021-08-20T04:08:20+02:00\",\"dateModified\":\"2021-08-20T04:08:20+02:00\"},{\"@type\":\"WebSite\",\"@id\":\"https:\\\/\\\/www.agilelabs.co.za\\\/fr\\\/#website\",\"url\":\"https:\\\/\\\/www.agilelabs.co.za\\\/fr\\\/\",\"name\":\"Agile Labs\",\"description\":\"Industry and laboratory software solutions\",\"inLanguage\":\"fr-FR\",\"publisher\":{\"@id\":\"https:\\\/\\\/www.agilelabs.co.za\\\/fr\\\/#organization\"}}]}\n\t\t<\/script>\n\t\t<script type=\"text\/javascript\">\n\t\t\t(function(c,l,a,r,i,t,y){\n\t\t\tc[a]=c[a]||function(){(c[a].q=c[a].q||[]).push(arguments)};t=l.createElement(r);t.async=1;\n\t\t\tt.src=\"https:\/\/www.clarity.ms\/tag\/\"+i+\"?ref=aioseo\";y=l.getElementsByTagName(r)[0];y.parentNode.insertBefore(t,y);\n\t\t})(window, document, \"clarity\", \"script\", \"b88vlc75di\");\n\t\t<\/script>\n\t\t<!-- All in One SEO Pro -->\r\n\t\t<title>Field Calibrator Utility - Agile Labs<\/title>\n\n","aioseo_head_json":{"title":"Field Calibrator Utility - Agile Labs","description":"Field Calibrator Utility & Documenting Calibrators Boost Productivity with Fully Paperless Calibrations ProCalV5 software with Fluke Documenting Process Calibrators offers the \u201cBest of Breed\u201d fully-automated, cost competitive, paperless calibration solution that will improve productivity by 50% or more over antiquated paper intensive practices. For the single-user technician up to enterprise level managers, this comprehensive system","canonical_url":"https:\/\/www.agilelabs.co.za\/fr\/field-calibrator-utility\/","robots":"max-image-preview:large","keywords":"","webmasterTools":{"google-site-verification":"Nku-_1g-wtMYqihMzrUWbm5pdgO5gPY2D7l1ya5YPAU","msvalidate.01":"9fc30828a433413eb7b3b5d32174774f","yandex-verification":"c2122235dabe51e3","miscellaneous":""},"og:locale":"fr_FR","og:site_name":"Agile Labs - Industry and laboratory software solutions","og:type":"article","og:title":"Field Calibrator Utility - Agile Labs","og:description":"Field Calibrator Utility &amp; Documenting Calibrators Boost Productivity with Fully Paperless Calibrations ProCalV5 software with Fluke Documenting Process Calibrators offers the \u201cBest of Breed\u201d fully-automated, cost competitive, paperless calibration solution that will improve productivity by 50% or more over antiquated paper intensive practices. For the single-user technician up to enterprise level managers, this comprehensive system","og:url":"https:\/\/www.agilelabs.co.za\/fr\/field-calibrator-utility\/","og:image":"https:\/\/www.agilelabs.co.za\/wp-content\/uploads\/2021\/08\/TwitterLogo.png?wsr","og:image:secure_url":"https:\/\/www.agilelabs.co.za\/wp-content\/uploads\/2021\/08\/TwitterLogo.png?wsr","og:image:width":189,"og:image:height":168,"article:published_time":"2021-08-20T02:08:20+00:00","article:modified_time":"2021-08-20T02:08:20+00:00","article:publisher":"https:\/\/www.facebook.com\/AgileLabsTeam","article:author":"https:\/\/www.facebook.com\/AgileLabsTeam","twitter:card":"summary","twitter:site":"@InfoAgileLabs","twitter:title":"Field Calibrator Utility - Agile Labs","twitter:description":"Field Calibrator Utility &amp; Documenting Calibrators Boost Productivity with Fully Paperless Calibrations ProCalV5 software with Fluke Documenting Process Calibrators offers the \u201cBest of Breed\u201d fully-automated, cost competitive, paperless calibration solution that will improve productivity by 50% or more over antiquated paper intensive practices. For the single-user technician up to enterprise level managers, this comprehensive system","twitter:creator":"@InfoAgileLabs","twitter:image":"https:\/\/www.agilelabs.co.za\/wp-content\/uploads\/2021\/08\/TwitterLogo.png?wsr","schema":{"@context":"https:\/\/schema.org","@graph":[{"@type":"BreadcrumbList","@id":"https:\/\/www.agilelabs.co.za\/fr\/field-calibrator-utility\/#breadcrumblist","itemListElement":[{"@type":"ListItem","@id":"https:\/\/www.agilelabs.co.za\/fr\/#listItem","position":1,"name":"Home","item":"https:\/\/www.agilelabs.co.za\/fr\/","nextItem":"https:\/\/www.agilelabs.co.za\/fr\/field-calibrator-utility\/#listItem"},{"@type":"ListItem","@id":"https:\/\/www.agilelabs.co.za\/fr\/field-calibrator-utility\/#listItem","position":2,"name":"Field Calibrator Utility","previousItem":"https:\/\/www.agilelabs.co.za\/fr\/#listItem"}]},{"@type":"Organization","@id":"https:\/\/www.agilelabs.co.za\/fr\/#organization","name":"Agile Labs","url":"https:\/\/www.agilelabs.co.za\/fr\/","logo":{"@type":"ImageObject","url":"https:\/\/www.agilelabs.co.za\/wp-content\/uploads\/2021\/08\/LogoTransparant.gif?wsr","@id":"https:\/\/www.agilelabs.co.za\/fr\/field-calibrator-utility\/#organizationLogo","width":125,"height":113},"image":{"@id":"https:\/\/www.agilelabs.co.za\/fr\/field-calibrator-utility\/#organizationLogo"},"sameAs":["https:\/\/www.facebook.com\/AgileLabsTeam","https:\/\/twitter.com\/InfoAgileLabs"]},{"@type":"WebPage","@id":"https:\/\/www.agilelabs.co.za\/fr\/field-calibrator-utility\/#webpage","url":"https:\/\/www.agilelabs.co.za\/fr\/field-calibrator-utility\/","name":"Field Calibrator Utility - Agile Labs","description":"Field Calibrator Utility & Documenting Calibrators Boost Productivity with Fully Paperless Calibrations ProCalV5 software with Fluke Documenting Process Calibrators offers the \u201cBest of Breed\u201d fully-automated, cost competitive, paperless calibration solution that will improve productivity by 50% or more over antiquated paper intensive practices. For the single-user technician up to enterprise level managers, this comprehensive system","inLanguage":"fr-FR","isPartOf":{"@id":"https:\/\/www.agilelabs.co.za\/fr\/#website"},"breadcrumb":{"@id":"https:\/\/www.agilelabs.co.za\/fr\/field-calibrator-utility\/#breadcrumblist"},"datePublished":"2021-08-20T04:08:20+02:00","dateModified":"2021-08-20T04:08:20+02:00"},{"@type":"WebSite","@id":"https:\/\/www.agilelabs.co.za\/fr\/#website","url":"https:\/\/www.agilelabs.co.za\/fr\/","name":"Agile Labs","description":"Industry and laboratory software solutions","inLanguage":"fr-FR","publisher":{"@id":"https:\/\/www.agilelabs.co.za\/fr\/#organization"}}]}},"aioseo_meta_data":{"post_id":"11599","title":null,"description":null,"keywords":null,"keyphrases":null,"primary_term":null,"canonical_url":null,"og_title":null,"og_description":null,"og_object_type":"default","og_image_type":"default","og_image_url":null,"og_image_width":null,"og_image_height":null,"og_image_custom_url":null,"og_image_custom_fields":null,"og_video":null,"og_custom_url":null,"og_article_section":null,"og_article_tags":null,"twitter_use_og":false,"twitter_card":"default","twitter_image_type":"default","twitter_image_url":null,"twitter_image_custom_url":null,"twitter_image_custom_fields":null,"twitter_title":null,"twitter_description":null,"schema":{"blockGraphs":[],"customGraphs":[],"default":{"data":{"Article":[],"Course":[],"Dataset":[],"FAQPage":[],"Movie":[],"Person":[],"Product":[],"Recipe":[],"Service":[],"SoftwareApplication":[],"WebPage":[]},"graphName":"","isEnabled":true},"graphs":[]},"schema_type":"default","schema_type_options":null,"pillar_content":false,"robots_default":true,"robots_noindex":false,"robots_noarchive":false,"robots_nosnippet":false,"robots_nofollow":false,"robots_noimageindex":false,"robots_noodp":false,"robots_notranslate":false,"robots_max_snippet":null,"robots_max_videopreview":null,"robots_max_imagepreview":"large","priority":null,"frequency":null,"local_seo":null,"limit_modified_date":false,"open_ai":null,"created":"2022-02-09 02:39:01","updated":"2022-09-13 21:16:28"},"_links":{"self":[{"href":"https:\/\/www.agilelabs.co.za\/fr\/wp-json\/wp\/v2\/pages\/11599","targetHints":{"allow":["GET"]}}],"collection":[{"href":"https:\/\/www.agilelabs.co.za\/fr\/wp-json\/wp\/v2\/pages"}],"about":[{"href":"https:\/\/www.agilelabs.co.za\/fr\/wp-json\/wp\/v2\/types\/page"}],"author":[{"embeddable":true,"href":"https:\/\/www.agilelabs.co.za\/fr\/wp-json\/wp\/v2\/users\/1"}],"replies":[{"embeddable":true,"href":"https:\/\/www.agilelabs.co.za\/fr\/wp-json\/wp\/v2\/comments?post=11599"}],"version-history":[{"count":0,"href":"https:\/\/www.agilelabs.co.za\/fr\/wp-json\/wp\/v2\/pages\/11599\/revisions"}],"wp:attachment":[{"href":"https:\/\/www.agilelabs.co.za\/fr\/wp-json\/wp\/v2\/media?parent=11599"}],"wp:term":[{"taxonomy":"category","embeddable":true,"href":"https:\/\/www.agilelabs.co.za\/fr\/wp-json\/wp\/v2\/categories?post=11599"},{"taxonomy":"post_tag","embeddable":true,"href":"https:\/\/www.agilelabs.co.za\/fr\/wp-json\/wp\/v2\/tags?post=11599"}],"curies":[{"name":"wp","href":"https:\/\/api.w.org\/{rel}","templated":true}]}}