{"id":11598,"date":"2021-08-20T04:04:06","date_gmt":"2021-08-20T02:04:06","guid":{"rendered":"https:\/\/www.agilelabs.co.za\/?page_id=11489"},"modified":"2021-09-02T09:11:21","modified_gmt":"2021-09-02T07:11:21","slug":"fluke","status":"publish","type":"page","link":"https:\/\/www.agilelabs.co.za\/fr\/fluke\/","title":{"rendered":"Patte"},"content":{"rendered":"<p><strong>\u00c9talonneurs de documentation<\/strong><\/p>\n\n\n\n<p>La fonctionnalit\u00e9 sans papier est le meilleur moyen d&#039;am\u00e9liorer la productivit\u00e9, de r\u00e9duire les co\u00fbts d&#039;exploitation et d&#039;assurer la conformit\u00e9 r\u00e9glementaire. ProCalV5 est le programme le plus puissant \u00e0 utiliser avec les calibrateurs de processus de documentation Fluke 740\/750. Les caract\u00e9ristiques uniques du syst\u00e8me permettent de charger\/t\u00e9l\u00e9charger des t\u00e2ches sur le calibrateur \u00e0 partir d&#039;une connexion PC\/serveur ou \u00e0 distance \u00e0 partir d&#039;une station de travail mobile ProCalV5. Un contr\u00f4le de supervision am\u00e9lior\u00e9 pour vos op\u00e9rations sur le terrain est assur\u00e9 !<\/p>\n\n\n\n<p><strong>Multi-fonctionnel.<\/strong><\/p>\n\n\n\n<p>Calibrez la temp\u00e9rature, la pression, la tension, le courant, la r\u00e9sistance et la fr\u00e9quence. Comme il mesure \u00e0 la fois les sources, vous pouvez d\u00e9panner et calibrer le tout avec un seul outil robuste.<\/p>\n\n\n\n<p><strong>Puissant, mais facile \u00e0 utiliser.<\/strong><\/p>\n\n\n\n<p>L&#039;affichage facile \u00e0 suivre et pilot\u00e9 par menu vous guide \u00e0 travers n&#039;importe quelle t\u00e2che. Les routines d&#039;\u00e9talonnage programmables vous permettent de cr\u00e9er et d&#039;ex\u00e9cuter des proc\u00e9dures automatis\u00e9es telles que trouv\u00e9es\/\u00e0 gauche pour garantir des \u00e9talonnages rapides et coh\u00e9rents.<\/p>\n\n\n\n<p><strong>Enregistre et documente les r\u00e9sultats.<\/strong><\/p>\n\n\n\n<p>Pour prendre en charge vos normes ISO-9000 ou r\u00e9glementaires, le Fluke 753\/754 capture vos r\u00e9sultats d&#039;\u00e9talonnage, \u00e9liminant ainsi le besoin de jongler avec un stylo et un bloc-notes sur le terrain. L&#039;interface USB des Fluke 753 et 754 vous permet de transf\u00e9rer les r\u00e9sultats vers un PC, \u00e9vitant ainsi de devoir les transcrire manuellement lorsque vous retournez en magasin.<\/p>\n\n\n\n<p><strong>Vraiment tenu \u00e0 la main.<\/strong><\/p>\n\n\n\n<p>Assez petit pour tenir facilement dans une trousse \u00e0 outils et pour \u00eatre utilis\u00e9 dans des espaces restreints. Ex\u00e9cute un quart de travail complet sur une batterie Li-ion rechargeable.<\/p>\n\n\n\n<p><strong>Robuste et fiable.<\/strong><\/p>\n\n\n\n<p>Le bo\u00eetier en ur\u00e9thane surmoul\u00e9 r\u00e9siste aux manipulations brutales dans les environnements industriels. Les calibrateurs offrent des cycles d&#039;\u00e9talonnage d&#039;un ou deux ans et une garantie de trois ans.<\/p>\n\n\n\n<p><strong>Affichage blanc brillant.<\/strong><\/p>\n\n\n\n<p>Vous permet de lire vos r\u00e9sultats sous n&#039;importe quel type de lumi\u00e8re. Le r\u00e9tro\u00e9clairage a trois (3) r\u00e9glages.<\/p>\n\n\n\n<p><strong>Interface multilingue.<\/strong><\/p>\n\n\n\n<p>Affiche les instructions en anglais, fran\u00e7ais, allemand, espagnol et italien.<\/p>\n\n\n\n<p><strong>AutoStep.<\/strong><\/p>\n\n\n\n<p>Permet aux techniciens de r\u00e9gler le calibrateur pour un d\u00e9marrage diff\u00e9r\u00e9 et une s\u00e9quence d&#039;\u00e9tapes sp\u00e9cifique, afin qu&#039;il puisse fonctionner sans surveillance en tant que source de test variable en continu.<\/p>\n\n\n\n<p><strong>Calculatrice alg\u00e9brique int\u00e9gr\u00e9e.<\/strong><\/p>\n\n\n\n<p>Avec quatre fonctions - plus la racine carr\u00e9e - stocke, rappelle et effectue les calculs n\u00e9cessaires \u00e0 la configuration des instruments ou \u00e0 l&#039;\u00e9valuation des donn\u00e9es sur le terrain. Utilisez-le pour d\u00e9finir la fonction source sur une valeur calcul\u00e9e. Il n&#039;est pas n\u00e9cessaire de transporter un crayon et du papier ou une calculatrice s\u00e9par\u00e9e.<\/p>\n\n\n\n<div class=\"wp-block-image\"><figure class=\"aligncenter size-full\"><img decoding=\"async\" width=\"323\" height=\"400\" src=\"https:\/\/www.agilelabs.co.za\/wp-content\/uploads\/2021\/08\/Documenting_Calibrators.png\" alt=\"\" class=\"wp-image-11510\" srcset=\"https:\/\/www.agilelabs.co.za\/wp-content\/uploads\/2021\/08\/Documenting_Calibrators.png 323w, https:\/\/www.agilelabs.co.za\/wp-content\/uploads\/2021\/08\/Documenting_Calibrators-300x372.png 300w, https:\/\/www.agilelabs.co.za\/wp-content\/uploads\/2021\/08\/Documenting_Calibrators-242x300.png 242w\" sizes=\"(max-width: 323px) 100vw, 323px\" \/><\/figure><\/div>","protected":false},"excerpt":{"rendered":"<p>Documenting Calibrators Paperless functionality is the best way to improve productivity, reduce operational costs and ensure regulatory compliance. ProCalV5 is the most powerful program for use with Fluke 740\/750 Documenting Process Calibrators. Unique system features enable work assignments to upload\/download to the calibrator from either a PC\/server connection or remotely from a ProCalV5 Mobile Workstation.<\/p>\n<p class=\"more-link\"><a href=\"https:\/\/www.agilelabs.co.za\/fr\/fluke\/\" class=\"themebutton\">Lire la suite<\/a><\/p>","protected":false},"author":1,"featured_media":0,"parent":0,"menu_order":0,"comment_status":"closed","ping_status":"closed","template":"","meta":{"_acf_changed":false,"_monsterinsights_skip_tracking":false,"_monsterinsights_sitenote_active":false,"_monsterinsights_sitenote_note":"","_monsterinsights_sitenote_category":0,"footnotes":""},"categories":[],"tags":[],"class_list":["post-11598","page","type-page","status-publish","hentry"],"acf":[],"aioseo_notices":[],"aioseo_head":"\n\t\t<!-- All in One SEO Pro 4.7.0 - aioseo.com -->\n\t\t<meta name=\"description\" content=\"Documenting Calibrators Paperless functionality is the best way to improve productivity, reduce operational costs and ensure regulatory compliance. ProCalV5 is the most powerful program for use with Fluke 740\/750 Documenting Process Calibrators. Unique system features enable work assignments to upload\/download to the calibrator from either a PC\/server connection or remotely from a ProCalV5 Mobile Workstation.\" \/>\n\t\t<meta name=\"robots\" content=\"max-image-preview:large\" \/>\n\t\t<meta name=\"google-site-verification\" content=\"Nku-_1g-wtMYqihMzrUWbm5pdgO5gPY2D7l1ya5YPAU\" \/>\n\t\t<meta name=\"msvalidate.01\" content=\"9fc30828a433413eb7b3b5d32174774f\" \/>\n\t\t<meta name=\"yandex-verification\" content=\"c2122235dabe51e3\" \/>\n\t\t<link rel=\"canonical\" href=\"https:\/\/www.agilelabs.co.za\/fr\/fluke\/\" \/>\n\t\t<meta name=\"generator\" content=\"All in One SEO Pro (AIOSEO) 4.7.0\" \/>\n\t\t<meta property=\"og:locale\" content=\"fr_FR\" \/>\n\t\t<meta property=\"og:site_name\" content=\"Agile Labs - Industry and laboratory software solutions\" \/>\n\t\t<meta property=\"og:type\" content=\"article\" \/>\n\t\t<meta property=\"og:title\" content=\"Fluke - Agile Labs\" \/>\n\t\t<meta property=\"og:description\" content=\"Documenting Calibrators Paperless functionality is the best way to improve productivity, reduce operational costs and ensure regulatory compliance. ProCalV5 is the most powerful program for use with Fluke 740\/750 Documenting Process Calibrators. Unique system features enable work assignments to upload\/download to the calibrator from either a PC\/server connection or remotely from a ProCalV5 Mobile Workstation.\" \/>\n\t\t<meta property=\"og:url\" content=\"https:\/\/www.agilelabs.co.za\/fr\/fluke\/\" \/>\n\t\t<meta property=\"og:image\" content=\"https:\/\/www.agilelabs.co.za\/wp-content\/uploads\/2021\/08\/TwitterLogo.png?wsr\" \/>\n\t\t<meta property=\"og:image:secure_url\" content=\"https:\/\/www.agilelabs.co.za\/wp-content\/uploads\/2021\/08\/TwitterLogo.png?wsr\" \/>\n\t\t<meta property=\"og:image:width\" content=\"189\" \/>\n\t\t<meta property=\"og:image:height\" content=\"168\" \/>\n\t\t<meta property=\"article:published_time\" content=\"2021-08-20T02:04:06+00:00\" \/>\n\t\t<meta property=\"article:modified_time\" content=\"2021-09-02T07:11:21+00:00\" \/>\n\t\t<meta property=\"article:publisher\" content=\"https:\/\/www.facebook.com\/AgileLabsTeam\" \/>\n\t\t<meta property=\"article:author\" content=\"https:\/\/www.facebook.com\/AgileLabsTeam\" \/>\n\t\t<meta name=\"twitter:card\" content=\"summary\" \/>\n\t\t<meta name=\"twitter:site\" content=\"@InfoAgileLabs\" \/>\n\t\t<meta name=\"twitter:title\" content=\"Fluke - Agile Labs\" \/>\n\t\t<meta name=\"twitter:description\" content=\"Documenting Calibrators Paperless functionality is the best way to improve productivity, reduce operational costs and ensure regulatory compliance. ProCalV5 is the most powerful program for use with Fluke 740\/750 Documenting Process Calibrators. Unique system features enable work assignments to upload\/download to the calibrator from either a PC\/server connection or remotely from a ProCalV5 Mobile Workstation.\" \/>\n\t\t<meta name=\"twitter:creator\" content=\"@InfoAgileLabs\" \/>\n\t\t<meta name=\"twitter:image\" content=\"https:\/\/www.agilelabs.co.za\/wp-content\/uploads\/2021\/08\/TwitterLogo.png?wsr\" \/>\n\t\t<script type=\"application\/ld+json\" class=\"aioseo-schema\">\n\t\t\t{\"@context\":\"https:\\\/\\\/schema.org\",\"@graph\":[{\"@type\":\"BreadcrumbList\",\"@id\":\"https:\\\/\\\/www.agilelabs.co.za\\\/fr\\\/fluke\\\/#breadcrumblist\",\"itemListElement\":[{\"@type\":\"ListItem\",\"@id\":\"https:\\\/\\\/www.agilelabs.co.za\\\/fr\\\/#listItem\",\"position\":1,\"name\":\"Home\",\"item\":\"https:\\\/\\\/www.agilelabs.co.za\\\/fr\\\/\",\"nextItem\":\"https:\\\/\\\/www.agilelabs.co.za\\\/fr\\\/fluke\\\/#listItem\"},{\"@type\":\"ListItem\",\"@id\":\"https:\\\/\\\/www.agilelabs.co.za\\\/fr\\\/fluke\\\/#listItem\",\"position\":2,\"name\":\"Fluke\",\"previousItem\":\"https:\\\/\\\/www.agilelabs.co.za\\\/fr\\\/#listItem\"}]},{\"@type\":\"Organization\",\"@id\":\"https:\\\/\\\/www.agilelabs.co.za\\\/fr\\\/#organization\",\"name\":\"Agile Labs\",\"url\":\"https:\\\/\\\/www.agilelabs.co.za\\\/fr\\\/\",\"logo\":{\"@type\":\"ImageObject\",\"url\":\"https:\\\/\\\/www.agilelabs.co.za\\\/wp-content\\\/uploads\\\/2021\\\/08\\\/LogoTransparant.gif?wsr\",\"@id\":\"https:\\\/\\\/www.agilelabs.co.za\\\/fr\\\/fluke\\\/#organizationLogo\",\"width\":125,\"height\":113},\"image\":{\"@id\":\"https:\\\/\\\/www.agilelabs.co.za\\\/fr\\\/fluke\\\/#organizationLogo\"},\"sameAs\":[\"https:\\\/\\\/www.facebook.com\\\/AgileLabsTeam\",\"https:\\\/\\\/twitter.com\\\/InfoAgileLabs\"]},{\"@type\":\"WebPage\",\"@id\":\"https:\\\/\\\/www.agilelabs.co.za\\\/fr\\\/fluke\\\/#webpage\",\"url\":\"https:\\\/\\\/www.agilelabs.co.za\\\/fr\\\/fluke\\\/\",\"name\":\"Fluke - Agile Labs\",\"description\":\"Documenting Calibrators Paperless functionality is the best way to improve productivity, reduce operational costs and ensure regulatory compliance. ProCalV5 is the most powerful program for use with Fluke 740\\\/750 Documenting Process Calibrators. Unique system features enable work assignments to upload\\\/download to the calibrator from either a PC\\\/server connection or remotely from a ProCalV5 Mobile Workstation.\",\"inLanguage\":\"fr-FR\",\"isPartOf\":{\"@id\":\"https:\\\/\\\/www.agilelabs.co.za\\\/fr\\\/#website\"},\"breadcrumb\":{\"@id\":\"https:\\\/\\\/www.agilelabs.co.za\\\/fr\\\/fluke\\\/#breadcrumblist\"},\"datePublished\":\"2021-08-20T04:04:06+02:00\",\"dateModified\":\"2021-09-02T09:11:21+02:00\"},{\"@type\":\"WebSite\",\"@id\":\"https:\\\/\\\/www.agilelabs.co.za\\\/fr\\\/#website\",\"url\":\"https:\\\/\\\/www.agilelabs.co.za\\\/fr\\\/\",\"name\":\"Agile Labs\",\"description\":\"Industry and laboratory software solutions\",\"inLanguage\":\"fr-FR\",\"publisher\":{\"@id\":\"https:\\\/\\\/www.agilelabs.co.za\\\/fr\\\/#organization\"}}]}\n\t\t<\/script>\n\t\t<script type=\"text\/javascript\">\n\t\t\t(function(c,l,a,r,i,t,y){\n\t\t\tc[a]=c[a]||function(){(c[a].q=c[a].q||[]).push(arguments)};t=l.createElement(r);t.async=1;\n\t\t\tt.src=\"https:\/\/www.clarity.ms\/tag\/\"+i+\"?ref=aioseo\";y=l.getElementsByTagName(r)[0];y.parentNode.insertBefore(t,y);\n\t\t})(window, document, \"clarity\", \"script\", \"b88vlc75di\");\n\t\t<\/script>\n\t\t<!-- All in One SEO Pro -->\r\n\t\t<title>Fluke - Agile Labs<\/title>\n\n","aioseo_head_json":{"title":"Fluke - Agile Labs","description":"Documenting Calibrators Paperless functionality is the best way to improve productivity, reduce operational costs and ensure regulatory compliance. ProCalV5 is the most powerful program for use with Fluke 740\/750 Documenting Process Calibrators. Unique system features enable work assignments to upload\/download to the calibrator from either a PC\/server connection or remotely from a ProCalV5 Mobile Workstation.","canonical_url":"https:\/\/www.agilelabs.co.za\/fr\/fluke\/","robots":"max-image-preview:large","keywords":"","webmasterTools":{"google-site-verification":"Nku-_1g-wtMYqihMzrUWbm5pdgO5gPY2D7l1ya5YPAU","msvalidate.01":"9fc30828a433413eb7b3b5d32174774f","yandex-verification":"c2122235dabe51e3","miscellaneous":""},"og:locale":"fr_FR","og:site_name":"Agile Labs - Industry and laboratory software solutions","og:type":"article","og:title":"Fluke - Agile Labs","og:description":"Documenting Calibrators Paperless functionality is the best way to improve productivity, reduce operational costs and ensure regulatory compliance. ProCalV5 is the most powerful program for use with Fluke 740\/750 Documenting Process Calibrators. Unique system features enable work assignments to upload\/download to the calibrator from either a PC\/server connection or remotely from a ProCalV5 Mobile Workstation.","og:url":"https:\/\/www.agilelabs.co.za\/fr\/fluke\/","og:image":"https:\/\/www.agilelabs.co.za\/wp-content\/uploads\/2021\/08\/TwitterLogo.png?wsr","og:image:secure_url":"https:\/\/www.agilelabs.co.za\/wp-content\/uploads\/2021\/08\/TwitterLogo.png?wsr","og:image:width":189,"og:image:height":168,"article:published_time":"2021-08-20T02:04:06+00:00","article:modified_time":"2021-09-02T07:11:21+00:00","article:publisher":"https:\/\/www.facebook.com\/AgileLabsTeam","article:author":"https:\/\/www.facebook.com\/AgileLabsTeam","twitter:card":"summary","twitter:site":"@InfoAgileLabs","twitter:title":"Fluke - Agile Labs","twitter:description":"Documenting Calibrators Paperless functionality is the best way to improve productivity, reduce operational costs and ensure regulatory compliance. ProCalV5 is the most powerful program for use with Fluke 740\/750 Documenting Process Calibrators. Unique system features enable work assignments to upload\/download to the calibrator from either a PC\/server connection or remotely from a ProCalV5 Mobile Workstation.","twitter:creator":"@InfoAgileLabs","twitter:image":"https:\/\/www.agilelabs.co.za\/wp-content\/uploads\/2021\/08\/TwitterLogo.png?wsr","schema":{"@context":"https:\/\/schema.org","@graph":[{"@type":"BreadcrumbList","@id":"https:\/\/www.agilelabs.co.za\/fr\/fluke\/#breadcrumblist","itemListElement":[{"@type":"ListItem","@id":"https:\/\/www.agilelabs.co.za\/fr\/#listItem","position":1,"name":"Home","item":"https:\/\/www.agilelabs.co.za\/fr\/","nextItem":"https:\/\/www.agilelabs.co.za\/fr\/fluke\/#listItem"},{"@type":"ListItem","@id":"https:\/\/www.agilelabs.co.za\/fr\/fluke\/#listItem","position":2,"name":"Fluke","previousItem":"https:\/\/www.agilelabs.co.za\/fr\/#listItem"}]},{"@type":"Organization","@id":"https:\/\/www.agilelabs.co.za\/fr\/#organization","name":"Agile Labs","url":"https:\/\/www.agilelabs.co.za\/fr\/","logo":{"@type":"ImageObject","url":"https:\/\/www.agilelabs.co.za\/wp-content\/uploads\/2021\/08\/LogoTransparant.gif?wsr","@id":"https:\/\/www.agilelabs.co.za\/fr\/fluke\/#organizationLogo","width":125,"height":113},"image":{"@id":"https:\/\/www.agilelabs.co.za\/fr\/fluke\/#organizationLogo"},"sameAs":["https:\/\/www.facebook.com\/AgileLabsTeam","https:\/\/twitter.com\/InfoAgileLabs"]},{"@type":"WebPage","@id":"https:\/\/www.agilelabs.co.za\/fr\/fluke\/#webpage","url":"https:\/\/www.agilelabs.co.za\/fr\/fluke\/","name":"Fluke - Agile Labs","description":"Documenting Calibrators Paperless functionality is the best way to improve productivity, reduce operational costs and ensure regulatory compliance. ProCalV5 is the most powerful program for use with Fluke 740\/750 Documenting Process Calibrators. Unique system features enable work assignments to upload\/download to the calibrator from either a PC\/server connection or remotely from a ProCalV5 Mobile Workstation.","inLanguage":"fr-FR","isPartOf":{"@id":"https:\/\/www.agilelabs.co.za\/fr\/#website"},"breadcrumb":{"@id":"https:\/\/www.agilelabs.co.za\/fr\/fluke\/#breadcrumblist"},"datePublished":"2021-08-20T04:04:06+02:00","dateModified":"2021-09-02T09:11:21+02:00"},{"@type":"WebSite","@id":"https:\/\/www.agilelabs.co.za\/fr\/#website","url":"https:\/\/www.agilelabs.co.za\/fr\/","name":"Agile Labs","description":"Industry and laboratory software solutions","inLanguage":"fr-FR","publisher":{"@id":"https:\/\/www.agilelabs.co.za\/fr\/#organization"}}]}},"aioseo_meta_data":{"post_id":"11598","title":null,"description":null,"keywords":null,"keyphrases":null,"primary_term":null,"canonical_url":null,"og_title":null,"og_description":null,"og_object_type":"default","og_image_type":"default","og_image_url":null,"og_image_width":null,"og_image_height":null,"og_image_custom_url":null,"og_image_custom_fields":null,"og_video":null,"og_custom_url":null,"og_article_section":null,"og_article_tags":null,"twitter_use_og":false,"twitter_card":"default","twitter_image_type":"default","twitter_image_url":null,"twitter_image_custom_url":null,"twitter_image_custom_fields":null,"twitter_title":null,"twitter_description":null,"schema":{"blockGraphs":[],"customGraphs":[],"default":{"data":{"Article":[],"Course":[],"Dataset":[],"FAQPage":[],"Movie":[],"Person":[],"Product":[],"Recipe":[],"Service":[],"SoftwareApplication":[],"WebPage":[]},"graphName":"","isEnabled":true},"graphs":[]},"schema_type":"default","schema_type_options":null,"pillar_content":false,"robots_default":true,"robots_noindex":false,"robots_noarchive":false,"robots_nosnippet":false,"robots_nofollow":false,"robots_noimageindex":false,"robots_noodp":false,"robots_notranslate":false,"robots_max_snippet":null,"robots_max_videopreview":null,"robots_max_imagepreview":"large","priority":null,"frequency":null,"local_seo":null,"limit_modified_date":false,"open_ai":null,"created":"2022-02-09 02:39:01","updated":"2022-09-13 21:12:53"},"_links":{"self":[{"href":"https:\/\/www.agilelabs.co.za\/fr\/wp-json\/wp\/v2\/pages\/11598","targetHints":{"allow":["GET"]}}],"collection":[{"href":"https:\/\/www.agilelabs.co.za\/fr\/wp-json\/wp\/v2\/pages"}],"about":[{"href":"https:\/\/www.agilelabs.co.za\/fr\/wp-json\/wp\/v2\/types\/page"}],"author":[{"embeddable":true,"href":"https:\/\/www.agilelabs.co.za\/fr\/wp-json\/wp\/v2\/users\/1"}],"replies":[{"embeddable":true,"href":"https:\/\/www.agilelabs.co.za\/fr\/wp-json\/wp\/v2\/comments?post=11598"}],"version-history":[{"count":0,"href":"https:\/\/www.agilelabs.co.za\/fr\/wp-json\/wp\/v2\/pages\/11598\/revisions"}],"wp:attachment":[{"href":"https:\/\/www.agilelabs.co.za\/fr\/wp-json\/wp\/v2\/media?parent=11598"}],"wp:term":[{"taxonomy":"category","embeddable":true,"href":"https:\/\/www.agilelabs.co.za\/fr\/wp-json\/wp\/v2\/categories?post=11598"},{"taxonomy":"post_tag","embeddable":true,"href":"https:\/\/www.agilelabs.co.za\/fr\/wp-json\/wp\/v2\/tags?post=11598"}],"curies":[{"name":"wp","href":"https:\/\/api.w.org\/{rel}","templated":true}]}}