{"id":11596,"date":"2021-08-20T03:33:50","date_gmt":"2021-08-20T01:33:50","guid":{"rendered":"https:\/\/www.agilelabs.co.za\/?page_id=11476"},"modified":"2021-09-01T15:21:43","modified_gmt":"2021-09-01T13:21:43","slug":"procal-direct","status":"publish","type":"page","link":"https:\/\/www.agilelabs.co.za\/fr\/procal-direct\/","title":{"rendered":"ProCal Direct"},"content":{"rendered":"<p><strong>ProCal Direct - Logiciel de gestion d&#039;\u00e9talonnage bas\u00e9 sur le cloud<\/strong><\/p>\n\n\n\n<p><\/p>\n\n\n\n<blockquote class=\"wp-block-quote is-layout-flow wp-block-quote-is-layout-flow\"><p>Fournir toute la puissance et les performances de ProCalV5<\/p><\/blockquote>\n\n\n\n<p>Confiez-nous la gestion du d\u00e9ploiement des logiciels, de la maintenance des bases de donn\u00e9es, de la validation des serveurs et de l&#039;infrastructure informatique. Avec le logiciel d&#039;\u00e9talonnage ProCal Direct, vous pouvez acc\u00e9der instantan\u00e9ment \u00e0 vos donn\u00e9es d&#039;\u00e9talonnage et de maintenance h\u00e9berg\u00e9es par des professionnels de n&#039;importe o\u00f9 via une solution cloud valid\u00e9e.<\/p>\n\n\n\n<div class=\"wp-block-image\"><figure class=\"aligncenter size-full\"><img decoding=\"async\" width=\"350\" height=\"255\" src=\"https:\/\/www.agilelabs.co.za\/wp-content\/uploads\/2021\/08\/Cloudcomputing.jpg\" alt=\"\" class=\"wp-image-11506\" srcset=\"https:\/\/www.agilelabs.co.za\/wp-content\/uploads\/2021\/08\/Cloudcomputing.jpg 350w, https:\/\/www.agilelabs.co.za\/wp-content\/uploads\/2021\/08\/Cloudcomputing-300x219.jpg 300w\" sizes=\"(max-width: 350px) 100vw, 350px\" \/><\/figure><\/div>\n\n\n\n<p><strong>Gestion des actifs de pr\u00e9cision<\/strong><\/p>\n\n\n\n<p>La plupart des solutions de gestion d&#039;actifs de haut niveau (ERP, GMAO, etc.) manquent des d\u00e9tails n\u00e9cessaires pour g\u00e9rer correctement les activit\u00e9s d&#039;\u00e9talonnage des instruments. La productivit\u00e9 de l&#039;utilisateur final est g\u00e9n\u00e9ralement compromise. Le logiciel d&#039;\u00e9talonnage ProCalV5 offre des fonctionnalit\u00e9s essentielles qui facilitent une efficacit\u00e9 maximale et des r\u00e9sultats \u00e9lev\u00e9s. Consultez les points saillants ci-dessous pour voir de nombreuses fonctionnalit\u00e9s\/avantages de l&#039;utilisation du logiciel ProCalv5.<\/p>\n\n\n\n<p><strong>Protection des applications critiques pour une exp\u00e9rience toujours active<\/strong><\/p>\n\n\n\n<p>Les services d&#039;h\u00e9bergement fournis offrent une haute disponibilit\u00e9 et une reprise apr\u00e8s sinistre compl\u00e8te. Des contr\u00f4les redondants assurent une r\u00e9plication en temps r\u00e9el des donn\u00e9es pour un basculement imm\u00e9diat. Une combinaison de composants de syst\u00e8me de s\u00e9curit\u00e9 physique et r\u00e9seau garantit que les donn\u00e9es sont vraiment \u00e0 l&#039;abri des cons\u00e9quences d&#039;une violation. Une couche suppl\u00e9mentaire de services est ajout\u00e9e pour pr\u00e9venir, prot\u00e9ger, d\u00e9tecter et att\u00e9nuer les menaces afin de r\u00e9pondre \u00e0 des besoins de s\u00e9curit\u00e9 sp\u00e9cifiques. De plus, pour les clients du secteur de la sant\u00e9, les services sont conformes aux exigences et normes de s\u00e9curit\u00e9 HIPAA.<\/p>\n\n\n\n<p><\/p>\n\n\n\n<p><strong>Enti\u00e8rement conforme pour r\u00e9pondre aux exigences 21CFR\/Part 11<\/strong><\/p>\n\n\n\n<p><\/p>\n\n\n\n<p>Premier du secteur avec un logiciel d&#039;\u00e9talonnage conforme \u00e0 la norme 21 CFR Part 11, ProCal Direct suit ProCalV5 en tant que solution \u00e9prouv\u00e9e dans l&#039;industrie. Les pratiques de d\u00e9veloppement de la qualit\u00e9 et de test de validation de Prime Technologies sont r\u00e9guli\u00e8rement audit\u00e9es et approuv\u00e9es par les principales soci\u00e9t\u00e9s des sciences de la vie. Les scripts IQ\/OQ et les services de validation sont des offres standard.<\/p>\n\n\n\n<p><\/p>\n\n\n\n<p><strong>Rapports et analyses puissants<\/strong><\/p>\n\n\n\n<p>Livr\u00e9 avec plus de 70 rapports standard. Avec Crystal Reports, ceux-ci peuvent \u00eatre modifi\u00e9s par l&#039;utilisateur et de nouveaux rapports peuvent \u00eatre ajout\u00e9s. De puissantes fonctionnalit\u00e9s de requ\u00eate avanc\u00e9es offrent une r\u00e9cup\u00e9ration rapide des donn\u00e9es cibl\u00e9es et tri\u00e9es. Une fois construites, les requ\u00eates avanc\u00e9es peuvent \u00eatre nomm\u00e9es et enregistr\u00e9es pour une ex\u00e9cution future. Des services sont \u00e9galement disponibles pour cr\u00e9er des rapports personnalis\u00e9s selon vos besoins sp\u00e9cifiques. <a href=\"https:\/\/www.agilelabs.co.za\/fr\/powerful-reporting-and-analytics-with-procal-software\/\" data-type=\"URL\" data-id=\"https:\/\/www.agilelabs.co.za\/powerful-reporting-and-analytics-with-procal-software\/\"><strong>Cliquez ici pour en savoir plus sur les rapports et des exemples de rapports<\/strong>.<\/a><\/p>\n\n\n\n<p>\u00c9talonnage sans papier qui fait gagner du temps<\/p>\n\n\n\n<p><\/p>\n\n\n\n<div class=\"wp-block-image\"><figure class=\"aligncenter size-full\"><img decoding=\"async\" width=\"546\" height=\"461\" src=\"https:\/\/www.agilelabs.co.za\/wp-content\/uploads\/2021\/08\/ProCalPyramidNotify.png\" alt=\"\" class=\"wp-image-11535\" srcset=\"https:\/\/www.agilelabs.co.za\/wp-content\/uploads\/2021\/08\/ProCalPyramidNotify.png 546w, https:\/\/www.agilelabs.co.za\/wp-content\/uploads\/2021\/08\/ProCalPyramidNotify-350x296.png 350w, https:\/\/www.agilelabs.co.za\/wp-content\/uploads\/2021\/08\/ProCalPyramidNotify-300x253.png 300w\" sizes=\"(max-width: 546px) 100vw, 546px\" \/><\/figure><\/div>","protected":false},"excerpt":{"rendered":"<p>ProCal Direct &#8211; Cloud-Based Calibration Management Software Delivering All the Power and Performance of ProCalV5 Leave the management of software deployment, database maintenance, server validation and IT infrastructure to us. With ProCal Direct calibration software you can instantly access your professionally hosted calibration &amp; maintenance data from anywhere&nbsp;via a validated Cloud-based solution. Precision Asset Management<\/p>\n<p class=\"more-link\"><a href=\"https:\/\/www.agilelabs.co.za\/fr\/procal-direct\/\" class=\"themebutton\">Lire la suite<\/a><\/p>","protected":false},"author":1,"featured_media":0,"parent":0,"menu_order":0,"comment_status":"closed","ping_status":"closed","template":"","meta":{"_acf_changed":false,"_monsterinsights_skip_tracking":false,"_monsterinsights_sitenote_active":false,"_monsterinsights_sitenote_note":"","_monsterinsights_sitenote_category":0,"footnotes":""},"categories":[],"tags":[],"class_list":["post-11596","page","type-page","status-publish","hentry"],"acf":[],"aioseo_notices":[],"aioseo_head":"\n\t\t<!-- All in One SEO Pro 4.7.0 - aioseo.com -->\n\t\t<meta name=\"description\" content=\"ProCal Direct - Cloud-Based Calibration Management Software Delivering All the Power and Performance of ProCalV5 Leave the management of software deployment, database maintenance, server validation and IT infrastructure to us. With ProCal Direct calibration software you can instantly access your professionally hosted calibration &amp; maintenance data from anywhere via a validated Cloud-based solution. Precision Asset Management\" \/>\n\t\t<meta name=\"robots\" content=\"max-image-preview:large\" \/>\n\t\t<meta name=\"google-site-verification\" content=\"Nku-_1g-wtMYqihMzrUWbm5pdgO5gPY2D7l1ya5YPAU\" \/>\n\t\t<meta name=\"msvalidate.01\" content=\"9fc30828a433413eb7b3b5d32174774f\" \/>\n\t\t<meta name=\"yandex-verification\" content=\"c2122235dabe51e3\" \/>\n\t\t<link rel=\"canonical\" href=\"https:\/\/www.agilelabs.co.za\/fr\/procal-direct\/\" \/>\n\t\t<meta name=\"generator\" content=\"All in One SEO Pro (AIOSEO) 4.7.0\" \/>\n\t\t<meta property=\"og:locale\" content=\"fr_FR\" \/>\n\t\t<meta property=\"og:site_name\" content=\"Agile Labs - Industry and laboratory software solutions\" \/>\n\t\t<meta property=\"og:type\" content=\"article\" \/>\n\t\t<meta property=\"og:title\" content=\"ProCal Direct - Agile Labs\" \/>\n\t\t<meta property=\"og:description\" content=\"ProCal Direct - Cloud-Based Calibration Management Software Delivering All the Power and Performance of ProCalV5 Leave the management of software deployment, database maintenance, server validation and IT infrastructure to us. With ProCal Direct calibration software you can instantly access your professionally hosted calibration &amp; maintenance data from anywhere via a validated Cloud-based solution. Precision Asset Management\" \/>\n\t\t<meta property=\"og:url\" content=\"https:\/\/www.agilelabs.co.za\/fr\/procal-direct\/\" \/>\n\t\t<meta property=\"og:image\" content=\"https:\/\/www.agilelabs.co.za\/wp-content\/uploads\/2021\/08\/TwitterLogo.png?wsr\" \/>\n\t\t<meta property=\"og:image:secure_url\" content=\"https:\/\/www.agilelabs.co.za\/wp-content\/uploads\/2021\/08\/TwitterLogo.png?wsr\" \/>\n\t\t<meta property=\"og:image:width\" content=\"189\" \/>\n\t\t<meta property=\"og:image:height\" content=\"168\" \/>\n\t\t<meta property=\"article:published_time\" content=\"2021-08-20T01:33:50+00:00\" \/>\n\t\t<meta property=\"article:modified_time\" content=\"2021-09-01T13:21:43+00:00\" \/>\n\t\t<meta property=\"article:publisher\" content=\"https:\/\/www.facebook.com\/AgileLabsTeam\" \/>\n\t\t<meta property=\"article:author\" content=\"https:\/\/www.facebook.com\/AgileLabsTeam\" \/>\n\t\t<meta name=\"twitter:card\" content=\"summary\" \/>\n\t\t<meta name=\"twitter:site\" content=\"@InfoAgileLabs\" \/>\n\t\t<meta name=\"twitter:title\" content=\"ProCal Direct - Agile Labs\" \/>\n\t\t<meta name=\"twitter:description\" content=\"ProCal Direct - Cloud-Based Calibration Management Software Delivering All the Power and Performance of ProCalV5 Leave the management of software deployment, database maintenance, server validation and IT infrastructure to us. With ProCal Direct calibration software you can instantly access your professionally hosted calibration &amp; maintenance data from anywhere via a validated Cloud-based solution. Precision Asset Management\" \/>\n\t\t<meta name=\"twitter:creator\" content=\"@InfoAgileLabs\" \/>\n\t\t<meta name=\"twitter:image\" content=\"https:\/\/www.agilelabs.co.za\/wp-content\/uploads\/2021\/08\/TwitterLogo.png?wsr\" \/>\n\t\t<script type=\"application\/ld+json\" class=\"aioseo-schema\">\n\t\t\t{\"@context\":\"https:\\\/\\\/schema.org\",\"@graph\":[{\"@type\":\"BreadcrumbList\",\"@id\":\"https:\\\/\\\/www.agilelabs.co.za\\\/fr\\\/procal-direct\\\/#breadcrumblist\",\"itemListElement\":[{\"@type\":\"ListItem\",\"@id\":\"https:\\\/\\\/www.agilelabs.co.za\\\/fr\\\/#listItem\",\"position\":1,\"name\":\"Home\",\"item\":\"https:\\\/\\\/www.agilelabs.co.za\\\/fr\\\/\",\"nextItem\":\"https:\\\/\\\/www.agilelabs.co.za\\\/fr\\\/procal-direct\\\/#listItem\"},{\"@type\":\"ListItem\",\"@id\":\"https:\\\/\\\/www.agilelabs.co.za\\\/fr\\\/procal-direct\\\/#listItem\",\"position\":2,\"name\":\"ProCal Direct\",\"previousItem\":\"https:\\\/\\\/www.agilelabs.co.za\\\/fr\\\/#listItem\"}]},{\"@type\":\"Organization\",\"@id\":\"https:\\\/\\\/www.agilelabs.co.za\\\/fr\\\/#organization\",\"name\":\"Agile Labs\",\"url\":\"https:\\\/\\\/www.agilelabs.co.za\\\/fr\\\/\",\"logo\":{\"@type\":\"ImageObject\",\"url\":\"https:\\\/\\\/www.agilelabs.co.za\\\/wp-content\\\/uploads\\\/2021\\\/08\\\/LogoTransparant.gif?wsr\",\"@id\":\"https:\\\/\\\/www.agilelabs.co.za\\\/fr\\\/procal-direct\\\/#organizationLogo\",\"width\":125,\"height\":113},\"image\":{\"@id\":\"https:\\\/\\\/www.agilelabs.co.za\\\/fr\\\/procal-direct\\\/#organizationLogo\"},\"sameAs\":[\"https:\\\/\\\/www.facebook.com\\\/AgileLabsTeam\",\"https:\\\/\\\/twitter.com\\\/InfoAgileLabs\"]},{\"@type\":\"WebPage\",\"@id\":\"https:\\\/\\\/www.agilelabs.co.za\\\/fr\\\/procal-direct\\\/#webpage\",\"url\":\"https:\\\/\\\/www.agilelabs.co.za\\\/fr\\\/procal-direct\\\/\",\"name\":\"ProCal Direct - Agile Labs\",\"description\":\"ProCal Direct - Cloud-Based Calibration Management Software Delivering All the Power and Performance of ProCalV5 Leave the management of software deployment, database maintenance, server validation and IT infrastructure to us. With ProCal Direct calibration software you can instantly access your professionally hosted calibration & maintenance data from anywhere via a validated Cloud-based solution. Precision Asset Management\",\"inLanguage\":\"fr-FR\",\"isPartOf\":{\"@id\":\"https:\\\/\\\/www.agilelabs.co.za\\\/fr\\\/#website\"},\"breadcrumb\":{\"@id\":\"https:\\\/\\\/www.agilelabs.co.za\\\/fr\\\/procal-direct\\\/#breadcrumblist\"},\"datePublished\":\"2021-08-20T03:33:50+02:00\",\"dateModified\":\"2021-09-01T15:21:43+02:00\"},{\"@type\":\"WebSite\",\"@id\":\"https:\\\/\\\/www.agilelabs.co.za\\\/fr\\\/#website\",\"url\":\"https:\\\/\\\/www.agilelabs.co.za\\\/fr\\\/\",\"name\":\"Agile Labs\",\"description\":\"Industry and laboratory software solutions\",\"inLanguage\":\"fr-FR\",\"publisher\":{\"@id\":\"https:\\\/\\\/www.agilelabs.co.za\\\/fr\\\/#organization\"}}]}\n\t\t<\/script>\n\t\t<script type=\"text\/javascript\">\n\t\t\t(function(c,l,a,r,i,t,y){\n\t\t\tc[a]=c[a]||function(){(c[a].q=c[a].q||[]).push(arguments)};t=l.createElement(r);t.async=1;\n\t\t\tt.src=\"https:\/\/www.clarity.ms\/tag\/\"+i+\"?ref=aioseo\";y=l.getElementsByTagName(r)[0];y.parentNode.insertBefore(t,y);\n\t\t})(window, document, \"clarity\", \"script\", \"b88vlc75di\");\n\t\t<\/script>\n\t\t<!-- All in One SEO Pro -->\r\n\t\t<title>ProCal Direct - Agile Labs<\/title>\n\n","aioseo_head_json":{"title":"ProCal Direct - Agile Labs","description":"ProCal Direct - Cloud-Based Calibration Management Software Delivering All the Power and Performance of ProCalV5 Leave the management of software deployment, database maintenance, server validation and IT infrastructure to us. With ProCal Direct calibration software you can instantly access your professionally hosted calibration & maintenance data from anywhere via a validated Cloud-based solution. Precision Asset Management","canonical_url":"https:\/\/www.agilelabs.co.za\/fr\/procal-direct\/","robots":"max-image-preview:large","keywords":"","webmasterTools":{"google-site-verification":"Nku-_1g-wtMYqihMzrUWbm5pdgO5gPY2D7l1ya5YPAU","msvalidate.01":"9fc30828a433413eb7b3b5d32174774f","yandex-verification":"c2122235dabe51e3","miscellaneous":""},"og:locale":"fr_FR","og:site_name":"Agile Labs - Industry and laboratory software solutions","og:type":"article","og:title":"ProCal Direct - Agile Labs","og:description":"ProCal Direct - Cloud-Based Calibration Management Software Delivering All the Power and Performance of ProCalV5 Leave the management of software deployment, database maintenance, server validation and IT infrastructure to us. With ProCal Direct calibration software you can instantly access your professionally hosted calibration &amp; maintenance data from anywhere via a validated Cloud-based solution. Precision Asset Management","og:url":"https:\/\/www.agilelabs.co.za\/fr\/procal-direct\/","og:image":"https:\/\/www.agilelabs.co.za\/wp-content\/uploads\/2021\/08\/TwitterLogo.png?wsr","og:image:secure_url":"https:\/\/www.agilelabs.co.za\/wp-content\/uploads\/2021\/08\/TwitterLogo.png?wsr","og:image:width":189,"og:image:height":168,"article:published_time":"2021-08-20T01:33:50+00:00","article:modified_time":"2021-09-01T13:21:43+00:00","article:publisher":"https:\/\/www.facebook.com\/AgileLabsTeam","article:author":"https:\/\/www.facebook.com\/AgileLabsTeam","twitter:card":"summary","twitter:site":"@InfoAgileLabs","twitter:title":"ProCal Direct - Agile Labs","twitter:description":"ProCal Direct - Cloud-Based Calibration Management Software Delivering All the Power and Performance of ProCalV5 Leave the management of software deployment, database maintenance, server validation and IT infrastructure to us. With ProCal Direct calibration software you can instantly access your professionally hosted calibration &amp; maintenance data from anywhere via a validated Cloud-based solution. Precision Asset Management","twitter:creator":"@InfoAgileLabs","twitter:image":"https:\/\/www.agilelabs.co.za\/wp-content\/uploads\/2021\/08\/TwitterLogo.png?wsr","schema":{"@context":"https:\/\/schema.org","@graph":[{"@type":"BreadcrumbList","@id":"https:\/\/www.agilelabs.co.za\/fr\/procal-direct\/#breadcrumblist","itemListElement":[{"@type":"ListItem","@id":"https:\/\/www.agilelabs.co.za\/fr\/#listItem","position":1,"name":"Home","item":"https:\/\/www.agilelabs.co.za\/fr\/","nextItem":"https:\/\/www.agilelabs.co.za\/fr\/procal-direct\/#listItem"},{"@type":"ListItem","@id":"https:\/\/www.agilelabs.co.za\/fr\/procal-direct\/#listItem","position":2,"name":"ProCal Direct","previousItem":"https:\/\/www.agilelabs.co.za\/fr\/#listItem"}]},{"@type":"Organization","@id":"https:\/\/www.agilelabs.co.za\/fr\/#organization","name":"Agile Labs","url":"https:\/\/www.agilelabs.co.za\/fr\/","logo":{"@type":"ImageObject","url":"https:\/\/www.agilelabs.co.za\/wp-content\/uploads\/2021\/08\/LogoTransparant.gif?wsr","@id":"https:\/\/www.agilelabs.co.za\/fr\/procal-direct\/#organizationLogo","width":125,"height":113},"image":{"@id":"https:\/\/www.agilelabs.co.za\/fr\/procal-direct\/#organizationLogo"},"sameAs":["https:\/\/www.facebook.com\/AgileLabsTeam","https:\/\/twitter.com\/InfoAgileLabs"]},{"@type":"WebPage","@id":"https:\/\/www.agilelabs.co.za\/fr\/procal-direct\/#webpage","url":"https:\/\/www.agilelabs.co.za\/fr\/procal-direct\/","name":"ProCal Direct - Agile Labs","description":"ProCal Direct - Cloud-Based Calibration Management Software Delivering All the Power and Performance of ProCalV5 Leave the management of software deployment, database maintenance, server validation and IT infrastructure to us. With ProCal Direct calibration software you can instantly access your professionally hosted calibration & maintenance data from anywhere via a validated Cloud-based solution. Precision Asset Management","inLanguage":"fr-FR","isPartOf":{"@id":"https:\/\/www.agilelabs.co.za\/fr\/#website"},"breadcrumb":{"@id":"https:\/\/www.agilelabs.co.za\/fr\/procal-direct\/#breadcrumblist"},"datePublished":"2021-08-20T03:33:50+02:00","dateModified":"2021-09-01T15:21:43+02:00"},{"@type":"WebSite","@id":"https:\/\/www.agilelabs.co.za\/fr\/#website","url":"https:\/\/www.agilelabs.co.za\/fr\/","name":"Agile Labs","description":"Industry and laboratory software solutions","inLanguage":"fr-FR","publisher":{"@id":"https:\/\/www.agilelabs.co.za\/fr\/#organization"}}]}},"aioseo_meta_data":{"post_id":"11596","title":null,"description":null,"keywords":null,"keyphrases":null,"primary_term":null,"canonical_url":null,"og_title":null,"og_description":null,"og_object_type":"default","og_image_type":"default","og_image_url":null,"og_image_width":null,"og_image_height":null,"og_image_custom_url":null,"og_image_custom_fields":null,"og_video":null,"og_custom_url":null,"og_article_section":null,"og_article_tags":null,"twitter_use_og":false,"twitter_card":"default","twitter_image_type":"default","twitter_image_url":null,"twitter_image_custom_url":null,"twitter_image_custom_fields":null,"twitter_title":null,"twitter_description":null,"schema":{"blockGraphs":[],"customGraphs":[],"default":{"data":{"Article":[],"Course":[],"Dataset":[],"FAQPage":[],"Movie":[],"Person":[],"Product":[],"Recipe":[],"Service":[],"SoftwareApplication":[],"WebPage":[]},"graphName":"","isEnabled":true},"graphs":[]},"schema_type":"default","schema_type_options":null,"pillar_content":false,"robots_default":true,"robots_noindex":false,"robots_noarchive":false,"robots_nosnippet":false,"robots_nofollow":false,"robots_noimageindex":false,"robots_noodp":false,"robots_notranslate":false,"robots_max_snippet":null,"robots_max_videopreview":null,"robots_max_imagepreview":"large","priority":null,"frequency":null,"local_seo":null,"limit_modified_date":false,"open_ai":null,"created":"2022-02-09 02:39:01","updated":"2022-09-13 21:13:06"},"_links":{"self":[{"href":"https:\/\/www.agilelabs.co.za\/fr\/wp-json\/wp\/v2\/pages\/11596","targetHints":{"allow":["GET"]}}],"collection":[{"href":"https:\/\/www.agilelabs.co.za\/fr\/wp-json\/wp\/v2\/pages"}],"about":[{"href":"https:\/\/www.agilelabs.co.za\/fr\/wp-json\/wp\/v2\/types\/page"}],"author":[{"embeddable":true,"href":"https:\/\/www.agilelabs.co.za\/fr\/wp-json\/wp\/v2\/users\/1"}],"replies":[{"embeddable":true,"href":"https:\/\/www.agilelabs.co.za\/fr\/wp-json\/wp\/v2\/comments?post=11596"}],"version-history":[{"count":0,"href":"https:\/\/www.agilelabs.co.za\/fr\/wp-json\/wp\/v2\/pages\/11596\/revisions"}],"wp:attachment":[{"href":"https:\/\/www.agilelabs.co.za\/fr\/wp-json\/wp\/v2\/media?parent=11596"}],"wp:term":[{"taxonomy":"category","embeddable":true,"href":"https:\/\/www.agilelabs.co.za\/fr\/wp-json\/wp\/v2\/categories?post=11596"},{"taxonomy":"post_tag","embeddable":true,"href":"https:\/\/www.agilelabs.co.za\/fr\/wp-json\/wp\/v2\/tags?post=11596"}],"curies":[{"name":"wp","href":"https:\/\/api.w.org\/{rel}","templated":true}]}}