{"id":11592,"date":"2021-08-20T02:44:41","date_gmt":"2021-08-20T00:44:41","guid":{"rendered":"https:\/\/www.agilelabs.co.za\/?page_id=11447"},"modified":"2021-11-23T20:27:26","modified_gmt":"2021-11-23T18:27:26","slug":"overview","status":"publish","type":"page","link":"https:\/\/www.agilelabs.co.za\/fr\/overview\/","title":{"rendered":"Aper\u00e7u"},"content":{"rendered":"<blockquote class=\"wp-block-quote is-layout-flow wp-block-quote-is-layout-flow\"><p>Logiciel de gestion d&#039;\u00e9talonnage \u2013 CMS<\/p><\/blockquote>\n\n\n\n<p>Prime Technologies propose des solutions logicielles de gestion de l&#039;\u00e9talonnage (CMS) \u00e9prouv\u00e9es pour g\u00e9rer les actifs pour l&#039;\u00e9talonnage, la maintenance et la validation. Un syst\u00e8me ProCal garantit la conformit\u00e9 r\u00e9glementaire, l&#039;am\u00e9lioration des pratiques, permet de gagner du temps, d&#039;augmenter la productivit\u00e9 et de r\u00e9duire les co\u00fbts d&#039;exploitation. Les interfaces ProCalV5 et ProCal Direct avec <a href=\"https:\/\/www.agilelabs.co.za\/fr\/sap-enterprise\/\" data-type=\"URL\" data-id=\"https:\/\/www.agilelabs.co.za\/sap-enterprise\/\">Entreprise SAP<\/a>.<\/p>\n\n\n\n<p><\/p>\n\n\n\n<figure class=\"wp-block-image size-full\"><img decoding=\"async\" src=\"https:\/\/www.agilelabs.co.za\/wp-content\/uploads\/2021\/08\/PrimeTechnologiesLogo3.png\" alt=\"\" class=\"wp-image-11625\"\/><\/figure>\n\n\n\n<p><\/p>\n\n\n\n<p><strong>Deux options de d\u00e9ploiement pour les grandes et petites entreprises du monde entier<\/strong><\/p>\n\n\n\n<p><\/p>\n\n\n\n<p><strong>P<\/strong>r<strong>oCal Direct<\/strong><\/p>\n\n\n\n<ul class=\"wp-block-list\"><li>ProCalV5 dans le cloud<\/li><li>Connectez-vous n'importe o\u00f9 via un navigateur Web<\/li><li>Options pour Agile Labs ou Prime Technologies pour fournir toute l'infrastructure informatique<\/li><\/ul>\n\n\n\n<figure class=\"wp-block-image size-full\"><img decoding=\"async\" src=\"https:\/\/www.agilelabs.co.za\/wp-content\/uploads\/2021\/08\/ProCalDirect.jpg\" alt=\"\" class=\"wp-image-11460\"\/><\/figure>\n\n\n\n<p><strong>ProCalV5<\/strong><\/p>\n\n\n\n<ul class=\"wp-block-list\"><li>Logiciel de gestion d'\u00e9talonnage sur site<\/li><li>La premi\u00e8re solution d'\u00e9talonnage sans papier conforme \u00e0 la norme 21 CFR Part 11 de l'industrie<\/li><li>Les pratiques d'\u00e9talonnage ProCal sont utilis\u00e9es par des milliers d'entreprises dans le monde<\/li><\/ul>\n\n\n\n<figure class=\"wp-block-image size-full\"><img decoding=\"async\" src=\"https:\/\/www.agilelabs.co.za\/wp-content\/uploads\/2021\/08\/ProCalV5.jpg\" alt=\"\" class=\"wp-image-11461\"\/><\/figure>\n\n\n\n<p><strong><a href=\"https:\/\/www.primetechpa.com\/procal-software\/procalv5-features-benefits\/\">Liste rapide des fonctionnalit\u00e9s et des avantages<\/a><\/strong><\/p>\n\n\n\n<ul class=\"wp-block-list\"><li>\u00c9volutif d'un utilisateur unique \u00e0 une entreprise avec des comptes individuels, des utilisateurs, des groupes d'utilisateurs ou des actifs illimit\u00e9s<\/li><li>Prend en charge plusieurs sites\/divisions<\/li><li>\u00c9conomie de travail, fonctionnalit\u00e9 sans papier en temps r\u00e9el<\/li><li>Assignez rapidement des t\u00e2ches aux techniciens et g\u00e9n\u00e9rez des bons de travail<\/li><li>La planification de l'\u00e9talonnage est facilement effectu\u00e9e sur le Master Instrument Record et le syst\u00e8me d'\u00e9talonnage programmera automatiquement la prochaine date d'\u00e9ch\u00e9ance et vous avertira lorsqu'elle est due<\/li><li>Valid\u00e9\/21 CFR Part 11, FDA &amp; GxP conforme<\/li><li>Gestion de la maintenance et inventaire des pi\u00e8ces<\/li><li>Importer\/Exporter vers hors ligne <a href=\"https:\/\/www.primetechpa.com\/procal-software\/mobile-workstation\/\">Stations de travail mobiles<\/a><\/li><li>T\u00e9l\u00e9charger\/T\u00e9l\u00e9charger sur <a href=\"https:\/\/www.primetechpa.com\/documenting-calibrators\/\">Documenter les calibrateurs de processus<\/a><\/li><li>G\u00e9n\u00e8re des certificats d'\u00e9talonnage et peut imprimer automatiquement des autocollants d'\u00e9talonnage<\/li><li>Multilingue avec prise en charge de six langues diff\u00e9rentes<\/li><li>Plus de 80 rapports standards<\/li><li>Et beaucoup plus!<\/li><\/ul>\n\n\n\n<blockquote class=\"wp-block-quote is-layout-flow wp-block-quote-is-layout-flow\"><p>Gestion des actifs d'\u00e9talonnage et de maintenance \u00ab\u00a0First in Class\u00a0\u00bb<\/p><\/blockquote>\n\n\n\n<p>Les produits ProCalV5 sont hautement configurables et peuvent \u00eatre facilement adapt\u00e9s pour r\u00e9pondre \u00e0 vos objectifs organisationnels, notamment\u00a0:<\/p>\n\n\n\n<ul class=\"wp-block-list\"><li><strong>Solutions sans papier en temps r\u00e9el\u00a0:<\/strong> ProCalV5 offre les avantages de gestion, les avantages de performance et l'efficacit\u00e9 des rapports disponibles uniquement avec une solution sans papier pleinement fonctionnelle. Notre programme robuste et \u00e9prouv\u00e9 dans l'industrie fonctionnera avec une fiabilit\u00e9 \u00e9prouv\u00e9e uniquement avec les meilleurs syst\u00e8mes logiciels.<\/li><li><strong>Conformit\u00e9:<\/strong> ProCalV5 a \u00e9t\u00e9 sp\u00e9cialement con\u00e7u pour fournir les fonctionnalit\u00e9s n\u00e9cessaires pour r\u00e9pondre aux besoins les plus stricts en mati\u00e8re de capture de donn\u00e9es et de reporting de conformit\u00e9 r\u00e9glementaire. Cette premi\u00e8re solution conforme \u00e0 la norme 21 CFR Part 11 prend \u00e9galement en charge les normes ISO 9000-2001, QS 9000, ISO 17025, ANSI 254, AS9100 et d'autres exigences en mati\u00e8re de qualit\u00e9, d'environnement et de s\u00e9curit\u00e9.<\/li><li><strong>Solutions hybrides\u00a0:<\/strong> Pas pr\u00eat \u00e0 passer \u00e0 un environnement sans papier ? Avec ProCalV5, vous d\u00e9cidez de l'\u00e9tendue de votre utilisation continue des feuilles de calcul, des formulaires et des rapports papier. Lorsque vous s\u00e9lectionnez ProCalV5 comme <a href=\"https:\/\/www.primetechpa.com\/procal-software\/procalv5\/\">Logiciel de gestion d'\u00e9talonnage - CMS<\/a>, vous d\u00e9cidez comment ex\u00e9cuter vos op\u00e9rations et configurez le programme en fonction de vos pratiques, et non l'inverse.<\/li><li><strong>Solutions autonomes\u00a0:<\/strong> Vous recherchez un syst\u00e8me de gestion complet; mais qui ne satisfait initialement que les besoins de votre site\u00a0? Aucun probl\u00e8me! ProCalV5 peut facilement \u00eatre utilis\u00e9 comme une application autonome et \u00e9voluera facilement \u00e0 l'avenir si vous souhaitez ajouter des comptes autonomes suppl\u00e9mentaires.<\/li><li><strong>Solutions multi-sites\u00a0:<\/strong> Les entreprises et les organisations ont souvent besoin d'une seule application d\u00e9ploy\u00e9e de mani\u00e8re centralis\u00e9e, mais qui peut prendre en charge de nombreuses divisions et sites. ProCalV5 offre une fonctionnalit\u00e9 unique de s\u00e9paration des comptes, mais avec des fonctionnalit\u00e9s qui encouragent et permettent une configuration facile pour des pratiques standardis\u00e9es dans toute l'entreprise.<\/li><li><strong>ProCalV5 offre des fonctionnalit\u00e9s in\u00e9gal\u00e9es.<\/strong> Papier ou sans papier, la liste compl\u00e8te des <a href=\"https:\/\/www.primetechpa.com\/procal-software\/procalv5-features-benefits\/\">caract\u00e9ristiques du programme et fonctionnalit\u00e9s avanc\u00e9es<\/a> r\u00e9duira vos co\u00fbts d&#039;exploitation, \u00e9liminera les erreurs humaines et assurera la conformit\u00e9 r\u00e9glementaire.<\/li><\/ul>\n\n\n\n<p><\/p>\n\n\n\n<div class=\"wp-block-image\"><figure class=\"aligncenter size-full is-resized\"><img decoding=\"async\" src=\"https:\/\/www.agilelabs.co.za\/wp-content\/uploads\/2021\/08\/ProCalV5-With-SAP-1.jpg\" alt=\"\" class=\"wp-image-11462\" width=\"326\" height=\"100\"\/><\/figure><\/div>\n\n\n\n<div class=\"wp-block-image\"><figure class=\"aligncenter size-full\"><img decoding=\"async\" src=\"https:\/\/www.agilelabs.co.za\/wp-content\/uploads\/2021\/08\/ProCalV5-With-Fluke.jpg\" alt=\"\" class=\"wp-image-11463\"\/><\/figure><\/div>\n\n\n\n<div class=\"wp-block-image\"><figure class=\"aligncenter size-full\"><img decoding=\"async\" src=\"https:\/\/www.agilelabs.co.za\/wp-content\/uploads\/2021\/08\/Upgrade-DPCTrack2-Honeywell-Documint.jpg\" alt=\"\" class=\"wp-image-11464\"\/><\/figure><\/div>\n\n\n\n<div class=\"wp-block-image\"><figure class=\"aligncenter size-full\"><img decoding=\"async\" src=\"https:\/\/www.agilelabs.co.za\/wp-content\/uploads\/2021\/08\/Encompass_Product_Partner_Americas_Web2.jpg\" alt=\"\" class=\"wp-image-11466\"\/><\/figure><\/div>","protected":false},"excerpt":{"rendered":"<p>Calibration Management Software &#8211; CMS Prime Technologies offers proven calibration management software (CMS) solutions to manage assets for Calibration, Maintenance and Validation. A ProCal system ensures regulatory compliance, improved practices, saves time, increases productivity and reduces operational costs. Both ProCalV5 and ProCal Direct interface with SAP Enterprise. Two Deployment Options For Large And Small Companies<\/p>\n<p class=\"more-link\"><a href=\"https:\/\/www.agilelabs.co.za\/fr\/overview\/\" class=\"themebutton\">Lire la suite<\/a><\/p>","protected":false},"author":1,"featured_media":0,"parent":0,"menu_order":0,"comment_status":"closed","ping_status":"closed","template":"","meta":{"_acf_changed":false,"_monsterinsights_skip_tracking":false,"_monsterinsights_sitenote_active":false,"_monsterinsights_sitenote_note":"","_monsterinsights_sitenote_category":0,"footnotes":""},"categories":[],"tags":[],"class_list":["post-11592","page","type-page","status-publish","hentry"],"acf":[],"aioseo_notices":[],"aioseo_head":"\n\t\t<!-- All in One SEO Pro 4.7.0 - aioseo.com -->\n\t\t<meta name=\"description\" content=\"Calibration Management Software - CMS Prime Technologies offers proven calibration management software (CMS) solutions to manage assets for Calibration, Maintenance and Validation. A ProCal system ensures regulatory compliance, improved practices, saves time, increases productivity and reduces operational costs. Both ProCalV5 and ProCal Direct interface with SAP Enterprise. Two Deployment Options For Large And Small Companies\" \/>\n\t\t<meta name=\"robots\" content=\"max-image-preview:large\" \/>\n\t\t<meta name=\"google-site-verification\" content=\"Nku-_1g-wtMYqihMzrUWbm5pdgO5gPY2D7l1ya5YPAU\" \/>\n\t\t<meta name=\"msvalidate.01\" content=\"9fc30828a433413eb7b3b5d32174774f\" \/>\n\t\t<meta name=\"yandex-verification\" content=\"c2122235dabe51e3\" \/>\n\t\t<link rel=\"canonical\" href=\"https:\/\/www.agilelabs.co.za\/fr\/overview\/\" \/>\n\t\t<meta name=\"generator\" content=\"All in One SEO Pro (AIOSEO) 4.7.0\" \/>\n\t\t<meta property=\"og:locale\" content=\"fr_FR\" \/>\n\t\t<meta property=\"og:site_name\" content=\"Agile Labs - Industry and laboratory software solutions\" \/>\n\t\t<meta property=\"og:type\" content=\"article\" \/>\n\t\t<meta property=\"og:title\" content=\"Overview - Agile Labs\" \/>\n\t\t<meta property=\"og:description\" content=\"Calibration Management Software - CMS Prime Technologies offers proven calibration management software (CMS) solutions to manage assets for Calibration, Maintenance and Validation. A ProCal system ensures regulatory compliance, improved practices, saves time, increases productivity and reduces operational costs. Both ProCalV5 and ProCal Direct interface with SAP Enterprise. Two Deployment Options For Large And Small Companies\" \/>\n\t\t<meta property=\"og:url\" content=\"https:\/\/www.agilelabs.co.za\/fr\/overview\/\" \/>\n\t\t<meta property=\"og:image\" content=\"https:\/\/www.agilelabs.co.za\/wp-content\/uploads\/2021\/08\/TwitterLogo.png?wsr\" \/>\n\t\t<meta property=\"og:image:secure_url\" content=\"https:\/\/www.agilelabs.co.za\/wp-content\/uploads\/2021\/08\/TwitterLogo.png?wsr\" \/>\n\t\t<meta property=\"og:image:width\" content=\"189\" \/>\n\t\t<meta property=\"og:image:height\" content=\"168\" \/>\n\t\t<meta property=\"article:published_time\" content=\"2021-08-20T00:44:41+00:00\" \/>\n\t\t<meta property=\"article:modified_time\" content=\"2021-11-23T18:27:26+00:00\" \/>\n\t\t<meta property=\"article:publisher\" content=\"https:\/\/www.facebook.com\/AgileLabsTeam\" \/>\n\t\t<meta property=\"article:author\" content=\"https:\/\/www.facebook.com\/AgileLabsTeam\" \/>\n\t\t<meta name=\"twitter:card\" content=\"summary\" \/>\n\t\t<meta name=\"twitter:site\" content=\"@InfoAgileLabs\" \/>\n\t\t<meta name=\"twitter:title\" content=\"Overview - Agile Labs\" \/>\n\t\t<meta name=\"twitter:description\" content=\"Calibration Management Software - CMS Prime Technologies offers proven calibration management software (CMS) solutions to manage assets for Calibration, Maintenance and Validation. A ProCal system ensures regulatory compliance, improved practices, saves time, increases productivity and reduces operational costs. Both ProCalV5 and ProCal Direct interface with SAP Enterprise. Two Deployment Options For Large And Small Companies\" \/>\n\t\t<meta name=\"twitter:creator\" content=\"@InfoAgileLabs\" \/>\n\t\t<meta name=\"twitter:image\" content=\"https:\/\/www.agilelabs.co.za\/wp-content\/uploads\/2021\/08\/TwitterLogo.png?wsr\" \/>\n\t\t<script type=\"application\/ld+json\" class=\"aioseo-schema\">\n\t\t\t{\"@context\":\"https:\\\/\\\/schema.org\",\"@graph\":[{\"@type\":\"BreadcrumbList\",\"@id\":\"https:\\\/\\\/www.agilelabs.co.za\\\/fr\\\/overview\\\/#breadcrumblist\",\"itemListElement\":[{\"@type\":\"ListItem\",\"@id\":\"https:\\\/\\\/www.agilelabs.co.za\\\/fr\\\/#listItem\",\"position\":1,\"name\":\"Home\",\"item\":\"https:\\\/\\\/www.agilelabs.co.za\\\/fr\\\/\",\"nextItem\":\"https:\\\/\\\/www.agilelabs.co.za\\\/fr\\\/overview\\\/#listItem\"},{\"@type\":\"ListItem\",\"@id\":\"https:\\\/\\\/www.agilelabs.co.za\\\/fr\\\/overview\\\/#listItem\",\"position\":2,\"name\":\"Overview\",\"previousItem\":\"https:\\\/\\\/www.agilelabs.co.za\\\/fr\\\/#listItem\"}]},{\"@type\":\"Organization\",\"@id\":\"https:\\\/\\\/www.agilelabs.co.za\\\/fr\\\/#organization\",\"name\":\"Agile Labs\",\"url\":\"https:\\\/\\\/www.agilelabs.co.za\\\/fr\\\/\",\"logo\":{\"@type\":\"ImageObject\",\"url\":\"https:\\\/\\\/www.agilelabs.co.za\\\/wp-content\\\/uploads\\\/2021\\\/08\\\/LogoTransparant.gif?wsr\",\"@id\":\"https:\\\/\\\/www.agilelabs.co.za\\\/fr\\\/overview\\\/#organizationLogo\",\"width\":125,\"height\":113},\"image\":{\"@id\":\"https:\\\/\\\/www.agilelabs.co.za\\\/fr\\\/overview\\\/#organizationLogo\"},\"sameAs\":[\"https:\\\/\\\/www.facebook.com\\\/AgileLabsTeam\",\"https:\\\/\\\/twitter.com\\\/InfoAgileLabs\"]},{\"@type\":\"WebPage\",\"@id\":\"https:\\\/\\\/www.agilelabs.co.za\\\/fr\\\/overview\\\/#webpage\",\"url\":\"https:\\\/\\\/www.agilelabs.co.za\\\/fr\\\/overview\\\/\",\"name\":\"Overview - Agile Labs\",\"description\":\"Calibration Management Software - CMS Prime Technologies offers proven calibration management software (CMS) solutions to manage assets for Calibration, Maintenance and Validation. A ProCal system ensures regulatory compliance, improved practices, saves time, increases productivity and reduces operational costs. Both ProCalV5 and ProCal Direct interface with SAP Enterprise. Two Deployment Options For Large And Small Companies\",\"inLanguage\":\"fr-FR\",\"isPartOf\":{\"@id\":\"https:\\\/\\\/www.agilelabs.co.za\\\/fr\\\/#website\"},\"breadcrumb\":{\"@id\":\"https:\\\/\\\/www.agilelabs.co.za\\\/fr\\\/overview\\\/#breadcrumblist\"},\"datePublished\":\"2021-08-20T02:44:41+02:00\",\"dateModified\":\"2021-11-23T20:27:26+02:00\"},{\"@type\":\"WebSite\",\"@id\":\"https:\\\/\\\/www.agilelabs.co.za\\\/fr\\\/#website\",\"url\":\"https:\\\/\\\/www.agilelabs.co.za\\\/fr\\\/\",\"name\":\"Agile Labs\",\"description\":\"Industry and laboratory software solutions\",\"inLanguage\":\"fr-FR\",\"publisher\":{\"@id\":\"https:\\\/\\\/www.agilelabs.co.za\\\/fr\\\/#organization\"}}]}\n\t\t<\/script>\n\t\t<script type=\"text\/javascript\">\n\t\t\t(function(c,l,a,r,i,t,y){\n\t\t\tc[a]=c[a]||function(){(c[a].q=c[a].q||[]).push(arguments)};t=l.createElement(r);t.async=1;\n\t\t\tt.src=\"https:\/\/www.clarity.ms\/tag\/\"+i+\"?ref=aioseo\";y=l.getElementsByTagName(r)[0];y.parentNode.insertBefore(t,y);\n\t\t})(window, document, \"clarity\", \"script\", \"b88vlc75di\");\n\t\t<\/script>\n\t\t<!-- All in One SEO Pro -->\r\n\t\t<title>Overview - Agile Labs<\/title>\n\n","aioseo_head_json":{"title":"Overview - Agile Labs","description":"Calibration Management Software - CMS Prime Technologies offers proven calibration management software (CMS) solutions to manage assets for Calibration, Maintenance and Validation. A ProCal system ensures regulatory compliance, improved practices, saves time, increases productivity and reduces operational costs. Both ProCalV5 and ProCal Direct interface with SAP Enterprise. Two Deployment Options For Large And Small Companies","canonical_url":"https:\/\/www.agilelabs.co.za\/fr\/overview\/","robots":"max-image-preview:large","keywords":"","webmasterTools":{"google-site-verification":"Nku-_1g-wtMYqihMzrUWbm5pdgO5gPY2D7l1ya5YPAU","msvalidate.01":"9fc30828a433413eb7b3b5d32174774f","yandex-verification":"c2122235dabe51e3","miscellaneous":""},"og:locale":"fr_FR","og:site_name":"Agile Labs - Industry and laboratory software solutions","og:type":"article","og:title":"Overview - Agile Labs","og:description":"Calibration Management Software - CMS Prime Technologies offers proven calibration management software (CMS) solutions to manage assets for Calibration, Maintenance and Validation. A ProCal system ensures regulatory compliance, improved practices, saves time, increases productivity and reduces operational costs. Both ProCalV5 and ProCal Direct interface with SAP Enterprise. Two Deployment Options For Large And Small Companies","og:url":"https:\/\/www.agilelabs.co.za\/fr\/overview\/","og:image":"https:\/\/www.agilelabs.co.za\/wp-content\/uploads\/2021\/08\/TwitterLogo.png?wsr","og:image:secure_url":"https:\/\/www.agilelabs.co.za\/wp-content\/uploads\/2021\/08\/TwitterLogo.png?wsr","og:image:width":189,"og:image:height":168,"article:published_time":"2021-08-20T00:44:41+00:00","article:modified_time":"2021-11-23T18:27:26+00:00","article:publisher":"https:\/\/www.facebook.com\/AgileLabsTeam","article:author":"https:\/\/www.facebook.com\/AgileLabsTeam","twitter:card":"summary","twitter:site":"@InfoAgileLabs","twitter:title":"Overview - Agile Labs","twitter:description":"Calibration Management Software - CMS Prime Technologies offers proven calibration management software (CMS) solutions to manage assets for Calibration, Maintenance and Validation. A ProCal system ensures regulatory compliance, improved practices, saves time, increases productivity and reduces operational costs. Both ProCalV5 and ProCal Direct interface with SAP Enterprise. Two Deployment Options For Large And Small Companies","twitter:creator":"@InfoAgileLabs","twitter:image":"https:\/\/www.agilelabs.co.za\/wp-content\/uploads\/2021\/08\/TwitterLogo.png?wsr","schema":{"@context":"https:\/\/schema.org","@graph":[{"@type":"BreadcrumbList","@id":"https:\/\/www.agilelabs.co.za\/fr\/overview\/#breadcrumblist","itemListElement":[{"@type":"ListItem","@id":"https:\/\/www.agilelabs.co.za\/fr\/#listItem","position":1,"name":"Home","item":"https:\/\/www.agilelabs.co.za\/fr\/","nextItem":"https:\/\/www.agilelabs.co.za\/fr\/overview\/#listItem"},{"@type":"ListItem","@id":"https:\/\/www.agilelabs.co.za\/fr\/overview\/#listItem","position":2,"name":"Overview","previousItem":"https:\/\/www.agilelabs.co.za\/fr\/#listItem"}]},{"@type":"Organization","@id":"https:\/\/www.agilelabs.co.za\/fr\/#organization","name":"Agile Labs","url":"https:\/\/www.agilelabs.co.za\/fr\/","logo":{"@type":"ImageObject","url":"https:\/\/www.agilelabs.co.za\/wp-content\/uploads\/2021\/08\/LogoTransparant.gif?wsr","@id":"https:\/\/www.agilelabs.co.za\/fr\/overview\/#organizationLogo","width":125,"height":113},"image":{"@id":"https:\/\/www.agilelabs.co.za\/fr\/overview\/#organizationLogo"},"sameAs":["https:\/\/www.facebook.com\/AgileLabsTeam","https:\/\/twitter.com\/InfoAgileLabs"]},{"@type":"WebPage","@id":"https:\/\/www.agilelabs.co.za\/fr\/overview\/#webpage","url":"https:\/\/www.agilelabs.co.za\/fr\/overview\/","name":"Overview - Agile Labs","description":"Calibration Management Software - CMS Prime Technologies offers proven calibration management software (CMS) solutions to manage assets for Calibration, Maintenance and Validation. A ProCal system ensures regulatory compliance, improved practices, saves time, increases productivity and reduces operational costs. Both ProCalV5 and ProCal Direct interface with SAP Enterprise. Two Deployment Options For Large And Small Companies","inLanguage":"fr-FR","isPartOf":{"@id":"https:\/\/www.agilelabs.co.za\/fr\/#website"},"breadcrumb":{"@id":"https:\/\/www.agilelabs.co.za\/fr\/overview\/#breadcrumblist"},"datePublished":"2021-08-20T02:44:41+02:00","dateModified":"2021-11-23T20:27:26+02:00"},{"@type":"WebSite","@id":"https:\/\/www.agilelabs.co.za\/fr\/#website","url":"https:\/\/www.agilelabs.co.za\/fr\/","name":"Agile Labs","description":"Industry and laboratory software solutions","inLanguage":"fr-FR","publisher":{"@id":"https:\/\/www.agilelabs.co.za\/fr\/#organization"}}]}},"aioseo_meta_data":{"post_id":"11592","title":null,"description":null,"keywords":null,"keyphrases":null,"primary_term":null,"canonical_url":null,"og_title":null,"og_description":null,"og_object_type":"default","og_image_type":"default","og_image_url":null,"og_image_width":null,"og_image_height":null,"og_image_custom_url":null,"og_image_custom_fields":null,"og_video":null,"og_custom_url":null,"og_article_section":null,"og_article_tags":null,"twitter_use_og":false,"twitter_card":"default","twitter_image_type":"default","twitter_image_url":null,"twitter_image_custom_url":null,"twitter_image_custom_fields":null,"twitter_title":null,"twitter_description":null,"schema":{"blockGraphs":[],"customGraphs":[],"default":{"data":{"Article":[],"Course":[],"Dataset":[],"FAQPage":[],"Movie":[],"Person":[],"Product":[],"Recipe":[],"Service":[],"SoftwareApplication":[],"WebPage":[]},"graphName":"","isEnabled":true},"graphs":[]},"schema_type":"default","schema_type_options":null,"pillar_content":false,"robots_default":true,"robots_noindex":false,"robots_noarchive":false,"robots_nosnippet":false,"robots_nofollow":false,"robots_noimageindex":false,"robots_noodp":false,"robots_notranslate":false,"robots_max_snippet":null,"robots_max_videopreview":null,"robots_max_imagepreview":"large","priority":null,"frequency":null,"local_seo":null,"limit_modified_date":false,"open_ai":null,"created":"2022-02-09 02:39:01","updated":"2022-09-13 21:12:00"},"_links":{"self":[{"href":"https:\/\/www.agilelabs.co.za\/fr\/wp-json\/wp\/v2\/pages\/11592","targetHints":{"allow":["GET"]}}],"collection":[{"href":"https:\/\/www.agilelabs.co.za\/fr\/wp-json\/wp\/v2\/pages"}],"about":[{"href":"https:\/\/www.agilelabs.co.za\/fr\/wp-json\/wp\/v2\/types\/page"}],"author":[{"embeddable":true,"href":"https:\/\/www.agilelabs.co.za\/fr\/wp-json\/wp\/v2\/users\/1"}],"replies":[{"embeddable":true,"href":"https:\/\/www.agilelabs.co.za\/fr\/wp-json\/wp\/v2\/comments?post=11592"}],"version-history":[{"count":0,"href":"https:\/\/www.agilelabs.co.za\/fr\/wp-json\/wp\/v2\/pages\/11592\/revisions"}],"wp:attachment":[{"href":"https:\/\/www.agilelabs.co.za\/fr\/wp-json\/wp\/v2\/media?parent=11592"}],"wp:term":[{"taxonomy":"category","embeddable":true,"href":"https:\/\/www.agilelabs.co.za\/fr\/wp-json\/wp\/v2\/categories?post=11592"},{"taxonomy":"post_tag","embeddable":true,"href":"https:\/\/www.agilelabs.co.za\/fr\/wp-json\/wp\/v2\/tags?post=11592"}],"curies":[{"name":"wp","href":"https:\/\/api.w.org\/{rel}","templated":true}]}}