{"id":12298,"date":"2021-10-06T14:29:18","date_gmt":"2021-10-06T12:29:18","guid":{"rendered":"https:\/\/www.agilelabs.co.za\/?page_id=12298"},"modified":"2022-01-27T15:22:20","modified_gmt":"2022-01-27T13:22:20","slug":"iso-accredited-facilities","status":"publish","type":"page","link":"https:\/\/www.agilelabs.co.za\/es\/iso-accredited-facilities\/","title":{"rendered":"Instalaciones acreditadas por ISO"},"content":{"rendered":"<p class=\"has-normal-font-size\"><strong>ProCal Direct<\/strong> es una soluci\u00f3n de laboratorio completa basada en la nube para abordar todos los requisitos de un laboratorio acreditado por ISO. El mayor gasto de un laboratorio es la mano de obra. El ahorro de tiempo al eliminar el trabajo manual, como la generaci\u00f3n de hojas de trabajo de calibraci\u00f3n, se automatiza en ProCal seg\u00fan los registros de calibraci\u00f3n del instrumento maestro. <\/p>\n\n\n\n<p>Los puntos de calibraci\u00f3n se seleccionan autom\u00e1ticamente y los registros est\u00e1n disponibles<strong> de donde sea<\/strong>. Las estaciones de trabajo m\u00f3viles est\u00e1n dise\u00f1adas para calibrar fuera del sitio y pueden conectar instrumentos como b\u00e1sculas y balanzas, term\u00f3metros, HPLC y muchos m\u00e1s directamente con tabletas Windows y Android.  <a href=\"https:\/\/www.agilelabs.co.za\/es\/test-type-packages\/\"><strong>Todos los paquetes de tipo de prueba se incluyen con ProCal Direct.<\/strong><\/a><\/p>\n\n\n\n<p>Genere alertas para calibraciones vencidas y configure correos electr\u00f3nicos y alertas automatizados. Genere e imprima pegatinas de calibraci\u00f3n sin esfuerzo.<\/p>\n\n\n\n<p>ProCal incluye <strong>gesti\u00f3n de activos<\/strong> con registros de mantenimiento integrados.<\/p>\n\n\n\n<p><strong>Registros de entrenamiento<\/strong> se gestionan y guardan con horarios creados f\u00e1cilmente para reentrenamiento.<\/p>\n\n\n\n<p>No m\u00e1s registros mal archivados o incompletos, elimine el error humano por completo.<\/p>\n\n\n\n<blockquote class=\"wp-block-quote is-layout-flow wp-block-quote-is-layout-flow\"><p>Tus datos son siempre tuyos. Una utilidad de descarga de datos gratuita facilita las copias de seguridad.<\/p><\/blockquote>\n\n\n\n<div class=\"wp-block-image\"><figure class=\"aligncenter size-large is-resized\"><img decoding=\"async\" src=\"https:\/\/www.agilelabs.co.za\/wp-content\/uploads\/2021\/08\/S10-1024x683.png\" alt=\"\" class=\"wp-image-11553\" width=\"672\" height=\"448\" srcset=\"https:\/\/www.agilelabs.co.za\/wp-content\/uploads\/2021\/08\/S10-1024x683.png 1024w, https:\/\/www.agilelabs.co.za\/wp-content\/uploads\/2021\/08\/S10-350x233.png 350w, https:\/\/www.agilelabs.co.za\/wp-content\/uploads\/2021\/08\/S10-680x453.png 680w, https:\/\/www.agilelabs.co.za\/wp-content\/uploads\/2021\/08\/S10-300x200.png 300w, https:\/\/www.agilelabs.co.za\/wp-content\/uploads\/2021\/08\/S10-768x512.png 768w, https:\/\/www.agilelabs.co.za\/wp-content\/uploads\/2021\/08\/S10-570x380.png 570w, https:\/\/www.agilelabs.co.za\/wp-content\/uploads\/2021\/08\/S10-380x254.png 380w, https:\/\/www.agilelabs.co.za\/wp-content\/uploads\/2021\/08\/S10-285x190.png 285w, https:\/\/www.agilelabs.co.za\/wp-content\/uploads\/2021\/08\/S10.png 1059w\" sizes=\"(max-width: 672px) 100vw, 672px\" \/><\/figure><\/div>\n\n\n\n<p><\/p>\n\n\n\n<p>Algunas caracter\u00edsticas m\u00e1s completas incluyen:<\/p>\n\n\n\n<ul class=\"wp-block-list\"><li>ProCalV5 es un sistema completo de gesti\u00f3n de activos de mantenimiento y calibraci\u00f3n sin papel, dise\u00f1ado para garantizar el cumplimiento normativo y reducir los costos operativos de las instalaciones acreditadas.<\/li><li>ProCalV5 se desarrolla bajo estrictas pr\u00e1cticas de calidad que son auditadas y aprobadas de forma rutinaria por las principales empresas de ciencias biol\u00f3gicas.<\/li><li>ProCalV5 es una aplicaci\u00f3n GAMP COTS 4 (configurable). Cada versi\u00f3n se valida previamente antes de su lanzamiento. Estos factores clave proporcionan el marco, donde a trav\u00e9s de una evaluaci\u00f3n de riesgos adecuada, nuestros clientes normalmente proceden con una validaci\u00f3n m\u00e1s r\u00e1pida y econ\u00f3mica del programa para su uso previsto.<\/li><li>Podemos proporcionar planes de proyecto y toda la documentaci\u00f3n y los servicios necesarios que puedan ser necesarios para ayudar con su validaci\u00f3n.<\/li><li>ProCalV5 fue el primer software de gesti\u00f3n de calibraci\u00f3n compatible con 21 CFR Parte 11 de la industria.<\/li><li>Nuestra tecnolog\u00eda de estaci\u00f3n de trabajo m\u00f3vil fuera de l\u00ednea validada, compatible con 21 CFR Parte 11 (sin necesidad de conexi\u00f3n a Internet o Wi-Fi) es \u00fanica en la industria. Proporcionan acceso fuera de l\u00ednea a la funcionalidad completa del programa (descargue los SOP, agregue nuevos registros en el campo, registre y verifique autom\u00e1ticamente los datos de calibraci\u00f3n aceptables tal como se encuentran \/ tal como se dejaron, asigne est\u00e1ndares de prueba, imprima certificados, imprima calcoman\u00edas de calibraci\u00f3n, comun\u00edquese con Calibradores de Fluke, etc.).<\/li><li>Las principales empresas de ciencias biol\u00f3gicas de todo el mundo utilizan computadoras port\u00e1tiles y tabletas con licencias de estaci\u00f3n de trabajo m\u00f3vil para lograr operaciones completas sin papel que cumplen con la FDA.<\/li><li>La productividad aumenta considerablemente; el costo operativo se reduce significativamente y se garantiza el cumplimiento normativo. El uso de estas licencias tambi\u00e9n minimiza la necesidad de licencias de usuario concurrentes, lo que resulta en ahorros de costos totales del sistema a\u00fan mayores.<\/li><li>Se puede iniciar un n\u00famero ilimitado de cuentas aut\u00f3nomas a medida que agrega ubicaciones de sitios.<\/li><li>Todas las cuentas pueden estar configuradas de forma id\u00e9ntica o quiz\u00e1s algunas modificadas seg\u00fan los requisitos locales. Las modificaciones pueden ser por cambios simples o las configuraciones de la cuenta pueden ser completamente \u00fanicas. El m\u00f3dulo Copy Company proporciona una poderosa herramienta basada en plantillas para ayudar a facilitar la adici\u00f3n y configuraci\u00f3n de nuevas cuentas de sitios.<\/li><li>No hay ning\u00fan costo adicional para agregar cuentas, grupos de usuarios, usuarios o activos.<\/li><li>La mayor\u00eda de las etiquetas de los campos del programa se pueden cambiar para que coincidan con la terminolog\u00eda deseada.<\/li><li>Se puede agregar un n\u00famero ilimitado de campos caracterizados definidos por el usuario para acomodar la informaci\u00f3n y el flujo de trabajo espec\u00edficos del cliente.<\/li><li>Actualmente, ProCalV5 admite seis idiomas; con m\u00e1s por venir. La selecci\u00f3n de idioma puede ser predeterminada para toda la empresa, la cuenta o el nivel de usuario individual. Cambiar de idioma es tan simple como seleccionarlo de una lista desplegable.<\/li><li>Ofrecemos una gran biblioteca de paquetes de pruebas de precisi\u00f3n. Estos son m\u00f3dulos atornillados que proporcionan una interfaz de usuario personalizada para incluir algoritmos, informes, etc. que son espec\u00edficos para varios tipos de activos, sistemas y equipos que se encuentran com\u00fanmente en las instalaciones de ciencias de la vida.<\/li><li>ProCal Explorer proporciona una forma f\u00e1cil y directa, en un formato de \u00e1rbol jer\u00e1rquico expandible \/ plegable, para ver sus activos. Las indicaciones visuales muestran claramente aquellos que requieren atenci\u00f3n inmediata y aquellos cuyos eventos programados est\u00e1n vencidos. Desde la vista, puede iniciar directamente en los registros maestros de activos. Al instante, la informaci\u00f3n de sus activos se puede ordenar y presentar por Clasificaci\u00f3n, Departamento, Frecuencia, Tipo de art\u00edculo, Ubicaci\u00f3n, Fabricante, T\u00e9cnico responsable, Programa, Trabajo pendiente por departamento o Trabajo pendiente por ubicaci\u00f3n.<\/li><li>Se pueden lanzar informes de recuperaci\u00f3n, eventos vencidos y muchos otros en toda la empresa o para cuentas individuales o m\u00faltiples espec\u00edficas.<\/li><li>Se pueden crear asociaciones jer\u00e1rquicas dentro de cada cuenta para sistemas, bucles, equipos e instrumentos.<\/li><li>Se pueden crear registros separados para los est\u00e1ndares de prueba de cada cuenta. Los diversos est\u00e1ndares de prueba de su proveedor de servicio autorizado se pueden asignar para su uso a cuentas individuales \u00fanicas y \/ o globales para su selecci\u00f3n para usar en todas las cuentas.<\/li><li>Los est\u00e1ndares de prueba se pueden controlar para su uso solo para tipos de instrumentos espec\u00edficos. Los informes de trazabilidad inversa son f\u00e1ciles de iniciar en todas las cuentas de los clientes.<\/li><li>Los registros de activos de instrumentos maestros pueden admitir varios grupos de prueba para un solo activo (ejemplo: para flujo m\u00e1sico: frecuencia, temperatura y presi\u00f3n). Los grupos de prueba tambi\u00e9n pueden combinar el uso de paquetes de prueba de precisi\u00f3n.<\/li><li>Los horarios se pueden basar en el calendario o en el recuento de uso.<\/li><li>ProCalV5 realiza todas las funciones matem\u00e1ticas al crear registros maestros. Los c\u00e1lculos pueden adaptarse a diversas asociaciones de se\u00f1ales, declaraciones de precisi\u00f3n, resoluciones y combinaciones (entrada frente a salida, % de lectura, rango, +\/-, manual, ra\u00edz lineal \/ cuadrada, tablas, etc.).<\/li><li>Se pueden establecer plantillas, se pueden copiar registros, las caracter\u00edsticas de cambio global permiten modificar grupos de registros al mismo tiempo.<\/li><li>Ning\u00fan error humano. El programa verifica, a trav\u00e9s de indicaciones visuales, dentro o fuera de las condiciones de tolerancia en el momento de la entrada de datos tal y como se encuentran.<\/li><li>Cuando se editan los valores \u00f3ptimos de los puntos de prueba durante las calibraciones, el programa calcula autom\u00e1ticamente nuevas correlaciones de se\u00f1ales y l\u00edmites de tolerancia aceptables.<\/li><li>El sistema se puede configurar para permitir la notificaci\u00f3n autom\u00e1tica de eventos de incumplimiento.<\/li><li>Se pueden enviar recordatorios, advertencias y alertas por correo electr\u00f3nico a los destinatarios designados.<\/li><li>El sistema proporciona la funcionalidad de Mantenimiento preventivo \/ Orden de trabajo \/ Inventario de piezas.<\/li><li>El sistema puede gestionar el control de cambios electr\u00f3nicos.<\/li><li>Se pueden asignar firmas electr\u00f3nicas para rutas paralelas o forzadas para que coincidan con el flujo de trabajo deseado. No hay l\u00edmite para la cantidad de diferentes tipos de pol\u00edticas de firma electr\u00f3nica que se pueden establecer, guardar y adjuntar a documentos y eventos.<\/li><li>ProCalV5 tiene m\u00e1s de 90 informes est\u00e1ndar. Estos se pueden cambiar y se pueden agregar m\u00e1s f\u00e1cilmente a sus especificaciones exactas.<\/li><li>Las consultas avanzadas se pueden construir, nombrar y guardar para su ejecuci\u00f3n futura. Los resultados se pueden exportar f\u00e1cilmente a otros formatos de archivo.<\/li><li>El sistema puede generar certificados de calibraci\u00f3n y puede imprimir autom\u00e1ticamente pegatinas de calibraci\u00f3n.<\/li><li>Se pueden calibrar varios activos y se puede acceder a registros individuales al mismo tiempo.<\/li><li>El trabajo en curso se puede guardar como incompleto.<\/li><li>ProCalV5 ofrece una compatibilidad inigualable con los calibradores de documentaci\u00f3n de Fluke.<\/li><li>No es necesario guardar documentos de MS Word o PDF: los informes se crean ad-hoc seg\u00fan se solicite.<\/li><li>ProCal eView permite la conexi\u00f3n web remota para lanzar informes solicitados o enviar informes autom\u00e1ticamente en un calendario programado por correo electr\u00f3nico a destinatarios que pueden ser independientes de los usuarios normales del sistema.<\/li><li>ProCal Direct es la versi\u00f3n SaaS en la nube de ProCalV5. Ofrece todas las funciones enumeradas anteriormente y admite el uso de estaciones de trabajo m\u00f3viles y calibradores de Fluke.<\/li><li>Las opciones de integraci\u00f3n est\u00e1n disponibles para compartir datos con SAP y otras aplicaciones.<\/li><\/ul>","protected":false},"excerpt":{"rendered":"<p>ProCal Direct es una soluci\u00f3n de laboratorio completa basada en la nube para abordar todos los requisitos de un laboratorio acreditado por ISO. El mayor gasto de un laboratorio es la mano de obra. El ahorro de tiempo al eliminar el trabajo manual, como la generaci\u00f3n de hojas de trabajo de calibraci\u00f3n, se automatiza en ProCal seg\u00fan los registros de calibraci\u00f3n del instrumento maestro. Los puntos de calibracin se seleccionan automticamente y los registros se<\/p>\n<p class=\"more-link\"><a href=\"https:\/\/www.agilelabs.co.za\/es\/iso-accredited-facilities\/\" class=\"themebutton\">Lee mas<\/a><\/p>","protected":false},"author":1,"featured_media":0,"parent":0,"menu_order":0,"comment_status":"closed","ping_status":"closed","template":"","meta":{"_acf_changed":false,"_monsterinsights_skip_tracking":false,"_monsterinsights_sitenote_active":false,"_monsterinsights_sitenote_note":"","_monsterinsights_sitenote_category":0,"footnotes":""},"categories":[],"tags":[],"class_list":["post-12298","page","type-page","status-publish","hentry"],"acf":[],"aioseo_notices":[],"aioseo_head":"\n\t\t<!-- All in One SEO Pro 4.7.0 - aioseo.com -->\n\t\t<meta name=\"description\" content=\"ProCal Direct is a complete laboratory cloud based solution to address all the requirements of a ISO accredited laboratory. The biggest expense for a lab is labour. Saving time by removing manual work, like generating calibration worksheets, are automated in ProCal based on master instrument calibration records. Calibration points are automatically selected and records are\" \/>\n\t\t<meta name=\"robots\" content=\"max-image-preview:large\" \/>\n\t\t<meta name=\"google-site-verification\" content=\"Nku-_1g-wtMYqihMzrUWbm5pdgO5gPY2D7l1ya5YPAU\" \/>\n\t\t<meta name=\"msvalidate.01\" content=\"9fc30828a433413eb7b3b5d32174774f\" \/>\n\t\t<meta name=\"yandex-verification\" content=\"c2122235dabe51e3\" \/>\n\t\t<link rel=\"canonical\" href=\"https:\/\/www.agilelabs.co.za\/es\/iso-accredited-facilities\/\" \/>\n\t\t<meta name=\"generator\" content=\"All in One SEO Pro (AIOSEO) 4.7.0\" \/>\n\t\t<meta property=\"og:locale\" content=\"es_ES\" \/>\n\t\t<meta property=\"og:site_name\" content=\"Agile Labs - Industry and laboratory software solutions\" \/>\n\t\t<meta property=\"og:type\" content=\"article\" \/>\n\t\t<meta property=\"og:title\" content=\"ISO Accredited Facilities - Agile Labs\" \/>\n\t\t<meta property=\"og:description\" content=\"ProCal Direct is a complete laboratory cloud based solution to address all the requirements of a ISO accredited laboratory. The biggest expense for a lab is labour. Saving time by removing manual work, like generating calibration worksheets, are automated in ProCal based on master instrument calibration records. Calibration points are automatically selected and records are\" \/>\n\t\t<meta property=\"og:url\" content=\"https:\/\/www.agilelabs.co.za\/es\/iso-accredited-facilities\/\" \/>\n\t\t<meta property=\"og:image\" content=\"https:\/\/www.agilelabs.co.za\/wp-content\/uploads\/2021\/08\/TwitterLogo.png?wsr\" \/>\n\t\t<meta property=\"og:image:secure_url\" content=\"https:\/\/www.agilelabs.co.za\/wp-content\/uploads\/2021\/08\/TwitterLogo.png?wsr\" \/>\n\t\t<meta property=\"og:image:width\" content=\"189\" \/>\n\t\t<meta property=\"og:image:height\" content=\"168\" \/>\n\t\t<meta property=\"article:published_time\" content=\"2021-10-06T12:29:18+00:00\" \/>\n\t\t<meta property=\"article:modified_time\" content=\"2022-01-27T13:22:20+00:00\" \/>\n\t\t<meta property=\"article:publisher\" content=\"https:\/\/www.facebook.com\/AgileLabsTeam\" \/>\n\t\t<meta property=\"article:author\" content=\"https:\/\/www.facebook.com\/AgileLabsTeam\" \/>\n\t\t<meta name=\"twitter:card\" content=\"summary\" \/>\n\t\t<meta name=\"twitter:site\" content=\"@InfoAgileLabs\" \/>\n\t\t<meta name=\"twitter:title\" content=\"ISO Accredited Facilities - Agile Labs\" \/>\n\t\t<meta name=\"twitter:description\" content=\"ProCal Direct is a complete laboratory cloud based solution to address all the requirements of a ISO accredited laboratory. The biggest expense for a lab is labour. Saving time by removing manual work, like generating calibration worksheets, are automated in ProCal based on master instrument calibration records. Calibration points are automatically selected and records are\" \/>\n\t\t<meta name=\"twitter:creator\" content=\"@InfoAgileLabs\" \/>\n\t\t<meta name=\"twitter:image\" content=\"https:\/\/www.agilelabs.co.za\/wp-content\/uploads\/2021\/08\/TwitterLogo.png?wsr\" \/>\n\t\t<script type=\"application\/ld+json\" class=\"aioseo-schema\">\n\t\t\t{\"@context\":\"https:\\\/\\\/schema.org\",\"@graph\":[{\"@type\":\"BreadcrumbList\",\"@id\":\"https:\\\/\\\/www.agilelabs.co.za\\\/es\\\/iso-accredited-facilities\\\/#breadcrumblist\",\"itemListElement\":[{\"@type\":\"ListItem\",\"@id\":\"https:\\\/\\\/www.agilelabs.co.za\\\/es\\\/#listItem\",\"position\":1,\"name\":\"Home\",\"item\":\"https:\\\/\\\/www.agilelabs.co.za\\\/es\\\/\",\"nextItem\":\"https:\\\/\\\/www.agilelabs.co.za\\\/es\\\/iso-accredited-facilities\\\/#listItem\"},{\"@type\":\"ListItem\",\"@id\":\"https:\\\/\\\/www.agilelabs.co.za\\\/es\\\/iso-accredited-facilities\\\/#listItem\",\"position\":2,\"name\":\"ISO Accredited Facilities\",\"previousItem\":\"https:\\\/\\\/www.agilelabs.co.za\\\/es\\\/#listItem\"}]},{\"@type\":\"Organization\",\"@id\":\"https:\\\/\\\/www.agilelabs.co.za\\\/es\\\/#organization\",\"name\":\"Agile Labs\",\"url\":\"https:\\\/\\\/www.agilelabs.co.za\\\/es\\\/\",\"logo\":{\"@type\":\"ImageObject\",\"url\":\"https:\\\/\\\/www.agilelabs.co.za\\\/wp-content\\\/uploads\\\/2021\\\/08\\\/LogoTransparant.gif?wsr\",\"@id\":\"https:\\\/\\\/www.agilelabs.co.za\\\/es\\\/iso-accredited-facilities\\\/#organizationLogo\",\"width\":125,\"height\":113},\"image\":{\"@id\":\"https:\\\/\\\/www.agilelabs.co.za\\\/es\\\/iso-accredited-facilities\\\/#organizationLogo\"},\"sameAs\":[\"https:\\\/\\\/www.facebook.com\\\/AgileLabsTeam\",\"https:\\\/\\\/twitter.com\\\/InfoAgileLabs\"]},{\"@type\":\"WebPage\",\"@id\":\"https:\\\/\\\/www.agilelabs.co.za\\\/es\\\/iso-accredited-facilities\\\/#webpage\",\"url\":\"https:\\\/\\\/www.agilelabs.co.za\\\/es\\\/iso-accredited-facilities\\\/\",\"name\":\"ISO Accredited Facilities - Agile Labs\",\"description\":\"ProCal Direct is a complete laboratory cloud based solution to address all the requirements of a ISO accredited laboratory. The biggest expense for a lab is labour. Saving time by removing manual work, like generating calibration worksheets, are automated in ProCal based on master instrument calibration records. Calibration points are automatically selected and records are\",\"inLanguage\":\"es-ES\",\"isPartOf\":{\"@id\":\"https:\\\/\\\/www.agilelabs.co.za\\\/es\\\/#website\"},\"breadcrumb\":{\"@id\":\"https:\\\/\\\/www.agilelabs.co.za\\\/es\\\/iso-accredited-facilities\\\/#breadcrumblist\"},\"datePublished\":\"2021-10-06T14:29:18+02:00\",\"dateModified\":\"2022-01-27T15:22:20+02:00\"},{\"@type\":\"WebSite\",\"@id\":\"https:\\\/\\\/www.agilelabs.co.za\\\/es\\\/#website\",\"url\":\"https:\\\/\\\/www.agilelabs.co.za\\\/es\\\/\",\"name\":\"Agile Labs\",\"description\":\"Industry and laboratory software solutions\",\"inLanguage\":\"es-ES\",\"publisher\":{\"@id\":\"https:\\\/\\\/www.agilelabs.co.za\\\/es\\\/#organization\"}}]}\n\t\t<\/script>\n\t\t<script type=\"text\/javascript\">\n\t\t\t(function(c,l,a,r,i,t,y){\n\t\t\tc[a]=c[a]||function(){(c[a].q=c[a].q||[]).push(arguments)};t=l.createElement(r);t.async=1;\n\t\t\tt.src=\"https:\/\/www.clarity.ms\/tag\/\"+i+\"?ref=aioseo\";y=l.getElementsByTagName(r)[0];y.parentNode.insertBefore(t,y);\n\t\t})(window, document, \"clarity\", \"script\", \"b88vlc75di\");\n\t\t<\/script>\n\t\t<!-- All in One SEO Pro -->\r\n\t\t<title>ISO Accredited Facilities - Agile Labs<\/title>\n\n","aioseo_head_json":{"title":"ISO Accredited Facilities - Agile Labs","description":"ProCal Direct is a complete laboratory cloud based solution to address all the requirements of a ISO accredited laboratory. The biggest expense for a lab is labour. Saving time by removing manual work, like generating calibration worksheets, are automated in ProCal based on master instrument calibration records. Calibration points are automatically selected and records are","canonical_url":"https:\/\/www.agilelabs.co.za\/es\/iso-accredited-facilities\/","robots":"max-image-preview:large","keywords":"","webmasterTools":{"google-site-verification":"Nku-_1g-wtMYqihMzrUWbm5pdgO5gPY2D7l1ya5YPAU","msvalidate.01":"9fc30828a433413eb7b3b5d32174774f","yandex-verification":"c2122235dabe51e3","miscellaneous":""},"og:locale":"es_ES","og:site_name":"Agile Labs - Industry and laboratory software solutions","og:type":"article","og:title":"ISO Accredited Facilities - Agile Labs","og:description":"ProCal Direct is a complete laboratory cloud based solution to address all the requirements of a ISO accredited laboratory. The biggest expense for a lab is labour. Saving time by removing manual work, like generating calibration worksheets, are automated in ProCal based on master instrument calibration records. Calibration points are automatically selected and records are","og:url":"https:\/\/www.agilelabs.co.za\/es\/iso-accredited-facilities\/","og:image":"https:\/\/www.agilelabs.co.za\/wp-content\/uploads\/2021\/08\/TwitterLogo.png?wsr","og:image:secure_url":"https:\/\/www.agilelabs.co.za\/wp-content\/uploads\/2021\/08\/TwitterLogo.png?wsr","og:image:width":189,"og:image:height":168,"article:published_time":"2021-10-06T12:29:18+00:00","article:modified_time":"2022-01-27T13:22:20+00:00","article:publisher":"https:\/\/www.facebook.com\/AgileLabsTeam","article:author":"https:\/\/www.facebook.com\/AgileLabsTeam","twitter:card":"summary","twitter:site":"@InfoAgileLabs","twitter:title":"ISO Accredited Facilities - Agile Labs","twitter:description":"ProCal Direct is a complete laboratory cloud based solution to address all the requirements of a ISO accredited laboratory. The biggest expense for a lab is labour. Saving time by removing manual work, like generating calibration worksheets, are automated in ProCal based on master instrument calibration records. Calibration points are automatically selected and records are","twitter:creator":"@InfoAgileLabs","twitter:image":"https:\/\/www.agilelabs.co.za\/wp-content\/uploads\/2021\/08\/TwitterLogo.png?wsr","schema":{"@context":"https:\/\/schema.org","@graph":[{"@type":"BreadcrumbList","@id":"https:\/\/www.agilelabs.co.za\/es\/iso-accredited-facilities\/#breadcrumblist","itemListElement":[{"@type":"ListItem","@id":"https:\/\/www.agilelabs.co.za\/es\/#listItem","position":1,"name":"Home","item":"https:\/\/www.agilelabs.co.za\/es\/","nextItem":"https:\/\/www.agilelabs.co.za\/es\/iso-accredited-facilities\/#listItem"},{"@type":"ListItem","@id":"https:\/\/www.agilelabs.co.za\/es\/iso-accredited-facilities\/#listItem","position":2,"name":"ISO Accredited Facilities","previousItem":"https:\/\/www.agilelabs.co.za\/es\/#listItem"}]},{"@type":"Organization","@id":"https:\/\/www.agilelabs.co.za\/es\/#organization","name":"Agile Labs","url":"https:\/\/www.agilelabs.co.za\/es\/","logo":{"@type":"ImageObject","url":"https:\/\/www.agilelabs.co.za\/wp-content\/uploads\/2021\/08\/LogoTransparant.gif?wsr","@id":"https:\/\/www.agilelabs.co.za\/es\/iso-accredited-facilities\/#organizationLogo","width":125,"height":113},"image":{"@id":"https:\/\/www.agilelabs.co.za\/es\/iso-accredited-facilities\/#organizationLogo"},"sameAs":["https:\/\/www.facebook.com\/AgileLabsTeam","https:\/\/twitter.com\/InfoAgileLabs"]},{"@type":"WebPage","@id":"https:\/\/www.agilelabs.co.za\/es\/iso-accredited-facilities\/#webpage","url":"https:\/\/www.agilelabs.co.za\/es\/iso-accredited-facilities\/","name":"ISO Accredited Facilities - Agile Labs","description":"ProCal Direct is a complete laboratory cloud based solution to address all the requirements of a ISO accredited laboratory. The biggest expense for a lab is labour. Saving time by removing manual work, like generating calibration worksheets, are automated in ProCal based on master instrument calibration records. Calibration points are automatically selected and records are","inLanguage":"es-ES","isPartOf":{"@id":"https:\/\/www.agilelabs.co.za\/es\/#website"},"breadcrumb":{"@id":"https:\/\/www.agilelabs.co.za\/es\/iso-accredited-facilities\/#breadcrumblist"},"datePublished":"2021-10-06T14:29:18+02:00","dateModified":"2022-01-27T15:22:20+02:00"},{"@type":"WebSite","@id":"https:\/\/www.agilelabs.co.za\/es\/#website","url":"https:\/\/www.agilelabs.co.za\/es\/","name":"Agile Labs","description":"Industry and laboratory software solutions","inLanguage":"es-ES","publisher":{"@id":"https:\/\/www.agilelabs.co.za\/es\/#organization"}}]}},"aioseo_meta_data":{"post_id":"12298","title":null,"description":null,"keywords":null,"keyphrases":null,"primary_term":null,"canonical_url":null,"og_title":null,"og_description":null,"og_object_type":"default","og_image_type":"default","og_image_url":null,"og_image_width":null,"og_image_height":null,"og_image_custom_url":null,"og_image_custom_fields":null,"og_video":null,"og_custom_url":null,"og_article_section":null,"og_article_tags":null,"twitter_use_og":false,"twitter_card":"default","twitter_image_type":"default","twitter_image_url":null,"twitter_image_custom_url":null,"twitter_image_custom_fields":null,"twitter_title":null,"twitter_description":null,"schema":{"blockGraphs":[],"customGraphs":[],"default":{"data":{"Article":[],"Course":[],"Dataset":[],"FAQPage":[],"Movie":[],"Person":[],"Product":[],"Recipe":[],"Service":[],"SoftwareApplication":[],"WebPage":[]},"graphName":"","isEnabled":true},"graphs":[]},"schema_type":"default","schema_type_options":null,"pillar_content":false,"robots_default":true,"robots_noindex":false,"robots_noarchive":false,"robots_nosnippet":false,"robots_nofollow":false,"robots_noimageindex":false,"robots_noodp":false,"robots_notranslate":false,"robots_max_snippet":null,"robots_max_videopreview":null,"robots_max_imagepreview":"large","priority":null,"frequency":null,"local_seo":null,"limit_modified_date":false,"open_ai":null,"created":"2022-02-09 02:39:01","updated":"2022-09-13 21:15:53"},"_links":{"self":[{"href":"https:\/\/www.agilelabs.co.za\/es\/wp-json\/wp\/v2\/pages\/12298","targetHints":{"allow":["GET"]}}],"collection":[{"href":"https:\/\/www.agilelabs.co.za\/es\/wp-json\/wp\/v2\/pages"}],"about":[{"href":"https:\/\/www.agilelabs.co.za\/es\/wp-json\/wp\/v2\/types\/page"}],"author":[{"embeddable":true,"href":"https:\/\/www.agilelabs.co.za\/es\/wp-json\/wp\/v2\/users\/1"}],"replies":[{"embeddable":true,"href":"https:\/\/www.agilelabs.co.za\/es\/wp-json\/wp\/v2\/comments?post=12298"}],"version-history":[{"count":0,"href":"https:\/\/www.agilelabs.co.za\/es\/wp-json\/wp\/v2\/pages\/12298\/revisions"}],"wp:attachment":[{"href":"https:\/\/www.agilelabs.co.za\/es\/wp-json\/wp\/v2\/media?parent=12298"}],"wp:term":[{"taxonomy":"category","embeddable":true,"href":"https:\/\/www.agilelabs.co.za\/es\/wp-json\/wp\/v2\/categories?post=12298"},{"taxonomy":"post_tag","embeddable":true,"href":"https:\/\/www.agilelabs.co.za\/es\/wp-json\/wp\/v2\/tags?post=12298"}],"curies":[{"name":"wp","href":"https:\/\/api.w.org\/{rel}","templated":true}]}}