{"id":12065,"date":"2021-09-23T06:38:27","date_gmt":"2021-09-23T04:38:27","guid":{"rendered":"https:\/\/www.agilelabs.co.za\/?page_id=12065"},"modified":"2021-09-23T15:23:59","modified_gmt":"2021-09-23T13:23:59","slug":"feature-benefits-for-public-utilities","status":"publish","type":"page","link":"https:\/\/www.agilelabs.co.za\/es\/feature-benefits-for-public-utilities\/","title":{"rendered":"Utilidades Publicas"},"content":{"rendered":"<div class=\"wp-block-image\"><figure class=\"aligncenter size-full is-resized\"><img decoding=\"async\" src=\"https:\/\/www.agilelabs.co.za\/wp-content\/uploads\/2021\/09\/PublicWorks.png\" alt=\"\" class=\"wp-image-12066\" width=\"679\" height=\"430\"\/><\/figure><\/div>\n\n\n\n<ul class=\"wp-block-list\"><li>ProCalV5 es un completo sistema de gesti\u00f3n de activos de mantenimiento y calibraci\u00f3n sin papel, dise\u00f1ado para enumerar electr\u00f3nicamente todos sus instrumentos \/ equipos y sistemas, gestionar las actividades de servicio y reducir los costes operativos.<\/li><li>Podemos proporcionar planes de proyectos, servicios y toda la documentaci\u00f3n necesaria que pueda ser necesaria para ayudarlo a comenzar.<\/li><li>Nuestra tecnolog\u00eda de estaci\u00f3n de trabajo m\u00f3vil (sin necesidad de conexi\u00f3n web o wi-fi) permite el uso de computadoras port\u00e1tiles o tabletas fuera de l\u00ednea. Los usuarios tienen acceso a la funcionalidad completa del programa. (agregue activos, imprima certificados, imprima etiquetas adhesivas de calibraci\u00f3n, comun\u00edquese con calibradores de Fluke, etc.).<\/li><li>Se puede iniciar un n\u00famero ilimitado de cuentas individuales a medida que agrega ubicaciones de sitios. Todas las cuentas pueden estar configuradas de forma id\u00e9ntica o quiz\u00e1s algunas modificadas seg\u00fan los requisitos locales. El m\u00f3dulo Copy Company proporciona una poderosa herramienta basada en plantillas para ayudarlo a agregar y configurar nuevas cuentas de sitio.<\/li><li>No hay ning\u00fan costo adicional para agregar cuentas, grupos de usuarios, usuarios o activos.<\/li><li>La mayor\u00eda de las etiquetas de los campos del programa pueden ser modificadas por usted para que coincidan con la terminolog\u00eda deseada.<\/li><li>Usted puede agregar un n\u00famero ilimitado de campos caracterizados definidos por el usuario para acomodar cualquier informaci\u00f3n adicional que desee recopilar en el sistema.<\/li><li>Ofrecemos una gran biblioteca de paquetes de pruebas de precisi\u00f3n. Son m\u00f3dulos atornillados que proporcionan una interfaz de usuario personalizada para tipos espec\u00edficos de activos, sistemas y equipos. Muchos son de tipos com\u00fanmente utilizados en plantas de tratamiento de agua \/ aguas residuales.<\/li><li>Se pueden agregar listas de tareas a los eventos de calibraci\u00f3n.<\/li><li>ProCal Explorer proporciona una forma f\u00e1cil y directa, en un formato de \u00e1rbol jer\u00e1rquico expandible \/ plegable, para ver sus activos. Puede ver r\u00e1pida y claramente aquellos que requieren atenci\u00f3n inmediata y aquellos cuyos eventos programados est\u00e1n vencidos. Al instante, puede ordenar la informaci\u00f3n por clasificaci\u00f3n, departamento, frecuencia, tipo de art\u00edculo, ubicaci\u00f3n, fabricante, t\u00e9cnico responsable, horario, trabajo pendiente por departamento o trabajo pendiente.<\/li><li>Se pueden crear asociaciones jer\u00e1rquicas dentro de cada cuenta para sistemas, bucles, equipos e instrumentos.<\/li><li>Se pueden crear registros separados para sus est\u00e1ndares de prueba. Los est\u00e1ndares de prueba de los proveedores de servicios autorizados se pueden asignar para su uso dentro de cada cuenta y \/ o para una selecci\u00f3n global para usar en todas las cuentas.<\/li><li>Los registros de activos de instrumentos maestros pueden admitir varios grupos de prueba para un solo activo (ejemplo: flujo, nivel, presi\u00f3n, temperatura en un solo registrador gr\u00e1fico).<\/li><li>Los horarios se pueden basar en el calendario o en el recuento de uso.<\/li><li>ProCalV5 realiza todas las funciones matem\u00e1ticas al crear registros maestros. Los c\u00e1lculos pueden adaptarse a diversas asociaciones de se\u00f1ales, declaraciones de precisi\u00f3n, resoluciones y combinaciones (entrada frente a salida, % de lectura, rango, +\/-, manual, ra\u00edz lineal \/ cuadrada, tablas, etc.).<\/li><li>Se pueden establecer plantillas, se pueden copiar registros, las caracter\u00edsticas de cambio global permiten modificar grupos de registros al mismo tiempo.<\/li><li>Ning\u00fan error humano. El programa verifica, a trav\u00e9s de indicaciones visuales, dentro o fuera de las condiciones de tolerancia en el momento de la entrada de datos tal y como se encuentran.<\/li><li>Cuando se editan los valores \u00f3ptimos de los puntos de prueba durante las calibraciones, el programa calcula autom\u00e1ticamente nuevas correlaciones de se\u00f1ales y l\u00edmites de tolerancia aceptables.<\/li><li>Se pueden enviar recordatorios, advertencias y alertas por correo electr\u00f3nico a los destinatarios designados.<\/li><li>El sistema proporciona la funcionalidad de Mantenimiento preventivo \/ Orden de trabajo \/ Inventario de piezas.<\/li><li>Se pueden asignar firmas electr\u00f3nicas para aprobaciones de registros y eventos.<\/li><li>ProCalV5 tiene m\u00e1s de 90 informes est\u00e1ndar. Estos informes se pueden personalizar y se pueden agregar m\u00e1s f\u00e1cilmente a sus especificaciones exactas.<\/li><li>Las consultas avanzadas se pueden construir, nombrar y guardar para su ejecuci\u00f3n futura. Los resultados se pueden exportar f\u00e1cilmente a otros formatos de archivo.<\/li><li>El sistema puede generar certificados de calibraci\u00f3n y puede imprimir autom\u00e1ticamente pegatinas de calibraci\u00f3n.<\/li><li>Se pueden calibrar varios activos y se puede acceder a registros individuales al mismo tiempo.<\/li><li>El trabajo en curso se puede guardar como incompleto.<\/li><li>ProCalV5 ofrece una compatibilidad inigualable con los calibradores de documentaci\u00f3n de Fluke.<\/li><li>No es necesario guardar documentos de MS Word o PDF: los informes se crean ad-hoc seg\u00fan se solicite.<\/li><li>ProCal eView permite la conexi\u00f3n web remota para lanzar informes solicitados o enviar informes autom\u00e1ticamente en un calendario programado por correo electr\u00f3nico a destinatarios que pueden ser independientes de los usuarios normales del sistema.<\/li><li>ProCal Direct es la versi\u00f3n SaaS en la nube de ProCalV5. Ofrece todas las funciones enumeradas anteriormente y tambi\u00e9n admite el uso de estaciones de trabajo m\u00f3viles y calibradores de Fluke.<\/li><li>Las opciones de integraci\u00f3n est\u00e1n disponibles para compartir datos con SAP, Oracle, JD Edwards, Maximo, INFOR y otras aplicaciones.<\/li><\/ul>","protected":false},"excerpt":{"rendered":"<p>ProCalV5 is a complete, paperless calibration &amp; maintenance asset management system designed to electronically list all of your instruments\/equipment &amp; systems, manage service activities and reduce operational costs. We can provide project plans, services and all necessary documentation that may be needed to assist you to get started. Our Mobile Workstation technology (no need for<\/p>\n<p class=\"more-link\"><a href=\"https:\/\/www.agilelabs.co.za\/es\/feature-benefits-for-public-utilities\/\" class=\"themebutton\">Lee mas<\/a><\/p>","protected":false},"author":1,"featured_media":0,"parent":0,"menu_order":0,"comment_status":"closed","ping_status":"closed","template":"","meta":{"_acf_changed":false,"_monsterinsights_skip_tracking":false,"_monsterinsights_sitenote_active":false,"_monsterinsights_sitenote_note":"","_monsterinsights_sitenote_category":0,"footnotes":""},"categories":[],"tags":[],"class_list":["post-12065","page","type-page","status-publish","hentry"],"acf":[],"aioseo_notices":[],"aioseo_head":"\n\t\t<!-- All in One SEO Pro 4.7.0 - aioseo.com -->\n\t\t<meta name=\"description\" content=\"ProCalV5 is a complete, paperless calibration &amp; maintenance asset management system designed to electronically list all of your instruments\/equipment &amp; systems, manage service activities and reduce operational costs. We can provide project plans, services and all necessary documentation that may be needed to assist you to get started. Our Mobile Workstation technology (no need for\" \/>\n\t\t<meta name=\"robots\" content=\"max-image-preview:large\" \/>\n\t\t<meta name=\"google-site-verification\" content=\"Nku-_1g-wtMYqihMzrUWbm5pdgO5gPY2D7l1ya5YPAU\" \/>\n\t\t<meta name=\"msvalidate.01\" content=\"9fc30828a433413eb7b3b5d32174774f\" \/>\n\t\t<meta name=\"yandex-verification\" content=\"c2122235dabe51e3\" \/>\n\t\t<link rel=\"canonical\" href=\"https:\/\/www.agilelabs.co.za\/es\/feature-benefits-for-public-utilities\/\" \/>\n\t\t<meta name=\"generator\" content=\"All in One SEO Pro (AIOSEO) 4.7.0\" \/>\n\t\t<meta property=\"og:locale\" content=\"es_ES\" \/>\n\t\t<meta property=\"og:site_name\" content=\"Agile Labs - Industry and laboratory software solutions\" \/>\n\t\t<meta property=\"og:type\" content=\"article\" \/>\n\t\t<meta property=\"og:title\" content=\"Public utilities - Agile Labs\" \/>\n\t\t<meta property=\"og:description\" content=\"ProCalV5 is a complete, paperless calibration &amp; maintenance asset management system designed to electronically list all of your instruments\/equipment &amp; systems, manage service activities and reduce operational costs. We can provide project plans, services and all necessary documentation that may be needed to assist you to get started. Our Mobile Workstation technology (no need for\" \/>\n\t\t<meta property=\"og:url\" content=\"https:\/\/www.agilelabs.co.za\/es\/feature-benefits-for-public-utilities\/\" \/>\n\t\t<meta property=\"og:image\" content=\"https:\/\/www.agilelabs.co.za\/wp-content\/uploads\/2021\/08\/TwitterLogo.png?wsr\" \/>\n\t\t<meta property=\"og:image:secure_url\" content=\"https:\/\/www.agilelabs.co.za\/wp-content\/uploads\/2021\/08\/TwitterLogo.png?wsr\" \/>\n\t\t<meta property=\"og:image:width\" content=\"189\" \/>\n\t\t<meta property=\"og:image:height\" content=\"168\" \/>\n\t\t<meta property=\"article:published_time\" content=\"2021-09-23T04:38:27+00:00\" \/>\n\t\t<meta property=\"article:modified_time\" content=\"2021-09-23T13:23:59+00:00\" \/>\n\t\t<meta property=\"article:publisher\" content=\"https:\/\/www.facebook.com\/AgileLabsTeam\" \/>\n\t\t<meta property=\"article:author\" content=\"https:\/\/www.facebook.com\/AgileLabsTeam\" \/>\n\t\t<meta name=\"twitter:card\" content=\"summary\" \/>\n\t\t<meta name=\"twitter:site\" content=\"@InfoAgileLabs\" \/>\n\t\t<meta name=\"twitter:title\" content=\"Public utilities - Agile Labs\" \/>\n\t\t<meta name=\"twitter:description\" content=\"ProCalV5 is a complete, paperless calibration &amp; maintenance asset management system designed to electronically list all of your instruments\/equipment &amp; systems, manage service activities and reduce operational costs. We can provide project plans, services and all necessary documentation that may be needed to assist you to get started. Our Mobile Workstation technology (no need for\" \/>\n\t\t<meta name=\"twitter:creator\" content=\"@InfoAgileLabs\" \/>\n\t\t<meta name=\"twitter:image\" content=\"https:\/\/www.agilelabs.co.za\/wp-content\/uploads\/2021\/08\/TwitterLogo.png?wsr\" \/>\n\t\t<script type=\"application\/ld+json\" class=\"aioseo-schema\">\n\t\t\t{\"@context\":\"https:\\\/\\\/schema.org\",\"@graph\":[{\"@type\":\"BreadcrumbList\",\"@id\":\"https:\\\/\\\/www.agilelabs.co.za\\\/es\\\/feature-benefits-for-public-utilities\\\/#breadcrumblist\",\"itemListElement\":[{\"@type\":\"ListItem\",\"@id\":\"https:\\\/\\\/www.agilelabs.co.za\\\/es\\\/#listItem\",\"position\":1,\"name\":\"Home\",\"item\":\"https:\\\/\\\/www.agilelabs.co.za\\\/es\\\/\",\"nextItem\":\"https:\\\/\\\/www.agilelabs.co.za\\\/es\\\/feature-benefits-for-public-utilities\\\/#listItem\"},{\"@type\":\"ListItem\",\"@id\":\"https:\\\/\\\/www.agilelabs.co.za\\\/es\\\/feature-benefits-for-public-utilities\\\/#listItem\",\"position\":2,\"name\":\"Public utilities\",\"previousItem\":\"https:\\\/\\\/www.agilelabs.co.za\\\/es\\\/#listItem\"}]},{\"@type\":\"Organization\",\"@id\":\"https:\\\/\\\/www.agilelabs.co.za\\\/es\\\/#organization\",\"name\":\"Agile Labs\",\"url\":\"https:\\\/\\\/www.agilelabs.co.za\\\/es\\\/\",\"logo\":{\"@type\":\"ImageObject\",\"url\":\"https:\\\/\\\/www.agilelabs.co.za\\\/wp-content\\\/uploads\\\/2021\\\/08\\\/LogoTransparant.gif?wsr\",\"@id\":\"https:\\\/\\\/www.agilelabs.co.za\\\/es\\\/feature-benefits-for-public-utilities\\\/#organizationLogo\",\"width\":125,\"height\":113},\"image\":{\"@id\":\"https:\\\/\\\/www.agilelabs.co.za\\\/es\\\/feature-benefits-for-public-utilities\\\/#organizationLogo\"},\"sameAs\":[\"https:\\\/\\\/www.facebook.com\\\/AgileLabsTeam\",\"https:\\\/\\\/twitter.com\\\/InfoAgileLabs\"]},{\"@type\":\"WebPage\",\"@id\":\"https:\\\/\\\/www.agilelabs.co.za\\\/es\\\/feature-benefits-for-public-utilities\\\/#webpage\",\"url\":\"https:\\\/\\\/www.agilelabs.co.za\\\/es\\\/feature-benefits-for-public-utilities\\\/\",\"name\":\"Public utilities - Agile Labs\",\"description\":\"ProCalV5 is a complete, paperless calibration & maintenance asset management system designed to electronically list all of your instruments\\\/equipment & systems, manage service activities and reduce operational costs. We can provide project plans, services and all necessary documentation that may be needed to assist you to get started. Our Mobile Workstation technology (no need for\",\"inLanguage\":\"es-ES\",\"isPartOf\":{\"@id\":\"https:\\\/\\\/www.agilelabs.co.za\\\/es\\\/#website\"},\"breadcrumb\":{\"@id\":\"https:\\\/\\\/www.agilelabs.co.za\\\/es\\\/feature-benefits-for-public-utilities\\\/#breadcrumblist\"},\"datePublished\":\"2021-09-23T06:38:27+02:00\",\"dateModified\":\"2021-09-23T15:23:59+02:00\"},{\"@type\":\"WebSite\",\"@id\":\"https:\\\/\\\/www.agilelabs.co.za\\\/es\\\/#website\",\"url\":\"https:\\\/\\\/www.agilelabs.co.za\\\/es\\\/\",\"name\":\"Agile Labs\",\"description\":\"Industry and laboratory software solutions\",\"inLanguage\":\"es-ES\",\"publisher\":{\"@id\":\"https:\\\/\\\/www.agilelabs.co.za\\\/es\\\/#organization\"}}]}\n\t\t<\/script>\n\t\t<script type=\"text\/javascript\">\n\t\t\t(function(c,l,a,r,i,t,y){\n\t\t\tc[a]=c[a]||function(){(c[a].q=c[a].q||[]).push(arguments)};t=l.createElement(r);t.async=1;\n\t\t\tt.src=\"https:\/\/www.clarity.ms\/tag\/\"+i+\"?ref=aioseo\";y=l.getElementsByTagName(r)[0];y.parentNode.insertBefore(t,y);\n\t\t})(window, document, \"clarity\", \"script\", \"b88vlc75di\");\n\t\t<\/script>\n\t\t<!-- All in One SEO Pro -->\r\n\t\t<title>Public utilities - Agile Labs<\/title>\n\n","aioseo_head_json":{"title":"Public utilities - Agile Labs","description":"ProCalV5 is a complete, paperless calibration & maintenance asset management system designed to electronically list all of your instruments\/equipment & systems, manage service activities and reduce operational costs. We can provide project plans, services and all necessary documentation that may be needed to assist you to get started. Our Mobile Workstation technology (no need for","canonical_url":"https:\/\/www.agilelabs.co.za\/es\/feature-benefits-for-public-utilities\/","robots":"max-image-preview:large","keywords":"","webmasterTools":{"google-site-verification":"Nku-_1g-wtMYqihMzrUWbm5pdgO5gPY2D7l1ya5YPAU","msvalidate.01":"9fc30828a433413eb7b3b5d32174774f","yandex-verification":"c2122235dabe51e3","miscellaneous":""},"og:locale":"es_ES","og:site_name":"Agile Labs - Industry and laboratory software solutions","og:type":"article","og:title":"Public utilities - Agile Labs","og:description":"ProCalV5 is a complete, paperless calibration &amp; maintenance asset management system designed to electronically list all of your instruments\/equipment &amp; systems, manage service activities and reduce operational costs. We can provide project plans, services and all necessary documentation that may be needed to assist you to get started. Our Mobile Workstation technology (no need for","og:url":"https:\/\/www.agilelabs.co.za\/es\/feature-benefits-for-public-utilities\/","og:image":"https:\/\/www.agilelabs.co.za\/wp-content\/uploads\/2021\/08\/TwitterLogo.png?wsr","og:image:secure_url":"https:\/\/www.agilelabs.co.za\/wp-content\/uploads\/2021\/08\/TwitterLogo.png?wsr","og:image:width":189,"og:image:height":168,"article:published_time":"2021-09-23T04:38:27+00:00","article:modified_time":"2021-09-23T13:23:59+00:00","article:publisher":"https:\/\/www.facebook.com\/AgileLabsTeam","article:author":"https:\/\/www.facebook.com\/AgileLabsTeam","twitter:card":"summary","twitter:site":"@InfoAgileLabs","twitter:title":"Public utilities - Agile Labs","twitter:description":"ProCalV5 is a complete, paperless calibration &amp; maintenance asset management system designed to electronically list all of your instruments\/equipment &amp; systems, manage service activities and reduce operational costs. We can provide project plans, services and all necessary documentation that may be needed to assist you to get started. Our Mobile Workstation technology (no need for","twitter:creator":"@InfoAgileLabs","twitter:image":"https:\/\/www.agilelabs.co.za\/wp-content\/uploads\/2021\/08\/TwitterLogo.png?wsr","schema":{"@context":"https:\/\/schema.org","@graph":[{"@type":"BreadcrumbList","@id":"https:\/\/www.agilelabs.co.za\/es\/feature-benefits-for-public-utilities\/#breadcrumblist","itemListElement":[{"@type":"ListItem","@id":"https:\/\/www.agilelabs.co.za\/es\/#listItem","position":1,"name":"Home","item":"https:\/\/www.agilelabs.co.za\/es\/","nextItem":"https:\/\/www.agilelabs.co.za\/es\/feature-benefits-for-public-utilities\/#listItem"},{"@type":"ListItem","@id":"https:\/\/www.agilelabs.co.za\/es\/feature-benefits-for-public-utilities\/#listItem","position":2,"name":"Public utilities","previousItem":"https:\/\/www.agilelabs.co.za\/es\/#listItem"}]},{"@type":"Organization","@id":"https:\/\/www.agilelabs.co.za\/es\/#organization","name":"Agile Labs","url":"https:\/\/www.agilelabs.co.za\/es\/","logo":{"@type":"ImageObject","url":"https:\/\/www.agilelabs.co.za\/wp-content\/uploads\/2021\/08\/LogoTransparant.gif?wsr","@id":"https:\/\/www.agilelabs.co.za\/es\/feature-benefits-for-public-utilities\/#organizationLogo","width":125,"height":113},"image":{"@id":"https:\/\/www.agilelabs.co.za\/es\/feature-benefits-for-public-utilities\/#organizationLogo"},"sameAs":["https:\/\/www.facebook.com\/AgileLabsTeam","https:\/\/twitter.com\/InfoAgileLabs"]},{"@type":"WebPage","@id":"https:\/\/www.agilelabs.co.za\/es\/feature-benefits-for-public-utilities\/#webpage","url":"https:\/\/www.agilelabs.co.za\/es\/feature-benefits-for-public-utilities\/","name":"Public utilities - Agile Labs","description":"ProCalV5 is a complete, paperless calibration & maintenance asset management system designed to electronically list all of your instruments\/equipment & systems, manage service activities and reduce operational costs. We can provide project plans, services and all necessary documentation that may be needed to assist you to get started. Our Mobile Workstation technology (no need for","inLanguage":"es-ES","isPartOf":{"@id":"https:\/\/www.agilelabs.co.za\/es\/#website"},"breadcrumb":{"@id":"https:\/\/www.agilelabs.co.za\/es\/feature-benefits-for-public-utilities\/#breadcrumblist"},"datePublished":"2021-09-23T06:38:27+02:00","dateModified":"2021-09-23T15:23:59+02:00"},{"@type":"WebSite","@id":"https:\/\/www.agilelabs.co.za\/es\/#website","url":"https:\/\/www.agilelabs.co.za\/es\/","name":"Agile Labs","description":"Industry and laboratory software solutions","inLanguage":"es-ES","publisher":{"@id":"https:\/\/www.agilelabs.co.za\/es\/#organization"}}]}},"aioseo_meta_data":{"post_id":"12065","title":null,"description":null,"keywords":null,"keyphrases":null,"primary_term":null,"canonical_url":null,"og_title":null,"og_description":null,"og_object_type":"default","og_image_type":"default","og_image_url":null,"og_image_width":null,"og_image_height":null,"og_image_custom_url":null,"og_image_custom_fields":null,"og_video":null,"og_custom_url":null,"og_article_section":null,"og_article_tags":null,"twitter_use_og":false,"twitter_card":"default","twitter_image_type":"default","twitter_image_url":null,"twitter_image_custom_url":null,"twitter_image_custom_fields":null,"twitter_title":null,"twitter_description":null,"schema":{"blockGraphs":[],"customGraphs":[],"default":{"data":{"Article":[],"Course":[],"Dataset":[],"FAQPage":[],"Movie":[],"Person":[],"Product":[],"Recipe":[],"Service":[],"SoftwareApplication":[],"WebPage":[]},"graphName":"","isEnabled":true},"graphs":[]},"schema_type":"default","schema_type_options":null,"pillar_content":false,"robots_default":true,"robots_noindex":false,"robots_noarchive":false,"robots_nosnippet":false,"robots_nofollow":false,"robots_noimageindex":false,"robots_noodp":false,"robots_notranslate":false,"robots_max_snippet":null,"robots_max_videopreview":null,"robots_max_imagepreview":"large","priority":null,"frequency":null,"local_seo":null,"limit_modified_date":false,"open_ai":null,"created":"2022-02-09 02:39:01","updated":"2022-09-13 21:09:10"},"_links":{"self":[{"href":"https:\/\/www.agilelabs.co.za\/es\/wp-json\/wp\/v2\/pages\/12065","targetHints":{"allow":["GET"]}}],"collection":[{"href":"https:\/\/www.agilelabs.co.za\/es\/wp-json\/wp\/v2\/pages"}],"about":[{"href":"https:\/\/www.agilelabs.co.za\/es\/wp-json\/wp\/v2\/types\/page"}],"author":[{"embeddable":true,"href":"https:\/\/www.agilelabs.co.za\/es\/wp-json\/wp\/v2\/users\/1"}],"replies":[{"embeddable":true,"href":"https:\/\/www.agilelabs.co.za\/es\/wp-json\/wp\/v2\/comments?post=12065"}],"version-history":[{"count":0,"href":"https:\/\/www.agilelabs.co.za\/es\/wp-json\/wp\/v2\/pages\/12065\/revisions"}],"wp:attachment":[{"href":"https:\/\/www.agilelabs.co.za\/es\/wp-json\/wp\/v2\/media?parent=12065"}],"wp:term":[{"taxonomy":"category","embeddable":true,"href":"https:\/\/www.agilelabs.co.za\/es\/wp-json\/wp\/v2\/categories?post=12065"},{"taxonomy":"post_tag","embeddable":true,"href":"https:\/\/www.agilelabs.co.za\/es\/wp-json\/wp\/v2\/tags?post=12065"}],"curies":[{"name":"wp","href":"https:\/\/api.w.org\/{rel}","templated":true}]}}