{"id":12054,"date":"2021-09-23T06:12:44","date_gmt":"2021-09-23T04:12:44","guid":{"rendered":"https:\/\/www.agilelabs.co.za\/?page_id=12054"},"modified":"2025-02-02T11:18:47","modified_gmt":"2025-02-02T09:18:47","slug":"feature-benefits-for-the-pipeline-transportation-industry","status":"publish","type":"page","link":"https:\/\/www.agilelabs.co.za\/es\/feature-benefits-for-the-pipeline-transportation-industry\/","title":{"rendered":"Industria del transporte por tuber\u00eda"},"content":{"rendered":"<p><\/p>\n\n\n\n<ul class=\"wp-block-list\">\n<li>ProCalV5 ayuda a las empresas a automatizar y estandarizar las pr\u00e1cticas de calibraci\u00f3n. La migraci\u00f3n de papel a sin papel mejorar\u00e1 la productividad y reducir\u00e1 los costos operativos.<\/li>\n\n\n\n<li>Las licencias de estaciones de trabajo m\u00f3viles opcionales permiten el acceso fuera de l\u00ednea a la interfaz completa del programa para uso en el campo con tabletas y calibradores de documentaci\u00f3n de Fluke.<\/li>\n\n\n\n<li>El programa puede admitir una o varias cuentas individuales. Todas las cuentas pueden estar configuradas de forma id\u00e9ntica o quiz\u00e1s algunas modificadas seg\u00fan los requisitos locales. El m\u00f3dulo Copy Company proporciona una poderosa herramienta basada en plantillas para ayudar a facilitar la adici\u00f3n y configuraci\u00f3n de nuevas cuentas de sitios.<\/li>\n\n\n\n<li>No hay ning\u00fan costo adicional para agregar m\u00e1s usuarios al sistema.<\/li>\n\n\n\n<li>La mayor\u00eda de las etiquetas de los campos del programa se pueden cambiar para que coincidan con la terminolog\u00eda deseada. Se puede agregar un n\u00famero ilimitado de campos caracterizados definidos por el usuario para acomodar la informaci\u00f3n y el flujo de trabajo espec\u00edficos del cliente.<\/li>\n\n\n\n<li>Actualmente, ProCalV5 admite seis idiomas; m\u00e1s por venir. La selecci\u00f3n de idioma puede ser predeterminada para toda la empresa, la cuenta o el nivel de usuario individual. Cambiar de idioma es tan simple como seleccionarlo de una lista desplegable.<\/li>\n\n\n\n<li>Ofrecemos una gran biblioteca de paquetes de pruebas de precisi\u00f3n opcionales. Estos son m\u00f3dulos atornillados que proporcionan una interfaz de usuario personalizada que es espec\u00edfica para varios tipos de instrumentos, equipos y sistemas. La lista se puede ver haciendo clic aqu\u00ed.<\/li>\n\n\n\n<li>ProCal Explorer proporciona una forma f\u00e1cil y directa, en un formato de \u00e1rbol jer\u00e1rquico expandible \/ plegable, para ver sus activos. Las indicaciones visuales muestran claramente aquellos que requieren atenci\u00f3n inmediata y aquellos cuyos eventos programados est\u00e1n vencidos. La informaci\u00f3n de los activos se presenta por clasificaci\u00f3n, departamento, frecuencia, tipo de art\u00edculo, ubicaci\u00f3n, fabricante, t\u00e9cnico responsable, horario, trabajo pendiente por departamento o trabajo pendiente por ubicaci\u00f3n.<\/li>\n\n\n\n<li>La recuperaci\u00f3n, los eventos vencidos y muchos otros informes se pueden lanzar en toda la empresa o espec\u00edficos para una o varias cuentas.<\/li>\n\n\n\n<li>Se pueden crear asociaciones jer\u00e1rquicas dentro de cada cuenta para sistemas, bucles, equipos e instrumentos.<\/li>\n\n\n\n<li>Los registros maestros pueden admitir varios grupos de prueba para un solo activo. Los grupos de prueba tambi\u00e9n pueden combinar el uso de paquetes de prueba de precisi\u00f3n.<\/li>\n\n\n\n<li>Los horarios se pueden basar en el calendario o en el recuento de uso.<\/li>\n\n\n\n<li>Se pueden establecer plantillas, se pueden copiar registros, las caracter\u00edsticas de cambio global permiten modificar grupos de registros al mismo tiempo.<\/li>\n\n\n\n<li>ProCalV5 realiza todas las funciones matem\u00e1ticas al crear registros maestros. Los c\u00e1lculos pueden adaptarse a diversas asociaciones de se\u00f1ales, declaraciones de precisi\u00f3n, resoluciones y combinaciones (entrada frente a salida, % de lectura, rango, +\/-, manual, ra\u00edz lineal \/ cuadrada, tablas, etc.).<\/li>\n\n\n\n<li>Ning\u00fan error humano. El programa verifica, a trav\u00e9s de indicaciones visuales, dentro o fuera de las condiciones de tolerancia en el momento de la entrada de datos tal y como se encuentran.<\/li>\n\n\n\n<li>Los valores \u00f3ptimos de los puntos de prueba se pueden editar al realizar calibraciones. El programa calcular\u00e1 autom\u00e1ticamente nuevas correlaciones de se\u00f1ales y l\u00edmites de tolerancia aceptables.<\/li>\n\n\n\n<li>La funcionalidad de mantenimiento preventivo \/ orden de trabajo \/ inventario de piezas es opcional.<\/li>\n\n\n\n<li>ProCalV5 tiene m\u00e1s de 90 informes est\u00e1ndar. Estos se pueden cambiar y se pueden agregar m\u00e1s f\u00e1cilmente a sus especificaciones exactas.<\/li>\n\n\n\n<li>Las consultas avanzadas se pueden construir, nombrar y guardar para su ejecuci\u00f3n futura. Los resultados se pueden exportar f\u00e1cilmente a otros formatos de archivo.<\/li>\n\n\n\n<li>El sistema puede generar certificados de calibraci\u00f3n y puede imprimir autom\u00e1ticamente pegatinas de calibraci\u00f3n.<\/li>\n\n\n\n<li>Se pueden calibrar varios activos y se puede acceder a registros individuales al mismo tiempo.<\/li>\n\n\n\n<li>El trabajo en curso se puede guardar como incompleto.<\/li>\n\n\n\n<li>ProCalV5 ofrece una compatibilidad inigualable con los calibradores de documentaci\u00f3n de Fluke.<\/li>\n\n\n\n<li>No es necesario guardar documentos de MS Word o PDF: los informes se crean ad-hoc seg\u00fan se solicite.<\/li>\n\n\n\n<li>eView permite la conexi\u00f3n web remota para iniciar los informes solicitados o enviar informes autom\u00e1ticamente en un calendario programado por correo electr\u00f3nico.<\/li>\n\n\n\n<li>ProCal Direct es la versi\u00f3n SaaS en la nube de ProCalV5. Ofrece todas las funciones enumeradas anteriormente y tambi\u00e9n admite el uso de estaciones de trabajo m\u00f3viles y calibradores de Fluke.<\/li>\n\n\n\n<li>Las opciones de integraci\u00f3n est\u00e1n disponibles para compartir datos con SAP y otras aplicaciones.<\/li>\n<\/ul>","protected":false},"excerpt":{"rendered":"","protected":false},"author":1,"featured_media":0,"parent":0,"menu_order":0,"comment_status":"closed","ping_status":"closed","template":"","meta":{"_acf_changed":false,"_monsterinsights_skip_tracking":false,"_monsterinsights_sitenote_active":false,"_monsterinsights_sitenote_note":"","_monsterinsights_sitenote_category":0,"footnotes":""},"categories":[],"tags":[],"class_list":["post-12054","page","type-page","status-publish","hentry"],"acf":[],"aioseo_notices":[],"aioseo_head":"\n\t\t<!-- All in One SEO Pro 4.7.0 - aioseo.com -->\n\t\t<meta name=\"description\" content=\"ProCalV5 helps companies to automate &amp; standardize calibration practices. Migration from paper to paperless will improve productivity and lower operational costs. Optional Mobile Workstation licenses enable off-line access to the full program interface for field use with tablets and Fluke documenting calibrators. The program can support one or many individual accounts. All accounts may be\" \/>\n\t\t<meta name=\"robots\" content=\"max-image-preview:large\" \/>\n\t\t<meta name=\"google-site-verification\" content=\"Nku-_1g-wtMYqihMzrUWbm5pdgO5gPY2D7l1ya5YPAU\" \/>\n\t\t<meta name=\"msvalidate.01\" content=\"9fc30828a433413eb7b3b5d32174774f\" \/>\n\t\t<meta name=\"yandex-verification\" content=\"c2122235dabe51e3\" \/>\n\t\t<link rel=\"canonical\" href=\"https:\/\/www.agilelabs.co.za\/es\/feature-benefits-for-the-pipeline-transportation-industry\/\" \/>\n\t\t<meta name=\"generator\" content=\"All in One SEO Pro (AIOSEO) 4.7.0\" \/>\n\t\t<meta property=\"og:locale\" content=\"es_ES\" \/>\n\t\t<meta property=\"og:site_name\" content=\"Agile Labs - Industry and laboratory software solutions\" \/>\n\t\t<meta property=\"og:type\" content=\"article\" \/>\n\t\t<meta property=\"og:title\" content=\"Pipeline Transportation industry - Agile Labs\" \/>\n\t\t<meta property=\"og:description\" content=\"ProCalV5 helps companies to automate &amp; standardize calibration practices. Migration from paper to paperless will improve productivity and lower operational costs. Optional Mobile Workstation licenses enable off-line access to the full program interface for field use with tablets and Fluke documenting calibrators. The program can support one or many individual accounts. All accounts may be\" \/>\n\t\t<meta property=\"og:url\" content=\"https:\/\/www.agilelabs.co.za\/es\/feature-benefits-for-the-pipeline-transportation-industry\/\" \/>\n\t\t<meta property=\"og:image\" content=\"https:\/\/www.agilelabs.co.za\/wp-content\/uploads\/2021\/08\/TwitterLogo.png?wsr\" \/>\n\t\t<meta property=\"og:image:secure_url\" content=\"https:\/\/www.agilelabs.co.za\/wp-content\/uploads\/2021\/08\/TwitterLogo.png?wsr\" \/>\n\t\t<meta property=\"og:image:width\" content=\"189\" \/>\n\t\t<meta property=\"og:image:height\" content=\"168\" \/>\n\t\t<meta property=\"article:published_time\" content=\"2021-09-23T04:12:44+00:00\" \/>\n\t\t<meta property=\"article:modified_time\" content=\"2025-02-02T09:18:47+00:00\" \/>\n\t\t<meta property=\"article:publisher\" content=\"https:\/\/www.facebook.com\/AgileLabsTeam\" \/>\n\t\t<meta property=\"article:author\" content=\"https:\/\/www.facebook.com\/AgileLabsTeam\" \/>\n\t\t<meta name=\"twitter:card\" content=\"summary\" \/>\n\t\t<meta name=\"twitter:site\" content=\"@InfoAgileLabs\" \/>\n\t\t<meta name=\"twitter:title\" content=\"Pipeline Transportation industry - Agile Labs\" \/>\n\t\t<meta name=\"twitter:description\" content=\"ProCalV5 helps companies to automate &amp; standardize calibration practices. Migration from paper to paperless will improve productivity and lower operational costs. Optional Mobile Workstation licenses enable off-line access to the full program interface for field use with tablets and Fluke documenting calibrators. The program can support one or many individual accounts. All accounts may be\" \/>\n\t\t<meta name=\"twitter:creator\" content=\"@InfoAgileLabs\" \/>\n\t\t<meta name=\"twitter:image\" content=\"https:\/\/www.agilelabs.co.za\/wp-content\/uploads\/2021\/08\/TwitterLogo.png?wsr\" \/>\n\t\t<script type=\"application\/ld+json\" class=\"aioseo-schema\">\n\t\t\t{\"@context\":\"https:\\\/\\\/schema.org\",\"@graph\":[{\"@type\":\"BreadcrumbList\",\"@id\":\"https:\\\/\\\/www.agilelabs.co.za\\\/es\\\/feature-benefits-for-the-pipeline-transportation-industry\\\/#breadcrumblist\",\"itemListElement\":[{\"@type\":\"ListItem\",\"@id\":\"https:\\\/\\\/www.agilelabs.co.za\\\/es\\\/#listItem\",\"position\":1,\"name\":\"Home\",\"item\":\"https:\\\/\\\/www.agilelabs.co.za\\\/es\\\/\",\"nextItem\":\"https:\\\/\\\/www.agilelabs.co.za\\\/es\\\/feature-benefits-for-the-pipeline-transportation-industry\\\/#listItem\"},{\"@type\":\"ListItem\",\"@id\":\"https:\\\/\\\/www.agilelabs.co.za\\\/es\\\/feature-benefits-for-the-pipeline-transportation-industry\\\/#listItem\",\"position\":2,\"name\":\"Pipeline Transportation industry\",\"previousItem\":\"https:\\\/\\\/www.agilelabs.co.za\\\/es\\\/#listItem\"}]},{\"@type\":\"Organization\",\"@id\":\"https:\\\/\\\/www.agilelabs.co.za\\\/es\\\/#organization\",\"name\":\"Agile Labs\",\"url\":\"https:\\\/\\\/www.agilelabs.co.za\\\/es\\\/\",\"logo\":{\"@type\":\"ImageObject\",\"url\":\"https:\\\/\\\/www.agilelabs.co.za\\\/wp-content\\\/uploads\\\/2021\\\/08\\\/LogoTransparant.gif?wsr\",\"@id\":\"https:\\\/\\\/www.agilelabs.co.za\\\/es\\\/feature-benefits-for-the-pipeline-transportation-industry\\\/#organizationLogo\",\"width\":125,\"height\":113},\"image\":{\"@id\":\"https:\\\/\\\/www.agilelabs.co.za\\\/es\\\/feature-benefits-for-the-pipeline-transportation-industry\\\/#organizationLogo\"},\"sameAs\":[\"https:\\\/\\\/www.facebook.com\\\/AgileLabsTeam\",\"https:\\\/\\\/twitter.com\\\/InfoAgileLabs\"]},{\"@type\":\"WebPage\",\"@id\":\"https:\\\/\\\/www.agilelabs.co.za\\\/es\\\/feature-benefits-for-the-pipeline-transportation-industry\\\/#webpage\",\"url\":\"https:\\\/\\\/www.agilelabs.co.za\\\/es\\\/feature-benefits-for-the-pipeline-transportation-industry\\\/\",\"name\":\"Pipeline Transportation industry - Agile Labs\",\"description\":\"ProCalV5 helps companies to automate & standardize calibration practices. Migration from paper to paperless will improve productivity and lower operational costs. Optional Mobile Workstation licenses enable off-line access to the full program interface for field use with tablets and Fluke documenting calibrators. The program can support one or many individual accounts. All accounts may be\",\"inLanguage\":\"es-ES\",\"isPartOf\":{\"@id\":\"https:\\\/\\\/www.agilelabs.co.za\\\/es\\\/#website\"},\"breadcrumb\":{\"@id\":\"https:\\\/\\\/www.agilelabs.co.za\\\/es\\\/feature-benefits-for-the-pipeline-transportation-industry\\\/#breadcrumblist\"},\"datePublished\":\"2021-09-23T06:12:44+02:00\",\"dateModified\":\"2025-02-02T11:18:47+02:00\"},{\"@type\":\"WebSite\",\"@id\":\"https:\\\/\\\/www.agilelabs.co.za\\\/es\\\/#website\",\"url\":\"https:\\\/\\\/www.agilelabs.co.za\\\/es\\\/\",\"name\":\"Agile Labs\",\"description\":\"Industry and laboratory software solutions\",\"inLanguage\":\"es-ES\",\"publisher\":{\"@id\":\"https:\\\/\\\/www.agilelabs.co.za\\\/es\\\/#organization\"}}]}\n\t\t<\/script>\n\t\t<script type=\"text\/javascript\">\n\t\t\t(function(c,l,a,r,i,t,y){\n\t\t\tc[a]=c[a]||function(){(c[a].q=c[a].q||[]).push(arguments)};t=l.createElement(r);t.async=1;\n\t\t\tt.src=\"https:\/\/www.clarity.ms\/tag\/\"+i+\"?ref=aioseo\";y=l.getElementsByTagName(r)[0];y.parentNode.insertBefore(t,y);\n\t\t})(window, document, \"clarity\", \"script\", \"b88vlc75di\");\n\t\t<\/script>\n\t\t<!-- All in One SEO Pro -->\r\n\t\t<title>Pipeline Transportation industry - Agile Labs<\/title>\n\n","aioseo_head_json":{"title":"Pipeline Transportation industry - Agile Labs","description":"ProCalV5 helps companies to automate & standardize calibration practices. Migration from paper to paperless will improve productivity and lower operational costs. Optional Mobile Workstation licenses enable off-line access to the full program interface for field use with tablets and Fluke documenting calibrators. The program can support one or many individual accounts. All accounts may be","canonical_url":"https:\/\/www.agilelabs.co.za\/es\/feature-benefits-for-the-pipeline-transportation-industry\/","robots":"max-image-preview:large","keywords":"","webmasterTools":{"google-site-verification":"Nku-_1g-wtMYqihMzrUWbm5pdgO5gPY2D7l1ya5YPAU","msvalidate.01":"9fc30828a433413eb7b3b5d32174774f","yandex-verification":"c2122235dabe51e3","miscellaneous":""},"og:locale":"es_ES","og:site_name":"Agile Labs - Industry and laboratory software solutions","og:type":"article","og:title":"Pipeline Transportation industry - Agile Labs","og:description":"ProCalV5 helps companies to automate &amp; standardize calibration practices. Migration from paper to paperless will improve productivity and lower operational costs. Optional Mobile Workstation licenses enable off-line access to the full program interface for field use with tablets and Fluke documenting calibrators. The program can support one or many individual accounts. All accounts may be","og:url":"https:\/\/www.agilelabs.co.za\/es\/feature-benefits-for-the-pipeline-transportation-industry\/","og:image":"https:\/\/www.agilelabs.co.za\/wp-content\/uploads\/2021\/08\/TwitterLogo.png?wsr","og:image:secure_url":"https:\/\/www.agilelabs.co.za\/wp-content\/uploads\/2021\/08\/TwitterLogo.png?wsr","og:image:width":189,"og:image:height":168,"article:published_time":"2021-09-23T04:12:44+00:00","article:modified_time":"2025-02-02T09:18:47+00:00","article:publisher":"https:\/\/www.facebook.com\/AgileLabsTeam","article:author":"https:\/\/www.facebook.com\/AgileLabsTeam","twitter:card":"summary","twitter:site":"@InfoAgileLabs","twitter:title":"Pipeline Transportation industry - Agile Labs","twitter:description":"ProCalV5 helps companies to automate &amp; standardize calibration practices. Migration from paper to paperless will improve productivity and lower operational costs. Optional Mobile Workstation licenses enable off-line access to the full program interface for field use with tablets and Fluke documenting calibrators. The program can support one or many individual accounts. All accounts may be","twitter:creator":"@InfoAgileLabs","twitter:image":"https:\/\/www.agilelabs.co.za\/wp-content\/uploads\/2021\/08\/TwitterLogo.png?wsr","schema":{"@context":"https:\/\/schema.org","@graph":[{"@type":"BreadcrumbList","@id":"https:\/\/www.agilelabs.co.za\/es\/feature-benefits-for-the-pipeline-transportation-industry\/#breadcrumblist","itemListElement":[{"@type":"ListItem","@id":"https:\/\/www.agilelabs.co.za\/es\/#listItem","position":1,"name":"Home","item":"https:\/\/www.agilelabs.co.za\/es\/","nextItem":"https:\/\/www.agilelabs.co.za\/es\/feature-benefits-for-the-pipeline-transportation-industry\/#listItem"},{"@type":"ListItem","@id":"https:\/\/www.agilelabs.co.za\/es\/feature-benefits-for-the-pipeline-transportation-industry\/#listItem","position":2,"name":"Pipeline Transportation industry","previousItem":"https:\/\/www.agilelabs.co.za\/es\/#listItem"}]},{"@type":"Organization","@id":"https:\/\/www.agilelabs.co.za\/es\/#organization","name":"Agile Labs","url":"https:\/\/www.agilelabs.co.za\/es\/","logo":{"@type":"ImageObject","url":"https:\/\/www.agilelabs.co.za\/wp-content\/uploads\/2021\/08\/LogoTransparant.gif?wsr","@id":"https:\/\/www.agilelabs.co.za\/es\/feature-benefits-for-the-pipeline-transportation-industry\/#organizationLogo","width":125,"height":113},"image":{"@id":"https:\/\/www.agilelabs.co.za\/es\/feature-benefits-for-the-pipeline-transportation-industry\/#organizationLogo"},"sameAs":["https:\/\/www.facebook.com\/AgileLabsTeam","https:\/\/twitter.com\/InfoAgileLabs"]},{"@type":"WebPage","@id":"https:\/\/www.agilelabs.co.za\/es\/feature-benefits-for-the-pipeline-transportation-industry\/#webpage","url":"https:\/\/www.agilelabs.co.za\/es\/feature-benefits-for-the-pipeline-transportation-industry\/","name":"Pipeline Transportation industry - Agile Labs","description":"ProCalV5 helps companies to automate & standardize calibration practices. Migration from paper to paperless will improve productivity and lower operational costs. Optional Mobile Workstation licenses enable off-line access to the full program interface for field use with tablets and Fluke documenting calibrators. The program can support one or many individual accounts. All accounts may be","inLanguage":"es-ES","isPartOf":{"@id":"https:\/\/www.agilelabs.co.za\/es\/#website"},"breadcrumb":{"@id":"https:\/\/www.agilelabs.co.za\/es\/feature-benefits-for-the-pipeline-transportation-industry\/#breadcrumblist"},"datePublished":"2021-09-23T06:12:44+02:00","dateModified":"2025-02-02T11:18:47+02:00"},{"@type":"WebSite","@id":"https:\/\/www.agilelabs.co.za\/es\/#website","url":"https:\/\/www.agilelabs.co.za\/es\/","name":"Agile Labs","description":"Industry and laboratory software solutions","inLanguage":"es-ES","publisher":{"@id":"https:\/\/www.agilelabs.co.za\/es\/#organization"}}]}},"aioseo_meta_data":{"post_id":"12054","title":null,"description":null,"keywords":"[]","keyphrases":"{\"focus\":{\"keyphrase\":\"\",\"score\":0,\"analysis\":{\"keyphraseInTitle\":{\"score\":0,\"maxScore\":9,\"error\":1}}},\"additional\":[]}","primary_term":null,"canonical_url":null,"og_title":null,"og_description":null,"og_object_type":"default","og_image_type":"default","og_image_url":null,"og_image_width":null,"og_image_height":null,"og_image_custom_url":null,"og_image_custom_fields":null,"og_video":"","og_custom_url":null,"og_article_section":null,"og_article_tags":"[]","twitter_use_og":false,"twitter_card":"default","twitter_image_type":"default","twitter_image_url":null,"twitter_image_custom_url":null,"twitter_image_custom_fields":null,"twitter_title":null,"twitter_description":null,"schema":{"blockGraphs":[],"customGraphs":[],"default":{"data":{"Article":[],"Course":[],"Dataset":[],"FAQPage":[],"Movie":[],"Person":[],"Product":[],"Recipe":[],"Service":[],"SoftwareApplication":[],"WebPage":[]},"graphName":"WebPage","isEnabled":true},"graphs":[]},"schema_type":"default","schema_type_options":null,"pillar_content":false,"robots_default":true,"robots_noindex":false,"robots_noarchive":false,"robots_nosnippet":false,"robots_nofollow":false,"robots_noimageindex":false,"robots_noodp":false,"robots_notranslate":false,"robots_max_snippet":"-1","robots_max_videopreview":"-1","robots_max_imagepreview":"large","priority":null,"frequency":"default","local_seo":null,"limit_modified_date":false,"open_ai":{"title":{"suggestions":[],"usage":0},"description":{"suggestions":[],"usage":0}},"created":"2022-02-09 02:39:01","updated":"2025-02-02 09:30:15"},"_links":{"self":[{"href":"https:\/\/www.agilelabs.co.za\/es\/wp-json\/wp\/v2\/pages\/12054","targetHints":{"allow":["GET"]}}],"collection":[{"href":"https:\/\/www.agilelabs.co.za\/es\/wp-json\/wp\/v2\/pages"}],"about":[{"href":"https:\/\/www.agilelabs.co.za\/es\/wp-json\/wp\/v2\/types\/page"}],"author":[{"embeddable":true,"href":"https:\/\/www.agilelabs.co.za\/es\/wp-json\/wp\/v2\/users\/1"}],"replies":[{"embeddable":true,"href":"https:\/\/www.agilelabs.co.za\/es\/wp-json\/wp\/v2\/comments?post=12054"}],"version-history":[{"count":0,"href":"https:\/\/www.agilelabs.co.za\/es\/wp-json\/wp\/v2\/pages\/12054\/revisions"}],"wp:attachment":[{"href":"https:\/\/www.agilelabs.co.za\/es\/wp-json\/wp\/v2\/media?parent=12054"}],"wp:term":[{"taxonomy":"category","embeddable":true,"href":"https:\/\/www.agilelabs.co.za\/es\/wp-json\/wp\/v2\/categories?post=12054"},{"taxonomy":"post_tag","embeddable":true,"href":"https:\/\/www.agilelabs.co.za\/es\/wp-json\/wp\/v2\/tags?post=12054"}],"curies":[{"name":"wp","href":"https:\/\/api.w.org\/{rel}","templated":true}]}}