{"id":11603,"date":"2021-08-22T12:04:15","date_gmt":"2021-08-22T10:04:15","guid":{"rendered":"https:\/\/www.agilelabs.co.za\/?page_id=11512"},"modified":"2022-06-24T12:46:26","modified_gmt":"2022-06-24T10:46:26","slug":"software-options","status":"publish","type":"page","link":"https:\/\/www.agilelabs.co.za\/es\/software-options\/","title":{"rendered":"Opciones de software"},"content":{"rendered":"<blockquote class=\"wp-block-quote is-layout-flow wp-block-quote-is-layout-flow\"><p>Agregando valor a su software de calibraci\u00f3n<\/p><\/blockquote>\n\n\n\n<p><\/p>\n\n\n\n<p>Hay varias opciones de software disponibles para respaldar los requisitos \u00fanicos de administraci\u00f3n de activos para las necesidades individuales de la industria o la empresa. Entre las opciones m\u00e1s frecuentes se encuentran las que se enumeran a continuaci\u00f3n. Para ver m\u00e1s, cont\u00e1ctenos para obtener un libro electr\u00f3nico de caracter\u00edsticas.<\/p>\n\n\n\n<p><strong>Mantenimiento preventivo \/ orden de trabajo<\/strong><\/p>\n\n\n\n<p>ProCalV5 le permite crear registros de mantenimiento preventivo (PM) que pueden asignarse a \u00f3rdenes de trabajo o utilizarse independientemente del sistema de \u00f3rdenes de trabajo. Tambi\u00e9n le permite agrupar elementos de trabajo como calibraciones completas, elementos de mantenimiento preventivo y solicitudes de mantenimiento asign\u00e1ndolos a \u00d3rdenes de trabajo. Los registros de \u00f3rdenes de trabajo se pueden rastrear en todo el sistema a medida que se completan sus tareas.<\/p>\n\n\n\n<figure class=\"wp-block-image size-full\"><img decoding=\"async\" src=\"https:\/\/www.agilelabs.co.za\/wp-content\/uploads\/2021\/08\/WorkOrders.jpg\" alt=\"\" class=\"wp-image-11514\"\/><\/figure>\n\n\n\n<p><strong>Inventario de piezas<\/strong><\/p>\n\n\n\n<p>Realice un seguimiento del uso y las piezas de repuesto utilizadas para la calibraci\u00f3n. El registro de piezas se utiliza para identificar las piezas de repuesto de un sistema de inventario. La pantalla Control de Inventario permite controlar el inventario al garantizar que la empresa tenga los productos que necesita a mano. Las piezas y las piezas de sustituci\u00f3n se pueden rastrear y compilar en una lista de materiales para detallar el costo de los presupuestos de trabajo. Tambi\u00e9n puede ayudar a centralizar todos los datos en el certificado de calibraci\u00f3n al registrar las piezas utilizadas para determinar el costo total de calibraci\u00f3n a lo largo del tiempo. A continuaci\u00f3n se muestra una pantalla de piezas y una pantalla de control de inventario.<\/p>\n\n\n\n<figure class=\"wp-block-image size-full is-resized\"><img decoding=\"async\" src=\"https:\/\/www.agilelabs.co.za\/wp-content\/uploads\/2021\/08\/parts4.jpg\" alt=\"\" class=\"wp-image-11600\" width=\"485\" height=\"404\"\/><\/figure>\n\n\n\n<figure class=\"wp-block-image size-large\"><img decoding=\"async\" src=\"https:\/\/www.agilelabs.co.za\/wp-content\/uploads\/2021\/08\/parts1-1024x440.jpg\" alt=\"\" class=\"wp-image-11602\"\/><\/figure>\n\n\n\n<p><strong>Reportes personalizados<\/strong><\/p>\n\n\n\n<p>Se pueden crear informes personalizados para cualquier prop\u00f3sito en su flujo de trabajo de informes de calibraci\u00f3n, como la impresi\u00f3n de etiquetas, informes de m\u00e9tricas comerciales y consultas de asignaciones de trabajo especiales. Las modificaciones pueden ser cualquier cosa, desde agregar un logotipo de la empresa, agregar campos de datos adicionales, firmas, c\u00e1lculos, etc., hasta un reformateo completo. Para obtener m\u00e1s informaci\u00f3n sobre informes est\u00e1ndar e informes personalizados, <a href=\"https:\/\/www.agilelabs.co.za\/es\/powerful-reporting-and-analytics-with-procal-software\/\" data-type=\"page\" data-id=\"11508\">haga clic aqu\u00ed<\/a>.<\/p>\n\n\n\n<div class=\"wp-block-columns is-layout-flex wp-container-core-columns-is-layout-9d6595d7 wp-block-columns-is-layout-flex\">\n<div class=\"wp-block-column is-layout-flow wp-block-column-is-layout-flow\">\n<figure class=\"wp-block-image size-full\"><img decoding=\"async\" src=\"https:\/\/www.agilelabs.co.za\/wp-content\/uploads\/2021\/08\/ProCal-Custom-Report-2.png\" alt=\"\" class=\"wp-image-11603\"\/><\/figure>\n<\/div>\n\n\n\n<div class=\"wp-block-column is-layout-flow wp-block-column-is-layout-flow\">\n<figure class=\"wp-block-image size-full\"><img decoding=\"async\" src=\"https:\/\/www.agilelabs.co.za\/wp-content\/uploads\/2021\/08\/ProCal-Custom-Report-1.png\" alt=\"\" class=\"wp-image-11604\"\/><\/figure>\n<\/div>\n<\/div>\n\n\n\n<p><strong>ProCal eView (informes basados en web)<\/strong><\/p>\n\n\n\n<p>\u00a1Programe f\u00e1cilmente los informes ProCal para que se ejecuten y se env\u00eden por correo electr\u00f3nico a los destinatarios! ProCal eView es una aplicaci\u00f3n web que permite a los usuarios configurar y programar informes ProCalV5 para la generaci\u00f3n y entrega automatizadas sin acceder a la aplicaci\u00f3n ProCalV5 completa. Para obtener m\u00e1s informaci\u00f3n sobre ProCal eView, <a href=\"https:\/\/www.agilelabs.co.za\/es\/2021\/08\/24\/procal-eview-web-based-reporting\/\" data-type=\"post\" data-id=\"11547\" target=\"_blank\" rel=\"noreferrer noopener\">haga clic aqu\u00ed<\/a>.<\/p>\n\n\n\n<figure class=\"wp-block-image size-full\"><img decoding=\"async\" src=\"https:\/\/www.agilelabs.co.za\/wp-content\/uploads\/2021\/08\/ProCaleViewFlow.jpg\" alt=\"\" class=\"wp-image-11605\"\/><\/figure>\n\n\n\n<p><strong>Utilidad Documenting Calibrator<\/strong><\/p>\n\n\n\n<p>Con ProCalv5, los t\u00e9cnicos pueden cargar \/ descargar calibradores de documentaci\u00f3n en el campo fuera de l\u00ednea. Al utilizar un calibrador de campo de documentaci\u00f3n, como un Fluke 754, est\u00e1 asegurando la calidad de los resultados de la calibraci\u00f3n y que no haya errores causados por la escritura a mano de los resultados.<\/p>\n\n\n\n<p>Actualmente, ProCalV5 y ProCal Direct<strong>*<\/strong> apoya:<\/p>\n\n\n\n<ul class=\"wp-block-list\"><li><strong>Casualidad<\/strong>- Series 74X y 75X, 729<\/li><li><strong>Honeywell<\/strong>- 2020<\/li><li><strong>Martel \/ Beta<\/strong>- MasterCAL 990<\/li><\/ul>\n\n\n\n<p><strong>*<\/strong> Ciertos modelos requieren <a href=\"https:\/\/www.agilelabs.co.za\/es\/2021\/08\/24\/devicesync-utility\/\" data-type=\"post\" data-id=\"11583\">DeviceSync<\/a><\/p>\n\n\n\n<figure class=\"wp-block-image size-full\"><img decoding=\"async\" src=\"https:\/\/www.agilelabs.co.za\/wp-content\/uploads\/2021\/08\/Documenting-Calibrator-Utility.jpg\" alt=\"\" class=\"wp-image-11606\"\/><\/figure>\n\n\n\n<p><strong>DeviceSync (interfaz del calibrador de documentaci\u00f3n)<\/strong><\/p>\n\n\n\n<p>El sistema ProCal DeviceSync permite una transferencia de datos r\u00e1pida y segura de etiquetas descargadas y resultados cargados hacia y desde su sistema ProCal con usuarios de cualquier parte del mundo. Un complemento perfecto para un SaaS o una implementaci\u00f3n de ProCal en toda la empresa, los usuarios pueden realizar calibraciones y obtener resultados m\u00e1s r\u00e1pido que nunca. Para obtener m\u00e1s informaci\u00f3n y ver pantallas.<\/p>\n\n\n\n<figure class=\"wp-block-image size-large\"><img decoding=\"async\" src=\"https:\/\/www.agilelabs.co.za\/wp-content\/uploads\/2021\/08\/DeviceSyncTags2-1024x625.jpg\" alt=\"\" class=\"wp-image-11607\"\/><\/figure>\n\n\n\n<p><strong>Estaci\u00f3n de trabajo m\u00f3vil (licencias sin conexi\u00f3n para PC o tabletas)<\/strong><\/p>\n\n\n\n<p>La estaci\u00f3n de trabajo m\u00f3vil permite la importaci\u00f3n y exportaci\u00f3n de informaci\u00f3n entre su base de datos de producci\u00f3n y su base de datos fuera de l\u00ednea. Los resultados de calibraci\u00f3n y mantenimiento ingresados en el campo se cargan f\u00e1cilmente mediante transferencias por lotes.<\/p>\n\n\n<div class=\"wp-block-image\">\n<figure class=\"aligncenter size-full is-resized\"><img decoding=\"async\" src=\"https:\/\/www.agilelabs.co.za\/wp-content\/uploads\/2021\/08\/ProCalV5-Desktop-Laptop-Tablet-Software.jpg\" alt=\"\" class=\"wp-image-11608\" width=\"804\" height=\"767\"\/><\/figure><\/div>","protected":false},"excerpt":{"rendered":"<p>Adding Value to your Calibration Software There are multiple software options available to support the unique asset management requirements for individual company or industry needs. Among the most prevalent options are the ones list below. To view more, contact us for a features EBook. Preventive Maintenance\/Work Order ProCalV5 allows you to create Preventive Maintenance (PM)<\/p>\n<p class=\"more-link\"><a href=\"https:\/\/www.agilelabs.co.za\/es\/software-options\/\" class=\"themebutton\">Lee mas<\/a><\/p>","protected":false},"author":1,"featured_media":0,"parent":0,"menu_order":0,"comment_status":"closed","ping_status":"closed","template":"","meta":{"_acf_changed":false,"_monsterinsights_skip_tracking":false,"_monsterinsights_sitenote_active":false,"_monsterinsights_sitenote_note":"","_monsterinsights_sitenote_category":0,"footnotes":""},"categories":[],"tags":[],"class_list":["post-11603","page","type-page","status-publish","hentry"],"acf":[],"aioseo_notices":[],"aioseo_head":"\n\t\t<!-- All in One SEO Pro 4.7.0 - aioseo.com -->\n\t\t<meta name=\"description\" content=\"Adding Value to your Calibration Software There are multiple software options available to support the unique asset management requirements for individual company or industry needs. Among the most prevalent options are the ones list below. To view more, contact us for a features EBook. Preventive Maintenance\/Work Order ProCalV5 allows you to create Preventive Maintenance (PM)\" \/>\n\t\t<meta name=\"robots\" content=\"max-image-preview:large\" \/>\n\t\t<meta name=\"google-site-verification\" content=\"Nku-_1g-wtMYqihMzrUWbm5pdgO5gPY2D7l1ya5YPAU\" \/>\n\t\t<meta name=\"msvalidate.01\" content=\"9fc30828a433413eb7b3b5d32174774f\" \/>\n\t\t<meta name=\"yandex-verification\" content=\"c2122235dabe51e3\" \/>\n\t\t<link rel=\"canonical\" href=\"https:\/\/www.agilelabs.co.za\/es\/software-options\/\" \/>\n\t\t<meta name=\"generator\" content=\"All in One SEO Pro (AIOSEO) 4.7.0\" \/>\n\t\t<meta property=\"og:locale\" content=\"es_ES\" \/>\n\t\t<meta property=\"og:site_name\" content=\"Agile Labs - Industry and laboratory software solutions\" \/>\n\t\t<meta property=\"og:type\" content=\"article\" \/>\n\t\t<meta property=\"og:title\" content=\"Software Options - Agile Labs\" \/>\n\t\t<meta property=\"og:description\" content=\"Adding Value to your Calibration Software There are multiple software options available to support the unique asset management requirements for individual company or industry needs. Among the most prevalent options are the ones list below. To view more, contact us for a features EBook. Preventive Maintenance\/Work Order ProCalV5 allows you to create Preventive Maintenance (PM)\" \/>\n\t\t<meta property=\"og:url\" content=\"https:\/\/www.agilelabs.co.za\/es\/software-options\/\" \/>\n\t\t<meta property=\"og:image\" content=\"https:\/\/www.agilelabs.co.za\/wp-content\/uploads\/2021\/08\/TwitterLogo.png?wsr\" \/>\n\t\t<meta property=\"og:image:secure_url\" content=\"https:\/\/www.agilelabs.co.za\/wp-content\/uploads\/2021\/08\/TwitterLogo.png?wsr\" \/>\n\t\t<meta property=\"og:image:width\" content=\"189\" \/>\n\t\t<meta property=\"og:image:height\" content=\"168\" \/>\n\t\t<meta property=\"article:published_time\" content=\"2021-08-22T10:04:15+00:00\" \/>\n\t\t<meta property=\"article:modified_time\" content=\"2022-06-24T10:46:26+00:00\" \/>\n\t\t<meta property=\"article:publisher\" content=\"https:\/\/www.facebook.com\/AgileLabsTeam\" \/>\n\t\t<meta property=\"article:author\" content=\"https:\/\/www.facebook.com\/AgileLabsTeam\" \/>\n\t\t<meta name=\"twitter:card\" content=\"summary\" \/>\n\t\t<meta name=\"twitter:site\" content=\"@InfoAgileLabs\" \/>\n\t\t<meta name=\"twitter:title\" content=\"Software Options - Agile Labs\" \/>\n\t\t<meta name=\"twitter:description\" content=\"Adding Value to your Calibration Software There are multiple software options available to support the unique asset management requirements for individual company or industry needs. Among the most prevalent options are the ones list below. To view more, contact us for a features EBook. Preventive Maintenance\/Work Order ProCalV5 allows you to create Preventive Maintenance (PM)\" \/>\n\t\t<meta name=\"twitter:creator\" content=\"@InfoAgileLabs\" \/>\n\t\t<meta name=\"twitter:image\" content=\"https:\/\/www.agilelabs.co.za\/wp-content\/uploads\/2021\/08\/TwitterLogo.png?wsr\" \/>\n\t\t<script type=\"application\/ld+json\" class=\"aioseo-schema\">\n\t\t\t{\"@context\":\"https:\\\/\\\/schema.org\",\"@graph\":[{\"@type\":\"BreadcrumbList\",\"@id\":\"https:\\\/\\\/www.agilelabs.co.za\\\/es\\\/software-options\\\/#breadcrumblist\",\"itemListElement\":[{\"@type\":\"ListItem\",\"@id\":\"https:\\\/\\\/www.agilelabs.co.za\\\/es\\\/#listItem\",\"position\":1,\"name\":\"Home\",\"item\":\"https:\\\/\\\/www.agilelabs.co.za\\\/es\\\/\",\"nextItem\":\"https:\\\/\\\/www.agilelabs.co.za\\\/es\\\/software-options\\\/#listItem\"},{\"@type\":\"ListItem\",\"@id\":\"https:\\\/\\\/www.agilelabs.co.za\\\/es\\\/software-options\\\/#listItem\",\"position\":2,\"name\":\"Software Options\",\"previousItem\":\"https:\\\/\\\/www.agilelabs.co.za\\\/es\\\/#listItem\"}]},{\"@type\":\"Organization\",\"@id\":\"https:\\\/\\\/www.agilelabs.co.za\\\/es\\\/#organization\",\"name\":\"Agile Labs\",\"url\":\"https:\\\/\\\/www.agilelabs.co.za\\\/es\\\/\",\"logo\":{\"@type\":\"ImageObject\",\"url\":\"https:\\\/\\\/www.agilelabs.co.za\\\/wp-content\\\/uploads\\\/2021\\\/08\\\/LogoTransparant.gif?wsr\",\"@id\":\"https:\\\/\\\/www.agilelabs.co.za\\\/es\\\/software-options\\\/#organizationLogo\",\"width\":125,\"height\":113},\"image\":{\"@id\":\"https:\\\/\\\/www.agilelabs.co.za\\\/es\\\/software-options\\\/#organizationLogo\"},\"sameAs\":[\"https:\\\/\\\/www.facebook.com\\\/AgileLabsTeam\",\"https:\\\/\\\/twitter.com\\\/InfoAgileLabs\"]},{\"@type\":\"WebPage\",\"@id\":\"https:\\\/\\\/www.agilelabs.co.za\\\/es\\\/software-options\\\/#webpage\",\"url\":\"https:\\\/\\\/www.agilelabs.co.za\\\/es\\\/software-options\\\/\",\"name\":\"Software Options - Agile Labs\",\"description\":\"Adding Value to your Calibration Software There are multiple software options available to support the unique asset management requirements for individual company or industry needs. Among the most prevalent options are the ones list below. To view more, contact us for a features EBook. Preventive Maintenance\\\/Work Order ProCalV5 allows you to create Preventive Maintenance (PM)\",\"inLanguage\":\"es-ES\",\"isPartOf\":{\"@id\":\"https:\\\/\\\/www.agilelabs.co.za\\\/es\\\/#website\"},\"breadcrumb\":{\"@id\":\"https:\\\/\\\/www.agilelabs.co.za\\\/es\\\/software-options\\\/#breadcrumblist\"},\"datePublished\":\"2021-08-22T12:04:15+02:00\",\"dateModified\":\"2022-06-24T12:46:26+02:00\"},{\"@type\":\"WebSite\",\"@id\":\"https:\\\/\\\/www.agilelabs.co.za\\\/es\\\/#website\",\"url\":\"https:\\\/\\\/www.agilelabs.co.za\\\/es\\\/\",\"name\":\"Agile Labs\",\"description\":\"Industry and laboratory software solutions\",\"inLanguage\":\"es-ES\",\"publisher\":{\"@id\":\"https:\\\/\\\/www.agilelabs.co.za\\\/es\\\/#organization\"}}]}\n\t\t<\/script>\n\t\t<script type=\"text\/javascript\">\n\t\t\t(function(c,l,a,r,i,t,y){\n\t\t\tc[a]=c[a]||function(){(c[a].q=c[a].q||[]).push(arguments)};t=l.createElement(r);t.async=1;\n\t\t\tt.src=\"https:\/\/www.clarity.ms\/tag\/\"+i+\"?ref=aioseo\";y=l.getElementsByTagName(r)[0];y.parentNode.insertBefore(t,y);\n\t\t})(window, document, \"clarity\", \"script\", \"b88vlc75di\");\n\t\t<\/script>\n\t\t<!-- All in One SEO Pro -->\r\n\t\t<title>Software Options - Agile Labs<\/title>\n\n","aioseo_head_json":{"title":"Software Options - Agile Labs","description":"Adding Value to your Calibration Software There are multiple software options available to support the unique asset management requirements for individual company or industry needs. Among the most prevalent options are the ones list below. To view more, contact us for a features EBook. Preventive Maintenance\/Work Order ProCalV5 allows you to create Preventive Maintenance (PM)","canonical_url":"https:\/\/www.agilelabs.co.za\/es\/software-options\/","robots":"max-image-preview:large","keywords":"","webmasterTools":{"google-site-verification":"Nku-_1g-wtMYqihMzrUWbm5pdgO5gPY2D7l1ya5YPAU","msvalidate.01":"9fc30828a433413eb7b3b5d32174774f","yandex-verification":"c2122235dabe51e3","miscellaneous":""},"og:locale":"es_ES","og:site_name":"Agile Labs - Industry and laboratory software solutions","og:type":"article","og:title":"Software Options - Agile Labs","og:description":"Adding Value to your Calibration Software There are multiple software options available to support the unique asset management requirements for individual company or industry needs. Among the most prevalent options are the ones list below. To view more, contact us for a features EBook. Preventive Maintenance\/Work Order ProCalV5 allows you to create Preventive Maintenance (PM)","og:url":"https:\/\/www.agilelabs.co.za\/es\/software-options\/","og:image":"https:\/\/www.agilelabs.co.za\/wp-content\/uploads\/2021\/08\/TwitterLogo.png?wsr","og:image:secure_url":"https:\/\/www.agilelabs.co.za\/wp-content\/uploads\/2021\/08\/TwitterLogo.png?wsr","og:image:width":189,"og:image:height":168,"article:published_time":"2021-08-22T10:04:15+00:00","article:modified_time":"2022-06-24T10:46:26+00:00","article:publisher":"https:\/\/www.facebook.com\/AgileLabsTeam","article:author":"https:\/\/www.facebook.com\/AgileLabsTeam","twitter:card":"summary","twitter:site":"@InfoAgileLabs","twitter:title":"Software Options - Agile Labs","twitter:description":"Adding Value to your Calibration Software There are multiple software options available to support the unique asset management requirements for individual company or industry needs. Among the most prevalent options are the ones list below. To view more, contact us for a features EBook. Preventive Maintenance\/Work Order ProCalV5 allows you to create Preventive Maintenance (PM)","twitter:creator":"@InfoAgileLabs","twitter:image":"https:\/\/www.agilelabs.co.za\/wp-content\/uploads\/2021\/08\/TwitterLogo.png?wsr","schema":{"@context":"https:\/\/schema.org","@graph":[{"@type":"BreadcrumbList","@id":"https:\/\/www.agilelabs.co.za\/es\/software-options\/#breadcrumblist","itemListElement":[{"@type":"ListItem","@id":"https:\/\/www.agilelabs.co.za\/es\/#listItem","position":1,"name":"Home","item":"https:\/\/www.agilelabs.co.za\/es\/","nextItem":"https:\/\/www.agilelabs.co.za\/es\/software-options\/#listItem"},{"@type":"ListItem","@id":"https:\/\/www.agilelabs.co.za\/es\/software-options\/#listItem","position":2,"name":"Software Options","previousItem":"https:\/\/www.agilelabs.co.za\/es\/#listItem"}]},{"@type":"Organization","@id":"https:\/\/www.agilelabs.co.za\/es\/#organization","name":"Agile Labs","url":"https:\/\/www.agilelabs.co.za\/es\/","logo":{"@type":"ImageObject","url":"https:\/\/www.agilelabs.co.za\/wp-content\/uploads\/2021\/08\/LogoTransparant.gif?wsr","@id":"https:\/\/www.agilelabs.co.za\/es\/software-options\/#organizationLogo","width":125,"height":113},"image":{"@id":"https:\/\/www.agilelabs.co.za\/es\/software-options\/#organizationLogo"},"sameAs":["https:\/\/www.facebook.com\/AgileLabsTeam","https:\/\/twitter.com\/InfoAgileLabs"]},{"@type":"WebPage","@id":"https:\/\/www.agilelabs.co.za\/es\/software-options\/#webpage","url":"https:\/\/www.agilelabs.co.za\/es\/software-options\/","name":"Software Options - Agile Labs","description":"Adding Value to your Calibration Software There are multiple software options available to support the unique asset management requirements for individual company or industry needs. Among the most prevalent options are the ones list below. To view more, contact us for a features EBook. Preventive Maintenance\/Work Order ProCalV5 allows you to create Preventive Maintenance (PM)","inLanguage":"es-ES","isPartOf":{"@id":"https:\/\/www.agilelabs.co.za\/es\/#website"},"breadcrumb":{"@id":"https:\/\/www.agilelabs.co.za\/es\/software-options\/#breadcrumblist"},"datePublished":"2021-08-22T12:04:15+02:00","dateModified":"2022-06-24T12:46:26+02:00"},{"@type":"WebSite","@id":"https:\/\/www.agilelabs.co.za\/es\/#website","url":"https:\/\/www.agilelabs.co.za\/es\/","name":"Agile Labs","description":"Industry and laboratory software solutions","inLanguage":"es-ES","publisher":{"@id":"https:\/\/www.agilelabs.co.za\/es\/#organization"}}]}},"aioseo_meta_data":{"post_id":"11603","title":null,"description":null,"keywords":"[]","keyphrases":"{\"focus\":{\"keyphrase\":\"\",\"score\":0,\"analysis\":{\"keyphraseInTitle\":{\"score\":0,\"maxScore\":9,\"error\":1}}},\"additional\":[]}","primary_term":null,"canonical_url":null,"og_title":null,"og_description":null,"og_object_type":"default","og_image_type":"default","og_image_url":null,"og_image_width":null,"og_image_height":null,"og_image_custom_url":null,"og_image_custom_fields":null,"og_video":"","og_custom_url":null,"og_article_section":null,"og_article_tags":"[]","twitter_use_og":false,"twitter_card":"default","twitter_image_type":"default","twitter_image_url":null,"twitter_image_custom_url":null,"twitter_image_custom_fields":null,"twitter_title":null,"twitter_description":null,"schema":{"blockGraphs":[],"customGraphs":[],"default":{"data":{"Article":[],"Course":[],"Dataset":[],"FAQPage":[],"Movie":[],"Person":[],"Product":[],"Recipe":[],"Service":[],"SoftwareApplication":[],"WebPage":[]},"graphName":"","isEnabled":true},"graphs":[]},"schema_type":"default","schema_type_options":"{\"article\":{\"articleType\":\"BlogPosting\"},\"course\":{\"name\":\"\",\"description\":\"\",\"provider\":\"\"},\"faq\":{\"pages\":[]},\"product\":{\"reviews\":[]},\"recipe\":{\"ingredients\":[],\"instructions\":[],\"keywords\":[]},\"software\":{\"reviews\":[],\"operatingSystems\":[]},\"webPage\":{\"webPageType\":\"WebPage\"}}","pillar_content":false,"robots_default":true,"robots_noindex":false,"robots_noarchive":false,"robots_nosnippet":false,"robots_nofollow":false,"robots_noimageindex":false,"robots_noodp":false,"robots_notranslate":false,"robots_max_snippet":"-1","robots_max_videopreview":"-1","robots_max_imagepreview":"large","priority":null,"frequency":"default","local_seo":null,"limit_modified_date":false,"open_ai":null,"created":"2022-02-09 02:39:01","updated":"2022-09-13 21:13:05"},"_links":{"self":[{"href":"https:\/\/www.agilelabs.co.za\/es\/wp-json\/wp\/v2\/pages\/11603","targetHints":{"allow":["GET"]}}],"collection":[{"href":"https:\/\/www.agilelabs.co.za\/es\/wp-json\/wp\/v2\/pages"}],"about":[{"href":"https:\/\/www.agilelabs.co.za\/es\/wp-json\/wp\/v2\/types\/page"}],"author":[{"embeddable":true,"href":"https:\/\/www.agilelabs.co.za\/es\/wp-json\/wp\/v2\/users\/1"}],"replies":[{"embeddable":true,"href":"https:\/\/www.agilelabs.co.za\/es\/wp-json\/wp\/v2\/comments?post=11603"}],"version-history":[{"count":0,"href":"https:\/\/www.agilelabs.co.za\/es\/wp-json\/wp\/v2\/pages\/11603\/revisions"}],"wp:attachment":[{"href":"https:\/\/www.agilelabs.co.za\/es\/wp-json\/wp\/v2\/media?parent=11603"}],"wp:term":[{"taxonomy":"category","embeddable":true,"href":"https:\/\/www.agilelabs.co.za\/es\/wp-json\/wp\/v2\/categories?post=11603"},{"taxonomy":"post_tag","embeddable":true,"href":"https:\/\/www.agilelabs.co.za\/es\/wp-json\/wp\/v2\/tags?post=11603"}],"curies":[{"name":"wp","href":"https:\/\/api.w.org\/{rel}","templated":true}]}}